{"id":10,"date":"2022-01-06T11:08:25","date_gmt":"2022-01-06T11:08:25","guid":{"rendered":"https:\/\/ppidllp.wpenginepowered.com\/?page_id=10"},"modified":"2026-04-27T16:04:17","modified_gmt":"2026-04-27T16:04:17","slug":"home","status":"publish","type":"page","link":"https:\/\/ppid.com\/es\/","title":{"rendered":"Inicio"},"content":{"rendered":"","protected":false},"excerpt":{"rendered":"","protected":false},"author":1,"featured_media":0,"parent":0,"menu_order":0,"comment_status":"closed","ping_status":"closed","template":"","meta":{"_acf_changed":false,"footnotes":""},"class_list":["post-10","page","type-page","status-publish","hentry","entry"],"acf":[],"yoast_head":"<!-- This site is optimized with the Yoast SEO Premium plugin v26.8 (Yoast SEO v26.8) - https:\/\/yoast.com\/product\/yoast-seo-premium-wordpress\/ -->\n<title>New York Immigration Lawyer &amp; Law Firm - PPID<\/title>\n<meta name=\"description\" content=\"In need of a New York Immigration Lawyer? Trust PPID for expert guidance and a skilled consultation to navigate your immigration journey with confidence.\" \/>\n<meta name=\"robots\" content=\"index, follow, max-snippet:-1, max-image-preview:large, max-video-preview:-1\" \/>\n<link rel=\"canonical\" href=\"https:\/\/ppid.com\/es\/\" \/>\n<meta property=\"og:locale\" content=\"es_MX\" \/>\n<meta property=\"og:type\" content=\"article\" \/>\n<meta property=\"og:title\" content=\"Home\" \/>\n<meta property=\"og:description\" content=\"In need of a New York Immigration Lawyer? Trust PPID for expert guidance and a skilled consultation to navigate your immigration journey with confidence.\" \/>\n<meta property=\"og:url\" content=\"https:\/\/ppid.com\/es\/\" \/>\n<meta property=\"og:site_name\" content=\"Pollack, Pollack, Isaac &amp; DeCicco, LLP\" \/>\n<meta property=\"article:modified_time\" content=\"2026-04-27T16:04:17+00:00\" \/>\n<meta name=\"twitter:card\" content=\"summary_large_image\" \/>\n<!-- \/ Yoast SEO Premium plugin. -->","yoast_head_json":{"title":"New York Immigration Lawyer &amp; Law Firm - PPID","description":"\u00bfNecesita un abogado de inmigraci\u00f3n New York? Conf\u00ede en PPID para una orientaci\u00f3n experta y una consulta calificada para navegar su viaje de inmigraci\u00f3n con confianza.","robots":{"index":"index","follow":"follow","max-snippet":"max-snippet:-1","max-image-preview":"max-image-preview:large","max-video-preview":"max-video-preview:-1"},"canonical":"https:\/\/ppid.com\/es\/","og_locale":"es_MX","og_type":"article","og_title":"Home","og_description":"In need of a New York Immigration Lawyer? Trust PPID for expert guidance and a skilled consultation to navigate your immigration journey with confidence.","og_url":"https:\/\/ppid.com\/es\/","og_site_name":"Pollack, Pollack, Isaac &amp; DeCicco, LLP","article_modified_time":"2026-04-27T16:04:17+00:00","twitter_card":"summary_large_image","schema":{"@context":"https:\/\/schema.org","@graph":[{"@type":"WebPage","@id":"https:\/\/ppid.com\/","url":"https:\/\/ppid.com\/","name":"New York Immigration Lawyer &amp; Law Firm - PPID","isPartOf":{"@id":"https:\/\/ppid.com\/#website"},"datePublished":"2022-01-06T11:08:25+00:00","dateModified":"2026-04-27T16:04:17+00:00","description":"\u00bfNecesita un abogado de inmigraci\u00f3n New York? Conf\u00ede en PPID para una orientaci\u00f3n experta y una consulta calificada para navegar su viaje de inmigraci\u00f3n con confianza.","breadcrumb":{"@id":"https:\/\/ppid.com\/#breadcrumb"},"inLanguage":"es","potentialAction":[{"@type":"ReadAction","target":["https:\/\/ppid.com\/"]}]},{"@type":"BreadcrumbList","@id":"https:\/\/ppid.com\/#breadcrumb","itemListElement":[{"@type":"ListItem","position":1,"name":"Home","item":"https:\/\/ppid.com\/"},{"@type":"ListItem","position":2,"name":"Home"}]},{"@type":"WebSite","@id":"https:\/\/ppid.com\/#website","url":"https:\/\/ppid.com\/","name":"Pollack, Pollack, Isaac &amp; DeCicco, LLP","description":"","potentialAction":[{"@type":"SearchAction","target":{"@type":"EntryPoint","urlTemplate":"https:\/\/ppid.com\/?s={search_term_string}"},"query-input":{"@type":"PropertyValueSpecification","valueRequired":true,"valueName":"search_term_string"}}],"inLanguage":"es"}]}},"_links":{"self":[{"href":"https:\/\/ppid.com\/es\/wp-json\/wp\/v2\/pages\/10","targetHints":{"allow":["GET"]}}],"collection":[{"href":"https:\/\/ppid.com\/es\/wp-json\/wp\/v2\/pages"}],"about":[{"href":"https:\/\/ppid.com\/es\/wp-json\/wp\/v2\/types\/page"}],"author":[{"embeddable":true,"href":"https:\/\/ppid.com\/es\/wp-json\/wp\/v2\/users\/1"}],"replies":[{"embeddable":true,"href":"https:\/\/ppid.com\/es\/wp-json\/wp\/v2\/comments?post=10"}],"version-history":[{"count":0,"href":"https:\/\/ppid.com\/es\/wp-json\/wp\/v2\/pages\/10\/revisions"}],"wp:attachment":[{"href":"https:\/\/ppid.com\/es\/wp-json\/wp\/v2\/media?parent=10"}],"curies":[{"name":"wp","href":"https:\/\/api.w.org\/{rel}","templated":true}]}}