{"id":11,"date":"2022-01-06T11:08:30","date_gmt":"2022-01-06T11:08:30","guid":{"rendered":"https:\/\/ppidllp.wpenginepowered.com\/?page_id=11"},"modified":"2025-02-06T17:58:22","modified_gmt":"2025-02-06T17:58:22","slug":"firm","status":"publish","type":"page","link":"https:\/\/ppid.com\/es\/firm\/","title":{"rendered":"Qui\u00e9nes somos"},"content":{"rendered":"<h3>Nuestra empresa<\/h3>\n<p>Pollack, Pollack, Isaac &amp; DeCicco es un bufete de New York de servicio completo que ha guiado a sus clientes por m\u00e1s de 60 a\u00f1os. Somos uno de los bufetes de abogados de inmigraci\u00f3n m\u00e1s antiguos de New York.<br \/>\nEstamos reconocidos como uno de los \"Mejores bufetes de abogados\" en New York City por U.S. News and World Report - Best Lawyers\u00ae. Tenemos oficinas en Manhattan y Peekskill, New York.<\/p>\n<p>La satisfacci\u00f3n del cliente es la piedra angular de nuestra pr\u00e1ctica.<br \/>\nPPID fue fundada en la Ley de Inmigraci\u00f3n y ha crecido para ofrecer un conjunto completo de servicios legales. Nuestro experimentado equipo legal navega los casos de inmigraci\u00f3n m\u00e1s complicados - de principio a fin.<\/p>\n<p><a href=\"https:\/\/ppid.com\/es\/nyc-immigration-lawyer\/\" target=\"_self\" rel=\"noopener\" data-hover=\"icon_slide\"><span class=\"fusion-button-text\">M\u00e1s informaci\u00f3n sobre nuestra pr\u00e1ctica de Derecho de Inmigraci\u00f3n.<\/span><\/a><\/p>\n<div class=\"hmattorney-sec\">\n<div class=\"foundation-partner\">\n<div class=\"fdtn-rgt-item\">\n<div class=\"attrny-item\">\n<div class=\"attrny-img\"><img loading=\"lazy\" decoding=\"async\" src=\"https:\/\/ppid.com\/wp-content\/uploads\/2024\/12\/pollack-img.webp\" alt=\"pollack-img\" width=\"353\" height=\"283\" \/><\/div>\n<div class=\"attrny-cnt\">\n<h6>Conrad Pollack<\/h6>\n<p>Socio Director <strong>Inmigraci\u00f3n<\/strong><\/p>\n<\/div>\n<div><a class=\"hover\" href=\"https:\/\/ppid.com\/es\/attorney\/conrad-pollack-esq\/\">abogado<\/a><\/div>\n<\/div>\n<div class=\"attrny-item\">\n<div class=\"attrny-img\"><img loading=\"lazy\" decoding=\"async\" src=\"https:\/\/ppid.com\/wp-content\/uploads\/2024\/12\/isaac.webp\" alt=\"isaac\" width=\"385\" height=\"283\" \/><\/div>\n<div class=\"attrny-cnt\">\n<h6>Brian J. Isaac<\/h6>\n<p>Socio<strong> Litigios<\/strong><\/p>\n<\/div>\n<div><a class=\"hover\" href=\"https:\/\/ppid.com\/es\/attorney\/brian-j-isaac-esq\/\">abogado<\/a><\/div>\n<\/div>\n<div class=\"attrny-item\">\n<div class=\"attrny-img\"><img loading=\"lazy\" decoding=\"async\" src=\"https:\/\/ppid.com\/wp-content\/uploads\/2024\/12\/decicco.webp\" alt=\"decicco\" width=\"385\" height=\"363\" \/><\/div>\n<div class=\"attrny-cnt\">\n<h6>Fred A. Decicco<\/h6>\n<p>Socio <strong> Inmobiliario<\/strong><\/p>\n<\/div>\n<div><a class=\"hover\" href=\"https:\/\/ppid.com\/es\/attorney\/fred-a-decicco-esq\/\">abogado<\/a><\/div>\n<\/div>\n<\/div>\n<\/div>\n<h3>Servicio jur\u00eddico excepcional en su idioma<\/h3>\n<p>Hablamos espa\u00f1ol, chino, b\u00falgaro, ruso, hindi, punjabi y mucho m\u00e1s. Vamos m\u00e1s all\u00e1 para asegurarnos de que el idioma nunca sea una barrera entre nosotros y nuestros clientes.<\/p>\n<p>En PPID, no s\u00f3lo obtendr\u00e1 ayuda jur\u00eddica, sino tambi\u00e9n un equipo que valora la inclusi\u00f3n y se compromete a ofrecerle una experiencia personalizada, independientemente del idioma que hable.<\/p>\n<div class=\"foundation-partner legal\">\n<div class=\"attrny-item\">\n<div class=\"attrny-img\"><img loading=\"lazy\" decoding=\"async\" src=\"https:\/\/ppid.com\/wp-content\/uploads\/2024\/12\/handler.webp\" alt=\"handler\" width=\"300\" height=\"283\" \/><\/div>\n<div class=\"attrny-cnt\">\n<h6>Adam S. Handler<\/h6>\n<p>Socio<strong> Da\u00f1os corporales<\/strong><\/p>\n<\/div>\n<div><a class=\"hover\" href=\"https:\/\/ppid.com\/es\/attorney\/adam-s-handler-esq\/\">abogado<\/a><\/div>\n<\/div>\n<div class=\"attrny-item\">\n<div class=\"attrny-img\"><img loading=\"lazy\" decoding=\"async\" src=\"https:\/\/ppid.com\/wp-content\/uploads\/2024\/12\/rosen.webp\" alt=\"rosen\" width=\"300\" height=\"283\" \/><\/div>\n<div class=\"attrny-cnt\">\n<h6>Jillian Rosen<\/h6>\n<p>Socio <strong> Litigios<\/strong><\/p>\n<\/div>\n<div><a class=\"hover\" href=\"https:\/\/ppid.com\/es\/attorney\/jillian-rosen-esq\/\">abogado<\/a><\/div>\n<\/div>\n<div class=\"attrny-item\">\n<div class=\"attrny-img\"><img loading=\"lazy\" decoding=\"async\" src=\"https:\/\/ppid.com\/wp-content\/uploads\/2024\/12\/susan.webp\" alt=\"susan\" width=\"300\" height=\"283\" \/><\/div>\n<div class=\"attrny-cnt\">\n<h6>Susan Oh<\/h6>\n<p>Socio <strong> Inmobiliario<\/strong><\/p>\n<\/div>\n<div><a class=\"hover\" href=\"https:\/\/ppid.com\/es\/attorney\/susan-oh-esq\/\">abogado<\/a><\/div>\n<\/div>\n<div class=\"attrny-item\">\n<div class=\"attrny-img\"><img decoding=\"async\" src=\"https:\/\/ppid.com\/wp-content\/uploads\/2024\/12\/marido-1.webp\" alt=\"marido-1\" \/><\/div>\n<div class=\"attrny-cnt\">\n<h6>Nelson A. Madrid<\/h6>\n<p>Socio <strong> Inmigraci\u00f3n <\/strong><\/p>\n<\/div>\n<div><a class=\"hover\" href=\"https:\/\/ppid.com\/es\/attorney\/nelson-a-madrid-esq\/\">abogado<\/a><\/div>\n<\/div>\n<\/div>\n<\/div>\n<div class=\"innr-pg-btn\"><a class=\"cmn-btn\" href=\"https:\/\/ppid.com\/es\/attorney\/\">Ver todos los socios y abogados<\/a><\/div>","protected":false},"excerpt":{"rendered":"<p>Our Firm Pollack, Pollack, Isaac &amp; DeCicco is a New York full-service law firm guiding clients for over 60 years. We\u2019re one of the oldest Immigration Law firms in New York. We\u2019re recognized as one of the \u201cBest Law Firms\u201d in New York City by U.S. News and World Report \u2013 Best Lawyers\u00ae. We have &hellip; <\/p>\n<p class=\"link-more\"><a href=\"https:\/\/ppid.com\/es\/firm\/\" class=\"more-link\">Seguir leyendo<span class=\"screen-reader-text\"> &#8220;About Us&#8221;<\/span><\/a><\/p>","protected":false},"author":1,"featured_media":0,"parent":0,"menu_order":0,"comment_status":"closed","ping_status":"closed","template":"","meta":{"_acf_changed":false,"footnotes":""},"class_list":["post-11","page","type-page","status-publish","hentry","entry"],"acf":[],"yoast_head":"<!-- This site is optimized with the Yoast SEO Premium plugin v26.8 (Yoast SEO v26.8) - https:\/\/yoast.com\/product\/yoast-seo-premium-wordpress\/ -->\n<title>Firm - PPID Law<\/title>\n<meta name=\"description\" content=\"PPID is a New York Full-service Law Firm. Immigration, Personal Injury, Real Estate, Litigation. Schedule a consultation.\" \/>\n<meta name=\"robots\" content=\"index, follow, max-snippet:-1, max-image-preview:large, max-video-preview:-1\" \/>\n<link rel=\"canonical\" href=\"https:\/\/ppid.com\/es\/firm\/\" \/>\n<meta property=\"og:locale\" content=\"es_MX\" \/>\n<meta property=\"og:type\" content=\"article\" \/>\n<meta property=\"og:title\" content=\"About Us\" \/>\n<meta property=\"og:description\" content=\"PPID is a New York Full-service Law Firm. Immigration, Personal Injury, Real Estate, Litigation. Schedule a consultation.\" \/>\n<meta property=\"og:url\" content=\"https:\/\/ppid.com\/es\/firm\/\" \/>\n<meta property=\"og:site_name\" content=\"Pollack, Pollack, Isaac &amp; DeCicco, LLP\" \/>\n<meta property=\"article:modified_time\" content=\"2025-02-06T17:58:22+00:00\" \/>\n<meta property=\"og:image\" content=\"https:\/\/ppid.com\/wp-content\/uploads\/2024\/12\/pollack-img.webp\" \/>\n<meta name=\"twitter:card\" content=\"summary_large_image\" \/>\n<meta name=\"twitter:label1\" content=\"Tiempo de lectura\" \/>\n\t<meta name=\"twitter:data1\" content=\"3 minutos\" \/>\n<!-- \/ Yoast SEO Premium plugin. -->","yoast_head_json":{"title":"Empresa - PPID Law","description":"PPID es un bufete de abogados New York de servicio completo. Inmigraci\u00f3n, Lesiones Personales, Bienes Ra\u00edces, Litigios. Programar una consulta.","robots":{"index":"index","follow":"follow","max-snippet":"max-snippet:-1","max-image-preview":"max-image-preview:large","max-video-preview":"max-video-preview:-1"},"canonical":"https:\/\/ppid.com\/es\/firm\/","og_locale":"es_MX","og_type":"article","og_title":"About Us","og_description":"PPID is a New York Full-service Law Firm. Immigration, Personal Injury, Real Estate, Litigation. Schedule a consultation.","og_url":"https:\/\/ppid.com\/es\/firm\/","og_site_name":"Pollack, Pollack, Isaac &amp; DeCicco, LLP","article_modified_time":"2025-02-06T17:58:22+00:00","og_image":[{"url":"https:\/\/ppid.com\/wp-content\/uploads\/2024\/12\/pollack-img.webp","type":"","width":"","height":""}],"twitter_card":"summary_large_image","twitter_misc":{"Tiempo de lectura":"3 minutos"},"schema":{"@context":"https:\/\/schema.org","@graph":[{"@type":"WebPage","@id":"https:\/\/ppid.com\/firm\/","url":"https:\/\/ppid.com\/firm\/","name":"Empresa - PPID Law","isPartOf":{"@id":"https:\/\/ppid.com\/#website"},"primaryImageOfPage":{"@id":"https:\/\/ppid.com\/firm\/#primaryimage"},"image":{"@id":"https:\/\/ppid.com\/firm\/#primaryimage"},"thumbnailUrl":"https:\/\/ppid.com\/wp-content\/uploads\/2024\/12\/pollack-img.webp","datePublished":"2022-01-06T11:08:30+00:00","dateModified":"2025-02-06T17:58:22+00:00","description":"PPID es un bufete de abogados New York de servicio completo. Inmigraci\u00f3n, Lesiones Personales, Bienes Ra\u00edces, Litigios. Programar una consulta.","breadcrumb":{"@id":"https:\/\/ppid.com\/firm\/#breadcrumb"},"inLanguage":"es","potentialAction":[{"@type":"ReadAction","target":["https:\/\/ppid.com\/firm\/"]}]},{"@type":"ImageObject","inLanguage":"es","@id":"https:\/\/ppid.com\/firm\/#primaryimage","url":"https:\/\/ppid.com\/wp-content\/uploads\/2024\/12\/pollack-img.webp","contentUrl":"https:\/\/ppid.com\/wp-content\/uploads\/2024\/12\/pollack-img.webp"},{"@type":"BreadcrumbList","@id":"https:\/\/ppid.com\/firm\/#breadcrumb","itemListElement":[{"@type":"ListItem","position":1,"name":"Home","item":"https:\/\/ppid.com\/"},{"@type":"ListItem","position":2,"name":"About Us"}]},{"@type":"WebSite","@id":"https:\/\/ppid.com\/#website","url":"https:\/\/ppid.com\/","name":"Pollack, Pollack, Isaac &amp; DeCicco, LLP","description":"","potentialAction":[{"@type":"SearchAction","target":{"@type":"EntryPoint","urlTemplate":"https:\/\/ppid.com\/?s={search_term_string}"},"query-input":{"@type":"PropertyValueSpecification","valueRequired":true,"valueName":"search_term_string"}}],"inLanguage":"es"}]}},"_links":{"self":[{"href":"https:\/\/ppid.com\/es\/wp-json\/wp\/v2\/pages\/11","targetHints":{"allow":["GET"]}}],"collection":[{"href":"https:\/\/ppid.com\/es\/wp-json\/wp\/v2\/pages"}],"about":[{"href":"https:\/\/ppid.com\/es\/wp-json\/wp\/v2\/types\/page"}],"author":[{"embeddable":true,"href":"https:\/\/ppid.com\/es\/wp-json\/wp\/v2\/users\/1"}],"replies":[{"embeddable":true,"href":"https:\/\/ppid.com\/es\/wp-json\/wp\/v2\/comments?post=11"}],"version-history":[{"count":0,"href":"https:\/\/ppid.com\/es\/wp-json\/wp\/v2\/pages\/11\/revisions"}],"wp:attachment":[{"href":"https:\/\/ppid.com\/es\/wp-json\/wp\/v2\/media?parent=11"}],"curies":[{"name":"wp","href":"https:\/\/api.w.org\/{rel}","templated":true}]}}