{"id":1196,"date":"2024-10-03T20:33:19","date_gmt":"2024-10-03T20:33:19","guid":{"rendered":"https:\/\/ppidllp.wpenginepowered.com\/?page_id=1196"},"modified":"2025-09-15T05:43:29","modified_gmt":"2025-09-15T05:43:29","slug":"brooklyn-tn-visa-lawyer","status":"publish","type":"page","link":"https:\/\/ppid.com\/es\/brooklyn-tn-visa-lawyer\/","title":{"rendered":"Brooklyn Abogado Visado TN"},"content":{"rendered":"<div id=\"ez-toc-container\" class=\"ez-toc-v2_0_80 counter-hierarchy ez-toc-counter ez-toc-transparent ez-toc-container-direction\">\n<div class=\"ez-toc-title-container\">\n<p class=\"ez-toc-title ez-toc-toggle\" style=\"cursor:pointer\">\u00cdndice<\/p>\n<span class=\"ez-toc-title-toggle\"><a href=\"#\" class=\"ez-toc-pull-right ez-toc-btn ez-toc-btn-xs ez-toc-btn-default ez-toc-toggle\" aria-label=\"Toggle Table of Content\"><span class=\"ez-toc-js-icon-con\"><span class=\"\"><span class=\"eztoc-hide\" style=\"display:none;\">Toggle<\/span><span class=\"ez-toc-icon-toggle-span\"><svg style=\"fill: #999;color:#999\" xmlns=\"http:\/\/www.w3.org\/2000\/svg\" class=\"list-377408\" width=\"20px\" height=\"20px\" viewbox=\"0 0 24 24\" fill=\"none\"><path d=\"M6 6H4v2h2V6zm14 0H8v2h12V6zM4 11h2v2H4v-2zm16 0H8v2h12v-2zM4 16h2v2H4v-2zm16 0H8v2h12v-2z\" fill=\"currentColor\"><\/path><\/svg><svg style=\"fill: #999;color:#999\" class=\"arrow-unsorted-368013\" xmlns=\"http:\/\/www.w3.org\/2000\/svg\" width=\"10px\" height=\"10px\" viewbox=\"0 0 24 24\" version=\"1.2\" baseprofile=\"tiny\"><path d=\"M18.2 9.3l-6.2-6.3-6.2 6.3c-.2.2-.3.4-.3.7s.1.5.3.7c.2.2.4.3.7.3h11c.3 0 .5-.1.7-.3.2-.2.3-.5.3-.7s-.1-.5-.3-.7zM5.8 14.7l6.2 6.3 6.2-6.3c.2-.2.3-.5.3-.7s-.1-.5-.3-.7c-.2-.2-.4-.3-.7-.3h-11c-.3 0-.5.1-.7.3-.2.2-.3.5-.3.7s.1.5.3.7z\"\/><\/svg><\/span><\/span><\/span><\/a><\/span><\/div>\n<nav><ul class='ez-toc-list ez-toc-list-level-1 eztoc-toggle-hide-by-default' ><li class='ez-toc-page-1 ez-toc-heading-level-2'><a class=\"ez-toc-link ez-toc-heading-1\" href=\"https:\/\/ppid.com\/es\/brooklyn-tn-visa-lawyer\/#brooklyn-ny-tn-visa-attorney\" >Brooklyn, Abogado visado NY TN<\/a><\/li><li class='ez-toc-page-1 ez-toc-heading-level-2'><a class=\"ez-toc-link ez-toc-heading-2\" href=\"https:\/\/ppid.com\/es\/brooklyn-tn-visa-lawyer\/#brooklyn-tn-visas-the-basics\" >Brooklyn Visados TN: Conceptos b\u00e1sicos<\/a><\/li><li class='ez-toc-page-1 ez-toc-heading-level-2'><a class=\"ez-toc-link ez-toc-heading-3\" href=\"https:\/\/ppid.com\/es\/brooklyn-tn-visa-lawyer\/#how-a-brooklyn-tn-visa-lawyer-can-assist-your-case\" >C\u00f3mo puede ayudarle en su caso un abogado especializado en visados Brooklyn TN<\/a><\/li><li class='ez-toc-page-1 ez-toc-heading-level-2'><a class=\"ez-toc-link ez-toc-heading-4\" href=\"https:\/\/ppid.com\/es\/brooklyn-tn-visa-lawyer\/#faqs\" >Preguntas frecuentes<\/a><ul class='ez-toc-list-level-3' ><li class='ez-toc-heading-level-3'><a class=\"ez-toc-link ez-toc-heading-5\" href=\"https:\/\/ppid.com\/es\/brooklyn-tn-visa-lawyer\/#can-i-self-sponsor-a-tn-visa\" >\u00bfPuedo autofinanciar un visado TN?<\/a><\/li><li class='ez-toc-page-1 ez-toc-heading-level-3'><a class=\"ez-toc-link ez-toc-heading-6\" href=\"https:\/\/ppid.com\/es\/brooklyn-tn-visa-lawyer\/#why-would-a-tn-visa-be-denied\" >\u00bfPor qu\u00e9 se deniega un visado TN?<\/a><\/li><li class='ez-toc-page-1 ez-toc-heading-level-3'><a class=\"ez-toc-link ez-toc-heading-7\" href=\"https:\/\/ppid.com\/es\/brooklyn-tn-visa-lawyer\/#can-i-get-a-tn-visa-without-having-a-job-offer\" >\u00bfPuedo obtener un visado TN sin tener una oferta de trabajo?<\/a><\/li><li class='ez-toc-page-1 ez-toc-heading-level-3'><a class=\"ez-toc-link ez-toc-heading-8\" href=\"https:\/\/ppid.com\/es\/brooklyn-tn-visa-lawyer\/#what-is-the-90-day-rule-for-the-tn-visa\" >\u00bfQu\u00e9 es la regla de los 90 d\u00edas para el visado TN?<\/a><\/li><\/ul><\/li><li class='ez-toc-page-1 ez-toc-heading-level-2'><a class=\"ez-toc-link ez-toc-heading-9\" href=\"https:\/\/ppid.com\/es\/brooklyn-tn-visa-lawyer\/#pursue-your-economic-dreams-in-brooklyn-with-a-tn-visa-lawyer\" >Persiga sus sue\u00f1os econ\u00f3micos en Brooklyn con un abogado de visados TN<\/a><\/li><\/ul><\/nav><\/div>\n<h2><span class=\"ez-toc-section\" id=\"brooklyn-ny-tn-visa-attorney\"><\/span>Brooklyn, Abogado visado NY TN<span class=\"ez-toc-section-end\"><\/span><\/h2>\n<p><a href=\"https:\/\/ppid.com\/es\/attorney\/\">PPID Abogados<\/a> ayudar a conseguir visados TN para trabajadores no inmigrantes canadienses y mexicanos.<\/p>\n<p>El programa de visas TN es parte del hist\u00f3rico Acuerdo Estados Unidos-M\u00e9xico-Canad\u00e1 (USMCA), que permite a los profesionales canadienses y mexicanos calificados que trabajan perseguir sus objetivos de carrera en Brooklyn y en otros lugares en los EE.UU. Si usted es una empresa o individuo interesado en aprovechar el programa de visas TN, un <strong>abogado con experiencia en visados TN Brooklyn<\/strong> de <a href=\"https:\/\/ppid.com\/es\/firm\/\">Pollack, Pollack, Isaac &amp; DeCicco<\/a> est\u00e1 aqu\u00ed para apoyarle.<\/p>\n<p>Tanto las empresas como los posibles solicitantes de visados TN pueden sentirse abrumados por los complejos requisitos asociados a la obtenci\u00f3n de un visado TN. En <a href=\"https:\/\/ppid.com\/es\/brooklyn-immigration-lawyer\/\">abogado de inmigraci\u00f3n<\/a> de PPID est\u00e1 ansioso por entender los detalles de su caso y los desaf\u00edos que puede estar enfrentando. Ellos pueden ayudarle a resolver cualquier problema asociado con el procesamiento de su visa TN. Nuestra firma ha combinado d\u00e9cadas de experiencia en <a href=\"https:\/\/ppid.com\/es\/testimonials\/\">ayudar a los clientes a tener \u00e9xito<\/a> aprovechar el programa de visados TN para el \u00e9xito econ\u00f3mico.<\/p>\n<h2><span class=\"ez-toc-section\" id=\"brooklyn-tn-visas-the-basics\"><\/span>Brooklyn Visados TN: Conceptos b\u00e1sicos<span class=\"ez-toc-section-end\"><\/span><\/h2>\n<p>La visa TN es una visa de trabajo temporal, no inmigrante, para ciudadanos mexicanos y canadienses que tienen una oferta de trabajo en una ocupaci\u00f3n que cae bajo la <a href=\"https:\/\/ustr.gov\/trade-agreements\/free-trade-agreements\/united-states-mexico-canada-agreement\" target=\"_blank\" rel=\"noopener\">Acuerdo USMCA<\/a>. El proceso de solicitud es el mismo en todo Estados Unidos, incluso en <a href=\"https:\/\/en.wikipedia.org\/wiki\/Brooklyn\" target=\"_blank\" rel=\"noopener\">Brooklyn<\/a>. Los titulares de visados TN en Brooklyn y otros lugares de EE.UU. pueden trabajar en profesiones que se ajusten a los requisitos del USMCA, como profesores e ingenieros.<\/p>\n<p>Si usted es un ciudadano mexicano o canadiense que est\u00e1 ansioso por buscar oportunidades profesionales bajo el programa de visas TN, un abogado con experiencia en visas TN Brooklyn de nuestra firma est\u00e1 ansioso por apoyarlo. Tambi\u00e9n podemos ayudar a sus familiares cercanos a solicitar visas TD para que puedan venir con usted a Brooklyn mientras usted persigue sus metas profesionales.<\/p>\n<p>La obtenci\u00f3n de un visado TN para trabajar en Brooklyn o sus alrededores tiene varios requisitos asociados. Adem\u00e1s de tener una oferta de trabajo en una ocupaci\u00f3n que entre dentro de las directrices del USMCA, los solicitantes deben demostrar que tienen experiencia y formaci\u00f3n relevantes en el puesto para el que se les contrata. Adem\u00e1s, deben tener la documentaci\u00f3n adecuada, como un pasaporte v\u00e1lido, para demostrar su ciudadan\u00eda en M\u00e9xico o Canad\u00e1.<\/p>\n<h2><span class=\"ez-toc-section\" id=\"how-a-brooklyn-tn-visa-lawyer-can-assist-your-case\"><\/span>C\u00f3mo puede ayudarle en su caso un abogado especializado en visados Brooklyn TN<span class=\"ez-toc-section-end\"><\/span><\/h2>\n<p>El proceso de solicitud de visado TN es muy complejo y variado. El proceso exacto que usted tendr\u00e1 depende de factores espec\u00edficos, tales como si usted es un ciudadano mexicano o canadiense. Un experimentado Brooklyn TN visa <a href=\"https:\/\/ppid.com\/es\/attorney\/\">abogado de PPID<\/a> puede ayudarle espec\u00edficamente a lo largo de su solicitud de visado TN<\/p>\n<p>Si usted est\u00e1 solicitando una visa TN por primera vez o en busca de apoyo legal para ayudar a su empleado titular de la visa TN renovar sus documentos, un dedicado y compasivo Brooklyn TN visa abogado de nuestra firma puede proporcionarle apoyo cr\u00edtico hoy.<\/p>\n<h2><span class=\"ez-toc-section\" id=\"faqs\"><\/span>Preguntas frecuentes<span class=\"ez-toc-section-end\"><\/span><\/h2>\n<div class=\"accsec-ritcnt accordion\">\n<div class=\"accordion-section\">\n<h3><span class=\"ez-toc-section\" id=\"can-i-self-sponsor-a-tn-visa\"><\/span><a class=\"accordion-section-title active\" href=\"#accordion-1\">\u00bfPuedo autofinanciar un visado TN?<\/a><span class=\"ez-toc-section-end\"><\/span><\/h3>\n<div id=\"accordion-1\" class=\"accordion-section-content open\" style=\"display: block;\">\n<p>No, no es posible auto-patrocinar un visado TN. Para optar a un visado TN, deber\u00e1 tener una oferta de trabajo de un empleador estadounidense para un puesto acorde con los requisitos del USMCA. Una solicitud de visado TN requiere que su empleador patrocine su visado. Es importante tener en cuenta que si pierdes o cambias de trabajo, esto puede tener implicaciones significativas para tu situaci\u00f3n legal.<\/p>\n<\/div>\n<div class=\"accordion-section\">\n<h3><span class=\"ez-toc-section\" id=\"why-would-a-tn-visa-be-denied\"><\/span><a class=\"accordion-section-title\" href=\"#accordion-2\"> \u00bfPor qu\u00e9 se deniega un visado TN?<\/a><span class=\"ez-toc-section-end\"><\/span><\/h3>\n<div id=\"accordion-2\" class=\"accordion-section-content\" style=\"display: none;\">\n<p><strong> Un visado TN puede denegarse por diferentes motivos, como:<\/strong><\/p>\n<ul>\n<li>No tener la formaci\u00f3n o experiencia laboral adecuadas para desempe\u00f1ar el puesto de trabajo para el que ha sido aceptado.<\/li>\n<li>Tener antecedentes penales<\/li>\n<li>Presentar una solicitud inexacta o incompleta<\/li>\n<\/ul>\n<p>Un abogado de inmigraci\u00f3n con experiencia puede anticipar posibles motivos de denegaci\u00f3n y modificar su estrategia legal en consecuencia, optimizando sus posibilidades de obtener un resultado positivo.<\/p>\n<\/div>\n<\/div>\n<div class=\"accordion-section\">\n<h3><span class=\"ez-toc-section\" id=\"can-i-get-a-tn-visa-without-having-a-job-offer\"><\/span><a class=\"accordion-section-title\" href=\"#accordion-3\">\u00bfPuedo obtener un visado TN sin tener una oferta de trabajo?<\/a><span class=\"ez-toc-section-end\"><\/span><\/h3>\n<div id=\"accordion-3\" class=\"accordion-section-content\" style=\"display: none;\">\n<p>No, no es posible obtener un visado TN sin tener una oferta de trabajo, ya que esto constituye un factor esencial del programa de visados TN. Los visados TN son acuerdos econ\u00f3micos entre empresas y empleados, como la empresa que te ha ofrecido un trabajo como tu patrocinador. Un abogado de inmigraci\u00f3n con experiencia puede ayudarle a entender las implicaciones de un visado TN y c\u00f3mo se relaciona con su relaci\u00f3n con su empleador.<\/p>\n<\/div>\n<\/div>\n<div class=\"accordion-section\">\n<h3><span class=\"ez-toc-section\" id=\"what-is-the-90-day-rule-for-the-tn-visa\"><\/span><a class=\"accordion-section-title\" href=\"#accordion-4\"> \u00bfQu\u00e9 es la regla de los 90 d\u00edas para el visado TN?<\/a><span class=\"ez-toc-section-end\"><\/span><\/h3>\n<div id=\"accordion-4\" class=\"accordion-section-content\" style=\"display: none;\">\n<p>El \"<a href=\"https:\/\/immigrationhelp.org\/learning-center\/90-day-rule\" target=\"_blank\" rel=\"noopener\">Norma de los 90 d\u00edas<\/a>\" no suele ser relevante para el visado TN. La regla de los 90 d\u00edas se refiere normalmente a ciertas personas que entran en Estados Unidos con visados de no inmigrante, como los visados de turista, que est\u00e1n interesadas en solicitar una tarjeta verde desde dentro del pa\u00eds. Como el visado TN es un visado temporal, de no inmigrante, la regla de los 90 d\u00edas no suele ser relevante para los solicitantes y titulares de visados TN.<\/p>\n<\/div>\n<\/div>\n<\/div>\n<\/div>\n<h2><span class=\"ez-toc-section\" id=\"pursue-your-economic-dreams-in-brooklyn-with-a-tn-visa-lawyer\"><\/span>Persiga sus sue\u00f1os econ\u00f3micos en Brooklyn con un abogado de visados TN<span class=\"ez-toc-section-end\"><\/span><\/h2>\n<p>A trav\u00e9s del programa de visas TN, los profesionales calificados que son ciudadanos mexicanos o canadienses tienen la oportunidad de trabajar en Brooklyn y sus alrededores por un per\u00edodo indefinido de tiempo. Las empresas y los posibles solicitantes que buscan aprovechar las ventajas de este programa pueden beneficiarse de trabajar con un abogado con experiencia en visas TN Brooklyn de PPID. <a href=\"https:\/\/ppid.com\/es\/contact\/\">P\u00f3ngase en contacto con nosotros<\/a> para saber c\u00f3mo puede alcanzar sus objetivos empresariales a trav\u00e9s de este programa.<\/p>\n<p><iframe loading=\"lazy\" style=\"border: 0;\" src=\"https:\/\/www.google.com\/maps\/embed?pb=!1m18!1m12!1m3!1d96873.72404095989!2d-73.94483555000001!3d40.64523145!2m3!1f0!2f0!3f0!3m2!1i1024!2i768!4f13.1!3m3!1m2!1s0x89c24416947c2109%3A0x82765c7404007886!2sBrooklyn%2C%20NY%2C%20USA!5e0!3m2!1sen!2sin!4v1750695595020!5m2!1sen!2sin\" width=\"100%\" height=\"300\" allowfullscreen=\"allowfullscreen\"><\/iframe><\/p>","protected":false},"excerpt":{"rendered":"<p>Brooklyn, NY TN Visa Attorney PPID Attorneys help secure TN Visas for Canadian and Mexican nonimmigrant workers. The TN visa program is part of the landmark United States-Mexico-Canada Agreement (USMCA), which allows qualified Canadian and Mexican working professionals to pursue their career objectives in Brooklyn and elsewhere in the U.S. If you are a business &hellip; <\/p>\n<p class=\"link-more\"><a href=\"https:\/\/ppid.com\/es\/brooklyn-tn-visa-lawyer\/\" class=\"more-link\">Seguir leyendo<span class=\"screen-reader-text\"> &#8220;Brooklyn TN Visa Lawyer&#8221;<\/span><\/a><\/p>","protected":false},"author":1,"featured_media":0,"parent":0,"menu_order":0,"comment_status":"closed","ping_status":"closed","template":"","meta":{"_acf_changed":false,"footnotes":""},"class_list":["post-1196","page","type-page","status-publish","hentry","entry"],"acf":[],"yoast_head":"<!-- This site is optimized with the Yoast SEO Premium plugin v26.8 (Yoast SEO v26.8) - https:\/\/yoast.com\/product\/yoast-seo-premium-wordpress\/ -->\n<title>Brooklyn TN Visa Lawyer - NAFTA Professionals Visa<\/title>\n<meta name=\"description\" content=\"Searching for a Brooklyn TN Visa Lawyer? PPID&#039;s immigration experts handle complex NAFTA visa cases with precision. Streamline your application process. Call now.\" \/>\n<meta name=\"robots\" content=\"index, follow, max-snippet:-1, max-image-preview:large, max-video-preview:-1\" \/>\n<link rel=\"canonical\" href=\"https:\/\/ppid.com\/es\/brooklyn-tn-visa-lawyer\/\" \/>\n<meta property=\"og:locale\" content=\"es_MX\" \/>\n<meta property=\"og:type\" content=\"article\" \/>\n<meta property=\"og:title\" content=\"Brooklyn TN Visa Lawyer\" \/>\n<meta property=\"og:description\" content=\"Searching for a Brooklyn TN Visa Lawyer? PPID&#039;s immigration experts handle complex NAFTA visa cases with precision. Streamline your application process. Call now.\" \/>\n<meta property=\"og:url\" content=\"https:\/\/ppid.com\/es\/brooklyn-tn-visa-lawyer\/\" \/>\n<meta property=\"og:site_name\" content=\"Pollack, Pollack, Isaac &amp; DeCicco, LLP\" \/>\n<meta property=\"article:modified_time\" content=\"2025-09-15T05:43:29+00:00\" \/>\n<meta name=\"twitter:card\" content=\"summary_large_image\" \/>\n<meta name=\"twitter:label1\" content=\"Tiempo de lectura\" \/>\n\t<meta name=\"twitter:data1\" content=\"4 minutos\" \/>\n<!-- \/ Yoast SEO Premium plugin. -->","yoast_head_json":{"title":"Brooklyn TN Visa Lawyer - Visado NAFTA para profesionales","description":"\u00bfBusca un abogado de visas Brooklyn TN? Los expertos en inmigraci\u00f3n de PPID manejan casos complejos de visa TN con precisi\u00f3n. Agilice su proceso de solicitud. Llame ahora.","robots":{"index":"index","follow":"follow","max-snippet":"max-snippet:-1","max-image-preview":"max-image-preview:large","max-video-preview":"max-video-preview:-1"},"canonical":"https:\/\/ppid.com\/es\/brooklyn-tn-visa-lawyer\/","og_locale":"es_MX","og_type":"article","og_title":"Brooklyn TN Visa Lawyer","og_description":"Searching for a Brooklyn TN Visa Lawyer? PPID's immigration experts handle complex NAFTA visa cases with precision. Streamline your application process. Call now.","og_url":"https:\/\/ppid.com\/es\/brooklyn-tn-visa-lawyer\/","og_site_name":"Pollack, Pollack, Isaac &amp; DeCicco, LLP","article_modified_time":"2025-09-15T05:43:29+00:00","twitter_card":"summary_large_image","twitter_misc":{"Tiempo de lectura":"4 minutos"},"schema":{"@context":"https:\/\/schema.org","@graph":[{"@type":"WebPage","@id":"https:\/\/ppid.com\/brooklyn-tn-visa-lawyer\/","url":"https:\/\/ppid.com\/brooklyn-tn-visa-lawyer\/","name":"Brooklyn TN Visa Lawyer - Visado NAFTA para profesionales","isPartOf":{"@id":"https:\/\/ppid.com\/#website"},"datePublished":"2024-10-03T20:33:19+00:00","dateModified":"2025-09-15T05:43:29+00:00","description":"\u00bfBusca un abogado de visas Brooklyn TN? Los expertos en inmigraci\u00f3n de PPID manejan casos complejos de visa TN con precisi\u00f3n. Agilice su proceso de solicitud. Llame ahora.","breadcrumb":{"@id":"https:\/\/ppid.com\/brooklyn-tn-visa-lawyer\/#breadcrumb"},"inLanguage":"es","potentialAction":[{"@type":"ReadAction","target":["https:\/\/ppid.com\/brooklyn-tn-visa-lawyer\/"]}]},{"@type":"BreadcrumbList","@id":"https:\/\/ppid.com\/brooklyn-tn-visa-lawyer\/#breadcrumb","itemListElement":[{"@type":"ListItem","position":1,"name":"Home","item":"https:\/\/ppid.com\/"},{"@type":"ListItem","position":2,"name":"Brooklyn TN Visa Lawyer"}]},{"@type":"WebSite","@id":"https:\/\/ppid.com\/#website","url":"https:\/\/ppid.com\/","name":"Pollack, Pollack, Isaac &amp; DeCicco, LLP","description":"","potentialAction":[{"@type":"SearchAction","target":{"@type":"EntryPoint","urlTemplate":"https:\/\/ppid.com\/?s={search_term_string}"},"query-input":{"@type":"PropertyValueSpecification","valueRequired":true,"valueName":"search_term_string"}}],"inLanguage":"es"}]}},"_links":{"self":[{"href":"https:\/\/ppid.com\/es\/wp-json\/wp\/v2\/pages\/1196","targetHints":{"allow":["GET"]}}],"collection":[{"href":"https:\/\/ppid.com\/es\/wp-json\/wp\/v2\/pages"}],"about":[{"href":"https:\/\/ppid.com\/es\/wp-json\/wp\/v2\/types\/page"}],"author":[{"embeddable":true,"href":"https:\/\/ppid.com\/es\/wp-json\/wp\/v2\/users\/1"}],"replies":[{"embeddable":true,"href":"https:\/\/ppid.com\/es\/wp-json\/wp\/v2\/comments?post=1196"}],"version-history":[{"count":0,"href":"https:\/\/ppid.com\/es\/wp-json\/wp\/v2\/pages\/1196\/revisions"}],"wp:attachment":[{"href":"https:\/\/ppid.com\/es\/wp-json\/wp\/v2\/media?parent=1196"}],"curies":[{"name":"wp","href":"https:\/\/api.w.org\/{rel}","templated":true}]}}