{"id":1198,"date":"2024-10-03T20:36:54","date_gmt":"2024-10-03T20:36:54","guid":{"rendered":"https:\/\/ppidllp.wpenginepowered.com\/?page_id=1198"},"modified":"2025-09-15T05:49:23","modified_gmt":"2025-09-15T05:49:23","slug":"long-island-tn-visa-lawyer","status":"publish","type":"page","link":"https:\/\/ppid.com\/es\/long-island-tn-visa-lawyer\/","title":{"rendered":"Long Island Abogado Visado TN"},"content":{"rendered":"<div id=\"ez-toc-container\" class=\"ez-toc-v2_0_80 counter-hierarchy ez-toc-counter ez-toc-transparent ez-toc-container-direction\">\n<div class=\"ez-toc-title-container\">\n<p class=\"ez-toc-title ez-toc-toggle\" style=\"cursor:pointer\">\u00cdndice<\/p>\n<span class=\"ez-toc-title-toggle\"><a href=\"#\" class=\"ez-toc-pull-right ez-toc-btn ez-toc-btn-xs ez-toc-btn-default ez-toc-toggle\" aria-label=\"Toggle Table of Content\"><span class=\"ez-toc-js-icon-con\"><span class=\"\"><span class=\"eztoc-hide\" style=\"display:none;\">Toggle<\/span><span class=\"ez-toc-icon-toggle-span\"><svg style=\"fill: #999;color:#999\" xmlns=\"http:\/\/www.w3.org\/2000\/svg\" class=\"list-377408\" width=\"20px\" height=\"20px\" viewbox=\"0 0 24 24\" fill=\"none\"><path d=\"M6 6H4v2h2V6zm14 0H8v2h12V6zM4 11h2v2H4v-2zm16 0H8v2h12v-2zM4 16h2v2H4v-2zm16 0H8v2h12v-2z\" fill=\"currentColor\"><\/path><\/svg><svg style=\"fill: #999;color:#999\" class=\"arrow-unsorted-368013\" xmlns=\"http:\/\/www.w3.org\/2000\/svg\" width=\"10px\" height=\"10px\" viewbox=\"0 0 24 24\" version=\"1.2\" baseprofile=\"tiny\"><path d=\"M18.2 9.3l-6.2-6.3-6.2 6.3c-.2.2-.3.4-.3.7s.1.5.3.7c.2.2.4.3.7.3h11c.3 0 .5-.1.7-.3.2-.2.3-.5.3-.7s-.1-.5-.3-.7zM5.8 14.7l6.2 6.3 6.2-6.3c.2-.2.3-.5.3-.7s-.1-.5-.3-.7c-.2-.2-.4-.3-.7-.3h-11c-.3 0-.5.1-.7.3-.2.2-.3.5-.3.7s.1.5.3.7z\"\/><\/svg><\/span><\/span><\/span><\/a><\/span><\/div>\n<nav><ul class='ez-toc-list ez-toc-list-level-1 eztoc-toggle-hide-by-default' ><li class='ez-toc-page-1 ez-toc-heading-level-2'><a class=\"ez-toc-link ez-toc-heading-1\" href=\"https:\/\/ppid.com\/es\/long-island-tn-visa-lawyer\/#long-island-tn-visa-attorney\" >Long Island Abogado visado TN<\/a><\/li><li class='ez-toc-page-1 ez-toc-heading-level-2'><a class=\"ez-toc-link ez-toc-heading-2\" href=\"https:\/\/ppid.com\/es\/long-island-tn-visa-lawyer\/#do-i-qualify-for-a-long-island-tn-visa\" >\u00bfTengo derecho al visado Long Island TN?<\/a><\/li><li class='ez-toc-page-1 ez-toc-heading-level-2'><a class=\"ez-toc-link ez-toc-heading-3\" href=\"https:\/\/ppid.com\/es\/long-island-tn-visa-lawyer\/#how-can-i-apply-for-a-tn-visa-to-work-in-long-island\" >\u00bfC\u00f3mo puedo solicitar un visado TN para trabajar en Long Island?<\/a><\/li><li class='ez-toc-page-1 ez-toc-heading-level-2'><a class=\"ez-toc-link ez-toc-heading-4\" href=\"https:\/\/ppid.com\/es\/long-island-tn-visa-lawyer\/#faqs\" >Preguntas frecuentes<\/a><ul class='ez-toc-list-level-3' ><li class='ez-toc-heading-level-3'><a class=\"ez-toc-link ez-toc-heading-5\" href=\"https:\/\/ppid.com\/es\/long-island-tn-visa-lawyer\/#is-a-tn-visa-hard-to-get\" >\u00bfEs dif\u00edcil obtener un visado TN?<\/a><\/li><li class='ez-toc-page-1 ez-toc-heading-level-3'><a class=\"ez-toc-link ez-toc-heading-6\" href=\"https:\/\/ppid.com\/es\/long-island-tn-visa-lawyer\/#can-i-apply-for-my-own-tn-visa\" >\u00bfPuedo solicitar mi propio visado TN?<\/a><\/li><li class='ez-toc-page-1 ez-toc-heading-level-3'><a class=\"ez-toc-link ez-toc-heading-7\" href=\"https:\/\/ppid.com\/es\/long-island-tn-visa-lawyer\/#what-jobs-do-people-with-a-tn-visa-in-long-island-have\" >\u00bfQu\u00e9 empleos tienen las personas con visado TN en Long Island?<\/a><\/li><li class='ez-toc-page-1 ez-toc-heading-level-3'><a class=\"ez-toc-link ez-toc-heading-8\" href=\"https:\/\/ppid.com\/es\/long-island-tn-visa-lawyer\/#can-a-lawyer-help-me-get-a-job-in-long-island-for-a-tn-visa\" >\u00bfPuede un abogado ayudarme a conseguir un trabajo en Long Island para un visado TN?<\/a><\/li><\/ul><\/li><li class='ez-toc-page-1 ez-toc-heading-level-2'><a class=\"ez-toc-link ez-toc-heading-9\" href=\"https:\/\/ppid.com\/es\/long-island-tn-visa-lawyer\/#pursue-your-professional-dreams-in-long-island-with-a-tn-visa-lawyer\" >Persiga sus sue\u00f1os profesionales en Long Island con un abogado de visados TN<\/a><\/li><\/ul><\/nav><\/div>\n<h2><span class=\"ez-toc-section\" id=\"long-island-tn-visa-attorney\"><\/span>Long Island Abogado visado TN<span class=\"ez-toc-section-end\"><\/span><\/h2>\n<p>Long Island es un centro econ\u00f3mico donde personas de todo el mundo est\u00e1n deseosas de trabajar y avanzar en sus carreras. A trav\u00e9s del programa de visas TN, ese objetivo puede ser m\u00e1s f\u00e1cil para los profesionales mexicanos y canadienses. Si usted es un empleador o un posible empleado que busca aprovechar el programa de visas TN, un <strong>abogado con experiencia en visados Long Island TN<\/strong> de <a href=\"https:\/\/ppid.com\/es\/firm\/\">Pollack, Pollack, Isaac &amp; DeCicco<\/a> puede ayudarte.<\/p>\n<p>PPID es una pr\u00e1ctica dedicada a la ley de inmigraci\u00f3n. Tenemos d\u00e9cadas de experiencia combinada en ayudar a los empleados y empleadores por igual navegar por el complejo proceso de solicitud de visa TN. Nuestro enfoque diligente y personalizado nos ayuda a destacar como una firma clave en la inmigraci\u00f3n Long Island.<\/p>\n<h2><span class=\"ez-toc-section\" id=\"do-i-qualify-for-a-long-island-tn-visa\"><\/span>\u00bfTengo derecho al visado Long Island TN?<span class=\"ez-toc-section-end\"><\/span><\/h2>\n<p>Entender si usted cumple con los requisitos para una visa Long Island TN puede ser complejo, pero se puede entender mejor con la ayuda de un abogado con experiencia en visas Long Island TN. <strong>UN PPID <a href=\"https:\/\/ppid.com\/es\/long-island-immigration-lawyer\/\">abogado de inmigraci\u00f3n<\/a> puede ayudarle a saber si cumple los siguientes requisitos para solicitar un visado TN:<\/strong><\/p>\n<ul>\n<li><strong>Nacionalidad mexicana o canadiense:<\/strong> Los solicitantes de visados TN deben poseer documentaci\u00f3n v\u00e1lida y precisa que demuestre que son ciudadanos de M\u00e9xico o Canad\u00e1. Los ciudadanos que no posean un pasaporte mexicano o canadiense tendr\u00e1n que buscar otras v\u00edas de inmigraci\u00f3n<\/li>\n<li><strong>Oferta de empleo cualificada:<\/strong> Los solicitantes de visados TN deben tener una oferta de trabajo para una profesi\u00f3n que entre dentro de una categor\u00eda elegible en el Acuerdo Estados Unidos-M\u00e9xico-Canad\u00e1 (USCMA). Esto incluye trabajos como profesores, ingenieros, cient\u00edficos, profesionales m\u00e9dicos y m\u00e1s.<\/li>\n<li><strong>Experiencia profesional y credenciales:<\/strong> Los solicitantes de visados TN tendr\u00e1n que demostrar que tienen experiencia y credenciales, como t\u00edtulos o certificados, que les consideren aptos para ejercer la profesi\u00f3n para la que se les contrata.<\/li>\n<\/ul>\n<p>Un experimentado <a href=\"https:\/\/en.wikipedia.org\/wiki\/Long_Island_(Tennessee)\" target=\"_blank\" rel=\"noopener\">Long Island TN<\/a> abogado de visas de PPID puede evaluar a fondo su historia y credenciales para determinar si cumple con los requisitos para solicitar una visa TN. Si actualmente no cumple estos requisitos, pueden ayudarle a entender los pasos que puede dar para ser elegible. Adem\u00e1s, pueden ayudarle a explorar otras v\u00edas de inmigraci\u00f3n viables basadas en sus objetivos personales y profesionales.<\/p>\n<h2><span class=\"ez-toc-section\" id=\"how-can-i-apply-for-a-tn-visa-to-work-in-long-island\"><\/span>\u00bfC\u00f3mo puedo solicitar un visado TN para trabajar en Long Island?<span class=\"ez-toc-section-end\"><\/span><\/h2>\n<p>El proceso de solicitud de un visado TN var\u00eda significativamente. Los ciudadanos canadienses tienen un proceso de solicitud de visado TN m\u00e1s sencillo. Pueden mostrar la documentaci\u00f3n requerida, como prueba de ciudadan\u00eda, evaluaci\u00f3n de credenciales y una carta de oferta de trabajo en un puerto de entrada de EE.UU. para solicitar un visado TN. Si los documentos y la solicitud se tramitan sin problemas, los solicitantes pueden recibir un visado TN el mismo d\u00eda de la solicitud.<\/p>\n<p>El proceso de solicitud de TN es diferente para los ciudadanos mexicanos. Los profesionales mexicanos tendr\u00e1n que pasar por un proceso consular en un consulado o embajada de EE.UU.. Los documentos requeridos incluyen calificaciones de trabajo relevantes, prueba de una oferta de empleo y un pasaporte v\u00e1lido. Un abogado de inmigraci\u00f3n puede ayudarle con el proceso consular al solicitar una visa TN como ciudadano mexicano.<\/p>\n<p>Para entender qu\u00e9 proceso de solicitud para su visa TN puede ser \u00f3ptimo para su caso, se recomienda trabajar con un abogado experimentado en visas TN Long Island. Ellos pueden ayudar a asegurar que usted presente una solicitud completa y robusta, ayud\u00e1ndole a navegar con confianza las complejidades de la tramitaci\u00f3n del visado TN.<\/p>\n<h2><span class=\"ez-toc-section\" id=\"faqs\"><\/span>Preguntas frecuentes<span class=\"ez-toc-section-end\"><\/span><\/h2>\n<div class=\"accsec-ritcnt accordion\">\n<div class=\"accordion-section\">\n<h3><span class=\"ez-toc-section\" id=\"is-a-tn-visa-hard-to-get\"><\/span><a class=\"accordion-section-title active\" href=\"#accordion-1\"> \u00bfEs dif\u00edcil obtener un visado TN?<\/a><span class=\"ez-toc-section-end\"><\/span><\/h3>\n<div id=\"accordion-1\" class=\"accordion-section-content open\" style=\"display: block;\">\n<p>Un visado TN s\u00f3lo est\u00e1 disponible para un reducido grupo de posibles solicitantes; sin embargo, para los posibles destinatarios previstos, un visado TN suele ser m\u00e1s f\u00e1cil de obtener. Los solicitantes de visados TN deben ser ciudadanos mexicanos o canadienses que tengan una oferta de trabajo para una profesi\u00f3n que figure en la lista del Acuerdo Estados Unidos-M\u00e9xico-Canad\u00e1 (USCMA), que suplant\u00f3 al <a href=\"https:\/\/www.cbp.gov\/trade\/north-american-free-trade-agreement\" target=\"_blank\" rel=\"noopener\">Tratado de Libre Comercio de Am\u00e9rica del Norte<\/a> (TLCAN).<\/p>\n<\/div>\n<div class=\"accordion-section\">\n<h3><span class=\"ez-toc-section\" id=\"can-i-apply-for-my-own-tn-visa\"><\/span><a class=\"accordion-section-title\" href=\"#accordion-2\"> \u00bfPuedo solicitar mi propio visado TN?<\/a><span class=\"ez-toc-section-end\"><\/span><\/h3>\n<div id=\"accordion-2\" class=\"accordion-section-content\" style=\"display: none;\">\n<p>Si es usted ciudadano canadiense con una oferta de trabajo que cumple los requisitos para un visado TN, puede solicitarlo en un lugar de inspecci\u00f3n previo al vuelo de EE.UU. o directamente en la frontera. Los ciudadanos mexicanos tendr\u00e1n que presentar su solicitud a trav\u00e9s del consulado o embajada de EE.UU. m\u00e1s cercano. <strong>Dado que la solicitud de visado TN requiere una oferta de trabajo de un empleador estadounidense, no es posible solicitarlo por cuenta propia.<\/strong> Se recomienda trabajar con un abogado de inmigraci\u00f3n en procesos tan complejos.<\/p>\n<\/div>\n<\/div>\n<div class=\"accordion-section\">\n<h3><span class=\"ez-toc-section\" id=\"what-jobs-do-people-with-a-tn-visa-in-long-island-have\"><\/span><a class=\"accordion-section-title\" href=\"#accordion-3\">\u00bfQu\u00e9 empleos tienen las personas con visado TN en Long Island?<\/a><span class=\"ez-toc-section-end\"><\/span><\/h3>\n<div id=\"accordion-3\" class=\"accordion-section-content\" style=\"display: none;\">\n<p>Las personas que trabajan en Long Island con un visado TN suelen tener una variedad de ocupaciones profesionales, incluidos profesores, profesionales m\u00e9dicos, ingenieros, cient\u00edficos y contables. Para obtener un visado TN, los solicitantes deben tener una oferta de trabajo y las certificaciones pertinentes para una ocupaci\u00f3n que entre dentro de las categor\u00edas elegibles establecidas en el acuerdo USMCA.<\/p>\n<\/div>\n<\/div>\n<div class=\"accordion-section\">\n<h3><span class=\"ez-toc-section\" id=\"can-a-lawyer-help-me-get-a-job-in-long-island-for-a-tn-visa\"><\/span><a class=\"accordion-section-title\" href=\"#accordion-4\">\u00bfPuede un abogado ayudarme a conseguir un trabajo en Long Island para un visado TN?<\/a><span class=\"ez-toc-section-end\"><\/span><\/h3>\n<div id=\"accordion-4\" class=\"accordion-section-content\" style=\"display: none;\">\n<p>Aunque un abogado no puede ayudarle directamente a navegar por el proceso de solicitud de empleo, puede ayudarle a entender si una oferta de trabajo potencial puede calificar para un visado TN. Adem\u00e1s, una vez que haya obtenido una oferta de trabajo, pueden asegurarse de que su solicitud sea precisa y completa. Pueden comunicarse directamente con su posible empleador para asegurarse de que presenta todos los documentos necesarios para una solicitud de visado TN s\u00f3lida.<\/p>\n<\/div>\n<\/div>\n<\/div>\n<\/div>\n<h2><span class=\"ez-toc-section\" id=\"pursue-your-professional-dreams-in-long-island-with-a-tn-visa-lawyer\"><\/span>Persiga sus sue\u00f1os profesionales en Long Island con un abogado de visados TN<span class=\"ez-toc-section-end\"><\/span><\/h2>\n<p>Tal vez sea usted un profesional mexicano o canadiense que busca desarrollar su carrera en la zona. Tal vez sea usted una empresa con sede en Long Island deseosa de incorporar talento extranjero con experiencia para cumplir sus objetivos empresariales. En cualquier caso, un experto en visados Long Island TN <a href=\"https:\/\/ppid.com\/es\/attorney\/\">abogado de PPID<\/a> est\u00e1 aqu\u00ed para ayudarle. Podemos ayudarle a navegar por el complejo proceso de solicitud de visado TN y apoyarle en la presentaci\u00f3n de una solicitud s\u00f3lida y completa. <a href=\"https:\/\/ppid.com\/es\/contact\/\">P\u00f3ngase en contacto con nosotros para empezar<\/a>.<\/p>\n<p><iframe loading=\"lazy\" style=\"border: 0;\" src=\"https:\/\/www.google.com\/maps\/embed?pb=!1m18!1m12!1m3!1d772604.4057503557!2d-73.60848566464847!3d40.850232051311075!2m3!1f0!2f0!3f0!3m2!1i1024!2i768!4f13.1!3m3!1m2!1s0x89e84454e1eea5cb%3A0x1df7f96186940d18!2sLong%20Island!5e0!3m2!1sen!2sin!4v1750695892772!5m2!1sen!2sin\" width=\"100%\" height=\"300\" allowfullscreen=\"allowfullscreen\"><\/iframe><\/p>","protected":false},"excerpt":{"rendered":"<p>Long Island TN Visa Attorney Long Island is an economic hub where people from all over the world are eager to work and advance their careers. Through the TN visa program, that goal can become easier for Mexican and Canadian professionals. If you are an employer or prospective employee looking to take advantage of the &hellip; <\/p>\n<p class=\"link-more\"><a href=\"https:\/\/ppid.com\/es\/long-island-tn-visa-lawyer\/\" class=\"more-link\">Seguir leyendo<span class=\"screen-reader-text\"> &#8220;Long Island TN Visa Lawyer&#8221;<\/span><\/a><\/p>","protected":false},"author":1,"featured_media":0,"parent":0,"menu_order":0,"comment_status":"closed","ping_status":"closed","template":"","meta":{"_acf_changed":false,"footnotes":""},"class_list":["post-1198","page","type-page","status-publish","hentry","entry"],"acf":[],"yoast_head":"<!-- This site is optimized with the Yoast SEO Premium plugin v26.8 (Yoast SEO v26.8) - https:\/\/yoast.com\/product\/yoast-seo-premium-wordpress\/ -->\n<title>Long Island TN Visa Lawyer - NAFTA Professionals Visa<\/title>\n<meta name=\"description\" content=\"Seeking a TN visa in Long Island, NY? PPID&#039;s skilled NAFTA Professionals Visa Lawyer simplifies the complex immigration process. Get expert guidance for your case. Contact us today!\" \/>\n<meta name=\"robots\" content=\"index, follow, max-snippet:-1, max-image-preview:large, max-video-preview:-1\" \/>\n<link rel=\"canonical\" href=\"https:\/\/ppid.com\/es\/long-island-tn-visa-lawyer\/\" \/>\n<meta property=\"og:locale\" content=\"es_MX\" \/>\n<meta property=\"og:type\" content=\"article\" \/>\n<meta property=\"og:title\" content=\"Long Island TN Visa Lawyer\" \/>\n<meta property=\"og:description\" content=\"Seeking a TN visa in Long Island, NY? PPID&#039;s skilled NAFTA Professionals Visa Lawyer simplifies the complex immigration process. Get expert guidance for your case. Contact us today!\" \/>\n<meta property=\"og:url\" content=\"https:\/\/ppid.com\/es\/long-island-tn-visa-lawyer\/\" \/>\n<meta property=\"og:site_name\" content=\"Pollack, Pollack, Isaac &amp; DeCicco, LLP\" \/>\n<meta property=\"article:modified_time\" content=\"2025-09-15T05:49:23+00:00\" \/>\n<meta name=\"twitter:card\" content=\"summary_large_image\" \/>\n<meta name=\"twitter:label1\" content=\"Tiempo de lectura\" \/>\n\t<meta name=\"twitter:data1\" content=\"5 minutos\" \/>\n<!-- \/ Yoast SEO Premium plugin. -->","yoast_head_json":{"title":"Long Island TN Visa Lawyer - Visado NAFTA para profesionales","description":"\u00bfBusca una visa TN en Long Island, NY? El abogado experto en visas para profesionales del TLCAN de PPID simplifica el complejo proceso de inmigraci\u00f3n. Obtenga orientaci\u00f3n experta para su caso. \u00a1Cont\u00e1ctenos hoy mismo!","robots":{"index":"index","follow":"follow","max-snippet":"max-snippet:-1","max-image-preview":"max-image-preview:large","max-video-preview":"max-video-preview:-1"},"canonical":"https:\/\/ppid.com\/es\/long-island-tn-visa-lawyer\/","og_locale":"es_MX","og_type":"article","og_title":"Long Island TN Visa Lawyer","og_description":"Seeking a TN visa in Long Island, NY? PPID's skilled NAFTA Professionals Visa Lawyer simplifies the complex immigration process. Get expert guidance for your case. Contact us today!","og_url":"https:\/\/ppid.com\/es\/long-island-tn-visa-lawyer\/","og_site_name":"Pollack, Pollack, Isaac &amp; DeCicco, LLP","article_modified_time":"2025-09-15T05:49:23+00:00","twitter_card":"summary_large_image","twitter_misc":{"Tiempo de lectura":"5 minutos"},"schema":{"@context":"https:\/\/schema.org","@graph":[{"@type":"WebPage","@id":"https:\/\/ppid.com\/long-island-tn-visa-lawyer\/","url":"https:\/\/ppid.com\/long-island-tn-visa-lawyer\/","name":"Long Island TN Visa Lawyer - Visado NAFTA para profesionales","isPartOf":{"@id":"https:\/\/ppid.com\/#website"},"datePublished":"2024-10-03T20:36:54+00:00","dateModified":"2025-09-15T05:49:23+00:00","description":"\u00bfBusca una visa TN en Long Island, NY? El abogado experto en visas para profesionales del TLCAN de PPID simplifica el complejo proceso de inmigraci\u00f3n. Obtenga orientaci\u00f3n experta para su caso. \u00a1Cont\u00e1ctenos hoy mismo!","breadcrumb":{"@id":"https:\/\/ppid.com\/long-island-tn-visa-lawyer\/#breadcrumb"},"inLanguage":"es","potentialAction":[{"@type":"ReadAction","target":["https:\/\/ppid.com\/long-island-tn-visa-lawyer\/"]}]},{"@type":"BreadcrumbList","@id":"https:\/\/ppid.com\/long-island-tn-visa-lawyer\/#breadcrumb","itemListElement":[{"@type":"ListItem","position":1,"name":"Home","item":"https:\/\/ppid.com\/"},{"@type":"ListItem","position":2,"name":"Long Island TN Visa Lawyer"}]},{"@type":"WebSite","@id":"https:\/\/ppid.com\/#website","url":"https:\/\/ppid.com\/","name":"Pollack, Pollack, Isaac &amp; DeCicco, LLP","description":"","potentialAction":[{"@type":"SearchAction","target":{"@type":"EntryPoint","urlTemplate":"https:\/\/ppid.com\/?s={search_term_string}"},"query-input":{"@type":"PropertyValueSpecification","valueRequired":true,"valueName":"search_term_string"}}],"inLanguage":"es"}]}},"_links":{"self":[{"href":"https:\/\/ppid.com\/es\/wp-json\/wp\/v2\/pages\/1198","targetHints":{"allow":["GET"]}}],"collection":[{"href":"https:\/\/ppid.com\/es\/wp-json\/wp\/v2\/pages"}],"about":[{"href":"https:\/\/ppid.com\/es\/wp-json\/wp\/v2\/types\/page"}],"author":[{"embeddable":true,"href":"https:\/\/ppid.com\/es\/wp-json\/wp\/v2\/users\/1"}],"replies":[{"embeddable":true,"href":"https:\/\/ppid.com\/es\/wp-json\/wp\/v2\/comments?post=1198"}],"version-history":[{"count":0,"href":"https:\/\/ppid.com\/es\/wp-json\/wp\/v2\/pages\/1198\/revisions"}],"wp:attachment":[{"href":"https:\/\/ppid.com\/es\/wp-json\/wp\/v2\/media?parent=1198"}],"curies":[{"name":"wp","href":"https:\/\/api.w.org\/{rel}","templated":true}]}}