{"id":12,"date":"2022-01-06T11:08:52","date_gmt":"2022-01-06T11:08:52","guid":{"rendered":"https:\/\/ppidllp.wpenginepowered.com\/?page_id=12"},"modified":"2026-04-27T15:49:50","modified_gmt":"2026-04-27T15:49:50","slug":"practice-areas","status":"publish","type":"page","link":"https:\/\/ppid.com\/es\/practice-areas\/","title":{"rendered":"\u00c1reas de pr\u00e1ctica"},"content":{"rendered":"<div class=\"hmpractice-sec\">\n<div class=\"pract-lists\">\n<div class=\"pract-items immigration\">\n<div class=\"hover\"><a href=\"https:\/\/ppid.com\/es\/\">Inmigraci\u00f3n<\/a><\/div>\n<div class=\"pract-item-img\"><img loading=\"lazy\" decoding=\"async\" src=\"https:\/\/ppid.com\/wp-content\/uploads\/2024\/12\/prct-imigr.webp\" alt=\"Image representing Immigration\" width=\"365\" height=\"470\"  \/><\/div>\n<div class=\"pract-item-cntnt\">\n<h5>Inmigraci\u00f3n<\/h5>\n<div class=\"prct-btn\"><a href=\"https:\/\/ppid.com\/es\/\" class=\"cmn-btn\">leer m\u00e1s<\/a><\/div>\n<\/div>\n<\/div>\n<div class=\"pract-items personal\">\n<div class=\"hover\"><a href=\"https:\/\/ppid.com\/es\/nyc-personal-injury-lawyer\/\">Da\u00f1os corporales<\/a><\/div>\n<div class=\"pract-item-img\"><img loading=\"lazy\" decoding=\"async\" src=\"https:\/\/ppid.com\/wp-content\/uploads\/2024\/12\/prct-peers-inj.webp\" alt=\"Image representing Personal Injury\" width=\"365\" height=\"470\"  \/><\/div>\n<div class=\"pract-item-cntnt\">\n<h5>Da\u00f1os corporales<\/h5>\n<div class=\"prct-btn\"><a href=\"https:\/\/ppid.com\/es\/nyc-personal-injury-lawyer\/\" class=\"cmn-btn\">leer m\u00e1s<\/a><\/div>\n<\/div>\n<\/div>\n<div class=\"pract-items real\">\n<div class=\"hover\"><a href=\"https:\/\/ppid.com\/es\/nyc-real-estate-lawyer\/\">Inmobiliario<\/a><\/div>\n<div class=\"pract-item-img\"><img loading=\"lazy\" decoding=\"async\" src=\"https:\/\/ppid.com\/wp-content\/uploads\/2024\/12\/prct-realst.webp\" alt=\"Image representing real estate\" width=\"365\" height=\"470\"  \/><\/div>\n<div class=\"pract-item-cntnt\">\n<h5>Inmobiliario<\/h5>\n<div class=\"prct-btn\"><a href=\"https:\/\/ppid.com\/es\/nyc-real-estate-lawyer\/\" class=\"cmn-btn\">leer m\u00e1s<\/a><\/div>\n<\/div>\n<\/div>\n<div class=\"pract-items litigation\">\n<div class=\"hover\"><a href=\"https:\/\/ppid.com\/es\/nyc-litigation-lawyer\/\">Litigios<\/a><\/div>\n<div class=\"pract-item-img\"><img loading=\"lazy\" decoding=\"async\" src=\"https:\/\/ppid.com\/wp-content\/uploads\/2024\/12\/prct-litig.webp\" alt=\"Image representing litigation\" width=\"365\" height=\"470\"  \/><\/div>\n<div class=\"pract-item-cntnt\">\n<h5>Litigios<\/h5>\n<div class=\"prct-btn\"><a href=\"https:\/\/ppid.com\/es\/nyc-litigation-lawyer\/\" class=\"cmn-btn\">leer m\u00e1s<\/a><\/div>\n<\/div>\n<\/div>\n<\/div>\n<div class=\"hm-prct-btn\"><a href=\"https:\/\/ppid.com\/es\/areas-served\/\" class=\"cmn-btn\">ver todas las \u00e1reas de pr\u00e1ctica<\/a><\/div>\n<\/div>","protected":false},"excerpt":{"rendered":"<p>Inmigraci\u00f3n Inmigraci\u00f3n leer m\u00e1s Lesiones personales Lesiones personales leer m\u00e1s Inmobiliario Inmobiliario leer m\u00e1s Litigios Litigios leer m\u00e1s ver todas las \u00e1reas de pr\u00e1ctica<\/p>","protected":false},"author":1,"featured_media":0,"parent":0,"menu_order":0,"comment_status":"closed","ping_status":"closed","template":"template-parts\/practiceareas-page.php","meta":{"_acf_changed":false,"footnotes":""},"class_list":["post-12","page","type-page","status-publish","hentry","entry"],"acf":[],"yoast_head":"<!-- This site is optimized with the Yoast SEO Premium plugin v26.8 (Yoast SEO v26.8) - https:\/\/yoast.com\/product\/yoast-seo-premium-wordpress\/ -->\n<title>Practice Areas - Pollack, Pollack, Isaac &amp; DeCicco, LLP<\/title>\n<meta name=\"robots\" content=\"index, follow, max-snippet:-1, max-image-preview:large, max-video-preview:-1\" \/>\n<link rel=\"canonical\" href=\"https:\/\/ppid.com\/es\/practice-areas\/\" \/>\n<meta property=\"og:locale\" content=\"es_MX\" \/>\n<meta property=\"og:type\" content=\"article\" \/>\n<meta property=\"og:title\" content=\"Practice Areas\" \/>\n<meta property=\"og:description\" content=\"Immigration Immigration read more Personal Injury Personal Injury read more Real Estate Real Estate read more Litigation Litigation read more view all practice areas\" \/>\n<meta property=\"og:url\" content=\"https:\/\/ppid.com\/es\/practice-areas\/\" \/>\n<meta property=\"og:site_name\" content=\"Pollack, Pollack, Isaac &amp; DeCicco, LLP\" \/>\n<meta property=\"article:modified_time\" content=\"2026-04-27T15:49:50+00:00\" \/>\n<meta property=\"og:image\" content=\"https:\/\/ppid.com\/wp-content\/uploads\/2024\/12\/prct-imigr.webp\" \/>\n<meta name=\"twitter:card\" content=\"summary_large_image\" \/>\n<meta name=\"twitter:label1\" content=\"Tiempo de lectura\" \/>\n\t<meta name=\"twitter:data1\" content=\"1 minuto\" \/>\n<script type=\"application\/ld+json\" class=\"yoast-schema-graph\">{\"@context\":\"https:\/\/schema.org\",\"@graph\":[{\"@type\":\"WebPage\",\"@id\":\"https:\/\/ppid.com\/practice-areas\/\",\"url\":\"https:\/\/ppid.com\/practice-areas\/\",\"name\":\"Practice Areas - Pollack, Pollack, Isaac &amp; DeCicco, LLP\",\"isPartOf\":{\"@id\":\"https:\/\/ppid.com\/#website\"},\"primaryImageOfPage\":{\"@id\":\"https:\/\/ppid.com\/practice-areas\/#primaryimage\"},\"image\":{\"@id\":\"https:\/\/ppid.com\/practice-areas\/#primaryimage\"},\"thumbnailUrl\":\"https:\/\/ppid.com\/wp-content\/uploads\/2024\/12\/prct-imigr.webp\",\"datePublished\":\"2022-01-06T11:08:52+00:00\",\"dateModified\":\"2026-04-27T15:49:50+00:00\",\"breadcrumb\":{\"@id\":\"https:\/\/ppid.com\/practice-areas\/#breadcrumb\"},\"inLanguage\":\"es\",\"potentialAction\":[{\"@type\":\"ReadAction\",\"target\":[\"https:\/\/ppid.com\/practice-areas\/\"]}]},{\"@type\":\"ImageObject\",\"inLanguage\":\"es\",\"@id\":\"https:\/\/ppid.com\/practice-areas\/#primaryimage\",\"url\":\"https:\/\/ppid.com\/wp-content\/uploads\/2024\/12\/prct-imigr.webp\",\"contentUrl\":\"https:\/\/ppid.com\/wp-content\/uploads\/2024\/12\/prct-imigr.webp\"},{\"@type\":\"BreadcrumbList\",\"@id\":\"https:\/\/ppid.com\/practice-areas\/#breadcrumb\",\"itemListElement\":[{\"@type\":\"ListItem\",\"position\":1,\"name\":\"Home\",\"item\":\"https:\/\/ppid.com\/\"},{\"@type\":\"ListItem\",\"position\":2,\"name\":\"Practice Areas\"}]},{\"@type\":\"WebSite\",\"@id\":\"https:\/\/ppid.com\/#website\",\"url\":\"https:\/\/ppid.com\/\",\"name\":\"Pollack, Pollack, Isaac &amp; DeCicco, LLP\",\"description\":\"\",\"potentialAction\":[{\"@type\":\"SearchAction\",\"target\":{\"@type\":\"EntryPoint\",\"urlTemplate\":\"https:\/\/ppid.com\/?s={search_term_string}\"},\"query-input\":{\"@type\":\"PropertyValueSpecification\",\"valueRequired\":true,\"valueName\":\"search_term_string\"}}],\"inLanguage\":\"es\"}]}<\/script>\n<!-- \/ Yoast SEO Premium plugin. -->","yoast_head_json":{"title":"\u00c1reas de Pr\u00e1ctica - Pollack, Pollack, Isaac &amp; DeCicco, LLP","robots":{"index":"index","follow":"follow","max-snippet":"max-snippet:-1","max-image-preview":"max-image-preview:large","max-video-preview":"max-video-preview:-1"},"canonical":"https:\/\/ppid.com\/es\/practice-areas\/","og_locale":"es_MX","og_type":"article","og_title":"Practice Areas","og_description":"Immigration Immigration read more Personal Injury Personal Injury read more Real Estate Real Estate read more Litigation Litigation read more view all practice areas","og_url":"https:\/\/ppid.com\/es\/practice-areas\/","og_site_name":"Pollack, Pollack, Isaac &amp; DeCicco, LLP","article_modified_time":"2026-04-27T15:49:50+00:00","og_image":[{"url":"https:\/\/ppid.com\/wp-content\/uploads\/2024\/12\/prct-imigr.webp","type":"","width":"","height":""}],"twitter_card":"summary_large_image","twitter_misc":{"Tiempo de lectura":"1 minuto"},"schema":{"@context":"https:\/\/schema.org","@graph":[{"@type":"WebPage","@id":"https:\/\/ppid.com\/practice-areas\/","url":"https:\/\/ppid.com\/practice-areas\/","name":"\u00c1reas de Pr\u00e1ctica - Pollack, Pollack, Isaac &amp; DeCicco, LLP","isPartOf":{"@id":"https:\/\/ppid.com\/#website"},"primaryImageOfPage":{"@id":"https:\/\/ppid.com\/practice-areas\/#primaryimage"},"image":{"@id":"https:\/\/ppid.com\/practice-areas\/#primaryimage"},"thumbnailUrl":"https:\/\/ppid.com\/wp-content\/uploads\/2024\/12\/prct-imigr.webp","datePublished":"2022-01-06T11:08:52+00:00","dateModified":"2026-04-27T15:49:50+00:00","breadcrumb":{"@id":"https:\/\/ppid.com\/practice-areas\/#breadcrumb"},"inLanguage":"es","potentialAction":[{"@type":"ReadAction","target":["https:\/\/ppid.com\/practice-areas\/"]}]},{"@type":"ImageObject","inLanguage":"es","@id":"https:\/\/ppid.com\/practice-areas\/#primaryimage","url":"https:\/\/ppid.com\/wp-content\/uploads\/2024\/12\/prct-imigr.webp","contentUrl":"https:\/\/ppid.com\/wp-content\/uploads\/2024\/12\/prct-imigr.webp"},{"@type":"BreadcrumbList","@id":"https:\/\/ppid.com\/practice-areas\/#breadcrumb","itemListElement":[{"@type":"ListItem","position":1,"name":"Home","item":"https:\/\/ppid.com\/"},{"@type":"ListItem","position":2,"name":"Practice Areas"}]},{"@type":"WebSite","@id":"https:\/\/ppid.com\/#website","url":"https:\/\/ppid.com\/","name":"Pollack, Pollack, Isaac &amp; DeCicco, LLP","description":"","potentialAction":[{"@type":"SearchAction","target":{"@type":"EntryPoint","urlTemplate":"https:\/\/ppid.com\/?s={search_term_string}"},"query-input":{"@type":"PropertyValueSpecification","valueRequired":true,"valueName":"search_term_string"}}],"inLanguage":"es"}]}},"_links":{"self":[{"href":"https:\/\/ppid.com\/es\/wp-json\/wp\/v2\/pages\/12","targetHints":{"allow":["GET"]}}],"collection":[{"href":"https:\/\/ppid.com\/es\/wp-json\/wp\/v2\/pages"}],"about":[{"href":"https:\/\/ppid.com\/es\/wp-json\/wp\/v2\/types\/page"}],"author":[{"embeddable":true,"href":"https:\/\/ppid.com\/es\/wp-json\/wp\/v2\/users\/1"}],"replies":[{"embeddable":true,"href":"https:\/\/ppid.com\/es\/wp-json\/wp\/v2\/comments?post=12"}],"version-history":[{"count":0,"href":"https:\/\/ppid.com\/es\/wp-json\/wp\/v2\/pages\/12\/revisions"}],"wp:attachment":[{"href":"https:\/\/ppid.com\/es\/wp-json\/wp\/v2\/media?parent=12"}],"curies":[{"name":"wp","href":"https:\/\/api.w.org\/{rel}","templated":true}]}}