{"id":1202,"date":"2024-10-03T20:48:23","date_gmt":"2024-10-03T20:48:23","guid":{"rendered":"https:\/\/ppidllp.wpenginepowered.com\/?page_id=1202"},"modified":"2025-09-15T06:09:51","modified_gmt":"2025-09-15T06:09:51","slug":"putnam-county-tn-visa-lawyer","status":"publish","type":"page","link":"https:\/\/ppid.com\/es\/putnam-county-tn-visa-lawyer\/","title":{"rendered":"Putnam County Abogado de visados TN"},"content":{"rendered":"<div id=\"ez-toc-container\" class=\"ez-toc-v2_0_80 counter-hierarchy ez-toc-counter ez-toc-transparent ez-toc-container-direction\">\n<div class=\"ez-toc-title-container\">\n<p class=\"ez-toc-title ez-toc-toggle\" style=\"cursor:pointer\">\u00cdndice<\/p>\n<span class=\"ez-toc-title-toggle\"><a href=\"#\" class=\"ez-toc-pull-right ez-toc-btn ez-toc-btn-xs ez-toc-btn-default ez-toc-toggle\" aria-label=\"Toggle Table of Content\"><span class=\"ez-toc-js-icon-con\"><span class=\"\"><span class=\"eztoc-hide\" style=\"display:none;\">Toggle<\/span><span class=\"ez-toc-icon-toggle-span\"><svg style=\"fill: #999;color:#999\" xmlns=\"http:\/\/www.w3.org\/2000\/svg\" class=\"list-377408\" width=\"20px\" height=\"20px\" viewbox=\"0 0 24 24\" fill=\"none\"><path d=\"M6 6H4v2h2V6zm14 0H8v2h12V6zM4 11h2v2H4v-2zm16 0H8v2h12v-2zM4 16h2v2H4v-2zm16 0H8v2h12v-2z\" fill=\"currentColor\"><\/path><\/svg><svg style=\"fill: #999;color:#999\" class=\"arrow-unsorted-368013\" xmlns=\"http:\/\/www.w3.org\/2000\/svg\" width=\"10px\" height=\"10px\" viewbox=\"0 0 24 24\" version=\"1.2\" baseprofile=\"tiny\"><path d=\"M18.2 9.3l-6.2-6.3-6.2 6.3c-.2.2-.3.4-.3.7s.1.5.3.7c.2.2.4.3.7.3h11c.3 0 .5-.1.7-.3.2-.2.3-.5.3-.7s-.1-.5-.3-.7zM5.8 14.7l6.2 6.3 6.2-6.3c.2-.2.3-.5.3-.7s-.1-.5-.3-.7c-.2-.2-.4-.3-.7-.3h-11c-.3 0-.5.1-.7.3-.2.2-.3.5-.3.7s.1.5.3.7z\"\/><\/svg><\/span><\/span><\/span><\/a><\/span><\/div>\n<nav><ul class='ez-toc-list ez-toc-list-level-1 eztoc-toggle-hide-by-default' ><li class='ez-toc-page-1 ez-toc-heading-level-2'><a class=\"ez-toc-link ez-toc-heading-1\" href=\"https:\/\/ppid.com\/es\/putnam-county-tn-visa-lawyer\/#putnam-county-tn-visa-attorney\" >Putnam County Abogado de visados TN<\/a><\/li><li class='ez-toc-page-1 ez-toc-heading-level-2'><a class=\"ez-toc-link ez-toc-heading-2\" href=\"https:\/\/ppid.com\/es\/putnam-county-tn-visa-lawyer\/#the-basics-applying-for-a-tn-visa-to-work-in-putnam-county\" >Informaci\u00f3n b\u00e1sica: Solicitar un visado TN para trabajar en Putnam County<\/a><\/li><li class='ez-toc-page-1 ez-toc-heading-level-2'><a class=\"ez-toc-link ez-toc-heading-3\" href=\"https:\/\/ppid.com\/es\/putnam-county-tn-visa-lawyer\/#why-work-with-a-putnam-county-tn-visa-lawyer-from-pollack-pollack-isaac-decicco\" >\u00bfPor qu\u00e9 trabajar con un abogado de visas Putnam County TN de Pollack, Pollack, Isaac &amp; DeCicco?<\/a><ul class='ez-toc-list-level-3' ><li class='ez-toc-heading-level-3'><a class=\"ez-toc-link ez-toc-heading-4\" href=\"https:\/\/ppid.com\/es\/putnam-county-tn-visa-lawyer\/#faqs\" >Preguntas frecuentes<\/a><\/li><li class='ez-toc-page-1 ez-toc-heading-level-3'><a class=\"ez-toc-link ez-toc-heading-5\" href=\"https:\/\/ppid.com\/es\/putnam-county-tn-visa-lawyer\/#is-the-tn-visa-better-than-the-h1b-visa\" >\u00bfEs mejor el visado TN que el H1B?<\/a><\/li><li class='ez-toc-page-1 ez-toc-heading-level-3'><a class=\"ez-toc-link ez-toc-heading-6\" href=\"https:\/\/ppid.com\/es\/putnam-county-tn-visa-lawyer\/#can-you-marry-a-us-citizen-if-you-have-a-tn-visa\" >\u00bfPuede casarse con un ciudadano estadounidense si tiene un visado TN?<\/a><\/li><li class='ez-toc-page-1 ez-toc-heading-level-3'><a class=\"ez-toc-link ez-toc-heading-7\" href=\"https:\/\/ppid.com\/es\/putnam-county-tn-visa-lawyer\/#what-job-do-people-on-tn-visas-usually-have\" >\u00bfQu\u00e9 trabajo suelen tener las personas con visado TN?<\/a><\/li><li class='ez-toc-page-1 ez-toc-heading-level-3'><a class=\"ez-toc-link ez-toc-heading-8\" href=\"https:\/\/ppid.com\/es\/putnam-county-tn-visa-lawyer\/#who-pays-for-a-tn-visa\" >\u00bfQui\u00e9n paga el visado TN?<\/a><\/li><\/ul><\/li><li class='ez-toc-page-1 ez-toc-heading-level-2'><a class=\"ez-toc-link ez-toc-heading-9\" href=\"https:\/\/ppid.com\/es\/putnam-county-tn-visa-lawyer\/#simplify-the-tn-visa-application-process-with-an-experienced-immigration-lawyer\" >Simplificar el proceso de solicitud de visado TN con un abogado de inmigraci\u00f3n con experiencia<\/a><\/li><\/ul><\/nav><\/div>\n<h2><span class=\"ez-toc-section\" id=\"putnam-county-tn-visa-attorney\"><\/span>Putnam County Abogado de visados TN<span class=\"ez-toc-section-end\"><\/span><\/h2>\n<p>El programa de visados TN es com\u00fanmente aprovechado por las empresas en Putnam County que buscan fortalecer su fuerza de trabajo y promover sus objetivos de negocio mediante la contrataci\u00f3n de profesionales cualificados de M\u00e9xico y Canad\u00e1. En <strong>abogado con experiencia en visados Putnam County TN<\/strong> de <a href=\"https:\/\/ppid.com\/es\/firm\/\">Pollack, Pollack, Isaac &amp; DeCicco<\/a> est\u00e1 deseando ayudarle a usted o a su empresa a navegar por el complejo proceso de solicitud del visado TN y a resolver cualquier problema que pueda surgir.<\/p>\n<h2><span class=\"ez-toc-section\" id=\"the-basics-applying-for-a-tn-visa-to-work-in-putnam-county\"><\/span>Informaci\u00f3n b\u00e1sica: Solicitar un visado TN para trabajar en Putnam County<span class=\"ez-toc-section-end\"><\/span><\/h2>\n<p>El visado TN es un visado temporal de no inmigrante disponible para ciudadanos canadienses y mexicanos. Para poder optar a \u00e9l, deben tener una oferta de trabajo en una profesi\u00f3n incluida en una lista que figura en la <a href=\"https:\/\/ustr.gov\/trade-agreements\/free-trade-agreements\/united-states-mexico-canada-agreement\" target=\"_blank\" rel=\"noopener\">Acuerdo Estados Unidos-M\u00e9xico-Canad\u00e1<\/a> (USMCA), el sucesor del Tratado de Libre Comercio de Am\u00e9rica del Norte (TLCAN). En virtud del programa de visados TN, los extranjeros acceden a diversas oportunidades econ\u00f3micas para optar a puestos de trabajo en Putnam County y en otros lugares de Estados Unidos.<\/p>\n<p>Los solicitantes de visados TN no pueden trabajar por cuenta propia ni ser autopatrocinados. Para poder optar a un visado TN, los solicitantes necesitan una oferta de trabajo en una profesi\u00f3n aprobada por la USMCA, y deben tener la experiencia, las credenciales y la educaci\u00f3n pertinentes adecuadas para desempe\u00f1ar con \u00e9xito el trabajo. Las profesiones m\u00e1s comunes de los titulares de visados TN en el Putnam County incluyen cient\u00edficos, contables, profesores e ingenieros.<\/p>\n<p>Los ciudadanos canadienses tienen un proceso de solicitud de visado TN m\u00e1s sencillo que el de los ciudadanos mexicanos. Los ciudadanos canadienses pueden presentar sus documentos requeridos, tales como prueba de ciudadan\u00eda, evaluaci\u00f3n de credenciales, y una carta de oferta de trabajo, en un puerto de entrada de EE.UU.. Es posible que se les conceda el visado el mismo d\u00eda en que presenten la solicitud.<\/p>\n<p>Los ciudadanos mexicanos necesitan pasar por el proceso consular para obtener un visado antes de poder viajar a EE.UU. Los plazos de tramitaci\u00f3n pueden durar un par de semanas, pero es posible solicitar la tramitaci\u00f3n acelerada, que puede acelerar los tiempos de solicitud. Un abogado con experiencia <a href=\"https:\/\/www.putnamcountyny.gov\/\" target=\"_blank\" rel=\"noopener\">Putnam County<\/a> El abogado de visado TN de PPID est\u00e1 dispuesto a ayudar a su empresa y a sus futuros empleados a navegar eficientemente por el proceso de solicitud de visado TN.<\/p>\n<h2><span class=\"ez-toc-section\" id=\"why-work-with-a-putnam-county-tn-visa-lawyer-from-pollack-pollack-isaac-decicco\"><\/span>\u00bfPor qu\u00e9 trabajar con un abogado de visas Putnam County TN de Pollack, Pollack, Isaac &amp; DeCicco?<span class=\"ez-toc-section-end\"><\/span><\/h2>\n<p>Nuestro compasivo equipo de inmigraci\u00f3n ha combinado d\u00e9cadas de experiencia ayudando a empleadores y futuros empleados a navegar las complejidades del programa de visas TN. No importa los detalles de su caso, y cualquier complejidad que usted puede estar tratando, estamos aqu\u00ed para proporcionar nuestro apoyo legal completo. <strong>En concreto, podemos ayudarle con lo siguiente:<\/strong><\/p>\n<ul>\n<li><strong>Atenci\u00f3n personalizada.<\/strong> En <a href=\"https:\/\/ppid.com\/es\/attorney\/\">abogado experimentado de nuestro bufete<\/a> puede trabajar estrechamente con usted para entender los detalles de su caso, as\u00ed como sus objetivos personales y profesionales. Podemos asegurarnos de que cumple los requisitos para el visado TN y ver si el programa est\u00e1 alineado con sus objetivos. Juntos, podemos crear una estrategia legal personalizada para ayudarle a aprovechar eficientemente el programa de visado TN.<\/li>\n<li><strong>Recopilaci\u00f3n de documentos cr\u00edticos.<\/strong> Si usted es un empleador que busca obtener apoyo para su futuro empleado o un ciudadano mexicano o canadiense que solicita una visa TN, un abogado diligente de nuestra firma puede ayudarle a obtener la documentaci\u00f3n completa y suficiente requerida para una solicitud exitosa.<\/li>\n<li><strong>Anticiparse a los obst\u00e1culos.<\/strong> Un abogado de nuestro bufete puede revisar minuciosamente su caso para determinar si podr\u00edan surgir problemas o desaf\u00edos particulares. A continuaci\u00f3n, pueden modificar su estrategia legal en consecuencia para evitar posibles retrasos o errores en su solicitud.<\/li>\n<\/ul>\n<h3><span class=\"ez-toc-section\" id=\"faqs\"><\/span>Preguntas frecuentes<span class=\"ez-toc-section-end\"><\/span><\/h3>\n<div class=\"accsec-ritcnt accordion\">\n<div class=\"accordion-section\">\n<h3><span class=\"ez-toc-section\" id=\"is-the-tn-visa-better-than-the-h1b-visa\"><\/span><a class=\"accordion-section-title active\" href=\"#accordion-1\"> \u00bfEs mejor el visado TN que el H1B?<\/a><span class=\"ez-toc-section-end\"><\/span><\/h3>\n<div id=\"accordion-1\" class=\"accordion-section-content open\" style=\"display: block;\">\n<p>Que el visado TN sea mejor que el visado H-1B depende de su caso y de sus necesidades. Mientras que el visado H-1B tiene un n\u00famero limitado de visados que pueden asignarse cada a\u00f1o, el n\u00famero de visados TN es ilimitado. El visado TN tambi\u00e9n puede renovarse indefinidamente, mientras que el visado H-1B s\u00f3lo puede renovarse por un n\u00famero determinado de a\u00f1os. Sin embargo, el visado TN s\u00f3lo es aplicable a los ciudadanos mexicanos y canadienses.<\/p>\n<\/div>\n<div class=\"accordion-section\">\n<h3><span class=\"ez-toc-section\" id=\"can-you-marry-a-us-citizen-if-you-have-a-tn-visa\"><\/span><a class=\"accordion-section-title\" href=\"#accordion-2\">\u00bfPuede casarse con un ciudadano estadounidense si tiene un visado TN?<\/a><span class=\"ez-toc-section-end\"><\/span><\/h3>\n<div id=\"accordion-2\" class=\"accordion-section-content\" style=\"display: none;\">\n<p>S\u00ed, es posible casarse con un ciudadano estadounidense mientras trabaja en el pa\u00eds con un visado TN. Sin embargo, como el visado TN es un visado temporal, de no inmigrante, tendr\u00e1 que ajustar su estatus si quiere seguir viviendo en EE.UU. indefinidamente. Despu\u00e9s de consumar su matrimonio, puede solicitar una tarjeta verde patrocinada por el matrimonio. Si su solicitud es aceptada, usted <a href=\"https:\/\/ppid.com\/es\/putnam-county-green-card-lawyer\/\">recibir una tarjeta verde condicional<\/a>.<\/p>\n<\/div>\n<\/div>\n<div class=\"accordion-section\">\n<h3><span class=\"ez-toc-section\" id=\"what-job-do-people-on-tn-visas-usually-have\"><\/span><a class=\"accordion-section-title\" href=\"#accordion-3\">\u00bfQu\u00e9 trabajo suelen tener las personas con visado TN?<\/a><span class=\"ez-toc-section-end\"><\/span><\/h3>\n<div id=\"accordion-3\" class=\"accordion-section-content\" style=\"display: none;\">\n<p>Las personas que trabajan en Estados Unidos con visados TN se dedican a ocupaciones profesionales incluidas en las directrices del USMCA. Dichos empleos suelen incluir a profesionales m\u00e9dicos, arquitectos, analistas de sistemas inform\u00e1ticos, ingenieros, cient\u00edficos, profesores y contables. El puesto potencial en el que trabajar\u00e1 el solicitante debe estar en consonancia con una profesi\u00f3n aprobada por el USMCA, y los solicitantes deben demostrar las cualificaciones pertinentes.<\/p>\n<\/div>\n<\/div>\n<div class=\"accordion-section\">\n<h3><span class=\"ez-toc-section\" id=\"who-pays-for-a-tn-visa\"><\/span><a class=\"accordion-section-title\" href=\"#accordion-4\"> \u00bfQui\u00e9n paga el visado TN?<\/a><span class=\"ez-toc-section-end\"><\/span><\/h3>\n<div id=\"accordion-4\" class=\"accordion-section-content\" style=\"display: none;\">\n<p>Normalmente, las solicitudes de visado TN corren a cargo del solicitante. Sin embargo, dependiendo de la situaci\u00f3n, los posibles empleadores pueden aceptar cubrir los costes. Los ciudadanos canadienses deben pagar la tasa en el lugar de inspecci\u00f3n previa al vuelo o en un puerto de entrada a EE.UU. Los ciudadanos mexicanos deben pagar las tasas de tramitaci\u00f3n a trav\u00e9s del USCIS. Las tasas de tramitaci\u00f3n Premium pueden ser cubiertas por el empleador o el solicitante sobre la base de un acuerdo mutuo.<\/p>\n<\/div>\n<\/div>\n<\/div>\n<\/div>\n<h2><span class=\"ez-toc-section\" id=\"simplify-the-tn-visa-application-process-with-an-experienced-immigration-lawyer\"><\/span>Simplificar el proceso de solicitud de visado TN con un abogado de inmigraci\u00f3n con experiencia<span class=\"ez-toc-section-end\"><\/span><\/h2>\n<p>Comenzar su nuevo trabajo en Putnam County o traer a los mejores talentos extranjeros a trav\u00e9s del programa de visado TN debe ser una fuente de entusiasmo, no de estr\u00e9s. Un abogado experimentado y compasivo de nuestro bufete puede asumir las responsabilidades burocr\u00e1ticas y legales del proceso de solicitud de visado TN para usted. De esta manera, usted puede centrarse en lo que realmente importa. <a href=\"https:\/\/ppid.com\/es\/contact\/\">P\u00f3ngase en contacto con nosotros hoy mismo para empezar a trabajar en su caso<\/a>.<\/p>\n<p><iframe loading=\"lazy\" style=\"border: 0;\" src=\"https:\/\/www.google.com\/maps\/embed?pb=!1m18!1m12!1m3!1d382944.7158526736!2d-74.38016371227954!3d41.42282389856077!2m3!1f0!2f0!3f0!3m2!1i1024!2i768!4f13.1!3m3!1m2!1s0x89c2b98a6b7b2983%3A0xea195b2e692faba5!2sPutnam%20County%2C%20NY%2C%20USA!5e0!3m2!1sen!2sin!4v1750682222950!5m2!1sen!2sin\" width=\"100%\" height=\"300\" allowfullscreen=\"allowfullscreen\"><\/iframe><\/p>","protected":false},"excerpt":{"rendered":"<p>Putnam County TN Visa Attorney The TN visa program is commonly leveraged by companies in Putnam County that are looking to strengthen their workforce and further their business objectives by hiring qualified professionals from Mexico and Canada. An experienced Putnam County TN visa lawyer from Pollack, Pollack, Isaac &amp; DeCicco is eager to support you &hellip; <\/p>\n<p class=\"link-more\"><a href=\"https:\/\/ppid.com\/es\/putnam-county-tn-visa-lawyer\/\" class=\"more-link\">Seguir leyendo<span class=\"screen-reader-text\"> &#8220;Putnam County TN Visa Lawyer&#8221;<\/span><\/a><\/p>","protected":false},"author":1,"featured_media":0,"parent":0,"menu_order":0,"comment_status":"closed","ping_status":"closed","template":"","meta":{"_acf_changed":false,"footnotes":""},"class_list":["post-1202","page","type-page","status-publish","hentry","entry"],"acf":[],"yoast_head":"<!-- This site is optimized with the Yoast SEO Premium plugin v26.8 (Yoast SEO v26.8) - https:\/\/yoast.com\/product\/yoast-seo-premium-wordpress\/ -->\n<title>Putnam County TN Visa Lawyer - NAFTA Professionals Visa<\/title>\n<meta name=\"description\" content=\"Need a reliable Putnam County TN Visa Lawyer? PPID specializes in visa applications and immigration legal services. Contact us for expert help today!\" \/>\n<meta name=\"robots\" content=\"index, follow, max-snippet:-1, max-image-preview:large, max-video-preview:-1\" \/>\n<link rel=\"canonical\" href=\"https:\/\/ppid.com\/es\/putnam-county-tn-visa-lawyer\/\" \/>\n<meta property=\"og:locale\" content=\"es_MX\" \/>\n<meta property=\"og:type\" content=\"article\" \/>\n<meta property=\"og:title\" content=\"Putnam County TN Visa Lawyer\" \/>\n<meta property=\"og:description\" content=\"Need a reliable Putnam County TN Visa Lawyer? PPID specializes in visa applications and immigration legal services. Contact us for expert help today!\" \/>\n<meta property=\"og:url\" content=\"https:\/\/ppid.com\/es\/putnam-county-tn-visa-lawyer\/\" \/>\n<meta property=\"og:site_name\" content=\"Pollack, Pollack, Isaac &amp; DeCicco, LLP\" \/>\n<meta property=\"article:modified_time\" content=\"2025-09-15T06:09:51+00:00\" \/>\n<meta name=\"twitter:card\" content=\"summary_large_image\" \/>\n<meta name=\"twitter:label1\" content=\"Tiempo de lectura\" \/>\n\t<meta name=\"twitter:data1\" content=\"5 minutos\" \/>\n<!-- \/ Yoast SEO Premium plugin. -->","yoast_head_json":{"title":"Putnam County TN Visa Lawyer - Visado NAFTA para profesionales","description":"\u00bfNecesita un abogado confiable Putnam County TN Visa? PPID se especializa en solicitudes de visa y servicios legales de inmigraci\u00f3n. \u00a1P\u00f3ngase en contacto con nosotros para obtener ayuda de expertos hoy!","robots":{"index":"index","follow":"follow","max-snippet":"max-snippet:-1","max-image-preview":"max-image-preview:large","max-video-preview":"max-video-preview:-1"},"canonical":"https:\/\/ppid.com\/es\/putnam-county-tn-visa-lawyer\/","og_locale":"es_MX","og_type":"article","og_title":"Putnam County TN Visa Lawyer","og_description":"Need a reliable Putnam County TN Visa Lawyer? PPID specializes in visa applications and immigration legal services. Contact us for expert help today!","og_url":"https:\/\/ppid.com\/es\/putnam-county-tn-visa-lawyer\/","og_site_name":"Pollack, Pollack, Isaac &amp; DeCicco, LLP","article_modified_time":"2025-09-15T06:09:51+00:00","twitter_card":"summary_large_image","twitter_misc":{"Tiempo de lectura":"5 minutos"},"schema":{"@context":"https:\/\/schema.org","@graph":[{"@type":"WebPage","@id":"https:\/\/ppid.com\/putnam-county-tn-visa-lawyer\/","url":"https:\/\/ppid.com\/putnam-county-tn-visa-lawyer\/","name":"Putnam County TN Visa Lawyer - Visado NAFTA para profesionales","isPartOf":{"@id":"https:\/\/ppid.com\/#website"},"datePublished":"2024-10-03T20:48:23+00:00","dateModified":"2025-09-15T06:09:51+00:00","description":"\u00bfNecesita un abogado confiable Putnam County TN Visa? PPID se especializa en solicitudes de visa y servicios legales de inmigraci\u00f3n. \u00a1P\u00f3ngase en contacto con nosotros para obtener ayuda de expertos hoy!","breadcrumb":{"@id":"https:\/\/ppid.com\/putnam-county-tn-visa-lawyer\/#breadcrumb"},"inLanguage":"es","potentialAction":[{"@type":"ReadAction","target":["https:\/\/ppid.com\/putnam-county-tn-visa-lawyer\/"]}]},{"@type":"BreadcrumbList","@id":"https:\/\/ppid.com\/putnam-county-tn-visa-lawyer\/#breadcrumb","itemListElement":[{"@type":"ListItem","position":1,"name":"Home","item":"https:\/\/ppid.com\/"},{"@type":"ListItem","position":2,"name":"Putnam County TN Visa Lawyer"}]},{"@type":"WebSite","@id":"https:\/\/ppid.com\/#website","url":"https:\/\/ppid.com\/","name":"Pollack, Pollack, Isaac &amp; DeCicco, LLP","description":"","potentialAction":[{"@type":"SearchAction","target":{"@type":"EntryPoint","urlTemplate":"https:\/\/ppid.com\/?s={search_term_string}"},"query-input":{"@type":"PropertyValueSpecification","valueRequired":true,"valueName":"search_term_string"}}],"inLanguage":"es"}]}},"_links":{"self":[{"href":"https:\/\/ppid.com\/es\/wp-json\/wp\/v2\/pages\/1202","targetHints":{"allow":["GET"]}}],"collection":[{"href":"https:\/\/ppid.com\/es\/wp-json\/wp\/v2\/pages"}],"about":[{"href":"https:\/\/ppid.com\/es\/wp-json\/wp\/v2\/types\/page"}],"author":[{"embeddable":true,"href":"https:\/\/ppid.com\/es\/wp-json\/wp\/v2\/users\/1"}],"replies":[{"embeddable":true,"href":"https:\/\/ppid.com\/es\/wp-json\/wp\/v2\/comments?post=1202"}],"version-history":[{"count":0,"href":"https:\/\/ppid.com\/es\/wp-json\/wp\/v2\/pages\/1202\/revisions"}],"wp:attachment":[{"href":"https:\/\/ppid.com\/es\/wp-json\/wp\/v2\/media?parent=1202"}],"curies":[{"name":"wp","href":"https:\/\/api.w.org\/{rel}","templated":true}]}}