{"id":1205,"date":"2024-10-03T21:04:49","date_gmt":"2024-10-03T21:04:49","guid":{"rendered":"https:\/\/ppidllp.wpenginepowered.com\/?page_id=1205"},"modified":"2025-09-15T06:18:46","modified_gmt":"2025-09-15T06:18:46","slug":"rockland-county-tn-visa-lawyer","status":"publish","type":"page","link":"https:\/\/ppid.com\/es\/rockland-county-tn-visa-lawyer\/","title":{"rendered":"Rockland County Abogado visado TN"},"content":{"rendered":"<div id=\"ez-toc-container\" class=\"ez-toc-v2_0_80 counter-hierarchy ez-toc-counter ez-toc-transparent ez-toc-container-direction\">\n<div class=\"ez-toc-title-container\">\n<p class=\"ez-toc-title ez-toc-toggle\" style=\"cursor:pointer\">\u00cdndice<\/p>\n<span class=\"ez-toc-title-toggle\"><a href=\"#\" class=\"ez-toc-pull-right ez-toc-btn ez-toc-btn-xs ez-toc-btn-default ez-toc-toggle\" aria-label=\"Toggle Table of Content\"><span class=\"ez-toc-js-icon-con\"><span class=\"\"><span class=\"eztoc-hide\" style=\"display:none;\">Toggle<\/span><span class=\"ez-toc-icon-toggle-span\"><svg style=\"fill: #999;color:#999\" xmlns=\"http:\/\/www.w3.org\/2000\/svg\" class=\"list-377408\" width=\"20px\" height=\"20px\" viewbox=\"0 0 24 24\" fill=\"none\"><path d=\"M6 6H4v2h2V6zm14 0H8v2h12V6zM4 11h2v2H4v-2zm16 0H8v2h12v-2zM4 16h2v2H4v-2zm16 0H8v2h12v-2z\" fill=\"currentColor\"><\/path><\/svg><svg style=\"fill: #999;color:#999\" class=\"arrow-unsorted-368013\" xmlns=\"http:\/\/www.w3.org\/2000\/svg\" width=\"10px\" height=\"10px\" viewbox=\"0 0 24 24\" version=\"1.2\" baseprofile=\"tiny\"><path d=\"M18.2 9.3l-6.2-6.3-6.2 6.3c-.2.2-.3.4-.3.7s.1.5.3.7c.2.2.4.3.7.3h11c.3 0 .5-.1.7-.3.2-.2.3-.5.3-.7s-.1-.5-.3-.7zM5.8 14.7l6.2 6.3 6.2-6.3c.2-.2.3-.5.3-.7s-.1-.5-.3-.7c-.2-.2-.4-.3-.7-.3h-11c-.3 0-.5.1-.7.3-.2.2-.3.5-.3.7s.1.5.3.7z\"\/><\/svg><\/span><\/span><\/span><\/a><\/span><\/div>\n<nav><ul class='ez-toc-list ez-toc-list-level-1 eztoc-toggle-hide-by-default' ><li class='ez-toc-page-1 ez-toc-heading-level-2'><a class=\"ez-toc-link ez-toc-heading-1\" href=\"https:\/\/ppid.com\/es\/rockland-county-tn-visa-lawyer\/#rockland-county-tn-visa-attorney\" >Rockland County Abogado de visados TN<\/a><\/li><li class='ez-toc-page-1 ez-toc-heading-level-2'><a class=\"ez-toc-link ez-toc-heading-2\" href=\"https:\/\/ppid.com\/es\/rockland-county-tn-visa-lawyer\/#pollack-pollack-isaac-decicco-your-rockland-county-tn-visa-lawyers\" >Pollack, Pollack, Isaac &amp; DeCicco: Sus Abogados de Visa Rockland County TN<\/a><\/li><li class='ez-toc-page-1 ez-toc-heading-level-2'><a class=\"ez-toc-link ez-toc-heading-3\" href=\"https:\/\/ppid.com\/es\/rockland-county-tn-visa-lawyer\/#is-the-tn-visa-right-for-me\" >\u00bfEs el visado TN adecuado para m\u00ed?<\/a><\/li><li class='ez-toc-page-1 ez-toc-heading-level-2'><a class=\"ez-toc-link ez-toc-heading-4\" href=\"https:\/\/ppid.com\/es\/rockland-county-tn-visa-lawyer\/#faqs\" >Preguntas frecuentes<\/a><ul class='ez-toc-list-level-3' ><li class='ez-toc-heading-level-3'><a class=\"ez-toc-link ez-toc-heading-5\" href=\"https:\/\/ppid.com\/es\/rockland-county-tn-visa-lawyer\/#can-i-convert-my-tn-visa-to-a-green-card\" >\u00bfPuedo convertir mi visado TN en tarjeta verde?<\/a><\/li><li class='ez-toc-page-1 ez-toc-heading-level-3'><a class=\"ez-toc-link ez-toc-heading-6\" href=\"https:\/\/ppid.com\/es\/rockland-county-tn-visa-lawyer\/#what-job-do-i-need-for-a-tn-visa\" >\u00bfQu\u00e9 trabajo necesito para un visado TN?<\/a><\/li><li class='ez-toc-page-1 ez-toc-heading-level-3'><a class=\"ez-toc-link ez-toc-heading-7\" href=\"https:\/\/ppid.com\/es\/rockland-county-tn-visa-lawyer\/#how-fast-can-you-get-a-tn-visa\" >\u00bfEn cu\u00e1nto tiempo se puede obtener un visado TN?<\/a><\/li><li class='ez-toc-page-1 ez-toc-heading-level-3'><a class=\"ez-toc-link ez-toc-heading-8\" href=\"https:\/\/ppid.com\/es\/rockland-county-tn-visa-lawyer\/#is-it-worth-it-to-get-an-immigration-lawyer-for-a-tn-visa\" >\u00bfMerece la pena contratar a un abogado de inmigraci\u00f3n para un visado TN?<\/a><\/li><\/ul><\/li><li class='ez-toc-page-1 ez-toc-heading-level-2'><a class=\"ez-toc-link ez-toc-heading-9\" href=\"https:\/\/ppid.com\/es\/rockland-county-tn-visa-lawyer\/#work-with-a-rockland-county-tn-visa-lawyer-to-advance-your-objectives\" >Trabaje con un abogado especializado en visados Rockland County TN para avanzar en sus objetivos<\/a><\/li><\/ul><\/nav><\/div>\n<h2><span class=\"ez-toc-section\" id=\"rockland-county-tn-visa-attorney\"><\/span>Rockland County Abogado de visados TN<span class=\"ez-toc-section-end\"><\/span><\/h2>\n<p>El Rockland County ofrece diversas oportunidades econ\u00f3micas tanto a los posibles empleados como a las empresas. A trav\u00e9s del programa de visas TN, que se enmarca en el Acuerdo Estados Unidos-M\u00e9xico-Canad\u00e1 (USMCA), las corporaciones pueden contratar a los mejores talentos de M\u00e9xico y Canad\u00e1, promoviendo sus intereses comerciales en Rockland County. Un <strong>abogado con experiencia en visados Rockland County TN<\/strong> de Pollack, Pollack, Isaac &amp; DeCicco est\u00e1 aqu\u00ed para apoyarle.<\/p>\n<p>Tanto para las empresas como para los particulares puede resultar complejo y confuso saber si cumplen determinados requisitos para el programa de visados TN. Adem\u00e1s, navegar por el proceso de solicitud puede ser inquietante y poco claro. Un abogado con experiencia en visas TN Rockland County de nuestra firma est\u00e1 dispuesto a apoyarlo a usted o a su negocio. Ellos pueden encontrar soluciones a cualquier problema que pueda estar enfrentando en relaci\u00f3n con el programa de visas TN.<\/p>\n<h2><span class=\"ez-toc-section\" id=\"pollack-pollack-isaac-decicco-your-rockland-county-tn-visa-lawyers\"><\/span>Pollack, Pollack, Isaac &amp; DeCicco: Sus Abogados de Visa Rockland County TN<span class=\"ez-toc-section-end\"><\/span><\/h2>\n<p>En <a href=\"https:\/\/ppid.com\/es\/firm\/\">PPID<\/a>Nuestro equipo de inmigraci\u00f3n cuenta con d\u00e9cadas de <a href=\"https:\/\/ppid.com\/es\/testimonials\/\">experiencia combinada en ayudar a los clientes<\/a> navegar con \u00e9xito el proceso de solicitud de visado TN. Adem\u00e1s, podemos ayudar con las renovaciones y extensiones, as\u00ed como abordar cualquier problema que pueda surgir. Nuestra exitosa y reconocida firma de inmigraci\u00f3n se compromete a ayudar a los empleados y las empresas a fortalecer sus objetivos en <a href=\"https:\/\/en.wikipedia.org\/wiki\/Rockland_County,_New_York\" target=\"_blank\" rel=\"noopener\">Rockland County<\/a>.<\/p>\n<h2><span class=\"ez-toc-section\" id=\"is-the-tn-visa-right-for-me\"><\/span>\u00bfEs el visado TN adecuado para m\u00ed?<span class=\"ez-toc-section-end\"><\/span><\/h2>\n<p>Si es usted extranjero y est\u00e1 interesado en trabajar en Rockland County, es probable que est\u00e9 considerando diversas opciones de inmigraci\u00f3n para perseguir sus objetivos personales y profesionales en la zona. <strong>Un visado Rockland County TN con experiencia <a href=\"https:\/\/ppid.com\/es\/attorney\/\">abogado de nuestro bufete<\/a> puede ayudarle a considerar los siguientes factores para determinar si el visado TN es adecuado para su caso:<\/strong><\/p>\n<ul>\n<li><strong>Requisitos de ciudadan\u00eda.<\/strong> S\u00f3lo las personas con un pasaporte v\u00e1lido que demuestre que son ciudadanos de M\u00e9xico o Canad\u00e1 pueden solicitar una visa TN. Si usted es un ciudadano extranjero de otro pa\u00eds que no sea M\u00e9xico o Canad\u00e1, un abogado experto de nuestra firma puede ayudarle a explorar otras v\u00edas de inmigraci\u00f3n que se alinean con su caso y objetivos.<\/li>\n<li><strong>Requisitos de la oferta de empleo.<\/strong> Los solicitantes elegibles para un visado TN deben tener una oferta de trabajo de un empleador de EE.UU. para un puesto que entre en la lista USMCA de profesiones aprobadas. Adem\u00e1s de la oferta de trabajo, los solicitantes tendr\u00e1n que demostrar que tienen suficientes certificaciones de experiencia laboral, y la educaci\u00f3n para manejar el papel para el que est\u00e1n siendo contratados. Un abogado de nuestro bufete puede ayudarle a reunir la documentaci\u00f3n necesaria para respaldar una solicitud s\u00f3lida.<\/li>\n<li><strong>Duraci\u00f3n de la estancia deseada.<\/strong> Dado que el visado TN es un visado temporal, de no inmigrante, no es adecuado para solicitantes que pretendan emigrar permanentemente a Estados Unidos. Los solicitantes de un visado TN no pueden tener la intenci\u00f3n de establecerse en los EE.UU., por lo que deben demostrar sus v\u00ednculos existentes con su pa\u00eds de origen. Si est\u00e1 interesado en obtener la residencia permanente, otra opci\u00f3n de inmigraci\u00f3n puede ser mejor para usted.<\/li>\n<li><strong>Tus objetivos profesionales.<\/strong> Su experiencia profesional y sus objetivos pueden no coincidir con las profesiones requeridas por el USMCA. Un abogado con experiencia de nuestra firma puede ayudarle a buscar otras v\u00edas de inmigraci\u00f3n para que pueda pasar a Rockland County sin sacrificar sus objetivos profesionales.<\/li>\n<li><strong>Tu familia.<\/strong> Si su visado TN es aceptado, sus familiares cercanos pueden solicitar un visado TD para vivir en Estados Unidos con usted. Sin embargo, las personas con un visado TD no tienen permiso de trabajo. Por lo tanto, es fundamental tener en cuenta la din\u00e1mica familiar al considerar el programa de visados TN.<\/li>\n<\/ul>\n<p>Un abogado de inmigraci\u00f3n experimentado y reflexivo de PPID puede examinar todos los detalles de su caso, ayud\u00e1ndole a determinar si el programa de visado TN es adecuado para usted y su familia. Juntos, podemos trabajar para desarrollar e implementar una estrategia de inmigraci\u00f3n \u00f3ptima que refleje sus objetivos e intereses.<\/p>\n<h2><span class=\"ez-toc-section\" id=\"faqs\"><\/span>Preguntas frecuentes<span class=\"ez-toc-section-end\"><\/span><\/h2>\n<div class=\"accsec-ritcnt accordion\">\n<div class=\"accordion-section\">\n<h3><span class=\"ez-toc-section\" id=\"can-i-convert-my-tn-visa-to-a-green-card\"><\/span><a class=\"accordion-section-title active\" href=\"#accordion-1\"> \u00bfPuedo convertir mi visado TN en tarjeta verde?<\/a><span class=\"ez-toc-section-end\"><\/span><\/h3>\n<div id=\"accordion-1\" class=\"accordion-section-content open\" style=\"display: block;\">\n<p>No es posible convertir un visado TN directamente en una tarjeta verde, ya que este tipo de visado es un visado de no inmigrante. Dado que un visado TN se concede a solicitantes que no tienen intenci\u00f3n de permanecer en Estados Unidos a largo plazo, puede resultar complicado navegar por el proceso de solicitud de la tarjeta verde mientras se trabaja con un visado TN. Un abogado de inmigraci\u00f3n con experiencia puede ayudarle a obtener la tarjeta de residencia al tiempo que se asegura de mantener su estatus de no inmigrante.<\/p>\n<\/div>\n<div class=\"accordion-section\">\n<h3><span class=\"ez-toc-section\" id=\"what-job-do-i-need-for-a-tn-visa\"><\/span><a class=\"accordion-section-title\" href=\"#accordion-2\">\u00bfQu\u00e9 trabajo necesito para un visado TN?<br \/>\n<\/a><span class=\"ez-toc-section-end\"><\/span><\/h3>\n<div id=\"accordion-2\" class=\"accordion-section-content\" style=\"display: none;\">\n<p>Para poder optar a un visado TN, su trabajo debe figurar en la lista de ocupaciones cualificadas de la <a href=\"https:\/\/ustr.gov\/trade-agreements\/free-trade-agreements\/united-states-mexico-canada-agreement\" target=\"_blank\" rel=\"noopener\">USMCA<\/a>. Tales profesiones incluyen profesores, ingenieros, profesionales m\u00e9dicos y cient\u00edficos. Un abogado de inmigraci\u00f3n con experiencia puede ayudarle a entender si su oferta de trabajo cumple todos los requisitos para una solicitud de visado TN con \u00e9xito.<\/p>\n<\/div>\n<\/div>\n<div class=\"accordion-section\">\n<h3><span class=\"ez-toc-section\" id=\"how-fast-can-you-get-a-tn-visa\"><\/span><a class=\"accordion-section-title\" href=\"#accordion-3\"> \u00bfEn cu\u00e1nto tiempo se puede obtener un visado TN?<\/a><span class=\"ez-toc-section-end\"><\/span><\/h3>\n<div id=\"accordion-3\" class=\"accordion-section-content\" style=\"display: none;\">\n<p>El tiempo que se tarda en obtener un visado TN depende del m\u00e9todo de solicitud. Para los ciudadanos canadienses, es posible presentar todos los documentos requeridos y solicitarlo en un puerto de entrada a EE.UU., con la posibilidad de recibir el visado el mismo d\u00eda. Los ciudadanos mexicanos, sin embargo, deben pasar por la tramitaci\u00f3n consular, que puede tardar unas semanas. Sin embargo, se puede recurrir a la tramitaci\u00f3n premium para que la solicitud se tramite m\u00e1s r\u00e1pidamente.<\/p>\n<\/div>\n<\/div>\n<div class=\"accordion-section\">\n<h3><span class=\"ez-toc-section\" id=\"is-it-worth-it-to-get-an-immigration-lawyer-for-a-tn-visa\"><\/span><a class=\"accordion-section-title\" href=\"#accordion-4\">\u00bfMerece la pena contratar a un abogado de inmigraci\u00f3n para un visado TN?<\/a><span class=\"ez-toc-section-end\"><\/span><\/h3>\n<div id=\"accordion-4\" class=\"accordion-section-content\" style=\"display: none;\">\n<p>Dado que la solicitud de un visado TN suele ser compleja, normalmente se recomienda trabajar con un abogado de inmigraci\u00f3n con experiencia. Si usted o su empresa no est\u00e1n familiarizados con el proceso asociado al visado, o si le preocupa tener errores o retrasos en su solicitud, un abogado de inmigraci\u00f3n puede proporcionarle un apoyo crucial para optimizar sus posibilidades de \u00e9xito en la solicitud.<\/p>\n<\/div>\n<\/div>\n<\/div>\n<\/div>\n<h2><span class=\"ez-toc-section\" id=\"work-with-a-rockland-county-tn-visa-lawyer-to-advance-your-objectives\"><\/span>Trabaje con un abogado especializado en visados Rockland County TN para avanzar en sus objetivos<span class=\"ez-toc-section-end\"><\/span><\/h2>\n<p>El programa de visados TN se introdujo para impulsar el movimiento de talentos extranjeros a Estados Unidos y reforzar las asociaciones entre Estados Unidos, Canad\u00e1 y M\u00e9xico. Sin embargo, ciertos casos pueden ser complejos y largos, requiriendo tiempo y recursos cr\u00edticos. Un abogado experimentado en visas TN Rockland County de PPID puede ayudarle a presentar una solicitud de visa TN \u00f3ptima, ayud\u00e1ndole en \u00faltima instancia a alcanzar sus objetivos de empleo. <a href=\"https:\/\/ppid.com\/es\/contact\/\">P\u00f3ngase en contacto con nosotros<\/a>.<\/p>\n<p><iframe loading=\"lazy\" style=\"border: 0;\" src=\"https:\/\/www.google.com\/maps\/embed?pb=!1m18!1m12!1m3!1d192241.84138201142!2d-74.22560799609786!3d41.16117844501192!2m3!1f0!2f0!3f0!3m2!1i1024!2i768!4f13.1!3m3!1m2!1s0x89c2c9caf11a7127%3A0x1f98163a4a0f684e!2sRockland%20County%2C%20NY%2C%20USA!5e0!3m2!1sen!2sin!4v1750682077992!5m2!1sen!2sin\" width=\"100%\" height=\"300\" allowfullscreen=\"allowfullscreen\"><\/iframe><\/p>","protected":false},"excerpt":{"rendered":"<p>Rockland County TN Visa Attorney Rockland County offers various economic opportunities for prospective employees and businesses alike. Through the TN visa program, which falls under the United States-Mexico-Canada Agreement (USMCA), corporations can hire top talent from Mexico and Canada, advancing their business interests in Rockland County. An experienced Rockland County TN visa lawyer from Pollack, &hellip; <\/p>\n<p class=\"link-more\"><a href=\"https:\/\/ppid.com\/es\/rockland-county-tn-visa-lawyer\/\" class=\"more-link\">Seguir leyendo<span class=\"screen-reader-text\"> &#8220;Rockland County TN Visa Lawyer&#8221;<\/span><\/a><\/p>","protected":false},"author":1,"featured_media":0,"parent":0,"menu_order":0,"comment_status":"closed","ping_status":"closed","template":"","meta":{"_acf_changed":false,"footnotes":""},"class_list":["post-1205","page","type-page","status-publish","hentry","entry"],"acf":[],"yoast_head":"<!-- This site is optimized with the Yoast SEO Premium plugin v26.8 (Yoast SEO v26.8) - https:\/\/yoast.com\/product\/yoast-seo-premium-wordpress\/ -->\n<title>Rockland County TN Visa Lawyer | NAFTA Professionals Visa<\/title>\n<meta name=\"description\" content=\"Looking for a Rockland County TN Visa Lawyer? PPID provides reliable legal help for visa issues. Contact us today!\" \/>\n<meta name=\"robots\" content=\"index, follow, max-snippet:-1, max-image-preview:large, max-video-preview:-1\" \/>\n<link rel=\"canonical\" href=\"https:\/\/ppid.com\/es\/rockland-county-tn-visa-lawyer\/\" \/>\n<meta property=\"og:locale\" content=\"es_MX\" \/>\n<meta property=\"og:type\" content=\"article\" \/>\n<meta property=\"og:title\" content=\"Rockland County TN Visa Lawyer\" \/>\n<meta property=\"og:description\" content=\"Looking for a Rockland County TN Visa Lawyer? PPID provides reliable legal help for visa issues. Contact us today!\" \/>\n<meta property=\"og:url\" content=\"https:\/\/ppid.com\/es\/rockland-county-tn-visa-lawyer\/\" \/>\n<meta property=\"og:site_name\" content=\"Pollack, Pollack, Isaac &amp; DeCicco, LLP\" \/>\n<meta property=\"article:modified_time\" content=\"2025-09-15T06:18:46+00:00\" \/>\n<meta name=\"twitter:card\" content=\"summary_large_image\" \/>\n<meta name=\"twitter:label1\" content=\"Tiempo de lectura\" \/>\n\t<meta name=\"twitter:data1\" content=\"5 minutos\" \/>\n<!-- \/ Yoast SEO Premium plugin. -->","yoast_head_json":{"title":"Rockland County TN Visa Lawyer | NAFTA Professionals Visa","description":"\u00bfBusca un abogado especializado en visados Rockland County TN? PPID proporciona ayuda legal confiable para asuntos de visas. \u00a1Cont\u00e1ctenos hoy mismo!","robots":{"index":"index","follow":"follow","max-snippet":"max-snippet:-1","max-image-preview":"max-image-preview:large","max-video-preview":"max-video-preview:-1"},"canonical":"https:\/\/ppid.com\/es\/rockland-county-tn-visa-lawyer\/","og_locale":"es_MX","og_type":"article","og_title":"Rockland County TN Visa Lawyer","og_description":"Looking for a Rockland County TN Visa Lawyer? PPID provides reliable legal help for visa issues. Contact us today!","og_url":"https:\/\/ppid.com\/es\/rockland-county-tn-visa-lawyer\/","og_site_name":"Pollack, Pollack, Isaac &amp; DeCicco, LLP","article_modified_time":"2025-09-15T06:18:46+00:00","twitter_card":"summary_large_image","twitter_misc":{"Tiempo de lectura":"5 minutos"},"schema":{"@context":"https:\/\/schema.org","@graph":[{"@type":"WebPage","@id":"https:\/\/ppid.com\/rockland-county-tn-visa-lawyer\/","url":"https:\/\/ppid.com\/rockland-county-tn-visa-lawyer\/","name":"Rockland County TN Visa Lawyer | NAFTA Professionals Visa","isPartOf":{"@id":"https:\/\/ppid.com\/#website"},"datePublished":"2024-10-03T21:04:49+00:00","dateModified":"2025-09-15T06:18:46+00:00","description":"\u00bfBusca un abogado especializado en visados Rockland County TN? PPID proporciona ayuda legal confiable para asuntos de visas. \u00a1Cont\u00e1ctenos hoy mismo!","breadcrumb":{"@id":"https:\/\/ppid.com\/rockland-county-tn-visa-lawyer\/#breadcrumb"},"inLanguage":"es","potentialAction":[{"@type":"ReadAction","target":["https:\/\/ppid.com\/rockland-county-tn-visa-lawyer\/"]}]},{"@type":"BreadcrumbList","@id":"https:\/\/ppid.com\/rockland-county-tn-visa-lawyer\/#breadcrumb","itemListElement":[{"@type":"ListItem","position":1,"name":"Home","item":"https:\/\/ppid.com\/"},{"@type":"ListItem","position":2,"name":"Rockland County TN Visa Lawyer"}]},{"@type":"WebSite","@id":"https:\/\/ppid.com\/#website","url":"https:\/\/ppid.com\/","name":"Pollack, Pollack, Isaac &amp; DeCicco, LLP","description":"","potentialAction":[{"@type":"SearchAction","target":{"@type":"EntryPoint","urlTemplate":"https:\/\/ppid.com\/?s={search_term_string}"},"query-input":{"@type":"PropertyValueSpecification","valueRequired":true,"valueName":"search_term_string"}}],"inLanguage":"es"}]}},"_links":{"self":[{"href":"https:\/\/ppid.com\/es\/wp-json\/wp\/v2\/pages\/1205","targetHints":{"allow":["GET"]}}],"collection":[{"href":"https:\/\/ppid.com\/es\/wp-json\/wp\/v2\/pages"}],"about":[{"href":"https:\/\/ppid.com\/es\/wp-json\/wp\/v2\/types\/page"}],"author":[{"embeddable":true,"href":"https:\/\/ppid.com\/es\/wp-json\/wp\/v2\/users\/1"}],"replies":[{"embeddable":true,"href":"https:\/\/ppid.com\/es\/wp-json\/wp\/v2\/comments?post=1205"}],"version-history":[{"count":0,"href":"https:\/\/ppid.com\/es\/wp-json\/wp\/v2\/pages\/1205\/revisions"}],"wp:attachment":[{"href":"https:\/\/ppid.com\/es\/wp-json\/wp\/v2\/media?parent=1205"}],"curies":[{"name":"wp","href":"https:\/\/api.w.org\/{rel}","templated":true}]}}