{"id":1208,"date":"2024-10-03T21:08:35","date_gmt":"2024-10-03T21:08:35","guid":{"rendered":"https:\/\/ppidllp.wpenginepowered.com\/?page_id=1208"},"modified":"2025-09-15T06:27:53","modified_gmt":"2025-09-15T06:27:53","slug":"westchester-tn-visa-lawyer","status":"publish","type":"page","link":"https:\/\/ppid.com\/es\/westchester-tn-visa-lawyer\/","title":{"rendered":"Westchester Condado TN Visa Abogado"},"content":{"rendered":"<div id=\"ez-toc-container\" class=\"ez-toc-v2_0_80 counter-hierarchy ez-toc-counter ez-toc-transparent ez-toc-container-direction\">\n<div class=\"ez-toc-title-container\">\n<p class=\"ez-toc-title ez-toc-toggle\" style=\"cursor:pointer\">\u00cdndice<\/p>\n<span class=\"ez-toc-title-toggle\"><a href=\"#\" class=\"ez-toc-pull-right ez-toc-btn ez-toc-btn-xs ez-toc-btn-default ez-toc-toggle\" aria-label=\"Toggle Table of Content\"><span class=\"ez-toc-js-icon-con\"><span class=\"\"><span class=\"eztoc-hide\" style=\"display:none;\">Toggle<\/span><span class=\"ez-toc-icon-toggle-span\"><svg style=\"fill: #999;color:#999\" xmlns=\"http:\/\/www.w3.org\/2000\/svg\" class=\"list-377408\" width=\"20px\" height=\"20px\" viewbox=\"0 0 24 24\" fill=\"none\"><path d=\"M6 6H4v2h2V6zm14 0H8v2h12V6zM4 11h2v2H4v-2zm16 0H8v2h12v-2zM4 16h2v2H4v-2zm16 0H8v2h12v-2z\" fill=\"currentColor\"><\/path><\/svg><svg style=\"fill: #999;color:#999\" class=\"arrow-unsorted-368013\" xmlns=\"http:\/\/www.w3.org\/2000\/svg\" width=\"10px\" height=\"10px\" viewbox=\"0 0 24 24\" version=\"1.2\" baseprofile=\"tiny\"><path d=\"M18.2 9.3l-6.2-6.3-6.2 6.3c-.2.2-.3.4-.3.7s.1.5.3.7c.2.2.4.3.7.3h11c.3 0 .5-.1.7-.3.2-.2.3-.5.3-.7s-.1-.5-.3-.7zM5.8 14.7l6.2 6.3 6.2-6.3c.2-.2.3-.5.3-.7s-.1-.5-.3-.7c-.2-.2-.4-.3-.7-.3h-11c-.3 0-.5.1-.7.3-.2.2-.3.5-.3.7s.1.5.3.7z\"\/><\/svg><\/span><\/span><\/span><\/a><\/span><\/div>\n<nav><ul class='ez-toc-list ez-toc-list-level-1 eztoc-toggle-hide-by-default' ><li class='ez-toc-page-1 ez-toc-heading-level-2'><a class=\"ez-toc-link ez-toc-heading-1\" href=\"https:\/\/ppid.com\/es\/westchester-tn-visa-lawyer\/#westchester-tn-visa-attorney\" >Westchester Abogado visado TN<\/a><\/li><li class='ez-toc-page-1 ez-toc-heading-level-2'><a class=\"ez-toc-link ez-toc-heading-2\" href=\"https:\/\/ppid.com\/es\/westchester-tn-visa-lawyer\/#what-is-a-tn-visa\" >\u00bfQu\u00e9 es un visado TN?<\/a><\/li><li class='ez-toc-page-1 ez-toc-heading-level-2'><a class=\"ez-toc-link ez-toc-heading-3\" href=\"https:\/\/ppid.com\/es\/westchester-tn-visa-lawyer\/#how-can-a-westchester-tn-visa-lawyer-help-me\" >\u00bfC\u00f3mo puede ayudarme un abogado especializado en visados Westchester TN?<\/a><\/li><li class='ez-toc-page-1 ez-toc-heading-level-2'><a class=\"ez-toc-link ez-toc-heading-4\" href=\"https:\/\/ppid.com\/es\/westchester-tn-visa-lawyer\/#faqs\" >Preguntas frecuentes<\/a><ul class='ez-toc-list-level-3' ><li class='ez-toc-heading-level-3'><a class=\"ez-toc-link ez-toc-heading-5\" href=\"https:\/\/ppid.com\/es\/westchester-tn-visa-lawyer\/#how-much-does-a-westchester-tn-visa-lawyer-cost\" >\u00bfCu\u00e1nto cuesta un abogado de visa Westchester TN?<\/a><\/li><li class='ez-toc-page-1 ez-toc-heading-level-3'><a class=\"ez-toc-link ez-toc-heading-6\" href=\"https:\/\/ppid.com\/es\/westchester-tn-visa-lawyer\/#what-does-a-tn-visa-do\" >\u00bfPara qu\u00e9 sirve un visado TN?<\/a><\/li><li class='ez-toc-page-1 ez-toc-heading-level-3'><a class=\"ez-toc-link ez-toc-heading-7\" href=\"https:\/\/ppid.com\/es\/westchester-tn-visa-lawyer\/#how-long-does-it-take-to-get-a-tn-visa\" >\u00bfCu\u00e1nto tiempo se tarda en obtener un visado TN?<\/a><\/li><\/ul><\/li><li class='ez-toc-page-1 ez-toc-heading-level-2'><a class=\"ez-toc-link ez-toc-heading-8\" href=\"https:\/\/ppid.com\/es\/westchester-tn-visa-lawyer\/#start-the-tn-visa-application-process-with-a-westchester-immigration-lawyer\" >Comience el proceso de solicitud de visado TN con un abogado de inmigraci\u00f3n Westchester<\/a><\/li><\/ul><\/nav><\/div>\n<h2><span class=\"ez-toc-section\" id=\"westchester-tn-visa-attorney\"><\/span>Westchester Abogado visado TN<span class=\"ez-toc-section-end\"><\/span><\/h2>\n<p>Los abogados de PPID ayudan a conseguir visados TN para trabajadores no inmigrantes canadienses y mexicanos.<\/p>\n<p>Individuos de todo el mundo est\u00e1n ansiosos por mudarse a Westchester, NY por su mir\u00edada de oportunidades econ\u00f3micas. El programa de visados TN est\u00e1 pensado para que los profesionales de M\u00e9xico y Canad\u00e1 puedan perseguir sus objetivos profesionales, y para que los empresarios puedan contratar a los mejores talentos.<\/p>\n<p>El programa de visados TN ofrece diversas ventajas a los profesionales canadienses y mexicanos. Tambi\u00e9n ayuda a las empresas en Westchester que buscan contratar talento extranjero para promover sus metas y objetivos de negocio. Aunque puede ser dif\u00edcil entender los requisitos espec\u00edficos del programa y navegar por sus desaf\u00edos asociados, un <strong>experimentado y compasivo Westchester TN visa abogado<\/strong> de <a href=\"https:\/\/ppid.com\/es\/firm\/\">PPID<\/a> est\u00e1 aqu\u00ed para apoyarle.<\/p>\n<h2><span class=\"ez-toc-section\" id=\"what-is-a-tn-visa\"><\/span>\u00bfQu\u00e9 es un visado TN?<span class=\"ez-toc-section-end\"><\/span><\/h2>\n<p>Un visado TN es un visado temporal de no inmigrante que se ofrece a los ciudadanos de M\u00e9xico y Canad\u00e1 como parte del Acuerdo Estados Unidos-M\u00e9xico-Canad\u00e1 (USMCA), sucesor del <a href=\"https:\/\/en.wikipedia.org\/wiki\/North_American_Free_Trade_Agreement\" target=\"_blank\" rel=\"noopener\">Tratado de Libre Comercio de Am\u00e9rica del Norte<\/a> (TLCAN). Los titulares de un visado TN deben tener una oferta de trabajo de la lista de profesiones aprobadas por el USMCA, como contables, profesores, cient\u00edficos e ingenieros.<\/p>\n<p>Adem\u00e1s de tener un acuerdo de trabajo preestablecido con un empleador estadounidense en una profesi\u00f3n de la lista USMCA, el solicitante deber\u00e1 tener ciertas cualificaciones, como t\u00edtulos o licencias, que sean pertinentes para su carrera de inter\u00e9s. Un visado TN puede concederse por un periodo de hasta tres a\u00f1os, con opci\u00f3n de renovaci\u00f3n en incrementos de tres a\u00f1os. No existe un l\u00edmite anual para la cantidad de visados TN que pueden administrarse, lo que hace que este visado sea generalmente m\u00e1s accesible.<\/p>\n<h2><span class=\"ez-toc-section\" id=\"how-can-a-westchester-tn-visa-lawyer-help-me\"><\/span>\u00bfC\u00f3mo puede ayudarme un abogado especializado en visados Westchester TN?<span class=\"ez-toc-section-end\"><\/span><\/h2>\n<p>Como el proceso de solicitud de visado TN puede ser abrumador y confuso, puede ser \u00fatil trabajar con un <a href=\"https:\/\/ppid.com\/es\/westchester-county-immigration-lawyer\/\">abogado experto en inmigraci\u00f3n<\/a> para guiarle en el proceso. <strong>Un abogado especializado en visados Westchester TN de PPID puede ayudarle con lo siguiente:<\/strong><\/p>\n<ul>\n<li><strong>Determinaci\u00f3n de su admisibilidad:<\/strong> Un abogado de inmigraci\u00f3n de nuestro equipo puede examinar su caso para ver si cumple los requisitos de elegibilidad para un visado TN. Si actualmente no es un candidato fuerte para el visado, pueden ayudarle a comprender los pasos que puede dar para reforzar sus posibilidades de que se le conceda el visado en el futuro.<\/li>\n<li><strong>Prepare su solicitud:<\/strong> Nuestro compasivo equipo legal puede proporcionar apoyo a trav\u00e9s de cada paso del proceso de solicitud de visado TN. Podemos ayudarle a reunir los documentos esenciales, incluida la prueba de sus cualificaciones profesionales y una carta de oferta de trabajo de un empleador estadounidense. A <a href=\"https:\/\/ppid.com\/es\/attorney\/\">Abogado PPID<\/a> puede revisar detenidamente su solicitud para asegurarse de que est\u00e1 correctamente cumplimentada y cuenta con los justificantes adecuados.<\/li>\n<li><strong>Trabajar con su empresa:<\/strong> Un abogado PPID puede ayudar a su empleador a entender sus responsabilidades y requisitos para una solicitud exitosa de visa TN. Pueden asegurarse de que los documentos obtenidos de su empleador son correctos y suficientes. Al asegurarse de que la documentaci\u00f3n que usted presenta es correcta la primera vez, pueden ayudarle a evitar retrasos en el procesamiento.<\/li>\n<li><strong>Renovar o prorrogar su visado:<\/strong> Un abogado PPID puede asegurarse de que cumple todos los requisitos para prorrogar su visado TN. Ellos pueden ayudarle a navegar por el proceso de renovaci\u00f3n sin problemas, asegur\u00e1ndose de que usted puede ser empleado de forma continua en <a href=\"https:\/\/www.westchestergov.com\/\" target=\"_blank\" rel=\"noopener\">Westchester<\/a>.<\/li>\n<li><strong>Planificaci\u00f3n a largo plazo:<\/strong> Mientras que la visa TN est\u00e1 destinada a la residencia temporal en los Estados Unidos, muchos participantes en el programa de visas TN est\u00e1n interesados en obtener en \u00faltima instancia el estatus de residente permanente y, potencialmente, la ciudadan\u00eda. Un abogado con experiencia en visas TN de nuestra firma puede analizar los detalles de su caso y ayudarle a planificar en consecuencia. Esto puede permitirle obtener una tarjeta verde mientras se asegura un empleo continuo.<\/li>\n<\/ul>\n<h2><span class=\"ez-toc-section\" id=\"faqs\"><\/span>Preguntas frecuentes<span class=\"ez-toc-section-end\"><\/span><\/h2>\n<div class=\"accsec-ritcnt accordion\">\n<div class=\"accordion-section\">\n<h3><span class=\"ez-toc-section\" id=\"how-much-does-a-westchester-tn-visa-lawyer-cost\"><\/span><a class=\"accordion-section-title active\" href=\"#accordion-1\">\u00bfCu\u00e1nto cuesta un abogado de visa Westchester TN?<\/a><span class=\"ez-toc-section-end\"><\/span><\/h3>\n<div id=\"accordion-1\" class=\"accordion-section-content open\" style=\"display: block;\">\n<p><strong>El coste de contratar a un abogado especializado en visados TN en Westchester y alrededores depende de varios factores, entre los que se incluyen los siguientes:<\/strong><\/p>\n<ul>\n<li>Ubicaci\u00f3n del bufete<\/li>\n<li>Experiencia del abogado<\/li>\n<li>Complejidad del caso<\/li>\n<li>Servicios espec\u00edficos que busca<\/li>\n<\/ul>\n<p>Es fundamental trabajar con un abogado que sea franco sobre sus planes de precios y cualquier otro coste potencial asociado a su solicitud. Esto puede ayudarle a evitar gastos imprevistos.<\/p>\n<\/div>\n<div class=\"accordion-section\">\n<h3><span class=\"ez-toc-section\" id=\"what-does-a-tn-visa-do\"><\/span><a class=\"accordion-section-title\" href=\"#accordion-2\">\u00bfPara qu\u00e9 sirve un visado TN?<br \/>\n<\/a><span class=\"ez-toc-section-end\"><\/span><\/h3>\n<div id=\"accordion-2\" class=\"accordion-section-content\" style=\"display: none;\">\n<p>El visado TN permite a los ciudadanos de M\u00e9xico y Canad\u00e1 trabajar en determinadas ocupaciones profesionales en Estados Unidos. El visado TN forma parte del Acuerdo Estados Unidos-M\u00e9xico-Canad\u00e1 (USCMA), que sucedi\u00f3 al Tratado de Libre Comercio de Am\u00e9rica del Norte (TLCAN). Los trabajadores que tienen un visado TN reciben un estatus temporal de no inmigrante para trabajar y vivir en el pa\u00eds.<\/p>\n<\/div>\n<\/div>\n<div class=\"accordion-section\">\n<h3><span class=\"ez-toc-section\" id=\"how-long-does-it-take-to-get-a-tn-visa\"><\/span><a class=\"accordion-section-title\" href=\"#accordion-3\">\u00bfCu\u00e1nto tiempo se tarda en obtener un visado TN?<\/a><span class=\"ez-toc-section-end\"><\/span><\/h3>\n<div id=\"accordion-3\" class=\"accordion-section-content\" style=\"display: none;\">\n<p>El tiempo que se tarda en obtener un visado TN depende de varios factores, como su nacionalidad, el m\u00e9todo de solicitud y la experiencia de su abogado. Las personas que lo solicitan en la frontera de Estados Unidos pueden obtener su visado TN el mismo d\u00eda. Por el contrario, la tramitaci\u00f3n consular puede tardar semanas. Sin embargo, algunos servicios espec\u00edficos, como la tramitaci\u00f3n premium, pueden permitir que el visado se expida m\u00e1s r\u00e1pidamente.<\/p>\n<\/div>\n<\/div>\n<\/div>\n<\/div>\n<h2><span class=\"ez-toc-section\" id=\"start-the-tn-visa-application-process-with-a-westchester-immigration-lawyer\"><\/span>Comience el proceso de solicitud de visado TN con un abogado de inmigraci\u00f3n Westchester<span class=\"ez-toc-section-end\"><\/span><\/h2>\n<p>Entender el proceso de solicitud de visado TN, incluyendo sus ventajas y requisitos asociados, puede ser dif\u00edcil tanto para los empleadores como para los posibles empleados. Si usted es una empresa con sede en Westchester que busca traer a los mejores talentos mexicanos o canadienses o un profesional con ganas de perseguir sus objetivos de negocio en la zona, un abogado con experiencia en visas TN Westchester de nuestra firma est\u00e1 listo para ayudarle. <a href=\"https:\/\/ppid.com\/es\/contact\/\">P\u00f3ngase en contacto con nosotros para empezar<\/a>.<\/p>\n<p><iframe loading=\"lazy\" style=\"border: 0;\" src=\"https:\/\/www.google.com\/maps\/embed?pb=!1m18!1m12!1m3!1d384733.0105808419!2d-74.06263727021879!3d41.11866069005831!2m3!1f0!2f0!3f0!3m2!1i1024!2i768!4f13.1!3m3!1m2!1s0x89c2c96a9d6b59af%3A0x370ed86222bddb89!2sWestchester%20County%2C%20NY%2C%20USA!5e0!3m2!1sen!2sin!4v1750681479981!5m2!1sen!2sin\" width=\"100%\" height=\"300\" allowfullscreen=\"allowfullscreen\"><\/iframe><\/p>","protected":false},"excerpt":{"rendered":"<p>Westchester TN Visa Attorney PPID Attorneys help secure TN Visas for Canadian and Mexican nonimmigrant workers. Individuals from across the globe are eager to move to Westchester, NY for its myriad of economic opportunities. The TN visa program is for professionals from Mexico and Canada to pursue their professional objectives, and so employers can hire &hellip; <\/p>\n<p class=\"link-more\"><a href=\"https:\/\/ppid.com\/es\/westchester-tn-visa-lawyer\/\" class=\"more-link\">Seguir leyendo<span class=\"screen-reader-text\"> &#8220;Westchester County TN Visa Lawyer&#8221;<\/span><\/a><\/p>","protected":false},"author":1,"featured_media":0,"parent":0,"menu_order":0,"comment_status":"closed","ping_status":"closed","template":"","meta":{"_acf_changed":false,"footnotes":""},"class_list":["post-1208","page","type-page","status-publish","hentry","entry"],"acf":[],"yoast_head":"<!-- This site is optimized with the Yoast SEO Premium plugin v26.8 (Yoast SEO v26.8) - https:\/\/yoast.com\/product\/yoast-seo-premium-wordpress\/ -->\n<title>Westchester TN Visa Lawyer - NAFTA Professionals Visa<\/title>\n<meta name=\"description\" content=\"Need a TN visa for Westchester, NY? PPID&#039;s experienced NAFTA Visa Lawyer can navigate complex immigration laws. Streamline your application process. Call now.\" \/>\n<meta name=\"robots\" content=\"index, follow, max-snippet:-1, max-image-preview:large, max-video-preview:-1\" \/>\n<link rel=\"canonical\" href=\"https:\/\/ppid.com\/es\/westchester-tn-visa-lawyer\/\" \/>\n<meta property=\"og:locale\" content=\"es_MX\" \/>\n<meta property=\"og:type\" content=\"article\" \/>\n<meta property=\"og:title\" content=\"Westchester County TN Visa Lawyer\" \/>\n<meta property=\"og:description\" content=\"Need a TN visa for Westchester, NY? PPID&#039;s experienced NAFTA Visa Lawyer can navigate complex immigration laws. Streamline your application process. Call now.\" \/>\n<meta property=\"og:url\" content=\"https:\/\/ppid.com\/es\/westchester-tn-visa-lawyer\/\" \/>\n<meta property=\"og:site_name\" content=\"Pollack, Pollack, Isaac &amp; DeCicco, LLP\" \/>\n<meta property=\"article:modified_time\" content=\"2025-09-15T06:27:53+00:00\" \/>\n<meta name=\"twitter:card\" content=\"summary_large_image\" \/>\n<meta name=\"twitter:label1\" content=\"Tiempo de lectura\" \/>\n\t<meta name=\"twitter:data1\" content=\"4 minutos\" \/>\n<!-- \/ Yoast SEO Premium plugin. -->","yoast_head_json":{"title":"Westchester TN Visa Lawyer - Visado NAFTA para profesionales","description":"\u00bfNecesita un visado TN para Westchester, NY? El experimentado abogado de visas TN de PPID puede navegar las complejas leyes de inmigraci\u00f3n. Agilice su proceso de solicitud. Llame ahora.","robots":{"index":"index","follow":"follow","max-snippet":"max-snippet:-1","max-image-preview":"max-image-preview:large","max-video-preview":"max-video-preview:-1"},"canonical":"https:\/\/ppid.com\/es\/westchester-tn-visa-lawyer\/","og_locale":"es_MX","og_type":"article","og_title":"Westchester County TN Visa Lawyer","og_description":"Need a TN visa for Westchester, NY? PPID's experienced NAFTA Visa Lawyer can navigate complex immigration laws. Streamline your application process. Call now.","og_url":"https:\/\/ppid.com\/es\/westchester-tn-visa-lawyer\/","og_site_name":"Pollack, Pollack, Isaac &amp; DeCicco, LLP","article_modified_time":"2025-09-15T06:27:53+00:00","twitter_card":"summary_large_image","twitter_misc":{"Tiempo de lectura":"4 minutos"},"schema":{"@context":"https:\/\/schema.org","@graph":[{"@type":"WebPage","@id":"https:\/\/ppid.com\/westchester-tn-visa-lawyer\/","url":"https:\/\/ppid.com\/westchester-tn-visa-lawyer\/","name":"Westchester TN Visa Lawyer - Visado NAFTA para profesionales","isPartOf":{"@id":"https:\/\/ppid.com\/#website"},"datePublished":"2024-10-03T21:08:35+00:00","dateModified":"2025-09-15T06:27:53+00:00","description":"\u00bfNecesita un visado TN para Westchester, NY? El experimentado abogado de visas TN de PPID puede navegar las complejas leyes de inmigraci\u00f3n. Agilice su proceso de solicitud. Llame ahora.","breadcrumb":{"@id":"https:\/\/ppid.com\/westchester-tn-visa-lawyer\/#breadcrumb"},"inLanguage":"es","potentialAction":[{"@type":"ReadAction","target":["https:\/\/ppid.com\/westchester-tn-visa-lawyer\/"]}]},{"@type":"BreadcrumbList","@id":"https:\/\/ppid.com\/westchester-tn-visa-lawyer\/#breadcrumb","itemListElement":[{"@type":"ListItem","position":1,"name":"Home","item":"https:\/\/ppid.com\/"},{"@type":"ListItem","position":2,"name":"Westchester County TN Visa Lawyer"}]},{"@type":"WebSite","@id":"https:\/\/ppid.com\/#website","url":"https:\/\/ppid.com\/","name":"Pollack, Pollack, Isaac &amp; DeCicco, LLP","description":"","potentialAction":[{"@type":"SearchAction","target":{"@type":"EntryPoint","urlTemplate":"https:\/\/ppid.com\/?s={search_term_string}"},"query-input":{"@type":"PropertyValueSpecification","valueRequired":true,"valueName":"search_term_string"}}],"inLanguage":"es"}]}},"_links":{"self":[{"href":"https:\/\/ppid.com\/es\/wp-json\/wp\/v2\/pages\/1208","targetHints":{"allow":["GET"]}}],"collection":[{"href":"https:\/\/ppid.com\/es\/wp-json\/wp\/v2\/pages"}],"about":[{"href":"https:\/\/ppid.com\/es\/wp-json\/wp\/v2\/types\/page"}],"author":[{"embeddable":true,"href":"https:\/\/ppid.com\/es\/wp-json\/wp\/v2\/users\/1"}],"replies":[{"embeddable":true,"href":"https:\/\/ppid.com\/es\/wp-json\/wp\/v2\/comments?post=1208"}],"version-history":[{"count":0,"href":"https:\/\/ppid.com\/es\/wp-json\/wp\/v2\/pages\/1208\/revisions"}],"wp:attachment":[{"href":"https:\/\/ppid.com\/es\/wp-json\/wp\/v2\/media?parent=1208"}],"curies":[{"name":"wp","href":"https:\/\/api.w.org\/{rel}","templated":true}]}}