{"id":124,"date":"2024-08-29T05:01:18","date_gmt":"2024-08-29T05:01:18","guid":{"rendered":"https:\/\/ppidllp.wpenginepowered.com\/?page_id=124"},"modified":"2025-02-06T18:01:44","modified_gmt":"2025-02-06T18:01:44","slug":"nyc-personal-injury-lawyer","status":"publish","type":"page","link":"https:\/\/ppid.com\/es\/nyc-personal-injury-lawyer\/","title":{"rendered":"NYC Abogado de Lesiones Personales"},"content":{"rendered":"<h2>New York City Abogado de lesiones personales<\/h2>\n<p>Adam Handler y el equipo de abogados de PPID Injury luchan para conseguirle la m\u00e1xima indemnizaci\u00f3n posible.<\/p>\n<p>Si ha sufrido lesiones en un accidente en New York y Nueva Jersey, elija PPID.<\/p>\n<p>Una lesi\u00f3n personal o un accidente laboral pueden ser devastadores para usted y su familia. El equipo de Case Handler investiga a fondo su caso, identifica a la parte o partes responsables y presiona para obtener la m\u00e1xima indemnizaci\u00f3n por sus lesiones para que pueda seguir adelante con su vida.<\/p>\n<p><img loading=\"lazy\" decoding=\"async\" class=\"aligncenter wp-image-2110 size-full\" title=\"Abogado con experiencia en lesiones personales New York City\" src=\"https:\/\/ppid.com\/wp-content\/uploads\/2025\/01\/nyc-personal-injury-lawyer.webp\" alt=\"Experienced New York City Personal Injury Attorney\" width=\"1200\" height=\"600\" srcset=\"https:\/\/ppid.com\/wp-content\/uploads\/2025\/01\/nyc-personal-injury-lawyer.webp 1200w, https:\/\/ppid.com\/wp-content\/uploads\/2025\/01\/nyc-personal-injury-lawyer-300x150.webp 300w, https:\/\/ppid.com\/wp-content\/uploads\/2025\/01\/nyc-personal-injury-lawyer-1024x512.webp 1024w, https:\/\/ppid.com\/wp-content\/uploads\/2025\/01\/nyc-personal-injury-lawyer-768x384.webp 768w\" sizes=\"auto, (max-width: 1200px) 100vw, 1200px\" \/><\/p>\n<p>No importa qu\u00e9 tipo de lesi\u00f3n haya sufrido, ya sea por <a href=\"https:\/\/ppid.com\/es\/nyc-car-accident-lawyer\/\">accidentes de tr\u00e1fico<\/a>, <a href=\"https:\/\/ppid.com\/es\/nyc-train-accident-lawyer\/\">accidentes ferroviarios<\/a>, <a href=\"https:\/\/ppid.com\/es\/nyc-motorcycle-accident-lawyer\/\">accidentes de moto<\/a>, <a href=\"https:\/\/ppid.com\/es\/nyc-construction-accident-lawyer\/\">accidentes en la construcci\u00f3n<\/a>lesiones laborales o <a href=\"https:\/\/ppid.com\/es\/nyc-wrongful-death-lawyer\/\">muerte por negligencia<\/a>Nuestro objetivo es el mismo: asegurarnos de que reciba una indemnizaci\u00f3n completa por sus da\u00f1os y perjuicios, lo que incluye el dolor y el sufrimiento, la cobertura de todos los gastos m\u00e9dicos relacionados, as\u00ed como cualquier p\u00e9rdida de ingresos resultante de su lesi\u00f3n.<\/p>\n<p>Si te has lesionado, no esperes. <a href=\"https:\/\/ppid.com\/es\/contact\/\">P\u00f3ngase en contacto con<\/a> un experimentado <strong>NYC abogado de lesiones personales<\/strong> hoy.<\/p>\n<div class=\"innr-pg-btn\"><a class=\"cmn-btn\" href=\"https:\/\/ppid.com\/es\/schedule-consultation\/\">Concertar una consulta<\/a><\/div>\n<div class=\"hmattorney-sec inner\">\n<div class=\"foundation-partner\">\n<div class=\"fdtn-rgt-item\">\n<div class=\"attrny-item\">\n<div class=\"attrny-img\"><img loading=\"lazy\" decoding=\"async\" src=\"https:\/\/ppid.com\/wp-content\/uploads\/2024\/12\/handler.webp\" alt=\"handler\" width=\"385\" height=\"363\" \/><\/div>\n<div><a class=\"hover\" href=\"https:\/\/ppid.com\/es\/attorney\/adam-s-handler-esq\/\">abogado<\/a><\/div>\n<\/div>\n<div class=\"attrny-btm-cnt\">\n<div class=\"attrny-cnt\">\n<h6>Adam S. Handler<\/h6>\n<p>Socio<\/p>\n<\/div>\n<p>\"Desde 2004, he estado obteniendo justicia para las v\u00edctimas de accidentes asegur\u00e1ndome de que reciban una indemnizaci\u00f3n completa por sus lesiones, facturas m\u00e9dicas y p\u00e9rdida de ingresos. Hasta la fecha, la recuperaci\u00f3n total para mis clientes ha sido de m\u00e1s de $170 millones de d\u00f3lares.\"<\/p>\n<\/div>\n<\/div>\n<div class=\"fdtn-rgt-item\">\n<div class=\"attrny-item\">\n<div class=\"attrny-img\"><img loading=\"lazy\" decoding=\"async\" src=\"https:\/\/ppid.com\/wp-content\/uploads\/2024\/12\/Matthew-Goldstein.webp\" alt=\"Matthew-Goldstein\" width=\"420\" height=\"429\" \/><\/div>\n<div><a class=\"hover\" href=\"https:\/\/ppid.com\/es\/attorney\/matthew-goodstein-esq\/\">Abogado<\/a><\/div>\n<\/div>\n<div class=\"attrny-btm-cnt\">\n<div class=\"attrny-cnt\">\n<h6>Matthew Goodstein, Esq.<\/h6>\n<p>Abogado<\/p>\n<\/div>\n<p>\"He estado luchando por los derechos de las v\u00edctimas desde 2008, ya sea por los derechos de los heridos en accidentes, los heridos en accidentes de trabajo, o v\u00edctimas de delitos. Creo que las mejores resoluciones vienen de Abogados que est\u00e1n invertidos en sus clientes.\"<\/p>\n<\/div>\n<h2>Obtenga ayuda de un abogado con experiencia en lesiones personales New York City<\/h2>\n<p>Si usted ha sido lesionado debido a la negligencia de otra persona, el equipo de PPID est\u00e1 listo para luchar por sus derechos. Nuestros experimentados abogados de lesiones personales New York City le guiar\u00e1 a trav\u00e9s de cada paso del proceso legal, trabajando incansablemente para asegurar la compensaci\u00f3n que se merece. <a href=\"https:\/\/ppid.com\/es\/contact\/\">P\u00f3ngase en contacto con nosotros<\/a> para hablar de su caso e iniciar el camino hacia la justicia.<\/p>\n<\/div>\n<\/div>\n<\/div>","protected":false},"excerpt":{"rendered":"<p>New York City Personal Injury Attorney Adam Handler and the PPID Injury law team fight to get you the maximum possible compensation. If you\u2019ve been injured in an accident in New York &amp; New Jersey, choose PPID. A personal injury or workplace accident can be devastating for you and your family. The Case Handler team &hellip; <\/p>\n<p class=\"link-more\"><a href=\"https:\/\/ppid.com\/es\/nyc-personal-injury-lawyer\/\" class=\"more-link\">Seguir leyendo<span class=\"screen-reader-text\"> &#8220;NYC Personal Injury Lawyer&#8221;<\/span><\/a><\/p>","protected":false},"author":1,"featured_media":0,"parent":0,"menu_order":0,"comment_status":"closed","ping_status":"closed","template":"","meta":{"_acf_changed":false,"footnotes":""},"class_list":["post-124","page","type-page","status-publish","hentry","entry"],"acf":[],"yoast_head":"<!-- This site is optimized with the Yoast SEO Premium plugin v26.8 (Yoast SEO v26.8) - https:\/\/yoast.com\/product\/yoast-seo-premium-wordpress\/ -->\n<title>NYC Personal Injury Lawyer &amp; Law Firm<\/title>\n<meta name=\"description\" content=\"Looking for an NYC Personal Injury Lawyer? Trust PPID for expert legal representation. Contact us now for the compensation you deserve!\" \/>\n<meta name=\"robots\" content=\"index, follow, max-snippet:-1, max-image-preview:large, max-video-preview:-1\" \/>\n<link rel=\"canonical\" href=\"https:\/\/ppid.com\/es\/nyc-personal-injury-lawyer\/\" \/>\n<meta property=\"og:locale\" content=\"es_MX\" \/>\n<meta property=\"og:type\" content=\"article\" \/>\n<meta property=\"og:title\" content=\"NYC Personal Injury Lawyer\" \/>\n<meta property=\"og:description\" content=\"Looking for an NYC Personal Injury Lawyer? Trust PPID for expert legal representation. Contact us now for the compensation you deserve!\" \/>\n<meta property=\"og:url\" content=\"https:\/\/ppid.com\/es\/nyc-personal-injury-lawyer\/\" \/>\n<meta property=\"og:site_name\" content=\"Pollack, Pollack, Isaac &amp; DeCicco, LLP\" \/>\n<meta property=\"article:modified_time\" content=\"2025-02-06T18:01:44+00:00\" \/>\n<meta property=\"og:image\" content=\"https:\/\/ppid.com\/wp-content\/uploads\/2025\/01\/nyc-personal-injury-lawyer.webp\" \/>\n\t<meta property=\"og:image:width\" content=\"1200\" \/>\n\t<meta property=\"og:image:height\" content=\"600\" \/>\n\t<meta property=\"og:image:type\" content=\"image\/webp\" \/>\n<meta name=\"twitter:card\" content=\"summary_large_image\" \/>\n<meta name=\"twitter:label1\" content=\"Tiempo de lectura\" \/>\n\t<meta name=\"twitter:data1\" content=\"3 minutos\" \/>\n<!-- \/ Yoast SEO Premium plugin. -->","yoast_head_json":{"title":"NYC Abogado de Lesiones Personales y Bufete de Abogados","description":"\u00bfBusca un abogado de NYC especializado en lesiones personales? Conf\u00ede en PPID para una representaci\u00f3n legal experta. \u00a1P\u00f3ngase en contacto con nosotros ahora para la compensaci\u00f3n que se merece!","robots":{"index":"index","follow":"follow","max-snippet":"max-snippet:-1","max-image-preview":"max-image-preview:large","max-video-preview":"max-video-preview:-1"},"canonical":"https:\/\/ppid.com\/es\/nyc-personal-injury-lawyer\/","og_locale":"es_MX","og_type":"article","og_title":"NYC Personal Injury Lawyer","og_description":"Looking for an NYC Personal Injury Lawyer? Trust PPID for expert legal representation. Contact us now for the compensation you deserve!","og_url":"https:\/\/ppid.com\/es\/nyc-personal-injury-lawyer\/","og_site_name":"Pollack, Pollack, Isaac &amp; DeCicco, LLP","article_modified_time":"2025-02-06T18:01:44+00:00","og_image":[{"width":1200,"height":600,"url":"https:\/\/ppid.com\/wp-content\/uploads\/2025\/01\/nyc-personal-injury-lawyer.webp","type":"image\/webp"}],"twitter_card":"summary_large_image","twitter_misc":{"Tiempo de lectura":"3 minutos"},"schema":{"@context":"https:\/\/schema.org","@graph":[{"@type":"WebPage","@id":"https:\/\/ppid.com\/nyc-personal-injury-lawyer\/","url":"https:\/\/ppid.com\/nyc-personal-injury-lawyer\/","name":"NYC Abogado de Lesiones Personales y Bufete de Abogados","isPartOf":{"@id":"https:\/\/ppid.com\/#website"},"primaryImageOfPage":{"@id":"https:\/\/ppid.com\/nyc-personal-injury-lawyer\/#primaryimage"},"image":{"@id":"https:\/\/ppid.com\/nyc-personal-injury-lawyer\/#primaryimage"},"thumbnailUrl":"https:\/\/ppid.com\/wp-content\/uploads\/2025\/01\/nyc-personal-injury-lawyer.webp","datePublished":"2024-08-29T05:01:18+00:00","dateModified":"2025-02-06T18:01:44+00:00","description":"\u00bfBusca un abogado de NYC especializado en lesiones personales? Conf\u00ede en PPID para una representaci\u00f3n legal experta. \u00a1P\u00f3ngase en contacto con nosotros ahora para la compensaci\u00f3n que se merece!","breadcrumb":{"@id":"https:\/\/ppid.com\/nyc-personal-injury-lawyer\/#breadcrumb"},"inLanguage":"es","potentialAction":[{"@type":"ReadAction","target":["https:\/\/ppid.com\/nyc-personal-injury-lawyer\/"]}]},{"@type":"ImageObject","inLanguage":"es","@id":"https:\/\/ppid.com\/nyc-personal-injury-lawyer\/#primaryimage","url":"https:\/\/ppid.com\/wp-content\/uploads\/2025\/01\/nyc-personal-injury-lawyer.webp","contentUrl":"https:\/\/ppid.com\/wp-content\/uploads\/2025\/01\/nyc-personal-injury-lawyer.webp"},{"@type":"BreadcrumbList","@id":"https:\/\/ppid.com\/nyc-personal-injury-lawyer\/#breadcrumb","itemListElement":[{"@type":"ListItem","position":1,"name":"Home","item":"https:\/\/ppid.com\/"},{"@type":"ListItem","position":2,"name":"NYC Personal Injury Lawyer"}]},{"@type":"WebSite","@id":"https:\/\/ppid.com\/#website","url":"https:\/\/ppid.com\/","name":"Pollack, Pollack, Isaac &amp; DeCicco, LLP","description":"","potentialAction":[{"@type":"SearchAction","target":{"@type":"EntryPoint","urlTemplate":"https:\/\/ppid.com\/?s={search_term_string}"},"query-input":{"@type":"PropertyValueSpecification","valueRequired":true,"valueName":"search_term_string"}}],"inLanguage":"es"}]}},"_links":{"self":[{"href":"https:\/\/ppid.com\/es\/wp-json\/wp\/v2\/pages\/124","targetHints":{"allow":["GET"]}}],"collection":[{"href":"https:\/\/ppid.com\/es\/wp-json\/wp\/v2\/pages"}],"about":[{"href":"https:\/\/ppid.com\/es\/wp-json\/wp\/v2\/types\/page"}],"author":[{"embeddable":true,"href":"https:\/\/ppid.com\/es\/wp-json\/wp\/v2\/users\/1"}],"replies":[{"embeddable":true,"href":"https:\/\/ppid.com\/es\/wp-json\/wp\/v2\/comments?post=124"}],"version-history":[{"count":0,"href":"https:\/\/ppid.com\/es\/wp-json\/wp\/v2\/pages\/124\/revisions"}],"wp:attachment":[{"href":"https:\/\/ppid.com\/es\/wp-json\/wp\/v2\/media?parent=124"}],"curies":[{"name":"wp","href":"https:\/\/api.w.org\/{rel}","templated":true}]}}