{"id":14,"date":"2022-01-06T11:09:09","date_gmt":"2022-01-06T11:09:09","guid":{"rendered":"https:\/\/ppidllp.wpenginepowered.com\/?page_id=14"},"modified":"2025-07-15T06:32:55","modified_gmt":"2025-07-15T06:32:55","slug":"contact","status":"publish","type":"page","link":"https:\/\/ppid.com\/es\/contact\/","title":{"rendered":"P\u00f3ngase en contacto con"},"content":{"rendered":"<div class=\"innr-cnt-itm-blks\">\n<div class=\"inner-cnt-item lctn\">\n<h4>New York City<\/h4>\n<p>250 Broadway,<br \/>\n6\u00aa planta,<br \/>\nNew York, New York 10007<\/p>\n<h6><a href=\"https:\/\/maps.app.goo.gl\/TJCu6QrG8D4aPh7U7\" target=\"_blank\" rel=\"noopener\">C\u00f3mo llegar<\/a><\/h6>\n<\/div>\n<div class=\"inner-cnt-item cntact\">\n<h4><a href=\"tel:8665176701\">866-517-6701<\/a><\/h4>\n<div class=\"innr-fax\">\n<h4>212-233-9238<\/h4>\n<\/div>\n<\/div>\n<div class=\"inner-cnt-item lctn\">\n<h4>Peekskill<\/h4>\n<p>1045 Park Street,<br \/>\nSuite 104,<br \/>\nPeekskill, New York 10566<\/p>\n<h6><a href=\"https:\/\/maps.app.goo.gl\/n3xxPibVWYzx7jWTA\" target=\"_blank\" rel=\"noopener\"> C\u00f3mo llegar<\/a><\/h6>\n<\/div>\n<\/div>","protected":false},"excerpt":{"rendered":"<p>New York City 250 Broadway, 6th Floor, New York, New York 10007 C\u00f3mo llegar 866-517-6701 212-233-9238 Peekskill 1045 Park Street, Suite 104, Peekskill, New York 10566 C\u00f3mo llegar<\/p>","protected":false},"author":1,"featured_media":0,"parent":0,"menu_order":0,"comment_status":"closed","ping_status":"closed","template":"template-parts\/contact-page.php","meta":{"_acf_changed":false,"footnotes":""},"class_list":["post-14","page","type-page","status-publish","hentry","entry"],"acf":[],"yoast_head":"<!-- This site is optimized with the Yoast SEO Premium plugin v26.8 (Yoast SEO v26.8) - https:\/\/yoast.com\/product\/yoast-seo-premium-wordpress\/ -->\n<title>Contact Us - Pollack, Pollack, Isaac &amp; DeCicco, LLP<\/title>\n<meta name=\"description\" content=\"Contact PPID attorneys for Immigration, Personal Injury, Real Estate, and Litigation. We&#039;ve been quidding clients for more that 60 years.\" \/>\n<meta name=\"robots\" content=\"index, follow, max-snippet:-1, max-image-preview:large, max-video-preview:-1\" \/>\n<link rel=\"canonical\" href=\"https:\/\/ppid.com\/es\/contact\/\" \/>\n<meta property=\"og:locale\" content=\"es_MX\" \/>\n<meta property=\"og:type\" content=\"article\" \/>\n<meta property=\"og:title\" content=\"Contact\" \/>\n<meta property=\"og:description\" content=\"Contact PPID attorneys for Immigration, Personal Injury, Real Estate, and Litigation. We&#039;ve been quidding clients for more that 60 years.\" \/>\n<meta property=\"og:url\" content=\"https:\/\/ppid.com\/es\/contact\/\" \/>\n<meta property=\"og:site_name\" content=\"Pollack, Pollack, Isaac &amp; DeCicco, LLP\" \/>\n<meta property=\"article:modified_time\" content=\"2025-07-15T06:32:55+00:00\" \/>\n<meta name=\"twitter:card\" content=\"summary_large_image\" \/>\n<meta name=\"twitter:label1\" content=\"Tiempo de lectura\" \/>\n\t<meta name=\"twitter:data1\" content=\"1 minuto\" \/>\n<!-- \/ Yoast SEO Premium plugin. -->","yoast_head_json":{"title":"Cont\u00e1ctenos - Pollack, Pollack, Isaac &amp; DeCicco, LLP","description":"P\u00f3ngase en contacto con los abogados de PPID para Inmigraci\u00f3n, Lesiones Personales, Bienes Ra\u00edces y Litigios. Llevamos m\u00e1s de 60 a\u00f1os ayudando a nuestros clientes.","robots":{"index":"index","follow":"follow","max-snippet":"max-snippet:-1","max-image-preview":"max-image-preview:large","max-video-preview":"max-video-preview:-1"},"canonical":"https:\/\/ppid.com\/es\/contact\/","og_locale":"es_MX","og_type":"article","og_title":"Contact","og_description":"Contact PPID attorneys for Immigration, Personal Injury, Real Estate, and Litigation. We've been quidding clients for more that 60 years.","og_url":"https:\/\/ppid.com\/es\/contact\/","og_site_name":"Pollack, Pollack, Isaac &amp; DeCicco, LLP","article_modified_time":"2025-07-15T06:32:55+00:00","twitter_card":"summary_large_image","twitter_misc":{"Tiempo de lectura":"1 minuto"},"schema":{"@context":"https:\/\/schema.org","@graph":[{"@type":"WebPage","@id":"https:\/\/ppid.com\/contact\/","url":"https:\/\/ppid.com\/contact\/","name":"Cont\u00e1ctenos - Pollack, Pollack, Isaac &amp; DeCicco, LLP","isPartOf":{"@id":"https:\/\/ppid.com\/#website"},"datePublished":"2022-01-06T11:09:09+00:00","dateModified":"2025-07-15T06:32:55+00:00","description":"P\u00f3ngase en contacto con los abogados de PPID para Inmigraci\u00f3n, Lesiones Personales, Bienes Ra\u00edces y Litigios. Llevamos m\u00e1s de 60 a\u00f1os ayudando a nuestros clientes.","breadcrumb":{"@id":"https:\/\/ppid.com\/contact\/#breadcrumb"},"inLanguage":"es","potentialAction":[{"@type":"ReadAction","target":["https:\/\/ppid.com\/contact\/"]}]},{"@type":"BreadcrumbList","@id":"https:\/\/ppid.com\/contact\/#breadcrumb","itemListElement":[{"@type":"ListItem","position":1,"name":"Home","item":"https:\/\/ppid.com\/"},{"@type":"ListItem","position":2,"name":"Contact"}]},{"@type":"WebSite","@id":"https:\/\/ppid.com\/#website","url":"https:\/\/ppid.com\/","name":"Pollack, Pollack, Isaac &amp; DeCicco, LLP","description":"","potentialAction":[{"@type":"SearchAction","target":{"@type":"EntryPoint","urlTemplate":"https:\/\/ppid.com\/?s={search_term_string}"},"query-input":{"@type":"PropertyValueSpecification","valueRequired":true,"valueName":"search_term_string"}}],"inLanguage":"es"}]}},"_links":{"self":[{"href":"https:\/\/ppid.com\/es\/wp-json\/wp\/v2\/pages\/14","targetHints":{"allow":["GET"]}}],"collection":[{"href":"https:\/\/ppid.com\/es\/wp-json\/wp\/v2\/pages"}],"about":[{"href":"https:\/\/ppid.com\/es\/wp-json\/wp\/v2\/types\/page"}],"author":[{"embeddable":true,"href":"https:\/\/ppid.com\/es\/wp-json\/wp\/v2\/users\/1"}],"replies":[{"embeddable":true,"href":"https:\/\/ppid.com\/es\/wp-json\/wp\/v2\/comments?post=14"}],"version-history":[{"count":0,"href":"https:\/\/ppid.com\/es\/wp-json\/wp\/v2\/pages\/14\/revisions"}],"wp:attachment":[{"href":"https:\/\/ppid.com\/es\/wp-json\/wp\/v2\/media?parent=14"}],"curies":[{"name":"wp","href":"https:\/\/api.w.org\/{rel}","templated":true}]}}