{"id":1425,"date":"2024-12-12T04:32:29","date_gmt":"2024-12-12T04:32:29","guid":{"rendered":"https:\/\/ppidllp.wpenginepowered.com\/?page_id=1425"},"modified":"2025-09-15T06:14:27","modified_gmt":"2025-09-15T06:14:27","slug":"queens-deportation-defense-lawyer","status":"publish","type":"page","link":"https:\/\/ppid.com\/es\/queens-deportation-defense-lawyer\/","title":{"rendered":"Queens Abogado de Defensa de Deportaci\u00f3n"},"content":{"rendered":"<div id=\"ez-toc-container\" class=\"ez-toc-v2_0_80 counter-hierarchy ez-toc-counter ez-toc-transparent ez-toc-container-direction\">\n<div class=\"ez-toc-title-container\">\n<p class=\"ez-toc-title ez-toc-toggle\" style=\"cursor:pointer\">\u00cdndice<\/p>\n<span class=\"ez-toc-title-toggle\"><a href=\"#\" class=\"ez-toc-pull-right ez-toc-btn ez-toc-btn-xs ez-toc-btn-default ez-toc-toggle\" aria-label=\"Toggle Table of Content\"><span class=\"ez-toc-js-icon-con\"><span class=\"\"><span class=\"eztoc-hide\" style=\"display:none;\">Toggle<\/span><span class=\"ez-toc-icon-toggle-span\"><svg style=\"fill: #999;color:#999\" xmlns=\"http:\/\/www.w3.org\/2000\/svg\" class=\"list-377408\" width=\"20px\" height=\"20px\" viewbox=\"0 0 24 24\" fill=\"none\"><path d=\"M6 6H4v2h2V6zm14 0H8v2h12V6zM4 11h2v2H4v-2zm16 0H8v2h12v-2zM4 16h2v2H4v-2zm16 0H8v2h12v-2z\" fill=\"currentColor\"><\/path><\/svg><svg style=\"fill: #999;color:#999\" class=\"arrow-unsorted-368013\" xmlns=\"http:\/\/www.w3.org\/2000\/svg\" width=\"10px\" height=\"10px\" viewbox=\"0 0 24 24\" version=\"1.2\" baseprofile=\"tiny\"><path d=\"M18.2 9.3l-6.2-6.3-6.2 6.3c-.2.2-.3.4-.3.7s.1.5.3.7c.2.2.4.3.7.3h11c.3 0 .5-.1.7-.3.2-.2.3-.5.3-.7s-.1-.5-.3-.7zM5.8 14.7l6.2 6.3 6.2-6.3c.2-.2.3-.5.3-.7s-.1-.5-.3-.7c-.2-.2-.4-.3-.7-.3h-11c-.3 0-.5.1-.7.3-.2.2-.3.5-.3.7s.1.5.3.7z\"\/><\/svg><\/span><\/span><\/span><\/a><\/span><\/div>\n<nav><ul class='ez-toc-list ez-toc-list-level-1 eztoc-toggle-hide-by-default' ><li class='ez-toc-page-1 ez-toc-heading-level-2'><a class=\"ez-toc-link ez-toc-heading-1\" href=\"https:\/\/ppid.com\/es\/queens-deportation-defense-lawyer\/#queens-deportation-defense-attorney\" >Queens Abogado defensor contra la deportaci\u00f3n<\/a><\/li><li class='ez-toc-page-1 ez-toc-heading-level-2'><a class=\"ez-toc-link ez-toc-heading-2\" href=\"https:\/\/ppid.com\/es\/queens-deportation-defense-lawyer\/#reasons-one-may-face-deportation\" >Motivos por los que uno puede ser deportado<\/a><\/li><li class='ez-toc-page-1 ez-toc-heading-level-2'><a class=\"ez-toc-link ez-toc-heading-3\" href=\"https:\/\/ppid.com\/es\/queens-deportation-defense-lawyer\/#removal-proceedings\" >Procedimientos de expulsi\u00f3n<\/a><\/li><li class='ez-toc-page-1 ez-toc-heading-level-2'><a class=\"ez-toc-link ez-toc-heading-4\" href=\"https:\/\/ppid.com\/es\/queens-deportation-defense-lawyer\/#faqs\" >Preguntas frecuentes<\/a><ul class='ez-toc-list-level-3' ><li class='ez-toc-heading-level-3'><a class=\"ez-toc-link ez-toc-heading-5\" href=\"https:\/\/ppid.com\/es\/queens-deportation-defense-lawyer\/#how-do-you-win-a-deportation-case-in-new-york\" >\u00bfC\u00f3mo se gana un caso de deportaci\u00f3n en New York?<\/a><\/li><li class='ez-toc-page-1 ez-toc-heading-level-3'><a class=\"ez-toc-link ez-toc-heading-6\" href=\"https:\/\/ppid.com\/es\/queens-deportation-defense-lawyer\/#how-much-is-an-immigration-lawyer-for-deportation-defense-in-new-york\" >\u00bfCu\u00e1nto cuesta un abogado de inmigraci\u00f3n para la defensa de deportaci\u00f3n en New York?<\/a><\/li><li class='ez-toc-page-1 ez-toc-heading-level-3'><a class=\"ez-toc-link ez-toc-heading-7\" href=\"https:\/\/ppid.com\/es\/queens-deportation-defense-lawyer\/#what-should-i-do-if-i-receive-a-removal-order-in-new-york\" >\u00bfQu\u00e9 debo hacer si recibo una orden de expulsi\u00f3n en New York?<\/a><\/li><li class='ez-toc-page-1 ez-toc-heading-level-3'><a class=\"ez-toc-link ez-toc-heading-8\" href=\"https:\/\/ppid.com\/es\/queens-deportation-defense-lawyer\/#what-are-my-rights-during-new-york-removal-proceedings\" >\u00bfCu\u00e1les son mis derechos durante el procedimiento de expulsi\u00f3n New York?<\/a><\/li><\/ul><\/li><li class='ez-toc-page-1 ez-toc-heading-level-2'><a class=\"ez-toc-link ez-toc-heading-9\" href=\"https:\/\/ppid.com\/es\/queens-deportation-defense-lawyer\/#contact-queens-deportation-defense-lawyer\" >Contacto Queens Abogado de Defensa de Deportaci\u00f3n<\/a><\/li><\/ul><\/nav><\/div>\n<h2><span class=\"ez-toc-section\" id=\"queens-deportation-defense-attorney\"><\/span>Queens Abogado defensor contra la deportaci\u00f3n<span class=\"ez-toc-section-end\"><\/span><\/h2>\n<p>Queens no podr\u00eda tener la fuerte econom\u00eda y cultura de la que presume hoy sin su s\u00f3lida historia de inmigraci\u00f3n. Sin embargo, los inmigrantes que constituyen la columna vertebral de Queens siguen temiendo constantemente ser deportados. Si usted o un ser querido se enfrentan a la deportaci\u00f3n, <strong>un abogado defensor de la deportaci\u00f3n Queens<\/strong> de <a href=\"https:\/\/ppid.com\/es\/firm\/\">PPID<\/a> puede ayudarle a explorar sus opciones para montar una defensa fuerte y defender su derecho a quedarse.<\/p>\n<p>En <a href=\"https:\/\/ppid.com\/es\/attorney\/\">equipo jur\u00eddico especializado<\/a> en Pollack, Pollack, Isaac &amp; DeCicco tiene una trayectoria de d\u00e9cadas <a href=\"https:\/\/ppid.com\/es\/queens-immigration-lawyer\/\">dedicada a proteger los derechos de los inmigrantes en Queens<\/a> y otros distritos en New York. Si usted est\u00e1 enfrentando la deportaci\u00f3n debido a antecedentes penales, quedarse m\u00e1s tiempo de su visa, u otras violaci\u00f3nes de inmigraci\u00f3n, las posibles consecuencias pueden ser graves. Un abogado de defensa de deportaci\u00f3n compasivo puede asegurar que sus derechos sean protegidos y que usted reciba la representaci\u00f3n que se merece.<\/p>\n<h2><span class=\"ez-toc-section\" id=\"reasons-one-may-face-deportation\"><\/span>Motivos por los que uno puede ser deportado<span class=\"ez-toc-section-end\"><\/span><\/h2>\n<ul>\n<li><strong>Acciones delictivas o antecedentes penales.<\/strong> Los antecedentes penales, ya sean delitos menores o delitos graves, pueden afectar a su situaci\u00f3n migratoria. Los delitos graves, como el robo, la violencia dom\u00e9stica o los delitos de drogas a menudo inician procedimientos de deportaci\u00f3n.<\/li>\n<li><strong>Exceder la duraci\u00f3n del visado.<\/strong> Recibir un visado para entrar en Estados Unidos tiene una fecha de caducidad. No volver a solicitar el visado puede desencadenar un procedimiento de deportaci\u00f3n. Muchas personas se quedan accidentalmente m\u00e1s tiempo del permitido por sus visados debido a retrasos involuntarios en la renovaci\u00f3n o a una mala interpretaci\u00f3n de la ley.<\/li>\n<li><strong>Entrada ilegal.<\/strong> Hay muchas formas legales e ilegales de entrar en Estados Unidos. Algunas personas, debido a diversas circunstancias, que buscan asilo o protecci\u00f3n de su propio pa\u00eds pueden optar por cruzar estas fronteras ilegalmente. Sin embargo, existen protecciones y derechos legales para aquellos que han cruzado la frontera ilegalmente y que buscan asilo o protecci\u00f3n de su propio pa\u00eds.<\/li>\n<li><strong>Tergiversaci\u00f3n o fraude.<\/strong> Las personas que proporcionan informaci\u00f3n falsa en inmigraci\u00f3n y solicitudes o documentaci\u00f3n pueden enfrentarse a la deportaci\u00f3n. Los casos m\u00e1s comunes de presunto fraude incluyen mentir sobre el matrimonio y la identidad o incluso tergiversar a qu\u00e9 lugar de Estados Unidos se va o con qui\u00e9n se va a quedar.<\/li>\n<li><strong>Incumplimiento de las \u00f3rdenes de los tribunales de inmigraci\u00f3n.<\/strong> Las personas que no cumplen adecuadamente las \u00f3rdenes del tribunal de inmigraci\u00f3n, como las que faltan a las audiencias del tribunal de inmigraci\u00f3n, pueden tener una orden de deportaci\u00f3n en su contra. Es importante estar siempre al tanto de cualquier procedimiento legal del que deba formar parte cuando est\u00e9 implicada la inmigraci\u00f3n.<\/li>\n<li><strong>Cargo p\u00fablico.<\/strong> En determinadas circunstancias, las personas pueden ser objeto de deportaci\u00f3n en virtud de la norma de carga p\u00fablica. Esto significa que las personas que se considere que pueden llegar a depender en gran medida de las prestaciones p\u00fablicas, como la necesidad de cuidados institucionales a largo plazo financiados por el gobierno, pueden ser deportadas.<\/li>\n<\/ul>\n<p>A pesar de las razones por las que se enfrenta a la deportaci\u00f3n en <a href=\"https:\/\/en.wikipedia.org\/wiki\/Queens\" target=\"_blank\" rel=\"noopener\">Queens<\/a>Un abogado defensor de deportaci\u00f3n de PPID est\u00e1 aqu\u00ed para ayudarle a entender su caso de deportaci\u00f3n y defenderse. Bas\u00e1ndonos en las circunstancias de su caso, podemos ayudarle a aprovechar diversas estrategias legales, incluyendo la b\u00fasqueda de alivio posterior a la condena y la presentaci\u00f3n de exenciones de inadmisibilidad. Nuestro equipo utiliza nuestros conocimientos y experiencia para ayudarle a navegar por el complejo sistema legal al que se enfrenta.<\/p>\n<h2><span class=\"ez-toc-section\" id=\"removal-proceedings\"><\/span>Procedimientos de expulsi\u00f3n<span class=\"ez-toc-section-end\"><\/span><\/h2>\n<p>Si el gobierno determina que usted debe enfrentarse a un procedimiento de deportaci\u00f3n, tambi\u00e9n conocido como expulsi\u00f3n, entender el proceso puede ayudarle a trabajar con su abogado y navegar por el complejo camino que le espera. <strong>El proceso de eliminaci\u00f3n tendr\u00e1 el siguiente aspecto:<\/strong><\/p>\n<ul>\n<li>Recibir\u00e1 un aviso de comparecencia del Departamento de Seguridad Nacional.<\/li>\n<li>Asistir\u00e1 a una comparecencia inicial. Durante la comparecencia inicial, los equipos jur\u00eddicos elaborar\u00e1n un calendario legal para su proceso de expulsi\u00f3n. Si no asiste a esta cita en el juzgado, podr\u00eda producirse una expulsi\u00f3n autom\u00e1tica.<\/li>\n<li>El siguiente paso es una audiencia de m\u00e9ritos, en la que un juez determinar\u00e1 si debe ser expulsado.<\/li>\n<\/ul>\n<p>Estos procedimientos se celebran en presencia de un juez de inmigraci\u00f3n. Ellos tomar\u00e1n la determinaci\u00f3n final de expulsi\u00f3n o alivio. Asegurarse de tener la ayuda legal que merece de PPID puede ayudarle a navegar mejor este proceso.<\/p>\n<h2><span class=\"ez-toc-section\" id=\"faqs\"><\/span>Preguntas frecuentes<span class=\"ez-toc-section-end\"><\/span><\/h2>\n<div class=\"accsec-ritcnt accordion\">\n<div class=\"accordion-section\">\n<h3><span class=\"ez-toc-section\" id=\"how-do-you-win-a-deportation-case-in-new-york\"><\/span><a class=\"accordion-section-title active\" href=\"#accordion-1\">\u00bfC\u00f3mo se gana un caso de deportaci\u00f3n en New York?<\/a><span class=\"ez-toc-section-end\"><\/span><\/h3>\n<div id=\"accordion-1\" class=\"accordion-section-content open\" style=\"display: block;\">\n<p>Para ganar un caso de deportaci\u00f3n en el New York, hay que tener en cuenta una serie de factores, como el motivo de su deportaci\u00f3n, sus posibilidades de defensa y su situaci\u00f3n migratoria actual. Estrategias comunes para evitar la deportaci\u00f3n en New York incluyen la solicitud de asilo, el ajuste de estatus, la cancelaci\u00f3n de la expulsi\u00f3n, o demostrar que su expulsi\u00f3n dar\u00eda lugar a graves dificultades para un familiar que es un ciudadano de EE.UU..<\/p>\n<\/div>\n<\/div>\n<div class=\"accordion-section\">\n<h3><span class=\"ez-toc-section\" id=\"how-much-is-an-immigration-lawyer-for-deportation-defense-in-new-york\"><\/span><a class=\"accordion-section-title\" href=\"#accordion-2\">\u00bfCu\u00e1nto cuesta un abogado de inmigraci\u00f3n para la defensa de deportaci\u00f3n en New York?<\/a><span class=\"ez-toc-section-end\"><\/span><\/h3>\n<div id=\"accordion-2\" class=\"accordion-section-content\" style=\"display: none;\">\n<p>No hay una tarifa est\u00e1ndar para un abogado de inmigraci\u00f3n para la defensa de deportaci\u00f3n. La cantidad que un abogado de inmigraci\u00f3n puede costar para su caso de defensa de deportaci\u00f3n en New York depende de varios factores, incluyendo los servicios espec\u00edficos necesarios, la complejidad de su caso, sus antecedentes penales, y otras consideraciones cr\u00edticas.<\/p>\n<\/div>\n<\/div>\n<div class=\"accordion-section\">\n<h3><span class=\"ez-toc-section\" id=\"what-should-i-do-if-i-receive-a-removal-order-in-new-york\"><\/span><a class=\"accordion-section-title\" href=\"#accordion-3\">\u00bfQu\u00e9 debo hacer si recibo una orden de expulsi\u00f3n en New York?<\/a><span class=\"ez-toc-section-end\"><\/span><\/h3>\n<div id=\"accordion-3\" class=\"accordion-section-content\" style=\"display: none;\">\n<p>Si usted ha recibido una orden de expulsi\u00f3n New York, es de suma importancia hablar con un abogado de inmigraci\u00f3n con experiencia tan pronto como sea posible. Ellos pueden ayudarle a explorar varias opciones, tales como la cancelaci\u00f3n de la deportaci\u00f3n, la b\u00fasqueda de alivio de asilo, la presentaci\u00f3n de una moci\u00f3n para reabrir su caso, o trabajar para apelar la decisi\u00f3n. Para estos casos delicados, es fundamental actuar con rapidez, ya que los plazos son estrictos. No asistir a una audiencia o incumplir un plazo puede conducir a la deportaci\u00f3n autom\u00e1tica.<\/p>\n<\/div>\n<\/div>\n<div class=\"accordion-section\">\n<h3><span class=\"ez-toc-section\" id=\"what-are-my-rights-during-new-york-removal-proceedings\"><\/span><a class=\"accordion-section-title\" href=\"#accordion-4\">\u00bfCu\u00e1les son mis derechos durante el procedimiento de expulsi\u00f3n New York?<\/a><span class=\"ez-toc-section-end\"><\/span><\/h3>\n<div id=\"accordion-4\" class=\"accordion-section-content\" style=\"display: none;\">\n<p>Usted tiene varios derechos durante el procedimiento de expulsi\u00f3n en el New York, entre ellos el derecho a un abogado, el derecho a un int\u00e9rprete, el derecho a apelar una decisi\u00f3n que no le sea favorable y el derecho a montar una defensa s\u00f3lida con pruebas y testigos. Aunque tiene derecho a representaci\u00f3n legal, es su responsabilidad encontrar y financiar su representaci\u00f3n. Es fundamental que conozca sus derechos y reciba asesoramiento jur\u00eddico durante todo el procedimiento de expulsi\u00f3n.<\/p>\n<\/div>\n<\/div>\n<\/div>\n<h2><span class=\"ez-toc-section\" id=\"contact-queens-deportation-defense-lawyer\"><\/span>Contacto Queens Abogado de Defensa de Deportaci\u00f3n<span class=\"ez-toc-section-end\"><\/span><\/h2>\n<p>Si usted o un ser querido se enfrentan a una orden de deportaci\u00f3n o expulsi\u00f3n en el Queens, es probable que se sienta asustado e inseguro de qu\u00e9 pasos tomar a continuaci\u00f3n. Un abogado compasivo y experto de Pollack, Pollack, Isaac &amp; DeCicco est\u00e1 aqu\u00ed para ayudarle a aprovechar las diversas opciones legales para luchar contra su expulsi\u00f3n. <a href=\"https:\/\/ppid.com\/es\/contact\/\">P\u00f3ngase en contacto con nosotros<\/a> para empezar a discutir su caso y dise\u00f1ar un formidable camino a seguir.<\/p>","protected":false},"excerpt":{"rendered":"<p>Queens Deportation Defense Attorney Queens could not have the strong economy and culture it boasts today without its strong immigration history. Immigrants that make up the backbone of Queens, however, are still constantly in fear of deportation. If you or a loved one are facing deportation, a Queens deportation defense lawyer from PPID can help &hellip; <\/p>\n<p class=\"link-more\"><a href=\"https:\/\/ppid.com\/es\/queens-deportation-defense-lawyer\/\" class=\"more-link\">Seguir leyendo<span class=\"screen-reader-text\"> &#8220;Queens Deportation Defense Lawyer&#8221;<\/span><\/a><\/p>","protected":false},"author":1,"featured_media":0,"parent":0,"menu_order":0,"comment_status":"closed","ping_status":"closed","template":"","meta":{"_acf_changed":false,"footnotes":""},"class_list":["post-1425","page","type-page","status-publish","hentry","entry"],"acf":[],"yoast_head":"<!-- This site is optimized with the Yoast SEO Premium plugin v26.8 (Yoast SEO v26.8) - https:\/\/yoast.com\/product\/yoast-seo-premium-wordpress\/ -->\n<title>Queens Deportation Defense Lawyer &amp; Law Firm<\/title>\n<meta name=\"description\" content=\"Searching for a Queens Deportation Defense Lawyer? PPID is committed to helping you navigate complex immigration laws. Contact us now!\" \/>\n<meta name=\"robots\" content=\"index, follow, max-snippet:-1, max-image-preview:large, max-video-preview:-1\" \/>\n<link rel=\"canonical\" href=\"https:\/\/ppid.com\/es\/queens-deportation-defense-lawyer\/\" \/>\n<meta property=\"og:locale\" content=\"es_MX\" \/>\n<meta property=\"og:type\" content=\"article\" \/>\n<meta property=\"og:title\" content=\"Queens Deportation Defense Lawyer\" \/>\n<meta property=\"og:description\" content=\"Searching for a Queens Deportation Defense Lawyer? PPID is committed to helping you navigate complex immigration laws. Contact us now!\" \/>\n<meta property=\"og:url\" content=\"https:\/\/ppid.com\/es\/queens-deportation-defense-lawyer\/\" \/>\n<meta property=\"og:site_name\" content=\"Pollack, Pollack, Isaac &amp; DeCicco, LLP\" \/>\n<meta property=\"article:modified_time\" content=\"2025-09-15T06:14:27+00:00\" \/>\n<meta name=\"twitter:card\" content=\"summary_large_image\" \/>\n<meta name=\"twitter:label1\" content=\"Tiempo de lectura\" \/>\n\t<meta name=\"twitter:data1\" content=\"5 minutos\" \/>\n<!-- \/ Yoast SEO Premium plugin. -->","yoast_head_json":{"title":"Queens Deportaci\u00f3n Abogado de Defensa y Bufete de Abogados","description":"\u00bfBusca un abogado de defensa contra la deportaci\u00f3n Queens? PPID se compromete a ayudarle a navegar las complejas leyes de inmigraci\u00f3n. \u00a1Cont\u00e1ctenos ahora!","robots":{"index":"index","follow":"follow","max-snippet":"max-snippet:-1","max-image-preview":"max-image-preview:large","max-video-preview":"max-video-preview:-1"},"canonical":"https:\/\/ppid.com\/es\/queens-deportation-defense-lawyer\/","og_locale":"es_MX","og_type":"article","og_title":"Queens Deportation Defense Lawyer","og_description":"Searching for a Queens Deportation Defense Lawyer? PPID is committed to helping you navigate complex immigration laws. Contact us now!","og_url":"https:\/\/ppid.com\/es\/queens-deportation-defense-lawyer\/","og_site_name":"Pollack, Pollack, Isaac &amp; DeCicco, LLP","article_modified_time":"2025-09-15T06:14:27+00:00","twitter_card":"summary_large_image","twitter_misc":{"Tiempo de lectura":"5 minutos"},"schema":{"@context":"https:\/\/schema.org","@graph":[{"@type":"WebPage","@id":"https:\/\/ppid.com\/queens-deportation-defense-lawyer\/","url":"https:\/\/ppid.com\/queens-deportation-defense-lawyer\/","name":"Queens Deportaci\u00f3n Abogado de Defensa y Bufete de Abogados","isPartOf":{"@id":"https:\/\/ppid.com\/#website"},"datePublished":"2024-12-12T04:32:29+00:00","dateModified":"2025-09-15T06:14:27+00:00","description":"\u00bfBusca un abogado de defensa contra la deportaci\u00f3n Queens? PPID se compromete a ayudarle a navegar las complejas leyes de inmigraci\u00f3n. \u00a1Cont\u00e1ctenos ahora!","breadcrumb":{"@id":"https:\/\/ppid.com\/queens-deportation-defense-lawyer\/#breadcrumb"},"inLanguage":"es","potentialAction":[{"@type":"ReadAction","target":["https:\/\/ppid.com\/queens-deportation-defense-lawyer\/"]}]},{"@type":"BreadcrumbList","@id":"https:\/\/ppid.com\/queens-deportation-defense-lawyer\/#breadcrumb","itemListElement":[{"@type":"ListItem","position":1,"name":"Home","item":"https:\/\/ppid.com\/"},{"@type":"ListItem","position":2,"name":"Queens Deportation Defense Lawyer"}]},{"@type":"WebSite","@id":"https:\/\/ppid.com\/#website","url":"https:\/\/ppid.com\/","name":"Pollack, Pollack, Isaac &amp; DeCicco, LLP","description":"","potentialAction":[{"@type":"SearchAction","target":{"@type":"EntryPoint","urlTemplate":"https:\/\/ppid.com\/?s={search_term_string}"},"query-input":{"@type":"PropertyValueSpecification","valueRequired":true,"valueName":"search_term_string"}}],"inLanguage":"es"}]}},"_links":{"self":[{"href":"https:\/\/ppid.com\/es\/wp-json\/wp\/v2\/pages\/1425","targetHints":{"allow":["GET"]}}],"collection":[{"href":"https:\/\/ppid.com\/es\/wp-json\/wp\/v2\/pages"}],"about":[{"href":"https:\/\/ppid.com\/es\/wp-json\/wp\/v2\/types\/page"}],"author":[{"embeddable":true,"href":"https:\/\/ppid.com\/es\/wp-json\/wp\/v2\/users\/1"}],"replies":[{"embeddable":true,"href":"https:\/\/ppid.com\/es\/wp-json\/wp\/v2\/comments?post=1425"}],"version-history":[{"count":0,"href":"https:\/\/ppid.com\/es\/wp-json\/wp\/v2\/pages\/1425\/revisions"}],"wp:attachment":[{"href":"https:\/\/ppid.com\/es\/wp-json\/wp\/v2\/media?parent=1425"}],"curies":[{"name":"wp","href":"https:\/\/api.w.org\/{rel}","templated":true}]}}