{"id":1434,"date":"2024-12-12T04:51:33","date_gmt":"2024-12-12T04:51:33","guid":{"rendered":"https:\/\/ppidllp.wpenginepowered.com\/?page_id=1434"},"modified":"2025-09-15T06:17:29","modified_gmt":"2025-09-15T06:17:29","slug":"rockland-county-citizenship-lawyer","status":"publish","type":"page","link":"https:\/\/ppid.com\/es\/rockland-county-citizenship-lawyer\/","title":{"rendered":"Rockland County Abogado especialista en ciudadan\u00eda"},"content":{"rendered":"<div id=\"ez-toc-container\" class=\"ez-toc-v2_0_80 counter-hierarchy ez-toc-counter ez-toc-transparent ez-toc-container-direction\">\n<div class=\"ez-toc-title-container\">\n<p class=\"ez-toc-title ez-toc-toggle\" style=\"cursor:pointer\">\u00cdndice<\/p>\n<span class=\"ez-toc-title-toggle\"><a href=\"#\" class=\"ez-toc-pull-right ez-toc-btn ez-toc-btn-xs ez-toc-btn-default ez-toc-toggle\" aria-label=\"Toggle Table of Content\"><span class=\"ez-toc-js-icon-con\"><span class=\"\"><span class=\"eztoc-hide\" style=\"display:none;\">Toggle<\/span><span class=\"ez-toc-icon-toggle-span\"><svg style=\"fill: #999;color:#999\" xmlns=\"http:\/\/www.w3.org\/2000\/svg\" class=\"list-377408\" width=\"20px\" height=\"20px\" viewbox=\"0 0 24 24\" fill=\"none\"><path d=\"M6 6H4v2h2V6zm14 0H8v2h12V6zM4 11h2v2H4v-2zm16 0H8v2h12v-2zM4 16h2v2H4v-2zm16 0H8v2h12v-2z\" fill=\"currentColor\"><\/path><\/svg><svg style=\"fill: #999;color:#999\" class=\"arrow-unsorted-368013\" xmlns=\"http:\/\/www.w3.org\/2000\/svg\" width=\"10px\" height=\"10px\" viewbox=\"0 0 24 24\" version=\"1.2\" baseprofile=\"tiny\"><path d=\"M18.2 9.3l-6.2-6.3-6.2 6.3c-.2.2-.3.4-.3.7s.1.5.3.7c.2.2.4.3.7.3h11c.3 0 .5-.1.7-.3.2-.2.3-.5.3-.7s-.1-.5-.3-.7zM5.8 14.7l6.2 6.3 6.2-6.3c.2-.2.3-.5.3-.7s-.1-.5-.3-.7c-.2-.2-.4-.3-.7-.3h-11c-.3 0-.5.1-.7.3-.2.2-.3.5-.3.7s.1.5.3.7z\"\/><\/svg><\/span><\/span><\/span><\/a><\/span><\/div>\n<nav><ul class='ez-toc-list ez-toc-list-level-1 eztoc-toggle-hide-by-default' ><li class='ez-toc-page-1 ez-toc-heading-level-2'><a class=\"ez-toc-link ez-toc-heading-1\" href=\"https:\/\/ppid.com\/es\/rockland-county-citizenship-lawyer\/#rockland-county-citizenship-attorney\" >Rockland County Abogado de la Ciudadan\u00eda<\/a><\/li><li class='ez-toc-page-1 ez-toc-heading-level-2'><a class=\"ez-toc-link ez-toc-heading-2\" href=\"https:\/\/ppid.com\/es\/rockland-county-citizenship-lawyer\/#the-benefits-that-come-with-us-citizenship\" >Ventajas de la ciudadan\u00eda estadounidense<\/a><\/li><li class='ez-toc-page-1 ez-toc-heading-level-2'><a class=\"ez-toc-link ez-toc-heading-3\" href=\"https:\/\/ppid.com\/es\/rockland-county-citizenship-lawyer\/#faqs\" >Preguntas frecuentes<\/a><ul class='ez-toc-list-level-3' ><li class='ez-toc-heading-level-3'><a class=\"ez-toc-link ez-toc-heading-4\" href=\"https:\/\/ppid.com\/es\/rockland-county-citizenship-lawyer\/#can-i-apply-for-us-citizenship-if-my-green-card-has-expired\" >\u00bfPuedo solicitar la nacionalidad estadounidense si mi tarjeta verde ha caducado?<\/a><\/li><li class='ez-toc-page-1 ez-toc-heading-level-3'><a class=\"ez-toc-link ez-toc-heading-5\" href=\"https:\/\/ppid.com\/es\/rockland-county-citizenship-lawyer\/#what-happens-if-i-fail-the-us-citizenship-test\" >\u00bfQu\u00e9 ocurre si suspendo el examen de nacionalidad estadounidense?<\/a><\/li><li class='ez-toc-page-1 ez-toc-heading-level-3'><a class=\"ez-toc-link ez-toc-heading-6\" href=\"https:\/\/ppid.com\/es\/rockland-county-citizenship-lawyer\/#how-long-do-i-have-to-wait-after-my-naturalization-interview-for-a-decision\" >\u00bfCu\u00e1nto tiempo tengo que esperar despu\u00e9s de la entrevista de naturalizaci\u00f3n?<\/a><\/li><li class='ez-toc-page-1 ez-toc-heading-level-3'><a class=\"ez-toc-link ez-toc-heading-7\" href=\"https:\/\/ppid.com\/es\/rockland-county-citizenship-lawyer\/#what-is-the-oath-of-allegiance-ceremony-for-us-citizenship\" >\u00bfEn qu\u00e9 consiste la ceremonia de juramento de lealtad a la ciudadan\u00eda estadounidense?<\/a><\/li><\/ul><\/li><li class='ez-toc-page-1 ez-toc-heading-level-2'><a class=\"ez-toc-link ez-toc-heading-8\" href=\"https:\/\/ppid.com\/es\/rockland-county-citizenship-lawyer\/#take-the-leap-towards-us-citizenship-with-a-rockland-county-citizenship-lawyer\" >D\u00e9 el salto hacia la ciudadan\u00eda estadounidense con un abogado especializado en ciudadan\u00eda Rockland County<\/a><ul class='ez-toc-list-level-3' ><li class='ez-toc-heading-level-3'><a class=\"ez-toc-link ez-toc-heading-9\" href=\"https:\/\/ppid.com\/es\/rockland-county-citizenship-lawyer\/#rockland-county-ny-citizenship-law-resources\" >Rockland County, Recursos de la Ley de Ciudadan\u00eda de NY<\/a><\/li><\/ul><\/li><\/ul><\/nav><\/div>\n<h2><span class=\"ez-toc-section\" id=\"rockland-county-citizenship-attorney\"><\/span>Rockland County Abogado de la Ciudadan\u00eda<span class=\"ez-toc-section-end\"><\/span><\/h2>\n<p>Hacerse ciudadano estadounidense es una decisi\u00f3n trascendental y nosotros le ofrecemos orientaci\u00f3n experta para cumplir los requisitos.<\/p>\n<p>Un abogado experto en ciudadan\u00eda Rockland County de PPID puede ayudarle a prepararse adecuadamente y a superar cualquier obst\u00e1culo legal para obtener su ciudadan\u00eda estadounidense.<\/p>\n<p>El equipo dedicado a la inmigraci\u00f3n legal en Pollack, Pollack, Isaac &amp; DeCicco tiene una historia de d\u00e9cadas de ayudar a los inmigrantes en Rockland County y sus alrededores a alcanzar sus metas de inmigraci\u00f3n, incluyendo la ciudadan\u00eda estadounidense . Un abogado de ciudadan\u00eda PPID Rockland County puede proporcionar a los clientes apoyo legal crucial, ayud\u00e1ndoles a entender c\u00f3mo cumplir con los requisitos legales cr\u00edticos y navegar por el complejo proceso de naturalizaci\u00f3n.<\/p>\n<h2><span class=\"ez-toc-section\" id=\"the-benefits-that-come-with-us-citizenship\"><\/span>Ventajas de la ciudadan\u00eda estadounidense<span class=\"ez-toc-section-end\"><\/span><\/h2>\n<p><strong>Algunas de las principales ventajas que conlleva ser ciudadano estadounidense son las siguientes:<\/strong><\/p>\n<ul>\n<li><strong>M\u00e1s opciones para la reagrupaci\u00f3n familiar.<\/strong> Cuando se trata de patrocinar a familiares que viven en el extranjero para que vengan a vivir a Estados Unidos, los ciudadanos estadounidenses suelen tener prioridad sobre los residentes legales permanentes, lo que agiliza la reagrupaci\u00f3n familiar. Tambi\u00e9n pueden solicitar la inmigraci\u00f3n a Estados Unidos de familiares cercanos, como hijos, padres y hermanos.<\/li>\n<li><strong>Derechos de voto ampliados.<\/strong> Los ciudadanos estadounidenses tienen derecho a votar en las elecciones locales, estatales y federales, lo que les da la oportunidad de opinar sobre qui\u00e9n les representar\u00e1 en el gobierno. Se trata de una parte fundamental del proceso democr\u00e1tico de configuraci\u00f3n de la pol\u00edtica.<\/li>\n<li><strong>Protecciones contra la deportaci\u00f3n.<\/strong> Los ciudadanos estadounidenses tienen la tranquilidad de saber que est\u00e1n protegidos contra la expulsi\u00f3n del pa\u00eds. Las condenas por determinados tipos de delitos que podr\u00edan llevar a la deportaci\u00f3n de residentes permanentes legales no se aplican a los ciudadanos estadounidenses.<\/li>\n<li><strong>Acceso a cargos p\u00fablicos.<\/strong> Los ciudadanos estadounidenses que han obtenido la nacionalidad por naturalizaci\u00f3n pueden presentarse a la mayor\u00eda de los cargos p\u00fablicos. Sin embargo, no pueden optar al cargo de Presidente de Estados Unidos.<\/li>\n<li><strong>Acceso a puestos en el gobierno federal.<\/strong> Los ciudadanos estadounidenses pueden acceder a empleos en el gobierno federal, lo que les permite optar a m\u00e1s oportunidades en la mano de obra estadounidense.<\/li>\n<li><strong>Viajes internacionales.<\/strong> Los ciudadanos estadounidenses pueden solicitar un pasaporte estadounidense, que les permite disfrutar de los privilegios de acceder a muchos pa\u00edses mediante viajes internacionales. Como el pasaporte estadounidense es relativamente fuerte en comparaci\u00f3n con otros pa\u00edses, esto puede abrir a las personas la posibilidad de viajar que antes no ten\u00edan necesariamente.<\/li>\n<\/ul>\n<h2><span class=\"ez-toc-section\" id=\"faqs\"><\/span>Preguntas frecuentes<span class=\"ez-toc-section-end\"><\/span><\/h2>\n<div class=\"accsec-ritcnt accordion\">\n<div class=\"accordion-section\">\n<h3><span class=\"ez-toc-section\" id=\"can-i-apply-for-us-citizenship-if-my-green-card-has-expired\"><\/span><a class=\"accordion-section-title active\" href=\"#accordion-1\">\u00bfPuedo solicitar la nacionalidad estadounidense si mi tarjeta verde ha caducado?<\/a><span class=\"ez-toc-section-end\"><\/span><\/h3>\n<div id=\"accordion-1\" class=\"accordion-section-content open\" style=\"display: block;\">\n<p>Si su tarjeta verde ha caducado, es probable que a\u00fan pueda solicitar la nacionalidad estadounidense. Sin embargo, esto podr\u00eda introducir dificultades en su proceso de naturalizaci\u00f3n. Por lo general, se recomienda tener una tarjeta de residencia actualizada antes de iniciar el proceso de naturalizaci\u00f3n para evitar problemas imprevistos. Si su permiso de residencia ha caducado y desea obtener la nacionalidad estadounidense, un abogado especializado en ciudadan\u00eda Rockland County puede ofrecerle asistencia jur\u00eddica para llevar a cabo el proceso.<\/p>\n<\/div>\n<\/div>\n<div class=\"accordion-section\">\n<h3><span class=\"ez-toc-section\" id=\"what-happens-if-i-fail-the-us-citizenship-test\"><\/span><a class=\"accordion-section-title\" href=\"#accordion-2\">\u00bfQu\u00e9 ocurre si suspendo el examen de nacionalidad estadounidense?<\/a><span class=\"ez-toc-section-end\"><\/span><\/h3>\n<div id=\"accordion-2\" class=\"accordion-section-content\" style=\"display: none;\">\n<p>Si no supera el componente de educaci\u00f3n c\u00edvica o ingl\u00e9s del examen de ciudadan\u00eda estadounidense en su entrevista de naturalizaci\u00f3n, puede volver a realizar el examen m\u00e1s adelante. S\u00f3lo se le permitir\u00e1 hacer el examen una vez m\u00e1s. Es crucial prepararse adecuadamente para evitar posibles problemas. Un abogado con experiencia puede ayudarle a comprender los componentes del examen de naturalizaci\u00f3n y asesorarle para aumentar sus posibilidades de obtener un resultado positivo.<\/p>\n<\/div>\n<\/div>\n<div class=\"accordion-section\">\n<h3><span class=\"ez-toc-section\" id=\"how-long-do-i-have-to-wait-after-my-naturalization-interview-for-a-decision\"><\/span><a class=\"accordion-section-title\" href=\"#accordion-3\">\u00bfCu\u00e1nto tiempo tengo que esperar despu\u00e9s de la entrevista de naturalizaci\u00f3n?<\/a><span class=\"ez-toc-section-end\"><\/span><\/h3>\n<div id=\"accordion-3\" class=\"accordion-section-content\" style=\"display: none;\">\n<p>Despu\u00e9s de su entrevista de naturalizaci\u00f3n, la cantidad de tiempo que tiene que esperar para una decisi\u00f3n sobre su ciudadan\u00eda estadounidense depende de varios factores, incluyendo la complejidad de su caso y la carga de trabajo en USCIS. Los casos complejos o los casos que requieren la presentaci\u00f3n de documentaci\u00f3n adicional pueden tomar per\u00edodos m\u00e1s largos de tiempo para ser procesados. Un abogado especializado en ciudadan\u00eda puede ayudarle a comprobar el estado de su solicitud.<\/p>\n<\/div>\n<\/div>\n<div class=\"accordion-section\">\n<h3><span class=\"ez-toc-section\" id=\"what-is-the-oath-of-allegiance-ceremony-for-us-citizenship\"><\/span><a class=\"accordion-section-title\" href=\"#accordion-4\">\u00bfEn qu\u00e9 consiste la ceremonia de juramento de lealtad a la ciudadan\u00eda estadounidense?<\/a><span class=\"ez-toc-section-end\"><\/span><\/h3>\n<div id=\"accordion-4\" class=\"accordion-section-content\" style=\"display: none;\">\n<p>La ceremonia de juramento de lealtad es necesaria para convertirse en ciudadano estadounidense, durante la cual los solicitantes deben prestar juramento renunciando a su nacionalidad anterior. Durante esta ceremonia, tambi\u00e9n tienen que declarar su dedicaci\u00f3n a cumplir con su deber como ciudadano estadounidense y a apoyar y defender la Constituci\u00f3n. Tras el juramento, los solicitantes reciben un certificado de naturalizaci\u00f3n que confirma su ciudadan\u00eda estadounidense.<\/p>\n<\/div>\n<\/div>\n<\/div>\n<h2><span class=\"ez-toc-section\" id=\"take-the-leap-towards-us-citizenship-with-a-rockland-county-citizenship-lawyer\"><\/span>D\u00e9 el salto hacia la ciudadan\u00eda estadounidense con un abogado especializado en ciudadan\u00eda Rockland County<span class=\"ez-toc-section-end\"><\/span><\/h2>\n<p>Aunque pasar por el proceso de naturalizaci\u00f3n para obtener la ciudadan\u00eda estadounidense puede parecer complicado y abrumador, es completamente factible con un abogado de ciudadan\u00eda experimentado y compasivo. Un abogado puede ayudarle a entender si usted cumple con los requisitos y lo que puede esperar a trav\u00e9s de cada paso a lo largo del camino. Al ayudarle a prepararse con antelaci\u00f3n, pueden optimizar sus posibilidades de un resultado exitoso. <a href=\"https:\/\/ppid.com\/es\/contact\/\">P\u00f3ngase en contacto con PPID hoy mismo para empezar<\/a>.<\/p>\n<p>Los criterios de elegibilidad y los detalles del programa de Ciudadan\u00eda y Naturalizaci\u00f3n de EE.UU. cambian. Consulte a un abogado de PPID para que le oriente en su caso. Las consultas est\u00e1n disponibles en persona y en l\u00ednea.<\/p>\n<h3><span class=\"ez-toc-section\" id=\"rockland-county-ny-citizenship-law-resources\"><\/span>Rockland County, Recursos de la Ley de Ciudadan\u00eda de NY<span class=\"ez-toc-section-end\"><\/span><\/h3>\n<ul>\n<li><a href=\"https:\/\/ppid.com\/es\/blog\/how-can-i-prepare-for-the-u-s-citizenship-test\/\">\u00bfC\u00f3mo puedo prepararme para el examen de ciudadan\u00eda estadounidense?<\/a><\/li>\n<li><a href=\"https:\/\/ppid.com\/es\/blog\/naturalized-or-derived-us-citizen\/\">Ciudadano estadounidense naturalizado o derivado: \u00bfcu\u00e1l es la diferencia?<\/a><\/li>\n<li><a href=\"https:\/\/ppid.com\/es\/blog\/what-is-birthright-citizenship-in-the-usa\/\">\u00bfQu\u00e9 es la ciudadan\u00eda por derecho de nacimiento en EE.UU.?<\/a><\/li>\n<li><a href=\"https:\/\/ppid.com\/es\/blog\/can-i-apply-for-us-citizenship-if-i-have-a-criminal-record-in-nyc\/\">\u00bfPuedo solicitar la nacionalidad estadounidense si tengo antecedentes penales en Nueva York?<\/a><\/li>\n<li><a href=\"https:\/\/ppid.com\/es\/blog\/new-registration-requirement-for-non-citizens\/\">Nuevo requisito de registro para los no ciudadanos: Lo que hay que saber<\/a><br \/>\n<iframe loading=\"lazy\" style=\"border: 0;\" src=\"https:\/\/www.google.com\/maps\/embed?pb=!1m18!1m12!1m3!1d192241.84138201142!2d-74.22560799609786!3d41.16117844501192!2m3!1f0!2f0!3f0!3m2!1i1024!2i768!4f13.1!3m3!1m2!1s0x89c2c9caf11a7127%3A0x1f98163a4a0f684e!2sRockland%20County%2C%20NY%2C%20USA!5e0!3m2!1sen!2sin!4v1750682077992!5m2!1sen!2sin\" width=\"100%\" height=\"300\" allowfullscreen=\"allowfullscreen\"><\/iframe><\/li>\n<\/ul>","protected":false},"excerpt":{"rendered":"<p>Rockland County Citizenship Attorney Becoming a US citizen is a momentous decision and we provide expert guidance to fulfill the requirements. A skilled Rockland County citizenship lawyer from PPID can help you prepare adequately and overcome any legal hurdles to obtain your US citizenship. The dedicated legal immigration team at Pollack, Pollack, Isaac &amp; DeCicco &hellip; <\/p>\n<p class=\"link-more\"><a href=\"https:\/\/ppid.com\/es\/rockland-county-citizenship-lawyer\/\" class=\"more-link\">Seguir leyendo<span class=\"screen-reader-text\"> &#8220;Rockland County Citizenship Lawyer&#8221;<\/span><\/a><\/p>","protected":false},"author":1,"featured_media":0,"parent":0,"menu_order":0,"comment_status":"closed","ping_status":"closed","template":"","meta":{"_acf_changed":false,"footnotes":""},"class_list":["post-1434","page","type-page","status-publish","hentry","entry"],"acf":[],"yoast_head":"<!-- This site is optimized with the Yoast SEO Premium plugin v26.8 (Yoast SEO v26.8) - https:\/\/yoast.com\/product\/yoast-seo-premium-wordpress\/ -->\n<title>Rockland County Citizenship Lawyer &amp; Law Firm<\/title>\n<meta name=\"description\" content=\"Looking for a Rockland County Citizenship Lawyer? PPID offers expert legal services to guide you through the citizenship process with ease. Contact us today!\" \/>\n<meta name=\"robots\" content=\"index, follow, max-snippet:-1, max-image-preview:large, max-video-preview:-1\" \/>\n<link rel=\"canonical\" href=\"https:\/\/ppid.com\/es\/rockland-county-citizenship-lawyer\/\" \/>\n<meta property=\"og:locale\" content=\"es_MX\" \/>\n<meta property=\"og:type\" content=\"article\" \/>\n<meta property=\"og:title\" content=\"Rockland County Citizenship Lawyer\" \/>\n<meta property=\"og:description\" content=\"Looking for a Rockland County Citizenship Lawyer? PPID offers expert legal services to guide you through the citizenship process with ease. Contact us today!\" \/>\n<meta property=\"og:url\" content=\"https:\/\/ppid.com\/es\/rockland-county-citizenship-lawyer\/\" \/>\n<meta property=\"og:site_name\" content=\"Pollack, Pollack, Isaac &amp; DeCicco, LLP\" \/>\n<meta property=\"article:modified_time\" content=\"2025-09-15T06:17:29+00:00\" \/>\n<meta name=\"twitter:card\" content=\"summary_large_image\" \/>\n<meta name=\"twitter:label1\" content=\"Tiempo de lectura\" \/>\n\t<meta name=\"twitter:data1\" content=\"4 minutos\" \/>\n<!-- \/ Yoast SEO Premium plugin. -->","yoast_head_json":{"title":"Rockland County Ciudadan\u00eda Abogado y bufete de abogados","description":"\u00bfBusca un abogado de ciudadan\u00eda Rockland County? PPID ofrece servicios legales expertos para guiarle a trav\u00e9s del proceso de ciudadan\u00eda con facilidad. P\u00f3ngase en contacto con nosotros hoy mismo.","robots":{"index":"index","follow":"follow","max-snippet":"max-snippet:-1","max-image-preview":"max-image-preview:large","max-video-preview":"max-video-preview:-1"},"canonical":"https:\/\/ppid.com\/es\/rockland-county-citizenship-lawyer\/","og_locale":"es_MX","og_type":"article","og_title":"Rockland County Citizenship Lawyer","og_description":"Looking for a Rockland County Citizenship Lawyer? PPID offers expert legal services to guide you through the citizenship process with ease. Contact us today!","og_url":"https:\/\/ppid.com\/es\/rockland-county-citizenship-lawyer\/","og_site_name":"Pollack, Pollack, Isaac &amp; DeCicco, LLP","article_modified_time":"2025-09-15T06:17:29+00:00","twitter_card":"summary_large_image","twitter_misc":{"Tiempo de lectura":"4 minutos"},"schema":{"@context":"https:\/\/schema.org","@graph":[{"@type":"WebPage","@id":"https:\/\/ppid.com\/rockland-county-citizenship-lawyer\/","url":"https:\/\/ppid.com\/rockland-county-citizenship-lawyer\/","name":"Rockland County Ciudadan\u00eda Abogado y bufete de abogados","isPartOf":{"@id":"https:\/\/ppid.com\/#website"},"datePublished":"2024-12-12T04:51:33+00:00","dateModified":"2025-09-15T06:17:29+00:00","description":"\u00bfBusca un abogado de ciudadan\u00eda Rockland County? PPID ofrece servicios legales expertos para guiarle a trav\u00e9s del proceso de ciudadan\u00eda con facilidad. P\u00f3ngase en contacto con nosotros hoy mismo.","breadcrumb":{"@id":"https:\/\/ppid.com\/rockland-county-citizenship-lawyer\/#breadcrumb"},"inLanguage":"es","potentialAction":[{"@type":"ReadAction","target":["https:\/\/ppid.com\/rockland-county-citizenship-lawyer\/"]}]},{"@type":"BreadcrumbList","@id":"https:\/\/ppid.com\/rockland-county-citizenship-lawyer\/#breadcrumb","itemListElement":[{"@type":"ListItem","position":1,"name":"Home","item":"https:\/\/ppid.com\/"},{"@type":"ListItem","position":2,"name":"Rockland County Citizenship Lawyer"}]},{"@type":"WebSite","@id":"https:\/\/ppid.com\/#website","url":"https:\/\/ppid.com\/","name":"Pollack, Pollack, Isaac &amp; DeCicco, LLP","description":"","potentialAction":[{"@type":"SearchAction","target":{"@type":"EntryPoint","urlTemplate":"https:\/\/ppid.com\/?s={search_term_string}"},"query-input":{"@type":"PropertyValueSpecification","valueRequired":true,"valueName":"search_term_string"}}],"inLanguage":"es"}]}},"_links":{"self":[{"href":"https:\/\/ppid.com\/es\/wp-json\/wp\/v2\/pages\/1434","targetHints":{"allow":["GET"]}}],"collection":[{"href":"https:\/\/ppid.com\/es\/wp-json\/wp\/v2\/pages"}],"about":[{"href":"https:\/\/ppid.com\/es\/wp-json\/wp\/v2\/types\/page"}],"author":[{"embeddable":true,"href":"https:\/\/ppid.com\/es\/wp-json\/wp\/v2\/users\/1"}],"replies":[{"embeddable":true,"href":"https:\/\/ppid.com\/es\/wp-json\/wp\/v2\/comments?post=1434"}],"version-history":[{"count":0,"href":"https:\/\/ppid.com\/es\/wp-json\/wp\/v2\/pages\/1434\/revisions"}],"wp:attachment":[{"href":"https:\/\/ppid.com\/es\/wp-json\/wp\/v2\/media?parent=1434"}],"curies":[{"name":"wp","href":"https:\/\/api.w.org\/{rel}","templated":true}]}}