{"id":1437,"date":"2024-12-12T05:01:20","date_gmt":"2024-12-12T05:01:20","guid":{"rendered":"https:\/\/ppidllp.wpenginepowered.com\/?page_id=1437"},"modified":"2025-09-15T06:26:08","modified_gmt":"2025-09-15T06:26:08","slug":"westchester-citizenship-lawyer","status":"publish","type":"page","link":"https:\/\/ppid.com\/es\/westchester-citizenship-lawyer\/","title":{"rendered":"Westchester Abogado especialista en ciudadan\u00eda"},"content":{"rendered":"<div id=\"ez-toc-container\" class=\"ez-toc-v2_0_80 counter-hierarchy ez-toc-counter ez-toc-transparent ez-toc-container-direction\">\n<div class=\"ez-toc-title-container\">\n<p class=\"ez-toc-title ez-toc-toggle\" style=\"cursor:pointer\">\u00cdndice<\/p>\n<span class=\"ez-toc-title-toggle\"><a href=\"#\" class=\"ez-toc-pull-right ez-toc-btn ez-toc-btn-xs ez-toc-btn-default ez-toc-toggle\" aria-label=\"Toggle Table of Content\"><span class=\"ez-toc-js-icon-con\"><span class=\"\"><span class=\"eztoc-hide\" style=\"display:none;\">Toggle<\/span><span class=\"ez-toc-icon-toggle-span\"><svg style=\"fill: #999;color:#999\" xmlns=\"http:\/\/www.w3.org\/2000\/svg\" class=\"list-377408\" width=\"20px\" height=\"20px\" viewbox=\"0 0 24 24\" fill=\"none\"><path d=\"M6 6H4v2h2V6zm14 0H8v2h12V6zM4 11h2v2H4v-2zm16 0H8v2h12v-2zM4 16h2v2H4v-2zm16 0H8v2h12v-2z\" fill=\"currentColor\"><\/path><\/svg><svg style=\"fill: #999;color:#999\" class=\"arrow-unsorted-368013\" xmlns=\"http:\/\/www.w3.org\/2000\/svg\" width=\"10px\" height=\"10px\" viewbox=\"0 0 24 24\" version=\"1.2\" baseprofile=\"tiny\"><path d=\"M18.2 9.3l-6.2-6.3-6.2 6.3c-.2.2-.3.4-.3.7s.1.5.3.7c.2.2.4.3.7.3h11c.3 0 .5-.1.7-.3.2-.2.3-.5.3-.7s-.1-.5-.3-.7zM5.8 14.7l6.2 6.3 6.2-6.3c.2-.2.3-.5.3-.7s-.1-.5-.3-.7c-.2-.2-.4-.3-.7-.3h-11c-.3 0-.5.1-.7.3-.2.2-.3.5-.3.7s.1.5.3.7z\"\/><\/svg><\/span><\/span><\/span><\/a><\/span><\/div>\n<nav><ul class='ez-toc-list ez-toc-list-level-1 eztoc-toggle-hide-by-default' ><li class='ez-toc-page-1 ez-toc-heading-level-2'><a class=\"ez-toc-link ez-toc-heading-1\" href=\"https:\/\/ppid.com\/es\/westchester-citizenship-lawyer\/#westchester-citizenship-attorney\" >Westchester Abogado de la Ciudadan\u00eda<\/a><\/li><li class='ez-toc-page-1 ez-toc-heading-level-2'><a class=\"ez-toc-link ez-toc-heading-2\" href=\"https:\/\/ppid.com\/es\/westchester-citizenship-lawyer\/#common-challenges-faced-during-naturalization\" >Desaf\u00edos comunes durante la naturalizaci\u00f3n<\/a><\/li><li class='ez-toc-page-1 ez-toc-heading-level-2'><a class=\"ez-toc-link ez-toc-heading-3\" href=\"https:\/\/ppid.com\/es\/westchester-citizenship-lawyer\/#faqs\" >Preguntas frecuentes<\/a><ul class='ez-toc-list-level-3' ><li class='ez-toc-heading-level-3'><a class=\"ez-toc-link ez-toc-heading-4\" href=\"https:\/\/ppid.com\/es\/westchester-citizenship-lawyer\/#what-should-i-do-if-my-naturalization-application-is-denied-in-westchester\" >\u00bfQu\u00e9 debo hacer si me deniegan la solicitud de naturalizaci\u00f3n en el Westchester?<\/a><\/li><li class='ez-toc-page-1 ez-toc-heading-level-3'><a class=\"ez-toc-link ez-toc-heading-5\" href=\"https:\/\/ppid.com\/es\/westchester-citizenship-lawyer\/#can-i-apply-for-us-citizenship-if-i-dont-speak-english\" >\u00bfPuedo solicitar la nacionalidad estadounidense si no hablo ingl\u00e9s?<\/a><\/li><li class='ez-toc-page-1 ez-toc-heading-level-3'><a class=\"ez-toc-link ez-toc-heading-6\" href=\"https:\/\/ppid.com\/es\/westchester-citizenship-lawyer\/#how-can-i-prove-good-moral-character-for-us-citizenship\" >\u00bfC\u00f3mo puedo demostrar mi moralidad para obtener la nacionalidad estadounidense?<\/a><\/li><li class='ez-toc-page-1 ez-toc-heading-level-3'><a class=\"ez-toc-link ez-toc-heading-7\" href=\"https:\/\/ppid.com\/es\/westchester-citizenship-lawyer\/#what-are-the-english-and-civics-test-requirements-for-naturalization\" >\u00bfCu\u00e1les son los requisitos del examen de ingl\u00e9s y c\u00edvica para la naturalizaci\u00f3n?<\/a><\/li><\/ul><\/li><li class='ez-toc-page-1 ez-toc-heading-level-2'><a class=\"ez-toc-link ez-toc-heading-8\" href=\"https:\/\/ppid.com\/es\/westchester-citizenship-lawyer\/#pursue-us-citizenship-with-a-skilled-westchester-immigration-lawyer\" >Obtenga la ciudadan\u00eda estadounidense con un abogado especializado en inmigraci\u00f3n Westchester<\/a><ul class='ez-toc-list-level-3' ><li class='ez-toc-heading-level-3'><a class=\"ez-toc-link ez-toc-heading-9\" href=\"https:\/\/ppid.com\/es\/westchester-citizenship-lawyer\/#westchester-ny-citizenship-law-resources\" >Westchester, Recursos de la Ley de Ciudadan\u00eda de NY<\/a><\/li><\/ul><\/li><\/ul><\/nav><\/div>\n<h2><span class=\"ez-toc-section\" id=\"westchester-citizenship-attorney\"><\/span>Westchester Abogado de la Ciudadan\u00eda<span class=\"ez-toc-section-end\"><\/span><\/h2>\n<p>Hacerse ciudadano estadounidense es una decisi\u00f3n trascendental y nosotros le ofrecemos orientaci\u00f3n experta para cumplir los requisitos.<\/p>\n<p>Pollack, Pollack, Isaac &amp; DeCicco tiene una larga y orgullosa historia de apoyar a los inmigrantes y ayudar a los inmigrantes a obtener la ciudadan\u00eda estadounidense a trav\u00e9s de la naturalizaci\u00f3n. Un abogado de ciudadan\u00eda Westchester de PPID puede ayudarle a desarrollar una estrategia legal a medida para navegar con \u00e9xito los procesos legales y obtener su ciudadan\u00eda estadounidense.<\/p>\n<h2><span class=\"ez-toc-section\" id=\"common-challenges-faced-during-naturalization\"><\/span>Desaf\u00edos comunes durante la naturalizaci\u00f3n<span class=\"ez-toc-section-end\"><\/span><\/h2>\n<p>La naturalizaci\u00f3n es el proceso legal por el que deben pasar los ciudadanos no estadounidenses para obtener la ciudadan\u00eda. Este proceso exige cumplir varios requisitos legales, como demostrar buena conducta moral; tener residencia y presencia f\u00edsica continuas e ininterrumpidas en el pa\u00eds durante cierto tiempo; y tener un dominio b\u00e1sico de la lengua inglesa.<\/p>\n<p>Por desgracia, las personas pueden enfrentarse a diversos obst\u00e1culos. Puede haber problemas relacionados con la elegibilidad para iniciar el proceso, as\u00ed como problemas que pueden surgir durante la solicitud. <strong>Un abogado experto en ciudadan\u00eda Westchester puede ayudarle a superar, entre otros, los siguientes retos comunes a los que se enfrenta durante la naturalizaci\u00f3n:<\/strong><\/p>\n<ul>\n<li><strong>Interrupciones en la residencia.<\/strong> Existe un requisito de residencia continua que debe cumplirse para poder optar a la naturalizaci\u00f3n. Si ha estado fuera de EE.UU. durante largos periodos de tiempo, un abogado puede trabajar para demostrar que segu\u00eda teniendo v\u00ednculos en EE.UU. durante ese tiempo y documentar su regreso al pa\u00eds para demostrar que cumple los requisitos de presencia f\u00edsica.<\/li>\n<li><strong>Antecedentes penales.<\/strong> Los solicitantes que tengan determinadas condenas penales en su historial pueden no ser elegibles para la ciudadan\u00eda estadounidense, especialmente si estos delitos incluyen delitos de drogas, fraude o vileza moral.<br \/>\nSi tiene un delito en su historial, un <a href=\"https:\/\/ppid.com\/es\/westchester-county-immigration-lawyer\/\">abogado experto en inmigraci\u00f3n<\/a> puede ayudarle a sortear la situaci\u00f3n anim\u00e1ndole a esperar un cierto periodo de tiempo antes de presentar la solicitud o a seguir adelante y presentar su caso de manera \u00f3ptima para demostrar que tiene un buen car\u00e1cter moral.<\/li>\n<li><strong>Documentaci\u00f3n defectuosa.<\/strong> Las personas que no tienen experiencia en el proceso de naturalizaci\u00f3n pueden no presentar la documentaci\u00f3n adecuada para la solicitud, como la prueba de un matrimonio estadounidense de buena fe. Esto podr\u00eda poner en peligro su solicitud. Un abogado de inmigraci\u00f3n con experiencia puede ayudarle a entender los documentos requeridos y garantizar que se completen para evitar rechazos o retrasos innecesarios.<\/li>\n<li><strong>Denegaci\u00f3n.<\/strong> Las personas a las que se les deniega su solicitud de naturalizaci\u00f3n tienen derecho a navegar por el proceso de apelaci\u00f3n y a que otra persona revise su solicitud. Un abogado de ciudadan\u00eda Westchester puede ayudarle a presentar una apelaci\u00f3n y abogar por usted durante las audiencias necesarias para cuestionar la denegaci\u00f3n de su solicitud.<\/li>\n<\/ul>\n<h2><span class=\"ez-toc-section\" id=\"faqs\"><\/span>Preguntas frecuentes<span class=\"ez-toc-section-end\"><\/span><\/h2>\n<div class=\"accsec-ritcnt accordion\">\n<div class=\"accordion-section\">\n<h3><span class=\"ez-toc-section\" id=\"what-should-i-do-if-my-naturalization-application-is-denied-in-westchester\"><\/span><a class=\"accordion-section-title active\" href=\"#accordion-1\">\u00bfQu\u00e9 debo hacer si me deniegan la solicitud de naturalizaci\u00f3n en el Westchester?<\/a><span class=\"ez-toc-section-end\"><\/span><\/h3>\n<div id=\"accordion-1\" class=\"accordion-section-content open\" style=\"display: block;\">\n<p>Si su solicitud de naturalizaci\u00f3n es denegada en Westchester o en cualquier otro lugar de los Estados Unidos, todav\u00eda tiene varias opciones legales disponibles para obtener la ciudadan\u00eda. Un abogado experto en ciudadan\u00eda de Westchester puede ayudarle a entender sus opciones potenciales, que podr\u00edan ser presentar una apelaci\u00f3n, solicitar una audiencia o presentar una nueva solicitud despu\u00e9s de haber abordado las razones existentes para la denegaci\u00f3n de la naturalizaci\u00f3n.<\/p>\n<\/div>\n<\/div>\n<div class=\"accordion-section\">\n<h3><span class=\"ez-toc-section\" id=\"can-i-apply-for-us-citizenship-if-i-dont-speak-english\"><\/span><a class=\"accordion-section-title\" href=\"#accordion-2\">\u00bfPuedo solicitar la nacionalidad estadounidense si no hablo ingl\u00e9s?<\/a><span class=\"ez-toc-section-end\"><\/span><\/h3>\n<div id=\"accordion-2\" class=\"accordion-section-content\" style=\"display: none;\">\n<p>Demostrar un dominio b\u00e1sico del ingl\u00e9s suele ser uno de los requisitos para completar el proceso de naturalizaci\u00f3n; sin embargo, hay ciertas excepciones a esta regla, como en el caso de personas mayores o con problemas m\u00e9dicos graves. Un abogado experto en ciudadan\u00eda puede revisar los detalles de su caso y aconsejarle sobre si usted es elegible para renunciar a ciertos requisitos, como la demostraci\u00f3n del dominio del ingl\u00e9s.<\/p>\n<\/div>\n<\/div>\n<div class=\"accordion-section\">\n<h3><span class=\"ez-toc-section\" id=\"how-can-i-prove-good-moral-character-for-us-citizenship\"><\/span><a class=\"accordion-section-title\" href=\"#accordion-3\">\u00bfC\u00f3mo puedo demostrar mi moralidad para obtener la nacionalidad estadounidense?<\/a><span class=\"ez-toc-section-end\"><\/span><\/h3>\n<div id=\"accordion-3\" class=\"accordion-section-content\" style=\"display: none;\">\n<p>Para demostrar su buen car\u00e1cter moral, los solicitantes pueden presentar una serie de pruebas, que van desde el pago de impuestos hasta antecedentes penales limpios. Las pruebas adicionales, como la certificaci\u00f3n de voluntariado, el empleo constante y la demostraci\u00f3n de v\u00ednculos con la comunidad, tambi\u00e9n pueden ser \u00fatiles para demostrar el buen car\u00e1cter moral. Un abogado de inmigraci\u00f3n puede ayudarle a reunir pruebas para demostrar el buen car\u00e1cter moral.<\/p>\n<\/div>\n<\/div>\n<div class=\"accordion-section\">\n<h3><span class=\"ez-toc-section\" id=\"what-are-the-english-and-civics-test-requirements-for-naturalization\"><\/span><a class=\"accordion-section-title\" href=\"#accordion-4\">\u00bfCu\u00e1les son los requisitos del examen de ingl\u00e9s y c\u00edvica para la naturalizaci\u00f3n?<\/a><span class=\"ez-toc-section-end\"><\/span><\/h3>\n<div id=\"accordion-4\" class=\"accordion-section-content\" style=\"display: none;\">\n<p>Durante el proceso de naturalizaci\u00f3n, es necesario aprobar un examen de ingl\u00e9s y de educaci\u00f3n c\u00edvica para completar el proceso. Los requisitos para el examen de ingl\u00e9s incluyen secciones de expresi\u00f3n oral, escrita y de lectura, mientras que el examen de educaci\u00f3n c\u00edvica abarca diferentes temas de la historia y el gobierno de Estados Unidos. Como m\u00ednimo <a href=\"https:\/\/www.uscis.gov\/citizenship\/find-study-materials-and-resources\/study-for-the-test\" target=\"_blank\" rel=\"noopener\">60% del examen de civismo<\/a> deber\u00e1 responder correctamente para aprobar. Un abogado de inmigraci\u00f3n puede ayudarle a entender mejor los requisitos del examen de naturalizaci\u00f3n.<\/p>\n<\/div>\n<\/div>\n<\/div>\n<h2><span class=\"ez-toc-section\" id=\"pursue-us-citizenship-with-a-skilled-westchester-immigration-lawyer\"><\/span>Obtenga la ciudadan\u00eda estadounidense con un abogado especializado en inmigraci\u00f3n Westchester<span class=\"ez-toc-section-end\"><\/span><\/h2>\n<p>Tanto si acaba de cumplir los requisitos para el proceso de naturalizaci\u00f3n como si lleva a\u00f1os posponi\u00e9ndolo, ahora es el momento de conseguir la ciudadan\u00eda estadounidense. Un abogado con experiencia en ciudadan\u00eda Westchester puede ayudarle a entender su elegibilidad para la naturalizaci\u00f3n y qu\u00e9 esperar a medida que navega por el proceso. Tambi\u00e9n puede informarle de sus nuevos derechos y responsabilidades como ciudadano estadounidense. <a href=\"https:\/\/ppid.com\/es\/contact\/\">P\u00f3ngase en contacto con un abogado de PPID hoy mismo<\/a> para poner en marcha su solicitud de ciudadan\u00eda.<\/p>\n<p>Los criterios de elegibilidad y los detalles del programa de Ciudadan\u00eda y Naturalizaci\u00f3n de EE.UU. cambian. Consulte a un abogado de PPID para que le oriente en su caso. Las consultas est\u00e1n disponibles en persona y en l\u00ednea.<\/p>\n<h3><span class=\"ez-toc-section\" id=\"westchester-ny-citizenship-law-resources\"><\/span>Westchester, Recursos de la Ley de Ciudadan\u00eda de NY<span class=\"ez-toc-section-end\"><\/span><\/h3>\n<ul>\n<li><a href=\"https:\/\/ppid.com\/es\/blog\/how-can-i-prepare-for-the-u-s-citizenship-test\/\">\u00bfC\u00f3mo puedo prepararme para el examen de ciudadan\u00eda estadounidense?<\/a><\/li>\n<li><a href=\"https:\/\/ppid.com\/es\/blog\/naturalized-or-derived-us-citizen\/\">Ciudadano estadounidense naturalizado o derivado: \u00bfcu\u00e1l es la diferencia?<\/a><\/li>\n<li><a href=\"https:\/\/ppid.com\/es\/blog\/what-is-birthright-citizenship-in-the-usa\/\">\u00bfQu\u00e9 es la ciudadan\u00eda por derecho de nacimiento en EE.UU.?<\/a><\/li>\n<li><a href=\"https:\/\/ppid.com\/es\/blog\/new-registration-requirement-for-non-citizens\/\">Nuevo requisito de registro para los no ciudadanos: Lo que hay que saber<\/a>\n<p style=\"margin-top: 20px;\">\n<\/li>\n<\/ul>","protected":false},"excerpt":{"rendered":"<p>Westchester Citizenship Attorney Becoming a US citizen is a momentous decision and we provide expert guidance to fulfill the requirements. Pollack, Pollack, Isaac &amp; DeCicco has a long and proud history of supporting immigrants and helping immigrants obtain US citizenship through naturalization. A Westchester citizenship lawyer from PPID can assist you with developing a tailored &hellip; <\/p>\n<p class=\"link-more\"><a href=\"https:\/\/ppid.com\/es\/westchester-citizenship-lawyer\/\" class=\"more-link\">Seguir leyendo<span class=\"screen-reader-text\"> &#8220;Westchester Citizenship Lawyer&#8221;<\/span><\/a><\/p>","protected":false},"author":1,"featured_media":0,"parent":0,"menu_order":0,"comment_status":"closed","ping_status":"closed","template":"","meta":{"_acf_changed":false,"footnotes":""},"class_list":["post-1437","page","type-page","status-publish","hentry","entry"],"acf":[],"yoast_head":"<!-- This site is optimized with the Yoast SEO Premium plugin v26.8 (Yoast SEO v26.8) - https:\/\/yoast.com\/product\/yoast-seo-premium-wordpress\/ -->\n<title>Westchester Citizenship Lawyer &amp; Law Firm<\/title>\n<meta name=\"description\" content=\"Searching for a Westchester Citizenship Lawyer? PPID offers expert legal support to help you navigate the citizenship process with ease. Call us for personalized help!\" \/>\n<meta name=\"robots\" content=\"index, follow, max-snippet:-1, max-image-preview:large, max-video-preview:-1\" \/>\n<link rel=\"canonical\" href=\"https:\/\/ppid.com\/es\/westchester-citizenship-lawyer\/\" \/>\n<meta property=\"og:locale\" content=\"es_MX\" \/>\n<meta property=\"og:type\" content=\"article\" \/>\n<meta property=\"og:title\" content=\"Westchester Citizenship Lawyer\" \/>\n<meta property=\"og:description\" content=\"Searching for a Westchester Citizenship Lawyer? PPID offers expert legal support to help you navigate the citizenship process with ease. Call us for personalized help!\" \/>\n<meta property=\"og:url\" content=\"https:\/\/ppid.com\/es\/westchester-citizenship-lawyer\/\" \/>\n<meta property=\"og:site_name\" content=\"Pollack, Pollack, Isaac &amp; DeCicco, LLP\" \/>\n<meta property=\"article:modified_time\" content=\"2025-09-15T06:26:08+00:00\" \/>\n<meta name=\"twitter:card\" content=\"summary_large_image\" \/>\n<meta name=\"twitter:label1\" content=\"Tiempo de lectura\" \/>\n\t<meta name=\"twitter:data1\" content=\"4 minutos\" \/>\n<!-- \/ Yoast SEO Premium plugin. -->","yoast_head_json":{"title":"Westchester Ciudadan\u00eda Abogado y bufete de abogados","description":"\u00bfBusca un abogado de ciudadan\u00eda Westchester? PPID ofrece apoyo legal experto para ayudarle a navegar el proceso de ciudadan\u00eda con facilidad. \u00a1Ll\u00e1menos para obtener ayuda personalizada!","robots":{"index":"index","follow":"follow","max-snippet":"max-snippet:-1","max-image-preview":"max-image-preview:large","max-video-preview":"max-video-preview:-1"},"canonical":"https:\/\/ppid.com\/es\/westchester-citizenship-lawyer\/","og_locale":"es_MX","og_type":"article","og_title":"Westchester Citizenship Lawyer","og_description":"Searching for a Westchester Citizenship Lawyer? PPID offers expert legal support to help you navigate the citizenship process with ease. Call us for personalized help!","og_url":"https:\/\/ppid.com\/es\/westchester-citizenship-lawyer\/","og_site_name":"Pollack, Pollack, Isaac &amp; DeCicco, LLP","article_modified_time":"2025-09-15T06:26:08+00:00","twitter_card":"summary_large_image","twitter_misc":{"Tiempo de lectura":"4 minutos"},"schema":{"@context":"https:\/\/schema.org","@graph":[{"@type":"WebPage","@id":"https:\/\/ppid.com\/westchester-citizenship-lawyer\/","url":"https:\/\/ppid.com\/westchester-citizenship-lawyer\/","name":"Westchester Ciudadan\u00eda Abogado y bufete de abogados","isPartOf":{"@id":"https:\/\/ppid.com\/#website"},"datePublished":"2024-12-12T05:01:20+00:00","dateModified":"2025-09-15T06:26:08+00:00","description":"\u00bfBusca un abogado de ciudadan\u00eda Westchester? PPID ofrece apoyo legal experto para ayudarle a navegar el proceso de ciudadan\u00eda con facilidad. \u00a1Ll\u00e1menos para obtener ayuda personalizada!","breadcrumb":{"@id":"https:\/\/ppid.com\/westchester-citizenship-lawyer\/#breadcrumb"},"inLanguage":"es","potentialAction":[{"@type":"ReadAction","target":["https:\/\/ppid.com\/westchester-citizenship-lawyer\/"]}]},{"@type":"BreadcrumbList","@id":"https:\/\/ppid.com\/westchester-citizenship-lawyer\/#breadcrumb","itemListElement":[{"@type":"ListItem","position":1,"name":"Home","item":"https:\/\/ppid.com\/"},{"@type":"ListItem","position":2,"name":"Westchester Citizenship Lawyer"}]},{"@type":"WebSite","@id":"https:\/\/ppid.com\/#website","url":"https:\/\/ppid.com\/","name":"Pollack, Pollack, Isaac &amp; DeCicco, LLP","description":"","potentialAction":[{"@type":"SearchAction","target":{"@type":"EntryPoint","urlTemplate":"https:\/\/ppid.com\/?s={search_term_string}"},"query-input":{"@type":"PropertyValueSpecification","valueRequired":true,"valueName":"search_term_string"}}],"inLanguage":"es"}]}},"_links":{"self":[{"href":"https:\/\/ppid.com\/es\/wp-json\/wp\/v2\/pages\/1437","targetHints":{"allow":["GET"]}}],"collection":[{"href":"https:\/\/ppid.com\/es\/wp-json\/wp\/v2\/pages"}],"about":[{"href":"https:\/\/ppid.com\/es\/wp-json\/wp\/v2\/types\/page"}],"author":[{"embeddable":true,"href":"https:\/\/ppid.com\/es\/wp-json\/wp\/v2\/users\/1"}],"replies":[{"embeddable":true,"href":"https:\/\/ppid.com\/es\/wp-json\/wp\/v2\/comments?post=1437"}],"version-history":[{"count":0,"href":"https:\/\/ppid.com\/es\/wp-json\/wp\/v2\/pages\/1437\/revisions"}],"wp:attachment":[{"href":"https:\/\/ppid.com\/es\/wp-json\/wp\/v2\/media?parent=1437"}],"curies":[{"name":"wp","href":"https:\/\/api.w.org\/{rel}","templated":true}]}}