{"id":1440,"date":"2024-12-12T05:08:33","date_gmt":"2024-12-12T05:08:33","guid":{"rendered":"https:\/\/ppidllp.wpenginepowered.com\/?page_id=1440"},"modified":"2025-09-15T06:27:11","modified_gmt":"2025-09-15T06:27:11","slug":"westchester-deportation-defense-lawyer","status":"publish","type":"page","link":"https:\/\/ppid.com\/es\/westchester-deportation-defense-lawyer\/","title":{"rendered":"Westchester Abogado de Defensa de Deportaci\u00f3n"},"content":{"rendered":"<div id=\"ez-toc-container\" class=\"ez-toc-v2_0_80 counter-hierarchy ez-toc-counter ez-toc-transparent ez-toc-container-direction\">\n<div class=\"ez-toc-title-container\">\n<p class=\"ez-toc-title ez-toc-toggle\" style=\"cursor:pointer\">\u00cdndice<\/p>\n<span class=\"ez-toc-title-toggle\"><a href=\"#\" class=\"ez-toc-pull-right ez-toc-btn ez-toc-btn-xs ez-toc-btn-default ez-toc-toggle\" aria-label=\"Toggle Table of Content\"><span class=\"ez-toc-js-icon-con\"><span class=\"\"><span class=\"eztoc-hide\" style=\"display:none;\">Toggle<\/span><span class=\"ez-toc-icon-toggle-span\"><svg style=\"fill: #999;color:#999\" xmlns=\"http:\/\/www.w3.org\/2000\/svg\" class=\"list-377408\" width=\"20px\" height=\"20px\" viewbox=\"0 0 24 24\" fill=\"none\"><path d=\"M6 6H4v2h2V6zm14 0H8v2h12V6zM4 11h2v2H4v-2zm16 0H8v2h12v-2zM4 16h2v2H4v-2zm16 0H8v2h12v-2z\" fill=\"currentColor\"><\/path><\/svg><svg style=\"fill: #999;color:#999\" class=\"arrow-unsorted-368013\" xmlns=\"http:\/\/www.w3.org\/2000\/svg\" width=\"10px\" height=\"10px\" viewbox=\"0 0 24 24\" version=\"1.2\" baseprofile=\"tiny\"><path d=\"M18.2 9.3l-6.2-6.3-6.2 6.3c-.2.2-.3.4-.3.7s.1.5.3.7c.2.2.4.3.7.3h11c.3 0 .5-.1.7-.3.2-.2.3-.5.3-.7s-.1-.5-.3-.7zM5.8 14.7l6.2 6.3 6.2-6.3c.2-.2.3-.5.3-.7s-.1-.5-.3-.7c-.2-.2-.4-.3-.7-.3h-11c-.3 0-.5.1-.7.3-.2.2-.3.5-.3.7s.1.5.3.7z\"\/><\/svg><\/span><\/span><\/span><\/a><\/span><\/div>\n<nav><ul class='ez-toc-list ez-toc-list-level-1 eztoc-toggle-hide-by-default' ><li class='ez-toc-page-1 ez-toc-heading-level-2'><a class=\"ez-toc-link ez-toc-heading-1\" href=\"https:\/\/ppid.com\/es\/westchester-deportation-defense-lawyer\/#westchester-deportation-defense-attorney\" >Westchester Abogado defensor contra la deportaci\u00f3n<\/a><\/li><li class='ez-toc-page-1 ez-toc-heading-level-2'><a class=\"ez-toc-link ez-toc-heading-2\" href=\"https:\/\/ppid.com\/es\/westchester-deportation-defense-lawyer\/#a-breakdown-of-deportation-defense-in-westchester-ny\" >Un desglose de la defensa de deportaci\u00f3n en Westchester, NY<\/a><\/li><li class='ez-toc-page-1 ez-toc-heading-level-2'><a class=\"ez-toc-link ez-toc-heading-3\" href=\"https:\/\/ppid.com\/es\/westchester-deportation-defense-lawyer\/#common-deportation-defense-strategies-in-new-york\" >Estrategias comunes de defensa contra la deportaci\u00f3n en New York<\/a><\/li><li class='ez-toc-page-1 ez-toc-heading-level-2'><a class=\"ez-toc-link ez-toc-heading-4\" href=\"https:\/\/ppid.com\/es\/westchester-deportation-defense-lawyer\/#faqs\" >Preguntas frecuentes<\/a><ul class='ez-toc-list-level-3' ><li class='ez-toc-heading-level-3'><a class=\"ez-toc-link ez-toc-heading-5\" href=\"https:\/\/ppid.com\/es\/westchester-deportation-defense-lawyer\/#can-you-fight-a-deportation-order-in-new-york\" >\u00bfPuede luchar contra una orden de expulsi\u00f3n en New York?<\/a><\/li><li class='ez-toc-page-1 ez-toc-heading-level-3'><a class=\"ez-toc-link ez-toc-heading-6\" href=\"https:\/\/ppid.com\/es\/westchester-deportation-defense-lawyer\/#how-do-i-get-relief-from-deportation-in-new-york\" >\u00bfC\u00f3mo puedo evitar la deportaci\u00f3n en New York?<\/a><\/li><li class='ez-toc-page-1 ez-toc-heading-level-3'><a class=\"ez-toc-link ez-toc-heading-7\" href=\"https:\/\/ppid.com\/es\/westchester-deportation-defense-lawyer\/#what-happens-during-a-new-york-deportation-case\" >\u00bfQu\u00e9 ocurre durante un caso de deportaci\u00f3n New York?<\/a><\/li><\/ul><\/li><li class='ez-toc-page-1 ez-toc-heading-level-2'><a class=\"ez-toc-link ez-toc-heading-8\" href=\"https:\/\/ppid.com\/es\/westchester-deportation-defense-lawyer\/#contact-westchester-deportation-defense-lawyer\" >Contacto Westchester abogado de defensa de deportaci\u00f3n<\/a><\/li><\/ul><\/nav><\/div>\n<h2><span class=\"ez-toc-section\" id=\"westchester-deportation-defense-attorney\"><\/span>Westchester Abogado defensor contra la deportaci\u00f3n<span class=\"ez-toc-section-end\"><\/span><\/h2>\n<p>Los inmigrantes se han integrado en la comunidad Westchester y han contribuido a ella. Sin embargo, a menudo se enfrentan a retos provocados por pol\u00edticas de inmigraci\u00f3n estrictas y densas. Si usted o un ser querido se enfrentan a la deportaci\u00f3n en la zona, un <strong>Westchester abogado de defensa de deportaci\u00f3n puede ayudar a<\/strong> desarrollar una s\u00f3lida estrategia de defensa para proteger su derecho a quedarse.<\/p>\n<p>Los conocimientos y la experiencia <a href=\"https:\/\/ppid.com\/es\/firm\/\">Pollack, Pollack, Isaac &amp; DeCicco<\/a> a\u00f1ade a su defensa puede cambiar significativamente el resultado de su caso. Entendemos lo importante que son los resultados de su caso y los impactos que podr\u00eda tener no s\u00f3lo en usted sino tambi\u00e9n en su familia. New York City es conocida por su larga historia de los inmigrantes, y nuestro equipo busca proteger esa rica historia mediante la protecci\u00f3n de los derechos de aquellos que optan por llamar a New York casa, en particular en <a href=\"https:\/\/en.wikipedia.org\/wiki\/Westchester_County,_New_York\" target=\"_blank\" rel=\"noopener\">Westchester<\/a>.<\/p>\n<h2><span class=\"ez-toc-section\" id=\"a-breakdown-of-deportation-defense-in-westchester-ny\"><\/span>Un desglose de la defensa de deportaci\u00f3n en Westchester, NY<span class=\"ez-toc-section-end\"><\/span><\/h2>\n<p>Enfrentarse a la deportaci\u00f3n puede ser devastador para las familias, ya que puede separar a los seres queridos y cambiar por completo la vida de las personas. El proceso de deportaci\u00f3n, tambi\u00e9n conocido como el proceso de expulsi\u00f3n, es el proceso en el que el gobierno de EE.UU. expulsa por la fuerza a las personas por <a href=\"https:\/\/ppid.com\/es\/westchester-county-immigration-lawyer\/\">infracciones de la ley de inmigraci\u00f3n<\/a>. Las personas pueden enfrentarse a la expulsi\u00f3n por diversos motivos, como la entrada ilegal, el incumplimiento de las condiciones de su estatuto o condenas penales.<\/p>\n<p>Despu\u00e9s de ser deportados, las personas pueden tener prohibido volver a los Estados Unidos durante un cierto per\u00edodo de tiempo y pueden enfrentarse a mayores barreras cuando se trata de volver a sus vidas en New York. Como las consecuencias de la deportaci\u00f3n son extremadamente graves, es fundamental trabajar con una representaci\u00f3n legal cualificada y experimentada que pueda ayudarle a garantizar la protecci\u00f3n de sus derechos y a organizar una defensa s\u00f3lida.<\/p>\n<h2><span class=\"ez-toc-section\" id=\"common-deportation-defense-strategies-in-new-york\"><\/span>Estrategias comunes de defensa contra la deportaci\u00f3n en New York<span class=\"ez-toc-section-end\"><\/span><\/h2>\n<p>Las personas que se enfrentan a la deportaci\u00f3n o expulsi\u00f3n tienen ciertos derechos para luchar y defender su caso. Si se enfrenta a la deportaci\u00f3n o expulsi\u00f3n en Westchester, un abogado PPID puede ayudarle mediante el dise\u00f1o de una estrategia de defensa que funcione para su caso. <strong>Las posibles opciones de defensa incluyen:<\/strong><\/p>\n<ul>\n<li><strong>Ajuste de estatus.<\/strong> Las personas que re\u00fanen los requisitos para solicitar la residencia permanente legal pueden ajustar su situaci\u00f3n durante el procedimiento de deportaci\u00f3n. Por ejemplo, si tiene un empleador dispuesto a patrocinarle o est\u00e1 casado con un ciudadano estadounidense, puede solicitar una tarjeta verde para luchar contra su deportaci\u00f3n.<\/li>\n<li><strong>Asilo.<\/strong> Si no puede regresar a su pa\u00eds de origen por temor a ser perseguido debido a su pol\u00edtica, religi\u00f3n, raza, nacionalidad o pertenencia a un determinado grupo social, puede optar a solicitar asilo. Las personas que obtienen el estatuto de asilado pueden disfrutar de diversas protecciones de la ley, recibiendo el estatuto de residente legal permanente.<\/li>\n<li><strong>Anulaci\u00f3n de la expulsi\u00f3n.<\/strong> La cancelaci\u00f3n de la expulsi\u00f3n es una opci\u00f3n para los residentes no permanentes y los titulares de la tarjeta verde. Los requisitos para poder optar a una cancelaci\u00f3n de expulsi\u00f3n dependen de la situaci\u00f3n migratoria e implican la capacidad de demostrar que la expulsi\u00f3n supondr\u00eda dificultades extremas para un residente legal permanente o un familiar ciudadano estadounidense.<\/li>\n<li><strong>Exenciones de inadmisibilidad.<\/strong> Si se le acusa de determinadas infracciones de inmigraci\u00f3n, incluida la presencia ilegal en el pa\u00eds o el fraude, se le puede eximir potencialmente en determinadas circunstancias. Si puede demostrar posibles dificultades extremas debido a su alejamiento de un familiar que re\u00fana los requisitos, una exenci\u00f3n de inadmisibilidad puede ayudarle a quedar exento de determinados motivos de deportaci\u00f3n.<\/li>\n<\/ul>\n<p>Un abogado con experiencia en defensa contra la deportaci\u00f3n puede ayudarle a explorar otras opciones, incluyendo la salida voluntaria, que puede ser aprovechada como estrategia en algunos casos para facilitar el reingreso a los Estados Unidos o ayud\u00e1ndole a reabrir su caso penal y buscar alivio. Un abogado de PPID puede proporcionarle una ingenier\u00eda \u00f3ptima de su estrategia de defensa basada en los detalles y objetivos de su caso.<\/p>\n<h2><span class=\"ez-toc-section\" id=\"faqs\"><\/span>Preguntas frecuentes<span class=\"ez-toc-section-end\"><\/span><\/h2>\n<div class=\"accsec-ritcnt accordion\">\n<div class=\"accordion-section\">\n<h3><span class=\"ez-toc-section\" id=\"can-you-fight-a-deportation-order-in-new-york\"><\/span><a class=\"accordion-section-title active\" href=\"#accordion-1\">\u00bfPuede luchar contra una orden de expulsi\u00f3n en New York?<\/a><span class=\"ez-toc-section-end\"><\/span><\/h3>\n<div id=\"accordion-1\" class=\"accordion-section-content open\" style=\"display: block;\">\n<p>Es posible luchar contra una orden de expulsi\u00f3n en el New York. Las estrategias que se suelen utilizar incluyen la presentaci\u00f3n de una apelaci\u00f3n ante la Junta de Apelaciones de Inmigraci\u00f3n y la b\u00fasqueda de alivio como la cancelaci\u00f3n o la retenci\u00f3n de la expulsi\u00f3n, el asilo o el ajuste de estatus. Otras estrategias incluyen la presentaci\u00f3n de mociones para reconsiderar o reabrir su caso. Cuando se trata de redactar una orden de deportaci\u00f3n, el tiempo es crucial, y se recomienda encarecidamente consultar a un abogado experto en inmigraci\u00f3n lo antes posible.<\/p>\n<\/div>\n<\/div>\n<div class=\"accordion-section\">\n<h3><span class=\"ez-toc-section\" id=\"how-do-i-get-relief-from-deportation-in-new-york\"><\/span><a class=\"accordion-section-title\" href=\"#accordion-2\">\u00bfC\u00f3mo puedo evitar la deportaci\u00f3n en New York?<\/a><span class=\"ez-toc-section-end\"><\/span><\/h3>\n<div id=\"accordion-2\" class=\"accordion-section-content\" style=\"display: none;\">\n<p>Para evitar ser deportado del New York puede recurrir a diversas t\u00e1cticas legales, como solicitar el estatuto de protecci\u00f3n temporal, solicitar asilo, pedir la retenci\u00f3n o cancelaci\u00f3n de la expulsi\u00f3n, o solicitar un cambio de estatuto. Si su deportaci\u00f3n causar\u00eda dificultades extremas a un familiar residente legal o ciudadano estadounidense, tambi\u00e9n puede utilizar este motivo para solicitar la exenci\u00f3n.<\/p>\n<\/div>\n<\/div>\n<div class=\"accordion-section\">\n<h3><span class=\"ez-toc-section\" id=\"what-happens-during-a-new-york-deportation-case\"><\/span><a class=\"accordion-section-title\" href=\"#accordion-3\">\u00bfQu\u00e9 ocurre durante un caso de deportaci\u00f3n New York?<\/a><span class=\"ez-toc-section-end\"><\/span><\/h3>\n<div id=\"accordion-3\" class=\"accordion-section-content\" style=\"display: none;\">\n<p>Durante un caso de defensa de deportaci\u00f3n New York, tendr\u00e1 que acudir a las distintas audiencias ante un juez de inmigraci\u00f3n. Las audiencias incluyen una audiencia de calendario maestro, en la que usted declarar\u00e1 su intenci\u00f3n de defensa, y una audiencia individual, en la que usted presentar\u00e1 plenamente sus pruebas, y el juez revisar\u00e1 su caso. Como el proceso de defensa contra la deportaci\u00f3n es muy complejo, se aconseja trabajar con un abogado experto y con experiencia en defensa contra la deportaci\u00f3n. Un abogado defensor de deportaci\u00f3n puede ayudarle a entender el proceso, elaborar una estrategia de defensa, y presentar su caso y las pruebas en su nombre en las audiencias de deportaci\u00f3n.<\/p>\n<\/div>\n<\/div>\n<\/div>\n<h2><span class=\"ez-toc-section\" id=\"contact-westchester-deportation-defense-lawyer\"><\/span>Contacto Westchester abogado de defensa de deportaci\u00f3n<span class=\"ez-toc-section-end\"><\/span><\/h2>\n<p>Si usted o un ser querido ha recibido una orden de deportaci\u00f3n o expulsi\u00f3n en Westchester o \u00e1reas circundantes, usted no tiene que navegar la situaci\u00f3n solo. Un abogado con experiencia en defensa de deportaci\u00f3n Westchester puede trabajar estrechamente con usted para entender los detalles de su caso y ayudarle a construir una estrategia de defensa fuerte para defender su derecho a permanecer. <a href=\"https:\/\/ppid.com\/es\/contact\/\">P\u00f3ngase en contacto con nosotros<\/a> para empezar a discutir su caso y defenderse.<\/p>","protected":false},"excerpt":{"rendered":"<p>Westchester Deportation Defense Attorney Immigrants have integrated with and contributed to the Westchester community. Nonetheless, they often face challenges brought on by stringent and dense immigration policies. If you or a loved one are facing deportation in the area, a Westchester deportation defense lawyer can help you develop a strong defense strategy to protect your &hellip; <\/p>\n<p class=\"link-more\"><a href=\"https:\/\/ppid.com\/es\/westchester-deportation-defense-lawyer\/\" class=\"more-link\">Seguir leyendo<span class=\"screen-reader-text\"> &#8220;Westchester Deportation Defense Lawyer&#8221;<\/span><\/a><\/p>","protected":false},"author":1,"featured_media":0,"parent":0,"menu_order":0,"comment_status":"closed","ping_status":"closed","template":"","meta":{"_acf_changed":false,"footnotes":""},"class_list":["post-1440","page","type-page","status-publish","hentry","entry"],"acf":[],"yoast_head":"<!-- This site is optimized with the Yoast SEO Premium plugin v26.8 (Yoast SEO v26.8) - https:\/\/yoast.com\/product\/yoast-seo-premium-wordpress\/ -->\n<title>Westchester Deportation Defense Lawyer &amp; Law Firm<\/title>\n<meta name=\"description\" content=\"Seeking a Westchester Deportation Defense Lawyer? Get experienced legal support with PPID to defend your rights and keep your family together. Call today!\" \/>\n<meta name=\"robots\" content=\"index, follow, max-snippet:-1, max-image-preview:large, max-video-preview:-1\" \/>\n<link rel=\"canonical\" href=\"https:\/\/ppid.com\/es\/westchester-deportation-defense-lawyer\/\" \/>\n<meta property=\"og:locale\" content=\"es_MX\" \/>\n<meta property=\"og:type\" content=\"article\" \/>\n<meta property=\"og:title\" content=\"Westchester Deportation Defense Lawyer\" \/>\n<meta property=\"og:description\" content=\"Seeking a Westchester Deportation Defense Lawyer? Get experienced legal support with PPID to defend your rights and keep your family together. Call today!\" \/>\n<meta property=\"og:url\" content=\"https:\/\/ppid.com\/es\/westchester-deportation-defense-lawyer\/\" \/>\n<meta property=\"og:site_name\" content=\"Pollack, Pollack, Isaac &amp; DeCicco, LLP\" \/>\n<meta property=\"article:modified_time\" content=\"2025-09-15T06:27:11+00:00\" \/>\n<meta name=\"twitter:card\" content=\"summary_large_image\" \/>\n<meta name=\"twitter:label1\" content=\"Tiempo de lectura\" \/>\n\t<meta name=\"twitter:data1\" content=\"5 minutos\" \/>\n<!-- \/ Yoast SEO Premium plugin. -->","yoast_head_json":{"title":"Westchester abogado de defensa de deportaci\u00f3n y bufete de abogados","description":"\u00bfBusca un abogado defensor de la deportaci\u00f3n Westchester? Obtenga apoyo legal experimentado con PPID para defender sus derechos y mantener a su familia unida. \u00a1Llame hoy mismo!","robots":{"index":"index","follow":"follow","max-snippet":"max-snippet:-1","max-image-preview":"max-image-preview:large","max-video-preview":"max-video-preview:-1"},"canonical":"https:\/\/ppid.com\/es\/westchester-deportation-defense-lawyer\/","og_locale":"es_MX","og_type":"article","og_title":"Westchester Deportation Defense Lawyer","og_description":"Seeking a Westchester Deportation Defense Lawyer? Get experienced legal support with PPID to defend your rights and keep your family together. Call today!","og_url":"https:\/\/ppid.com\/es\/westchester-deportation-defense-lawyer\/","og_site_name":"Pollack, Pollack, Isaac &amp; DeCicco, LLP","article_modified_time":"2025-09-15T06:27:11+00:00","twitter_card":"summary_large_image","twitter_misc":{"Tiempo de lectura":"5 minutos"},"schema":{"@context":"https:\/\/schema.org","@graph":[{"@type":"WebPage","@id":"https:\/\/ppid.com\/westchester-deportation-defense-lawyer\/","url":"https:\/\/ppid.com\/westchester-deportation-defense-lawyer\/","name":"Westchester abogado de defensa de deportaci\u00f3n y bufete de abogados","isPartOf":{"@id":"https:\/\/ppid.com\/#website"},"datePublished":"2024-12-12T05:08:33+00:00","dateModified":"2025-09-15T06:27:11+00:00","description":"\u00bfBusca un abogado defensor de la deportaci\u00f3n Westchester? Obtenga apoyo legal experimentado con PPID para defender sus derechos y mantener a su familia unida. \u00a1Llame hoy mismo!","breadcrumb":{"@id":"https:\/\/ppid.com\/westchester-deportation-defense-lawyer\/#breadcrumb"},"inLanguage":"es","potentialAction":[{"@type":"ReadAction","target":["https:\/\/ppid.com\/westchester-deportation-defense-lawyer\/"]}]},{"@type":"BreadcrumbList","@id":"https:\/\/ppid.com\/westchester-deportation-defense-lawyer\/#breadcrumb","itemListElement":[{"@type":"ListItem","position":1,"name":"Home","item":"https:\/\/ppid.com\/"},{"@type":"ListItem","position":2,"name":"Westchester Deportation Defense Lawyer"}]},{"@type":"WebSite","@id":"https:\/\/ppid.com\/#website","url":"https:\/\/ppid.com\/","name":"Pollack, Pollack, Isaac &amp; DeCicco, LLP","description":"","potentialAction":[{"@type":"SearchAction","target":{"@type":"EntryPoint","urlTemplate":"https:\/\/ppid.com\/?s={search_term_string}"},"query-input":{"@type":"PropertyValueSpecification","valueRequired":true,"valueName":"search_term_string"}}],"inLanguage":"es"}]}},"_links":{"self":[{"href":"https:\/\/ppid.com\/es\/wp-json\/wp\/v2\/pages\/1440","targetHints":{"allow":["GET"]}}],"collection":[{"href":"https:\/\/ppid.com\/es\/wp-json\/wp\/v2\/pages"}],"about":[{"href":"https:\/\/ppid.com\/es\/wp-json\/wp\/v2\/types\/page"}],"author":[{"embeddable":true,"href":"https:\/\/ppid.com\/es\/wp-json\/wp\/v2\/users\/1"}],"replies":[{"embeddable":true,"href":"https:\/\/ppid.com\/es\/wp-json\/wp\/v2\/comments?post=1440"}],"version-history":[{"count":0,"href":"https:\/\/ppid.com\/es\/wp-json\/wp\/v2\/pages\/1440\/revisions"}],"wp:attachment":[{"href":"https:\/\/ppid.com\/es\/wp-json\/wp\/v2\/media?parent=1440"}],"curies":[{"name":"wp","href":"https:\/\/api.w.org\/{rel}","templated":true}]}}