{"id":1497,"date":"2024-12-12T07:35:31","date_gmt":"2024-12-12T07:35:31","guid":{"rendered":"https:\/\/ppidllp.wpenginepowered.com\/?page_id=1497"},"modified":"2026-04-03T21:00:42","modified_gmt":"2026-04-03T21:00:42","slug":"o1-visa","status":"publish","type":"page","link":"https:\/\/ppid.com\/es\/nyc-work-visa-lawyer\/o1-visa\/","title":{"rendered":"NYC O1 Visa Abogado"},"content":{"rendered":"<h2>NYC O1 Visa Abogado<\/h2>\n<p>PPID ayuda a las empresas a obtener visados temporales O1 y otros visados de trabajo para no inmigrantes.<\/p>\n<div class=\"innr-pg-btn\"><a class=\"cmn-btn\" href=\"https:\/\/ppid.com\/es\/schedule-consultation\/\">Concertar una consulta<\/a><\/div>\n<h2><strong>\u00bfQu\u00e9 es el visado O-1? \u00bfQui\u00e9n re\u00fane los requisitos?<\/strong><\/h2>\n<p><strong>El visado O-1 est\u00e1 destinado a los no inmigrantes que poseen una capacidad extraordinaria<\/strong> en las ciencias, las artes, la educaci\u00f3n, los negocios o el atletismo, o que tenga un historial demostrado de logros extraordinarios en la industria cinematogr\u00e1fica o televisiva y haya sido reconocido nacional o internacionalmente por dichos logros.<\/p>\n<p>La clasificaci\u00f3n de no inmigrante O se conoce com\u00fanmente como:<\/p>\n<ul>\n<li>O-1A: Personas con aptitudes extraordinarias en los \u00e1mbitos de las ciencias, la educaci\u00f3n, la empresa o el deporte (excluidas las artes, el cine y la televisi\u00f3n).<\/li>\n<li>O-1B: Personas con una capacidad extraordinaria en las artes o logros extraordinarios en la industria cinematogr\u00e1fica o televisiva.<\/li>\n<li>O-2: Personas que acompa\u00f1ar\u00e1n a un artista o deportista O-1 para asistir a un evento o actuaci\u00f3n espec\u00edficos<\/li>\n<li>O-3: Personas que son c\u00f3nyuges o hijos de titulares de visados O-1 y O-2.<\/li>\n<\/ul>\n<h2>\u00bfQu\u00e9 pruebas son necesarias para determinar la admisibilidad del visado O-1?<\/h2>\n<p>Debe aportar pruebas que demuestren su extraordinaria capacidad en las ciencias, las artes, los negocios, la educaci\u00f3n o el atletismo, o sus extraordinarios logros en la industria cinematogr\u00e1fica. El expediente debe incluir al menos tres tipos diferentes de documentaci\u00f3n que correspondan a los enumerados en la normativa, o pruebas comparables en determinadas circunstancias, y las pruebas deben, en su conjunto, demostrar que usted cumple las normas pertinentes para la clasificaci\u00f3n.<\/p>\n<p>Puede encontrar informaci\u00f3n detallada sobre c\u00f3mo USCIS eval\u00faa las pruebas para determinar la elegibilidad y si viene a Estados Unidos para continuar trabajando en el \u00e1rea de capacidad extraordinaria en el Manual de Pol\u00edticas de USCIS Volumen 2, Parte M, Cap\u00edtulo 4.<\/p>","protected":false},"excerpt":{"rendered":"<p>NYC O1 Visa Attorney PPID helps employers obtain Temporary O1 visas and other nonimmigrant Work Visas. Schedule a Consultation Understanding the O-1 Visa: Who Qualifies? The O-1 visa is for nonimmigrants who possess extraordinary ability in the sciences, arts, education, business, or athletics, or who has a demonstrated record of extraordinary achievement in the motion &hellip; <\/p>\n<p class=\"link-more\"><a href=\"https:\/\/ppid.com\/es\/nyc-work-visa-lawyer\/o1-visa\/\" class=\"more-link\">Seguir leyendo<span class=\"screen-reader-text\"> &#8220;NYC O1 Visa Lawyer&#8221;<\/span><\/a><\/p>","protected":false},"author":1,"featured_media":0,"parent":196,"menu_order":0,"comment_status":"closed","ping_status":"closed","template":"","meta":{"_acf_changed":false,"footnotes":""},"class_list":["post-1497","page","type-page","status-publish","hentry","entry"],"acf":[],"yoast_head":"<!-- This site is optimized with the Yoast SEO Premium plugin v26.8 (Yoast SEO v26.8) - https:\/\/yoast.com\/product\/yoast-seo-premium-wordpress\/ -->\n<title>New York City O-1 Visa Lawyer &amp; Law Firm - PPID Law<\/title>\n<meta name=\"description\" content=\"Speak with an experienced NYC O-1 visa lawyer from PPID to secure your temporary work visas and nonimmigrant visa guidance. Contact us today.\" \/>\n<meta name=\"robots\" content=\"index, follow, max-snippet:-1, max-image-preview:large, max-video-preview:-1\" \/>\n<link rel=\"canonical\" href=\"https:\/\/ppid.com\/es\/nyc-work-visa-lawyer\/o1-visa\/\" \/>\n<meta property=\"og:locale\" content=\"es_MX\" \/>\n<meta property=\"og:type\" content=\"article\" \/>\n<meta property=\"og:title\" content=\"New York City O-1 Visa Lawyer &amp; Law Firm - PPID Law\" \/>\n<meta property=\"og:description\" content=\"Speak with an experienced NYC O-1 visa lawyer from PPID to secure your temporary work visas and nonimmigrant visa guidance. Contact us today.\" \/>\n<meta property=\"og:url\" content=\"https:\/\/ppid.com\/es\/nyc-work-visa-lawyer\/o1-visa\/\" \/>\n<meta property=\"og:site_name\" content=\"Pollack, Pollack, Isaac &amp; DeCicco, LLP\" \/>\n<meta property=\"article:modified_time\" content=\"2026-04-03T21:00:42+00:00\" \/>\n<meta name=\"twitter:card\" content=\"summary_large_image\" \/>\n<meta name=\"twitter:title\" content=\"New York City O-1 Visa Lawyer &amp; Law Firm - PPID Law\" \/>\n<meta name=\"twitter:description\" content=\"Speak with an experienced NYC O-1 visa lawyer from PPID to secure your temporary work visas and nonimmigrant visa guidance. Contact us today.\" \/>\n<meta name=\"twitter:label1\" content=\"Tiempo de lectura\" \/>\n\t<meta name=\"twitter:data1\" content=\"2 minutos\" \/>\n<script type=\"application\/ld+json\" class=\"yoast-schema-graph\">{\"@context\":\"https:\/\/schema.org\",\"@graph\":[{\"@type\":\"WebPage\",\"@id\":\"https:\/\/ppid.com\/nyc-work-visa-lawyer\/o1-visa\/\",\"url\":\"https:\/\/ppid.com\/nyc-work-visa-lawyer\/o1-visa\/\",\"name\":\"New York City O-1 Visa Lawyer & Law Firm - PPID Law\",\"isPartOf\":{\"@id\":\"https:\/\/ppid.com\/#website\"},\"datePublished\":\"2024-12-12T07:35:31+00:00\",\"dateModified\":\"2026-04-03T21:00:42+00:00\",\"description\":\"Speak with an experienced NYC O-1 visa lawyer from PPID to secure your temporary work visas and nonimmigrant visa guidance. Contact us today.\",\"breadcrumb\":{\"@id\":\"https:\/\/ppid.com\/nyc-work-visa-lawyer\/o1-visa\/#breadcrumb\"},\"inLanguage\":\"es\",\"potentialAction\":[{\"@type\":\"ReadAction\",\"target\":[\"https:\/\/ppid.com\/nyc-work-visa-lawyer\/o1-visa\/\"]}]},{\"@type\":\"BreadcrumbList\",\"@id\":\"https:\/\/ppid.com\/nyc-work-visa-lawyer\/o1-visa\/#breadcrumb\",\"itemListElement\":[{\"@type\":\"ListItem\",\"position\":1,\"name\":\"Home\",\"item\":\"https:\/\/ppid.com\/\"},{\"@type\":\"ListItem\",\"position\":2,\"name\":\"NYC Work Visa Lawyer\",\"item\":\"https:\/\/ppid.com\/nyc-work-visa-lawyer\/\"},{\"@type\":\"ListItem\",\"position\":3,\"name\":\"NYC O1 Visa Lawyer\"}]},{\"@type\":\"WebSite\",\"@id\":\"https:\/\/ppid.com\/#website\",\"url\":\"https:\/\/ppid.com\/\",\"name\":\"Pollack, Pollack, Isaac &amp; DeCicco, LLP\",\"description\":\"\",\"potentialAction\":[{\"@type\":\"SearchAction\",\"target\":{\"@type\":\"EntryPoint\",\"urlTemplate\":\"https:\/\/ppid.com\/?s={search_term_string}\"},\"query-input\":{\"@type\":\"PropertyValueSpecification\",\"valueRequired\":true,\"valueName\":\"search_term_string\"}}],\"inLanguage\":\"es\"}]}<\/script>\n<!-- \/ Yoast SEO Premium plugin. -->","yoast_head_json":{"title":"New York City O-1 Visa Lawyer & Law Firm - PPID Law","description":"Speak with an experienced NYC O-1 visa lawyer from PPID to secure your temporary work visas and nonimmigrant visa guidance. Contact us today.","robots":{"index":"index","follow":"follow","max-snippet":"max-snippet:-1","max-image-preview":"max-image-preview:large","max-video-preview":"max-video-preview:-1"},"canonical":"https:\/\/ppid.com\/es\/nyc-work-visa-lawyer\/o1-visa\/","og_locale":"es_MX","og_type":"article","og_title":"New York City O-1 Visa Lawyer & Law Firm - PPID Law","og_description":"Speak with an experienced NYC O-1 visa lawyer from PPID to secure your temporary work visas and nonimmigrant visa guidance. Contact us today.","og_url":"https:\/\/ppid.com\/es\/nyc-work-visa-lawyer\/o1-visa\/","og_site_name":"Pollack, Pollack, Isaac &amp; DeCicco, LLP","article_modified_time":"2026-04-03T21:00:42+00:00","twitter_card":"summary_large_image","twitter_title":"New York City O-1 Visa Lawyer & Law Firm - PPID Law","twitter_description":"Speak with an experienced NYC O-1 visa lawyer from PPID to secure your temporary work visas and nonimmigrant visa guidance. Contact us today.","twitter_misc":{"Tiempo de lectura":"2 minutos"},"schema":{"@context":"https:\/\/schema.org","@graph":[{"@type":"WebPage","@id":"https:\/\/ppid.com\/nyc-work-visa-lawyer\/o1-visa\/","url":"https:\/\/ppid.com\/nyc-work-visa-lawyer\/o1-visa\/","name":"New York City O-1 Visa Lawyer & Law Firm - PPID Law","isPartOf":{"@id":"https:\/\/ppid.com\/#website"},"datePublished":"2024-12-12T07:35:31+00:00","dateModified":"2026-04-03T21:00:42+00:00","description":"Speak with an experienced NYC O-1 visa lawyer from PPID to secure your temporary work visas and nonimmigrant visa guidance. Contact us today.","breadcrumb":{"@id":"https:\/\/ppid.com\/nyc-work-visa-lawyer\/o1-visa\/#breadcrumb"},"inLanguage":"es","potentialAction":[{"@type":"ReadAction","target":["https:\/\/ppid.com\/nyc-work-visa-lawyer\/o1-visa\/"]}]},{"@type":"BreadcrumbList","@id":"https:\/\/ppid.com\/nyc-work-visa-lawyer\/o1-visa\/#breadcrumb","itemListElement":[{"@type":"ListItem","position":1,"name":"Home","item":"https:\/\/ppid.com\/"},{"@type":"ListItem","position":2,"name":"NYC Work Visa Lawyer","item":"https:\/\/ppid.com\/nyc-work-visa-lawyer\/"},{"@type":"ListItem","position":3,"name":"NYC O1 Visa Lawyer"}]},{"@type":"WebSite","@id":"https:\/\/ppid.com\/#website","url":"https:\/\/ppid.com\/","name":"Pollack, Pollack, Isaac &amp; DeCicco, LLP","description":"","potentialAction":[{"@type":"SearchAction","target":{"@type":"EntryPoint","urlTemplate":"https:\/\/ppid.com\/?s={search_term_string}"},"query-input":{"@type":"PropertyValueSpecification","valueRequired":true,"valueName":"search_term_string"}}],"inLanguage":"es"}]}},"_links":{"self":[{"href":"https:\/\/ppid.com\/es\/wp-json\/wp\/v2\/pages\/1497","targetHints":{"allow":["GET"]}}],"collection":[{"href":"https:\/\/ppid.com\/es\/wp-json\/wp\/v2\/pages"}],"about":[{"href":"https:\/\/ppid.com\/es\/wp-json\/wp\/v2\/types\/page"}],"author":[{"embeddable":true,"href":"https:\/\/ppid.com\/es\/wp-json\/wp\/v2\/users\/1"}],"replies":[{"embeddable":true,"href":"https:\/\/ppid.com\/es\/wp-json\/wp\/v2\/comments?post=1497"}],"version-history":[{"count":0,"href":"https:\/\/ppid.com\/es\/wp-json\/wp\/v2\/pages\/1497\/revisions"}],"up":[{"embeddable":true,"href":"https:\/\/ppid.com\/es\/wp-json\/wp\/v2\/pages\/196"}],"wp:attachment":[{"href":"https:\/\/ppid.com\/es\/wp-json\/wp\/v2\/media?parent=1497"}],"curies":[{"name":"wp","href":"https:\/\/api.w.org\/{rel}","templated":true}]}}