{"id":1512,"date":"2024-12-12T08:01:57","date_gmt":"2024-12-12T08:01:57","guid":{"rendered":"https:\/\/ppidllp.wpenginepowered.com\/?page_id=1512"},"modified":"2025-09-15T05:40:45","modified_gmt":"2025-09-15T05:40:45","slug":"brooklyn-citizenship-lawyer","status":"publish","type":"page","link":"https:\/\/ppid.com\/es\/brooklyn-citizenship-lawyer\/","title":{"rendered":"Brooklyn Ciudadan\u00eda Abogado"},"content":{"rendered":"<div id=\"ez-toc-container\" class=\"ez-toc-v2_0_80 counter-hierarchy ez-toc-counter ez-toc-transparent ez-toc-container-direction\">\n<div class=\"ez-toc-title-container\">\n<p class=\"ez-toc-title ez-toc-toggle\" style=\"cursor:pointer\">\u00cdndice<\/p>\n<span class=\"ez-toc-title-toggle\"><a href=\"#\" class=\"ez-toc-pull-right ez-toc-btn ez-toc-btn-xs ez-toc-btn-default ez-toc-toggle\" aria-label=\"Toggle Table of Content\"><span class=\"ez-toc-js-icon-con\"><span class=\"\"><span class=\"eztoc-hide\" style=\"display:none;\">Toggle<\/span><span class=\"ez-toc-icon-toggle-span\"><svg style=\"fill: #999;color:#999\" xmlns=\"http:\/\/www.w3.org\/2000\/svg\" class=\"list-377408\" width=\"20px\" height=\"20px\" viewbox=\"0 0 24 24\" fill=\"none\"><path d=\"M6 6H4v2h2V6zm14 0H8v2h12V6zM4 11h2v2H4v-2zm16 0H8v2h12v-2zM4 16h2v2H4v-2zm16 0H8v2h12v-2z\" fill=\"currentColor\"><\/path><\/svg><svg style=\"fill: #999;color:#999\" class=\"arrow-unsorted-368013\" xmlns=\"http:\/\/www.w3.org\/2000\/svg\" width=\"10px\" height=\"10px\" viewbox=\"0 0 24 24\" version=\"1.2\" baseprofile=\"tiny\"><path d=\"M18.2 9.3l-6.2-6.3-6.2 6.3c-.2.2-.3.4-.3.7s.1.5.3.7c.2.2.4.3.7.3h11c.3 0 .5-.1.7-.3.2-.2.3-.5.3-.7s-.1-.5-.3-.7zM5.8 14.7l6.2 6.3 6.2-6.3c.2-.2.3-.5.3-.7s-.1-.5-.3-.7c-.2-.2-.4-.3-.7-.3h-11c-.3 0-.5.1-.7.3-.2.2-.3.5-.3.7s.1.5.3.7z\"\/><\/svg><\/span><\/span><\/span><\/a><\/span><\/div>\n<nav><ul class='ez-toc-list ez-toc-list-level-1 eztoc-toggle-hide-by-default' ><li class='ez-toc-page-1 ez-toc-heading-level-2'><a class=\"ez-toc-link ez-toc-heading-1\" href=\"https:\/\/ppid.com\/es\/brooklyn-citizenship-lawyer\/#brooklyn-citizenship-attorney\" >Brooklyn Abogado de la Ciudadan\u00eda<\/a><\/li><li class='ez-toc-page-1 ez-toc-heading-level-2'><a class=\"ez-toc-link ez-toc-heading-2\" href=\"https:\/\/ppid.com\/es\/brooklyn-citizenship-lawyer\/#a-breakdown-of-us-citizenship-and-naturalization\" >Desglose de la ciudadan\u00eda estadounidense y la naturalizaci\u00f3n<\/a><\/li><li class='ez-toc-page-1 ez-toc-heading-level-2'><a class=\"ez-toc-link ez-toc-heading-3\" href=\"https:\/\/ppid.com\/es\/brooklyn-citizenship-lawyer\/#the-importance-of-working-with-a-brooklyn-citizenship-lawyer\" >La importancia de trabajar con un abogado de ciudadan\u00eda Brooklyn<\/a><\/li><li class='ez-toc-page-1 ez-toc-heading-level-2'><a class=\"ez-toc-link ez-toc-heading-4\" href=\"https:\/\/ppid.com\/es\/brooklyn-citizenship-lawyer\/#faqs\" >Preguntas frecuentes<\/a><ul class='ez-toc-list-level-3' ><li class='ez-toc-heading-level-3'><a class=\"ez-toc-link ez-toc-heading-5\" href=\"https:\/\/ppid.com\/es\/brooklyn-citizenship-lawyer\/#what-are-the-requirements-for-us-citizenship-through-naturalization\" >\u00bfCu\u00e1les son los requisitos para obtener la nacionalidad estadounidense por naturalizaci\u00f3n?<\/a><\/li><li class='ez-toc-page-1 ez-toc-heading-level-3'><a class=\"ez-toc-link ez-toc-heading-6\" href=\"https:\/\/ppid.com\/es\/brooklyn-citizenship-lawyer\/#what-is-the-difference-between-naturalization-and-citizenship-by-birth\" >\u00bfCu\u00e1l es la diferencia entre naturalizaci\u00f3n y ciudadan\u00eda por nacimiento?<\/a><\/li><li class='ez-toc-page-1 ez-toc-heading-level-3'><a class=\"ez-toc-link ez-toc-heading-7\" href=\"https:\/\/ppid.com\/es\/brooklyn-citizenship-lawyer\/#how-long-does-the-naturalization-process-take-in-brooklyn\" >\u00bfCu\u00e1nto dura el proceso de naturalizaci\u00f3n en Brooklyn?<\/a><\/li><li class='ez-toc-page-1 ez-toc-heading-level-3'><a class=\"ez-toc-link ez-toc-heading-8\" href=\"https:\/\/ppid.com\/es\/brooklyn-citizenship-lawyer\/#can-i-apply-for-us-citizenship-if-i-have-a-criminal-record\" >\u00bfPuedo solicitar la nacionalidad estadounidense si tengo antecedentes penales?<\/a><\/li><\/ul><\/li><li class='ez-toc-page-1 ez-toc-heading-level-2'><a class=\"ez-toc-link ez-toc-heading-9\" href=\"https:\/\/ppid.com\/es\/brooklyn-citizenship-lawyer\/#navigate-the-complexities-of-naturalization-with-a-brooklyn-citizenship-lawyer\" >Navegue por las complejidades de la naturalizaci\u00f3n con un abogado de ciudadan\u00eda Brooklyn<\/a><ul class='ez-toc-list-level-3' ><li class='ez-toc-heading-level-3'><a class=\"ez-toc-link ez-toc-heading-10\" href=\"https:\/\/ppid.com\/es\/brooklyn-citizenship-lawyer\/#brooklyn-ny-citizenship-law-resources\" >Brooklyn, Recursos de la Ley de Ciudadan\u00eda de NY<\/a><\/li><\/ul><\/li><\/ul><\/nav><\/div>\n<h2><span class=\"ez-toc-section\" id=\"brooklyn-citizenship-attorney\"><\/span>Brooklyn Abogado de la Ciudadan\u00eda<span class=\"ez-toc-section-end\"><\/span><\/h2>\n<p>Hacerse ciudadano estadounidense es una decisi\u00f3n trascendental y nosotros le ofrecemos orientaci\u00f3n experta para cumplir los requisitos.<\/p>\n<p>A <strong>Brooklyn abogado de la ciudadan\u00eda<\/strong> puede proporcionar orientaci\u00f3n jur\u00eddica crucial para ayudar a las personas a superar los retos que puedan surgir y prepararse con antelaci\u00f3n para que su solicitud se desarrolle sin problemas.<\/p>\n<p>Nuestro equipo de <a href=\"https:\/\/ppid.com\/es\/brooklyn-immigration-lawyer\/\">abogados de inmigraci\u00f3n<\/a> en <a href=\"https:\/\/ppid.com\/es\/firm\/\">Pollack, Pollack, Isaac &amp; DeCicco<\/a> tienen d\u00e9cadas de experiencia combinada <a href=\"https:\/\/ppid.com\/es\/testimonials\/\">ayudar a los clientes<\/a> obtener la nacionalidad estadounidense.<\/p>\n<h2><span class=\"ez-toc-section\" id=\"a-breakdown-of-us-citizenship-and-naturalization\"><\/span>Desglose de la ciudadan\u00eda estadounidense y la naturalizaci\u00f3n<span class=\"ez-toc-section-end\"><\/span><\/h2>\n<p>La naturalizaci\u00f3n es un proceso legal por el que pueden pasar los ciudadanos no estadounidenses para convertirse en ciudadanos estadounidenses. El proceso de naturalizaci\u00f3n solo est\u00e1 disponible para aquellos que cumplen unos requisitos legales espec\u00edficos.<\/p>\n<p><strong>Para poder optar a la naturalizaci\u00f3n, deben cumplirse los siguientes requisitos:<\/strong><\/p>\n<ul>\n<li>Debe tener como m\u00ednimo <a href=\"https:\/\/www.uscis.gov\/citizenship\/learn-about-citizenship\/citizenship-and-naturalization\" target=\"_blank\" rel=\"noopener\">18 a\u00f1os<\/a> de edad<\/li>\n<li>Debe tener un periodo de residencia legal permanente. Ese periodo debe ser continuo y el solicitante debe haber estado f\u00edsicamente presente. El periodo de tiempo depende de muchos factores, incluido el matrimonio con un ciudadano estadounidense<\/li>\n<li>Necesidad de demostrar buena moralidad: esto suele requerir demostrar un historial penal limpio y el cumplimiento de las normas y reglamentos estadounidenses.<\/li>\n<li>Debe ser capaz de leer, escribir y hablar en ingl\u00e9s a un nivel b\u00e1sico.<\/li>\n<li>Debe ser capaz de aprobar un examen de educaci\u00f3n c\u00edvica estadounidense: este examen abarca temas b\u00e1sicos relacionados con la historia y el gobierno de Estados Unidos.<\/li>\n<\/ul>\n<p>Un abogado experto en ciudadan\u00eda Brooklyn puede revisar los detalles de su caso. Un abogado PPID puede entonces ayudarle a entender los requisitos para la naturalizaci\u00f3n. Si le faltan ciertos requisitos, un abogado de inmigraci\u00f3n PPID puede ayudarle a entender los pasos necesarios para ser elegible o buscar otras opciones legales.<\/p>\n<h2><span class=\"ez-toc-section\" id=\"the-importance-of-working-with-a-brooklyn-citizenship-lawyer\"><\/span>La importancia de trabajar con un abogado de ciudadan\u00eda Brooklyn<span class=\"ez-toc-section-end\"><\/span><\/h2>\n<p><strong>Un abogado especializado en ciudadan\u00eda Brooklyn puede ayudarle de las siguientes maneras:<\/strong><\/p>\n<ul>\n<li><strong>Conocimientos de Derecho de inmigraci\u00f3n.<\/strong> Las normas y reglamentos en materia de inmigraci\u00f3n cambian constantemente. Los abogados de PPID se mantienen al d\u00eda sobre los cambios pol\u00edticos y las normas cambiantes, y por lo tanto pueden ayudarle a entender c\u00f3mo su caso podr\u00eda verse afectado.<\/li>\n<li><strong>Comprender los requisitos.<\/strong> Un abogado de inmigraci\u00f3n con experiencia puede revisar los requisitos de elegibilidad para la naturalizaci\u00f3n y ayudarle a entender d\u00f3nde puede estar faltando. Un abogado puede ayudarle a encontrar estrategias legales para superar los obst\u00e1culos potenciales en el proceso de naturalizaci\u00f3n. donde usted puede estar faltando. Un abogado puede ayudarle a encontrar estrategias legales para superar posibles obst\u00e1culos en el proceso de naturalizaci\u00f3n.<\/li>\n<li><strong>Apoyo a la aplicaci\u00f3n.<\/strong> Un abogado especializado en ciudadan\u00eda de <a href=\"https:\/\/en.wikipedia.org\/wiki\/Brooklyn\" target=\"_blank\" rel=\"noopener\">Brooklyn<\/a> puede ayudarle a garantizar que su solicitud sea precisa y completa y que cuente con amplia documentaci\u00f3n de apoyo para que pueda presentar un caso \u00f3ptimo.<\/li>\n<li><strong>Apoyo en los recursos.<\/strong> Si su solicitud de naturalizaci\u00f3n es denegada, un abogado experto puede ayudarle a trabajar a trav\u00e9s del proceso de apelaci\u00f3n o trabajar para que su caso sea revisado, luchando en su nombre por un resultado positivo del caso.<\/li>\n<\/ul>\n<p>En <a href=\"https:\/\/ppid.com\/es\/attorney\/\">equipo jur\u00eddico<\/a> en Pollack, Pollack, Isaac &amp; DeCicco est\u00e1 dispuesto a ayudarle a navegar el proceso de naturalizaci\u00f3n y obtener su ciudadan\u00eda estadounidense.<\/p>\n<h2><span class=\"ez-toc-section\" id=\"faqs\"><\/span>Preguntas frecuentes<span class=\"ez-toc-section-end\"><\/span><\/h2>\n<div class=\"accsec-ritcnt accordion\">\n<div class=\"accordion-section\">\n<h3><span class=\"ez-toc-section\" id=\"what-are-the-requirements-for-us-citizenship-through-naturalization\"><\/span><a class=\"accordion-section-title active\" href=\"#accordion-1\">\u00bfCu\u00e1les son los requisitos para obtener la nacionalidad estadounidense por naturalizaci\u00f3n?<\/a><span class=\"ez-toc-section-end\"><\/span><\/h3>\n<div id=\"accordion-1\" class=\"accordion-section-content open\" style=\"display: block;\">\n<p>Para solicitar la ciudadan\u00eda estadounidense por naturalizaci\u00f3n, los solicitantes deben tener al menos 18 a\u00f1os y ser residentes permanentes legales durante un tiempo determinado. Adem\u00e1s, tienen que demostrar buen car\u00e1cter moral y aprobar un examen de civismo e historia de EE.UU., adem\u00e1s de poder demostrar que tienen una presencia f\u00edsica continua en el pa\u00eds. Un abogado especializado en ciudadan\u00eda Brooklyn puede ayudarle a saber si cumple estos requisitos.<\/p>\n<\/div>\n<\/div>\n<div class=\"accordion-section\">\n<h3><span class=\"ez-toc-section\" id=\"what-is-the-difference-between-naturalization-and-citizenship-by-birth\"><\/span><a class=\"accordion-section-title\" href=\"#accordion-2\">\u00bfCu\u00e1l es la diferencia entre naturalizaci\u00f3n y ciudadan\u00eda por nacimiento?<\/a><span class=\"ez-toc-section-end\"><\/span><\/h3>\n<div id=\"accordion-2\" class=\"accordion-section-content\" style=\"display: none;\">\n<p>La ciudadan\u00eda por nacimiento se concede autom\u00e1ticamente a las personas nacidas de padres que son ciudadanos estadounidenses o nacidas en suelo estadounidense, mientras que la naturalizaci\u00f3n es un proceso legal por el que pasa un ciudadano no estadounidense para convertirse en ciudadano. Para acceder al proceso de naturalizaci\u00f3n, deben cumplirse ciertos requisitos. Un abogado de ciudadan\u00eda Brooklyn puede ayudarle a entender si usted es elegible para la naturalizaci\u00f3n y navegar por el proceso.<\/p>\n<\/div>\n<\/div>\n<div class=\"accordion-section\">\n<h3><span class=\"ez-toc-section\" id=\"how-long-does-the-naturalization-process-take-in-brooklyn\"><\/span><a class=\"accordion-section-title\" href=\"#accordion-3\">\u00bfCu\u00e1nto dura el proceso de naturalizaci\u00f3n en Brooklyn?<\/a><span class=\"ez-toc-section-end\"><\/span><\/h3>\n<div id=\"accordion-3\" class=\"accordion-section-content\" style=\"display: none;\">\n<p>En Brooklyn y los Estados Unidos, la cantidad de tiempo que el proceso de naturalizaci\u00f3n puede tomar depende de varios factores, incluyendo la situaci\u00f3n del solicitante, el procesamiento de las verificaciones de antecedentes, y la carga de trabajo en la oficina local del USCIS. Trabajando con un abogado de inmigraci\u00f3n experimentado, los solicitantes pueden optimizar el proceso de naturalizaci\u00f3n prepar\u00e1ndose adecuadamente y evitando errores o retrasos innecesarios.<\/p>\n<\/div>\n<\/div>\n<div class=\"accordion-section\">\n<h3><span class=\"ez-toc-section\" id=\"can-i-apply-for-us-citizenship-if-i-have-a-criminal-record\"><\/span><a class=\"accordion-section-title\" href=\"#accordion-4\">\u00bfPuedo solicitar la nacionalidad estadounidense si tengo antecedentes penales?<\/a><span class=\"ez-toc-section-end\"><\/span><\/h3>\n<div id=\"accordion-4\" class=\"accordion-section-content\" style=\"display: none;\">\n<p>Si tiene antecedentes penales, puede solicitar la nacionalidad estadounidense, pero ello puede repercutir negativamente en su capacidad para demostrar su integridad moral. Hay ciertos delitos, como los delitos de vileza moral o los delitos graves, que podr\u00edan dar lugar a una denegaci\u00f3n rotunda de la ciudadan\u00eda estadounidense. Un abogado de inmigraci\u00f3n con experiencia puede revisar sus antecedentes penales y de inmigraci\u00f3n para asesorarle sobre sus diversas opciones para la naturalizaci\u00f3n.<\/p>\n<\/div>\n<\/div>\n<\/div>\n<h2><span class=\"ez-toc-section\" id=\"navigate-the-complexities-of-naturalization-with-a-brooklyn-citizenship-lawyer\"><\/span>Navegue por las complejidades de la naturalizaci\u00f3n con un abogado de ciudadan\u00eda Brooklyn<span class=\"ez-toc-section-end\"><\/span><\/h2>\n<p>Si usted o un ser querido est\u00e1 interesado en convertirse en un ciudadano de los EE.UU., puede ser estresante y abrumador para navegar por los requisitos y los pasos posteriores de la naturalizaci\u00f3n. Un abogado de ciudadan\u00eda Brooklyn puede proporcionarle apoyo legal crucial para cumplir con los requisitos y completar con \u00e9xito el proceso de naturalizaci\u00f3n. P\u00f3ngase en contacto con un abogado de inmigraci\u00f3n con experiencia de PPID para empezar a discutir su caso y perseguir la ciudadan\u00eda estadounidense.<\/p>\n<p>Con nuestro equipo jur\u00eddico de su lado, puede confiar en que est\u00e1 recibiendo el apoyo jur\u00eddico de calidad que necesita.<\/p>\n<p>Cambian los criterios de elegibilidad y los detalles del programa de Ciudadan\u00eda y Naturalizaci\u00f3n de Estados Unidos. <a href=\"https:\/\/ppid.com\/es\/contact\/\">Consulte a un PPID<\/a> abogado para que le oriente en su caso. Las consultas est\u00e1n disponibles en persona y en l\u00ednea.<\/p>\n<h3><span class=\"ez-toc-section\" id=\"brooklyn-ny-citizenship-law-resources\"><\/span>Brooklyn, Recursos de la Ley de Ciudadan\u00eda de NY<span class=\"ez-toc-section-end\"><\/span><\/h3>\n<ul>\n<li><a href=\"https:\/\/ppid.com\/es\/blog\/how-can-i-prepare-for-the-u-s-citizenship-test\/\">\u00bfC\u00f3mo puedo prepararme para el examen de ciudadan\u00eda estadounidense?<\/a><\/li>\n<li><a href=\"https:\/\/ppid.com\/es\/blog\/naturalized-or-derived-us-citizen\/\">Ciudadano estadounidense naturalizado o derivado: \u00bfcu\u00e1l es la diferencia?<\/a><\/li>\n<li><a href=\"https:\/\/ppid.com\/es\/blog\/what-is-birthright-citizenship-in-the-usa\/\">\u00bfQu\u00e9 es la ciudadan\u00eda por derecho de nacimiento en EE.UU.?<\/a><\/li>\n<li><a href=\"https:\/\/ppid.com\/es\/blog\/new-registration-requirement-for-non-citizens\/\">Nuevo requisito de registro para los no ciudadanos: Lo que hay que saber<\/a>\n<p style=\"margin-top: 20px;\">\n<\/li>\n<\/ul>","protected":false},"excerpt":{"rendered":"<p>Brooklyn Citizenship Attorney Becoming a US citizen is a momentous decision and we provide expert guidance to fulfill the requirements. A Brooklyn citizenship lawyer can provide crucial legal guidance to help individuals overcome challenges that may arise and prepare ahead of time to help their application go smoothly. Our team of immigration lawyers at Pollack, &hellip; <\/p>\n<p class=\"link-more\"><a href=\"https:\/\/ppid.com\/es\/brooklyn-citizenship-lawyer\/\" class=\"more-link\">Seguir leyendo<span class=\"screen-reader-text\"> &#8220;Brooklyn Citizenship Lawyer&#8221;<\/span><\/a><\/p>","protected":false},"author":1,"featured_media":0,"parent":0,"menu_order":0,"comment_status":"closed","ping_status":"closed","template":"","meta":{"_acf_changed":false,"footnotes":""},"class_list":["post-1512","page","type-page","status-publish","hentry","entry"],"acf":[],"yoast_head":"<!-- This site is optimized with the Yoast SEO Premium plugin v26.8 (Yoast SEO v26.8) - https:\/\/yoast.com\/product\/yoast-seo-premium-wordpress\/ -->\n<title>Brooklyn Citizenship Lawyer &amp; Law Firm<\/title>\n<meta name=\"description\" content=\"Searching for a Brooklyn Citizenship Lawyer? PPID provides expert legal support for all your citizenship needs. Trust our experienced team to simplify your journey.\" \/>\n<meta name=\"robots\" content=\"index, follow, max-snippet:-1, max-image-preview:large, max-video-preview:-1\" \/>\n<link rel=\"canonical\" href=\"https:\/\/ppid.com\/es\/brooklyn-citizenship-lawyer\/\" \/>\n<meta property=\"og:locale\" content=\"es_MX\" \/>\n<meta property=\"og:type\" content=\"article\" \/>\n<meta property=\"og:title\" content=\"Brooklyn Citizenship Lawyer\" \/>\n<meta property=\"og:description\" content=\"Searching for a Brooklyn Citizenship Lawyer? PPID provides expert legal support for all your citizenship needs. Trust our experienced team to simplify your journey.\" \/>\n<meta property=\"og:url\" content=\"https:\/\/ppid.com\/es\/brooklyn-citizenship-lawyer\/\" \/>\n<meta property=\"og:site_name\" content=\"Pollack, Pollack, Isaac &amp; DeCicco, LLP\" \/>\n<meta property=\"article:modified_time\" content=\"2025-09-15T05:40:45+00:00\" \/>\n<meta name=\"twitter:card\" content=\"summary_large_image\" \/>\n<meta name=\"twitter:label1\" content=\"Tiempo de lectura\" \/>\n\t<meta name=\"twitter:data1\" content=\"5 minutos\" \/>\n<!-- \/ Yoast SEO Premium plugin. -->","yoast_head_json":{"title":"Brooklyn Ciudadan\u00eda Abogado y bufete de abogados","description":"\u00bfBusca un abogado de ciudadan\u00eda Brooklyn? PPID proporciona apoyo legal experto para todas sus necesidades de ciudadan\u00eda. Conf\u00ede en nuestro experimentado equipo para simplificar su viaje.","robots":{"index":"index","follow":"follow","max-snippet":"max-snippet:-1","max-image-preview":"max-image-preview:large","max-video-preview":"max-video-preview:-1"},"canonical":"https:\/\/ppid.com\/es\/brooklyn-citizenship-lawyer\/","og_locale":"es_MX","og_type":"article","og_title":"Brooklyn Citizenship Lawyer","og_description":"Searching for a Brooklyn Citizenship Lawyer? PPID provides expert legal support for all your citizenship needs. Trust our experienced team to simplify your journey.","og_url":"https:\/\/ppid.com\/es\/brooklyn-citizenship-lawyer\/","og_site_name":"Pollack, Pollack, Isaac &amp; DeCicco, LLP","article_modified_time":"2025-09-15T05:40:45+00:00","twitter_card":"summary_large_image","twitter_misc":{"Tiempo de lectura":"5 minutos"},"schema":{"@context":"https:\/\/schema.org","@graph":[{"@type":"WebPage","@id":"https:\/\/ppid.com\/brooklyn-citizenship-lawyer\/","url":"https:\/\/ppid.com\/brooklyn-citizenship-lawyer\/","name":"Brooklyn Ciudadan\u00eda Abogado y bufete de abogados","isPartOf":{"@id":"https:\/\/ppid.com\/#website"},"datePublished":"2024-12-12T08:01:57+00:00","dateModified":"2025-09-15T05:40:45+00:00","description":"\u00bfBusca un abogado de ciudadan\u00eda Brooklyn? PPID proporciona apoyo legal experto para todas sus necesidades de ciudadan\u00eda. Conf\u00ede en nuestro experimentado equipo para simplificar su viaje.","breadcrumb":{"@id":"https:\/\/ppid.com\/brooklyn-citizenship-lawyer\/#breadcrumb"},"inLanguage":"es","potentialAction":[{"@type":"ReadAction","target":["https:\/\/ppid.com\/brooklyn-citizenship-lawyer\/"]}]},{"@type":"BreadcrumbList","@id":"https:\/\/ppid.com\/brooklyn-citizenship-lawyer\/#breadcrumb","itemListElement":[{"@type":"ListItem","position":1,"name":"Home","item":"https:\/\/ppid.com\/"},{"@type":"ListItem","position":2,"name":"Brooklyn Citizenship Lawyer"}]},{"@type":"WebSite","@id":"https:\/\/ppid.com\/#website","url":"https:\/\/ppid.com\/","name":"Pollack, Pollack, Isaac &amp; DeCicco, LLP","description":"","potentialAction":[{"@type":"SearchAction","target":{"@type":"EntryPoint","urlTemplate":"https:\/\/ppid.com\/?s={search_term_string}"},"query-input":{"@type":"PropertyValueSpecification","valueRequired":true,"valueName":"search_term_string"}}],"inLanguage":"es"}]}},"_links":{"self":[{"href":"https:\/\/ppid.com\/es\/wp-json\/wp\/v2\/pages\/1512","targetHints":{"allow":["GET"]}}],"collection":[{"href":"https:\/\/ppid.com\/es\/wp-json\/wp\/v2\/pages"}],"about":[{"href":"https:\/\/ppid.com\/es\/wp-json\/wp\/v2\/types\/page"}],"author":[{"embeddable":true,"href":"https:\/\/ppid.com\/es\/wp-json\/wp\/v2\/users\/1"}],"replies":[{"embeddable":true,"href":"https:\/\/ppid.com\/es\/wp-json\/wp\/v2\/comments?post=1512"}],"version-history":[{"count":0,"href":"https:\/\/ppid.com\/es\/wp-json\/wp\/v2\/pages\/1512\/revisions"}],"wp:attachment":[{"href":"https:\/\/ppid.com\/es\/wp-json\/wp\/v2\/media?parent=1512"}],"curies":[{"name":"wp","href":"https:\/\/api.w.org\/{rel}","templated":true}]}}