{"id":1546,"date":"2024-12-12T11:04:08","date_gmt":"2024-12-12T11:04:08","guid":{"rendered":"https:\/\/ppidllp.wpenginepowered.com\/?page_id=1546"},"modified":"2025-09-15T05:43:59","modified_gmt":"2025-09-15T05:43:59","slug":"long-island-citizenship-lawyer","status":"publish","type":"page","link":"https:\/\/ppid.com\/es\/long-island-citizenship-lawyer\/","title":{"rendered":"Long Island Ciudadan\u00eda Abogado"},"content":{"rendered":"<div id=\"ez-toc-container\" class=\"ez-toc-v2_0_80 counter-hierarchy ez-toc-counter ez-toc-transparent ez-toc-container-direction\">\n<div class=\"ez-toc-title-container\">\n<p class=\"ez-toc-title ez-toc-toggle\" style=\"cursor:pointer\">\u00cdndice<\/p>\n<span class=\"ez-toc-title-toggle\"><a href=\"#\" class=\"ez-toc-pull-right ez-toc-btn ez-toc-btn-xs ez-toc-btn-default ez-toc-toggle\" aria-label=\"Toggle Table of Content\"><span class=\"ez-toc-js-icon-con\"><span class=\"\"><span class=\"eztoc-hide\" style=\"display:none;\">Toggle<\/span><span class=\"ez-toc-icon-toggle-span\"><svg style=\"fill: #999;color:#999\" xmlns=\"http:\/\/www.w3.org\/2000\/svg\" class=\"list-377408\" width=\"20px\" height=\"20px\" viewbox=\"0 0 24 24\" fill=\"none\"><path d=\"M6 6H4v2h2V6zm14 0H8v2h12V6zM4 11h2v2H4v-2zm16 0H8v2h12v-2zM4 16h2v2H4v-2zm16 0H8v2h12v-2z\" fill=\"currentColor\"><\/path><\/svg><svg style=\"fill: #999;color:#999\" class=\"arrow-unsorted-368013\" xmlns=\"http:\/\/www.w3.org\/2000\/svg\" width=\"10px\" height=\"10px\" viewbox=\"0 0 24 24\" version=\"1.2\" baseprofile=\"tiny\"><path d=\"M18.2 9.3l-6.2-6.3-6.2 6.3c-.2.2-.3.4-.3.7s.1.5.3.7c.2.2.4.3.7.3h11c.3 0 .5-.1.7-.3.2-.2.3-.5.3-.7s-.1-.5-.3-.7zM5.8 14.7l6.2 6.3 6.2-6.3c.2-.2.3-.5.3-.7s-.1-.5-.3-.7c-.2-.2-.4-.3-.7-.3h-11c-.3 0-.5.1-.7.3-.2.2-.3.5-.3.7s.1.5.3.7z\"\/><\/svg><\/span><\/span><\/span><\/a><\/span><\/div>\n<nav><ul class='ez-toc-list ez-toc-list-level-1 eztoc-toggle-hide-by-default' ><li class='ez-toc-page-1 ez-toc-heading-level-2'><a class=\"ez-toc-link ez-toc-heading-1\" href=\"https:\/\/ppid.com\/es\/long-island-citizenship-lawyer\/#long-island-citizenship-attorney\" >Long Island Abogado de la Ciudadan\u00eda<\/a><\/li><li class='ez-toc-page-1 ez-toc-heading-level-2'><a class=\"ez-toc-link ez-toc-heading-2\" href=\"https:\/\/ppid.com\/es\/long-island-citizenship-lawyer\/#understanding-naturalization-and-the-required-process\" >Comprender la naturalizaci\u00f3n y el proceso necesario<\/a><\/li><li class='ez-toc-page-1 ez-toc-heading-level-2'><a class=\"ez-toc-link ez-toc-heading-3\" href=\"https:\/\/ppid.com\/es\/long-island-citizenship-lawyer\/#faqs\" >Preguntas frecuentes:<\/a><ul class='ez-toc-list-level-3' ><li class='ez-toc-heading-level-3'><a class=\"ez-toc-link ez-toc-heading-4\" href=\"https:\/\/ppid.com\/es\/long-island-citizenship-lawyer\/#what-should-i-do-if-i-lose-my-naturalization-certificate\" >\u00bfQu\u00e9 debo hacer si pierdo mi certificado de naturalizaci\u00f3n?<\/a><\/li><li class='ez-toc-page-1 ez-toc-heading-level-3'><a class=\"ez-toc-link ez-toc-heading-5\" href=\"https:\/\/ppid.com\/es\/long-island-citizenship-lawyer\/#can-i-apply-for-us-citizenship-while-living-abroad\" >\u00bfPuedo solicitar la nacionalidad estadounidense viviendo en el extranjero?<\/a><\/li><li class='ez-toc-page-1 ez-toc-heading-level-3'><a class=\"ez-toc-link ez-toc-heading-6\" href=\"https:\/\/ppid.com\/es\/long-island-citizenship-lawyer\/#can-i-apply-for-us-citizenship-if-i-owe-taxes-in-new-york\" >\u00bfPuedo solicitar la nacionalidad estadounidense si debo impuestos en New York?<\/a><\/li><li class='ez-toc-page-1 ez-toc-heading-level-3'><a class=\"ez-toc-link ez-toc-heading-7\" href=\"https:\/\/ppid.com\/es\/long-island-citizenship-lawyer\/#can-i-apply-for-us-citizenship-if-i-receive-public-benefits\" >\u00bfPuedo solicitar la nacionalidad estadounidense si recibo prestaciones p\u00fablicas?<\/a><\/li><\/ul><\/li><li class='ez-toc-page-1 ez-toc-heading-level-2'><a class=\"ez-toc-link ez-toc-heading-8\" href=\"https:\/\/ppid.com\/es\/long-island-citizenship-lawyer\/#cure-your-naturalization-headaches-with-a-long-island-citizenship-lawyer\" >Cure sus dolores de cabeza de naturalizaci\u00f3n con un abogado de ciudadan\u00eda Long Island<\/a><ul class='ez-toc-list-level-3' ><li class='ez-toc-heading-level-3'><a class=\"ez-toc-link ez-toc-heading-9\" href=\"https:\/\/ppid.com\/es\/long-island-citizenship-lawyer\/#long-island-ny-citizenship-law-resources\" >Long Island, Recursos de la Ley de Ciudadan\u00eda de NY<\/a><\/li><\/ul><\/li><\/ul><\/nav><\/div>\n<h2><span class=\"ez-toc-section\" id=\"long-island-citizenship-attorney\"><\/span>Long Island Abogado de la Ciudadan\u00eda<span class=\"ez-toc-section-end\"><\/span><\/h2>\n<p>Hacerse ciudadano estadounidense es una decisi\u00f3n trascendental y nosotros le ofrecemos orientaci\u00f3n experta para cumplir los requisitos.<\/p>\n<p>Si est\u00e1 interesado en realizar el proceso de naturalizaci\u00f3n para obtener la ciudadan\u00eda estadounidense, un <strong>Long Island abogado de la ciudadan\u00eda<\/strong> puede proporcionarle orientaci\u00f3n jur\u00eddica crucial para alcanzar sus objetivos en materia de inmigraci\u00f3n.<\/p>\n<p><a href=\"https:\/\/ppid.com\/es\/firm\/\">Pollack, Pollack, Isaac &amp; DeCicco<\/a> tiene una larga historia de dedicaci\u00f3n a <a href=\"https:\/\/ppid.com\/es\/long-island-immigration-lawyer\/\">apoyo a los inmigrantes en Long Island<\/a> y alrededores.<\/p>\n<h2><span class=\"ez-toc-section\" id=\"understanding-naturalization-and-the-required-process\"><\/span>Comprender la naturalizaci\u00f3n y el proceso necesario<span class=\"ez-toc-section-end\"><\/span><\/h2>\n<p>La naturalizaci\u00f3n es un proceso legal por el que deben pasar los no ciudadanos para obtener la ciudadan\u00eda estadounidense.<\/p>\n<p>Para optar a la naturalizaci\u00f3n se exigen requisitos estrictos, como presencia f\u00edsica y continuada en el pa\u00eds, residencia legal permanente durante cierto tiempo, dominio b\u00e1sico de la lengua inglesa y buena reputaci\u00f3n. <strong>Navegar por el proceso de naturalizaci\u00f3n en <a href=\"https:\/\/en.wikipedia.org\/wiki\/Long_Island\" target=\"_blank\" rel=\"noopener\">Long Island<\/a>En NY, los pasos suelen ser los siguientes:<\/strong><\/p>\n<ul>\n<li><strong>Presentar una solicitud de naturalizaci\u00f3n.<\/strong> Para iniciar el proceso de naturalizaci\u00f3n, debe presentarse una Solicitud de Naturalizaci\u00f3n N-400 al Servicio de Ciudadan\u00eda e Inmigraci\u00f3n de los Estados Unidos. En este formulario, los solicitantes deben facilitar informaci\u00f3n sobre su empleo, residencia y antecedentes personales y de inmigraci\u00f3n. La documentaci\u00f3n de apoyo, como una copia de un <a href=\"https:\/\/ppid.com\/es\/long-island-green-card-lawyer\/\">tarjeta verde<\/a>tambi\u00e9n debe presentarse.<\/li>\n<li><strong>Acudir a una cita de biometr\u00eda.<\/strong> Una vez tramitado el formulario N-400, el USCIS citar\u00e1 al solicitante para una cita biom\u00e9trica, en la que se le tomar\u00e1 una fotograf\u00eda, las huellas dactilares y la firma. Estos datos se utilizar\u00e1n para realizar una comprobaci\u00f3n exhaustiva de los antecedentes del solicitante.<\/li>\n<li><strong>Ir a una entrevista de naturalizaci\u00f3n.<\/strong> Despu\u00e9s de que se haya procesado la comprobaci\u00f3n de antecedentes, las personas ser\u00e1n citadas para una entrevista de naturalizaci\u00f3n con un funcionario del USCIS. Durante esta entrevista, el funcionario revisar\u00e1 la solicitud del solicitante y le har\u00e1 preguntas importantes relacionadas con sus antecedentes y su historial de inmigraci\u00f3n. Tambi\u00e9n evaluar\u00e1 la capacidad del solicitante para hablar ingl\u00e9s.<\/li>\n<li><strong>Aprobar un examen de ciudadan\u00eda estadounidense.<\/strong> Durante la entrevista de naturalizaci\u00f3n, el solicitante tambi\u00e9n deber\u00e1 realizar y superar un examen de ciudadan\u00eda. Este examen consta de dos secciones: la prueba de ingl\u00e9s y la prueba de educaci\u00f3n c\u00edvica. Para aprobar el examen de educaci\u00f3n c\u00edvica, se plantear\u00e1n a los solicitantes hasta 10 preguntas relacionadas con la historia y el gobierno de EE.UU. y deber\u00e1n responder al menos a las siguientes preguntas <a href=\"https:\/\/www.uscis.gov\/citizenship\/find-study-materials-and-resources\/study-for-the-test\" target=\"_blank\" rel=\"noopener\">seis de ellos<\/a> correctamente.<\/li>\n<li><strong>Ir a la ceremonia de juramento de lealtad.<\/strong> Los solicitantes que superen la entrevista de naturalizaci\u00f3n y el examen de ciudadan\u00eda estadounidense ser\u00e1n invitados a una ceremonia de juramento de lealtad. Durante la ceremonia, tendr\u00e1n que renunciar a cualquier v\u00ednculo que tengan con pa\u00edses existentes, declarar su dedicaci\u00f3n a defender y proteger la Constituci\u00f3n de EE.UU. y cumplir sus deberes como ciudadanos estadounidenses.<\/li>\n<\/ul>\n<p>Si el solicitante hace el juramento de lealtad, puede recibir su certificado de naturalizaci\u00f3n, lo que significa que es oficialmente ciudadano estadounidense.<\/p>\n<h2><span class=\"ez-toc-section\" id=\"faqs\"><\/span>Preguntas frecuentes:<span class=\"ez-toc-section-end\"><\/span><\/h2>\n<div class=\"accsec-ritcnt accordion\">\n<div class=\"accordion-section\">\n<h3><span class=\"ez-toc-section\" id=\"what-should-i-do-if-i-lose-my-naturalization-certificate\"><\/span><a class=\"accordion-section-title active\" href=\"#accordion-1\">\u00bfQu\u00e9 debo hacer si pierdo mi certificado de naturalizaci\u00f3n?<\/a><span class=\"ez-toc-section-end\"><\/span><\/h3>\n<div id=\"accordion-1\" class=\"accordion-section-content open\" style=\"display: block;\">\n<p>Si pierde el certificado de naturalizaci\u00f3n que le entregaron despu\u00e9s de la ceremonia de juramento de bandera, es posible solicitar uno nuevo. Para ello <a href=\"https:\/\/www.uscis.gov\/sites\/default\/files\/document\/forms\/n-565.pdf\" target=\"_blank\" rel=\"noopener\">N-565, Solicitud<\/a> para Reemplazo de Documento de Naturalizaci\u00f3n\/Ciudadan\u00eda con USCIS, usted puede pedir un reemplazo. Un abogado de ciudadan\u00eda de EE.UU. puede ayudarle a navegar por el proceso de b\u00fasqueda de un reemplazo de su certificado de naturalizaci\u00f3n.<\/p>\n<\/div>\n<\/div>\n<div class=\"accordion-section\">\n<h3><span class=\"ez-toc-section\" id=\"can-i-apply-for-us-citizenship-while-living-abroad\"><\/span><a class=\"accordion-section-title\" href=\"#accordion-2\">\u00bfPuedo solicitar la nacionalidad estadounidense viviendo en el extranjero?<\/a><span class=\"ez-toc-section-end\"><\/span><\/h3>\n<div id=\"accordion-2\" class=\"accordion-section-content\" style=\"display: none;\">\n<p>Como norma general, si desea solicitar la nacionalidad estadounidense, debe encontrarse en Estados Unidos mientras realiza el proceso de naturalizaci\u00f3n. Sin embargo, puede haber excepciones a esta regla, por ejemplo, si se encuentra en el extranjero por motivos de trabajo para el gobierno o el ej\u00e9rcito de EE.UU. o si trabaja para determinadas organizaciones internacionales. Un abogado especializado en ciudadan\u00eda puede ayudarle a descubrir si re\u00fane los requisitos para presentar la solicitud desde el extranjero.<\/p>\n<\/div>\n<\/div>\n<div class=\"accordion-section\">\n<h3><span class=\"ez-toc-section\" id=\"can-i-apply-for-us-citizenship-if-i-owe-taxes-in-new-york\"><\/span><a class=\"accordion-section-title\" href=\"#accordion-3\">\u00bfPuedo solicitar la nacionalidad estadounidense si debo impuestos en New York?<\/a><span class=\"ez-toc-section-end\"><\/span><\/h3>\n<div id=\"accordion-3\" class=\"accordion-section-content\" style=\"display: none;\">\n<p>Si debe impuestos en el New York, puede que esto no le descalifique autom\u00e1ticamente para ser elegible para la naturalizaci\u00f3n. Sin embargo, tendr\u00e1 que demostrar que est\u00e1 intentando pagar sus impuestos. Para su solicitud de naturalizaci\u00f3n, esto puede incluir mostrar evidencia de su plan de pago con el IRS o documentos financieros que muestren prueba de pago. Un abogado de ciudadan\u00eda puede ayudarle a entender c\u00f3mo las repercusiones fiscales pueden afectar su solicitud de ciudadan\u00eda.<\/p>\n<\/div>\n<\/div>\n<div class=\"accordion-section\">\n<h3><span class=\"ez-toc-section\" id=\"can-i-apply-for-us-citizenship-if-i-receive-public-benefits\"><\/span><a class=\"accordion-section-title\" href=\"#accordion-4\">\u00bfPuedo solicitar la nacionalidad estadounidense si recibo prestaciones p\u00fablicas?<\/a><span class=\"ez-toc-section-end\"><\/span><\/h3>\n<div id=\"accordion-4\" class=\"accordion-section-content\" style=\"display: none;\">\n<p>Si usted est\u00e1 recibiendo beneficios p\u00fablicos, tales como asistencia para la vivienda, SNAP, o Medicaid, esto no afecta a su elegibilidad para solicitar la ciudadan\u00eda estadounidense. Es importante tener en cuenta, sin embargo, que los funcionarios del USCIS pueden investigar su estabilidad financiera, como su capacidad para mantener un trabajo constante, para evaluar su elegibilidad para la naturalizaci\u00f3n. Un abogado de ciudadan\u00eda Long Island puede ayudarle a reunir pruebas para presentar su solicitud de manera \u00f3ptima.<\/p>\n<\/div>\n<\/div>\n<\/div>\n<h2><span class=\"ez-toc-section\" id=\"cure-your-naturalization-headaches-with-a-long-island-citizenship-lawyer\"><\/span>Cure sus dolores de cabeza de naturalizaci\u00f3n con un abogado de ciudadan\u00eda Long Island<span class=\"ez-toc-section-end\"><\/span><\/h2>\n<p>Tanto si no est\u00e1 seguro de cumplir todos los requisitos para la naturalizaci\u00f3n como si tiene dificultades en el proceso de naturalizaci\u00f3n, un abogado especializado en ciudadan\u00eda Long Island puede proporcionarle un apoyo jur\u00eddico crucial. Un abogado de inmigraci\u00f3n PPID puede abogar activamente en su nombre para garantizar sus derechos e intereses a lo largo del proceso de naturalizaci\u00f3n. <a href=\"https:\/\/ppid.com\/es\/contact\/\">P\u00f3ngase en contacto con nosotros<\/a> para empezar a discutir su caso.<\/p>\n<p>Los criterios de elegibilidad y los detalles del programa de Ciudadan\u00eda y Naturalizaci\u00f3n de EE.UU. cambian. Consulte a un abogado de PPID para que le oriente en su caso. Las consultas est\u00e1n disponibles en persona y en l\u00ednea<\/p>\n<h3><span class=\"ez-toc-section\" id=\"long-island-ny-citizenship-law-resources\"><\/span>Long Island, Recursos de la Ley de Ciudadan\u00eda de NY<span class=\"ez-toc-section-end\"><\/span><\/h3>\n<ul>\n<li><a href=\"https:\/\/ppid.com\/es\/blog\/how-can-i-prepare-for-the-u-s-citizenship-test\/\">\u00bfC\u00f3mo puedo prepararme para el examen de ciudadan\u00eda estadounidense?<\/a><\/li>\n<li><a href=\"https:\/\/ppid.com\/es\/blog\/naturalized-or-derived-us-citizen\/\">Ciudadano estadounidense naturalizado o derivado: \u00bfcu\u00e1l es la diferencia?<\/a><\/li>\n<li><a href=\"https:\/\/ppid.com\/es\/blog\/what-is-birthright-citizenship-in-the-usa\/\">\u00bfQu\u00e9 es la ciudadan\u00eda por derecho de nacimiento en EE.UU.?<\/a><\/li>\n<li><a href=\"https:\/\/ppid.com\/es\/blog\/new-registration-requirement-for-non-citizens\/\">Nuevo requisito de registro para los no ciudadanos: Lo que hay que saber<\/a>\n<p style=\"margin-top: 20px;\">\n<\/li>\n<\/ul>","protected":false},"excerpt":{"rendered":"<p>Long Island Citizenship Attorney Becoming a US citizen is a momentous decision and we provide expert guidance to fulfill the requirements. If you are keen to pursue the naturalization process to obtain US citizenship, a Long Island citizenship lawyer can provide you with crucial legal guidance to attain your immigration goals. Pollack, Pollack, Isaac &amp; &hellip; <\/p>\n<p class=\"link-more\"><a href=\"https:\/\/ppid.com\/es\/long-island-citizenship-lawyer\/\" class=\"more-link\">Seguir leyendo<span class=\"screen-reader-text\"> &#8220;Long Island Citizenship Lawyer&#8221;<\/span><\/a><\/p>","protected":false},"author":1,"featured_media":0,"parent":0,"menu_order":0,"comment_status":"closed","ping_status":"closed","template":"","meta":{"_acf_changed":false,"footnotes":""},"class_list":["post-1546","page","type-page","status-publish","hentry","entry"],"acf":[],"yoast_head":"<!-- This site is optimized with the Yoast SEO Premium plugin v26.8 (Yoast SEO v26.8) - https:\/\/yoast.com\/product\/yoast-seo-premium-wordpress\/ -->\n<title>Long Island Citizenship Lawyer<\/title>\n<meta name=\"description\" content=\"Need expert assistance with citizenship? PPID, your reliable Long Island Citizenship Lawyer, offers personalized solutions to simplify the immigration process. Call today!\" \/>\n<meta name=\"robots\" content=\"index, follow, max-snippet:-1, max-image-preview:large, max-video-preview:-1\" \/>\n<link rel=\"canonical\" href=\"https:\/\/ppid.com\/es\/long-island-citizenship-lawyer\/\" \/>\n<meta property=\"og:locale\" content=\"es_MX\" \/>\n<meta property=\"og:type\" content=\"article\" \/>\n<meta property=\"og:title\" content=\"Long Island Citizenship Lawyer\" \/>\n<meta property=\"og:description\" content=\"Need expert assistance with citizenship? PPID, your reliable Long Island Citizenship Lawyer, offers personalized solutions to simplify the immigration process. Call today!\" \/>\n<meta property=\"og:url\" content=\"https:\/\/ppid.com\/es\/long-island-citizenship-lawyer\/\" \/>\n<meta property=\"og:site_name\" content=\"Pollack, Pollack, Isaac &amp; DeCicco, LLP\" \/>\n<meta property=\"article:modified_time\" content=\"2025-09-15T05:43:59+00:00\" \/>\n<meta name=\"twitter:card\" content=\"summary_large_image\" \/>\n<meta name=\"twitter:label1\" content=\"Tiempo de lectura\" \/>\n\t<meta name=\"twitter:data1\" content=\"4 minutos\" \/>\n<!-- \/ Yoast SEO Premium plugin. -->","yoast_head_json":{"title":"Long Island Ciudadan\u00eda Abogado","description":"\u00bfNecesita ayuda experta con la ciudadan\u00eda? PPID, su abogado de confianza Long Island Ciudadan\u00eda, ofrece soluciones personalizadas para simplificar el proceso de inmigraci\u00f3n. \u00a1Llame hoy mismo!","robots":{"index":"index","follow":"follow","max-snippet":"max-snippet:-1","max-image-preview":"max-image-preview:large","max-video-preview":"max-video-preview:-1"},"canonical":"https:\/\/ppid.com\/es\/long-island-citizenship-lawyer\/","og_locale":"es_MX","og_type":"article","og_title":"Long Island Citizenship Lawyer","og_description":"Need expert assistance with citizenship? PPID, your reliable Long Island Citizenship Lawyer, offers personalized solutions to simplify the immigration process. Call today!","og_url":"https:\/\/ppid.com\/es\/long-island-citizenship-lawyer\/","og_site_name":"Pollack, Pollack, Isaac &amp; DeCicco, LLP","article_modified_time":"2025-09-15T05:43:59+00:00","twitter_card":"summary_large_image","twitter_misc":{"Tiempo de lectura":"4 minutos"},"schema":{"@context":"https:\/\/schema.org","@graph":[{"@type":"WebPage","@id":"https:\/\/ppid.com\/long-island-citizenship-lawyer\/","url":"https:\/\/ppid.com\/long-island-citizenship-lawyer\/","name":"Long Island Ciudadan\u00eda Abogado","isPartOf":{"@id":"https:\/\/ppid.com\/#website"},"datePublished":"2024-12-12T11:04:08+00:00","dateModified":"2025-09-15T05:43:59+00:00","description":"\u00bfNecesita ayuda experta con la ciudadan\u00eda? PPID, su abogado de confianza Long Island Ciudadan\u00eda, ofrece soluciones personalizadas para simplificar el proceso de inmigraci\u00f3n. \u00a1Llame hoy mismo!","breadcrumb":{"@id":"https:\/\/ppid.com\/long-island-citizenship-lawyer\/#breadcrumb"},"inLanguage":"es","potentialAction":[{"@type":"ReadAction","target":["https:\/\/ppid.com\/long-island-citizenship-lawyer\/"]}]},{"@type":"BreadcrumbList","@id":"https:\/\/ppid.com\/long-island-citizenship-lawyer\/#breadcrumb","itemListElement":[{"@type":"ListItem","position":1,"name":"Home","item":"https:\/\/ppid.com\/"},{"@type":"ListItem","position":2,"name":"Long Island Citizenship Lawyer"}]},{"@type":"WebSite","@id":"https:\/\/ppid.com\/#website","url":"https:\/\/ppid.com\/","name":"Pollack, Pollack, Isaac &amp; DeCicco, LLP","description":"","potentialAction":[{"@type":"SearchAction","target":{"@type":"EntryPoint","urlTemplate":"https:\/\/ppid.com\/?s={search_term_string}"},"query-input":{"@type":"PropertyValueSpecification","valueRequired":true,"valueName":"search_term_string"}}],"inLanguage":"es"}]}},"_links":{"self":[{"href":"https:\/\/ppid.com\/es\/wp-json\/wp\/v2\/pages\/1546","targetHints":{"allow":["GET"]}}],"collection":[{"href":"https:\/\/ppid.com\/es\/wp-json\/wp\/v2\/pages"}],"about":[{"href":"https:\/\/ppid.com\/es\/wp-json\/wp\/v2\/types\/page"}],"author":[{"embeddable":true,"href":"https:\/\/ppid.com\/es\/wp-json\/wp\/v2\/users\/1"}],"replies":[{"embeddable":true,"href":"https:\/\/ppid.com\/es\/wp-json\/wp\/v2\/comments?post=1546"}],"version-history":[{"count":0,"href":"https:\/\/ppid.com\/es\/wp-json\/wp\/v2\/pages\/1546\/revisions"}],"wp:attachment":[{"href":"https:\/\/ppid.com\/es\/wp-json\/wp\/v2\/media?parent=1546"}],"curies":[{"name":"wp","href":"https:\/\/api.w.org\/{rel}","templated":true}]}}