{"id":1553,"date":"2024-12-12T11:28:39","date_gmt":"2024-12-12T11:28:39","guid":{"rendered":"https:\/\/ppidllp.wpenginepowered.com\/?page_id=1553"},"modified":"2025-09-15T05:44:15","modified_gmt":"2025-09-15T05:44:15","slug":"long-island-deportation-defense-lawyer","status":"publish","type":"page","link":"https:\/\/ppid.com\/es\/long-island-deportation-defense-lawyer\/","title":{"rendered":"Long Island Abogado de Defensa de Deportaci\u00f3n"},"content":{"rendered":"<div id=\"ez-toc-container\" class=\"ez-toc-v2_0_80 counter-hierarchy ez-toc-counter ez-toc-transparent ez-toc-container-direction\">\n<div class=\"ez-toc-title-container\">\n<p class=\"ez-toc-title ez-toc-toggle\" style=\"cursor:pointer\">\u00cdndice<\/p>\n<span class=\"ez-toc-title-toggle\"><a href=\"#\" class=\"ez-toc-pull-right ez-toc-btn ez-toc-btn-xs ez-toc-btn-default ez-toc-toggle\" aria-label=\"Toggle Table of Content\"><span class=\"ez-toc-js-icon-con\"><span class=\"\"><span class=\"eztoc-hide\" style=\"display:none;\">Toggle<\/span><span class=\"ez-toc-icon-toggle-span\"><svg style=\"fill: #999;color:#999\" xmlns=\"http:\/\/www.w3.org\/2000\/svg\" class=\"list-377408\" width=\"20px\" height=\"20px\" viewbox=\"0 0 24 24\" fill=\"none\"><path d=\"M6 6H4v2h2V6zm14 0H8v2h12V6zM4 11h2v2H4v-2zm16 0H8v2h12v-2zM4 16h2v2H4v-2zm16 0H8v2h12v-2z\" fill=\"currentColor\"><\/path><\/svg><svg style=\"fill: #999;color:#999\" class=\"arrow-unsorted-368013\" xmlns=\"http:\/\/www.w3.org\/2000\/svg\" width=\"10px\" height=\"10px\" viewbox=\"0 0 24 24\" version=\"1.2\" baseprofile=\"tiny\"><path d=\"M18.2 9.3l-6.2-6.3-6.2 6.3c-.2.2-.3.4-.3.7s.1.5.3.7c.2.2.4.3.7.3h11c.3 0 .5-.1.7-.3.2-.2.3-.5.3-.7s-.1-.5-.3-.7zM5.8 14.7l6.2 6.3 6.2-6.3c.2-.2.3-.5.3-.7s-.1-.5-.3-.7c-.2-.2-.4-.3-.7-.3h-11c-.3 0-.5.1-.7.3-.2.2-.3.5-.3.7s.1.5.3.7z\"\/><\/svg><\/span><\/span><\/span><\/a><\/span><\/div>\n<nav><ul class='ez-toc-list ez-toc-list-level-1 eztoc-toggle-hide-by-default' ><li class='ez-toc-page-1 ez-toc-heading-level-2'><a class=\"ez-toc-link ez-toc-heading-1\" href=\"https:\/\/ppid.com\/es\/long-island-deportation-defense-lawyer\/#long-island-deportation-defense-attorney\" >Long Island Abogado de Defensa de Deportaci\u00f3n<\/a><\/li><li class='ez-toc-page-1 ez-toc-heading-level-2'><a class=\"ez-toc-link ez-toc-heading-2\" href=\"https:\/\/ppid.com\/es\/long-island-deportation-defense-lawyer\/#understanding-deportation\" >Entender la deportaci\u00f3n<\/a><\/li><li class='ez-toc-page-1 ez-toc-heading-level-2'><a class=\"ez-toc-link ez-toc-heading-3\" href=\"https:\/\/ppid.com\/es\/long-island-deportation-defense-lawyer\/#the-deportation-defense-process-in-long-island-new-york\" >El proceso de defensa contra la deportaci\u00f3n en Long Island, New York<\/a><\/li><li class='ez-toc-page-1 ez-toc-heading-level-2'><a class=\"ez-toc-link ez-toc-heading-4\" href=\"https:\/\/ppid.com\/es\/long-island-deportation-defense-lawyer\/#faqs\" >Preguntas frecuentes<\/a><ul class='ez-toc-list-level-3' ><li class='ez-toc-heading-level-3'><a class=\"ez-toc-link ez-toc-heading-5\" href=\"https:\/\/ppid.com\/es\/long-island-deportation-defense-lawyer\/#how-do-you-respond-to-a-new-york-deportation-order\" >\u00bfC\u00f3mo responder a una orden de expulsi\u00f3n New York?<\/a><\/li><li class='ez-toc-page-1 ez-toc-heading-level-3'><a class=\"ez-toc-link ez-toc-heading-6\" href=\"https:\/\/ppid.com\/es\/long-island-deportation-defense-lawyer\/#is-it-hard-to-overturn-a-deportation-order-in-new-york\" >\u00bfEs dif\u00edcil anular una orden de expulsi\u00f3n en New York?<\/a><\/li><li class='ez-toc-page-1 ez-toc-heading-level-3'><a class=\"ez-toc-link ez-toc-heading-7\" href=\"https:\/\/ppid.com\/es\/long-island-deportation-defense-lawyer\/#can-i-get-a-new-york-deportation-defense-lawyer-for-free\" >\u00bfPuedo conseguir un abogado defensor de la deportaci\u00f3n New York gratis?<\/a><\/li><li class='ez-toc-page-1 ez-toc-heading-level-3'><a class=\"ez-toc-link ez-toc-heading-8\" href=\"https:\/\/ppid.com\/es\/long-island-deportation-defense-lawyer\/#how-long-does-it-take-to-defend-a-deportation-case-in-new-york\" >\u00bfCu\u00e1nto tiempo se tarda en defender un caso de deportaci\u00f3n en New York?<\/a><\/li><\/ul><\/li><li class='ez-toc-page-1 ez-toc-heading-level-2'><a class=\"ez-toc-link ez-toc-heading-9\" href=\"https:\/\/ppid.com\/es\/long-island-deportation-defense-lawyer\/#contact-long-island-deportation-defense-lawyer\" >Contacto Long Island Abogado de Defensa de Deportaci\u00f3n<\/a><\/li><\/ul><\/nav><\/div>\n<h2><span class=\"ez-toc-section\" id=\"long-island-deportation-defense-attorney\"><\/span>Long Island Abogado de Defensa de Deportaci\u00f3n<span class=\"ez-toc-section-end\"><\/span><\/h2>\n<p>Long Island es un lugar \u00fanico con una rica historia de inmigrantes. Sin embargo, a pesar de sus significativas contribuciones, los inmigrantes se enfrentan a dificultades legales, la m\u00e1s grave, las \u00f3rdenes de deportaci\u00f3n. Si usted o un ser querido ha recibido una orden de deportaci\u00f3n, <strong>un abogado defensor de la deportaci\u00f3n Long Island<\/strong> de <a href=\"https:\/\/ppid.com\/es\/firm\/\">Pollack, Pollack, Isaac y DeCicco<\/a> puede ayudarle a defenderse.<\/p>\n<p>Con la ayuda de Pollack, Pollack, Isaac &amp; DeCicco, usted puede obtener el apoyo y la confianza que su caso necesita. Entendemos que las leyes de inmigraci\u00f3n son complejas y el proceso de inmigraci\u00f3n es a menudo injusto. Trabajar con un <a href=\"https:\/\/ppid.com\/es\/attorney\/\">Abogado PPID<\/a> significa que tiene el conocimiento, la experiencia y las credenciales que su caso merece para mantenerlo en los Estados Unidos. Sabemos que las circunstancias que lo trajeron aqu\u00ed son \u00fanicas, y esas razones merecen una defensa \u00fanica.<\/p>\n<h2><span class=\"ez-toc-section\" id=\"understanding-deportation\"><\/span>Entender la deportaci\u00f3n<span class=\"ez-toc-section-end\"><\/span><\/h2>\n<p>La deportaci\u00f3n o expulsi\u00f3n es un proceso legal por el que se ordena a una persona que abandone los Estados Unidos debido a <a href=\"https:\/\/ppid.com\/es\/long-island-immigration-lawyer\/\">infracciones de la ley de inmigraci\u00f3n<\/a>. Es posible defender tales violaciones con una vigorosa defensa legal, dise\u00f1ada para poner fin o retrasar la deportaci\u00f3n de una persona de los Estados Unidos. Las consecuencias de la deportaci\u00f3n pueden ser de gran alcance y devastadoras - incluyendo la p\u00e9rdida de un trabajo, la separaci\u00f3n de los miembros de la familia, y la expulsi\u00f3n forzosa de los EE.UU..<\/p>\n<p><strong>Las personas pueden ser deportadas por varios motivos, entre ellos:<\/strong><\/p>\n<ul>\n<li>Exceder el plazo de validez del visado<\/li>\n<li>Tener determinadas condenas penales<\/li>\n<li>Ser acusado de falsedad o fraude en documentos de inmigraci\u00f3n<\/li>\n<li>Entrada ilegal en el pa\u00eds<\/li>\n<li>Incumplimiento de \u00f3rdenes judiciales de inmigraci\u00f3n<\/li>\n<li>Preocupaciones relacionadas con la carga p\u00fablica<\/li>\n<\/ul>\n<p>Estas circunstancias, y otras que no son tan f\u00e1ciles de identificar, pueden acarrear diversos retos, complicaciones e incertidumbres. Enfrentarse a la expulsi\u00f3n en <a href=\"https:\/\/en.wikipedia.org\/wiki\/Long_Island\" target=\"_blank\" rel=\"noopener\">Long Island<\/a> puede ser abrumadora, sobre todo cuando usted no ten\u00eda intenci\u00f3n de infringir la ley. A menudo puede sentirse como si el peso del gobierno estuviera en su contra. Navegar estas complejidades es m\u00e1s f\u00e1cil cuando se tiene el conocimiento y la experiencia de un abogado de defensa de deportaci\u00f3n a su lado.<\/p>\n<h2><span class=\"ez-toc-section\" id=\"the-deportation-defense-process-in-long-island-new-york\"><\/span>El proceso de defensa contra la deportaci\u00f3n en Long Island, New York<span class=\"ez-toc-section-end\"><\/span><\/h2>\n<p>Los procedimientos de deportaci\u00f3n son muy complejos y se rigen por una legislaci\u00f3n complicada y en constante evoluci\u00f3n. Sin embargo, con las estrategias jur\u00eddicas adecuadas, las personas que se enfrentan a la deportaci\u00f3n pueden defender su derecho a permanecer en el pa\u00eds. <strong>Aunque cada caso de deportaci\u00f3n es diferente, por lo general presenta la siguiente estructura:<\/strong><\/p>\n<ul>\n<li><strong>Comprender su caso.<\/strong> Para defenderse contra una orden de deportaci\u00f3n, es fundamental investigar los detalles de su caso y entender por qu\u00e9 se enfrenta a la deportaci\u00f3n. Basado en una evaluaci\u00f3n inicial de su caso, un abogado defensor de deportaci\u00f3n puede ayudarle a explorar posibles estrategias de defensa.<\/li>\n<li><strong>Asistir a las vistas de los tribunales de inmigraci\u00f3n.<\/strong> Es fundamental que asista a todas las audiencias del tribunal de inmigraci\u00f3n, ya que no asistir puede conducir a una deportaci\u00f3n autom\u00e1tica. Durante sus audiencias en el tribunal de inmigraci\u00f3n, se deben presentar argumentos y pruebas clave. Un abogado experto en defensa contra la deportaci\u00f3n puede ayudarle a elaborar una estrategia de defensa y puede presentar su caso en su nombre, asegurando que sus derechos est\u00e9n protegidos y que su caso est\u00e9 fuertemente representado.<\/li>\n<li><strong>Navegar por los recursos.<\/strong> Si la decisi\u00f3n sobre su caso de deportaci\u00f3n es desfavorable, puede optar por presentar una apelaci\u00f3n ante la Junta de Apelaciones de Inmigraci\u00f3n. Si es necesario, su caso puede incluso ser llevado hasta un tribunal federal de circuito.<\/li>\n<li><strong>Solicitud de exenci\u00f3n.<\/strong> Las personas que se enfrentan a la deportaci\u00f3n tienen varias opciones para solicitar ayuda, como pedir asilo, solicitar la cancelaci\u00f3n o retenci\u00f3n de la expulsi\u00f3n y solicitar un ajuste de estatus. Un abogado puede ayudarle a entender sus opciones y a presentar las solicitudes correctas con las pruebas necesarias.<\/li>\n<li><strong>Audiencias sobre bonos.<\/strong> Si ha sido detenido por el Servicio de Inmigraci\u00f3n y Control de Aduanas, puede solicitar una audiencia de fianza. Durante esta audiencia, puede solicitar su puesta en libertad mientras se tramita su proceso de expulsi\u00f3n. Tendr\u00e1 que demostrar al juez que no existe riesgo de fuga y que no es una amenaza directa para la comunidad.<\/li>\n<\/ul>\n<p>Un abogado con experiencia en defensa de deportaci\u00f3n puede ayudarle a desarrollar una defensa fuerte y navegar eficientemente los procedimientos de su caso. Un abogado con experiencia en PPID est\u00e1 ansioso por representarlo y proteger sus derechos hoy.<\/p>\n<h2><span class=\"ez-toc-section\" id=\"faqs\"><\/span>Preguntas frecuentes<span class=\"ez-toc-section-end\"><\/span><\/h2>\n<div class=\"accsec-ritcnt accordion\">\n<div class=\"accordion-section\">\n<h3><span class=\"ez-toc-section\" id=\"how-do-you-respond-to-a-new-york-deportation-order\"><\/span><a class=\"accordion-section-title active\" href=\"#accordion-1\">\u00bfC\u00f3mo responder a una orden de expulsi\u00f3n New York?<\/a><span class=\"ez-toc-section-end\"><\/span><\/h3>\n<div id=\"accordion-1\" class=\"accordion-section-content open\" style=\"display: block;\">\n<p>Si ha recibido una orden de expulsi\u00f3n en el estado New York, primero debe consultar con un abogado experto en inmigraci\u00f3n. Ellos pueden ayudarle a explorar varias opciones, como presentar un recurso ante la Junta de Apelaciones de Inmigraci\u00f3n para solicitar la suspensi\u00f3n de la expulsi\u00f3n, la cancelaci\u00f3n de la expulsi\u00f3n o la solicitud de asilo. En estos casos, es fundamental actuar con rapidez, ya que los plazos son cortos y estrictos.<\/p>\n<\/div>\n<\/div>\n<div class=\"accordion-section\">\n<h3><span class=\"ez-toc-section\" id=\"is-it-hard-to-overturn-a-deportation-order-in-new-york\"><\/span><a class=\"accordion-section-title\" href=\"#accordion-2\">\u00bfEs dif\u00edcil anular una orden de expulsi\u00f3n en New York?<\/a><span class=\"ez-toc-section-end\"><\/span><\/h3>\n<div id=\"accordion-2\" class=\"accordion-section-content\" style=\"display: none;\">\n<p>Aunque puede ser dif\u00edcil anular una orden de deportaci\u00f3n en el New York, es posible. Sus posibilidades de ganar su caso dependen de varios factores, incluyendo su estrategia de defensa, las pruebas y los testigos presentados, la raz\u00f3n por la que est\u00e1 siendo deportado, y sus antecedentes penales. Las razones comunes que ayudaron a anular con \u00e9xito las \u00f3rdenes de deportaci\u00f3n incluyen nuevas pruebas, cambios en una situaci\u00f3n personal y errores legales durante los procedimientos originales.<\/p>\n<\/div>\n<\/div>\n<div class=\"accordion-section\">\n<h3><span class=\"ez-toc-section\" id=\"can-i-get-a-new-york-deportation-defense-lawyer-for-free\"><\/span><a class=\"accordion-section-title\" href=\"#accordion-3\">\u00bfPuedo conseguir un abogado defensor de la deportaci\u00f3n New York gratis?<\/a><span class=\"ez-toc-section-end\"><\/span><\/h3>\n<div id=\"accordion-3\" class=\"accordion-section-content\" style=\"display: none;\">\n<p>Aunque las personas que se enfrentan a la deportaci\u00f3n en los Estados Unidos no tienen derecho a recibir representaci\u00f3n legal gratuita, hay ciertas organizaciones sin fines de lucro y servicios de asistencia jur\u00eddica en el estado de New York que pueden ser capaces de proporcionar servicios legales con descuento a aquellos que cumplan con los requisitos. Las finanzas, sin embargo, no deben limitar su capacidad de tener la representaci\u00f3n que se merece.<\/p>\n<\/div>\n<\/div>\n<div class=\"accordion-section\">\n<h3><span class=\"ez-toc-section\" id=\"how-long-does-it-take-to-defend-a-deportation-case-in-new-york\"><\/span><a class=\"accordion-section-title\" href=\"#accordion-4\">\u00bfCu\u00e1nto tiempo se tarda en defender un caso de deportaci\u00f3n en New York?<\/a><span class=\"ez-toc-section-end\"><\/span><\/h3>\n<div id=\"accordion-4\" class=\"accordion-section-content\" style=\"display: none;\">\n<p>La cantidad de tiempo que puede tomar para defender un caso de deportaci\u00f3n en New York depende de varios factores, incluyendo la estrategia de defensa o el tipo de alivio que se solicita, la carga de trabajo de la corte, y la complejidad del caso. Compartir los detalles de su caso con un abogado de inmigraci\u00f3n con experiencia puede identificar mejor el tiempo potencial que su caso puede tomar.<\/p>\n<\/div>\n<\/div>\n<\/div>\n<h2><span class=\"ez-toc-section\" id=\"contact-long-island-deportation-defense-lawyer\"><\/span>Contacto Long Island Abogado de Defensa de Deportaci\u00f3n<span class=\"ez-toc-section-end\"><\/span><\/h2>\n<p>Si usted o un ser querido se enfrentan a la deportaci\u00f3n en Long Island, un abogado experto y con experiencia en defensa de la deportaci\u00f3n PPID est\u00e1 aqu\u00ed para apoyarle. Entendemos el camino dif\u00edcil por delante agravado con sentimientos de incertidumbre que lo acompa\u00f1an. Tanto si se enfrenta a un visado caducado, como si busca asilo o es un delincuente convicto, no tiene que luchar solo. <a href=\"https:\/\/ppid.com\/es\/contact\/\">P\u00f3ngase en contacto con nosotros<\/a> y obtenga la ayuda que usted y su familia merecen.<\/p>","protected":false},"excerpt":{"rendered":"<p>Long Island Deportation Defense Attorney Long Island is a unique place with a rich immigrant history. Despite their meaningful contributions, however, immigrants face legal hardships, most seriously, deportation orders. If you or a loved one has received a deportation order, a Long Island deportation defense lawyer from Pollack, Pollack, Isaac and DeCicco can help you &hellip; <\/p>\n<p class=\"link-more\"><a href=\"https:\/\/ppid.com\/es\/long-island-deportation-defense-lawyer\/\" class=\"more-link\">Seguir leyendo<span class=\"screen-reader-text\"> &#8220;Long Island Deportation Defense Lawyer&#8221;<\/span><\/a><\/p>","protected":false},"author":1,"featured_media":0,"parent":0,"menu_order":0,"comment_status":"closed","ping_status":"closed","template":"","meta":{"_acf_changed":false,"footnotes":""},"class_list":["post-1553","page","type-page","status-publish","hentry","entry"],"acf":[],"yoast_head":"<!-- This site is optimized with the Yoast SEO Premium plugin v26.8 (Yoast SEO v26.8) - https:\/\/yoast.com\/product\/yoast-seo-premium-wordpress\/ -->\n<title>Long Island Deportation Defense Lawyer &amp; Law Firm<\/title>\n<meta name=\"description\" content=\"Facing deportation in Long Island? PPID\u2019s Long Island Deportation Defense Lawyer is here to defend your rights. Contact us today for support!\" \/>\n<meta name=\"robots\" content=\"index, follow, max-snippet:-1, max-image-preview:large, max-video-preview:-1\" \/>\n<link rel=\"canonical\" href=\"https:\/\/ppid.com\/es\/long-island-deportation-defense-lawyer\/\" \/>\n<meta property=\"og:locale\" content=\"es_MX\" \/>\n<meta property=\"og:type\" content=\"article\" \/>\n<meta property=\"og:title\" content=\"Long Island Deportation Defense Lawyer\" \/>\n<meta property=\"og:description\" content=\"Facing deportation in Long Island? PPID\u2019s Long Island Deportation Defense Lawyer is here to defend your rights. Contact us today for support!\" \/>\n<meta property=\"og:url\" content=\"https:\/\/ppid.com\/es\/long-island-deportation-defense-lawyer\/\" \/>\n<meta property=\"og:site_name\" content=\"Pollack, Pollack, Isaac &amp; DeCicco, LLP\" \/>\n<meta property=\"article:modified_time\" content=\"2025-09-15T05:44:15+00:00\" \/>\n<meta name=\"twitter:card\" content=\"summary_large_image\" \/>\n<meta name=\"twitter:label1\" content=\"Tiempo de lectura\" \/>\n\t<meta name=\"twitter:data1\" content=\"5 minutos\" \/>\n<!-- \/ Yoast SEO Premium plugin. -->","yoast_head_json":{"title":"Long Island Abogado de Defensa de Deportaci\u00f3n y Bufete de Abogados","description":"\u00bfSe enfrenta a la deportaci\u00f3n en Long Island? El abogado defensor de la deportaci\u00f3n de Long Island de PPID est\u00e1 aqu\u00ed para defender sus derechos. \u00a1P\u00f3ngase en contacto con nosotros hoy para obtener apoyo!","robots":{"index":"index","follow":"follow","max-snippet":"max-snippet:-1","max-image-preview":"max-image-preview:large","max-video-preview":"max-video-preview:-1"},"canonical":"https:\/\/ppid.com\/es\/long-island-deportation-defense-lawyer\/","og_locale":"es_MX","og_type":"article","og_title":"Long Island Deportation Defense Lawyer","og_description":"Facing deportation in Long Island? PPID\u2019s Long Island Deportation Defense Lawyer is here to defend your rights. Contact us today for support!","og_url":"https:\/\/ppid.com\/es\/long-island-deportation-defense-lawyer\/","og_site_name":"Pollack, Pollack, Isaac &amp; DeCicco, LLP","article_modified_time":"2025-09-15T05:44:15+00:00","twitter_card":"summary_large_image","twitter_misc":{"Tiempo de lectura":"5 minutos"},"schema":{"@context":"https:\/\/schema.org","@graph":[{"@type":"WebPage","@id":"https:\/\/ppid.com\/long-island-deportation-defense-lawyer\/","url":"https:\/\/ppid.com\/long-island-deportation-defense-lawyer\/","name":"Long Island Abogado de Defensa de Deportaci\u00f3n y Bufete de Abogados","isPartOf":{"@id":"https:\/\/ppid.com\/#website"},"datePublished":"2024-12-12T11:28:39+00:00","dateModified":"2025-09-15T05:44:15+00:00","description":"\u00bfSe enfrenta a la deportaci\u00f3n en Long Island? El abogado defensor de la deportaci\u00f3n de Long Island de PPID est\u00e1 aqu\u00ed para defender sus derechos. \u00a1P\u00f3ngase en contacto con nosotros hoy para obtener apoyo!","breadcrumb":{"@id":"https:\/\/ppid.com\/long-island-deportation-defense-lawyer\/#breadcrumb"},"inLanguage":"es","potentialAction":[{"@type":"ReadAction","target":["https:\/\/ppid.com\/long-island-deportation-defense-lawyer\/"]}]},{"@type":"BreadcrumbList","@id":"https:\/\/ppid.com\/long-island-deportation-defense-lawyer\/#breadcrumb","itemListElement":[{"@type":"ListItem","position":1,"name":"Home","item":"https:\/\/ppid.com\/"},{"@type":"ListItem","position":2,"name":"Long Island Deportation Defense Lawyer"}]},{"@type":"WebSite","@id":"https:\/\/ppid.com\/#website","url":"https:\/\/ppid.com\/","name":"Pollack, Pollack, Isaac &amp; DeCicco, LLP","description":"","potentialAction":[{"@type":"SearchAction","target":{"@type":"EntryPoint","urlTemplate":"https:\/\/ppid.com\/?s={search_term_string}"},"query-input":{"@type":"PropertyValueSpecification","valueRequired":true,"valueName":"search_term_string"}}],"inLanguage":"es"}]}},"_links":{"self":[{"href":"https:\/\/ppid.com\/es\/wp-json\/wp\/v2\/pages\/1553","targetHints":{"allow":["GET"]}}],"collection":[{"href":"https:\/\/ppid.com\/es\/wp-json\/wp\/v2\/pages"}],"about":[{"href":"https:\/\/ppid.com\/es\/wp-json\/wp\/v2\/types\/page"}],"author":[{"embeddable":true,"href":"https:\/\/ppid.com\/es\/wp-json\/wp\/v2\/users\/1"}],"replies":[{"embeddable":true,"href":"https:\/\/ppid.com\/es\/wp-json\/wp\/v2\/comments?post=1553"}],"version-history":[{"count":0,"href":"https:\/\/ppid.com\/es\/wp-json\/wp\/v2\/pages\/1553\/revisions"}],"wp:attachment":[{"href":"https:\/\/ppid.com\/es\/wp-json\/wp\/v2\/media?parent=1553"}],"curies":[{"name":"wp","href":"https:\/\/api.w.org\/{rel}","templated":true}]}}