{"id":1556,"date":"2024-12-12T12:13:46","date_gmt":"2024-12-12T12:13:46","guid":{"rendered":"https:\/\/ppidllp.wpenginepowered.com\/?page_id=1556"},"modified":"2025-12-16T10:01:41","modified_gmt":"2025-12-16T10:01:41","slug":"long-island-green-card-lawyer","status":"publish","type":"page","link":"https:\/\/ppid.com\/es\/long-island-green-card-lawyer\/","title":{"rendered":"Long Island Abogado de la Tarjeta Verde"},"content":{"rendered":"<div id=\"ez-toc-container\" class=\"ez-toc-v2_0_80 counter-hierarchy ez-toc-counter ez-toc-transparent ez-toc-container-direction\">\n<div class=\"ez-toc-title-container\">\n<p class=\"ez-toc-title ez-toc-toggle\" style=\"cursor:pointer\">\u00cdndice<\/p>\n<span class=\"ez-toc-title-toggle\"><a href=\"#\" class=\"ez-toc-pull-right ez-toc-btn ez-toc-btn-xs ez-toc-btn-default ez-toc-toggle\" aria-label=\"Toggle Table of Content\"><span class=\"ez-toc-js-icon-con\"><span class=\"\"><span class=\"eztoc-hide\" style=\"display:none;\">Toggle<\/span><span class=\"ez-toc-icon-toggle-span\"><svg style=\"fill: #999;color:#999\" xmlns=\"http:\/\/www.w3.org\/2000\/svg\" class=\"list-377408\" width=\"20px\" height=\"20px\" viewbox=\"0 0 24 24\" fill=\"none\"><path d=\"M6 6H4v2h2V6zm14 0H8v2h12V6zM4 11h2v2H4v-2zm16 0H8v2h12v-2zM4 16h2v2H4v-2zm16 0H8v2h12v-2z\" fill=\"currentColor\"><\/path><\/svg><svg style=\"fill: #999;color:#999\" class=\"arrow-unsorted-368013\" xmlns=\"http:\/\/www.w3.org\/2000\/svg\" width=\"10px\" height=\"10px\" viewbox=\"0 0 24 24\" version=\"1.2\" baseprofile=\"tiny\"><path d=\"M18.2 9.3l-6.2-6.3-6.2 6.3c-.2.2-.3.4-.3.7s.1.5.3.7c.2.2.4.3.7.3h11c.3 0 .5-.1.7-.3.2-.2.3-.5.3-.7s-.1-.5-.3-.7zM5.8 14.7l6.2 6.3 6.2-6.3c.2-.2.3-.5.3-.7s-.1-.5-.3-.7c-.2-.2-.4-.3-.7-.3h-11c-.3 0-.5.1-.7.3-.2.2-.3.5-.3.7s.1.5.3.7z\"\/><\/svg><\/span><\/span><\/span><\/a><\/span><\/div>\n<nav><ul class='ez-toc-list ez-toc-list-level-1 eztoc-toggle-hide-by-default' ><li class='ez-toc-page-1 ez-toc-heading-level-2'><a class=\"ez-toc-link ez-toc-heading-1\" href=\"https:\/\/ppid.com\/es\/long-island-green-card-lawyer\/#long-island-green-card-attorney\" >Long Island Abogado de la Tarjeta Verde<\/a><\/li><li class='ez-toc-page-1 ez-toc-heading-level-2'><a class=\"ez-toc-link ez-toc-heading-2\" href=\"https:\/\/ppid.com\/es\/long-island-green-card-lawyer\/#common-green-card-challenges\" >Desaf\u00edos comunes de la tarjeta verde<\/a><\/li><li class='ez-toc-page-1 ez-toc-heading-level-2'><a class=\"ez-toc-link ez-toc-heading-3\" href=\"https:\/\/ppid.com\/es\/long-island-green-card-lawyer\/#notifications-from-the-united-states-citizenship-and-immigration-services\" >Notificaciones del Servicio de Ciudadan\u00eda e Inmigraci\u00f3n de los Estados Unidos<\/a><\/li><li class='ez-toc-page-1 ez-toc-heading-level-2'><a class=\"ez-toc-link ez-toc-heading-4\" href=\"https:\/\/ppid.com\/es\/long-island-green-card-lawyer\/#complicated-criminal-or-immigration-history\" >Antecedentes penales o de inmigraci\u00f3n complicados<\/a><\/li><li class='ez-toc-page-1 ez-toc-heading-level-2'><a class=\"ez-toc-link ez-toc-heading-5\" href=\"https:\/\/ppid.com\/es\/long-island-green-card-lawyer\/#long-wait-times\" >Largos tiempos de espera<\/a><\/li><li class='ez-toc-page-1 ez-toc-heading-level-2'><a class=\"ez-toc-link ez-toc-heading-6\" href=\"https:\/\/ppid.com\/es\/long-island-green-card-lawyer\/#restrictions-on-travel\" >Restricciones de viaje<\/a><\/li><li class='ez-toc-page-1 ez-toc-heading-level-2'><a class=\"ez-toc-link ez-toc-heading-7\" href=\"https:\/\/ppid.com\/es\/long-island-green-card-lawyer\/#green-card-renewal\" >Renovaci\u00f3n de la tarjeta verde<\/a><\/li><li class='ez-toc-page-1 ez-toc-heading-level-2'><a class=\"ez-toc-link ez-toc-heading-8\" href=\"https:\/\/ppid.com\/es\/long-island-green-card-lawyer\/#faqs\" >Preguntas frecuentes<\/a><ul class='ez-toc-list-level-3' ><li class='ez-toc-heading-level-3'><a class=\"ez-toc-link ez-toc-heading-9\" href=\"https:\/\/ppid.com\/es\/long-island-green-card-lawyer\/#q-do-i-need-to-attend-an-interview-for-my-green-card-application\" >P: \u00bfTengo que asistir a una entrevista para solicitar mi tarjeta de residencia?<\/a><\/li><li class='ez-toc-page-1 ez-toc-heading-level-3'><a class=\"ez-toc-link ez-toc-heading-10\" href=\"https:\/\/ppid.com\/es\/long-island-green-card-lawyer\/#q-how-long-is-a-green-card-valid-and-when-do-i-need-to-renew-it\" >P: \u00bfCu\u00e1nto tiempo es v\u00e1lida una tarjeta verde y cu\u00e1ndo debo renovarla?<\/a><\/li><li class='ez-toc-page-1 ez-toc-heading-level-3'><a class=\"ez-toc-link ez-toc-heading-11\" href=\"https:\/\/ppid.com\/es\/long-island-green-card-lawyer\/#q-can-i-travel-outside-the-us-while-my-green-card-application-is-pending\" >P: \u00bfPuedo viajar fuera de los Estados Unidos mientras mi solicitud de tarjeta verde est\u00e1 pendiente?<\/a><\/li><li class='ez-toc-page-1 ez-toc-heading-level-3'><a class=\"ez-toc-link ez-toc-heading-12\" href=\"https:\/\/ppid.com\/es\/long-island-green-card-lawyer\/#q-what-is-conditional-residency-and-how-do-i-remove-conditions-on-my-green-card\" >P: \u00bfQu\u00e9 es la residencia condicional y c\u00f3mo puedo eliminar las condiciones de mi tarjeta de residencia?<\/a><\/li><li class='ez-toc-page-1 ez-toc-heading-level-3'><a class=\"ez-toc-link ez-toc-heading-13\" href=\"https:\/\/ppid.com\/es\/long-island-green-card-lawyer\/#q-what-are-the-financial-requirements-for-a-family-based-green-card\" >P: \u00bfCu\u00e1les son los requisitos financieros para obtener una tarjeta verde basada en la familia?<\/a><\/li><\/ul><\/li><li class='ez-toc-page-1 ez-toc-heading-level-2'><a class=\"ez-toc-link ez-toc-heading-14\" href=\"https:\/\/ppid.com\/es\/long-island-green-card-lawyer\/#unlock-new-opportunities-with-a-long-island-green-card-lawyer\" >Desbloquear nuevas oportunidades con un abogado de la tarjeta verde Long Island<\/a><\/li><\/ul><\/nav><\/div>\n<h2><span class=\"ez-toc-section\" id=\"long-island-green-card-attorney\"><\/span>Long Island Abogado de la Tarjeta Verde<span class=\"ez-toc-section-end\"><\/span><\/h2>\n<p>La residencia permanente legal conlleva una gran cantidad de beneficios, entre ellos la posibilidad de vivir y trabajar de forma permanente en los Estados Unidos. Muchas personas que desean obtener la tarjeta verde o el estatus de residente permanente legal pueden tener dificultades para comprender en qu\u00e9 categor\u00edas de tarjetas verdes pueden optar y c\u00f3mo completar con \u00e9xito el proceso de solicitud. Un abogado especializado en tarjetas verdes de Long Island puede ayudarles a llevar a cabo el proceso de solicitud.<\/p>\n<p>El equipo especializado en inmigraci\u00f3n de Pollack, Pollack, Isaac &amp; DeCicco, LLP cuenta con una trayectoria demostrada de d\u00e9cadas defendiendo los derechos de los inmigrantes en Long Island y sus alrededores, especialmente en asuntos relacionados con la residencia permanente. Un abogado especializado en tarjetas de residencia PPID de Long Island puede proporcionarle orientaci\u00f3n crucial tanto si no est\u00e1 seguro de si re\u00fane los requisitos para una determinada categor\u00eda de tarjeta de residencia como si ha tenido dificultades durante el proceso de solicitud.<\/p>\n<p><img decoding=\"async\" class=\"aligncenter\" src=\"https:\/\/ppid.com\/wp-content\/uploads\/2024\/12\/new-york-city-green-card-lawyer.webp\" \/><\/p>\n<h2><span class=\"ez-toc-section\" id=\"common-green-card-challenges\"><\/span>Desaf\u00edos comunes de la tarjeta verde<span class=\"ez-toc-section-end\"><\/span><\/h2>\n<p>Navegar por el proceso de solicitud de la tarjeta verde puede implicar diversos retos legales, lo que puede llevar a los solicitantes a sentirse desanimados y abrumados. Un abogado con experiencia en tarjetas verdes puede ayudar a abordar estas cuestiones mediante la implementaci\u00f3n de estrategias legales personalizadas para luchar por el \u00e9xito de la solicitud.<\/p>\n<h2><span class=\"ez-toc-section\" id=\"notifications-from-the-united-states-citizenship-and-immigration-services\"><\/span>Notificaciones del Servicio de Ciudadan\u00eda e Inmigraci\u00f3n de los Estados Unidos<span class=\"ez-toc-section-end\"><\/span><\/h2>\n<p>Si el Servicio de Ciudadan\u00eda e Inmigraci\u00f3n de los Estados Unidos (USCIS) considera que no hay pruebas sustanciales que respalden las afirmaciones de su solicitud, puede emitir una Solicitud de Pruebas (RFE). Adem\u00e1s, si hay problemas con su solicitud, puede emitir una Notificaci\u00f3n de Intenci\u00f3n de Denegaci\u00f3n (NOID).<\/p>\n<p>Un abogado de la tarjeta verde puede ayudarle a navegar RFEs o NOIDs y trabajar para evitar denegaciones dando respuestas precisas y r\u00e1pidas.<\/p>\n<h2><span class=\"ez-toc-section\" id=\"complicated-criminal-or-immigration-history\"><\/span>Antecedentes penales o de inmigraci\u00f3n complicados<span class=\"ez-toc-section-end\"><\/span><\/h2>\n<p>Las personas a las que se les ha denegado anteriormente la tarjeta de residencia o han sido acusadas de cometer delitos o infracciones de inmigraci\u00f3n suelen tener solicitudes m\u00e1s complicadas. Un abogado con experiencia en la tramitaci\u00f3n de solicitudes de permiso de residencia puede ayudarle a resolver estos problemas presentando argumentos jur\u00eddicos s\u00f3lidos y pruebas de apoyo.<\/p>\n<h2><span class=\"ez-toc-section\" id=\"long-wait-times\"><\/span>Largos tiempos de espera<span class=\"ez-toc-section-end\"><\/span><\/h2>\n<p>Los tiempos de espera a veces pueden durar a\u00f1os para ciertos tipos de categor\u00edas de tarjetas de residencia, incluidas las basadas en el empleo y las basadas en la familia, debido a los l\u00edmites en el n\u00famero de tarjetas de residencia que se pueden conceder. Un abogado puede ayudarle a explorar opciones para permanecer en EE.UU. mientras espera la aprobaci\u00f3n de su solicitud de permiso de residencia.<\/p>\n<h2><span class=\"ez-toc-section\" id=\"restrictions-on-travel\"><\/span>Restricciones de viaje<span class=\"ez-toc-section-end\"><\/span><\/h2>\n<p>Pueden surgir complicaciones cuando las personas viajan mientras se est\u00e1 tramitando su solicitud de permiso de residencia. Un abogado experto puede ayudarle a obtener la libertad condicional anticipada. Este documento de viaje permite a las personas salir y volver al pa\u00eds sin que su solicitud se vea comprometida.<\/p>\n<h2><span class=\"ez-toc-section\" id=\"green-card-renewal\"><\/span>Renovaci\u00f3n de la tarjeta verde<span class=\"ez-toc-section-end\"><\/span><\/h2>\n<p>Las personas suelen enfrentarse a problemas relacionados con la renovaci\u00f3n de su tarjeta de residencia, como por ejemplo, si han adquirido antecedentes penales desde la \u00faltima vez que obtuvieron su tarjeta de residencia. Un abogado con experiencia puede ayudarle a manejar estas situaciones, asegur\u00e1ndose de que conozca los plazos y requisitos cr\u00edticos para la renovaci\u00f3n de la tarjeta de residencia.<\/p>\n<h2><span class=\"ez-toc-section\" id=\"faqs\"><\/span>Preguntas frecuentes<span class=\"ez-toc-section-end\"><\/span><\/h2>\n<div class=\"accsec-ritcnt accordion\">\n<div class=\"accordion-section\">\n<h3><span class=\"ez-toc-section\" id=\"q-do-i-need-to-attend-an-interview-for-my-green-card-application\"><\/span><a class=\"accordion-section-title active\" href=\"#accordion-1\">P: \u00bfTengo que asistir a una entrevista para solicitar mi tarjeta de residencia?<\/a><span class=\"ez-toc-section-end\"><\/span><\/h3>\n<div id=\"accordion-1\" class=\"accordion-section-content open\" style=\"display: block;\">\n<p><strong>A:<\/strong> Es probable que tengas que asistir a una entrevista para solicitar la tarjeta verde, ya que la mayor\u00eda de los solicitantes deben hacerlo. Las categor\u00edas espec\u00edficas que suelen requerir una entrevista incluyen las tarjetas verdes por motivos familiares. Un abogado especializado puede informarte si la entrevista forma parte del proceso de solicitud y ayudarte a prepararte adecuadamente.<\/p>\n<\/div>\n<\/div>\n<div class=\"accordion-section\">\n<h3><span class=\"ez-toc-section\" id=\"q-how-long-is-a-green-card-valid-and-when-do-i-need-to-renew-it\"><\/span><a class=\"accordion-section-title\" href=\"#accordion-2\">P: \u00bfCu\u00e1nto tiempo es v\u00e1lida una tarjeta verde y cu\u00e1ndo debo renovarla?<\/a><span class=\"ez-toc-section-end\"><\/span><\/h3>\n<div id=\"accordion-2\" class=\"accordion-section-content\" style=\"display: none;\">\n<p><strong>A:<\/strong> La tarjeta verde suele ser v\u00e1lida durante un periodo de <a href=\"https:\/\/www.uscis.gov\/sites\/default\/files\/document\/guides\/B2en.pdf\">10 a\u00f1os<\/a>, y se recomienda iniciar el proceso de renovaci\u00f3n mucho antes de que caduque para evitar cualquier problema legal o laboral. Por otro lado, las tarjetas de residencia condicionales solo se expiden para <a href=\"https:\/\/www.uscis.gov\/green-card\/after-we-grant-your-green-card\/conditional-permanent-residence\">dos a\u00f1os<\/a> y necesitan ser convertidos a otro tipo de tarjeta verde dentro de los 90 d\u00edas de su vencimiento. Un abogado PPID puede ayudarle con el proceso de renovaci\u00f3n o eliminaci\u00f3n de las condiciones de la tarjeta verde.<\/p>\n<\/div>\n<\/div>\n<div class=\"accordion-section\">\n<h3><span class=\"ez-toc-section\" id=\"q-can-i-travel-outside-the-us-while-my-green-card-application-is-pending\"><\/span><a class=\"accordion-section-title\" href=\"#accordion-3\">P: \u00bfPuedo viajar fuera de los Estados Unidos mientras mi solicitud de tarjeta verde est\u00e1 pendiente?<\/a><span class=\"ez-toc-section-end\"><\/span><\/h3>\n<div id=\"accordion-3\" class=\"accordion-section-content\" style=\"display: none;\">\n<p><strong>A:<\/strong> Es posible que pueda viajar fuera de Estados Unidos con un permiso de residencia condicional (advance parole) mientras su solicitud de permiso de residencia estadounidense est\u00e1 pendiente. Se trata de un documento de viaje espec\u00edfico que permite a las personas con solicitudes de permiso de residencia pendientes volver a entrar en Estados Unidos. Viajar sin este documento puede conducir a la denegaci\u00f3n de la solicitud, por lo que es crucial trabajar con un abogado experto si est\u00e1 pensando en salir del pa\u00eds mientras su solicitud est\u00e1 pendiente.<\/p>\n<\/div>\n<\/div>\n<div class=\"accordion-section\">\n<h3><span class=\"ez-toc-section\" id=\"q-what-is-conditional-residency-and-how-do-i-remove-conditions-on-my-green-card\"><\/span><a class=\"accordion-section-title\" href=\"#accordion-4\">P: \u00bfQu\u00e9 es la residencia condicional y c\u00f3mo puedo eliminar las condiciones de mi tarjeta de residencia?<\/a><span class=\"ez-toc-section-end\"><\/span><\/h3>\n<div id=\"accordion-4\" class=\"accordion-section-content\" style=\"display: none;\">\n<p><strong>A:<\/strong> La residencia suele concederse a las personas que han obtenido la tarjeta verde a trav\u00e9s de un matrimonio consumado menos de dos a\u00f1os antes. Las personas con residencia condicional tendr\u00e1n que presentar una petici\u00f3n en un plazo determinado antes de la expiraci\u00f3n y demostrar que se han cumplido todos los requisitos para obtener la eliminaci\u00f3n de estas condiciones y convertirse en residentes permanentes. Un abogado experto puede ayudarle con el proceso de eliminaci\u00f3n de condiciones.<\/p>\n<\/div>\n<\/div>\n<div class=\"accordion-section\">\n<h3><span class=\"ez-toc-section\" id=\"q-what-are-the-financial-requirements-for-a-family-based-green-card\"><\/span><a class=\"accordion-section-title\" href=\"#accordion-5\">P: \u00bfCu\u00e1les son los requisitos financieros para obtener una tarjeta verde basada en la familia?<\/a><span class=\"ez-toc-section-end\"><\/span><\/h3>\n<div id=\"accordion-5\" class=\"accordion-section-content\" style=\"display: none;\">\n<p><strong>A:<\/strong> Para una tarjeta verde basada en la familia, se requiere que el patrocinador tenga una cierta cantidad de ingresos para demostrar que pueden apoyar financieramente al solicitante, independientemente de la cantidad de activos o capital que el solicitante pueda tener. Normalmente, es necesario presentar una declaraci\u00f3n jurada de apoyo junto con la solicitud para demostrar que se pueden cumplir los requisitos financieros. Un abogado con experiencia puede ayudarle a presentar los documentos correctos.<\/p>\n<\/div>\n<\/div>\n<\/div>\n<h2><span class=\"ez-toc-section\" id=\"unlock-new-opportunities-with-a-long-island-green-card-lawyer\"><\/span>Desbloquear nuevas oportunidades con un abogado de la tarjeta verde Long Island<span class=\"ez-toc-section-end\"><\/span><\/h2>\n<p>Tanto si est\u00e1 pensando en solicitar una tarjeta de residencia como si se encuentra con dificultades durante el proceso de solicitud, un abogado especializado en tarjetas de residencia Long Island puede proporcionarle un apoyo jur\u00eddico crucial. Un abogado con experiencia puede estar a su lado, desde ayudarle a comprender los distintos requisitos de su categor\u00eda de tarjeta de residencia hasta gestionar r\u00e1pidamente cualquier problema que pueda surgir con su solicitud. <a href=\"https:\/\/ppid.com\/es\/contact\/\">P\u00f3ngase en contacto con un abogado especializado en PPID<\/a> para discutir los detalles de su caso y elaborar un plan.<\/p>\n<p>Un abogado PPID puede ser la representaci\u00f3n legal eficaz que necesita para lograr el \u00e9xito en su caso de tarjeta verde.<\/p>\n<p><iframe loading=\"lazy\" style=\"border: 0px; --darkreader-inline-border-top: 0px; --darkreader-inline-border-right: 0px; --darkreader-inline-border-bottom: 0px; --darkreader-inline-border-left: 0px;\" src=\"https:\/\/www.google.com\/maps\/embed?pb=!1m18!1m12!1m3!1d192241.84138201142!2d-74.22560799609786!3d41.16117844501192!2m3!1f0!2f0!3f0!3m2!1i1024!2i768!4f13.1!3m3!1m2!1s0x89c2c9caf11a7127%3A0x1f98163a4a0f684e!2sRockland%20County%2C%20NY%2C%20USA!5e0!3m2!1sen!2sin!4v1750682077992!5m2!1sen!2sin\" width=\"100%\" height=\"300\" allowfullscreen=\"allowfullscreen\"><\/iframe><\/p>","protected":false},"excerpt":{"rendered":"<p>Long Island Green Card Attorney Lawful permanent residency comes with a myriad of benefits, including the ability to live and work permanently in the United States. Many individuals striving to become green card holders or people with lawful permanent resident status may struggle to understand which green card categories they may be eligible for and &hellip; <\/p>\n<p class=\"link-more\"><a href=\"https:\/\/ppid.com\/es\/long-island-green-card-lawyer\/\" class=\"more-link\">Seguir leyendo<span class=\"screen-reader-text\"> &#8220;Long Island Green Card Lawyer&#8221;<\/span><\/a><\/p>","protected":false},"author":1,"featured_media":0,"parent":0,"menu_order":0,"comment_status":"closed","ping_status":"closed","template":"","meta":{"_acf_changed":false,"footnotes":""},"class_list":["post-1556","page","type-page","status-publish","hentry","entry"],"acf":[],"yoast_head":"<!-- This site is optimized with the Yoast SEO Premium plugin v26.8 (Yoast SEO v26.8) - https:\/\/yoast.com\/product\/yoast-seo-premium-wordpress\/ -->\n<title>Long Island Green Card Lawyer - Free Consultation<\/title>\n<meta name=\"description\" content=\"Need a Long Island Green Card Lawyer? PPID offers expert legal guidance to help you navigate the green card process. Contact us today!\" \/>\n<meta name=\"robots\" content=\"index, follow, max-snippet:-1, max-image-preview:large, max-video-preview:-1\" \/>\n<link rel=\"canonical\" href=\"https:\/\/ppid.com\/es\/long-island-green-card-lawyer\/\" \/>\n<meta property=\"og:locale\" content=\"es_MX\" \/>\n<meta property=\"og:type\" content=\"article\" \/>\n<meta property=\"og:title\" content=\"Long Island Green Card Lawyer\" \/>\n<meta property=\"og:description\" content=\"Need a Long Island Green Card Lawyer? PPID offers expert legal guidance to help you navigate the green card process. Contact us today!\" \/>\n<meta property=\"og:url\" content=\"https:\/\/ppid.com\/es\/long-island-green-card-lawyer\/\" \/>\n<meta property=\"og:site_name\" content=\"Pollack, Pollack, Isaac &amp; DeCicco, LLP\" \/>\n<meta property=\"article:modified_time\" content=\"2025-12-16T10:01:41+00:00\" \/>\n<meta property=\"og:image\" content=\"https:\/\/ppid.com\/wp-content\/uploads\/2024\/12\/new-york-city-green-card-lawyer.webp\" \/>\n<meta name=\"twitter:card\" content=\"summary_large_image\" \/>\n<meta name=\"twitter:label1\" content=\"Tiempo de lectura\" \/>\n\t<meta name=\"twitter:data1\" content=\"5 minutos\" \/>\n<!-- \/ Yoast SEO Premium plugin. -->","yoast_head_json":{"title":"Abogado especializado en tarjetas verdes Long Island: consulta gratuita","description":"\u00bfNecesita un abogado para la tarjeta verde Long Island? PPID ofrece orientaci\u00f3n jur\u00eddica de expertos para ayudarle a navegar el proceso de tarjeta verde. \u00a1Cont\u00e1ctenos hoy mismo!","robots":{"index":"index","follow":"follow","max-snippet":"max-snippet:-1","max-image-preview":"max-image-preview:large","max-video-preview":"max-video-preview:-1"},"canonical":"https:\/\/ppid.com\/es\/long-island-green-card-lawyer\/","og_locale":"es_MX","og_type":"article","og_title":"Long Island Green Card Lawyer","og_description":"Need a Long Island Green Card Lawyer? PPID offers expert legal guidance to help you navigate the green card process. Contact us today!","og_url":"https:\/\/ppid.com\/es\/long-island-green-card-lawyer\/","og_site_name":"Pollack, Pollack, Isaac &amp; DeCicco, LLP","article_modified_time":"2025-12-16T10:01:41+00:00","og_image":[{"url":"https:\/\/ppid.com\/wp-content\/uploads\/2024\/12\/new-york-city-green-card-lawyer.webp","type":"","width":"","height":""}],"twitter_card":"summary_large_image","twitter_misc":{"Tiempo de lectura":"5 minutos"},"schema":{"@context":"https:\/\/schema.org","@graph":[{"@type":"WebPage","@id":"https:\/\/ppid.com\/long-island-green-card-lawyer\/","url":"https:\/\/ppid.com\/long-island-green-card-lawyer\/","name":"Abogado especializado en tarjetas verdes Long Island: consulta gratuita","isPartOf":{"@id":"https:\/\/ppid.com\/#website"},"primaryImageOfPage":{"@id":"https:\/\/ppid.com\/long-island-green-card-lawyer\/#primaryimage"},"image":{"@id":"https:\/\/ppid.com\/long-island-green-card-lawyer\/#primaryimage"},"thumbnailUrl":"https:\/\/ppid.com\/wp-content\/uploads\/2024\/12\/new-york-city-green-card-lawyer.webp","datePublished":"2024-12-12T12:13:46+00:00","dateModified":"2025-12-16T10:01:41+00:00","description":"\u00bfNecesita un abogado para la tarjeta verde Long Island? PPID ofrece orientaci\u00f3n jur\u00eddica de expertos para ayudarle a navegar el proceso de tarjeta verde. \u00a1Cont\u00e1ctenos hoy mismo!","breadcrumb":{"@id":"https:\/\/ppid.com\/long-island-green-card-lawyer\/#breadcrumb"},"inLanguage":"es","potentialAction":[{"@type":"ReadAction","target":["https:\/\/ppid.com\/long-island-green-card-lawyer\/"]}]},{"@type":"ImageObject","inLanguage":"es","@id":"https:\/\/ppid.com\/long-island-green-card-lawyer\/#primaryimage","url":"https:\/\/ppid.com\/wp-content\/uploads\/2024\/12\/new-york-city-green-card-lawyer.webp","contentUrl":"https:\/\/ppid.com\/wp-content\/uploads\/2024\/12\/new-york-city-green-card-lawyer.webp"},{"@type":"BreadcrumbList","@id":"https:\/\/ppid.com\/long-island-green-card-lawyer\/#breadcrumb","itemListElement":[{"@type":"ListItem","position":1,"name":"Home","item":"https:\/\/ppid.com\/"},{"@type":"ListItem","position":2,"name":"Long Island Green Card Lawyer"}]},{"@type":"WebSite","@id":"https:\/\/ppid.com\/#website","url":"https:\/\/ppid.com\/","name":"Pollack, Pollack, Isaac &amp; DeCicco, LLP","description":"","potentialAction":[{"@type":"SearchAction","target":{"@type":"EntryPoint","urlTemplate":"https:\/\/ppid.com\/?s={search_term_string}"},"query-input":{"@type":"PropertyValueSpecification","valueRequired":true,"valueName":"search_term_string"}}],"inLanguage":"es"}]}},"_links":{"self":[{"href":"https:\/\/ppid.com\/es\/wp-json\/wp\/v2\/pages\/1556","targetHints":{"allow":["GET"]}}],"collection":[{"href":"https:\/\/ppid.com\/es\/wp-json\/wp\/v2\/pages"}],"about":[{"href":"https:\/\/ppid.com\/es\/wp-json\/wp\/v2\/types\/page"}],"author":[{"embeddable":true,"href":"https:\/\/ppid.com\/es\/wp-json\/wp\/v2\/users\/1"}],"replies":[{"embeddable":true,"href":"https:\/\/ppid.com\/es\/wp-json\/wp\/v2\/comments?post=1556"}],"version-history":[{"count":0,"href":"https:\/\/ppid.com\/es\/wp-json\/wp\/v2\/pages\/1556\/revisions"}],"wp:attachment":[{"href":"https:\/\/ppid.com\/es\/wp-json\/wp\/v2\/media?parent=1556"}],"curies":[{"name":"wp","href":"https:\/\/api.w.org\/{rel}","templated":true}]}}