{"id":1749,"date":"2024-12-16T11:02:34","date_gmt":"2024-12-16T11:02:34","guid":{"rendered":"https:\/\/ppidllp.wpenginepowered.com\/?page_id=1749"},"modified":"2025-12-16T10:04:56","modified_gmt":"2025-12-16T10:04:56","slug":"queens-green-card-lawyer","status":"publish","type":"page","link":"https:\/\/ppid.com\/es\/queens-green-card-lawyer\/","title":{"rendered":"Queens Abogado de la Tarjeta Verde"},"content":{"rendered":"<div id=\"ez-toc-container\" class=\"ez-toc-v2_0_80 counter-hierarchy ez-toc-counter ez-toc-transparent ez-toc-container-direction\">\n<div class=\"ez-toc-title-container\">\n<p class=\"ez-toc-title ez-toc-toggle\" style=\"cursor:pointer\">\u00cdndice<\/p>\n<span class=\"ez-toc-title-toggle\"><a href=\"#\" class=\"ez-toc-pull-right ez-toc-btn ez-toc-btn-xs ez-toc-btn-default ez-toc-toggle\" aria-label=\"Toggle Table of Content\"><span class=\"ez-toc-js-icon-con\"><span class=\"\"><span class=\"eztoc-hide\" style=\"display:none;\">Toggle<\/span><span class=\"ez-toc-icon-toggle-span\"><svg style=\"fill: #999;color:#999\" xmlns=\"http:\/\/www.w3.org\/2000\/svg\" class=\"list-377408\" width=\"20px\" height=\"20px\" viewbox=\"0 0 24 24\" fill=\"none\"><path d=\"M6 6H4v2h2V6zm14 0H8v2h12V6zM4 11h2v2H4v-2zm16 0H8v2h12v-2zM4 16h2v2H4v-2zm16 0H8v2h12v-2z\" fill=\"currentColor\"><\/path><\/svg><svg style=\"fill: #999;color:#999\" class=\"arrow-unsorted-368013\" xmlns=\"http:\/\/www.w3.org\/2000\/svg\" width=\"10px\" height=\"10px\" viewbox=\"0 0 24 24\" version=\"1.2\" baseprofile=\"tiny\"><path d=\"M18.2 9.3l-6.2-6.3-6.2 6.3c-.2.2-.3.4-.3.7s.1.5.3.7c.2.2.4.3.7.3h11c.3 0 .5-.1.7-.3.2-.2.3-.5.3-.7s-.1-.5-.3-.7zM5.8 14.7l6.2 6.3 6.2-6.3c.2-.2.3-.5.3-.7s-.1-.5-.3-.7c-.2-.2-.4-.3-.7-.3h-11c-.3 0-.5.1-.7.3-.2.2-.3.5-.3.7s.1.5.3.7z\"\/><\/svg><\/span><\/span><\/span><\/a><\/span><\/div>\n<nav><ul class='ez-toc-list ez-toc-list-level-1 eztoc-toggle-hide-by-default' ><li class='ez-toc-page-1 ez-toc-heading-level-2'><a class=\"ez-toc-link ez-toc-heading-1\" href=\"https:\/\/ppid.com\/es\/queens-green-card-lawyer\/#queens-green-card-attorney\" >Queens Abogado de la Tarjeta Verde<\/a><\/li><li class='ez-toc-page-1 ez-toc-heading-level-2'><a class=\"ez-toc-link ez-toc-heading-2\" href=\"https:\/\/ppid.com\/es\/queens-green-card-lawyer\/#navigating-the-green-card-application-process\" >Navegar por el proceso de solicitud de la tarjeta verde<\/a><\/li><li class='ez-toc-page-1 ez-toc-heading-level-2'><a class=\"ez-toc-link ez-toc-heading-3\" href=\"https:\/\/ppid.com\/es\/queens-green-card-lawyer\/#assessing-eligibility-and-gathering-documentation\" >Evaluaci\u00f3n de la admisibilidad y recopilaci\u00f3n de documentaci\u00f3n<\/a><\/li><li class='ez-toc-page-1 ez-toc-heading-level-2'><a class=\"ez-toc-link ez-toc-heading-4\" href=\"https:\/\/ppid.com\/es\/queens-green-card-lawyer\/#filing-petitions\" >Presentaci\u00f3n de peticiones<\/a><\/li><li class='ez-toc-page-1 ez-toc-heading-level-2'><a class=\"ez-toc-link ez-toc-heading-5\" href=\"https:\/\/ppid.com\/es\/queens-green-card-lawyer\/#consular-processing-or-adjustment-of-status\" >Tramitaci\u00f3n consular o ajuste de estatuto<\/a><\/li><li class='ez-toc-page-1 ez-toc-heading-level-2'><a class=\"ez-toc-link ez-toc-heading-6\" href=\"https:\/\/ppid.com\/es\/queens-green-card-lawyer\/#biometrics-appointment-and-interview\" >Cita y entrevista biom\u00e9tricas<\/a><\/li><li class='ez-toc-page-1 ez-toc-heading-level-2'><a class=\"ez-toc-link ez-toc-heading-7\" href=\"https:\/\/ppid.com\/es\/queens-green-card-lawyer\/#awaiting-the-decision\" >A la espera de la decisi\u00f3n<\/a><\/li><li class='ez-toc-page-1 ez-toc-heading-level-2'><a class=\"ez-toc-link ez-toc-heading-8\" href=\"https:\/\/ppid.com\/es\/queens-green-card-lawyer\/#faqs\" >Preguntas frecuentes<\/a><ul class='ez-toc-list-level-3' ><li class='ez-toc-heading-level-3'><a class=\"ez-toc-link ez-toc-heading-9\" href=\"https:\/\/ppid.com\/es\/queens-green-card-lawyer\/#q-what-is-the-adjustment-of-status-for-a-green-card\" >P: \u00bfQu\u00e9 es el ajuste de estatus para obtener una tarjeta verde?<\/a><\/li><li class='ez-toc-page-1 ez-toc-heading-level-3'><a class=\"ez-toc-link ez-toc-heading-10\" href=\"https:\/\/ppid.com\/es\/queens-green-card-lawyer\/#q-what-happens-if-my-green-card-application-is-denied\" >P: \u00bfQu\u00e9 sucede si rechazan mi solicitud de tarjeta verde?<\/a><\/li><li class='ez-toc-page-1 ez-toc-heading-level-3'><a class=\"ez-toc-link ez-toc-heading-11\" href=\"https:\/\/ppid.com\/es\/queens-green-card-lawyer\/#q-can-i-work-while-my-green-card-application-is-pending\" >P: \u00bfPuedo trabajar mientras mi solicitud de tarjeta verde est\u00e1 pendiente?<\/a><\/li><li class='ez-toc-page-1 ez-toc-heading-level-3'><a class=\"ez-toc-link ez-toc-heading-12\" href=\"https:\/\/ppid.com\/es\/queens-green-card-lawyer\/#q-how-can-a-lawyer-help-me-with-my-green-card-application\" >P: \u00bfC\u00f3mo puede ayudarme un abogado con mi solicitud de tarjeta de residencia?<\/a><\/li><li class='ez-toc-page-1 ez-toc-heading-level-3'><a class=\"ez-toc-link ez-toc-heading-13\" href=\"https:\/\/ppid.com\/es\/queens-green-card-lawyer\/#q-what-is-consular-processing-for-a-green-card-and-when-is-it-used\" >P: \u00bfQu\u00e9 es el tr\u00e1mite consular para obtener una tarjeta verde y cu\u00e1ndo se utiliza?<\/a><\/li><\/ul><\/li><li class='ez-toc-page-1 ez-toc-heading-level-2'><a class=\"ez-toc-link ez-toc-heading-14\" href=\"https:\/\/ppid.com\/es\/queens-green-card-lawyer\/#understand-and-pursue-your-green-card-options-with-an-experienced-immigration-lawyer\" >Entender y perseguir sus opciones de tarjeta verde con un abogado de inmigraci\u00f3n con experiencia<\/a><\/li><\/ul><\/nav><\/div>\n<h2><span class=\"ez-toc-section\" id=\"queens-green-card-attorney\"><\/span>Queens Abogado de la Tarjeta Verde<span class=\"ez-toc-section-end\"><\/span><\/h2>\n<p>Convertirse en residente permanente legal, o titular de una tarjeta verde, es un hito importante en el proceso de inmigraci\u00f3n de una persona a los Estados Unidos. La residencia permanente legal conlleva diversos beneficios y responsabilidades, ya que permite a las personas vivir y trabajar de forma permanente en el pa\u00eds, echando ra\u00edces para las generaciones venideras. Si se enfrenta a alguna incertidumbre o dificultad en su proceso para obtener la tarjeta verde, un abogado especializado en tarjetas verdes de Queens puede orientarle.<\/p>\n<p>El experimentado equipo legal de inmigraci\u00f3n de Pollack, Pollack, Isaac &amp; DeCicco, LLP cuenta con d\u00e9cadas de experiencia combinada ayudando a personas en Queens y sus alrededores a resolver problemas relacionados con la obtenci\u00f3n o renovaci\u00f3n de la tarjeta de residencia. Un abogado especializado en tarjetas de residencia de Queens puede ayudarle tanto si ha recibido una solicitud de pruebas del USCIS y no sabe c\u00f3mo responder, como si desea determinar si la tarjeta de residencia es la opci\u00f3n adecuada para usted.<\/p>\n<p><img loading=\"lazy\" decoding=\"async\" src=\"https:\/\/ppid.com\/wp-content\/uploads\/2024\/12\/queens-green-card-lawyer-1.webp\" alt=\"queens-green-card-lawyer\" width=\"1200\" height=\"600\" \/><\/p>\n<h2><span class=\"ez-toc-section\" id=\"navigating-the-green-card-application-process\"><\/span>Navegar por el proceso de solicitud de la tarjeta verde<span class=\"ez-toc-section-end\"><\/span><\/h2>\n<p>Solicitar una tarjeta de residencia puede ser emocionante, pero tambi\u00e9n abrumador. El proceso conlleva varios requisitos y pasos, que pueden variar en funci\u00f3n del tipo de tarjeta de residencia que solicite. Un abogado especializado en inmigraci\u00f3n puede ayudarle a resolver de forma proactiva cualquier problema relacionado con su solicitud, para que pueda evitar retrasos o rechazos innecesarios.<\/p>\n<h2><span class=\"ez-toc-section\" id=\"assessing-eligibility-and-gathering-documentation\"><\/span>Evaluaci\u00f3n de la admisibilidad y recopilaci\u00f3n de documentaci\u00f3n<span class=\"ez-toc-section-end\"><\/span><\/h2>\n<p>El proceso de solicitud de la tarjeta verde comienza con la determinaci\u00f3n de si una persona es elegible para la categor\u00eda espec\u00edfica de tarjeta verde que solicita. Ser\u00e1 necesario reunir varios documentos para demostrar su elegibilidad, incluidos documentos que verifiquen su identidad y, si procede, que demuestren claramente que el solicitante tiene una relaci\u00f3n espec\u00edfica con su patrocinador.<\/p>\n<h2><span class=\"ez-toc-section\" id=\"filing-petitions\"><\/span>Presentaci\u00f3n de peticiones<span class=\"ez-toc-section-end\"><\/span><\/h2>\n<p>Muchas solicitudes de permiso de residencia requieren la presentaci\u00f3n de peticiones, como por ejemplo <a href=\"https:\/\/www.uscis.gov\/i-130\">Formulario I-130<\/a> para los solicitantes basados en la familia, y <a href=\"https:\/\/www.uscis.gov\/i-140\">Formulario I-140<\/a> para los solicitantes basados en el empleo. Dependiendo del caso, algunos solicitantes pueden autopeticionar, como los que buscan una tarjeta verde EB-1 o EB-2, si es aplicable una exenci\u00f3n por inter\u00e9s nacional.<\/p>\n<h2><span class=\"ez-toc-section\" id=\"consular-processing-or-adjustment-of-status\"><\/span>Tramitaci\u00f3n consular o ajuste de estatuto<span class=\"ez-toc-section-end\"><\/span><\/h2>\n<p>Un solicitante tendr\u00e1 que someterse a un proceso consular o solicitar un ajuste de estatus dependiendo de si se encuentra en los EE.UU. Cada v\u00eda de inmigraci\u00f3n viene con diversos requisitos, procedimientos y plazos. Un abogado de inmigraci\u00f3n puede ofrecer informaci\u00f3n m\u00e1s detallada sobre estos procesos.<\/p>\n<h2><span class=\"ez-toc-section\" id=\"biometrics-appointment-and-interview\"><\/span>Cita y entrevista biom\u00e9tricas<span class=\"ez-toc-section-end\"><\/span><\/h2>\n<p>Tras recibir su solicitud, el USCIS le citar\u00e1 para una entrevista biom\u00e9trica, en la que recoger\u00e1n su firma, foto y huellas dactilares. A continuaci\u00f3n, utilizar\u00e1n esta informaci\u00f3n para realizar una comprobaci\u00f3n de antecedentes. Muchos solicitantes de la tarjeta verde tambi\u00e9n deben asistir a una entrevista con el USCIS, durante la cual se les hacen preguntas sobre su solicitud y sus antecedentes de inmigraci\u00f3n.<\/p>\n<p>Un abogado de inmigraci\u00f3n con experiencia puede informarle de las posibles preguntas que puede esperar que le hagan, ayud\u00e1ndole a prepararse y a tener confianza durante el proceso de entrevista.<\/p>\n<h2><span class=\"ez-toc-section\" id=\"awaiting-the-decision\"><\/span>A la espera de la decisi\u00f3n<span class=\"ez-toc-section-end\"><\/span><\/h2>\n<p>La cantidad de tiempo que puede tomar para recibir una decisi\u00f3n de solicitud de tarjeta verde puede variar dependiendo de los detalles de la solicitud, el n\u00famero de visas disponibles, y la carga de trabajo actual en el USCIS. Su abogado puede ser capaz de darle una duraci\u00f3n estimada de espera en funci\u00f3n de su caso, pero los plazos exactos son a menudo desconocidos.<\/p>\n<p>Si surge alg\u00fan problema en su caso, como una solicitud de pruebas por parte del USCIS, pueden ayudarle a responder de manera eficiente para evitar m\u00e1s retrasos en la tramitaci\u00f3n de su solicitud.<\/p>\n<h2><span class=\"ez-toc-section\" id=\"faqs\"><\/span>Preguntas frecuentes<span class=\"ez-toc-section-end\"><\/span><\/h2>\n<div class=\"accsec-ritcnt accordion\">\n<div class=\"accordion-section\">\n<h3><span class=\"ez-toc-section\" id=\"q-what-is-the-adjustment-of-status-for-a-green-card\"><\/span><a class=\"accordion-section-title active\" href=\"#accordion-1\">P: \u00bfQu\u00e9 es el ajuste de estatus para obtener una tarjeta verde?<\/a><span class=\"ez-toc-section-end\"><\/span><\/h3>\n<div id=\"accordion-1\" class=\"accordion-section-content open\" style=\"display: block;\">\n<p><strong>A:<\/strong> El ajuste de estatus es el proceso de solicitar una tarjeta verde desde dentro de Estados Unidos. Este proceso implica cambiar su estatus legal de titular de un visado temporal a residente permanente. El ajuste de estatus puede ser m\u00e1s eficiente y conveniente para algunos solicitantes. Un abogado experto puede ayudarle a determinar si el ajuste de estatus es apropiado para usted.<\/p>\n<\/div>\n<\/div>\n<div class=\"accordion-section\">\n<h3><span class=\"ez-toc-section\" id=\"q-what-happens-if-my-green-card-application-is-denied\"><\/span><a class=\"accordion-section-title\" href=\"#accordion-2\">P: \u00bfQu\u00e9 sucede si rechazan mi solicitud de tarjeta verde?<\/a><span class=\"ez-toc-section-end\"><\/span><\/h3>\n<div id=\"accordion-2\" class=\"accordion-section-content\" style=\"display: none;\">\n<p><strong>A:<\/strong> Si su solicitud de residencia es denegada, recibir\u00e1 una notificaci\u00f3n del USCIS que detalla las razones de la denegaci\u00f3n y las opciones que puede tener para conseguir que su solicitud sea reconsiderada o presentar una apelaci\u00f3n. Un abogado especializado en tarjetas de residencia puede ayudarle a entender las razones por las que su solicitud fue denegada y trabajar con usted para poner en pr\u00e1ctica un plan para abordar los problemas o apelar la decisi\u00f3n de manera efectiva.<\/p>\n<\/div>\n<\/div>\n<div class=\"accordion-section\">\n<h3><span class=\"ez-toc-section\" id=\"q-can-i-work-while-my-green-card-application-is-pending\"><\/span><a class=\"accordion-section-title\" href=\"#accordion-3\">P: \u00bfPuedo trabajar mientras mi solicitud de tarjeta verde est\u00e1 pendiente?<\/a><span class=\"ez-toc-section-end\"><\/span><\/h3>\n<div id=\"accordion-3\" class=\"accordion-section-content\" style=\"display: none;\">\n<p><strong>A:<\/strong> Es posible trabajar mientras su solicitud de tarjeta verde est\u00e1 pendiente solicitando un Documento de Autorizaci\u00f3n de Empleo. Un abogado puede ayudarle a determinar si re\u00fane los requisitos para obtener la autorizaci\u00f3n de empleo y asistirle en la solicitud de este documento. Tambi\u00e9n puede explicarle los t\u00e9rminos y condiciones que debe cumplir para obtener la autorizaci\u00f3n de empleo, as\u00ed como la forma de cumplir con la normativa y sortear cualquier restricci\u00f3n.<\/p>\n<\/div>\n<\/div>\n<div class=\"accordion-section\">\n<h3><span class=\"ez-toc-section\" id=\"q-how-can-a-lawyer-help-me-with-my-green-card-application\"><\/span><a class=\"accordion-section-title\" href=\"#accordion-4\">P: \u00bfC\u00f3mo puede ayudarme un abogado con mi solicitud de tarjeta de residencia?<\/a><span class=\"ez-toc-section-end\"><\/span><\/h3>\n<div id=\"accordion-4\" class=\"accordion-section-content\" style=\"display: none;\">\n<p><strong>A:<\/strong> Un abogado especializado en tarjetas de residencia puede proporcionarle orientaci\u00f3n legal crucial para su solicitud de tarjeta de residencia, lo que incluye asegurarse de que comprende todos los requisitos para su categor\u00eda de tarjeta de residencia, ayudarle a entender los distintos pasos del proceso de solicitud, como una entrevista, y asegurarse de que presenta correctamente su solicitud. Tambi\u00e9n pueden ayudarle a resolver r\u00e1pida y eficazmente cualquier problema que surja, como la tramitaci\u00f3n de recursos o la respuesta a peticiones del USCIS.<\/p>\n<\/div>\n<\/div>\n<div class=\"accordion-section\">\n<h3><span class=\"ez-toc-section\" id=\"q-what-is-consular-processing-for-a-green-card-and-when-is-it-used\"><\/span><a class=\"accordion-section-title\" href=\"#accordion-5\">P: \u00bfQu\u00e9 es el tr\u00e1mite consular para obtener una tarjeta verde y cu\u00e1ndo se utiliza?<\/a><span class=\"ez-toc-section-end\"><\/span><\/h3>\n<div id=\"accordion-5\" class=\"accordion-section-content\" style=\"display: none;\">\n<p><strong>A:<\/strong> La tramitaci\u00f3n consular es un proceso que permite a las personas que se encuentran fuera de Estados Unidos solicitar la tarjeta verde. Este proceso suele realizarse a trav\u00e9s de un consulado o embajada de EE.UU. en el pa\u00eds de origen del solicitante. Un abogado con experiencia en tarjetas de residencia puede ayudarle a preparar y presentar su solicitud de tarjeta de residencia a trav\u00e9s del proceso consular.<\/p>\n<\/div>\n<\/div>\n<\/div>\n<h2><span class=\"ez-toc-section\" id=\"understand-and-pursue-your-green-card-options-with-an-experienced-immigration-lawyer\"><\/span>Entender y perseguir sus opciones de tarjeta verde con un abogado de inmigraci\u00f3n con experiencia<span class=\"ez-toc-section-end\"><\/span><\/h2>\n<p>Si desea obtener una tarjeta de residencia pero se siente abrumado por las diversas opciones y requisitos, un abogado experto en tarjetas de residencia Queens puede proporcionarle asistencia. Ellos pueden ayudarle a entender los requisitos que debe cumplir y c\u00f3mo navegar sin problemas el proceso. <a href=\"https:\/\/ppid.com\/es\/contact\/\">P\u00f3ngase en contacto hoy mismo con un abogado compasivo y con experiencia en tarjetas de residencia PPID<\/a> para empezar a discutir los detalles y la planificaci\u00f3n de su caso.<\/p>\n<p><iframe loading=\"lazy\" style=\"border: 0px; --darkreader-inline-border-top: 0px; --darkreader-inline-border-right: 0px; --darkreader-inline-border-bottom: 0px; --darkreader-inline-border-left: 0px;\" src=\"https:\/\/www.google.com\/maps\/embed?pb=!1m18!1m12!1m3!1d192241.84138201142!2d-74.22560799609786!3d41.16117844501192!2m3!1f0!2f0!3f0!3m2!1i1024!2i768!4f13.1!3m3!1m2!1s0x89c2c9caf11a7127%3A0x1f98163a4a0f684e!2sRockland%20County%2C%20NY%2C%20USA!5e0!3m2!1sen!2sin!4v1750682077992!5m2!1sen!2sin\" width=\"100%\" height=\"300\" allowfullscreen=\"allowfullscreen\"><\/iframe><\/p>","protected":false},"excerpt":{"rendered":"<p>Queens Green Card Attorney Becoming a lawful permanent resident \u2013 or green card holder \u2013 is a significant milestone in an individual&#8217;s immigration journey in the United States. Lawful permanent residency comes with various benefits and responsibilities, allowing individuals to permanently live and work in the country, laying roots for generations to come. If you &hellip; <\/p>\n<p class=\"link-more\"><a href=\"https:\/\/ppid.com\/es\/queens-green-card-lawyer\/\" class=\"more-link\">Seguir leyendo<span class=\"screen-reader-text\"> &#8220;Queens Green Card Lawyer&#8221;<\/span><\/a><\/p>","protected":false},"author":1,"featured_media":0,"parent":0,"menu_order":0,"comment_status":"closed","ping_status":"closed","template":"","meta":{"_acf_changed":false,"footnotes":""},"class_list":["post-1749","page","type-page","status-publish","hentry","entry"],"acf":[],"yoast_head":"<!-- This site is optimized with the Yoast SEO Premium plugin v26.8 (Yoast SEO v26.8) - https:\/\/yoast.com\/product\/yoast-seo-premium-wordpress\/ -->\n<title>Queens Green Card Lawyer - Free Consultation<\/title>\n<meta name=\"description\" content=\"Looking for a Queens Green Card Lawyer? PPID provides expert assistance to guide you through the green card process. Contact us today for professional support!\" \/>\n<meta name=\"robots\" content=\"index, follow, max-snippet:-1, max-image-preview:large, max-video-preview:-1\" \/>\n<link rel=\"canonical\" href=\"https:\/\/ppid.com\/es\/queens-green-card-lawyer\/\" \/>\n<meta property=\"og:locale\" content=\"es_MX\" \/>\n<meta property=\"og:type\" content=\"article\" \/>\n<meta property=\"og:title\" content=\"Queens Green Card Lawyer\" \/>\n<meta property=\"og:description\" content=\"Looking for a Queens Green Card Lawyer? PPID provides expert assistance to guide you through the green card process. Contact us today for professional support!\" \/>\n<meta property=\"og:url\" content=\"https:\/\/ppid.com\/es\/queens-green-card-lawyer\/\" \/>\n<meta property=\"og:site_name\" content=\"Pollack, Pollack, Isaac &amp; DeCicco, LLP\" \/>\n<meta property=\"article:modified_time\" content=\"2025-12-16T10:04:56+00:00\" \/>\n<meta property=\"og:image\" content=\"https:\/\/ppid.com\/wp-content\/uploads\/2024\/12\/queens-green-card-lawyer-1.webp\" \/>\n<meta name=\"twitter:card\" content=\"summary_large_image\" \/>\n<meta name=\"twitter:label1\" content=\"Tiempo de lectura\" \/>\n\t<meta name=\"twitter:data1\" content=\"5 minutos\" \/>\n<!-- \/ Yoast SEO Premium plugin. -->","yoast_head_json":{"title":"Abogado especializado en tarjetas verdes Queens - Consulta gratuita","description":"\u00bfBusca un abogado para la tarjeta verde Queens? PPID proporciona asistencia experta para guiarle a trav\u00e9s del proceso de la tarjeta verde. \u00a1P\u00f3ngase en contacto con nosotros hoy para obtener ayuda profesional!","robots":{"index":"index","follow":"follow","max-snippet":"max-snippet:-1","max-image-preview":"max-image-preview:large","max-video-preview":"max-video-preview:-1"},"canonical":"https:\/\/ppid.com\/es\/queens-green-card-lawyer\/","og_locale":"es_MX","og_type":"article","og_title":"Queens Green Card Lawyer","og_description":"Looking for a Queens Green Card Lawyer? PPID provides expert assistance to guide you through the green card process. Contact us today for professional support!","og_url":"https:\/\/ppid.com\/es\/queens-green-card-lawyer\/","og_site_name":"Pollack, Pollack, Isaac &amp; DeCicco, LLP","article_modified_time":"2025-12-16T10:04:56+00:00","og_image":[{"url":"https:\/\/ppid.com\/wp-content\/uploads\/2024\/12\/queens-green-card-lawyer-1.webp","type":"","width":"","height":""}],"twitter_card":"summary_large_image","twitter_misc":{"Tiempo de lectura":"5 minutos"},"schema":{"@context":"https:\/\/schema.org","@graph":[{"@type":"WebPage","@id":"https:\/\/ppid.com\/queens-green-card-lawyer\/","url":"https:\/\/ppid.com\/queens-green-card-lawyer\/","name":"Abogado especializado en tarjetas verdes Queens - Consulta gratuita","isPartOf":{"@id":"https:\/\/ppid.com\/#website"},"primaryImageOfPage":{"@id":"https:\/\/ppid.com\/queens-green-card-lawyer\/#primaryimage"},"image":{"@id":"https:\/\/ppid.com\/queens-green-card-lawyer\/#primaryimage"},"thumbnailUrl":"https:\/\/ppid.com\/wp-content\/uploads\/2024\/12\/queens-green-card-lawyer-1.webp","datePublished":"2024-12-16T11:02:34+00:00","dateModified":"2025-12-16T10:04:56+00:00","description":"\u00bfBusca un abogado para la tarjeta verde Queens? PPID proporciona asistencia experta para guiarle a trav\u00e9s del proceso de la tarjeta verde. \u00a1P\u00f3ngase en contacto con nosotros hoy para obtener ayuda profesional!","breadcrumb":{"@id":"https:\/\/ppid.com\/queens-green-card-lawyer\/#breadcrumb"},"inLanguage":"es","potentialAction":[{"@type":"ReadAction","target":["https:\/\/ppid.com\/queens-green-card-lawyer\/"]}]},{"@type":"ImageObject","inLanguage":"es","@id":"https:\/\/ppid.com\/queens-green-card-lawyer\/#primaryimage","url":"https:\/\/ppid.com\/wp-content\/uploads\/2024\/12\/queens-green-card-lawyer-1.webp","contentUrl":"https:\/\/ppid.com\/wp-content\/uploads\/2024\/12\/queens-green-card-lawyer-1.webp"},{"@type":"BreadcrumbList","@id":"https:\/\/ppid.com\/queens-green-card-lawyer\/#breadcrumb","itemListElement":[{"@type":"ListItem","position":1,"name":"Home","item":"https:\/\/ppid.com\/"},{"@type":"ListItem","position":2,"name":"Queens Green Card Lawyer"}]},{"@type":"WebSite","@id":"https:\/\/ppid.com\/#website","url":"https:\/\/ppid.com\/","name":"Pollack, Pollack, Isaac &amp; DeCicco, LLP","description":"","potentialAction":[{"@type":"SearchAction","target":{"@type":"EntryPoint","urlTemplate":"https:\/\/ppid.com\/?s={search_term_string}"},"query-input":{"@type":"PropertyValueSpecification","valueRequired":true,"valueName":"search_term_string"}}],"inLanguage":"es"}]}},"_links":{"self":[{"href":"https:\/\/ppid.com\/es\/wp-json\/wp\/v2\/pages\/1749","targetHints":{"allow":["GET"]}}],"collection":[{"href":"https:\/\/ppid.com\/es\/wp-json\/wp\/v2\/pages"}],"about":[{"href":"https:\/\/ppid.com\/es\/wp-json\/wp\/v2\/types\/page"}],"author":[{"embeddable":true,"href":"https:\/\/ppid.com\/es\/wp-json\/wp\/v2\/users\/1"}],"replies":[{"embeddable":true,"href":"https:\/\/ppid.com\/es\/wp-json\/wp\/v2\/comments?post=1749"}],"version-history":[{"count":0,"href":"https:\/\/ppid.com\/es\/wp-json\/wp\/v2\/pages\/1749\/revisions"}],"wp:attachment":[{"href":"https:\/\/ppid.com\/es\/wp-json\/wp\/v2\/media?parent=1749"}],"curies":[{"name":"wp","href":"https:\/\/api.w.org\/{rel}","templated":true}]}}