{"id":1776,"date":"2024-12-18T10:28:35","date_gmt":"2024-12-18T10:28:35","guid":{"rendered":"https:\/\/ppidllp.wpenginepowered.com\/?page_id=1776"},"modified":"2025-12-16T10:04:37","modified_gmt":"2025-12-16T10:04:37","slug":"brooklyn-green-card-lawyer","status":"publish","type":"page","link":"https:\/\/ppid.com\/es\/brooklyn-green-card-lawyer\/","title":{"rendered":"Brooklyn Abogado Carta Verde"},"content":{"rendered":"<div id=\"ez-toc-container\" class=\"ez-toc-v2_0_80 counter-hierarchy ez-toc-counter ez-toc-transparent ez-toc-container-direction\">\n<div class=\"ez-toc-title-container\">\n<p class=\"ez-toc-title ez-toc-toggle\" style=\"cursor:pointer\">\u00cdndice<\/p>\n<span class=\"ez-toc-title-toggle\"><a href=\"#\" class=\"ez-toc-pull-right ez-toc-btn ez-toc-btn-xs ez-toc-btn-default ez-toc-toggle\" aria-label=\"Toggle Table of Content\"><span class=\"ez-toc-js-icon-con\"><span class=\"\"><span class=\"eztoc-hide\" style=\"display:none;\">Toggle<\/span><span class=\"ez-toc-icon-toggle-span\"><svg style=\"fill: #999;color:#999\" xmlns=\"http:\/\/www.w3.org\/2000\/svg\" class=\"list-377408\" width=\"20px\" height=\"20px\" viewbox=\"0 0 24 24\" fill=\"none\"><path d=\"M6 6H4v2h2V6zm14 0H8v2h12V6zM4 11h2v2H4v-2zm16 0H8v2h12v-2zM4 16h2v2H4v-2zm16 0H8v2h12v-2z\" fill=\"currentColor\"><\/path><\/svg><svg style=\"fill: #999;color:#999\" class=\"arrow-unsorted-368013\" xmlns=\"http:\/\/www.w3.org\/2000\/svg\" width=\"10px\" height=\"10px\" viewbox=\"0 0 24 24\" version=\"1.2\" baseprofile=\"tiny\"><path d=\"M18.2 9.3l-6.2-6.3-6.2 6.3c-.2.2-.3.4-.3.7s.1.5.3.7c.2.2.4.3.7.3h11c.3 0 .5-.1.7-.3.2-.2.3-.5.3-.7s-.1-.5-.3-.7zM5.8 14.7l6.2 6.3 6.2-6.3c.2-.2.3-.5.3-.7s-.1-.5-.3-.7c-.2-.2-.4-.3-.7-.3h-11c-.3 0-.5.1-.7.3-.2.2-.3.5-.3.7s.1.5.3.7z\"\/><\/svg><\/span><\/span><\/span><\/a><\/span><\/div>\n<nav><ul class='ez-toc-list ez-toc-list-level-1 eztoc-toggle-hide-by-default' ><li class='ez-toc-page-1 ez-toc-heading-level-2'><a class=\"ez-toc-link ez-toc-heading-1\" href=\"https:\/\/ppid.com\/es\/brooklyn-green-card-lawyer\/#brooklyn-green-card-attorney\" >Brooklyn Abogado de la Tarjeta Verde<\/a><\/li><li class='ez-toc-page-1 ez-toc-heading-level-2'><a class=\"ez-toc-link ez-toc-heading-2\" href=\"https:\/\/ppid.com\/es\/brooklyn-green-card-lawyer\/#benefits-of-working-with-a-skilled-green-card-lawyer-in-brooklyn\" >Ventajas de trabajar con un abogado especializado en permisos de residencia en Brooklyn<\/a><\/li><li class='ez-toc-page-1 ez-toc-heading-level-2'><a class=\"ez-toc-link ez-toc-heading-3\" href=\"https:\/\/ppid.com\/es\/brooklyn-green-card-lawyer\/#navigating-the-appeals-process\" >Navegar por el proceso de apelaci\u00f3n<\/a><\/li><li class='ez-toc-page-1 ez-toc-heading-level-2'><a class=\"ez-toc-link ez-toc-heading-4\" href=\"https:\/\/ppid.com\/es\/brooklyn-green-card-lawyer\/#faqs\" >Preguntas frecuentes<\/a><ul class='ez-toc-list-level-3' ><li class='ez-toc-heading-level-3'><a class=\"ez-toc-link ez-toc-heading-5\" href=\"https:\/\/ppid.com\/es\/brooklyn-green-card-lawyer\/#q-what-are-the-different-ways-to-obtain-a-green-card\" >P: \u00bfCu\u00e1les son las diferentes formas de obtener una tarjeta de residencia?<\/a><\/li><li class='ez-toc-page-1 ez-toc-heading-level-3'><a class=\"ez-toc-link ez-toc-heading-6\" href=\"https:\/\/ppid.com\/es\/brooklyn-green-card-lawyer\/#q-how-long-does-the-green-card-application-process-take\" >P: \u00bfCu\u00e1nto tiempo dura el proceso de solicitud de la tarjeta verde?<\/a><\/li><li class='ez-toc-page-1 ez-toc-heading-level-3'><a class=\"ez-toc-link ez-toc-heading-7\" href=\"https:\/\/ppid.com\/es\/brooklyn-green-card-lawyer\/#q-what-documents-are-needed-for-a-green-card-application\" >P: \u00bfQu\u00e9 documentos se necesitan para solicitar una tarjeta de residencia?<\/a><\/li><li class='ez-toc-page-1 ez-toc-heading-level-3'><a class=\"ez-toc-link ez-toc-heading-8\" href=\"https:\/\/ppid.com\/es\/brooklyn-green-card-lawyer\/#q-can-i-apply-for-a-green-card-while-on-a-student-or-work-visa\" >P: \u00bfPuedo solicitar una tarjeta de residencia mientras tengo una visa de estudiante o de trabajo?<\/a><\/li><li class='ez-toc-page-1 ez-toc-heading-level-3'><a class=\"ez-toc-link ez-toc-heading-9\" href=\"https:\/\/ppid.com\/es\/brooklyn-green-card-lawyer\/#q-do-i-need-a-sponsor-to-apply-for-a-green-card\" >P: \u00bfNecesito un patrocinador para solicitar una tarjeta verde?<\/a><\/li><\/ul><\/li><li class='ez-toc-page-1 ez-toc-heading-level-2'><a class=\"ez-toc-link ez-toc-heading-10\" href=\"https:\/\/ppid.com\/es\/brooklyn-green-card-lawyer\/#understand-and-pursue-your-legal-options-with-a-brooklyn-green-card-lawyer\" >Entienda y persiga sus opciones legales con un abogado de la tarjeta verde Brooklyn<\/a><\/li><\/ul><\/nav><\/div>\n<h2><span class=\"ez-toc-section\" id=\"brooklyn-green-card-attorney\"><\/span>Brooklyn Abogado de la Tarjeta Verde<span class=\"ez-toc-section-end\"><\/span><\/h2>\n<p>Solicitar una tarjeta de residencia puede ser emocionante y abrumador para las personas que desean vivir y trabajar de forma permanente en los Estados Unidos. A menudo, las personas de Brooklyn y sus alrededores que desean dar los siguientes pasos para sentar las bases de su vida en la ciudad solicitan una tarjeta de residencia. Un abogado experto en tarjetas de residencia de Brooklyn puede ayudarle a abordar cualquier desaf\u00edo que pueda surgir y determinar el tipo de tarjeta de residencia m\u00e1s adecuado para sus circunstancias.<\/p>\n<p>El equipo especializado en inmigraci\u00f3n de Pollack, Pollack, Isaac &amp; DeCicco, LLP cuenta con a\u00f1os de experiencia combinada ayudando a las personas a elegir la v\u00eda legal \u00f3ptima para obtener su tarjeta de residencia, adem\u00e1s de ayudarles a resolver cualquier problema relacionado con el proceso. Un abogado especializado en tarjetas de residencia Brooklyn puede proporcionarle orientaci\u00f3n legal crucial, tanto si no est\u00e1 seguro de qu\u00e9 categor\u00eda de tarjeta de residencia es la adecuada para usted como si tiene problemas con su solicitud.<\/p>\n<p><img loading=\"lazy\" decoding=\"async\" class=\"aligncenter\" src=\"https:\/\/ppid.com\/wp-content\/uploads\/2024\/12\/brooklyn-green-card-lawyer.webp\" alt=\"\" width=\"1200\" height=\"600\" \/><\/p>\n<h2><span class=\"ez-toc-section\" id=\"benefits-of-working-with-a-skilled-green-card-lawyer-in-brooklyn\"><\/span>Ventajas de trabajar con un abogado especializado en permisos de residencia en Brooklyn<span class=\"ez-toc-section-end\"><\/span><\/h2>\n<p>Muchas personas que intentan tramitar la solicitud de la tarjeta verde por su cuenta pueden acabar desperdiciando una cantidad considerable de recursos y tiempo en su solicitud, a menudo debido a la falta de conocimientos y experiencia en el proceso. Las personas pueden beneficiarse de un an\u00e1lisis personalizado de su caso si trabajan con un abogado con experiencia en tarjetas verdes. Se pueden sopesar todas las opciones legales disponibles en su nombre para determinar el camino \u00f3ptimo a seguir.<\/p>\n<p>Un abogado especializado en tarjetas verdes tambi\u00e9n puede ayudar a sus clientes a reunir los formularios y documentos necesarios para presentar sus solicitudes. Puede asegurarse de que todos los formularios se llenen de manera precisa y correcta y se presenten a tiempo con las pruebas justificativas para que la solicitud sea s\u00f3lida. Adem\u00e1s, un abogado puede ayudar a sus clientes a prepararse adecuadamente para cualquier entrevista a la que deban asistir.<\/p>\n<p>Un abogado puede ayudarle a tramitar los tr\u00e1mites consulares o el ajuste de estatus para solicitar su tarjeta de residencia, dependiendo de si se encuentra en los Estados Unidos o en el extranjero. Bas\u00e1ndose en los detalles de su caso, se asegurar\u00e1 de que comprenda los requisitos fundamentales que debe cumplir y c\u00f3mo tramitar los procesos posteriores necesarios para que su solicitud sea aceptada.<\/p>\n<p>Un abogado de inmigraci\u00f3n cualificado tambi\u00e9n puede abordar con eficacia y eficiencia cualquier problema que pueda surgir con una solicitud de tarjeta verde, como una solicitud de pruebas del USCIS. Ellos pueden asegurarse de que usted entiende la forma adecuada de las pruebas a presentar para evitar m\u00e1s retrasos o la posibilidad de una denegaci\u00f3n.<\/p>\n<h2><span class=\"ez-toc-section\" id=\"navigating-the-appeals-process\"><\/span>Navegar por el proceso de apelaci\u00f3n<span class=\"ez-toc-section-end\"><\/span><\/h2>\n<p>Desafortunadamente, las solicitudes de tarjeta verde pueden ser rechazadas por el USCIS por una variedad de razones, que van desde antecedentes penales existentes a no cumplir con los requisitos de elegibilidad para una categor\u00eda de tarjeta verde. Un abogado de inmigraci\u00f3n con experiencia puede ayudarle a entender su carta de denegaci\u00f3n de USCIS y las razones por las que su solicitud fue rechazada.<\/p>\n<p>Un abogado de inmigraci\u00f3n comprensivo puede ayudarle a explorar otras opciones legales para conseguir la residencia permanente, como presentar una apelaci\u00f3n, presentar una nueva solicitud o tomar una v\u00eda de inmigraci\u00f3n diferente. En \u00faltima instancia, pueden trabajar para proteger sus derechos e intereses, ayud\u00e1ndole a perseguir sus objetivos de inmigraci\u00f3n a trav\u00e9s de diversos medios legales.<\/p>\n<h2><span class=\"ez-toc-section\" id=\"faqs\"><\/span>Preguntas frecuentes<span class=\"ez-toc-section-end\"><\/span><\/h2>\n<div class=\"accsec-ritcnt accordion\">\n<div class=\"accordion-section\">\n<h3><span class=\"ez-toc-section\" id=\"q-what-are-the-different-ways-to-obtain-a-green-card\"><\/span><a class=\"accordion-section-title active\" href=\"#accordion-1\">P: \u00bfCu\u00e1les son las diferentes formas de obtener una tarjeta de residencia?<\/a><span class=\"ez-toc-section-end\"><\/span><\/h3>\n<div id=\"accordion-1\" class=\"accordion-section-content open\" style=\"display: block;\">\n<p><strong>A:<\/strong> Existen m\u00faltiples opciones legales para obtener una tarjeta de residencia, como por ejemplo a trav\u00e9s del patrocinio laboral, el estatus de asilo, el estatus de refugiado, el patrocinio familiar y la loter\u00eda de visas de diversidad. Es importante trabajar con un abogado experto que pueda ayudarle a comprender qu\u00e9 v\u00eda de inmigraci\u00f3n puede ser la m\u00e1s adecuada para usted, ya que cada v\u00eda para obtener la tarjeta de residencia tiene diferentes procesos y requisitos asociados.<\/p>\n<\/div>\n<\/div>\n<div class=\"accordion-section\">\n<h3><span class=\"ez-toc-section\" id=\"q-how-long-does-the-green-card-application-process-take\"><\/span><a class=\"accordion-section-title\" href=\"#accordion-2\">P: \u00bfCu\u00e1nto tiempo dura el proceso de solicitud de la tarjeta verde?<\/a><span class=\"ez-toc-section-end\"><\/span><\/h3>\n<div id=\"accordion-2\" class=\"accordion-section-content\" style=\"display: none;\">\n<p><strong>A:<\/strong> El proceso de solicitud de la tarjeta verde puede variar significativamente en duraci\u00f3n dependiendo del tipo de tarjeta verde que usted est\u00e1 solicitando, la carga de trabajo actual en el USCIS, y su pa\u00eds de origen. Mientras que el proceso de obtenci\u00f3n de la tarjeta de residencia por motivos familiares puede durar desde unos pocos meses hasta a\u00f1os, la duraci\u00f3n del proceso de obtenci\u00f3n de la tarjeta de residencia por motivos laborales puede variar a\u00fan m\u00e1s. Un abogado experto en tarjetas de residencia puede ayudarle a estimar un plazo para su solicitud y situaci\u00f3n espec\u00edficas.<\/p>\n<\/div>\n<\/div>\n<div class=\"accordion-section\">\n<h3><span class=\"ez-toc-section\" id=\"q-what-documents-are-needed-for-a-green-card-application\"><\/span><a class=\"accordion-section-title\" href=\"#accordion-3\">P: \u00bfQu\u00e9 documentos se necesitan para solicitar una tarjeta de residencia?<\/a><span class=\"ez-toc-section-end\"><\/span><\/h3>\n<div id=\"accordion-3\" class=\"accordion-section-content\" style=\"display: none;\">\n<p><strong>A:<\/strong> La solicitud de tarjeta verde debe ir acompa\u00f1ada de toda la documentaci\u00f3n justificativa necesaria para ser presentada con \u00e9xito. Los documentos justificativos pueden incluir un certificado de nacimiento, pasaporte, certificado de matrimonio, documentaci\u00f3n sobre finanzas y un informe m\u00e9dico. Los documentos requeridos dependen de la categor\u00eda de permiso de residencia que se solicite. Un abogado con experiencia puede ayudarle a reunir toda la documentaci\u00f3n requerida y asegurarse de que la presenta a tiempo.<\/p>\n<\/div>\n<\/div>\n<div class=\"accordion-section\">\n<h3><span class=\"ez-toc-section\" id=\"q-can-i-apply-for-a-green-card-while-on-a-student-or-work-visa\"><\/span><a class=\"accordion-section-title\" href=\"#accordion-4\">P: \u00bfPuedo solicitar una tarjeta de residencia mientras tengo una visa de estudiante o de trabajo?<\/a><span class=\"ez-toc-section-end\"><\/span><\/h3>\n<div id=\"accordion-4\" class=\"accordion-section-content\" style=\"display: none;\">\n<p><strong>A:<\/strong> S\u00ed, si actualmente tiene un visado temporal de estudiante o de trabajo en los Estados Unidos, como un visado de trabajo H-1B o un visado de estudiante F-1, es posible que con el tiempo pueda solicitar una tarjeta verde a trav\u00e9s del patrocinio del empleador o del proceso de Ajuste de Estatus. Un abogado experto en inmigraci\u00f3n puede revisar los detalles de su caso y determinar si cumple los requisitos para cualquiera de las dos opciones.<\/p>\n<\/div>\n<\/div>\n<div class=\"accordion-section\">\n<h3><span class=\"ez-toc-section\" id=\"q-do-i-need-a-sponsor-to-apply-for-a-green-card\"><\/span><a class=\"accordion-section-title\" href=\"#accordion-5\">P: \u00bfNecesito un patrocinador para solicitar una tarjeta verde?<\/a><span class=\"ez-toc-section-end\"><\/span><\/h3>\n<div id=\"accordion-5\" class=\"accordion-section-content\" style=\"display: none;\">\n<p><strong>A:<\/strong> La necesidad de un patrocinador para solicitar la tarjeta de residencia depende de la categor\u00eda espec\u00edfica de tarjeta de residencia por la que se solicite. Las tarjetas de residencia basadas en la familia y el empleo suelen requerir un patrocinador, como un empleador o un familiar. Sin embargo, hay ciertas categor\u00edas que no requieren que los solicitantes tengan un patrocinador, como la loter\u00eda de visados de diversidad. Un abogado con experiencia puede ayudarle a entender si el patrocinio es necesario para el proceso de solicitud que elija.<\/p>\n<\/div>\n<\/div>\n<\/div>\n<h2><span class=\"ez-toc-section\" id=\"understand-and-pursue-your-legal-options-with-a-brooklyn-green-card-lawyer\"><\/span>Entienda y persiga sus opciones legales con un abogado de la tarjeta verde Brooklyn<span class=\"ez-toc-section-end\"><\/span><\/h2>\n<p>Solicitar y obtener una tarjeta verde es un hito emocionante en el viaje de la inmigraci\u00f3n para las personas en Brooklyn y sus alrededores. Sin embargo, entender todos los requisitos y pasos del proceso de solicitud puede ser muy abrumador y llevar al des\u00e1nimo. Afortunadamente, un abogado experto y compasivo de la tarjeta verde Brooklyn puede proporcionarle la orientaci\u00f3n legal que necesita para completar con \u00e9xito el proceso. <a href=\"https:\/\/ppid.com\/es\/contact\/\">P\u00f3ngase en contacto con un abogado especializado en PPID<\/a>.<\/p>\n<p><iframe loading=\"lazy\" style=\"border: 0px; --darkreader-inline-border-top: 0px; --darkreader-inline-border-right: 0px; --darkreader-inline-border-bottom: 0px; --darkreader-inline-border-left: 0px;\" src=\"https:\/\/www.google.com\/maps\/embed?pb=!1m18!1m12!1m3!1d192241.84138201142!2d-74.22560799609786!3d41.16117844501192!2m3!1f0!2f0!3f0!3m2!1i1024!2i768!4f13.1!3m3!1m2!1s0x89c2c9caf11a7127%3A0x1f98163a4a0f684e!2sRockland%20County%2C%20NY%2C%20USA!5e0!3m2!1sen!2sin!4v1750682077992!5m2!1sen!2sin\" width=\"100%\" height=\"300\" allowfullscreen=\"allowfullscreen\"><\/iframe><\/p>","protected":false},"excerpt":{"rendered":"<p>Brooklyn Green Card Attorney Pursuing a green card can be exciting and overwhelming for individuals who are keen on permanently living and working in the U.S. Often, individuals in Brooklyn and surrounding areas who would like to take the next steps toward laying a foundation for their life in the city pursue a green card. &hellip; <\/p>\n<p class=\"link-more\"><a href=\"https:\/\/ppid.com\/es\/brooklyn-green-card-lawyer\/\" class=\"more-link\">Seguir leyendo<span class=\"screen-reader-text\"> &#8220;Brooklyn Green Card Lawyer&#8221;<\/span><\/a><\/p>","protected":false},"author":1,"featured_media":0,"parent":0,"menu_order":0,"comment_status":"closed","ping_status":"closed","template":"","meta":{"_acf_changed":false,"footnotes":""},"class_list":["post-1776","page","type-page","status-publish","hentry","entry"],"acf":[],"yoast_head":"<!-- This site is optimized with the Yoast SEO Premium plugin v26.8 (Yoast SEO v26.8) - https:\/\/yoast.com\/product\/yoast-seo-premium-wordpress\/ -->\n<title>Brooklyn Green Card Lawyer - Free Consultation<\/title>\n<meta name=\"description\" content=\"Looking for a Brooklyn Green Card Lawyer? PPID offers expert legal assistance to guide you through the green card application process. Contact us today!\" \/>\n<meta name=\"robots\" content=\"index, follow, max-snippet:-1, max-image-preview:large, max-video-preview:-1\" \/>\n<link rel=\"canonical\" href=\"https:\/\/ppid.com\/es\/brooklyn-green-card-lawyer\/\" \/>\n<meta property=\"og:locale\" content=\"es_MX\" \/>\n<meta property=\"og:type\" content=\"article\" \/>\n<meta property=\"og:title\" content=\"Brooklyn Green Card Lawyer\" \/>\n<meta property=\"og:description\" content=\"Looking for a Brooklyn Green Card Lawyer? PPID offers expert legal assistance to guide you through the green card application process. Contact us today!\" \/>\n<meta property=\"og:url\" content=\"https:\/\/ppid.com\/es\/brooklyn-green-card-lawyer\/\" \/>\n<meta property=\"og:site_name\" content=\"Pollack, Pollack, Isaac &amp; DeCicco, LLP\" \/>\n<meta property=\"article:modified_time\" content=\"2025-12-16T10:04:37+00:00\" \/>\n<meta property=\"og:image\" content=\"https:\/\/ppid.com\/wp-content\/uploads\/2024\/12\/brooklyn-green-card-lawyer.webp\" \/>\n<meta name=\"twitter:card\" content=\"summary_large_image\" \/>\n<meta name=\"twitter:label1\" content=\"Tiempo de lectura\" \/>\n\t<meta name=\"twitter:data1\" content=\"5 minutos\" \/>\n<!-- \/ Yoast SEO Premium plugin. -->","yoast_head_json":{"title":"Abogado especializado en tarjetas verdes Brooklyn - Consulta gratuita","description":"\u00bfBusca un abogado para la tarjeta verde Brooklyn? PPID ofrece asistencia legal experta para guiarle a trav\u00e9s del proceso de solicitud de la tarjeta verde. \u00a1Cont\u00e1ctenos hoy mismo!","robots":{"index":"index","follow":"follow","max-snippet":"max-snippet:-1","max-image-preview":"max-image-preview:large","max-video-preview":"max-video-preview:-1"},"canonical":"https:\/\/ppid.com\/es\/brooklyn-green-card-lawyer\/","og_locale":"es_MX","og_type":"article","og_title":"Brooklyn Green Card Lawyer","og_description":"Looking for a Brooklyn Green Card Lawyer? PPID offers expert legal assistance to guide you through the green card application process. Contact us today!","og_url":"https:\/\/ppid.com\/es\/brooklyn-green-card-lawyer\/","og_site_name":"Pollack, Pollack, Isaac &amp; DeCicco, LLP","article_modified_time":"2025-12-16T10:04:37+00:00","og_image":[{"url":"https:\/\/ppid.com\/wp-content\/uploads\/2024\/12\/brooklyn-green-card-lawyer.webp","type":"","width":"","height":""}],"twitter_card":"summary_large_image","twitter_misc":{"Tiempo de lectura":"5 minutos"},"schema":{"@context":"https:\/\/schema.org","@graph":[{"@type":"WebPage","@id":"https:\/\/ppid.com\/brooklyn-green-card-lawyer\/","url":"https:\/\/ppid.com\/brooklyn-green-card-lawyer\/","name":"Abogado especializado en tarjetas verdes Brooklyn - Consulta gratuita","isPartOf":{"@id":"https:\/\/ppid.com\/#website"},"primaryImageOfPage":{"@id":"https:\/\/ppid.com\/brooklyn-green-card-lawyer\/#primaryimage"},"image":{"@id":"https:\/\/ppid.com\/brooklyn-green-card-lawyer\/#primaryimage"},"thumbnailUrl":"https:\/\/ppid.com\/wp-content\/uploads\/2024\/12\/brooklyn-green-card-lawyer.webp","datePublished":"2024-12-18T10:28:35+00:00","dateModified":"2025-12-16T10:04:37+00:00","description":"\u00bfBusca un abogado para la tarjeta verde Brooklyn? PPID ofrece asistencia legal experta para guiarle a trav\u00e9s del proceso de solicitud de la tarjeta verde. \u00a1Cont\u00e1ctenos hoy mismo!","breadcrumb":{"@id":"https:\/\/ppid.com\/brooklyn-green-card-lawyer\/#breadcrumb"},"inLanguage":"es","potentialAction":[{"@type":"ReadAction","target":["https:\/\/ppid.com\/brooklyn-green-card-lawyer\/"]}]},{"@type":"ImageObject","inLanguage":"es","@id":"https:\/\/ppid.com\/brooklyn-green-card-lawyer\/#primaryimage","url":"https:\/\/ppid.com\/wp-content\/uploads\/2024\/12\/brooklyn-green-card-lawyer.webp","contentUrl":"https:\/\/ppid.com\/wp-content\/uploads\/2024\/12\/brooklyn-green-card-lawyer.webp"},{"@type":"BreadcrumbList","@id":"https:\/\/ppid.com\/brooklyn-green-card-lawyer\/#breadcrumb","itemListElement":[{"@type":"ListItem","position":1,"name":"Home","item":"https:\/\/ppid.com\/"},{"@type":"ListItem","position":2,"name":"Brooklyn Green Card Lawyer"}]},{"@type":"WebSite","@id":"https:\/\/ppid.com\/#website","url":"https:\/\/ppid.com\/","name":"Pollack, Pollack, Isaac &amp; DeCicco, LLP","description":"","potentialAction":[{"@type":"SearchAction","target":{"@type":"EntryPoint","urlTemplate":"https:\/\/ppid.com\/?s={search_term_string}"},"query-input":{"@type":"PropertyValueSpecification","valueRequired":true,"valueName":"search_term_string"}}],"inLanguage":"es"}]}},"_links":{"self":[{"href":"https:\/\/ppid.com\/es\/wp-json\/wp\/v2\/pages\/1776","targetHints":{"allow":["GET"]}}],"collection":[{"href":"https:\/\/ppid.com\/es\/wp-json\/wp\/v2\/pages"}],"about":[{"href":"https:\/\/ppid.com\/es\/wp-json\/wp\/v2\/types\/page"}],"author":[{"embeddable":true,"href":"https:\/\/ppid.com\/es\/wp-json\/wp\/v2\/users\/1"}],"replies":[{"embeddable":true,"href":"https:\/\/ppid.com\/es\/wp-json\/wp\/v2\/comments?post=1776"}],"version-history":[{"count":0,"href":"https:\/\/ppid.com\/es\/wp-json\/wp\/v2\/pages\/1776\/revisions"}],"wp:attachment":[{"href":"https:\/\/ppid.com\/es\/wp-json\/wp\/v2\/media?parent=1776"}],"curies":[{"name":"wp","href":"https:\/\/api.w.org\/{rel}","templated":true}]}}