{"id":1959,"date":"2025-01-09T10:59:04","date_gmt":"2025-01-09T10:59:04","guid":{"rendered":"https:\/\/ppidllp.wpenginepowered.com\/?page_id=1959"},"modified":"2026-04-13T17:09:27","modified_gmt":"2026-04-13T17:09:27","slug":"putnam-county-o1-visa-lawyer","status":"publish","type":"page","link":"https:\/\/ppid.com\/es\/putnam-county-o1-visa-lawyer\/","title":{"rendered":"Putnam County Abogado visado O1"},"content":{"rendered":"<div id=\"ez-toc-container\" class=\"ez-toc-v2_0_80 counter-hierarchy ez-toc-counter ez-toc-transparent ez-toc-container-direction\">\n<div class=\"ez-toc-title-container\">\n<p class=\"ez-toc-title ez-toc-toggle\" style=\"cursor:pointer\">\u00cdndice<\/p>\n<span class=\"ez-toc-title-toggle\"><a href=\"#\" class=\"ez-toc-pull-right ez-toc-btn ez-toc-btn-xs ez-toc-btn-default ez-toc-toggle\" aria-label=\"Toggle Table of Content\"><span class=\"ez-toc-js-icon-con\"><span class=\"\"><span class=\"eztoc-hide\" style=\"display:none;\">Toggle<\/span><span class=\"ez-toc-icon-toggle-span\"><svg style=\"fill: #999;color:#999\" xmlns=\"http:\/\/www.w3.org\/2000\/svg\" class=\"list-377408\" width=\"20px\" height=\"20px\" viewbox=\"0 0 24 24\" fill=\"none\"><path d=\"M6 6H4v2h2V6zm14 0H8v2h12V6zM4 11h2v2H4v-2zm16 0H8v2h12v-2zM4 16h2v2H4v-2zm16 0H8v2h12v-2z\" fill=\"currentColor\"><\/path><\/svg><svg style=\"fill: #999;color:#999\" class=\"arrow-unsorted-368013\" xmlns=\"http:\/\/www.w3.org\/2000\/svg\" width=\"10px\" height=\"10px\" viewbox=\"0 0 24 24\" version=\"1.2\" baseprofile=\"tiny\"><path d=\"M18.2 9.3l-6.2-6.3-6.2 6.3c-.2.2-.3.4-.3.7s.1.5.3.7c.2.2.4.3.7.3h11c.3 0 .5-.1.7-.3.2-.2.3-.5.3-.7s-.1-.5-.3-.7zM5.8 14.7l6.2 6.3 6.2-6.3c.2-.2.3-.5.3-.7s-.1-.5-.3-.7c-.2-.2-.4-.3-.7-.3h-11c-.3 0-.5.1-.7.3-.2.2-.3.5-.3.7s.1.5.3.7z\"\/><\/svg><\/span><\/span><\/span><\/a><\/span><\/div>\n<nav><ul class='ez-toc-list ez-toc-list-level-1 eztoc-toggle-hide-by-default' ><li class='ez-toc-page-1 ez-toc-heading-level-2'><a class=\"ez-toc-link ez-toc-heading-1\" href=\"https:\/\/ppid.com\/es\/putnam-county-o1-visa-lawyer\/#putnam-county-o1-visa-attorney\" >Putnam County Abogado visado O1<\/a><\/li><li class='ez-toc-page-1 ez-toc-heading-level-2'><a class=\"ez-toc-link ez-toc-heading-2\" href=\"https:\/\/ppid.com\/es\/putnam-county-o1-visa-lawyer\/#who-qualifies-for-an-o-1-visa\" >\u00bfQui\u00e9n puede obtener un visado O-1?<\/a><\/li><li class='ez-toc-page-1 ez-toc-heading-level-2'><a class=\"ez-toc-link ez-toc-heading-3\" href=\"https:\/\/ppid.com\/es\/putnam-county-o1-visa-lawyer\/#what-is-involved-with-the-application-process\" >\u00bfQu\u00e9 implica el proceso de solicitud?<\/a><\/li><li class='ez-toc-page-1 ez-toc-heading-level-2'><a class=\"ez-toc-link ez-toc-heading-4\" href=\"https:\/\/ppid.com\/es\/putnam-county-o1-visa-lawyer\/#what-are-the-benefits-of-working-with-an-immigration-attorney\" >\u00bfCu\u00e1les son las ventajas de trabajar con un abogado de inmigraci\u00f3n?<\/a><\/li><li class='ez-toc-page-1 ez-toc-heading-level-2'><a class=\"ez-toc-link ez-toc-heading-5\" href=\"https:\/\/ppid.com\/es\/putnam-county-o1-visa-lawyer\/#why-choose-pollack-pollack-isaac-decicco\" >\u00bfPor qu\u00e9 elegir Pollack, Pollack, Isaac &amp; DeCicco?<\/a><\/li><li class='ez-toc-page-1 ez-toc-heading-level-2'><a class=\"ez-toc-link ez-toc-heading-6\" href=\"https:\/\/ppid.com\/es\/putnam-county-o1-visa-lawyer\/#faqs\" >Preguntas frecuentes<\/a><ul class='ez-toc-list-level-3' ><li class='ez-toc-heading-level-3'><a class=\"ez-toc-link ez-toc-heading-7\" href=\"https:\/\/ppid.com\/es\/putnam-county-o1-visa-lawyer\/#how-much-does-a-lawyer-cost-for-an-o-1-visa-in-putnam-county\" >\u00bfCu\u00e1nto cuesta un abogado para un visado O-1 en Putnam County?<\/a><\/li><li class='ez-toc-page-1 ez-toc-heading-level-3'><a class=\"ez-toc-link ez-toc-heading-8\" href=\"https:\/\/ppid.com\/es\/putnam-county-o1-visa-lawyer\/#what-if-i-want-to-change-employers-under-an-o-1-visa\" >\u00bfQu\u00e9 pasa si quiero cambiar de empleador con un visado O-1?<\/a><\/li><li class='ez-toc-page-1 ez-toc-heading-level-3'><a class=\"ez-toc-link ez-toc-heading-9\" href=\"https:\/\/ppid.com\/es\/putnam-county-o1-visa-lawyer\/#who-can-be-an-agent-for-an-o-1-visa\" >\u00bfQui\u00e9n puede ser agente para un visado O-1?<\/a><\/li><li class='ez-toc-page-1 ez-toc-heading-level-3'><a class=\"ez-toc-link ez-toc-heading-10\" href=\"https:\/\/ppid.com\/es\/putnam-county-o1-visa-lawyer\/#is-it-difficult-to-get-an-o-1-visa\" >\u00bfEs dif\u00edcil obtener un visado O-1?<\/a><\/li><\/ul><\/li><li class='ez-toc-page-1 ez-toc-heading-level-2'><a class=\"ez-toc-link ez-toc-heading-11\" href=\"https:\/\/ppid.com\/es\/putnam-county-o1-visa-lawyer\/#start-your-o-1-visa-application-with-confidence\" >Inicie su solicitud de visado O-1 con confianza<\/a><ul class='ez-toc-list-level-3' ><li class='ez-toc-heading-level-3'><a class=\"ez-toc-link ez-toc-heading-12\" href=\"https:\/\/ppid.com\/es\/putnam-county-o1-visa-lawyer\/#putnam-county-ny-o-1-visa-lawyer-resources\" >Putnam County, NY O-1 Visa Abogado Recursos<\/a><\/li><\/ul><\/li><\/ul><\/nav><\/div>\n<h2><span class=\"ez-toc-section\" id=\"putnam-county-o1-visa-attorney\"><\/span>Putnam County Abogado visado O1<span class=\"ez-toc-section-end\"><\/span><\/h2>\n<p>Las leyes de inmigraci\u00f3n de EE.UU. permiten a las personas con capacidades extraordinarias en determinados campos trabajar en EE.UU. mediante el visado O-1. El proceso puede ser dif\u00edcil de navegar sin experiencia legal. <strong>apoyo de un abogado especializado en visados Putnam County O-1<\/strong>. Contar con una orientaci\u00f3n experta garantiza la presentaci\u00f3n eficaz de su talento \u00fanico.<\/p>\n<p>En <a href=\"https:\/\/ppid.com\/es\/firm\/\">Pollack, Pollack, Isaac &amp; DeCicco<\/a>, nuestros abogados aportan d\u00e9cadas de experiencia a las solicitudes de visado O-1. Somos uno de <a href=\"https:\/\/ppid.com\/es\/\">Los bufetes de abogados de inmigraci\u00f3n m\u00e1s antiguos de New York<\/a>por lo que entendemos las complejidades de la ley de inmigraci\u00f3n de EE.UU. y ofrecemos <a href=\"https:\/\/ppid.com\/es\/testimonials\/\">apoyo personalizado a los clientes<\/a> en Putnam County. Desde la recopilaci\u00f3n de documentaci\u00f3n esencial hasta la elaboraci\u00f3n de un caso convincente, <a href=\"https:\/\/ppid.com\/es\/attorney\/\">nuestro equipo jur\u00eddico<\/a> est\u00e1 aqu\u00ed para ayudarle a alcanzar sus objetivos en materia de inmigraci\u00f3n.<\/p>\n<p><img loading=\"lazy\" decoding=\"async\" class=\"aligncenter wp-image-1989 size-full\" title=\"El mejor abogado para el visado Putnam County O1\" src=\"https:\/\/ppid.com\/wp-content\/uploads\/2025\/01\/putnam-county-o1-visa-lawyer.webp\" alt=\"Best Putnam County O1 Visa Attorney\" width=\"1200\" height=\"600\" srcset=\"https:\/\/ppid.com\/wp-content\/uploads\/2025\/01\/putnam-county-o1-visa-lawyer.webp 1200w, https:\/\/ppid.com\/wp-content\/uploads\/2025\/01\/putnam-county-o1-visa-lawyer-300x150.webp 300w, https:\/\/ppid.com\/wp-content\/uploads\/2025\/01\/putnam-county-o1-visa-lawyer-1024x512.webp 1024w, https:\/\/ppid.com\/wp-content\/uploads\/2025\/01\/putnam-county-o1-visa-lawyer-768x384.webp 768w\" sizes=\"auto, (max-width: 1200px) 100vw, 1200px\" \/><\/p>\n<h2><span class=\"ez-toc-section\" id=\"who-qualifies-for-an-o-1-visa\"><\/span>\u00bfQui\u00e9n puede obtener un visado O-1?<span class=\"ez-toc-section-end\"><\/span><\/h2>\n<p>Cualificaci\u00f3n para un <a href=\"https:\/\/www.uscis.gov\/working-in-the-united-states\/temporary-workers\/o-1-visa-individuals-with-extraordinary-ability-or-achievement\" target=\"_blank\" rel=\"noopener\">Visado O-1<\/a> requiere que los solicitantes demuestren una capacidad extraordinaria en uno de los siguientes campos: artes, atletismo, ciencias, educaci\u00f3n o negocios.<\/p>\n<p>El solicitante debe haber obtenido un reconocimiento significativo, como premios importantes, dentro de su campo.<\/p>\n<p>Por ejemplo, un receptor de prestigiosos galardones como el Premio Nobel o medallas ol\u00edmpicas puede optar al visado O-1. Otras credenciales aceptables son obras publicadas, rese\u00f1as cr\u00edticas o cartas de expertos que atestig\u00fcen las capacidades excepcionales del solicitante.<\/p>\n<p>Los solicitantes deben presentar documentaci\u00f3n que demuestre que su trabajo es de importancia nacional o internacional y que seguir\u00e1n trabajando en su campo en los EE.UU. Cumplir los criterios de elegibilidad es competitivo y requiere una documentaci\u00f3n exhaustiva. Un abogado de inmigraci\u00f3n puede ayudar a guiar a los solicitantes a trav\u00e9s de este proceso.<\/p>\n<h2><span class=\"ez-toc-section\" id=\"what-is-involved-with-the-application-process\"><\/span>\u00bfQu\u00e9 implica el proceso de solicitud?<span class=\"ez-toc-section-end\"><\/span><\/h2>\n<p>Solicitar el visado O-1 en <a href=\"https:\/\/en.wikipedia.org\/wiki\/Putnam_County,_New_York\" target=\"_blank\" rel=\"noopener\">Putnam County, NY<\/a> implica una serie de pasos. En primer lugar, el empleador o agente estadounidense debe presentar una petici\u00f3n en nombre del solicitante, conocida como Petici\u00f3n para un Trabajador No Inmigrante o <a href=\"https:\/\/www.uscis.gov\/i-129\" target=\"_blank\" rel=\"noopener\">Formulario I-129<\/a>. La petici\u00f3n debe incluir documentaci\u00f3n que demuestre la extraordinaria capacidad del solicitante, como premios, cobertura medi\u00e1tica o cartas de expertos en la materia.<\/p>\n<p>Una vez que la petici\u00f3n se presenta al USCIS, puede tardar en tramitarse, aunque existe la tramitaci\u00f3n urgente para acelerar la decisi\u00f3n. Una vez que el USCIS revisa la petici\u00f3n, puede aprobar o denegar la solicitud de visado bas\u00e1ndose en las pruebas aportadas. Si la solicitud es aprobada, el solicitante puede presentar una solicitud para el visado O-1 en un consulado o embajada de EE.UU..<\/p>\n<p>Si se concede, el visado O-1 suele tener una validez de hasta tres a\u00f1os, y existe la posibilidad de prorrogarlo. A lo largo de este proceso es importante asegurarse de que toda la documentaci\u00f3n cumple las normas del USCIS para mejorar las posibilidades de aprobaci\u00f3n.<\/p>\n<h2><span class=\"ez-toc-section\" id=\"what-are-the-benefits-of-working-with-an-immigration-attorney\"><\/span>\u00bfCu\u00e1les son las ventajas de trabajar con un abogado de inmigraci\u00f3n?<span class=\"ez-toc-section-end\"><\/span><\/h2>\n<p>Trabajar con un abogado de inmigraci\u00f3n de Putnam County ofrece numerosas ventajas durante el proceso de solicitud del visado O-1. La ley de inmigraci\u00f3n es compleja, y un abogado experto en visados O-1 de Putnam County puede ayudarle a alcanzar sus objetivos de inmigraci\u00f3n.<\/p>\n<p>Le guiar\u00e1n en la recopilaci\u00f3n de las pruebas adecuadas, como cartas de expertos, cobertura medi\u00e1tica y documentaci\u00f3n de premios, para demostrar su extraordinaria capacidad. Un abogado de inmigraci\u00f3n experimentado tambi\u00e9n puede ayudarle a evitar errores comunes que podr\u00edan provocar retrasos o denegaciones, como documentaci\u00f3n incompleta o pruebas insuficientes.<\/p>\n<p>Un abogado de inmigraci\u00f3n puede resolver cualquier problema o problema que surja durante el proceso de solicitud, garantizando una experiencia m\u00e1s fluida. Trabajar con un abogado con experiencia en visados O-1 le ayuda a presentar el caso m\u00e1s s\u00f3lido posible, mejorando sus posibilidades de aprobaci\u00f3n y proporcion\u00e1ndole tranquilidad durante todo el proceso.<\/p>\n<h2><span class=\"ez-toc-section\" id=\"why-choose-pollack-pollack-isaac-decicco\"><\/span>\u00bfPor qu\u00e9 elegir Pollack, Pollack, Isaac &amp; DeCicco?<span class=\"ez-toc-section-end\"><\/span><\/h2>\n<p>Recibir una visa O-1 puede ser una experiencia que cambia la vida, pero el proceso de solicitar la visa puede ser desalentador. Por eso es crucial tener un bufete de abogados establecido a su lado. En Pollack, Pollack, Isaac &amp; DeCicco, traemos d\u00e9cadas de experiencia y apoyo personalizado para ayudarle a navegar los desaf\u00edos y alcanzar sus metas de inmigraci\u00f3n con confianza.<\/p>\n<p>Entendemos las complejidades de la ley de inmigraci\u00f3n y c\u00f3mo reunir los documentos necesarios para una solicitud exitosa de visa O-1.<\/p>\n<h2><span class=\"ez-toc-section\" id=\"faqs\"><\/span>Preguntas frecuentes<span class=\"ez-toc-section-end\"><\/span><\/h2>\n<div class=\"accsec-ritcnt accordion\">\n<div class=\"accordion-section\">\n<h3><span class=\"ez-toc-section\" id=\"how-much-does-a-lawyer-cost-for-an-o-1-visa-in-putnam-county\"><\/span><a class=\"accordion-section-title active\" href=\"#accordion-1\">\u00bfCu\u00e1nto cuesta un abogado para un visado O-1 en Putnam County?<\/a><span class=\"ez-toc-section-end\"><\/span><\/h3>\n<div id=\"accordion-1\" class=\"accordion-section-content open\" style=\"display: block;\">\n<p>Los honorarios del abogado para un visado O-1 en New York dependen de la complejidad de su caso y de la experiencia del abogado. Estos honorarios son independientes de los costes de tramitaci\u00f3n del gobierno. Un abogado ayuda a agilizar el proceso asegur\u00e1ndose de que su documentaci\u00f3n se ajusta a las normas legales para mostrar eficazmente sus habilidades extraordinarias, mejorando sus posibilidades de obtener el visado.<\/p>\n<\/div>\n<\/div>\n<div class=\"accordion-section\">\n<h3><span class=\"ez-toc-section\" id=\"what-if-i-want-to-change-employers-under-an-o-1-visa\"><\/span><a class=\"accordion-section-title\" href=\"#accordion-2\">\u00bfQu\u00e9 pasa si quiero cambiar de empleador con un visado O-1?<\/a><span class=\"ez-toc-section-end\"><\/span><\/h3>\n<div id=\"accordion-2\" class=\"accordion-section-content\" style=\"display: none;\">\n<p>Si quiere cambiar de empleador y est\u00e1 trabajando con un visado O-1, el nuevo empleador debe presentar la solicitud en la oficina del USCIS. Deben presentar un nuevo formulario de Petici\u00f3n para un Trabajador No Inmigrante o una petici\u00f3n enmendada que demuestre que ser\u00edan su nuevo empleador. Un abogado experto en inmigraci\u00f3n puede consultarle si desea cambiar de empleador.<\/p>\n<\/div>\n<\/div>\n<div class=\"accordion-section\">\n<h3><span class=\"ez-toc-section\" id=\"who-can-be-an-agent-for-an-o-1-visa\"><\/span><a class=\"accordion-section-title\" href=\"#accordion-3\">\u00bfQui\u00e9n puede ser agente para un visado O-1?<\/a><span class=\"ez-toc-section-end\"><\/span><\/h3>\n<div id=\"accordion-3\" class=\"accordion-section-content\" style=\"display: none;\">\n<p>Un agente para un visado O-1 puede actuar como empleador, representar a varios empleadores o presentar una petici\u00f3n en nombre de un empleador extranjero. Para poder optar al visado, el agente debe presentar contratos en los que se especifiquen las condiciones de empleo y documentaci\u00f3n en la que se detalle el itinerario de trabajo. Esto garantiza que la petici\u00f3n cumple todos los requisitos legales para el empleo propuesto en Estados Unidos seg\u00fan las directrices del visado O-1.<\/p>\n<\/div>\n<\/div>\n<div class=\"accordion-section\">\n<h3><span class=\"ez-toc-section\" id=\"is-it-difficult-to-get-an-o-1-visa\"><\/span><a class=\"accordion-section-title\" href=\"#accordion-4\">\u00bfEs dif\u00edcil obtener un visado O-1?<\/a><span class=\"ez-toc-section-end\"><\/span><\/h3>\n<div id=\"accordion-4\" class=\"accordion-section-content\" style=\"display: none;\">\n<p>La obtenci\u00f3n de un visado O-1 puede resultar dif\u00edcil debido a los estrictos requisitos para demostrar la capacidad extraordinaria. Los solicitantes deben aportar pruebas sustanciales de aclamaci\u00f3n y reconocimiento nacional o internacional sostenidos en su campo. Esto incluye documentaci\u00f3n detallada de logros y contribuciones significativas que demuestren aptitudes de alto nivel.<\/p>\n<\/div>\n<\/div>\n<\/div>\n<h2><span class=\"ez-toc-section\" id=\"start-your-o-1-visa-application-with-confidence\"><\/span>Inicie su solicitud de visado O-1 con confianza<span class=\"ez-toc-section-end\"><\/span><\/h2>\n<p>El visado O-1 ofrece una oportunidad inestimable para trabajar en Estados Unidos y desarrollar su carrera profesional. Aunque la solicitud del visado O-1 est\u00e1 dise\u00f1ada para agilizarse, puede haber contratiempos o incluso rechazos de la solicitud si no cuenta con la ayuda de un bufete de abogados de inmigraci\u00f3n de confianza.<\/p>\n<p>Somos uno de los bufetes de abogados de inmigraci\u00f3n m\u00e1s antiguos de New York City. Pollack, Pollack, Isaac &amp; DeCicco aprovecha nuestras d\u00e9cadas de experiencia y un s\u00f3lido historial de \u00e9xitos para ayudar a los clientes a obtener la aprobaci\u00f3n de sus solicitudes de visado O-1. Podemos guiarle a trav\u00e9s de la solicitud y asegurarnos de que su papeleo se redacta cuidadosamente y de acuerdo con las directrices federales. Comience el proceso hoy mismo <a href=\"https:\/\/ppid.com\/es\/contact\/\">programar una consulta<\/a>.<\/p>\n<h3><span class=\"ez-toc-section\" id=\"putnam-county-ny-o-1-visa-lawyer-resources\"><\/span>Putnam County, NY O-1 Visa Abogado Recursos<span class=\"ez-toc-section-end\"><\/span><\/h3>\n<ul>\n<li>Comprender los periodos de gracia de los visados de no inmigrante en Nueva York<\/li>\n<\/ul>\n<p><iframe loading=\"lazy\" style=\"border: 0;\" src=\"https:\/\/www.google.com\/maps\/embed?pb=!1m18!1m12!1m3!1d382944.7158526736!2d-74.38016371227954!3d41.42282389856077!2m3!1f0!2f0!3f0!3m2!1i1024!2i768!4f13.1!3m3!1m2!1s0x89c2b98a6b7b2983%3A0xea195b2e692faba5!2sPutnam%20County%2C%20NY%2C%20USA!5e0!3m2!1sen!2sin!4v1750682222950!5m2!1sen!2sin\" width=\"100%\" height=\"300\" allowfullscreen=\"allowfullscreen\"><\/iframe><\/p>","protected":false},"excerpt":{"rendered":"<p>Putnam County O1 Visa Attorney U.S. immigration laws allow for individuals with extraordinary abilities in certain fields to work in the US through the O-1 visa. The process can be challenging to navigate without experienced legal support from a Putnam County O-1 visa lawyer. Having knowledgeable guidance ensures your unique talents are effectively presented. At &hellip; <\/p>\n<p class=\"link-more\"><a href=\"https:\/\/ppid.com\/es\/putnam-county-o1-visa-lawyer\/\" class=\"more-link\">Seguir leyendo<span class=\"screen-reader-text\"> &#8220;Putnam County O1 Visa Lawyer&#8221;<\/span><\/a><\/p>","protected":false},"author":1,"featured_media":0,"parent":0,"menu_order":0,"comment_status":"closed","ping_status":"closed","template":"","meta":{"_acf_changed":false,"footnotes":""},"class_list":["post-1959","page","type-page","status-publish","hentry","entry"],"acf":[],"yoast_head":"<!-- This site is optimized with the Yoast SEO Premium plugin v26.8 (Yoast SEO v26.8) - https:\/\/yoast.com\/product\/yoast-seo-premium-wordpress\/ -->\n<title>Putnam County O1 Visa Lawyer &amp; Law Firm<\/title>\n<meta name=\"description\" content=\"Need a Putnam County O1 visa lawyer? PPID provides skilled legal services to help you secure extraordinary ability visas. Call us today!\" \/>\n<meta name=\"robots\" content=\"index, follow, max-snippet:-1, max-image-preview:large, max-video-preview:-1\" \/>\n<link rel=\"canonical\" href=\"https:\/\/ppid.com\/es\/putnam-county-o1-visa-lawyer\/\" \/>\n<meta property=\"og:locale\" content=\"es_MX\" \/>\n<meta property=\"og:type\" content=\"article\" \/>\n<meta property=\"og:title\" content=\"Putnam County O1 Visa Lawyer\" \/>\n<meta property=\"og:description\" content=\"Need a Putnam County O1 visa lawyer? PPID provides skilled legal services to help you secure extraordinary ability visas. Call us today!\" \/>\n<meta property=\"og:url\" content=\"https:\/\/ppid.com\/es\/putnam-county-o1-visa-lawyer\/\" \/>\n<meta property=\"og:site_name\" content=\"Pollack, Pollack, Isaac &amp; DeCicco, LLP\" \/>\n<meta property=\"article:modified_time\" content=\"2026-04-13T17:09:27+00:00\" \/>\n<meta property=\"og:image\" content=\"https:\/\/ppid.com\/wp-content\/uploads\/2025\/01\/putnam-county-o1-visa-lawyer.webp\" \/>\n\t<meta property=\"og:image:width\" content=\"1200\" \/>\n\t<meta property=\"og:image:height\" content=\"600\" \/>\n\t<meta property=\"og:image:type\" content=\"image\/webp\" \/>\n<meta name=\"twitter:card\" content=\"summary_large_image\" \/>\n<meta name=\"twitter:label1\" content=\"Tiempo de lectura\" \/>\n\t<meta name=\"twitter:data1\" content=\"5 minutos\" \/>\n<!-- \/ Yoast SEO Premium plugin. -->","yoast_head_json":{"title":"Putnam County Visa O1 Abogado y Bufete de Abogados","description":"\u00bfNecesita un abogado especializado en visados Putnam County O1? PPID proporciona servicios legales cualificados para ayudarle a obtener visados de capacidad extraordinaria. \u00a1Ll\u00e1menos hoy mismo!","robots":{"index":"index","follow":"follow","max-snippet":"max-snippet:-1","max-image-preview":"max-image-preview:large","max-video-preview":"max-video-preview:-1"},"canonical":"https:\/\/ppid.com\/es\/putnam-county-o1-visa-lawyer\/","og_locale":"es_MX","og_type":"article","og_title":"Putnam County O1 Visa Lawyer","og_description":"Need a Putnam County O1 visa lawyer? PPID provides skilled legal services to help you secure extraordinary ability visas. Call us today!","og_url":"https:\/\/ppid.com\/es\/putnam-county-o1-visa-lawyer\/","og_site_name":"Pollack, Pollack, Isaac &amp; DeCicco, LLP","article_modified_time":"2026-04-13T17:09:27+00:00","og_image":[{"width":1200,"height":600,"url":"https:\/\/ppid.com\/wp-content\/uploads\/2025\/01\/putnam-county-o1-visa-lawyer.webp","type":"image\/webp"}],"twitter_card":"summary_large_image","twitter_misc":{"Tiempo de lectura":"5 minutos"},"schema":{"@context":"https:\/\/schema.org","@graph":[{"@type":"WebPage","@id":"https:\/\/ppid.com\/putnam-county-o1-visa-lawyer\/","url":"https:\/\/ppid.com\/putnam-county-o1-visa-lawyer\/","name":"Putnam County Visa O1 Abogado y Bufete de Abogados","isPartOf":{"@id":"https:\/\/ppid.com\/#website"},"primaryImageOfPage":{"@id":"https:\/\/ppid.com\/putnam-county-o1-visa-lawyer\/#primaryimage"},"image":{"@id":"https:\/\/ppid.com\/putnam-county-o1-visa-lawyer\/#primaryimage"},"thumbnailUrl":"https:\/\/ppid.com\/wp-content\/uploads\/2025\/01\/putnam-county-o1-visa-lawyer.webp","datePublished":"2025-01-09T10:59:04+00:00","dateModified":"2026-04-13T17:09:27+00:00","description":"\u00bfNecesita un abogado especializado en visados Putnam County O1? PPID proporciona servicios legales cualificados para ayudarle a obtener visados de capacidad extraordinaria. \u00a1Ll\u00e1menos hoy mismo!","breadcrumb":{"@id":"https:\/\/ppid.com\/putnam-county-o1-visa-lawyer\/#breadcrumb"},"inLanguage":"es","potentialAction":[{"@type":"ReadAction","target":["https:\/\/ppid.com\/putnam-county-o1-visa-lawyer\/"]}]},{"@type":"ImageObject","inLanguage":"es","@id":"https:\/\/ppid.com\/putnam-county-o1-visa-lawyer\/#primaryimage","url":"https:\/\/ppid.com\/wp-content\/uploads\/2025\/01\/putnam-county-o1-visa-lawyer.webp","contentUrl":"https:\/\/ppid.com\/wp-content\/uploads\/2025\/01\/putnam-county-o1-visa-lawyer.webp"},{"@type":"BreadcrumbList","@id":"https:\/\/ppid.com\/putnam-county-o1-visa-lawyer\/#breadcrumb","itemListElement":[{"@type":"ListItem","position":1,"name":"Home","item":"https:\/\/ppid.com\/"},{"@type":"ListItem","position":2,"name":"Putnam County O1 Visa Lawyer"}]},{"@type":"WebSite","@id":"https:\/\/ppid.com\/#website","url":"https:\/\/ppid.com\/","name":"Pollack, Pollack, Isaac &amp; DeCicco, LLP","description":"","potentialAction":[{"@type":"SearchAction","target":{"@type":"EntryPoint","urlTemplate":"https:\/\/ppid.com\/?s={search_term_string}"},"query-input":{"@type":"PropertyValueSpecification","valueRequired":true,"valueName":"search_term_string"}}],"inLanguage":"es"}]}},"_links":{"self":[{"href":"https:\/\/ppid.com\/es\/wp-json\/wp\/v2\/pages\/1959","targetHints":{"allow":["GET"]}}],"collection":[{"href":"https:\/\/ppid.com\/es\/wp-json\/wp\/v2\/pages"}],"about":[{"href":"https:\/\/ppid.com\/es\/wp-json\/wp\/v2\/types\/page"}],"author":[{"embeddable":true,"href":"https:\/\/ppid.com\/es\/wp-json\/wp\/v2\/users\/1"}],"replies":[{"embeddable":true,"href":"https:\/\/ppid.com\/es\/wp-json\/wp\/v2\/comments?post=1959"}],"version-history":[{"count":0,"href":"https:\/\/ppid.com\/es\/wp-json\/wp\/v2\/pages\/1959\/revisions"}],"wp:attachment":[{"href":"https:\/\/ppid.com\/es\/wp-json\/wp\/v2\/media?parent=1959"}],"curies":[{"name":"wp","href":"https:\/\/api.w.org\/{rel}","templated":true}]}}