{"id":1963,"date":"2025-01-09T10:00:25","date_gmt":"2025-01-09T10:00:25","guid":{"rendered":"https:\/\/ppidllp.wpenginepowered.com\/?page_id=1963"},"modified":"2026-04-13T17:09:28","modified_gmt":"2026-04-13T17:09:28","slug":"queens-o1-visa-lawyer","status":"publish","type":"page","link":"https:\/\/ppid.com\/es\/queens-o1-visa-lawyer\/","title":{"rendered":"Queens Abogado visado O1"},"content":{"rendered":"<div id=\"ez-toc-container\" class=\"ez-toc-v2_0_80 counter-hierarchy ez-toc-counter ez-toc-transparent ez-toc-container-direction\">\n<div class=\"ez-toc-title-container\">\n<p class=\"ez-toc-title ez-toc-toggle\" style=\"cursor:pointer\">\u00cdndice<\/p>\n<span class=\"ez-toc-title-toggle\"><a href=\"#\" class=\"ez-toc-pull-right ez-toc-btn ez-toc-btn-xs ez-toc-btn-default ez-toc-toggle\" aria-label=\"Toggle Table of Content\"><span class=\"ez-toc-js-icon-con\"><span class=\"\"><span class=\"eztoc-hide\" style=\"display:none;\">Toggle<\/span><span class=\"ez-toc-icon-toggle-span\"><svg style=\"fill: #999;color:#999\" xmlns=\"http:\/\/www.w3.org\/2000\/svg\" class=\"list-377408\" width=\"20px\" height=\"20px\" viewbox=\"0 0 24 24\" fill=\"none\"><path d=\"M6 6H4v2h2V6zm14 0H8v2h12V6zM4 11h2v2H4v-2zm16 0H8v2h12v-2zM4 16h2v2H4v-2zm16 0H8v2h12v-2z\" fill=\"currentColor\"><\/path><\/svg><svg style=\"fill: #999;color:#999\" class=\"arrow-unsorted-368013\" xmlns=\"http:\/\/www.w3.org\/2000\/svg\" width=\"10px\" height=\"10px\" viewbox=\"0 0 24 24\" version=\"1.2\" baseprofile=\"tiny\"><path d=\"M18.2 9.3l-6.2-6.3-6.2 6.3c-.2.2-.3.4-.3.7s.1.5.3.7c.2.2.4.3.7.3h11c.3 0 .5-.1.7-.3.2-.2.3-.5.3-.7s-.1-.5-.3-.7zM5.8 14.7l6.2 6.3 6.2-6.3c.2-.2.3-.5.3-.7s-.1-.5-.3-.7c-.2-.2-.4-.3-.7-.3h-11c-.3 0-.5.1-.7.3-.2.2-.3.5-.3.7s.1.5.3.7z\"\/><\/svg><\/span><\/span><\/span><\/a><\/span><\/div>\n<nav><ul class='ez-toc-list ez-toc-list-level-1 eztoc-toggle-hide-by-default' ><li class='ez-toc-page-1 ez-toc-heading-level-2'><a class=\"ez-toc-link ez-toc-heading-1\" href=\"https:\/\/ppid.com\/es\/queens-o1-visa-lawyer\/#queens-o1-visa-attorney\" >Queens Abogado visado O1<\/a><\/li><li class='ez-toc-page-1 ez-toc-heading-level-2'><a class=\"ez-toc-link ez-toc-heading-2\" href=\"https:\/\/ppid.com\/es\/queens-o1-visa-lawyer\/#understanding-the-o-1-visa-program\" >Programa de visados O-1<\/a><\/li><li class='ez-toc-page-1 ez-toc-heading-level-2'><a class=\"ez-toc-link ez-toc-heading-3\" href=\"https:\/\/ppid.com\/es\/queens-o1-visa-lawyer\/#eligibility-criteria\" >Criterios de admisibilidad<\/a><\/li><li class='ez-toc-page-1 ez-toc-heading-level-2'><a class=\"ez-toc-link ez-toc-heading-4\" href=\"https:\/\/ppid.com\/es\/queens-o1-visa-lawyer\/#can-i-stay-indefinitely\" >\u00bfPuedo quedarme indefinidamente?<\/a><\/li><li class='ez-toc-page-1 ez-toc-heading-level-2'><a class=\"ez-toc-link ez-toc-heading-5\" href=\"https:\/\/ppid.com\/es\/queens-o1-visa-lawyer\/#how-an-attorney-can-help\" >C\u00f3mo puede ayudar un abogado<\/a><\/li><li class='ez-toc-page-1 ez-toc-heading-level-2'><a class=\"ez-toc-link ez-toc-heading-6\" href=\"https:\/\/ppid.com\/es\/queens-o1-visa-lawyer\/#why-choose-pollack-pollack-isaac-decicco\" >\u00bfPor qu\u00e9 elegir Pollack, Pollack, Isaac &amp; DeCicco?<\/a><\/li><li class='ez-toc-page-1 ez-toc-heading-level-2'><a class=\"ez-toc-link ez-toc-heading-7\" href=\"https:\/\/ppid.com\/es\/queens-o1-visa-lawyer\/#faqs\" >Preguntas frecuentes<\/a><ul class='ez-toc-list-level-3' ><li class='ez-toc-heading-level-3'><a class=\"ez-toc-link ez-toc-heading-8\" href=\"https:\/\/ppid.com\/es\/queens-o1-visa-lawyer\/#how-long-does-it-take-for-an-o-1-visa-to-be-approved\" >\u00bfCu\u00e1nto tarda en aprobarse un visado O-1?<\/a><\/li><li class='ez-toc-page-1 ez-toc-heading-level-3'><a class=\"ez-toc-link ez-toc-heading-9\" href=\"https:\/\/ppid.com\/es\/queens-o1-visa-lawyer\/#what-is-the-approval-rate-for-o-1-visas\" >\u00bfCu\u00e1l es la tasa de aprobaci\u00f3n de visados O-1?<\/a><\/li><li class='ez-toc-page-1 ez-toc-heading-level-3'><a class=\"ez-toc-link ez-toc-heading-10\" href=\"https:\/\/ppid.com\/es\/queens-o1-visa-lawyer\/#is-an-o-1-visa-better-than-an-h-1b\" >\u00bfEs mejor un visado O-1 que un H-1B?<\/a><\/li><li class='ez-toc-page-1 ez-toc-heading-level-3'><a class=\"ez-toc-link ez-toc-heading-11\" href=\"https:\/\/ppid.com\/es\/queens-o1-visa-lawyer\/#can-you-get-an-o-1-visa-without-a-sponsor\" >\u00bfSe puede obtener un visado O-1 sin padrino?<\/a><\/li><\/ul><\/li><li class='ez-toc-page-1 ez-toc-heading-level-2'><a class=\"ez-toc-link ez-toc-heading-12\" href=\"https:\/\/ppid.com\/es\/queens-o1-visa-lawyer\/#start-your-path-to-an-o-1-visa-today\" >Comience hoy mismo su camino hacia un visado O-1<\/a><ul class='ez-toc-list-level-3' ><li class='ez-toc-heading-level-3'><a class=\"ez-toc-link ez-toc-heading-13\" href=\"https:\/\/ppid.com\/es\/queens-o1-visa-lawyer\/#queens-ny-o-1-visa-lawyer-resources\" >Queens, NY O-1 Visa Abogado Recursos<\/a><\/li><\/ul><\/li><\/ul><\/nav><\/div>\n<h2><span class=\"ez-toc-section\" id=\"queens-o1-visa-attorney\"><\/span>Queens Abogado visado O1<span class=\"ez-toc-section-end\"><\/span><\/h2>\n<p>El visado O-1 tiene por objeto ayudar a las personas con un talento extraordinario a trabajar y prosperar en Estados Unidos. El visado O-1 se centra en personas que destacan en las ciencias, el atletismo, las artes o la educaci\u00f3n. El proceso de solicitud puede ser complejo y exige una preparaci\u00f3n cuidadosa. <strong>Queens Abogado visado O-1<\/strong> garantiza que sus logros se destaquen de forma eficaz, ofreci\u00e9ndole las mayores posibilidades de \u00e9xito.<\/p>\n<p>En <a href=\"https:\/\/ppid.com\/es\/firm\/\">Pollack, Pollack, Isaac &amp; DeCicco<\/a>En New York, combinamos d\u00e9cadas de experiencia con orientaci\u00f3n personalizada para ayudar a los clientes a navegar por las complejidades de las solicitudes de visado O-1. Somos uno de los m\u00e1s antiguos y m\u00e1s <a href=\"https:\/\/ppid.com\/es\/\">bufetes de abogados especializados en inmigraci\u00f3n<\/a> y nos dedicamos a apoyar a personas con talento para que alcancen sus objetivos profesionales. Nuestra <a href=\"https:\/\/ppid.com\/es\/attorney\/\">equipo jur\u00eddico experimentado<\/a> est\u00e1 aqu\u00ed para ayudarle a alcanzar sus objetivos de inmigraci\u00f3n mediante <a href=\"https:\/\/ppid.com\/es\/testimonials\/\">ayudarle a construir un caso convincente<\/a>.<\/p>\n<p><img loading=\"lazy\" decoding=\"async\" class=\"aligncenter wp-image-1978 size-full\" title=\"El mejor abogado para el visado Queens O1\" src=\"https:\/\/ppid.com\/wp-content\/uploads\/2025\/01\/queens-o1-visa-lawyer.webp\" alt=\"Best Queens O1 Visa Attorney\" width=\"1200\" height=\"600\" srcset=\"https:\/\/ppid.com\/wp-content\/uploads\/2025\/01\/queens-o1-visa-lawyer.webp 1200w, https:\/\/ppid.com\/wp-content\/uploads\/2025\/01\/queens-o1-visa-lawyer-300x150.webp 300w, https:\/\/ppid.com\/wp-content\/uploads\/2025\/01\/queens-o1-visa-lawyer-1024x512.webp 1024w, https:\/\/ppid.com\/wp-content\/uploads\/2025\/01\/queens-o1-visa-lawyer-768x384.webp 768w\" sizes=\"auto, (max-width: 1200px) 100vw, 1200px\" \/><\/p>\n<h2><span class=\"ez-toc-section\" id=\"understanding-the-o-1-visa-program\"><\/span>Programa de visados O-1<span class=\"ez-toc-section-end\"><\/span><\/h2>\n<p>negocios o atletismo la <a href=\"https:\/\/www.uscis.gov\/working-in-the-united-states\/temporary-workers\/o-1-visa-individuals-with-extraordinary-ability-or-achievement\" target=\"_blank\" rel=\"noopener\">Visado O-1<\/a> es un visado de no inmigrante que permite a los beneficiarios trabajar temporalmente en Estados Unidos mientras muestran sus talentos y habilidades.<\/p>\n<p>El programa es especialmente beneficioso para las personas que han logrado un reconocimiento significativo en sus campos y pueden demostrar sus extraordinarias habilidades con pruebas documentadas. Aunque el visado O-1 no es una v\u00eda directa hacia la residencia permanente, puede servir de trampol\u00edn para quienes deseen pasar a otras categor\u00edas de visado o a la tarjeta verde.<\/p>\n<h2><span class=\"ez-toc-section\" id=\"eligibility-criteria\"><\/span>Criterios de admisibilidad<span class=\"ez-toc-section-end\"><\/span><\/h2>\n<p>Para poder optar al visado O-1, los solicitantes deben cumplir los requisitos de demostrar que poseen capacidades extraordinarias en su campo. Las pruebas aportadas deben demostrar que la persona ha recibido un reconocimiento sustancial, como premios internacionales o contribuciones de gran importancia.<\/p>\n<p>La documentaci\u00f3n puede incluir cobertura medi\u00e1tica, trabajos publicados o cartas de profesionales del sector que confirmen las contribuciones del solicitante. Dependiendo del campo, pueden aplicarse requisitos adicionales. El proceso es muy competitivo y USCIS exige pruebas detalladas de que el trabajo del solicitante goza de reconocimiento nacional o internacional.<\/p>\n<h2><span class=\"ez-toc-section\" id=\"can-i-stay-indefinitely\"><\/span>\u00bfPuedo quedarme indefinidamente?<span class=\"ez-toc-section-end\"><\/span><\/h2>\n<p>El visado O-1 no permite una estancia indefinida. Puede prorrogarse en incrementos de un a\u00f1o. Si la persona sigue trabajando en el mismo campo y cumple los requisitos del visado, puede solicitar pr\u00f3rrogas para permanecer en Estados Unidos.<\/p>\n<p>El titular del visado tambi\u00e9n debe demostrar que su empleo es continuo, y las pr\u00f3rrogas se conceden en funci\u00f3n de las necesidades del empleador y de la extraordinaria capacidad continuada del solicitante en su campo. El visado O-1 suele concederse por un periodo inicial de hasta tres a\u00f1os, pero existe flexibilidad para quienes necesiten periodos m\u00e1s largos para completar su trabajo.<\/p>\n<h2><span class=\"ez-toc-section\" id=\"how-an-attorney-can-help\"><\/span>C\u00f3mo puede ayudar un abogado<span class=\"ez-toc-section-end\"><\/span><\/h2>\n<p>En <a href=\"https:\/\/ppid.com\/es\/queens-immigration-lawyer\/\">abogado experto en inmigraci\u00f3n Queens<\/a> puede desempe\u00f1ar un papel crucial en la obtenci\u00f3n de un visado O-1 guiando a los solicitantes a trav\u00e9s del complejo proceso legal. Desde asegurarse de que se re\u00fane toda la documentaci\u00f3n necesaria hasta elaborar un caso convincente, un abogado puede ayudar a presentar las pruebas de su extraordinaria capacidad de la manera m\u00e1s eficaz.<\/p>\n<p>Abogados con experiencia en derecho de inmigraci\u00f3n en <a href=\"https:\/\/en.wikipedia.org\/wiki\/Queens\" target=\"_blank\" rel=\"noopener\">Queens, NY<\/a> entienden los matices de los requisitos del USCIS y pueden ayudar a evitar errores comunes que podr\u00edan conducir a una denegaci\u00f3n. Adem\u00e1s, un abogado puede ayudar con la presentaci\u00f3n de pr\u00f3rrogas, la gesti\u00f3n de los desaf\u00edos legales, o la transici\u00f3n a otras categor\u00edas de visado si es necesario, lo que garantiza el \u00e9xito a largo plazo en el proceso de inmigraci\u00f3n.<\/p>\n<h2><span class=\"ez-toc-section\" id=\"why-choose-pollack-pollack-isaac-decicco\"><\/span>\u00bfPor qu\u00e9 elegir Pollack, Pollack, Isaac &amp; DeCicco?<span class=\"ez-toc-section-end\"><\/span><\/h2>\n<p>Ha trabajado y ha dedicado tiempo a perfeccionar competencias de gran valor en Estados Unidos. Ahora, usted est\u00e1 interesado en llevar esas habilidades m\u00e1s all\u00e1 en los Estados Unidos. listo para dar el gran paso. Conseguir un visado O-1 le abre las puertas a oportunidades incre\u00edbles en Estados Unidos, pero el camino hasta la aprobaci\u00f3n puede ser complicado.<\/p>\n<p>Con tanto en juego, es importante contar con un bufete de abogados de confianza que le gu\u00ede a trav\u00e9s del proceso. En Pollack, Pollack, Isaac &amp; DeCicco, tenemos una amplia experiencia y podemos ayudarle a navegar por las complejidades de la ley de inmigraci\u00f3n y reunir la documentaci\u00f3n clave necesaria para su solicitud de visa O-1.<\/p>\n<h2><span class=\"ez-toc-section\" id=\"faqs\"><\/span>Preguntas frecuentes<span class=\"ez-toc-section-end\"><\/span><\/h2>\n<div class=\"accsec-ritcnt accordion\">\n<div class=\"accordion-section\">\n<h3><span class=\"ez-toc-section\" id=\"how-long-does-it-take-for-an-o-1-visa-to-be-approved\"><\/span><a class=\"accordion-section-title active\" href=\"#accordion-1\">\u00bfCu\u00e1nto tarda en aprobarse un visado O-1?<\/a><span class=\"ez-toc-section-end\"><\/span><\/h3>\n<div id=\"accordion-1\" class=\"accordion-section-content open\" style=\"display: block;\">\n<p>El tiempo de tramitaci\u00f3n del visado O-1 var\u00eda en funci\u00f3n de la carga de trabajo del USCIS y de la complejidad de la solicitud. Los empresarios pueden solicitar la tramitaci\u00f3n urgente para una decisi\u00f3n acelerada, normalmente <a href=\"https:\/\/www.uscis.gov\/forms\/all-forms\/how-do-i-request-premium-processing\" target=\"_blank\" rel=\"noopener\">en un plazo de 15 d\u00edas naturales<\/a>. Consultar con un abogado de inmigraci\u00f3n puede proporcionar un calendario m\u00e1s preciso basado en sus circunstancias espec\u00edficas.<\/p>\n<\/div>\n<\/div>\n<div class=\"accordion-section\">\n<h3><span class=\"ez-toc-section\" id=\"what-is-the-approval-rate-for-o-1-visas\"><\/span><a class=\"accordion-section-title\" href=\"#accordion-2\">\u00bfCu\u00e1l es la tasa de aprobaci\u00f3n de visados O-1?<\/a><span class=\"ez-toc-section-end\"><\/span><\/h3>\n<div id=\"accordion-2\" class=\"accordion-section-content\" style=\"display: none;\">\n<p>El visado O-1 tiene un alto \u00edndice de aprobaci\u00f3n, especialmente cuando los solicitantes buscan ayuda profesional. La aprobaci\u00f3n depende en gran medida de la solidez de la solicitud, incluidas pruebas claras de capacidad extraordinaria y documentaci\u00f3n adecuada. Aunque el visado es importante para la econom\u00eda estadounidense, trabajar con un abogado experimentado aumenta las posibilidades de \u00e9xito. Un abogado experto puede ayudar a preparar un caso convincente y abordar los posibles problemas.<\/p>\n<\/div>\n<\/div>\n<div class=\"accordion-section\">\n<h3><span class=\"ez-toc-section\" id=\"is-an-o-1-visa-better-than-an-h-1b\"><\/span><a class=\"accordion-section-title\" href=\"#accordion-3\">\u00bfEs mejor un visado O-1 que un H-1B?<\/a><span class=\"ez-toc-section-end\"><\/span><\/h3>\n<div id=\"accordion-3\" class=\"accordion-section-content\" style=\"display: none;\">\n<p>Los visados O-1 y H-1B tienen finalidades diferentes. El visado O-1 es para personas con capacidades extraordinarias y no est\u00e1 sujeto a l\u00edmites anuales. El visado <a href=\"https:\/\/www.uscis.gov\/working-in-the-united-states\/h-1b-specialty-occupations\" target=\"_blank\" rel=\"noopener\">Visado H-1B<\/a> se aplica a profesiones especializadas, pero tiene un n\u00famero limitado de visados expedidos cada a\u00f1o, lo que la hace muy competitiva. La mejor opci\u00f3n depende de tus cualificaciones y objetivos profesionales.<\/p>\n<\/div>\n<\/div>\n<div class=\"accordion-section\">\n<h3><span class=\"ez-toc-section\" id=\"can-you-get-an-o-1-visa-without-a-sponsor\"><\/span><a class=\"accordion-section-title\" href=\"#accordion-4\">\u00bfSe puede obtener un visado O-1 sin padrino?<\/a><span class=\"ez-toc-section-end\"><\/span><\/h3>\n<div id=\"accordion-4\" class=\"accordion-section-content\" style=\"display: none;\">\n<p>No, un visado O-1 requiere el patrocinio de un empleador o agente estadounidense. El patrocinador debe presentar la petici\u00f3n en su nombre, describiendo las capacidades extraordinarias y el empleo espec\u00edfico ofrecido. La autopetici\u00f3n no est\u00e1 permitida. Un abogado puede guiarle tanto a usted como a su patrocinador a trav\u00e9s de los requisitos detallados de la solicitud del visado O-1.<\/p>\n<\/div>\n<\/div>\n<\/div>\n<h2><span class=\"ez-toc-section\" id=\"start-your-path-to-an-o-1-visa-today\"><\/span>Comience hoy mismo su camino hacia un visado O-1<span class=\"ez-toc-section-end\"><\/span><\/h2>\n<p>La visa O-1 presenta una oportunidad \u00fanica para avanzar en su carrera en los Estados Unidos, pero el proceso de solicitud a\u00fan puede ser oneroso sin la orientaci\u00f3n legal adecuada. La aprobaci\u00f3n, los contratiempos y los rechazos pueden ocurrir si usted no tiene el apoyo adecuado.<\/p>\n<p>En Pollack, Pollack, Isaac &amp; DeCicco, uno de los bufetes de abogados de inmigraci\u00f3n m\u00e1s antiguos en New York City, aportamos d\u00e9cadas de experiencia y un s\u00f3lido historial de \u00e9xito para ayudarle a navegar la solicitud de visa O-1. Perm\u00edtanos asegurarnos de que su documentaci\u00f3n sea completa, precisa y de acuerdo con las directrices federales. Empiece hoy mismo <a href=\"https:\/\/ppid.com\/es\/contact\/\">programar una consulta<\/a> hoy.<\/p>\n<h3><span class=\"ez-toc-section\" id=\"queens-ny-o-1-visa-lawyer-resources\"><\/span>Queens, NY O-1 Visa Abogado Recursos<span class=\"ez-toc-section-end\"><\/span><\/h3>\n<ul>\n<li>Comprender los periodos de gracia de los visados de no inmigrante en Nueva York<\/li>\n<\/ul>\n<p><iframe loading=\"lazy\" style=\"border: 0;\" src=\"https:\/\/www.google.com\/maps\/embed?pb=!1m18!1m12!1m3!1d193731.41691261338!2d-73.87114045!3d40.6507535!2m3!1f0!2f0!3f0!3m2!1i1024!2i768!4f13.1!3m3!1m2!1s0x89c24369470a592b%3A0x4109d18b6c5c7b05!2sQueens%2C%20NY%2C%20USA!5e0!3m2!1sen!2sin!4v1750681863634!5m2!1sen!2sin\" width=\"100%\" height=\"300\" allowfullscreen=\"allowfullscreen\"><\/iframe><\/p>","protected":false},"excerpt":{"rendered":"<p>Queens O1 Visa Attorney The O-1 visa is intended to help individuals with extraordinary talent to work and thrive in the United States. The O-1 visa focuses on people who excel in the sciences, athletics, the arts, or education. The application process can be intricate and demands careful preparation Partnering with a Queens O-1 visa &hellip; <\/p>\n<p class=\"link-more\"><a href=\"https:\/\/ppid.com\/es\/queens-o1-visa-lawyer\/\" class=\"more-link\">Seguir leyendo<span class=\"screen-reader-text\"> &#8220;Queens O1 Visa Lawyer&#8221;<\/span><\/a><\/p>","protected":false},"author":1,"featured_media":0,"parent":0,"menu_order":0,"comment_status":"closed","ping_status":"closed","template":"","meta":{"_acf_changed":false,"footnotes":""},"class_list":["post-1963","page","type-page","status-publish","hentry","entry"],"acf":[],"yoast_head":"<!-- This site is optimized with the Yoast SEO Premium plugin v26.8 (Yoast SEO v26.8) - https:\/\/yoast.com\/product\/yoast-seo-premium-wordpress\/ -->\n<title>Queens O1 Visa Lawyer &amp; Law Firm<\/title>\n<meta name=\"description\" content=\"Looking for a Queens O1 visa lawyer? PPID provides skilled legal services for extraordinary ability visas. Contact us today to discuss your case!\" \/>\n<meta name=\"robots\" content=\"index, follow, max-snippet:-1, max-image-preview:large, max-video-preview:-1\" \/>\n<link rel=\"canonical\" href=\"https:\/\/ppid.com\/es\/queens-o1-visa-lawyer\/\" \/>\n<meta property=\"og:locale\" content=\"es_MX\" \/>\n<meta property=\"og:type\" content=\"article\" \/>\n<meta property=\"og:title\" content=\"Queens O1 Visa Lawyer\" \/>\n<meta property=\"og:description\" content=\"Looking for a Queens O1 visa lawyer? PPID provides skilled legal services for extraordinary ability visas. Contact us today to discuss your case!\" \/>\n<meta property=\"og:url\" content=\"https:\/\/ppid.com\/es\/queens-o1-visa-lawyer\/\" \/>\n<meta property=\"og:site_name\" content=\"Pollack, Pollack, Isaac &amp; DeCicco, LLP\" \/>\n<meta property=\"article:modified_time\" content=\"2026-04-13T17:09:28+00:00\" \/>\n<meta property=\"og:image\" content=\"https:\/\/ppid.com\/wp-content\/uploads\/2025\/01\/queens-o1-visa-lawyer.webp\" \/>\n\t<meta property=\"og:image:width\" content=\"1200\" \/>\n\t<meta property=\"og:image:height\" content=\"600\" \/>\n\t<meta property=\"og:image:type\" content=\"image\/webp\" \/>\n<meta name=\"twitter:card\" content=\"summary_large_image\" \/>\n<meta name=\"twitter:label1\" content=\"Tiempo de lectura\" \/>\n\t<meta name=\"twitter:data1\" content=\"5 minutos\" \/>\n<!-- \/ Yoast SEO Premium plugin. -->","yoast_head_json":{"title":"Queens Visa O1 Abogado y bufete de abogados","description":"\u00bfBusca un abogado para el visado Queens O1? PPID ofrece servicios legales cualificados para visados de habilidades extraordinarias. \u00a1P\u00f3ngase en contacto con nosotros hoy para discutir su caso!","robots":{"index":"index","follow":"follow","max-snippet":"max-snippet:-1","max-image-preview":"max-image-preview:large","max-video-preview":"max-video-preview:-1"},"canonical":"https:\/\/ppid.com\/es\/queens-o1-visa-lawyer\/","og_locale":"es_MX","og_type":"article","og_title":"Queens O1 Visa Lawyer","og_description":"Looking for a Queens O1 visa lawyer? PPID provides skilled legal services for extraordinary ability visas. Contact us today to discuss your case!","og_url":"https:\/\/ppid.com\/es\/queens-o1-visa-lawyer\/","og_site_name":"Pollack, Pollack, Isaac &amp; DeCicco, LLP","article_modified_time":"2026-04-13T17:09:28+00:00","og_image":[{"width":1200,"height":600,"url":"https:\/\/ppid.com\/wp-content\/uploads\/2025\/01\/queens-o1-visa-lawyer.webp","type":"image\/webp"}],"twitter_card":"summary_large_image","twitter_misc":{"Tiempo de lectura":"5 minutos"},"schema":{"@context":"https:\/\/schema.org","@graph":[{"@type":"WebPage","@id":"https:\/\/ppid.com\/queens-o1-visa-lawyer\/","url":"https:\/\/ppid.com\/queens-o1-visa-lawyer\/","name":"Queens Visa O1 Abogado y bufete de abogados","isPartOf":{"@id":"https:\/\/ppid.com\/#website"},"primaryImageOfPage":{"@id":"https:\/\/ppid.com\/queens-o1-visa-lawyer\/#primaryimage"},"image":{"@id":"https:\/\/ppid.com\/queens-o1-visa-lawyer\/#primaryimage"},"thumbnailUrl":"https:\/\/ppid.com\/wp-content\/uploads\/2025\/01\/queens-o1-visa-lawyer.webp","datePublished":"2025-01-09T10:00:25+00:00","dateModified":"2026-04-13T17:09:28+00:00","description":"\u00bfBusca un abogado para el visado Queens O1? PPID ofrece servicios legales cualificados para visados de habilidades extraordinarias. \u00a1P\u00f3ngase en contacto con nosotros hoy para discutir su caso!","breadcrumb":{"@id":"https:\/\/ppid.com\/queens-o1-visa-lawyer\/#breadcrumb"},"inLanguage":"es","potentialAction":[{"@type":"ReadAction","target":["https:\/\/ppid.com\/queens-o1-visa-lawyer\/"]}]},{"@type":"ImageObject","inLanguage":"es","@id":"https:\/\/ppid.com\/queens-o1-visa-lawyer\/#primaryimage","url":"https:\/\/ppid.com\/wp-content\/uploads\/2025\/01\/queens-o1-visa-lawyer.webp","contentUrl":"https:\/\/ppid.com\/wp-content\/uploads\/2025\/01\/queens-o1-visa-lawyer.webp"},{"@type":"BreadcrumbList","@id":"https:\/\/ppid.com\/queens-o1-visa-lawyer\/#breadcrumb","itemListElement":[{"@type":"ListItem","position":1,"name":"Home","item":"https:\/\/ppid.com\/"},{"@type":"ListItem","position":2,"name":"Queens O1 Visa Lawyer"}]},{"@type":"WebSite","@id":"https:\/\/ppid.com\/#website","url":"https:\/\/ppid.com\/","name":"Pollack, Pollack, Isaac &amp; DeCicco, LLP","description":"","potentialAction":[{"@type":"SearchAction","target":{"@type":"EntryPoint","urlTemplate":"https:\/\/ppid.com\/?s={search_term_string}"},"query-input":{"@type":"PropertyValueSpecification","valueRequired":true,"valueName":"search_term_string"}}],"inLanguage":"es"}]}},"_links":{"self":[{"href":"https:\/\/ppid.com\/es\/wp-json\/wp\/v2\/pages\/1963","targetHints":{"allow":["GET"]}}],"collection":[{"href":"https:\/\/ppid.com\/es\/wp-json\/wp\/v2\/pages"}],"about":[{"href":"https:\/\/ppid.com\/es\/wp-json\/wp\/v2\/types\/page"}],"author":[{"embeddable":true,"href":"https:\/\/ppid.com\/es\/wp-json\/wp\/v2\/users\/1"}],"replies":[{"embeddable":true,"href":"https:\/\/ppid.com\/es\/wp-json\/wp\/v2\/comments?post=1963"}],"version-history":[{"count":0,"href":"https:\/\/ppid.com\/es\/wp-json\/wp\/v2\/pages\/1963\/revisions"}],"wp:attachment":[{"href":"https:\/\/ppid.com\/es\/wp-json\/wp\/v2\/media?parent=1963"}],"curies":[{"name":"wp","href":"https:\/\/api.w.org\/{rel}","templated":true}]}}