{"id":1965,"date":"2025-01-09T10:29:47","date_gmt":"2025-01-09T10:29:47","guid":{"rendered":"https:\/\/ppidllp.wpenginepowered.com\/?page_id=1965"},"modified":"2026-04-13T17:09:28","modified_gmt":"2026-04-13T17:09:28","slug":"brooklyn-o1-visa-lawyer","status":"publish","type":"page","link":"https:\/\/ppid.com\/es\/brooklyn-o1-visa-lawyer\/","title":{"rendered":"Brooklyn Abogado visado O1"},"content":{"rendered":"<div id=\"ez-toc-container\" class=\"ez-toc-v2_0_80 counter-hierarchy ez-toc-counter ez-toc-transparent ez-toc-container-direction\">\n<div class=\"ez-toc-title-container\">\n<p class=\"ez-toc-title ez-toc-toggle\" style=\"cursor:pointer\">\u00cdndice<\/p>\n<span class=\"ez-toc-title-toggle\"><a href=\"#\" class=\"ez-toc-pull-right ez-toc-btn ez-toc-btn-xs ez-toc-btn-default ez-toc-toggle\" aria-label=\"Toggle Table of Content\"><span class=\"ez-toc-js-icon-con\"><span class=\"\"><span class=\"eztoc-hide\" style=\"display:none;\">Toggle<\/span><span class=\"ez-toc-icon-toggle-span\"><svg style=\"fill: #999;color:#999\" xmlns=\"http:\/\/www.w3.org\/2000\/svg\" class=\"list-377408\" width=\"20px\" height=\"20px\" viewbox=\"0 0 24 24\" fill=\"none\"><path d=\"M6 6H4v2h2V6zm14 0H8v2h12V6zM4 11h2v2H4v-2zm16 0H8v2h12v-2zM4 16h2v2H4v-2zm16 0H8v2h12v-2z\" fill=\"currentColor\"><\/path><\/svg><svg style=\"fill: #999;color:#999\" class=\"arrow-unsorted-368013\" xmlns=\"http:\/\/www.w3.org\/2000\/svg\" width=\"10px\" height=\"10px\" viewbox=\"0 0 24 24\" version=\"1.2\" baseprofile=\"tiny\"><path d=\"M18.2 9.3l-6.2-6.3-6.2 6.3c-.2.2-.3.4-.3.7s.1.5.3.7c.2.2.4.3.7.3h11c.3 0 .5-.1.7-.3.2-.2.3-.5.3-.7s-.1-.5-.3-.7zM5.8 14.7l6.2 6.3 6.2-6.3c.2-.2.3-.5.3-.7s-.1-.5-.3-.7c-.2-.2-.4-.3-.7-.3h-11c-.3 0-.5.1-.7.3-.2.2-.3.5-.3.7s.1.5.3.7z\"\/><\/svg><\/span><\/span><\/span><\/a><\/span><\/div>\n<nav><ul class='ez-toc-list ez-toc-list-level-1 eztoc-toggle-hide-by-default' ><li class='ez-toc-page-1 ez-toc-heading-level-2'><a class=\"ez-toc-link ez-toc-heading-1\" href=\"https:\/\/ppid.com\/es\/brooklyn-o1-visa-lawyer\/#brooklyn-o1-visa-attorney\" >Brooklyn Abogado visado O1<\/a><\/li><li class='ez-toc-page-1 ez-toc-heading-level-2'><a class=\"ez-toc-link ez-toc-heading-2\" href=\"https:\/\/ppid.com\/es\/brooklyn-o1-visa-lawyer\/#who-uses-the-o-1-visa\" >\u00bfQui\u00e9n utiliza el visado O-1?<\/a><\/li><li class='ez-toc-page-1 ez-toc-heading-level-2'><a class=\"ez-toc-link ez-toc-heading-3\" href=\"https:\/\/ppid.com\/es\/brooklyn-o1-visa-lawyer\/#benefits-of-a-successful-o-1-visa-application\" >Ventajas de solicitar con \u00e9xito un visado O-1<\/a><\/li><li class='ez-toc-page-1 ez-toc-heading-level-2'><a class=\"ez-toc-link ez-toc-heading-4\" href=\"https:\/\/ppid.com\/es\/brooklyn-o1-visa-lawyer\/#how-an-brooklyn-immigration-attorney-can-help\" >C\u00f3mo puede ayudar un abogado de inmigraci\u00f3n Brooklyn<\/a><\/li><li class='ez-toc-page-1 ez-toc-heading-level-2'><a class=\"ez-toc-link ez-toc-heading-5\" href=\"https:\/\/ppid.com\/es\/brooklyn-o1-visa-lawyer\/#why-choose-pollack-pollack-isaac-decicco\" >\u00bfPor qu\u00e9 elegir Pollack, Pollack, Isaac &amp; DeCicco?<\/a><\/li><li class='ez-toc-page-1 ez-toc-heading-level-2'><a class=\"ez-toc-link ez-toc-heading-6\" href=\"https:\/\/ppid.com\/es\/brooklyn-o1-visa-lawyer\/#faqs\" >Preguntas frecuentes<\/a><ul class='ez-toc-list-level-3' ><li class='ez-toc-heading-level-3'><a class=\"ez-toc-link ez-toc-heading-7\" href=\"https:\/\/ppid.com\/es\/brooklyn-o1-visa-lawyer\/#is-o-1-visa-prestigious\" >\u00bfEs prestigioso el visado O-1?<\/a><\/li><li class='ez-toc-page-1 ez-toc-heading-level-3'><a class=\"ez-toc-link ez-toc-heading-8\" href=\"https:\/\/ppid.com\/es\/brooklyn-o1-visa-lawyer\/#does-an-o-1-visa-lead-to-a-green-card\" >\u00bfEl visado O-1 permite obtener la tarjeta verde?<\/a><\/li><li class='ez-toc-page-1 ez-toc-heading-level-3'><a class=\"ez-toc-link ez-toc-heading-9\" href=\"https:\/\/ppid.com\/es\/brooklyn-o1-visa-lawyer\/#how-much-does-an-o-1-visa-cost\" >\u00bfCu\u00e1nto cuesta un visado O-1?<\/a><\/li><li class='ez-toc-page-1 ez-toc-heading-level-3'><a class=\"ez-toc-link ez-toc-heading-10\" href=\"https:\/\/ppid.com\/es\/brooklyn-o1-visa-lawyer\/#do-o-1-visa-holders-pay-taxes\" >\u00bfPagan impuestos los titulares de visados O-1?<\/a><\/li><\/ul><\/li><li class='ez-toc-page-1 ez-toc-heading-level-2'><a class=\"ez-toc-link ez-toc-heading-11\" href=\"https:\/\/ppid.com\/es\/brooklyn-o1-visa-lawyer\/#start-the-process-of-obtaining-your-o-1-visa-today\" >Inicie hoy mismo el proceso de obtenci\u00f3n de su visado O-1<\/a><ul class='ez-toc-list-level-3' ><li class='ez-toc-heading-level-3'><a class=\"ez-toc-link ez-toc-heading-12\" href=\"https:\/\/ppid.com\/es\/brooklyn-o1-visa-lawyer\/#brooklyn-ny-o-1-visa-lawyer-resources\" >Brooklyn, NY O-1 Visa Abogado Recursos<\/a><\/li><\/ul><\/li><\/ul><\/nav><\/div>\n<h2><span class=\"ez-toc-section\" id=\"brooklyn-o1-visa-attorney\"><\/span>Brooklyn Abogado visado O1<span class=\"ez-toc-section-end\"><\/span><\/h2>\n<p>El visado O-1 ofrece a los no inmigrantes con aptitudes extraordinarias una oportunidad \u00fanica de encontrar empleo en Estados Unidos. Las personas con talento en las ciencias, la educaci\u00f3n, las artes o el atletismo pueden trabajar en Estados Unidos con este visado. El proceso para obtener un visado O-1 requiere una s\u00f3lida presentaci\u00f3n de sus cualificaciones. Un abogado especializado en visados Brooklyn O-1 puede proporcionarle el apoyo necesario para navegar por este intrincado proceso y maximizar sus posibilidades de aprobaci\u00f3n.<\/p>\n<p>En <a href=\"https:\/\/ppid.com\/es\/firm\/\">Pollack, Pollack, Isaac &amp; DeCicco<\/a>Aportamos d\u00e9cadas de experiencia con solicitudes de visado O-1. Nuestra firma es una de <a href=\"https:\/\/ppid.com\/es\/\">New York principales bufetes de abogados de inmigraci\u00f3n<\/a>y nos comprometemos a ayudar a los clientes de Brooklyn y m\u00e1s all\u00e1 a alcanzar sus objetivos profesionales. <a href=\"https:\/\/ppid.com\/es\/attorney\/\">Nuestro equipo<\/a> ofrece orientaci\u00f3n personalizada, desde la recopilaci\u00f3n de documentaci\u00f3n clave hasta la elaboraci\u00f3n de un caso convincente, garantizando que su solicitud refleje el excepcional talento que aporta.<\/p>\n<p><img loading=\"lazy\" decoding=\"async\" class=\"aligncenter wp-image-1980 size-full\" title=\"Mejor Brooklyn Visa O1 Abogado\" src=\"https:\/\/ppid.com\/wp-content\/uploads\/2025\/01\/brooklyn-o1-visa-lawyer.webp\" alt=\"Best Brooklyn O1 Visa Attorney\" width=\"1200\" height=\"600\" srcset=\"https:\/\/ppid.com\/wp-content\/uploads\/2025\/01\/brooklyn-o1-visa-lawyer.webp 1200w, https:\/\/ppid.com\/wp-content\/uploads\/2025\/01\/brooklyn-o1-visa-lawyer-300x150.webp 300w, https:\/\/ppid.com\/wp-content\/uploads\/2025\/01\/brooklyn-o1-visa-lawyer-1024x512.webp 1024w, https:\/\/ppid.com\/wp-content\/uploads\/2025\/01\/brooklyn-o1-visa-lawyer-768x384.webp 768w\" sizes=\"auto, (max-width: 1200px) 100vw, 1200px\" \/><\/p>\n<h2><span class=\"ez-toc-section\" id=\"who-uses-the-o-1-visa\"><\/span>\u00bfQui\u00e9n utiliza el visado O-1?<span class=\"ez-toc-section-end\"><\/span><\/h2>\n<p>En <a href=\"https:\/\/www.uscis.gov\/working-in-the-united-states\/temporary-workers\/o-1-visa-individuals-with-extraordinary-ability-or-achievement\" target=\"_blank\" rel=\"noopener\">Visado O-1<\/a> lo utilizan personas que han demostrado una capacidad extraordinaria en sus respectivos campos. Lo solicitan principalmente profesionales de las artes, la educaci\u00f3n, las ciencias, los negocios y el atletismo.<\/p>\n<p>Artistas, m\u00fasicos, cineastas y otros profesionales creativos utilizan con frecuencia el visado O-1 para trabajar en EE.UU., donde pueden aportar su talento a la industria del entretenimiento. Los cient\u00edficos, investigadores y educadores con logros notables tambi\u00e9n pueden optar a \u00e9l. Los ejecutivos de negocios, empresarios y l\u00edderes tecnol\u00f3gicos que hayan hecho contribuciones significativas a sus industrias tambi\u00e9n pueden solicitar un visado O-1.<\/p>\n<p>El visado no est\u00e1 restringido a una industria espec\u00edfica, sino que se concede a personas que puedan aportar pruebas sustanciales de sus capacidades y logros excepcionales. Los solicitantes deben demostrar su capacidad mediante premios, reconocimiento de los medios de comunicaci\u00f3n u otras formas de reconocimiento nacional o internacional de sus extraordinarias habilidades.<\/p>\n<h2><span class=\"ez-toc-section\" id=\"benefits-of-a-successful-o-1-visa-application\"><\/span>Ventajas de solicitar con \u00e9xito un visado O-1<span class=\"ez-toc-section-end\"><\/span><\/h2>\n<p>Una solicitud exitosa de visado O-1 proporciona varios beneficios clave para aquellos que buscan trabajar en EE.UU. Ofrece la oportunidad de perseguir metas profesionales y mostrar un talento extraordinario en un campo como las artes, las ciencias o los negocios.<\/p>\n<p>Una de las principales ventajas es la posibilidad de trabajar para un empleador estadounidense en un campo en el que se demanden sus extraordinarias capacidades. El visado O-1 tambi\u00e9n puede prorrogarse en incrementos de un a\u00f1o, lo que permite a las personas seguir trabajando en Estados Unidos mientras dure su carrera o proyecto.<\/p>\n<p>Los titulares de un visado O-1 pueden entrar y salir de Estados Unidos mientras mantengan su estatus. A diferencia de otros visados, el O-1 no est\u00e1 sujeto a l\u00edmites anuales, lo que ofrece m\u00e1s flexibilidad a los solicitantes. Adem\u00e1s, permite que los c\u00f3nyuges e hijos del titular del visado se re\u00fanan con \u00e9l en EE.UU. en las condiciones siguientes <a href=\"https:\/\/www.uscis.gov\/working-in-the-united-states\/temporary-nonimmigrant-workers\" target=\"_blank\" rel=\"noopener\">Estatus O-3<\/a>, ofreciendo oportunidades de reubicaci\u00f3n y estabilidad familiar.<\/p>\n<h2><span class=\"ez-toc-section\" id=\"how-an-brooklyn-immigration-attorney-can-help\"><\/span>C\u00f3mo puede ayudar un abogado de inmigraci\u00f3n Brooklyn<span class=\"ez-toc-section-end\"><\/span><\/h2>\n<p>Un abogado de inmigraci\u00f3n desempe\u00f1a un papel crucial a la hora de ayudar a los solicitantes a navegar por las complejidades del proceso de obtenci\u00f3n del visado O-1. Con un claro conocimiento de los requisitos del USCIS, un abogado con experiencia se asegura de que se aporta y presenta toda la documentaci\u00f3n necesaria de la manera m\u00e1s eficaz.<\/p>\n<p>En <a href=\"https:\/\/ppid.com\/es\/brooklyn-immigration-lawyer\/\">abogado de inmigraci\u00f3n con experiencia Brooklyn<\/a> ayudar\u00e1n a reunir pruebas como cartas de recomendaci\u00f3n, cobertura de los medios de comunicaci\u00f3n u otras pruebas de capacidad extraordinaria que cumplan las normas del USCIS. Los abogados tambi\u00e9n pueden proporcionar una valiosa orientaci\u00f3n sobre c\u00f3mo presentar el caso, demostrando las contribuciones excepcionales del solicitante a su campo.<\/p>\n<p>Adem\u00e1s de preparar la solicitud, un abogado experto en <a href=\"https:\/\/en.wikipedia.org\/wiki\/Brooklyn\" target=\"_blank\" rel=\"noopener\">Brooklyn<\/a> pueden ayudar a los solicitantes a evitar errores comunes que pueden dar lugar a retrasos o denegaciones. Los abogados de inmigraci\u00f3n tambi\u00e9n est\u00e1n al tanto de los cambios en las leyes y pol\u00edticas de inmigraci\u00f3n, lo que garantiza que su solicitud est\u00e9 actualizada.<\/p>\n<h2><span class=\"ez-toc-section\" id=\"why-choose-pollack-pollack-isaac-decicco\"><\/span>\u00bfPor qu\u00e9 elegir Pollack, Pollack, Isaac &amp; DeCicco?<span class=\"ez-toc-section-end\"><\/span><\/h2>\n<p>Te has dedicado a dominar tu oficio y ahora Estados Unidos reclama tu talento excepcional. Conseguir un visado O-1 es la clave para acceder a oportunidades incre\u00edbles, pero el proceso no es nada sencillo.<\/p>\n<p>Con tanto en juego, es crucial contar con un bufete de abogados de confianza a su lado. En Pollack, Pollack, Isaac &amp; DeCicco, traemos d\u00e9cadas de experiencia para guiarlo a trav\u00e9s de las complejidades y asegurar que su solicitud de visa O-1 est\u00e9 cuidadosamente redactada y respaldada por documentos de apoyo. Desde el momento en que usted se asocia con nuestro bufete de abogados, usted gana un aliado experimentado y eficaz que puede ayudarle a asegurar su visa O-1.<\/p>\n<h2><span class=\"ez-toc-section\" id=\"faqs\"><\/span>Preguntas frecuentes<span class=\"ez-toc-section-end\"><\/span><\/h2>\n<div class=\"accsec-ritcnt accordion\">\n<div class=\"accordion-section\">\n<h3><span class=\"ez-toc-section\" id=\"is-o-1-visa-prestigious\"><\/span><a class=\"accordion-section-title active\" href=\"#accordion-1\">\u00bfEs prestigioso el visado O-1?<\/a><span class=\"ez-toc-section-end\"><\/span><\/h3>\n<div id=\"accordion-1\" class=\"accordion-section-content open\" style=\"display: block;\">\n<p>S\u00ed, el visado O-1 se considera prestigioso porque est\u00e1 reservado a personas con capacidades extraordinarias en su campo. Los solicitantes deben demostrar un nivel de logros significativamente superior al de sus compa\u00f1eros a trav\u00e9s de premios, publicaciones o logros notables. Los estrictos requisitos exigidos ponen de relieve el car\u00e1cter excepcional de quienes optan a este visado.<\/p>\n<\/div>\n<\/div>\n<div class=\"accordion-section\">\n<h3><span class=\"ez-toc-section\" id=\"does-an-o-1-visa-lead-to-a-green-card\"><\/span><a class=\"accordion-section-title\" href=\"#accordion-2\">\u00bfEl visado O-1 permite obtener la tarjeta verde?<\/a><span class=\"ez-toc-section-end\"><\/span><\/h3>\n<div id=\"accordion-2\" class=\"accordion-section-content\" style=\"display: none;\">\n<p>Aunque el visado O-1 no proporciona directamente una v\u00eda para obtener la tarjeta verde, puede ser un trampol\u00edn. Muchos titulares de visados O-1 solicitan la tarjeta verde a trav\u00e9s de categor\u00edas basadas en el empleo, como la EB-1, que tambi\u00e9n requiere demostrar una capacidad extraordinaria. La transici\u00f3n a la residencia permanente implica una solicitud y un proceso legal independientes.<\/p>\n<\/div>\n<\/div>\n<div class=\"accordion-section\">\n<h3><span class=\"ez-toc-section\" id=\"how-much-does-an-o-1-visa-cost\"><\/span><a class=\"accordion-section-title\" href=\"#accordion-3\">\u00bfCu\u00e1nto cuesta un visado O-1?<\/a><span class=\"ez-toc-section-end\"><\/span><\/h3>\n<div id=\"accordion-3\" class=\"accordion-section-content\" style=\"display: none;\">\n<p>El coste de un visado O-1 incluye las tasas de tramitaci\u00f3n del gobierno y los honorarios del abogado, que var\u00edan en funci\u00f3n de la complejidad del caso. Los empleadores suelen cubrir los gastos de presentaci\u00f3n, pero los honorarios legales pueden variar. Aunque las cantidades espec\u00edficas dependen de las circunstancias individuales, trabajar con un abogado puede ayudar a agilizar el proceso y reducir los posibles retrasos.<\/p>\n<\/div>\n<\/div>\n<div class=\"accordion-section\">\n<h3><span class=\"ez-toc-section\" id=\"do-o-1-visa-holders-pay-taxes\"><\/span><a class=\"accordion-section-title\" href=\"#accordion-4\">\u00bfPagan impuestos los titulares de visados O-1?<\/a><span class=\"ez-toc-section-end\"><\/span><\/h3>\n<div id=\"accordion-4\" class=\"accordion-section-content\" style=\"display: none;\">\n<p>S\u00ed, los titulares de un visado O-1 est\u00e1n obligados a pagar impuestos sobre los ingresos obtenidos en Estados Unidos. Las obligaciones fiscales dependen de la duraci\u00f3n de la estancia y de si el titular del visado re\u00fane los requisitos para ser considerado residente o no residente a efectos fiscales. Consultar a un profesional fiscal puede ayudar a garantizar el cumplimiento de las leyes fiscales estadounidenses.<\/p>\n<\/div>\n<\/div>\n<\/div>\n<h2><span class=\"ez-toc-section\" id=\"start-the-process-of-obtaining-your-o-1-visa-today\"><\/span>Inicie hoy mismo el proceso de obtenci\u00f3n de su visado O-1<span class=\"ez-toc-section-end\"><\/span><\/h2>\n<p>El visado O-1 es su oportunidad de traer sus talentos excepcionales a Estados Unidos, pero conseguirlo requiere algo m\u00e1s que rellenar formularios. Aunque el programa trae a este pa\u00eds talentos muy necesarios, es f\u00e1cil toparse con obst\u00e1culos sin la ayuda legal adecuada.<\/p>\n<p>En Pollack, Pollack, Isaac &amp; DeCicco, estamos comprometidos a hacer que su solicitud de visa O-1 sea lo m\u00e1s s\u00f3lida posible. Con d\u00e9cadas de experiencia y un historial de resultados exitosos, nuestro equipo sabe exactamente c\u00f3mo manejar las complejidades de la ley de inmigraci\u00f3n. Perm\u00edtanos ayudarle a convertir esta oportunidad en realidad. <a href=\"https:\/\/ppid.com\/es\/contact\/\">Concertar una consulta<\/a> hoy.<\/p>\n<h3><span class=\"ez-toc-section\" id=\"brooklyn-ny-o-1-visa-lawyer-resources\"><\/span>Brooklyn, NY O-1 Visa Abogado Recursos<span class=\"ez-toc-section-end\"><\/span><\/h3>\n<ul>\n<li>Comprender los periodos de gracia de los visados de no inmigrante en Nueva York<\/li>\n<\/ul>\n<p><iframe loading=\"lazy\" style=\"border: 0;\" src=\"https:\/\/www.google.com\/maps\/embed?pb=!1m18!1m12!1m3!1d96873.72404095989!2d-73.94483555000001!3d40.64523145!2m3!1f0!2f0!3f0!3m2!1i1024!2i768!4f13.1!3m3!1m2!1s0x89c24416947c2109%3A0x82765c7404007886!2sBrooklyn%2C%20NY%2C%20USA!5e0!3m2!1sen!2sin!4v1750695595020!5m2!1sen!2sin\" width=\"100%\" height=\"300\" allowfullscreen=\"allowfullscreen\"><\/iframe><\/p>","protected":false},"excerpt":{"rendered":"<p>Brooklyn O1 Visa Attorney The O-1 visa offers a unique opportunity for non-immigrants with extraordinary abilities to find employment in the United States. Individuals talented in the sciences, education, the arts, or athletics are allowed to work in the US under this visa. The process to obtain an O-1visa requires a strong presentation of your &hellip; <\/p>\n<p class=\"link-more\"><a href=\"https:\/\/ppid.com\/es\/brooklyn-o1-visa-lawyer\/\" class=\"more-link\">Seguir leyendo<span class=\"screen-reader-text\"> &#8220;Brooklyn O1 Visa Lawyer&#8221;<\/span><\/a><\/p>","protected":false},"author":1,"featured_media":0,"parent":0,"menu_order":0,"comment_status":"closed","ping_status":"closed","template":"","meta":{"_acf_changed":false,"footnotes":""},"class_list":["post-1965","page","type-page","status-publish","hentry","entry"],"acf":[],"yoast_head":"<!-- This site is optimized with the Yoast SEO Premium plugin v26.8 (Yoast SEO v26.8) - https:\/\/yoast.com\/product\/yoast-seo-premium-wordpress\/ -->\n<title>Brooklyn O1 Visa Lawyer &amp; Law Firm<\/title>\n<meta name=\"description\" content=\"Need a Brooklyn O1 visa lawyer? PPID offers expert legal assistance for extraordinary ability visas. Contact us today for trusted guidance!\" \/>\n<meta name=\"robots\" content=\"index, follow, max-snippet:-1, max-image-preview:large, max-video-preview:-1\" \/>\n<link rel=\"canonical\" href=\"https:\/\/ppid.com\/es\/brooklyn-o1-visa-lawyer\/\" \/>\n<meta property=\"og:locale\" content=\"es_MX\" \/>\n<meta property=\"og:type\" content=\"article\" \/>\n<meta property=\"og:title\" content=\"Brooklyn O1 Visa Lawyer\" \/>\n<meta property=\"og:description\" content=\"Need a Brooklyn O1 visa lawyer? PPID offers expert legal assistance for extraordinary ability visas. Contact us today for trusted guidance!\" \/>\n<meta property=\"og:url\" content=\"https:\/\/ppid.com\/es\/brooklyn-o1-visa-lawyer\/\" \/>\n<meta property=\"og:site_name\" content=\"Pollack, Pollack, Isaac &amp; DeCicco, LLP\" \/>\n<meta property=\"article:modified_time\" content=\"2026-04-13T17:09:28+00:00\" \/>\n<meta property=\"og:image\" content=\"https:\/\/ppid.com\/wp-content\/uploads\/2025\/01\/brooklyn-o1-visa-lawyer.webp\" \/>\n\t<meta property=\"og:image:width\" content=\"1200\" \/>\n\t<meta property=\"og:image:height\" content=\"600\" \/>\n\t<meta property=\"og:image:type\" content=\"image\/webp\" \/>\n<meta name=\"twitter:card\" content=\"summary_large_image\" \/>\n<meta name=\"twitter:label1\" content=\"Tiempo de lectura\" \/>\n\t<meta name=\"twitter:data1\" content=\"5 minutos\" \/>\n<!-- \/ Yoast SEO Premium plugin. -->","yoast_head_json":{"title":"Brooklyn Visa O1 Abogado y Bufete de Abogados","description":"\u00bfNecesita un abogado para el visado Brooklyn O1? PPID ofrece asistencia legal experta para visados de habilidades extraordinarias. P\u00f3ngase en contacto con nosotros hoy mismo para obtener asesoramiento de confianza.","robots":{"index":"index","follow":"follow","max-snippet":"max-snippet:-1","max-image-preview":"max-image-preview:large","max-video-preview":"max-video-preview:-1"},"canonical":"https:\/\/ppid.com\/es\/brooklyn-o1-visa-lawyer\/","og_locale":"es_MX","og_type":"article","og_title":"Brooklyn O1 Visa Lawyer","og_description":"Need a Brooklyn O1 visa lawyer? PPID offers expert legal assistance for extraordinary ability visas. Contact us today for trusted guidance!","og_url":"https:\/\/ppid.com\/es\/brooklyn-o1-visa-lawyer\/","og_site_name":"Pollack, Pollack, Isaac &amp; DeCicco, LLP","article_modified_time":"2026-04-13T17:09:28+00:00","og_image":[{"width":1200,"height":600,"url":"https:\/\/ppid.com\/wp-content\/uploads\/2025\/01\/brooklyn-o1-visa-lawyer.webp","type":"image\/webp"}],"twitter_card":"summary_large_image","twitter_misc":{"Tiempo de lectura":"5 minutos"},"schema":{"@context":"https:\/\/schema.org","@graph":[{"@type":"WebPage","@id":"https:\/\/ppid.com\/brooklyn-o1-visa-lawyer\/","url":"https:\/\/ppid.com\/brooklyn-o1-visa-lawyer\/","name":"Brooklyn Visa O1 Abogado y Bufete de Abogados","isPartOf":{"@id":"https:\/\/ppid.com\/#website"},"primaryImageOfPage":{"@id":"https:\/\/ppid.com\/brooklyn-o1-visa-lawyer\/#primaryimage"},"image":{"@id":"https:\/\/ppid.com\/brooklyn-o1-visa-lawyer\/#primaryimage"},"thumbnailUrl":"https:\/\/ppid.com\/wp-content\/uploads\/2025\/01\/brooklyn-o1-visa-lawyer.webp","datePublished":"2025-01-09T10:29:47+00:00","dateModified":"2026-04-13T17:09:28+00:00","description":"\u00bfNecesita un abogado para el visado Brooklyn O1? PPID ofrece asistencia legal experta para visados de habilidades extraordinarias. P\u00f3ngase en contacto con nosotros hoy mismo para obtener asesoramiento de confianza.","breadcrumb":{"@id":"https:\/\/ppid.com\/brooklyn-o1-visa-lawyer\/#breadcrumb"},"inLanguage":"es","potentialAction":[{"@type":"ReadAction","target":["https:\/\/ppid.com\/brooklyn-o1-visa-lawyer\/"]}]},{"@type":"ImageObject","inLanguage":"es","@id":"https:\/\/ppid.com\/brooklyn-o1-visa-lawyer\/#primaryimage","url":"https:\/\/ppid.com\/wp-content\/uploads\/2025\/01\/brooklyn-o1-visa-lawyer.webp","contentUrl":"https:\/\/ppid.com\/wp-content\/uploads\/2025\/01\/brooklyn-o1-visa-lawyer.webp"},{"@type":"BreadcrumbList","@id":"https:\/\/ppid.com\/brooklyn-o1-visa-lawyer\/#breadcrumb","itemListElement":[{"@type":"ListItem","position":1,"name":"Home","item":"https:\/\/ppid.com\/"},{"@type":"ListItem","position":2,"name":"Brooklyn O1 Visa Lawyer"}]},{"@type":"WebSite","@id":"https:\/\/ppid.com\/#website","url":"https:\/\/ppid.com\/","name":"Pollack, Pollack, Isaac &amp; DeCicco, LLP","description":"","potentialAction":[{"@type":"SearchAction","target":{"@type":"EntryPoint","urlTemplate":"https:\/\/ppid.com\/?s={search_term_string}"},"query-input":{"@type":"PropertyValueSpecification","valueRequired":true,"valueName":"search_term_string"}}],"inLanguage":"es"}]}},"_links":{"self":[{"href":"https:\/\/ppid.com\/es\/wp-json\/wp\/v2\/pages\/1965","targetHints":{"allow":["GET"]}}],"collection":[{"href":"https:\/\/ppid.com\/es\/wp-json\/wp\/v2\/pages"}],"about":[{"href":"https:\/\/ppid.com\/es\/wp-json\/wp\/v2\/types\/page"}],"author":[{"embeddable":true,"href":"https:\/\/ppid.com\/es\/wp-json\/wp\/v2\/users\/1"}],"replies":[{"embeddable":true,"href":"https:\/\/ppid.com\/es\/wp-json\/wp\/v2\/comments?post=1965"}],"version-history":[{"count":0,"href":"https:\/\/ppid.com\/es\/wp-json\/wp\/v2\/pages\/1965\/revisions"}],"wp:attachment":[{"href":"https:\/\/ppid.com\/es\/wp-json\/wp\/v2\/media?parent=1965"}],"curies":[{"name":"wp","href":"https:\/\/api.w.org\/{rel}","templated":true}]}}