{"id":1967,"date":"2025-01-09T10:37:18","date_gmt":"2025-01-09T10:37:18","guid":{"rendered":"https:\/\/ppidllp.wpenginepowered.com\/?page_id=1967"},"modified":"2025-09-08T19:05:19","modified_gmt":"2025-09-08T19:05:19","slug":"westchester-o1-visa-lawyer","status":"publish","type":"page","link":"https:\/\/ppid.com\/es\/westchester-o1-visa-lawyer\/","title":{"rendered":"Westchester Abogado visado O1"},"content":{"rendered":"<div id=\"ez-toc-container\" class=\"ez-toc-v2_0_80 counter-hierarchy ez-toc-counter ez-toc-transparent ez-toc-container-direction\">\n<div class=\"ez-toc-title-container\">\n<p class=\"ez-toc-title ez-toc-toggle\" style=\"cursor:pointer\">\u00cdndice<\/p>\n<span class=\"ez-toc-title-toggle\"><a href=\"#\" class=\"ez-toc-pull-right ez-toc-btn ez-toc-btn-xs ez-toc-btn-default ez-toc-toggle\" aria-label=\"Toggle Table of Content\"><span class=\"ez-toc-js-icon-con\"><span class=\"\"><span class=\"eztoc-hide\" style=\"display:none;\">Toggle<\/span><span class=\"ez-toc-icon-toggle-span\"><svg style=\"fill: #999;color:#999\" xmlns=\"http:\/\/www.w3.org\/2000\/svg\" class=\"list-377408\" width=\"20px\" height=\"20px\" viewbox=\"0 0 24 24\" fill=\"none\"><path d=\"M6 6H4v2h2V6zm14 0H8v2h12V6zM4 11h2v2H4v-2zm16 0H8v2h12v-2zM4 16h2v2H4v-2zm16 0H8v2h12v-2z\" fill=\"currentColor\"><\/path><\/svg><svg style=\"fill: #999;color:#999\" class=\"arrow-unsorted-368013\" xmlns=\"http:\/\/www.w3.org\/2000\/svg\" width=\"10px\" height=\"10px\" viewbox=\"0 0 24 24\" version=\"1.2\" baseprofile=\"tiny\"><path d=\"M18.2 9.3l-6.2-6.3-6.2 6.3c-.2.2-.3.4-.3.7s.1.5.3.7c.2.2.4.3.7.3h11c.3 0 .5-.1.7-.3.2-.2.3-.5.3-.7s-.1-.5-.3-.7zM5.8 14.7l6.2 6.3 6.2-6.3c.2-.2.3-.5.3-.7s-.1-.5-.3-.7c-.2-.2-.4-.3-.7-.3h-11c-.3 0-.5.1-.7.3-.2.2-.3.5-.3.7s.1.5.3.7z\"\/><\/svg><\/span><\/span><\/span><\/a><\/span><\/div>\n<nav><ul class='ez-toc-list ez-toc-list-level-1 eztoc-toggle-hide-by-default' ><li class='ez-toc-page-1 ez-toc-heading-level-2'><a class=\"ez-toc-link ez-toc-heading-1\" href=\"https:\/\/ppid.com\/es\/westchester-o1-visa-lawyer\/#westchester-o1-visa-attorney\" >Westchester Abogado visado O1<\/a><\/li><li class='ez-toc-page-1 ez-toc-heading-level-2'><a class=\"ez-toc-link ez-toc-heading-2\" href=\"https:\/\/ppid.com\/es\/westchester-o1-visa-lawyer\/#what-is-the-o-1-visa\" >\u00bfQu\u00e9 es el visado O-1?<\/a><\/li><li class='ez-toc-page-1 ez-toc-heading-level-2'><a class=\"ez-toc-link ez-toc-heading-3\" href=\"https:\/\/ppid.com\/es\/westchester-o1-visa-lawyer\/#eligibility-requirements\" >Requisitos<\/a><\/li><li class='ez-toc-page-1 ez-toc-heading-level-2'><a class=\"ez-toc-link ez-toc-heading-4\" href=\"https:\/\/ppid.com\/es\/westchester-o1-visa-lawyer\/#potential-obstacles-o-1-applicants-face\" >Obst\u00e1culos potenciales a los que se enfrentan los solicitantes de O-1<\/a><\/li><li class='ez-toc-page-1 ez-toc-heading-level-2'><a class=\"ez-toc-link ez-toc-heading-5\" href=\"https:\/\/ppid.com\/es\/westchester-o1-visa-lawyer\/#why-legal-counsel-is-crucial-for-a-successful-o-1-application\" >Por qu\u00e9 la asesor\u00eda jur\u00eddica es crucial para el \u00e9xito de la solicitud O-1<\/a><\/li><li class='ez-toc-page-1 ez-toc-heading-level-2'><a class=\"ez-toc-link ez-toc-heading-6\" href=\"https:\/\/ppid.com\/es\/westchester-o1-visa-lawyer\/#faqs\" >Preguntas frecuentes<\/a><ul class='ez-toc-list-level-3' ><li class='ez-toc-heading-level-3'><a class=\"ez-toc-link ez-toc-heading-7\" href=\"https:\/\/ppid.com\/es\/westchester-o1-visa-lawyer\/#do-i-need-an-employer-for-an-o-1-visa\" >\u00bfNecesito un empleador para un visado O-1?<\/a><\/li><li class='ez-toc-page-1 ez-toc-heading-level-3'><a class=\"ez-toc-link ez-toc-heading-8\" href=\"https:\/\/ppid.com\/es\/westchester-o1-visa-lawyer\/#is-there-a-lottery-for-an-o-1-visa\" >\u00bfHay loter\u00eda para el visado O-1?<\/a><\/li><li class='ez-toc-page-1 ez-toc-heading-level-3'><a class=\"ez-toc-link ez-toc-heading-9\" href=\"https:\/\/ppid.com\/es\/westchester-o1-visa-lawyer\/#can-you-open-an-llc-on-an-o-1-visa\" >\u00bfSe puede abrir una LLC con un visado O-1?<\/a><\/li><li class='ez-toc-page-1 ez-toc-heading-level-3'><a class=\"ez-toc-link ez-toc-heading-10\" href=\"https:\/\/ppid.com\/es\/westchester-o1-visa-lawyer\/#can-you-be-unemployed-on-an-o-1-visa\" >\u00bfSe puede estar desempleado con un visado O-1?<\/a><\/li><\/ul><\/li><li class='ez-toc-page-1 ez-toc-heading-level-2'><a class=\"ez-toc-link ez-toc-heading-11\" href=\"https:\/\/ppid.com\/es\/westchester-o1-visa-lawyer\/#take-the-first-step-toward-securing-your-o-1-visa\" >D\u00e9 el primer paso para obtener su visado O-1<\/a><ul class='ez-toc-list-level-3' ><li class='ez-toc-heading-level-3'><a class=\"ez-toc-link ez-toc-heading-12\" href=\"https:\/\/ppid.com\/es\/westchester-o1-visa-lawyer\/#westchester-ny-o-1-visa-lawyer-resources\" >Westchester, NY O-1 Visa Abogado Recursos<\/a><\/li><\/ul><\/li><\/ul><\/nav><\/div>\n<h2><span class=\"ez-toc-section\" id=\"westchester-o1-visa-attorney\"><\/span>Westchester Abogado visado O1<span class=\"ez-toc-section-end\"><\/span><\/h2>\n<p>El visado O-1 es una opci\u00f3n vital para los no inmigrantes con capacidades excepcionales que buscan trabajo en los EE.UU. Si usted trabaja en las artes, las ciencias, la educaci\u00f3n o el atletismo, navegar por el complejo proceso de solicitud puede ser abrumador, por lo que muchos buscan ayuda profesional. A <strong>Westchester abogado de visado O-1 puede ayudar<\/strong> presente sus cualificaciones de forma eficaz, aumentando as\u00ed sus posibilidades de \u00e9xito.<\/p>\n<p>En <a href=\"https:\/\/ppid.com\/es\/firm\/\">Pollack, Pollack, Isaac &amp; DeCicco<\/a>Tenemos d\u00e9cadas de experiencia guiando a clientes a trav\u00e9s de solicitudes de visa O-1. Somos uno de <a href=\"https:\/\/ppid.com\/es\/\">Los bufetes de abogados de inmigraci\u00f3n m\u00e1s consolidados de New York<\/a> y proporcionar apoyo personalizado adaptado a sus logros y objetivos profesionales \u00fanicos. Desde la recopilaci\u00f3n de pruebas esenciales hasta <a href=\"https:\/\/ppid.com\/es\/testimonials\/\">construir un caso s\u00f3lido<\/a>Nuestro equipo est\u00e1 aqu\u00ed para ayudarle a avanzar con confianza.<\/p>\n<p><img loading=\"lazy\" decoding=\"async\" class=\"aligncenter wp-image-1983 size-full\" title=\"El mejor abogado para el visado Westchester O1\" src=\"https:\/\/ppid.com\/wp-content\/uploads\/2025\/01\/westchester-o1-visa-lawyer.webp\" alt=\"Best Westchester O1 Visa Lawyer\" width=\"1200\" height=\"600\" srcset=\"https:\/\/ppid.com\/wp-content\/uploads\/2025\/01\/westchester-o1-visa-lawyer.webp 1200w, https:\/\/ppid.com\/wp-content\/uploads\/2025\/01\/westchester-o1-visa-lawyer-300x150.webp 300w, https:\/\/ppid.com\/wp-content\/uploads\/2025\/01\/westchester-o1-visa-lawyer-1024x512.webp 1024w, https:\/\/ppid.com\/wp-content\/uploads\/2025\/01\/westchester-o1-visa-lawyer-768x384.webp 768w\" sizes=\"auto, (max-width: 1200px) 100vw, 1200px\" \/><\/p>\n<h2><span class=\"ez-toc-section\" id=\"what-is-the-o-1-visa\"><\/span>\u00bfQu\u00e9 es el visado O-1?<span class=\"ez-toc-section-end\"><\/span><\/h2>\n<p>En <a href=\"https:\/\/www.uscis.gov\/working-in-the-united-states\/temporary-workers\/o-1-visa-individuals-with-extraordinary-ability-or-achievement\" target=\"_blank\" rel=\"noopener\">Visado O-1<\/a> es para personas con capacidades extraordinarias en campos como las artes, las ciencias, los negocios, la educaci\u00f3n y el atletismo. Permite a los titulares de visados de no inmigrante trabajar en Estados Unidos durante un periodo de hasta tres a\u00f1os con posibilidad de pr\u00f3rroga.<\/p>\n<p>Candidatos en <a href=\"https:\/\/en.wikipedia.org\/wiki\/Westchester_County,_New_York\" target=\"_blank\" rel=\"noopener\">Westchester, NY<\/a> deben demostrar su capacidad excepcional a trav\u00e9s de premios, cobertura medi\u00e1tica o testimonios de l\u00edderes en su campo. Este visado est\u00e1 muy solicitado, sobre todo en campos como el entretenimiento, la tecnolog\u00eda, la investigaci\u00f3n y el deporte.<\/p>\n<p>El visado O-1 ofrece a los profesionales la oportunidad de aportar sus conocimientos y experiencia a los Estados Unidos, al tiempo que contribuyen a industrias que necesitan talentos extraordinarios. Aunque el proceso de solicitud puede ser competitivo, el visado O-1 ofrece la oportunidad de trabajar en Estados Unidos y ampliar su carrera profesional a nivel internacional.<\/p>\n<h2><span class=\"ez-toc-section\" id=\"eligibility-requirements\"><\/span>Requisitos<span class=\"ez-toc-section-end\"><\/span><\/h2>\n<p>Para poder optar al visado O-1, los solicitantes deben cumplir estrictos requisitos de elegibilidad que demuestren su extraordinaria capacidad. El visado est\u00e1 destinado a personas que hayan alcanzado reconocimiento nacional o internacional en su campo, ya sea en el deporte, la educaci\u00f3n, las artes, las ciencias o los negocios.<\/p>\n<p>Los solicitantes deben aportar pruebas de su extraordinaria capacidad. Esto puede demostrarse mediante premios, trabajos publicados o cartas de l\u00edderes del sector. En las artes, esto podr\u00eda incluir la cobertura de los medios de comunicaci\u00f3n o cr\u00edticas positivas, mientras que otros campos pueden centrarse en las contribuciones o logros del solicitante en la industria.<\/p>\n<p>Los revisores solicitantes con el <a href=\"https:\/\/www.uscis.gov\/\" target=\"_blank\" rel=\"noopener\">Servicios de Ciudadan\u00eda e Inmigraci\u00f3n de Estados Unidos<\/a> (USCIS) esperan que los solicitantes aporten documentaci\u00f3n sustancial. De lo contrario, el visado puede ser denegado. El visado O-1 est\u00e1 dise\u00f1ado para personas que est\u00e1n en la cima de su profesi\u00f3n, y una solicitud exitosa demuestra que el individuo est\u00e1 en la cima de su respectivo campo.<\/p>\n<h2><span class=\"ez-toc-section\" id=\"potential-obstacles-o-1-applicants-face\"><\/span>Obst\u00e1culos potenciales a los que se enfrentan los solicitantes de O-1<span class=\"ez-toc-section-end\"><\/span><\/h2>\n<p>El visado O-1 ofrece una valiosa oportunidad a los solicitantes; sin embargo, \u00e9stos suelen enfrentarse a m\u00faltiples obst\u00e1culos a lo largo del proceso.<\/p>\n<p>Uno de los mayores retos es aportar documentaci\u00f3n suficiente para demostrar una capacidad extraordinaria.<\/p>\n<p>El USCIS exige pruebas detalladas que pueden incluir cobertura medi\u00e1tica, premios prestigiosos o cartas de recomendaci\u00f3n de profesionales del sector. Reunir estas pruebas puede plantear importantes dificultades, sobre todo en los casos en que los logros del solicitante no hayan tenido mucha publicidad.<\/p>\n<p>Los solicitantes deben demostrar que su trabajo previsto en EE.UU. se ajusta a sus extraordinarias capacidades, lo que puede resultar dif\u00edcil para profesionales de campos menos convencionales. El proceso de solicitud de la visa O-1 tambi\u00e9n requiere una atenci\u00f3n minuciosa a los detalles, y la falta de documentos o la presentaci\u00f3n de documentos incompletos puede provocar retrasos o la denegaci\u00f3n de la solicitud.<\/p>\n<h2><span class=\"ez-toc-section\" id=\"why-legal-counsel-is-crucial-for-a-successful-o-1-application\"><\/span>Por qu\u00e9 la asesor\u00eda jur\u00eddica es crucial para el \u00e9xito de la solicitud O-1<span class=\"ez-toc-section-end\"><\/span><\/h2>\n<p>La asesor\u00eda legal es crucial para el \u00e9xito de una solicitud O-1 debido a las complejidades que conlleva el cumplimiento de los requisitos del USCIS. En <a href=\"https:\/\/ppid.com\/es\/westchester-county-immigration-lawyer\/\">abogado de inmigraci\u00f3n con experiencia en Westchester<\/a> puede ayudar a los solicitantes a determinar si cumplen los criterios de aptitud extraordinaria y guiarles en la recopilaci\u00f3n de la documentaci\u00f3n adecuada, como cartas de recomendaci\u00f3n de personas influyentes, cobertura medi\u00e1tica o registros de logros significativos.<\/p>\n<p>La solicitud del visado O-1 est\u00e1 muy orientada a los detalles, e incluso un peque\u00f1o error puede dar lugar a retrasos o denegaciones. <a href=\"https:\/\/ppid.com\/es\/attorney\/\">Un abogado<\/a> garantiza que todos los documentos necesarios se presenten con exactitud y de conformidad con las directrices del USCIS.<\/p>\n<p>El asesor jur\u00eddico puede proporcionar valiosos consejos sobre c\u00f3mo presentar eficazmente los logros del solicitante. Esto puede ayudarles a presentar los argumentos m\u00e1s convincentes para su aprobaci\u00f3n. Dada la naturaleza competitiva del proceso de solicitud del visado O-1, asociarse con un abogado experimentado puede mejorar en gran medida las posibilidades de \u00e9xito.<\/p>\n<h2><span class=\"ez-toc-section\" id=\"faqs\"><\/span>Preguntas frecuentes<span class=\"ez-toc-section-end\"><\/span><\/h2>\n<div class=\"accsec-ritcnt accordion\">\n<div class=\"accordion-section\">\n<h3><span class=\"ez-toc-section\" id=\"do-i-need-an-employer-for-an-o-1-visa\"><\/span><a class=\"accordion-section-title active\" href=\"#accordion-1\">\u00bfNecesito un empleador para un visado O-1?<\/a><span class=\"ez-toc-section-end\"><\/span><\/h3>\n<div id=\"accordion-1\" class=\"accordion-section-content open\" style=\"display: block;\">\n<p>S\u00ed, un visado O-1 requiere que un empleador o agente estadounidense act\u00fae como su patrocinador. El patrocinador debe presentar la petici\u00f3n, demostrando su extraordinaria capacidad y proporcionando detalles sobre el empleo ofrecido. Sin un patrocinador, la solicitud no puede seguir adelante, ya que la autopetici\u00f3n no est\u00e1 permitida para esta categor\u00eda de visado.<\/p>\n<\/div>\n<\/div>\n<div class=\"accordion-section\">\n<h3><span class=\"ez-toc-section\" id=\"is-there-a-lottery-for-an-o-1-visa\"><\/span><a class=\"accordion-section-title\" href=\"#accordion-2\">\u00bfHay loter\u00eda para el visado O-1?<\/a><span class=\"ez-toc-section-end\"><\/span><\/h3>\n<div id=\"accordion-2\" class=\"accordion-section-content\" style=\"display: none;\">\n<p>No, el visado O-1 no est\u00e1 sujeto a un sistema de loter\u00eda. El visado O-1 no tiene un l\u00edmite en el n\u00famero de visados expedidos cada a\u00f1o, a diferencia del visado H-1B. Esto permite a las personas que re\u00fanen los requisitos solicitarlo durante todo el a\u00f1o sin la incertidumbre de un proceso de selecci\u00f3n.<\/p>\n<\/div>\n<\/div>\n<div class=\"accordion-section\">\n<h3><span class=\"ez-toc-section\" id=\"can-you-open-an-llc-on-an-o-1-visa\"><\/span><a class=\"accordion-section-title\" href=\"#accordion-3\">\u00bfSe puede abrir una LLC con un visado O-1?<\/a><span class=\"ez-toc-section-end\"><\/span><\/h3>\n<div id=\"accordion-3\" class=\"accordion-section-content\" style=\"display: none;\">\n<p>S\u00ed, los titulares de un visado O-1 pueden abrir una LLC en Estados Unidos. Sin embargo, no pueden trabajar para la LLC a menos que sea tambi\u00e9n su empleador patrocinador. Cualquier actividad fuera del \u00e1mbito de la petici\u00f3n de visado O-1 aprobada puede requerir una autorizaci\u00f3n adicional o una modificaci\u00f3n del visado para seguir cumpliendo la normativa de inmigraci\u00f3n.<\/p>\n<\/div>\n<\/div>\n<div class=\"accordion-section\">\n<h3><span class=\"ez-toc-section\" id=\"can-you-be-unemployed-on-an-o-1-visa\"><\/span><a class=\"accordion-section-title\" href=\"#accordion-4\">\u00bfSe puede estar desempleado con un visado O-1?<\/a><span class=\"ez-toc-section-end\"><\/span><\/h3>\n<div id=\"accordion-4\" class=\"accordion-section-content\" style=\"display: none;\">\n<p>Los titulares de un visado O-1 no pueden permanecer desempleados sin poner en peligro su situaci\u00f3n de visado. El visado est\u00e1 vinculado al empleo especificado en la petici\u00f3n. Si el empleo termina, debe encontrar un nuevo patrocinador, modificar el visado o salir de Estados Unidos para evitar infringir las leyes de inmigraci\u00f3n.<\/p>\n<\/div>\n<\/div>\n<\/div>\n<h2><span class=\"ez-toc-section\" id=\"take-the-first-step-toward-securing-your-o-1-visa\"><\/span>D\u00e9 el primer paso para obtener su visado O-1<span class=\"ez-toc-section-end\"><\/span><\/h2>\n<p>El visado O-1 ofrece una oportunidad \u00fanica para trabajar en EE.UU. y demostrar su extraordinario talento. Sin embargo, el proceso de solicitud puede ser complicado y, sin el apoyo legal adecuado, existen muchos escollos potenciales.<\/p>\n<p>Pollack, Pollack, Isaac &amp; DeCicco aportan una vasta experiencia y pueden ayudarle a navegar por las complejidades de la ley de inmigraci\u00f3n. Con un historial probado de \u00e9xito, estamos dedicados a asegurar que su solicitud de visa O-1 sea lo m\u00e1s s\u00f3lida posible. Comience hoy mismo <a href=\"https:\/\/ppid.com\/es\/contact\/\">programar una consulta<\/a>.<\/p>\n<h3><span class=\"ez-toc-section\" id=\"westchester-ny-o-1-visa-lawyer-resources\"><\/span>Westchester, NY O-1 Visa Abogado Recursos<span class=\"ez-toc-section-end\"><\/span><\/h3>\n<ul>\n<li><a href=\"https:\/\/ppid.com\/es\/blog\/understanding-nonimmigrant-visa-grace-periods-in-nyc\/\">Comprender los periodos de gracia de los visados de no inmigrante en Nueva York<\/a><\/li>\n<\/ul>\n<p><iframe loading=\"lazy\" style=\"border: 0;\" src=\"https:\/\/www.google.com\/maps\/embed?pb=!1m18!1m12!1m3!1d384733.0105808419!2d-74.06263727021879!3d41.11866069005831!2m3!1f0!2f0!3f0!3m2!1i1024!2i768!4f13.1!3m3!1m2!1s0x89c2c96a9d6b59af%3A0x370ed86222bddb89!2sWestchester%20County%2C%20NY%2C%20USA!5e0!3m2!1sen!2sin!4v1750681479981!5m2!1sen!2sin\" width=\"100%\" height=\"300\" allowfullscreen=\"allowfullscreen\"><\/iframe><\/p>","protected":false},"excerpt":{"rendered":"<p>Westchester O1 Visa Attorney The O-1 visa is a vital option for non-immigrants with exceptional abilities seeking to find work in the U. S. If you work in the arts, sciences, education, or athletics, Navigating the complex application process can be overwhelming, which is why many seek professional assistance. A Westchester O-1 visa lawyer can &hellip; <\/p>\n<p class=\"link-more\"><a href=\"https:\/\/ppid.com\/es\/westchester-o1-visa-lawyer\/\" class=\"more-link\">Seguir leyendo<span class=\"screen-reader-text\"> &#8220;Westchester O1 Visa Lawyer&#8221;<\/span><\/a><\/p>","protected":false},"author":1,"featured_media":0,"parent":0,"menu_order":0,"comment_status":"closed","ping_status":"closed","template":"","meta":{"_acf_changed":false,"footnotes":""},"class_list":["post-1967","page","type-page","status-publish","hentry","entry"],"acf":[],"yoast_head":"<!-- This site is optimized with the Yoast SEO Premium plugin v26.8 (Yoast SEO v26.8) - https:\/\/yoast.com\/product\/yoast-seo-premium-wordpress\/ -->\n<title>Westchester O1 Visa Lawyer &amp; Law Firm<\/title>\n<meta name=\"description\" content=\"Trust PPID, your Westchester O1 visa lawyer, for expert legal guidance in securing extraordinary ability visas. Contact us today for assistance!\" \/>\n<meta name=\"robots\" content=\"index, follow, max-snippet:-1, max-image-preview:large, max-video-preview:-1\" \/>\n<link rel=\"canonical\" href=\"https:\/\/ppid.com\/es\/westchester-o1-visa-lawyer\/\" \/>\n<meta property=\"og:locale\" content=\"es_MX\" \/>\n<meta property=\"og:type\" content=\"article\" \/>\n<meta property=\"og:title\" content=\"Westchester O1 Visa Lawyer\" \/>\n<meta property=\"og:description\" content=\"Trust PPID, your Westchester O1 visa lawyer, for expert legal guidance in securing extraordinary ability visas. Contact us today for assistance!\" \/>\n<meta property=\"og:url\" content=\"https:\/\/ppid.com\/es\/westchester-o1-visa-lawyer\/\" \/>\n<meta property=\"og:site_name\" content=\"Pollack, Pollack, Isaac &amp; DeCicco, LLP\" \/>\n<meta property=\"article:modified_time\" content=\"2025-09-08T19:05:19+00:00\" \/>\n<meta property=\"og:image\" content=\"https:\/\/ppid.com\/wp-content\/uploads\/2025\/01\/westchester-o1-visa-lawyer.webp\" \/>\n\t<meta property=\"og:image:width\" content=\"1200\" \/>\n\t<meta property=\"og:image:height\" content=\"600\" \/>\n\t<meta property=\"og:image:type\" content=\"image\/webp\" \/>\n<meta name=\"twitter:card\" content=\"summary_large_image\" \/>\n<meta name=\"twitter:label1\" content=\"Tiempo de lectura\" \/>\n\t<meta name=\"twitter:data1\" content=\"5 minutos\" \/>\n<!-- \/ Yoast SEO Premium plugin. -->","yoast_head_json":{"title":"Westchester Visa O1 Abogado y Bufete de Abogados","description":"Conf\u00ede en PPID, su abogado especializado en visados Westchester O1, para obtener orientaci\u00f3n legal experta en la obtenci\u00f3n de visados de capacidad extraordinaria. \u00a1P\u00f3ngase en contacto con nosotros hoy para obtener ayuda!","robots":{"index":"index","follow":"follow","max-snippet":"max-snippet:-1","max-image-preview":"max-image-preview:large","max-video-preview":"max-video-preview:-1"},"canonical":"https:\/\/ppid.com\/es\/westchester-o1-visa-lawyer\/","og_locale":"es_MX","og_type":"article","og_title":"Westchester O1 Visa Lawyer","og_description":"Trust PPID, your Westchester O1 visa lawyer, for expert legal guidance in securing extraordinary ability visas. Contact us today for assistance!","og_url":"https:\/\/ppid.com\/es\/westchester-o1-visa-lawyer\/","og_site_name":"Pollack, Pollack, Isaac &amp; DeCicco, LLP","article_modified_time":"2025-09-08T19:05:19+00:00","og_image":[{"width":1200,"height":600,"url":"https:\/\/ppid.com\/wp-content\/uploads\/2025\/01\/westchester-o1-visa-lawyer.webp","type":"image\/webp"}],"twitter_card":"summary_large_image","twitter_misc":{"Tiempo de lectura":"5 minutos"},"schema":{"@context":"https:\/\/schema.org","@graph":[{"@type":"WebPage","@id":"https:\/\/ppid.com\/westchester-o1-visa-lawyer\/","url":"https:\/\/ppid.com\/westchester-o1-visa-lawyer\/","name":"Westchester Visa O1 Abogado y Bufete de Abogados","isPartOf":{"@id":"https:\/\/ppid.com\/#website"},"primaryImageOfPage":{"@id":"https:\/\/ppid.com\/westchester-o1-visa-lawyer\/#primaryimage"},"image":{"@id":"https:\/\/ppid.com\/westchester-o1-visa-lawyer\/#primaryimage"},"thumbnailUrl":"https:\/\/ppid.com\/wp-content\/uploads\/2025\/01\/westchester-o1-visa-lawyer.webp","datePublished":"2025-01-09T10:37:18+00:00","dateModified":"2025-09-08T19:05:19+00:00","description":"Conf\u00ede en PPID, su abogado especializado en visados Westchester O1, para obtener orientaci\u00f3n legal experta en la obtenci\u00f3n de visados de capacidad extraordinaria. \u00a1P\u00f3ngase en contacto con nosotros hoy para obtener ayuda!","breadcrumb":{"@id":"https:\/\/ppid.com\/westchester-o1-visa-lawyer\/#breadcrumb"},"inLanguage":"es","potentialAction":[{"@type":"ReadAction","target":["https:\/\/ppid.com\/westchester-o1-visa-lawyer\/"]}]},{"@type":"ImageObject","inLanguage":"es","@id":"https:\/\/ppid.com\/westchester-o1-visa-lawyer\/#primaryimage","url":"https:\/\/ppid.com\/wp-content\/uploads\/2025\/01\/westchester-o1-visa-lawyer.webp","contentUrl":"https:\/\/ppid.com\/wp-content\/uploads\/2025\/01\/westchester-o1-visa-lawyer.webp"},{"@type":"BreadcrumbList","@id":"https:\/\/ppid.com\/westchester-o1-visa-lawyer\/#breadcrumb","itemListElement":[{"@type":"ListItem","position":1,"name":"Home","item":"https:\/\/ppid.com\/"},{"@type":"ListItem","position":2,"name":"Westchester O1 Visa Lawyer"}]},{"@type":"WebSite","@id":"https:\/\/ppid.com\/#website","url":"https:\/\/ppid.com\/","name":"Pollack, Pollack, Isaac &amp; DeCicco, LLP","description":"","potentialAction":[{"@type":"SearchAction","target":{"@type":"EntryPoint","urlTemplate":"https:\/\/ppid.com\/?s={search_term_string}"},"query-input":{"@type":"PropertyValueSpecification","valueRequired":true,"valueName":"search_term_string"}}],"inLanguage":"es"}]}},"_links":{"self":[{"href":"https:\/\/ppid.com\/es\/wp-json\/wp\/v2\/pages\/1967","targetHints":{"allow":["GET"]}}],"collection":[{"href":"https:\/\/ppid.com\/es\/wp-json\/wp\/v2\/pages"}],"about":[{"href":"https:\/\/ppid.com\/es\/wp-json\/wp\/v2\/types\/page"}],"author":[{"embeddable":true,"href":"https:\/\/ppid.com\/es\/wp-json\/wp\/v2\/users\/1"}],"replies":[{"embeddable":true,"href":"https:\/\/ppid.com\/es\/wp-json\/wp\/v2\/comments?post=1967"}],"version-history":[{"count":0,"href":"https:\/\/ppid.com\/es\/wp-json\/wp\/v2\/pages\/1967\/revisions"}],"wp:attachment":[{"href":"https:\/\/ppid.com\/es\/wp-json\/wp\/v2\/media?parent=1967"}],"curies":[{"name":"wp","href":"https:\/\/api.w.org\/{rel}","templated":true}]}}