{"id":2142,"date":"2025-01-17T07:13:46","date_gmt":"2025-01-17T07:13:46","guid":{"rendered":"https:\/\/ppidllp.wpenginepowered.com\/?page_id=2142"},"modified":"2025-06-23T16:23:19","modified_gmt":"2025-06-23T16:23:19","slug":"brooklyn-h2b-visa-lawyer","status":"publish","type":"page","link":"https:\/\/ppid.com\/es\/brooklyn-h2b-visa-lawyer\/","title":{"rendered":"Brooklyn Abogado de visados H2B"},"content":{"rendered":"<div id=\"ez-toc-container\" class=\"ez-toc-v2_0_80 counter-hierarchy ez-toc-counter ez-toc-transparent ez-toc-container-direction\">\n<div class=\"ez-toc-title-container\">\n<p class=\"ez-toc-title ez-toc-toggle\" style=\"cursor:pointer\">\u00cdndice<\/p>\n<span class=\"ez-toc-title-toggle\"><a href=\"#\" class=\"ez-toc-pull-right ez-toc-btn ez-toc-btn-xs ez-toc-btn-default ez-toc-toggle\" aria-label=\"Toggle Table of Content\"><span class=\"ez-toc-js-icon-con\"><span class=\"\"><span class=\"eztoc-hide\" style=\"display:none;\">Toggle<\/span><span class=\"ez-toc-icon-toggle-span\"><svg style=\"fill: #999;color:#999\" xmlns=\"http:\/\/www.w3.org\/2000\/svg\" class=\"list-377408\" width=\"20px\" height=\"20px\" viewbox=\"0 0 24 24\" fill=\"none\"><path d=\"M6 6H4v2h2V6zm14 0H8v2h12V6zM4 11h2v2H4v-2zm16 0H8v2h12v-2zM4 16h2v2H4v-2zm16 0H8v2h12v-2z\" fill=\"currentColor\"><\/path><\/svg><svg style=\"fill: #999;color:#999\" class=\"arrow-unsorted-368013\" xmlns=\"http:\/\/www.w3.org\/2000\/svg\" width=\"10px\" height=\"10px\" viewbox=\"0 0 24 24\" version=\"1.2\" baseprofile=\"tiny\"><path d=\"M18.2 9.3l-6.2-6.3-6.2 6.3c-.2.2-.3.4-.3.7s.1.5.3.7c.2.2.4.3.7.3h11c.3 0 .5-.1.7-.3.2-.2.3-.5.3-.7s-.1-.5-.3-.7zM5.8 14.7l6.2 6.3 6.2-6.3c.2-.2.3-.5.3-.7s-.1-.5-.3-.7c-.2-.2-.4-.3-.7-.3h-11c-.3 0-.5.1-.7.3-.2.2-.3.5-.3.7s.1.5.3.7z\"\/><\/svg><\/span><\/span><\/span><\/a><\/span><\/div>\n<nav><ul class='ez-toc-list ez-toc-list-level-1 eztoc-toggle-hide-by-default' ><li class='ez-toc-page-1 ez-toc-heading-level-2'><a class=\"ez-toc-link ez-toc-heading-1\" href=\"https:\/\/ppid.com\/es\/brooklyn-h2b-visa-lawyer\/#brooklyn-h2b-visa-attorney\" >Brooklyn Abogado visado H2B<\/a><\/li><li class='ez-toc-page-1 ez-toc-heading-level-2'><a class=\"ez-toc-link ez-toc-heading-2\" href=\"https:\/\/ppid.com\/es\/brooklyn-h2b-visa-lawyer\/#understanding-key-features-of-the-h2b-visa\" >Principales caracter\u00edsticas del visado H2B<\/a><\/li><li class='ez-toc-page-1 ez-toc-heading-level-2'><a class=\"ez-toc-link ez-toc-heading-3\" href=\"https:\/\/ppid.com\/es\/brooklyn-h2b-visa-lawyer\/#how-can-a-brooklyn-h2b-visa-lawyer-assist-with-my-case\" >\u00bfC\u00f3mo puede ayudarme en mi caso un abogado especializado en visados H2B Brooklyn?<\/a><\/li><li class='ez-toc-page-1 ez-toc-heading-level-2'><a class=\"ez-toc-link ez-toc-heading-4\" href=\"https:\/\/ppid.com\/es\/brooklyn-h2b-visa-lawyer\/#brooklyn-industries-that-commonly-utilize-h2b-visas\" >Brooklyn Sectores que suelen utilizar visados H2B<\/a><\/li><li class='ez-toc-page-1 ez-toc-heading-level-2'><a class=\"ez-toc-link ez-toc-heading-5\" href=\"https:\/\/ppid.com\/es\/brooklyn-h2b-visa-lawyer\/#a-brief-overview-of-the-h2b-visa-application-process\" >Breve descripci\u00f3n del proceso de solicitud del visado H2B<\/a><\/li><li class='ez-toc-page-1 ez-toc-heading-level-2'><a class=\"ez-toc-link ez-toc-heading-6\" href=\"https:\/\/ppid.com\/es\/brooklyn-h2b-visa-lawyer\/#meet-critical-labor-shortages-by-working-with-a-brooklyn-h2b-visa-lawyer\" >Hacer frente a la escasez de mano de obra trabajando con un abogado especializado en visados H2B Brooklyn<\/a><\/li><\/ul><\/nav><\/div>\n<h2><span class=\"ez-toc-section\" id=\"brooklyn-h2b-visa-attorney\"><\/span>Brooklyn Abogado visado H2B<span class=\"ez-toc-section-end\"><\/span><\/h2>\n<p>Si usted es un empleador Brooklyn que busca contratar trabajadores extranjeros temporales o un trabajador extranjero tratando de encontrar empleo temporal en los Estados Unidos, puede ser dif\u00edcil navegar por el proceso de visa H2B. Un abogado dedicado y <strong>abogado con experiencia en visados H2B Brooklyn<\/strong>\u00a0de <a href=\"https:\/\/ppid.com\/es\/firm\/\">Pollack, Pollack, Isaac &amp; DeCicco<\/a> puede ofrecer conocimientos y experiencia a <a href=\"https:\/\/ppid.com\/es\/testimonials\/\">ayudarle de forma fluida y eficaz<\/a> navegar por el proceso de solicitud de visado.<\/p>\n<p>En <a href=\"https:\/\/ppid.com\/es\/brooklyn-immigration-lawyer\/\">equipo jur\u00eddico de inmigraci\u00f3n<\/a> en Pollack, Pollack, Isaac &amp; DeCicco se dedica a ayudar a empresarios y particulares a beneficiarse de los intercambios internacionales de trabajo, como el programa de visados H2B. Trabajamos uno-a-uno con los clientes, trabajando para entender sus necesidades particulares y los detalles asociados con cada caso. Juntos, podemos dise\u00f1ar e implementar una estrategia legal s\u00f3lida para ayudarle a obtener un visado H2B.<\/p>\n<p><img loading=\"lazy\" decoding=\"async\" class=\"aligncenter wp-image-2143 size-full\" title=\"El mejor abogado de visados Brooklyn H2B\" src=\"https:\/\/ppid.com\/wp-content\/uploads\/2025\/01\/brooklyn-h2b-visa-lawyer.webp\" alt=\"Best Brooklyn H2B Visa Lawyer\" width=\"1200\" height=\"600\" srcset=\"https:\/\/ppid.com\/wp-content\/uploads\/2025\/01\/brooklyn-h2b-visa-lawyer.webp 1200w, https:\/\/ppid.com\/wp-content\/uploads\/2025\/01\/brooklyn-h2b-visa-lawyer-300x150.webp 300w, https:\/\/ppid.com\/wp-content\/uploads\/2025\/01\/brooklyn-h2b-visa-lawyer-1024x512.webp 1024w, https:\/\/ppid.com\/wp-content\/uploads\/2025\/01\/brooklyn-h2b-visa-lawyer-768x384.webp 768w\" sizes=\"auto, (max-width: 1200px) 100vw, 1200px\" \/><\/p>\n<h2><span class=\"ez-toc-section\" id=\"understanding-key-features-of-the-h2b-visa\"><\/span>Principales caracter\u00edsticas del visado H2B<span class=\"ez-toc-section-end\"><\/span><\/h2>\n<p>A trav\u00e9s del programa de visados H2B, los empresarios estadounidenses pueden traer a ciudadanos extranjeros a Estados Unidos para trabajar en empleos temporales no agr\u00edcolas. Un visado H2B es un visado de no inmigrante, lo que significa que las personas a las que se concede este tipo de visado no tendr\u00e1n una oportunidad significativa de obtener la residencia a largo plazo o un camino eventual hacia la ciudadan\u00eda.<\/p>\n<p>El programa de visados H2B es fundamental para las industrias que tienen picos de carga o demanda estacional, como la construcci\u00f3n y la hosteler\u00eda. Cuando no se dispone de suficientes trabajadores estadounidenses para cubrir las necesidades de empleo a corto plazo, el programa de visados H2B puede colmar estas lagunas cr\u00edticas, ayudando a los empresarios a seguir racionalizando sus operaciones comerciales y optimizando los beneficios. El visado H2B se define generalmente por las siguientes caracter\u00edsticas:<\/p>\n<ul>\n<li><strong>Puestos no agr\u00edcolas.<\/strong> Los trabajadores que obtienen visados H2B s\u00f3lo pueden hacerlo demostrando que han sido contratados para un puesto temporal no agr\u00edcola.<\/li>\n<li><strong>Empleo de corta duraci\u00f3n.<\/strong> El trabajo para el que se puede contratar a un trabajador con visado H2B debe ser de corta duraci\u00f3n, lo que significa que est\u00e1 relacionado con una necesidad puntual o intermitente, de m\u00e1xima carga o estacional.<\/li>\n<li><strong>Duraci\u00f3n del visado.<\/strong> El visado H2B suele concederse por un per\u00edodo m\u00e1ximo de <a href=\"https:\/\/www.uscis.gov\/working-in-the-united-states\/temporary-workers\/h-2b-temporary-non-agricultural-workers\"><u>un a\u00f1o<\/u><\/a>, con la posibilidad de prorrogar el visado por una duraci\u00f3n total de tres a\u00f1os.<\/li>\n<li><strong>Topes anuales.<\/strong> El Gobierno de EE.UU. fija un l\u00edmite anual al n\u00famero de visados H2B que pueden concederse, que suele ser de 66.000 cada a\u00f1o fiscal. El l\u00edmite se divide en 33.000 visados para cada mitad del a\u00f1o fiscal. Sin embargo, si no se alcanza el tope para la primera mitad, los visados restantes pueden trasladarse a la segunda parte del a\u00f1o. Los visados sobrantes al final del segundo semestre no se aplicar\u00e1n al a\u00f1o siguiente.<\/li>\n<\/ul>\n<h2><span class=\"ez-toc-section\" id=\"how-can-a-brooklyn-h2b-visa-lawyer-assist-with-my-case\"><\/span>\u00bfC\u00f3mo puede ayudarme en mi caso un abogado especializado en visados H2B Brooklyn?<span class=\"ez-toc-section-end\"><\/span><\/h2>\n<p>Un abogado de visados H2B Brooklyn compasivo y experimentado puede influir significativamente en el resultado de su solicitud de visado H2B, as\u00ed como en las renovaciones posteriores y en el cumplimiento de las normas y reglamentos. Pueden trabajar estrechamente con usted para ayudarle con lo siguiente:<\/p>\n<ul>\n<li><strong>Evaluaci\u00f3n inicial del caso.<\/strong> Un abogado puede analizar los detalles de su caso y comprender sus objetivos de inmigraci\u00f3n para ayudarle a decidir si el programa de visados H2B es una opci\u00f3n \u00f3ptima para usted o su empresa durante la consulta inicial. Pueden evaluar honestamente su caso, inform\u00e1ndole de los requisitos y del plazo estimado del proceso.<\/li>\n<li><strong>Presentaci\u00f3n de solicitudes.<\/strong> Dado que el proceso del visado H2B implica el cumplimiento detallado de la normativa y la documentaci\u00f3n subsiguiente, es fundamental trabajar con un abogado diligente que pueda ayudarle a preparar y presentar las solicitudes en cada paso.<\/li>\n<\/ul>\n<p>Ayudan a las empresas en la contrataci\u00f3n de trabajadores estadounidenses, la presentaci\u00f3n de solicitudes de empleo a la Agencia Estatal de Empleo (SWA), las solicitudes de certificaci\u00f3n laboral temporal y las solicitudes de petici\u00f3n al Servicio de Ciudadan\u00eda e Inmigraci\u00f3n de los Estados Unidos (USCIS).<\/p>\n<ul>\n<li><strong>Cumplimiento de los requisitos.<\/strong> Para evitar retrasos innecesarios o rechazos de su solicitud, es fundamental asegurarse de que est\u00e1 cumpliendo con los requisitos legales. Un abogado de inmigraci\u00f3n con experiencia puede ayudarle a cumplir los requisitos salariales vigentes, llevar a cabo una documentaci\u00f3n adecuada de todos los esfuerzos de contrataci\u00f3n y ayudarle diligentemente a seguir cada paso para mantener su solicitud en el buen camino.<\/li>\n<li><strong>Solicitud del visado H2B.<\/strong> El trabajador extranjero al que se le haya ofrecido un puesto de trabajo en Brooklyn tendr\u00e1 que solicitar un visado H2B en el consulado o embajada de EE.UU. m\u00e1s cercano en su pa\u00eds de origen una vez que la petici\u00f3n del empleador haya sido aprobada por USCIS. Un abogado especializado en visados H2B puede ayudarles a presentar la solicitud de visado en l\u00ednea, programar la entrevista, asistirles en la preparaci\u00f3n y trabajar para resolver cualquier problema que pueda surgir durante la tramitaci\u00f3n consular.<\/li>\n<li><strong>Asistencia a los clientes tras la aceptaci\u00f3n de la solicitud de visado H2B.<\/strong> Es fundamental seguir cumpliendo las complejas leyes de inmigraci\u00f3n despu\u00e9s de que se conceda el visado H2B y el trabajador extranjero haya llegado a Brooklyn. Un abogado de inmigraci\u00f3n puede ayudarle con las renovaciones o pr\u00f3rrogas del visado si sigue necesitando mano de obra temporal despu\u00e9s de que expire el visado. Pueden asegurarse de que se cumplen las normas m\u00e1s importantes, como las condiciones de trabajo y las normas salariales.<\/li>\n<\/ul>\n<p>Al trabajar con un abogado especializado en visados H2B con sede en la zona Brooklyn, tanto los empresarios como los trabajadores pueden asegurarse de que el <a href=\"https:\/\/ppid.com\/es\/blog\/dhs-announces-updated-eligible-countries-for-h-2a-and-h-2b-visa-programs\/\"><u>Tramitaci\u00f3n del visado H2B<\/u><\/a>\u00a0sea eficiente y que cumplan las normas y reglamentos durante el periodo de trabajo designado. Un abogado de inmigraci\u00f3n puede ayudar a los clientes a crear un plan de inmigraci\u00f3n personalizado para el visado H2B.<\/p>\n<h2><span class=\"ez-toc-section\" id=\"brooklyn-industries-that-commonly-utilize-h2b-visas\"><\/span>Brooklyn Sectores que suelen utilizar visados H2B<span class=\"ez-toc-section-end\"><\/span><\/h2>\n<p>En Brooklyn, NY, ciertas industrias dependen profundamente del programa de visados H2B para ayudar a cubrir las demandas de mano de obra temporal o estacional que surjan. Estas industrias incluyen las siguientes:<\/p>\n<ul>\n<li><strong>Procesado de marisco.<\/strong> Durante las temporadas altas, suelen necesitarse trabajadores adicionales en las plantas de procesamiento de marisco, situadas normalmente en zonas costeras. Los puestos clave, como operarios de l\u00ednea y empaquetadores, pueden cubrirse mediante el programa de visados H2B.<\/li>\n<li><strong>Durante los periodos de mayor demanda<\/strong>El sector de la construcci\u00f3n necesita a menudo contratar carpinteros, obreros y otros trabajadores cualificados. El programa de visados H2B les permite cubrir estos puestos temporales en la construcci\u00f3n con trabajadores extranjeros.<\/li>\n<li><strong>Seguir prestando un excelente servicio al cliente<\/strong> Durante la temporada alta, restaurantes, hoteles y complejos tur\u00edsticos recurren al programa de visados H2B para contratar trabajadores extranjeros y cubrir puestos como cocineros, lavaplatos, recepcionistas y amas de llaves.<\/li>\n<li><strong>Industrias paisaj\u00edsticas<\/strong> que experimentan una mayor demanda durante las temporadas de verano y primavera suelen necesitar trabajadores adicionales para continuar con las operaciones comerciales como de costumbre. A trav\u00e9s del programa de visados H2B, pueden contratar a trabajadores extranjeros para cubrir puestos de jardineros, paisajistas y constructores.<\/li>\n<\/ul>\n<p>Si usted es una empresa que busca contratar talento extranjero para satisfacer una demanda temporal de mano de obra, un abogado de inmigraci\u00f3n de nuestro bufete puede considerar los tipos de puestos que necesita cubrir y la naturaleza de sus necesidades laborales para determinar si el visado H2B es una soluci\u00f3n \u00f3ptima para usted, as\u00ed como el tipo de solicitud que deber\u00e1 presentar.<\/p>\n<h2><span class=\"ez-toc-section\" id=\"a-brief-overview-of-the-h2b-visa-application-process\"><\/span>Breve descripci\u00f3n del proceso de solicitud del visado H2B<span class=\"ez-toc-section-end\"><\/span><\/h2>\n<p>Dado que el proceso de solicitud del visado H2B puede ser complejo y abrumador, e implicar m\u00faltiples pasos e interacciones con diversas partes interesadas como el USCIS y el DOL, es fundamental tener una comprensi\u00f3n general de lo que implica. De este modo, empresarios y trabajadores pueden planificar en consecuencia, asegur\u00e1ndose de que el proceso de solicitud transcurre sin contratiempos y de que los documentos clave se presentan a tiempo. El proceso de solicitud del visado H2B suele implicar:<\/p>\n<ul>\n<li><strong>Env\u00edo de una orden de trabajo.<\/strong> Despu\u00e9s de que un empresario identifique la necesidad de trabajadores temporales no agr\u00edcolas, tendr\u00e1 que presentar una orden de trabajo a la SWA. La SWA se asegurar\u00e1 de que el trabajo sea visible para los trabajadores estadounidenses public\u00e1ndolo con todos los detalles asociados.<\/li>\n<li><strong>Llevar a cabo esfuerzos de reclutamiento en Estados Unidos.<\/strong> Los esfuerzos de contrataci\u00f3n en EE.UU. deber\u00e1n documentarse y presentarse para solicitar un certificado de trabajo temporal al DOL. Por lo tanto, los empresarios que deseen participar en el programa de visados H2B tendr\u00e1n que intentar contratar a trabajadores estadounidenses para los puestos que necesiten cubrir temporalmente.<\/li>\n<li><strong>Presentar la solicitud de certificaci\u00f3n de trabajo temporal.<\/strong> Esta solicitud, tambi\u00e9n conocida como formulario ETA-9142B, debe presentarse al DOL, junto con documentaci\u00f3n acreditativa, como pruebas de los esfuerzos de contrataci\u00f3n.<\/li>\n<li><strong>Presentar una petici\u00f3n de trabajador no inmigrante ante el USCIS.<\/strong> Tras obtener un certificado de trabajo temporal, el empresario deber\u00e1 presentar un justificante de la recepci\u00f3n de este documento junto con la solicitud de petici\u00f3n.<\/li>\n<li><strong>Solicitar el visado H2B.<\/strong> Una vez obtenida la petici\u00f3n, el trabajador extranjero contratado deber\u00e1 solicitar un visado H2B en el consulado o embajada de EE.UU. en su pa\u00eds de origen.<\/li>\n<\/ul>\n<p>Una vez aprobado el visado, el trabajador extranjero podr\u00e1 venir a Brooklyn para empezar a trabajar seg\u00fan las condiciones establecidas en su contrato de trabajo. Durante este periodo, el empresario deber\u00e1 cumplir la normativa legal y las condiciones del visado. Un abogado especializado y con experiencia en inmigraci\u00f3n con sede en Brooklyn puede ayudar a empresarios y trabajadores a navegar por estos complejos procesos, garantizando que los documentos fundamentales se obtengan a tiempo.<\/p>\n<h2><span class=\"ez-toc-section\" id=\"meet-critical-labor-shortages-by-working-with-a-brooklyn-h2b-visa-lawyer\"><\/span>Hacer frente a la escasez de mano de obra trabajando con un abogado especializado en visados H2B Brooklyn<span class=\"ez-toc-section-end\"><\/span><\/h2>\n<p>Debido al vertiginoso entorno empresarial, puede resultar dif\u00edcil seguir el ritmo del competitivo panorama corporativo de Brooklyn. Por lo tanto, cuando surge una demanda a corto plazo, es fundamental conseguir mano de obra calificada para que las operaciones comerciales puedan continuar sin problemas y de manera eficiente. Un abogado con experiencia en visados H2B Brooklyn de Pollack, Pollack, Isaac &amp; DeCicco puede guiarle a trav\u00e9s del proceso de solicitud del visado H2B y garantizar su cumplimiento.<a href=\"https:\/\/ppid.com\/es\/contact\/\">\u00a0<\/a><a href=\"https:\/\/ppid.com\/es\/contact\/\"><u>P\u00f3ngase en contacto con nosotros<\/u><\/a>.<\/p>\n<p><iframe src=\"https:\/\/www.google.com\/maps\/embed?pb=!1m18!1m12!1m3!1d96873.72404095989!2d-73.94483555000001!3d40.64523145!2m3!1f0!2f0!3f0!3m2!1i1024!2i768!4f13.1!3m3!1m2!1s0x89c24416947c2109%3A0x82765c7404007886!2sBrooklyn%2C%20NY%2C%20USA!5e0!3m2!1sen!2sin!4v1750695595020!5m2!1sen!2sin\" width=\"100%\" height=\"300\" style=\"border:0;\" allowfullscreen=\"\" loading=\"lazy\" referrerpolicy=\"no-referrer-when-downgrade\"><\/iframe><\/p>","protected":false},"excerpt":{"rendered":"<p>Brooklyn H2B Visa Attorney If you are a Brooklyn employer seeking to hire temporary foreign workers or a foreign worker trying to find temporary employment in the United States, it can be difficult to navigate the H2B visa process. A dedicated and experienced\u00a0Brooklyn H2B visa lawyer\u00a0from Pollack, Pollack, Isaac &amp; DeCicco can offer knowledge and &hellip; <\/p>\n<p class=\"link-more\"><a href=\"https:\/\/ppid.com\/es\/brooklyn-h2b-visa-lawyer\/\" class=\"more-link\">Seguir leyendo<span class=\"screen-reader-text\"> &#8220;Brooklyn H2B Visa Lawyer&#8221;<\/span><\/a><\/p>","protected":false},"author":1,"featured_media":0,"parent":0,"menu_order":0,"comment_status":"closed","ping_status":"closed","template":"","meta":{"_acf_changed":false,"footnotes":""},"class_list":["post-2142","page","type-page","status-publish","hentry","entry"],"acf":[],"yoast_head":"<!-- This site is optimized with the Yoast SEO Premium plugin v26.8 (Yoast SEO v26.8) - https:\/\/yoast.com\/product\/yoast-seo-premium-wordpress\/ -->\n<title>Brooklyn H2B Visa Lawyer &amp; Law Firm<\/title>\n<meta name=\"description\" content=\"Need help with an H2B visa in Brooklyn? PPID&#039;s Brooklyn H2B Visa Lawyer offers skilled legal assistance for temporary or seasonal work visas. Call now!\" \/>\n<meta name=\"robots\" content=\"index, follow, max-snippet:-1, max-image-preview:large, max-video-preview:-1\" \/>\n<link rel=\"canonical\" href=\"https:\/\/ppid.com\/es\/brooklyn-h2b-visa-lawyer\/\" \/>\n<meta property=\"og:locale\" content=\"es_MX\" \/>\n<meta property=\"og:type\" content=\"article\" \/>\n<meta property=\"og:title\" content=\"Brooklyn H2B Visa Lawyer\" \/>\n<meta property=\"og:description\" content=\"Need help with an H2B visa in Brooklyn? PPID&#039;s Brooklyn H2B Visa Lawyer offers skilled legal assistance for temporary or seasonal work visas. Call now!\" \/>\n<meta property=\"og:url\" content=\"https:\/\/ppid.com\/es\/brooklyn-h2b-visa-lawyer\/\" \/>\n<meta property=\"og:site_name\" content=\"Pollack, Pollack, Isaac &amp; DeCicco, LLP\" \/>\n<meta property=\"article:modified_time\" content=\"2025-06-23T16:23:19+00:00\" \/>\n<meta property=\"og:image\" content=\"https:\/\/ppid.com\/wp-content\/uploads\/2025\/01\/brooklyn-h2b-visa-lawyer.webp\" \/>\n\t<meta property=\"og:image:width\" content=\"1200\" \/>\n\t<meta property=\"og:image:height\" content=\"600\" \/>\n\t<meta property=\"og:image:type\" content=\"image\/webp\" \/>\n<meta name=\"twitter:card\" content=\"summary_large_image\" \/>\n<meta name=\"twitter:label1\" content=\"Tiempo de lectura\" \/>\n\t<meta name=\"twitter:data1\" content=\"7 minutos\" \/>\n<!-- \/ Yoast SEO Premium plugin. -->","yoast_head_json":{"title":"Brooklyn H2B Visa Abogado y Bufete de Abogados","description":"\u00bfNecesita ayuda con un visado H2B en Brooklyn? El abogado de visas H2B en Brooklyn de PPID ofrece asistencia legal calificada para visas de trabajo temporales o estacionales. Llame ahora","robots":{"index":"index","follow":"follow","max-snippet":"max-snippet:-1","max-image-preview":"max-image-preview:large","max-video-preview":"max-video-preview:-1"},"canonical":"https:\/\/ppid.com\/es\/brooklyn-h2b-visa-lawyer\/","og_locale":"es_MX","og_type":"article","og_title":"Brooklyn H2B Visa Lawyer","og_description":"Need help with an H2B visa in Brooklyn? PPID's Brooklyn H2B Visa Lawyer offers skilled legal assistance for temporary or seasonal work visas. Call now!","og_url":"https:\/\/ppid.com\/es\/brooklyn-h2b-visa-lawyer\/","og_site_name":"Pollack, Pollack, Isaac &amp; DeCicco, LLP","article_modified_time":"2025-06-23T16:23:19+00:00","og_image":[{"width":1200,"height":600,"url":"https:\/\/ppid.com\/wp-content\/uploads\/2025\/01\/brooklyn-h2b-visa-lawyer.webp","type":"image\/webp"}],"twitter_card":"summary_large_image","twitter_misc":{"Tiempo de lectura":"7 minutos"},"schema":{"@context":"https:\/\/schema.org","@graph":[{"@type":"WebPage","@id":"https:\/\/ppid.com\/brooklyn-h2b-visa-lawyer\/","url":"https:\/\/ppid.com\/brooklyn-h2b-visa-lawyer\/","name":"Brooklyn H2B Visa Abogado y Bufete de Abogados","isPartOf":{"@id":"https:\/\/ppid.com\/#website"},"primaryImageOfPage":{"@id":"https:\/\/ppid.com\/brooklyn-h2b-visa-lawyer\/#primaryimage"},"image":{"@id":"https:\/\/ppid.com\/brooklyn-h2b-visa-lawyer\/#primaryimage"},"thumbnailUrl":"https:\/\/ppid.com\/wp-content\/uploads\/2025\/01\/brooklyn-h2b-visa-lawyer.webp","datePublished":"2025-01-17T07:13:46+00:00","dateModified":"2025-06-23T16:23:19+00:00","description":"\u00bfNecesita ayuda con un visado H2B en Brooklyn? El abogado de visas H2B en Brooklyn de PPID ofrece asistencia legal calificada para visas de trabajo temporales o estacionales. Llame ahora","breadcrumb":{"@id":"https:\/\/ppid.com\/brooklyn-h2b-visa-lawyer\/#breadcrumb"},"inLanguage":"es","potentialAction":[{"@type":"ReadAction","target":["https:\/\/ppid.com\/brooklyn-h2b-visa-lawyer\/"]}]},{"@type":"ImageObject","inLanguage":"es","@id":"https:\/\/ppid.com\/brooklyn-h2b-visa-lawyer\/#primaryimage","url":"https:\/\/ppid.com\/wp-content\/uploads\/2025\/01\/brooklyn-h2b-visa-lawyer.webp","contentUrl":"https:\/\/ppid.com\/wp-content\/uploads\/2025\/01\/brooklyn-h2b-visa-lawyer.webp"},{"@type":"BreadcrumbList","@id":"https:\/\/ppid.com\/brooklyn-h2b-visa-lawyer\/#breadcrumb","itemListElement":[{"@type":"ListItem","position":1,"name":"Home","item":"https:\/\/ppid.com\/"},{"@type":"ListItem","position":2,"name":"Brooklyn H2B Visa Lawyer"}]},{"@type":"WebSite","@id":"https:\/\/ppid.com\/#website","url":"https:\/\/ppid.com\/","name":"Pollack, Pollack, Isaac &amp; DeCicco, LLP","description":"","potentialAction":[{"@type":"SearchAction","target":{"@type":"EntryPoint","urlTemplate":"https:\/\/ppid.com\/?s={search_term_string}"},"query-input":{"@type":"PropertyValueSpecification","valueRequired":true,"valueName":"search_term_string"}}],"inLanguage":"es"}]}},"_links":{"self":[{"href":"https:\/\/ppid.com\/es\/wp-json\/wp\/v2\/pages\/2142","targetHints":{"allow":["GET"]}}],"collection":[{"href":"https:\/\/ppid.com\/es\/wp-json\/wp\/v2\/pages"}],"about":[{"href":"https:\/\/ppid.com\/es\/wp-json\/wp\/v2\/types\/page"}],"author":[{"embeddable":true,"href":"https:\/\/ppid.com\/es\/wp-json\/wp\/v2\/users\/1"}],"replies":[{"embeddable":true,"href":"https:\/\/ppid.com\/es\/wp-json\/wp\/v2\/comments?post=2142"}],"version-history":[{"count":0,"href":"https:\/\/ppid.com\/es\/wp-json\/wp\/v2\/pages\/2142\/revisions"}],"wp:attachment":[{"href":"https:\/\/ppid.com\/es\/wp-json\/wp\/v2\/media?parent=2142"}],"curies":[{"name":"wp","href":"https:\/\/api.w.org\/{rel}","templated":true}]}}