{"id":2149,"date":"2025-01-17T07:21:13","date_gmt":"2025-01-17T07:21:13","guid":{"rendered":"https:\/\/ppidllp.wpenginepowered.com\/?page_id=2149"},"modified":"2025-06-23T12:35:38","modified_gmt":"2025-06-23T12:35:38","slug":"rockland-county-h2b-visa-lawyer","status":"publish","type":"page","link":"https:\/\/ppid.com\/es\/rockland-county-h2b-visa-lawyer\/","title":{"rendered":"Rockland County Abogado de visados H2B"},"content":{"rendered":"<div id=\"ez-toc-container\" class=\"ez-toc-v2_0_80 counter-hierarchy ez-toc-counter ez-toc-transparent ez-toc-container-direction\">\n<div class=\"ez-toc-title-container\">\n<p class=\"ez-toc-title ez-toc-toggle\" style=\"cursor:pointer\">\u00cdndice<\/p>\n<span class=\"ez-toc-title-toggle\"><a href=\"#\" class=\"ez-toc-pull-right ez-toc-btn ez-toc-btn-xs ez-toc-btn-default ez-toc-toggle\" aria-label=\"Toggle Table of Content\"><span class=\"ez-toc-js-icon-con\"><span class=\"\"><span class=\"eztoc-hide\" style=\"display:none;\">Toggle<\/span><span class=\"ez-toc-icon-toggle-span\"><svg style=\"fill: #999;color:#999\" xmlns=\"http:\/\/www.w3.org\/2000\/svg\" class=\"list-377408\" width=\"20px\" height=\"20px\" viewbox=\"0 0 24 24\" fill=\"none\"><path d=\"M6 6H4v2h2V6zm14 0H8v2h12V6zM4 11h2v2H4v-2zm16 0H8v2h12v-2zM4 16h2v2H4v-2zm16 0H8v2h12v-2z\" fill=\"currentColor\"><\/path><\/svg><svg style=\"fill: #999;color:#999\" class=\"arrow-unsorted-368013\" xmlns=\"http:\/\/www.w3.org\/2000\/svg\" width=\"10px\" height=\"10px\" viewbox=\"0 0 24 24\" version=\"1.2\" baseprofile=\"tiny\"><path d=\"M18.2 9.3l-6.2-6.3-6.2 6.3c-.2.2-.3.4-.3.7s.1.5.3.7c.2.2.4.3.7.3h11c.3 0 .5-.1.7-.3.2-.2.3-.5.3-.7s-.1-.5-.3-.7zM5.8 14.7l6.2 6.3 6.2-6.3c.2-.2.3-.5.3-.7s-.1-.5-.3-.7c-.2-.2-.4-.3-.7-.3h-11c-.3 0-.5.1-.7.3-.2.2-.3.5-.3.7s.1.5.3.7z\"\/><\/svg><\/span><\/span><\/span><\/a><\/span><\/div>\n<nav><ul class='ez-toc-list ez-toc-list-level-1 eztoc-toggle-hide-by-default' ><li class='ez-toc-page-1 ez-toc-heading-level-2'><a class=\"ez-toc-link ez-toc-heading-1\" href=\"https:\/\/ppid.com\/es\/rockland-county-h2b-visa-lawyer\/#rockland-county-h2b-visa-attorney\" >Rockland County Abogado de visados H2B<\/a><\/li><li class='ez-toc-page-1 ez-toc-heading-level-2'><a class=\"ez-toc-link ez-toc-heading-2\" href=\"https:\/\/ppid.com\/es\/rockland-county-h2b-visa-lawyer\/#why-consider-the-h2b-visa-program-for-my-business\" >\u00bfPor qu\u00e9 considerar el programa de visados H2B para mi empresa?<\/a><\/li><li class='ez-toc-page-1 ez-toc-heading-level-2'><a class=\"ez-toc-link ez-toc-heading-3\" href=\"https:\/\/ppid.com\/es\/rockland-county-h2b-visa-lawyer\/#get-customized-legal-solutions-for-your-rockland-county-businesss-labor-shortages\" >Obtenga soluciones jur\u00eddicas personalizadas para la escasez de mano de obra de su empresa Rockland County<\/a><\/li><li class='ez-toc-page-1 ez-toc-heading-level-2'><a class=\"ez-toc-link ez-toc-heading-4\" href=\"https:\/\/ppid.com\/es\/rockland-county-h2b-visa-lawyer\/#consult-with-an-experienced-rockland-county-h2b-visa-lawyer-right-away\" >Consulte inmediatamente a un abogado con experiencia en visados Rockland County H2B<\/a><\/li><\/ul><\/nav><\/div>\n<h2><span class=\"ez-toc-section\" id=\"rockland-county-h2b-visa-attorney\"><\/span>Rockland County Abogado de visados H2B<span class=\"ez-toc-section-end\"><\/span><\/h2>\n<p>Si se enfrenta a retos empresariales debido a un aumento de la demanda temporal, el programa de visados H2B es una soluci\u00f3n s\u00f3lida que puede ayudarle a contratar trabajadores temporales para cubrir las carencias del mercado laboral. Sin embargo, el proceso del visado H2B puede ser largo y complejo, por lo que requiere una representaci\u00f3n legal competente. A<strong>\u00a0Rockland County Abogado visado H2B\u00a0<\/strong>de <a href=\"https:\/\/ppid.com\/es\/firm\/\">Pollack, Pollack, Isaac &amp; DeCicco<\/a> puede ofrecer orientaci\u00f3n jur\u00eddica fundamental y apoyo burocr\u00e1tico en cada paso del camino.<\/p>\n<p>La inmigraci\u00f3n dedicada <a href=\"https:\/\/ppid.com\/es\/attorney\/\">equipo de Pollack, Pollack, Isaac &amp; DeCicco<\/a> est\u00e1 aqu\u00ed para entender las necesidades y recursos particulares de su empresa, adem\u00e1s de los intrincados detalles de su caso, para ayudarle a decidir si la soluci\u00f3n del visado H2B es la adecuada para usted. <a href=\"https:\/\/ppid.com\/es\/testimonials\/\">Podemos ayudarle<\/a> sopesar las ventajas, limitaciones y requisitos del proceso, trabajando para dise\u00f1ar y aplicar una estrategia de inmigraci\u00f3n personalizada para que su empresa pueda incorporar r\u00e1pidamente a trabajadores cr\u00edticos.<\/p>\n<p><img loading=\"lazy\" decoding=\"async\" class=\"aligncenter wp-image-2150 size-full\" title=\"El mejor abogado de visados Rockland County H2B\" src=\"https:\/\/ppid.com\/wp-content\/uploads\/2025\/01\/rockland-county-h2b-visa-lawyer.webp\" alt=\"Best Rockland County H2B Visa Lawyer\" width=\"1200\" height=\"600\" srcset=\"https:\/\/ppid.com\/wp-content\/uploads\/2025\/01\/rockland-county-h2b-visa-lawyer.webp 1200w, https:\/\/ppid.com\/wp-content\/uploads\/2025\/01\/rockland-county-h2b-visa-lawyer-300x150.webp 300w, https:\/\/ppid.com\/wp-content\/uploads\/2025\/01\/rockland-county-h2b-visa-lawyer-1024x512.webp 1024w, https:\/\/ppid.com\/wp-content\/uploads\/2025\/01\/rockland-county-h2b-visa-lawyer-768x384.webp 768w\" sizes=\"auto, (max-width: 1200px) 100vw, 1200px\" \/><\/p>\n<h2><span class=\"ez-toc-section\" id=\"why-consider-the-h2b-visa-program-for-my-business\"><\/span>\u00bfPor qu\u00e9 considerar el programa de visados H2B para mi empresa?<span class=\"ez-toc-section-end\"><\/span><\/h2>\n<p>En <a href=\"https:\/\/ppid.com\/es\/blog\/dhs-announces-updated-eligible-countries-for-h-2a-and-h-2b-visa-programs\/\">Visado H2B<\/a> es un tipo de visado de no inmigrante. Ofrece a los empresarios estadounidenses la oportunidad de traer a ciudadanos extranjeros a su pa\u00eds. <a href=\"https:\/\/en.wikipedia.org\/wiki\/Rockland_County,_New_York\" target=\"_blank\" rel=\"noopener\">Rockland County<\/a> y otros lugares de Estados Unidos para realizar trabajos no agr\u00edcolas de corta duraci\u00f3n. Las industrias que experimentan con frecuencia aumentos temporales inesperados o estacionales de la demanda suelen recurrir al programa de visados H2B para cubrir lagunas cr\u00edticas en el mercado laboral, lo que les permite continuar su actividad sin interrupci\u00f3n.<\/p>\n<h2><span class=\"ez-toc-section\" id=\"get-customized-legal-solutions-for-your-rockland-county-businesss-labor-shortages\"><\/span>Obtenga soluciones jur\u00eddicas personalizadas para la escasez de mano de obra de su empresa Rockland County<span class=\"ez-toc-section-end\"><\/span><\/h2>\n<p>Un abogado de inmigraci\u00f3n dedicado y con experiencia de Pollack, Pollack, Isaac &amp; DeCicco puede analizar los detalles asociados con su caso para determinar si la <a href=\"https:\/\/ppid.com\/es\/blog\/breaking-news-dhs-enhances-protections-for-temporary-workers-in-h-2-programs\/\"><u>Visado H2B<\/u><\/a>\u00a0es la soluci\u00f3n \u00f3ptima que se ajusta a sus objetivos empresariales. Pueden ayudarle a entender c\u00f3mo cumplir los requisitos de este proceso y explicarle qu\u00e9 esperar para que pueda planificar en consecuencia.<\/p>\n<p>Tras determinar si el visado H2B es una soluci\u00f3n adecuada para su empresa, un abogado especializado en visados H2B de nuestro equipo puede identificar el tipo de solicitud que se ajusta a sus necesidades. Esto significa que, bas\u00e1ndose en la informaci\u00f3n de la empresa, pueden determinar si su necesidad es estacional, puntual, intermitente o de carga m\u00e1xima. Pueden ayudarle a reunir pruebas y documentaci\u00f3n clave para demostrar a las agencias estadounidenses que su demanda es de car\u00e1cter temporal y que es necesario contratar a trabajadores extranjeros.<\/p>\n<p>En general, un abogado con experiencia en visados H2B puede ayudarle a navegar eficientemente por el proceso de solicitud del visado H2B, comunic\u00e1ndose en su nombre para colaborar con organismos gubernamentales como el Servicio de Ciudadan\u00eda e Inmigraci\u00f3n de los Estados Unidos y el Departamento de Trabajo. Adem\u00e1s, despu\u00e9s de que los trabajadores extranjeros hayan llegado para trabajar en Rockland County, nuestros abogados pueden ayudarle a garantizar el cumplimiento de la normativa legal y proporcionarle ayuda con las pr\u00f3rrogas y los recursos.<\/p>\n<h2><span class=\"ez-toc-section\" id=\"consult-with-an-experienced-rockland-county-h2b-visa-lawyer-right-away\"><\/span>Consulte inmediatamente a un abogado con experiencia en visados Rockland County H2B<span class=\"ez-toc-section-end\"><\/span><\/h2>\n<p>Un abogado especializado en visados H2B que sea de la zona Rockland County tiene un profundo conocimiento de las necesidades empresariales regionales y del mercado laboral, lo que le permite adaptar sus soluciones de inmigraci\u00f3n a su plan empresarial m\u00e1s amplio.<a href=\"https:\/\/ppid.com\/es\/contact\/\">\u00a0<\/a><a href=\"https:\/\/ppid.com\/es\/contact\/\"><u>P\u00f3ngase en contacto con un compasivo Rockland County inmigraci\u00f3n<\/u><\/a>\u00a0abogado de Pollack, Pollack, Isaac &amp; DeCicco hoy mismo para empezar a hablar de las necesidades de su empresa. Con nuestra ayuda, usted puede adquirir la mano de obra temporal necesaria para el \u00e9xito continuo. Estamos deseosos de trabajar con usted.<\/p>\n<p><iframe src=\"https:\/\/www.google.com\/maps\/embed?pb=!1m18!1m12!1m3!1d192241.84138201142!2d-74.22560799609786!3d41.16117844501192!2m3!1f0!2f0!3f0!3m2!1i1024!2i768!4f13.1!3m3!1m2!1s0x89c2c9caf11a7127%3A0x1f98163a4a0f684e!2sRockland%20County%2C%20NY%2C%20USA!5e0!3m2!1sen!2sin!4v1750682077992!5m2!1sen!2sin\" width=\"100%\" height=\"300\" style=\"border:0;\" allowfullscreen=\"\" loading=\"lazy\" referrerpolicy=\"no-referrer-when-downgrade\"><\/iframe><\/p>","protected":false},"excerpt":{"rendered":"<p>Rockland County H2B Visa Attorney If you are facing business challenges due to an increase in temporary demand, the H2B visa program is a sound solution that can help you hire temporary workers to fill gaps in the labor market. However, the H2B visa process can be long and complex, necessitating competent legal representation. A\u00a0Rockland &hellip; <\/p>\n<p class=\"link-more\"><a href=\"https:\/\/ppid.com\/es\/rockland-county-h2b-visa-lawyer\/\" class=\"more-link\">Seguir leyendo<span class=\"screen-reader-text\"> &#8220;Rockland County H2B Visa Lawyer&#8221;<\/span><\/a><\/p>","protected":false},"author":1,"featured_media":0,"parent":0,"menu_order":0,"comment_status":"closed","ping_status":"closed","template":"","meta":{"_acf_changed":false,"footnotes":""},"class_list":["post-2149","page","type-page","status-publish","hentry","entry"],"acf":[],"yoast_head":"<!-- This site is optimized with the Yoast SEO Premium plugin v26.8 (Yoast SEO v26.8) - https:\/\/yoast.com\/product\/yoast-seo-premium-wordpress\/ -->\n<title>Rockland County H2B Visa Lawyer &amp; Law Firm<\/title>\n<meta name=\"description\" content=\"Searching for an H2B visa lawyer in Rockland County? PPID&#039;s Rockland County H2B Visa Lawyer is here to assist with all your visa needs. Contact us today!\" \/>\n<meta name=\"robots\" content=\"index, follow, max-snippet:-1, max-image-preview:large, max-video-preview:-1\" \/>\n<link rel=\"canonical\" href=\"https:\/\/ppid.com\/es\/rockland-county-h2b-visa-lawyer\/\" \/>\n<meta property=\"og:locale\" content=\"es_MX\" \/>\n<meta property=\"og:type\" content=\"article\" \/>\n<meta property=\"og:title\" content=\"Rockland County H2B Visa Lawyer\" \/>\n<meta property=\"og:description\" content=\"Searching for an H2B visa lawyer in Rockland County? PPID&#039;s Rockland County H2B Visa Lawyer is here to assist with all your visa needs. Contact us today!\" \/>\n<meta property=\"og:url\" content=\"https:\/\/ppid.com\/es\/rockland-county-h2b-visa-lawyer\/\" \/>\n<meta property=\"og:site_name\" content=\"Pollack, Pollack, Isaac &amp; DeCicco, LLP\" \/>\n<meta property=\"article:modified_time\" content=\"2025-06-23T12:35:38+00:00\" \/>\n<meta property=\"og:image\" content=\"https:\/\/ppid.com\/wp-content\/uploads\/2025\/01\/rockland-county-h2b-visa-lawyer.webp\" \/>\n\t<meta property=\"og:image:width\" content=\"1200\" \/>\n\t<meta property=\"og:image:height\" content=\"600\" \/>\n\t<meta property=\"og:image:type\" content=\"image\/webp\" \/>\n<meta name=\"twitter:card\" content=\"summary_large_image\" \/>\n<meta name=\"twitter:label1\" content=\"Tiempo de lectura\" \/>\n\t<meta name=\"twitter:data1\" content=\"3 minutos\" \/>\n<!-- \/ Yoast SEO Premium plugin. -->","yoast_head_json":{"title":"Rockland County H2B Visa Abogado y Bufete de Abogados","description":"\u00bfBusca un abogado especializado en visados H2B en Rockland County? PPID's Rockland County H2B Visa Lawyer est\u00e1 aqu\u00ed para ayudarle con todas sus necesidades de visado. \u00a1Cont\u00e1ctenos hoy mismo!","robots":{"index":"index","follow":"follow","max-snippet":"max-snippet:-1","max-image-preview":"max-image-preview:large","max-video-preview":"max-video-preview:-1"},"canonical":"https:\/\/ppid.com\/es\/rockland-county-h2b-visa-lawyer\/","og_locale":"es_MX","og_type":"article","og_title":"Rockland County H2B Visa Lawyer","og_description":"Searching for an H2B visa lawyer in Rockland County? PPID's Rockland County H2B Visa Lawyer is here to assist with all your visa needs. Contact us today!","og_url":"https:\/\/ppid.com\/es\/rockland-county-h2b-visa-lawyer\/","og_site_name":"Pollack, Pollack, Isaac &amp; DeCicco, LLP","article_modified_time":"2025-06-23T12:35:38+00:00","og_image":[{"width":1200,"height":600,"url":"https:\/\/ppid.com\/wp-content\/uploads\/2025\/01\/rockland-county-h2b-visa-lawyer.webp","type":"image\/webp"}],"twitter_card":"summary_large_image","twitter_misc":{"Tiempo de lectura":"3 minutos"},"schema":{"@context":"https:\/\/schema.org","@graph":[{"@type":"WebPage","@id":"https:\/\/ppid.com\/rockland-county-h2b-visa-lawyer\/","url":"https:\/\/ppid.com\/rockland-county-h2b-visa-lawyer\/","name":"Rockland County H2B Visa Abogado y Bufete de Abogados","isPartOf":{"@id":"https:\/\/ppid.com\/#website"},"primaryImageOfPage":{"@id":"https:\/\/ppid.com\/rockland-county-h2b-visa-lawyer\/#primaryimage"},"image":{"@id":"https:\/\/ppid.com\/rockland-county-h2b-visa-lawyer\/#primaryimage"},"thumbnailUrl":"https:\/\/ppid.com\/wp-content\/uploads\/2025\/01\/rockland-county-h2b-visa-lawyer.webp","datePublished":"2025-01-17T07:21:13+00:00","dateModified":"2025-06-23T12:35:38+00:00","description":"\u00bfBusca un abogado especializado en visados H2B en Rockland County? PPID's Rockland County H2B Visa Lawyer est\u00e1 aqu\u00ed para ayudarle con todas sus necesidades de visado. \u00a1Cont\u00e1ctenos hoy mismo!","breadcrumb":{"@id":"https:\/\/ppid.com\/rockland-county-h2b-visa-lawyer\/#breadcrumb"},"inLanguage":"es","potentialAction":[{"@type":"ReadAction","target":["https:\/\/ppid.com\/rockland-county-h2b-visa-lawyer\/"]}]},{"@type":"ImageObject","inLanguage":"es","@id":"https:\/\/ppid.com\/rockland-county-h2b-visa-lawyer\/#primaryimage","url":"https:\/\/ppid.com\/wp-content\/uploads\/2025\/01\/rockland-county-h2b-visa-lawyer.webp","contentUrl":"https:\/\/ppid.com\/wp-content\/uploads\/2025\/01\/rockland-county-h2b-visa-lawyer.webp"},{"@type":"BreadcrumbList","@id":"https:\/\/ppid.com\/rockland-county-h2b-visa-lawyer\/#breadcrumb","itemListElement":[{"@type":"ListItem","position":1,"name":"Home","item":"https:\/\/ppid.com\/"},{"@type":"ListItem","position":2,"name":"Rockland County H2B Visa Lawyer"}]},{"@type":"WebSite","@id":"https:\/\/ppid.com\/#website","url":"https:\/\/ppid.com\/","name":"Pollack, Pollack, Isaac &amp; DeCicco, LLP","description":"","potentialAction":[{"@type":"SearchAction","target":{"@type":"EntryPoint","urlTemplate":"https:\/\/ppid.com\/?s={search_term_string}"},"query-input":{"@type":"PropertyValueSpecification","valueRequired":true,"valueName":"search_term_string"}}],"inLanguage":"es"}]}},"_links":{"self":[{"href":"https:\/\/ppid.com\/es\/wp-json\/wp\/v2\/pages\/2149","targetHints":{"allow":["GET"]}}],"collection":[{"href":"https:\/\/ppid.com\/es\/wp-json\/wp\/v2\/pages"}],"about":[{"href":"https:\/\/ppid.com\/es\/wp-json\/wp\/v2\/types\/page"}],"author":[{"embeddable":true,"href":"https:\/\/ppid.com\/es\/wp-json\/wp\/v2\/users\/1"}],"replies":[{"embeddable":true,"href":"https:\/\/ppid.com\/es\/wp-json\/wp\/v2\/comments?post=2149"}],"version-history":[{"count":0,"href":"https:\/\/ppid.com\/es\/wp-json\/wp\/v2\/pages\/2149\/revisions"}],"wp:attachment":[{"href":"https:\/\/ppid.com\/es\/wp-json\/wp\/v2\/media?parent=2149"}],"curies":[{"name":"wp","href":"https:\/\/api.w.org\/{rel}","templated":true}]}}