{"id":2333,"date":"2025-03-18T16:19:03","date_gmt":"2025-03-18T16:19:03","guid":{"rendered":"https:\/\/ppidllp.wpenginepowered.com\/?page_id=2333"},"modified":"2025-09-15T05:41:19","modified_gmt":"2025-09-15T05:41:19","slug":"brooklyn-h1b-visa-lawyer","status":"publish","type":"page","link":"https:\/\/ppid.com\/es\/brooklyn-h1b-visa-lawyer\/","title":{"rendered":"Brooklyn Abogado de visados H1B"},"content":{"rendered":"<div id=\"ez-toc-container\" class=\"ez-toc-v2_0_80 counter-hierarchy ez-toc-counter ez-toc-transparent ez-toc-container-direction\">\n<div class=\"ez-toc-title-container\">\n<p class=\"ez-toc-title ez-toc-toggle\" style=\"cursor:pointer\">\u00cdndice<\/p>\n<span class=\"ez-toc-title-toggle\"><a href=\"#\" class=\"ez-toc-pull-right ez-toc-btn ez-toc-btn-xs ez-toc-btn-default ez-toc-toggle\" aria-label=\"Toggle Table of Content\"><span class=\"ez-toc-js-icon-con\"><span class=\"\"><span class=\"eztoc-hide\" style=\"display:none;\">Toggle<\/span><span class=\"ez-toc-icon-toggle-span\"><svg style=\"fill: #999;color:#999\" xmlns=\"http:\/\/www.w3.org\/2000\/svg\" class=\"list-377408\" width=\"20px\" height=\"20px\" viewbox=\"0 0 24 24\" fill=\"none\"><path d=\"M6 6H4v2h2V6zm14 0H8v2h12V6zM4 11h2v2H4v-2zm16 0H8v2h12v-2zM4 16h2v2H4v-2zm16 0H8v2h12v-2z\" fill=\"currentColor\"><\/path><\/svg><svg style=\"fill: #999;color:#999\" class=\"arrow-unsorted-368013\" xmlns=\"http:\/\/www.w3.org\/2000\/svg\" width=\"10px\" height=\"10px\" viewbox=\"0 0 24 24\" version=\"1.2\" baseprofile=\"tiny\"><path d=\"M18.2 9.3l-6.2-6.3-6.2 6.3c-.2.2-.3.4-.3.7s.1.5.3.7c.2.2.4.3.7.3h11c.3 0 .5-.1.7-.3.2-.2.3-.5.3-.7s-.1-.5-.3-.7zM5.8 14.7l6.2 6.3 6.2-6.3c.2-.2.3-.5.3-.7s-.1-.5-.3-.7c-.2-.2-.4-.3-.7-.3h-11c-.3 0-.5.1-.7.3-.2.2-.3.5-.3.7s.1.5.3.7z\"\/><\/svg><\/span><\/span><\/span><\/a><\/span><\/div>\n<nav><ul class='ez-toc-list ez-toc-list-level-1 eztoc-toggle-hide-by-default' ><li class='ez-toc-page-1 ez-toc-heading-level-2'><a class=\"ez-toc-link ez-toc-heading-1\" href=\"https:\/\/ppid.com\/es\/brooklyn-h1b-visa-lawyer\/#brooklyn-h1b-visa-attorney\" >Brooklyn Abogado visado H1B<\/a><\/li><li class='ez-toc-page-1 ez-toc-heading-level-2'><a class=\"ez-toc-link ez-toc-heading-2\" href=\"https:\/\/ppid.com\/es\/brooklyn-h1b-visa-lawyer\/#understanding-the-h-1b-visa-process-in-brooklyn\" >Comprender el proceso del visado H-1B en Brooklyn<\/a><\/li><li class='ez-toc-page-1 ez-toc-heading-level-2'><a class=\"ez-toc-link ez-toc-heading-3\" href=\"https:\/\/ppid.com\/es\/brooklyn-h1b-visa-lawyer\/#key-requirements-for-h-1b-visa-eligibility-in-brooklyn\" >Requisitos clave para optar al visado H-1B en Brooklyn<\/a><\/li><li class='ez-toc-page-1 ez-toc-heading-level-2'><a class=\"ez-toc-link ez-toc-heading-4\" href=\"https:\/\/ppid.com\/es\/brooklyn-h1b-visa-lawyer\/#how-a-brooklyn-h-1b-visa-lawyer-can-help\" >C\u00f3mo puede ayudar un abogado especializado en visados H-1B Brooklyn<\/a><\/li><li class='ez-toc-page-1 ez-toc-heading-level-2'><a class=\"ez-toc-link ez-toc-heading-5\" href=\"https:\/\/ppid.com\/es\/brooklyn-h1b-visa-lawyer\/#faqs\" >Preguntas frecuentes<\/a><ul class='ez-toc-list-level-3' ><li class='ez-toc-heading-level-3'><a class=\"ez-toc-link ez-toc-heading-6\" href=\"https:\/\/ppid.com\/es\/brooklyn-h1b-visa-lawyer\/#who-is-eligible-to-apply-for-an-h-1b-visa-in-brooklyn\" >\u00bfQui\u00e9n puede solicitar un visado H-1B en Brooklyn?<\/a><\/li><li class='ez-toc-page-1 ez-toc-heading-level-3'><a class=\"ez-toc-link ez-toc-heading-7\" href=\"https:\/\/ppid.com\/es\/brooklyn-h1b-visa-lawyer\/#what-are-the-key-requirements-for-obtaining-an-h-1b-visa-in-brooklyn\" >\u00bfCu\u00e1les son los requisitos clave para obtener un visado H-1B en Brooklyn?<\/a><\/li><li class='ez-toc-page-1 ez-toc-heading-level-3'><a class=\"ez-toc-link ez-toc-heading-8\" href=\"https:\/\/ppid.com\/es\/brooklyn-h1b-visa-lawyer\/#can-someone-apply-for-permanent-residency-as-an-h-1b-visa-holder-in-brooklyn\" >\u00bfPuede alguien solicitar la residencia permanente como titular de un visado H-1B en el Brooklyn?<\/a><\/li><li class='ez-toc-page-1 ez-toc-heading-level-3'><a class=\"ez-toc-link ez-toc-heading-9\" href=\"https:\/\/ppid.com\/es\/brooklyn-h1b-visa-lawyer\/#how-long-can-an-h-1b-visa-holder-remain-in-the-united-states\" >\u00bfCu\u00e1nto tiempo puede permanecer en Estados Unidos un titular de un visado H-1B?<\/a><\/li><li class='ez-toc-page-1 ez-toc-heading-level-3'><a class=\"ez-toc-link ez-toc-heading-10\" href=\"https:\/\/ppid.com\/es\/brooklyn-h1b-visa-lawyer\/#what-happens-if-an-h-1b-visa-extension-is-denied\" >\u00bfQu\u00e9 ocurre si se deniega una pr\u00f3rroga del visado H-1B?<\/a><\/li><\/ul><\/li><li class='ez-toc-page-1 ez-toc-heading-level-2'><a class=\"ez-toc-link ez-toc-heading-11\" href=\"https:\/\/ppid.com\/es\/brooklyn-h1b-visa-lawyer\/#understand-your-options-for-an-h-1b-visa-in-brooklyn\" >Comprenda sus opciones para un visado H-1B en Brooklyn<\/a><\/li><\/ul><\/nav><\/div>\n<h2><span class=\"ez-toc-section\" id=\"brooklyn-h1b-visa-attorney\"><\/span>Brooklyn Abogado visado H1B<span class=\"ez-toc-section-end\"><\/span><\/h2>\n<p>El visado H-1B ofrece a los profesionales cualificados la oportunidad de trabajar en Brooklyn y contribuir a industrias que podr\u00edan beneficiarse de sus conocimientos y experiencia \u00fanicos. Este visado permite a trabajadores extranjeros cualificados desempe\u00f1ar funciones en campos como la tecnolog\u00eda, las finanzas, la sanidad y la ingenier\u00eda.<\/p>\n<p>A <strong>Brooklyn Abogado visado H-1B<\/strong> puede evaluar si un solicitante re\u00fane las cualificaciones necesarias y ayudarle a navegar por las complejidades de la normativa sobre patrocinio e inmigraci\u00f3n.<img loading=\"lazy\" decoding=\"async\" class=\"aligncenter wp-image-2367 size-full\" title=\"brooklyn h1b visa abogado\" src=\"https:\/\/ppid.com\/wp-content\/uploads\/2025\/03\/brooklyn-h1b-visa-lawyer.webp\" alt=\"brooklyn h1b visa lawyer\" width=\"1200\" height=\"600\" srcset=\"https:\/\/ppid.com\/wp-content\/uploads\/2025\/03\/brooklyn-h1b-visa-lawyer.webp 1200w, https:\/\/ppid.com\/wp-content\/uploads\/2025\/03\/brooklyn-h1b-visa-lawyer-300x150.webp 300w, https:\/\/ppid.com\/wp-content\/uploads\/2025\/03\/brooklyn-h1b-visa-lawyer-1024x512.webp 1024w, https:\/\/ppid.com\/wp-content\/uploads\/2025\/03\/brooklyn-h1b-visa-lawyer-768x384.webp 768w, https:\/\/ppid.com\/wp-content\/uploads\/2025\/03\/brooklyn-h1b-visa-lawyer-18x9.webp 18w\" sizes=\"auto, (max-width: 1200px) 100vw, 1200px\" \/><span style=\"font-family: -apple-system, BlinkMacSystemFont, 'Segoe UI', Roboto, Oxygen, Ubuntu, Cantarell, 'Fira Sans', 'Droid Sans', 'Helvetica Neue', sans-serif; font-size: 2.25em; font-weight: bold;\">Un bufete de abogados de inmigraci\u00f3n de confianza al servicio de Brooklyn<\/span><\/p>\n<p>Con m\u00e1s de 60 a\u00f1os de experiencia, <a href=\"https:\/\/ppid.com\/es\/firm\/\">Pollack, Pollack, Isaac &amp; DeCicco<\/a> se dedica a ofrecer soluciones jur\u00eddicas fiables y eficaces. Nuestro equipo tiene un historial probado de guiar con \u00e9xito a los clientes a trav\u00e9s de asuntos legales complejos, desde <a href=\"https:\/\/ppid.com\/es\/brooklyn-immigration-lawyer\/\">inmigraci\u00f3n<\/a> a la propiedad inmobiliaria y los litigios, garantizando que se satisfagan sus necesidades en cada paso.<\/p>\n<p>Nos enorgullecemos de ofrecer un servicio personalizado y de adaptar nuestro enfoque a la situaci\u00f3n particular de cada cliente. Con un equipo diverso que habla varios idiomas, garantizamos la accesibilidad y la inclusi\u00f3n para todos.<\/p>\n<h2><span class=\"ez-toc-section\" id=\"understanding-the-h-1b-visa-process-in-brooklyn\"><\/span>Comprender el proceso del visado H-1B en Brooklyn<span class=\"ez-toc-section-end\"><\/span><\/h2>\n<p>El proceso de obtenci\u00f3n del visado H-1B puede ser complejo. Comprender de antemano los pasos generales que hay que dar puede ayudarle a prepararse mejor para un proceso de solicitud satisfactorio. El primer paso consiste en conseguir una oferta de trabajo de un empleador estadounidense para un puesto que requiera conocimientos y experiencia \u00fanicos y especiales.<\/p>\n<p>Una vez realizada la oferta, los empresarios deben presentar una <a href=\"https:\/\/flag.dol.gov\/programs\/LCA\">Solicitud de condici\u00f3n laboral<\/a> (LCA) al Departamento de Trabajo y presentar una petici\u00f3n al Servicio de Ciudadan\u00eda e Inmigraci\u00f3n de EE.UU. (USCIS). La petici\u00f3n incluye documentos justificativos que demuestran que el puesto re\u00fane las cualificaciones requeridas y que el solicitante es elegible.<\/p>\n<p>Una vez presentada, el USCIS eval\u00faa la petici\u00f3n y, si se aprueba, el solicitante puede solicitar un visado H-1B en un consulado o embajada de EE.UU. si se encuentra fuera del pa\u00eds. Es importante comprender los plazos, incluido el l\u00edmite anual de visados H-1B, y la posibilidad de una pr\u00f3rroga o transici\u00f3n a la residencia permanente para los solicitantes cualificados.<\/p>\n<h2><span class=\"ez-toc-section\" id=\"key-requirements-for-h-1b-visa-eligibility-in-brooklyn\"><\/span>Requisitos clave para optar al visado H-1B en Brooklyn<span class=\"ez-toc-section-end\"><\/span><\/h2>\n<p>Para obtener un visado H-1B en <a href=\"https:\/\/en.wikipedia.org\/wiki\/Brooklyn\" target=\"_blank\" rel=\"noopener\">Brooklyn<\/a>Los candidatos deben cumplir determinados criterios educativos y profesionales. El puesto debe ser una ocupaci\u00f3n \u00fanica que requiera conocimientos especiales que normalmente se obtienen a trav\u00e9s de una educaci\u00f3n avanzada y a\u00f1os de experiencia en el campo aplicable. <strong>Algunos ejemplos habituales de trabajos que cumplen los requisitos son<\/strong><\/p>\n<ul>\n<li>Ingenieros de software que desarrollan, prueban y mantienen sistemas de software inform\u00e1tico para empresas y organizaciones.<\/li>\n<li>Cient\u00edficos m\u00e9dicos que investigan para hacer avanzar los conocimientos m\u00e9dicos y desarrollar nuevos tratamientos o tecnolog\u00edas.<\/li>\n<li>M\u00e9dicos que diagnostican y tratan a pacientes en diversos campos de la medicina, como cirug\u00eda, pediatr\u00eda y medicina interna.<\/li>\n<li>Arquitectos que dise\u00f1an y planifican edificios, estructuras y espacios urbanos, garantizando su seguridad y funcionalidad.<\/li>\n<li>Analistas financieros que eval\u00faan los datos financieros, las tendencias del mercado y las oportunidades de inversi\u00f3n para orientar las decisiones empresariales.<\/li>\n<li>Los ingenieros que trabajan en campos como la ingenier\u00eda civil, mec\u00e1nica, el\u00e9ctrica y aeroespacial aplican conocimientos t\u00e9cnicos para dise\u00f1ar y mejorar productos y sistemas.<\/li>\n<li>Analistas de investigaci\u00f3n de mercado que estudian las condiciones del mercado, el comportamiento de los consumidores y las tendencias econ\u00f3micas para ayudar a las empresas a tomar decisiones con conocimiento de causa.<\/li>\n<\/ul>\n<p>El empresario debe demostrar que el puesto requiere un alto nivel de conocimientos avanzados en la materia. A continuaci\u00f3n, deben presentarse al Departamento de Trabajo los documentos necesarios. Los solicitantes tambi\u00e9n deben tener una oferta de trabajo v\u00e1lida de un empleador estadounidense dispuesto a patrocinarlos.<\/p>\n<h2><span class=\"ez-toc-section\" id=\"how-a-brooklyn-h-1b-visa-lawyer-can-help\"><\/span>C\u00f3mo puede ayudar un abogado especializado en visados H-1B Brooklyn<span class=\"ez-toc-section-end\"><\/span><\/h2>\n<p>Un abogado especializado en visados H-1B Brooklyn puede ayudar a empresarios y solicitantes a comprender los complejos requisitos para obtener el patrocinio H-1B. Ellos pueden explicar los requisitos de elegibilidad y proporcionar orientaci\u00f3n a lo largo del camino.<\/p>\n<p>Esto puede ser un beneficio incre\u00edble para los solicitantes y los propietarios de empresas que no est\u00e1n familiarizados con las complejidades de la ley de inmigraci\u00f3n. En \u00faltima instancia, la representaci\u00f3n legal puede aumentar en gran medida las posibilidades de \u00e9xito de la solicitud.<\/p>\n<h2><span class=\"ez-toc-section\" id=\"faqs\"><\/span>Preguntas frecuentes<span class=\"ez-toc-section-end\"><\/span><\/h2>\n<div class=\"accsec-ritcnt accordion\">\n<div class=\"accordion-section\">\n<h3><span class=\"ez-toc-section\" id=\"who-is-eligible-to-apply-for-an-h-1b-visa-in-brooklyn\"><\/span><a class=\"accordion-section-title active\" href=\"#accordion-1\">\u00bfQui\u00e9n puede solicitar un visado H-1B en Brooklyn?<\/a><span class=\"ez-toc-section-end\"><\/span><\/h3>\n<div id=\"accordion-1\" class=\"accordion-section-content open\" style=\"display: block;\">\n<p>El visado H-1B est\u00e1 disponible para trabajadores extranjeros en campos especiales que tengan al menos una licenciatura o experiencia equivalente. Los empleadores deben patrocinar a los solicitantes y demostrar que el puesto requiere conocimientos especiales. El visado est\u00e1 sujeto a un l\u00edmite m\u00e1ximo anual, salvo para las peticiones presentadas por empresas exentas de dicho l\u00edmite, como universidades e instituciones de investigaci\u00f3n sin \u00e1nimo de lucro.<\/p>\n<\/div>\n<\/div>\n<div class=\"accordion-section\">\n<h3><span class=\"ez-toc-section\" id=\"what-are-the-key-requirements-for-obtaining-an-h-1b-visa-in-brooklyn\"><\/span><a class=\"accordion-section-title\" href=\"#accordion-2\">\u00bfCu\u00e1les son los requisitos clave para obtener un visado H-1B en Brooklyn?<\/a><span class=\"ez-toc-section-end\"><\/span><\/h3>\n<div id=\"accordion-2\" class=\"accordion-section-content\" style=\"display: none;\">\n<p>Los solicitantes deben tener una oferta de trabajo de un empleador estadounidense en una ocupaci\u00f3n especializada y poseer las cualificaciones acad\u00e9micas o profesionales necesarias para obtener un visado H-1B. El empleador debe presentar una Solicitud de Condici\u00f3n Laboral (LCA) ante el Departamento de Trabajo y presentar una petici\u00f3n al USCIS. Si se aprueba, los solicitantes de fuera de EE.UU. deben solicitar el visado en un consulado antes de entrar en el pa\u00eds.<\/p>\n<\/div>\n<\/div>\n<div class=\"accordion-section\">\n<h3><span class=\"ez-toc-section\" id=\"can-someone-apply-for-permanent-residency-as-an-h-1b-visa-holder-in-brooklyn\"><\/span><a class=\"accordion-section-title\" href=\"#accordion-3\">\u00bfPuede alguien solicitar la residencia permanente como titular de un visado H-1B en el Brooklyn?<\/a><span class=\"ez-toc-section-end\"><\/span><\/h3>\n<div id=\"accordion-3\" class=\"accordion-section-content\" style=\"display: none;\">\n<p>S\u00ed, los titulares de visados H-1B en Brooklyn pueden solicitar la residencia permanente a trav\u00e9s de un proceso de tarjeta verde patrocinado por el empleador. Esto implica normalmente la certificaci\u00f3n laboral, la presentaci\u00f3n de una petici\u00f3n de inmigrante y la realizaci\u00f3n de tr\u00e1mites adicionales para demostrar la elegibilidad. Aunque la posesi\u00f3n de un visado H-1B no garantiza la aprobaci\u00f3n de la residencia permanente, muchos titulares de visados pasan a la situaci\u00f3n de tarjeta verde mientras siguen trabajando para la empresa que los patrocina.<\/p>\n<\/div>\n<\/div>\n<div class=\"accordion-section\">\n<h3><span class=\"ez-toc-section\" id=\"how-long-can-an-h-1b-visa-holder-remain-in-the-united-states\"><\/span><a class=\"accordion-section-title\" href=\"#accordion-4\">\u00bfCu\u00e1nto tiempo puede permanecer en Estados Unidos un titular de un visado H-1B?<\/a><span class=\"ez-toc-section-end\"><\/span><\/h3>\n<div id=\"accordion-4\" class=\"accordion-section-content\" style=\"display: none;\">\n<p>Normalmente, un titular de un visado H-1B puede permanecer en EE.UU. durante <a href=\"https:\/\/www.uscis.gov\/working-in-the-united-states\/h-1b-specialty-occupations#:~:text=As%2520an%2520H%252D1B%2520specialty,a%2520total%2520of%25206%2520years.\">hasta tres a\u00f1os<\/a>con posibilidad de pr\u00f3rroga de hasta seis a\u00f1os. Algunas personas en proceso de obtener la residencia permanente basada en el empleo pueden optar a pr\u00f3rrogas adicionales. Si el titular del visado cambia de empleador, debe presentar una nueva petici\u00f3n, pero puede empezar a trabajar para el nuevo empleador en el momento de la presentaci\u00f3n.<\/p>\n<\/div>\n<\/div>\n<div class=\"accordion-section\">\n<h3><span class=\"ez-toc-section\" id=\"what-happens-if-an-h-1b-visa-extension-is-denied\"><\/span><a class=\"accordion-section-title\" href=\"#accordion-5\">\u00bfQu\u00e9 ocurre si se deniega una pr\u00f3rroga del visado H-1B?<\/a><span class=\"ez-toc-section-end\"><\/span><\/h3>\n<div id=\"accordion-5\" class=\"accordion-section-content\" style=\"display: none;\">\n<p>Si se deniega una pr\u00f3rroga H-1B, el titular del visado debe dejar de trabajar y abandonar los EE.UU. a menos que tenga otro estatus legal o una solicitud pendiente para un visado diferente. Los empleadores pueden presentar una moci\u00f3n para reabrir o reconsiderar la denegaci\u00f3n, dependiendo de las circunstancias. En algunos casos, puede ser una opci\u00f3n volver a presentar una nueva petici\u00f3n con pruebas adicionales.<\/p>\n<\/div>\n<\/div>\n<\/div>\n<h2><span class=\"ez-toc-section\" id=\"understand-your-options-for-an-h-1b-visa-in-brooklyn\"><\/span>Comprenda sus opciones para un visado H-1B en Brooklyn<span class=\"ez-toc-section-end\"><\/span><\/h2>\n<p>El visado H-1B proporciona una v\u00eda para que profesionales cualificados trabajen en Brooklyn, ofreciendo oportunidades en sectores que se benefician del talento global. Entender los requisitos de elegibilidad, el proceso de patrocinio y los posibles retos es esencial tanto para los empleadores como para los solicitantes.<\/p>\n<p>A <a href=\"https:\/\/ppid.com\/es\/attorney\/\">Abogado PPID<\/a> puede evaluar las cualificaciones y orientar sobre el cumplimiento de la normativa de inmigraci\u00f3n durante todo el proceso de solicitud. <a href=\"https:\/\/ppid.com\/es\/contact\/\">P\u00f3ngase en contacto con nuestra oficina<\/a> para saber m\u00e1s.<\/p>\n<p><iframe loading=\"lazy\" style=\"border: 0;\" src=\"https:\/\/www.google.com\/maps\/embed?pb=!1m18!1m12!1m3!1d96873.72404095989!2d-73.94483555000001!3d40.64523145!2m3!1f0!2f0!3f0!3m2!1i1024!2i768!4f13.1!3m3!1m2!1s0x89c24416947c2109%3A0x82765c7404007886!2sBrooklyn%2C%20NY%2C%20USA!5e0!3m2!1sen!2sin!4v1750695595020!5m2!1sen!2sin\" width=\"100%\" height=\"300\" allowfullscreen=\"allowfullscreen\"><\/iframe><\/p>","protected":false},"excerpt":{"rendered":"<p>Brooklyn H1B Visa Attorney The H-1B visa offers skilled professionals the opportunity to work in Brooklyn and contribute to industries that could benefit from their unique knowledge and experience. This visa allows qualified foreign workers to take on roles in fields such as technology, finance, healthcare, and engineering. A Brooklyn H-1B visa lawyer can assess &hellip; <\/p>\n<p class=\"link-more\"><a href=\"https:\/\/ppid.com\/es\/brooklyn-h1b-visa-lawyer\/\" class=\"more-link\">Seguir leyendo<span class=\"screen-reader-text\"> &#8220;Brooklyn H1B Visa Lawyer&#8221;<\/span><\/a><\/p>","protected":false},"author":1,"featured_media":0,"parent":0,"menu_order":0,"comment_status":"closed","ping_status":"closed","template":"","meta":{"_acf_changed":false,"footnotes":""},"class_list":["post-2333","page","type-page","status-publish","hentry","entry"],"acf":[],"yoast_head":"<!-- This site is optimized with the Yoast SEO Premium plugin v26.8 (Yoast SEO v26.8) - https:\/\/yoast.com\/product\/yoast-seo-premium-wordpress\/ -->\n<title>Brooklyn H1B Visa Lawyer &amp; Law Firm<\/title>\n<meta name=\"description\" content=\"Need help with your H1B visa? A Brooklyn H1B visa lawyer at Pollack, Pollack, Isaac &amp; DeCicco, LLP can guide you through the process. Call now!\" \/>\n<meta name=\"robots\" content=\"index, follow, max-snippet:-1, max-image-preview:large, max-video-preview:-1\" \/>\n<link rel=\"canonical\" href=\"https:\/\/ppid.com\/es\/brooklyn-h1b-visa-lawyer\/\" \/>\n<meta property=\"og:locale\" content=\"es_MX\" \/>\n<meta property=\"og:type\" content=\"article\" \/>\n<meta property=\"og:title\" content=\"Brooklyn H1B Visa Lawyer\" \/>\n<meta property=\"og:description\" content=\"Need help with your H1B visa? A Brooklyn H1B visa lawyer at Pollack, Pollack, Isaac &amp; DeCicco, LLP can guide you through the process. Call now!\" \/>\n<meta property=\"og:url\" content=\"https:\/\/ppid.com\/es\/brooklyn-h1b-visa-lawyer\/\" \/>\n<meta property=\"og:site_name\" content=\"Pollack, Pollack, Isaac &amp; DeCicco, LLP\" \/>\n<meta property=\"article:modified_time\" content=\"2025-09-15T05:41:19+00:00\" \/>\n<meta property=\"og:image\" content=\"https:\/\/ppid.com\/wp-content\/uploads\/2025\/03\/brooklyn-h1b-visa-lawyer.webp\" \/>\n\t<meta property=\"og:image:width\" content=\"1200\" \/>\n\t<meta property=\"og:image:height\" content=\"600\" \/>\n\t<meta property=\"og:image:type\" content=\"image\/webp\" \/>\n<meta name=\"twitter:card\" content=\"summary_large_image\" \/>\n<meta name=\"twitter:label1\" content=\"Tiempo de lectura\" \/>\n\t<meta name=\"twitter:data1\" content=\"5 minutos\" \/>\n<!-- \/ Yoast SEO Premium plugin. -->","yoast_head_json":{"title":"Brooklyn H1B Visa Abogado y Bufete de Abogados","description":"\u00bfNecesita ayuda con su visa H1B? Un abogado de visa H1B Brooklyn en Pollack, Pollack, Isaac &amp; DeCicco, LLP puede guiarlo a trav\u00e9s del proceso. Llame ahora","robots":{"index":"index","follow":"follow","max-snippet":"max-snippet:-1","max-image-preview":"max-image-preview:large","max-video-preview":"max-video-preview:-1"},"canonical":"https:\/\/ppid.com\/es\/brooklyn-h1b-visa-lawyer\/","og_locale":"es_MX","og_type":"article","og_title":"Brooklyn H1B Visa Lawyer","og_description":"Need help with your H1B visa? A Brooklyn H1B visa lawyer at Pollack, Pollack, Isaac & DeCicco, LLP can guide you through the process. Call now!","og_url":"https:\/\/ppid.com\/es\/brooklyn-h1b-visa-lawyer\/","og_site_name":"Pollack, Pollack, Isaac &amp; DeCicco, LLP","article_modified_time":"2025-09-15T05:41:19+00:00","og_image":[{"width":1200,"height":600,"url":"https:\/\/ppid.com\/wp-content\/uploads\/2025\/03\/brooklyn-h1b-visa-lawyer.webp","type":"image\/webp"}],"twitter_card":"summary_large_image","twitter_misc":{"Tiempo de lectura":"5 minutos"},"schema":{"@context":"https:\/\/schema.org","@graph":[{"@type":"WebPage","@id":"https:\/\/ppid.com\/brooklyn-h1b-visa-lawyer\/","url":"https:\/\/ppid.com\/brooklyn-h1b-visa-lawyer\/","name":"Brooklyn H1B Visa Abogado y Bufete de Abogados","isPartOf":{"@id":"https:\/\/ppid.com\/#website"},"primaryImageOfPage":{"@id":"https:\/\/ppid.com\/brooklyn-h1b-visa-lawyer\/#primaryimage"},"image":{"@id":"https:\/\/ppid.com\/brooklyn-h1b-visa-lawyer\/#primaryimage"},"thumbnailUrl":"https:\/\/ppid.com\/wp-content\/uploads\/2025\/03\/brooklyn-h1b-visa-lawyer.webp","datePublished":"2025-03-18T16:19:03+00:00","dateModified":"2025-09-15T05:41:19+00:00","description":"\u00bfNecesita ayuda con su visa H1B? Un abogado de visa H1B Brooklyn en Pollack, Pollack, Isaac &amp; DeCicco, LLP puede guiarlo a trav\u00e9s del proceso. Llame ahora","breadcrumb":{"@id":"https:\/\/ppid.com\/brooklyn-h1b-visa-lawyer\/#breadcrumb"},"inLanguage":"es","potentialAction":[{"@type":"ReadAction","target":["https:\/\/ppid.com\/brooklyn-h1b-visa-lawyer\/"]}]},{"@type":"ImageObject","inLanguage":"es","@id":"https:\/\/ppid.com\/brooklyn-h1b-visa-lawyer\/#primaryimage","url":"https:\/\/ppid.com\/wp-content\/uploads\/2025\/03\/brooklyn-h1b-visa-lawyer.webp","contentUrl":"https:\/\/ppid.com\/wp-content\/uploads\/2025\/03\/brooklyn-h1b-visa-lawyer.webp"},{"@type":"BreadcrumbList","@id":"https:\/\/ppid.com\/brooklyn-h1b-visa-lawyer\/#breadcrumb","itemListElement":[{"@type":"ListItem","position":1,"name":"Home","item":"https:\/\/ppid.com\/"},{"@type":"ListItem","position":2,"name":"Brooklyn H1B Visa Lawyer"}]},{"@type":"WebSite","@id":"https:\/\/ppid.com\/#website","url":"https:\/\/ppid.com\/","name":"Pollack, Pollack, Isaac &amp; DeCicco, LLP","description":"","potentialAction":[{"@type":"SearchAction","target":{"@type":"EntryPoint","urlTemplate":"https:\/\/ppid.com\/?s={search_term_string}"},"query-input":{"@type":"PropertyValueSpecification","valueRequired":true,"valueName":"search_term_string"}}],"inLanguage":"es"}]}},"_links":{"self":[{"href":"https:\/\/ppid.com\/es\/wp-json\/wp\/v2\/pages\/2333","targetHints":{"allow":["GET"]}}],"collection":[{"href":"https:\/\/ppid.com\/es\/wp-json\/wp\/v2\/pages"}],"about":[{"href":"https:\/\/ppid.com\/es\/wp-json\/wp\/v2\/types\/page"}],"author":[{"embeddable":true,"href":"https:\/\/ppid.com\/es\/wp-json\/wp\/v2\/users\/1"}],"replies":[{"embeddable":true,"href":"https:\/\/ppid.com\/es\/wp-json\/wp\/v2\/comments?post=2333"}],"version-history":[{"count":0,"href":"https:\/\/ppid.com\/es\/wp-json\/wp\/v2\/pages\/2333\/revisions"}],"wp:attachment":[{"href":"https:\/\/ppid.com\/es\/wp-json\/wp\/v2\/media?parent=2333"}],"curies":[{"name":"wp","href":"https:\/\/api.w.org\/{rel}","templated":true}]}}