{"id":2335,"date":"2025-03-18T16:45:02","date_gmt":"2025-03-18T16:45:02","guid":{"rendered":"https:\/\/ppidllp.wpenginepowered.com\/?page_id=2335"},"modified":"2025-09-15T05:46:17","modified_gmt":"2025-09-15T05:46:17","slug":"long-island-h1b-visa-lawyer","status":"publish","type":"page","link":"https:\/\/ppid.com\/es\/long-island-h1b-visa-lawyer\/","title":{"rendered":"Long Island Abogado de visados H1B"},"content":{"rendered":"<div id=\"ez-toc-container\" class=\"ez-toc-v2_0_80 counter-hierarchy ez-toc-counter ez-toc-transparent ez-toc-container-direction\">\n<div class=\"ez-toc-title-container\">\n<p class=\"ez-toc-title ez-toc-toggle\" style=\"cursor:pointer\">\u00cdndice<\/p>\n<span class=\"ez-toc-title-toggle\"><a href=\"#\" class=\"ez-toc-pull-right ez-toc-btn ez-toc-btn-xs ez-toc-btn-default ez-toc-toggle\" aria-label=\"Toggle Table of Content\"><span class=\"ez-toc-js-icon-con\"><span class=\"\"><span class=\"eztoc-hide\" style=\"display:none;\">Toggle<\/span><span class=\"ez-toc-icon-toggle-span\"><svg style=\"fill: #999;color:#999\" xmlns=\"http:\/\/www.w3.org\/2000\/svg\" class=\"list-377408\" width=\"20px\" height=\"20px\" viewbox=\"0 0 24 24\" fill=\"none\"><path d=\"M6 6H4v2h2V6zm14 0H8v2h12V6zM4 11h2v2H4v-2zm16 0H8v2h12v-2zM4 16h2v2H4v-2zm16 0H8v2h12v-2z\" fill=\"currentColor\"><\/path><\/svg><svg style=\"fill: #999;color:#999\" class=\"arrow-unsorted-368013\" xmlns=\"http:\/\/www.w3.org\/2000\/svg\" width=\"10px\" height=\"10px\" viewbox=\"0 0 24 24\" version=\"1.2\" baseprofile=\"tiny\"><path d=\"M18.2 9.3l-6.2-6.3-6.2 6.3c-.2.2-.3.4-.3.7s.1.5.3.7c.2.2.4.3.7.3h11c.3 0 .5-.1.7-.3.2-.2.3-.5.3-.7s-.1-.5-.3-.7zM5.8 14.7l6.2 6.3 6.2-6.3c.2-.2.3-.5.3-.7s-.1-.5-.3-.7c-.2-.2-.4-.3-.7-.3h-11c-.3 0-.5.1-.7.3-.2.2-.3.5-.3.7s.1.5.3.7z\"\/><\/svg><\/span><\/span><\/span><\/a><\/span><\/div>\n<nav><ul class='ez-toc-list ez-toc-list-level-1 eztoc-toggle-hide-by-default' ><li class='ez-toc-page-1 ez-toc-heading-level-2'><a class=\"ez-toc-link ez-toc-heading-1\" href=\"https:\/\/ppid.com\/es\/long-island-h1b-visa-lawyer\/#long-island-h1b-visa-attorney\" >Long Island Abogado visado H1B<\/a><\/li><li class='ez-toc-page-1 ez-toc-heading-level-2'><a class=\"ez-toc-link ez-toc-heading-2\" href=\"https:\/\/ppid.com\/es\/long-island-h1b-visa-lawyer\/#why-choose-pollack-pollack-isaac-decicco\" >\u00bfPor qu\u00e9 elegir Pollack, Pollack, Isaac &amp; DeCicco?<\/a><\/li><li class='ez-toc-page-1 ez-toc-heading-level-2'><a class=\"ez-toc-link ez-toc-heading-3\" href=\"https:\/\/ppid.com\/es\/long-island-h1b-visa-lawyer\/#understanding-the-h-1b-visa-process-in-long-island\" >Comprender el proceso del visado H-1B en Long Island<\/a><\/li><li class='ez-toc-page-1 ez-toc-heading-level-2'><a class=\"ez-toc-link ez-toc-heading-4\" href=\"https:\/\/ppid.com\/es\/long-island-h1b-visa-lawyer\/#benefits-of-obtaining-an-h-1b-visa\" >Ventajas de obtener un visado H-1B<\/a><\/li><li class='ez-toc-page-1 ez-toc-heading-level-2'><a class=\"ez-toc-link ez-toc-heading-5\" href=\"https:\/\/ppid.com\/es\/long-island-h1b-visa-lawyer\/#how-an-attorney-can-help\" >C\u00f3mo puede ayudar un abogado<\/a><\/li><li class='ez-toc-page-1 ez-toc-heading-level-2'><a class=\"ez-toc-link ez-toc-heading-6\" href=\"https:\/\/ppid.com\/es\/long-island-h1b-visa-lawyer\/#faqs\" >Preguntas frecuentes<\/a><ul class='ez-toc-list-level-3' ><li class='ez-toc-heading-level-3'><a class=\"ez-toc-link ez-toc-heading-7\" href=\"https:\/\/ppid.com\/es\/long-island-h1b-visa-lawyer\/#who-qualifies-for-an-h-1b-visa-in-long-island\" >\u00bfQui\u00e9n puede optar a un visado H-1B en Long Island?<\/a><\/li><li class='ez-toc-page-1 ez-toc-heading-level-3'><a class=\"ez-toc-link ez-toc-heading-8\" href=\"https:\/\/ppid.com\/es\/long-island-h1b-visa-lawyer\/#what-are-the-requirements-for-an-h-1b-employer-in-long-island\" >\u00bfCu\u00e1les son los requisitos para ser empleador H-1B en Long Island?<\/a><\/li><li class='ez-toc-page-1 ez-toc-heading-level-3'><a class=\"ez-toc-link ez-toc-heading-9\" href=\"https:\/\/ppid.com\/es\/long-island-h1b-visa-lawyer\/#can-an-h-1b-visa-be-extended-for-employment-in-long-island\" >\u00bfPuede prorrogarse un visado H-1B para trabajar en Long Island?<\/a><\/li><li class='ez-toc-page-1 ez-toc-heading-level-3'><a class=\"ez-toc-link ez-toc-heading-10\" href=\"https:\/\/ppid.com\/es\/long-island-h1b-visa-lawyer\/#what-happens-if-someone-with-an-h-1b-visa-changes-employers-in-long-island\" >\u00bfQu\u00e9 ocurre si una persona con un visado H-1B cambia de empresa en el Long Island?<\/a><\/li><li class='ez-toc-page-1 ez-toc-heading-level-3'><a class=\"ez-toc-link ez-toc-heading-11\" href=\"https:\/\/ppid.com\/es\/long-island-h1b-visa-lawyer\/#what-happens-if-an-h-1b-petition-is-denied-in-long-island\" >\u00bfQu\u00e9 ocurre si se deniega una solicitud H-1B en el Long Island?<\/a><\/li><\/ul><\/li><li class='ez-toc-page-1 ez-toc-heading-level-2'><a class=\"ez-toc-link ez-toc-heading-12\" href=\"https:\/\/ppid.com\/es\/long-island-h1b-visa-lawyer\/#understand-your-options-for-an-h-1b-visa-in-long-island\" >Comprenda sus opciones para un visado H-1B en Long Island<\/a><\/li><\/ul><\/nav><\/div>\n<h2><span class=\"ez-toc-section\" id=\"long-island-h1b-visa-attorney\"><\/span>Long Island Abogado visado H1B<span class=\"ez-toc-section-end\"><\/span><\/h2>\n<p>Long Island ofrece una amplia gama de oportunidades a los titulares de visados H-1B, y sectores como la tecnolog\u00eda, la sanidad y las finanzas se benefician de profesionales extranjeros cualificados. Sin embargo, la obtenci\u00f3n de un visado H-1B requiere el patrocinio del empleador y el cumplimiento de estrictas normas de inmigraci\u00f3n. A <strong>Long Island Abogado para visados H-1B<\/strong> en <a href=\"https:\/\/ppid.com\/es\/firm\/\">PPID<\/a> puede evaluar la elegibilidad y proporcionar orientaci\u00f3n para navegar por las complejidades del patrocinio H-1B.<\/p>\n<p><img loading=\"lazy\" decoding=\"async\" class=\"aligncenter wp-image-2374 size-full\" title=\"Abogado especializado en visados H1B Long Island\" src=\"https:\/\/ppid.com\/wp-content\/uploads\/2025\/03\/long-island-h1b-visa-lawyer.webp\" alt=\"Skilled Long Island H1B Visa Lawyer\" width=\"1200\" height=\"600\" srcset=\"https:\/\/ppid.com\/wp-content\/uploads\/2025\/03\/long-island-h1b-visa-lawyer.webp 1200w, https:\/\/ppid.com\/wp-content\/uploads\/2025\/03\/long-island-h1b-visa-lawyer-300x150.webp 300w, https:\/\/ppid.com\/wp-content\/uploads\/2025\/03\/long-island-h1b-visa-lawyer-1024x512.webp 1024w, https:\/\/ppid.com\/wp-content\/uploads\/2025\/03\/long-island-h1b-visa-lawyer-768x384.webp 768w, https:\/\/ppid.com\/wp-content\/uploads\/2025\/03\/long-island-h1b-visa-lawyer-18x9.webp 18w\" sizes=\"auto, (max-width: 1200px) 100vw, 1200px\" \/><\/p>\n<h2><span class=\"ez-toc-section\" id=\"why-choose-pollack-pollack-isaac-decicco\"><\/span>\u00bfPor qu\u00e9 elegir Pollack, Pollack, Isaac &amp; DeCicco?<span class=\"ez-toc-section-end\"><\/span><\/h2>\n<p>Durante m\u00e1s de 60 a\u00f1os, Pollack, Pollack, Isaac &amp; DeCicco ha construido una reputaci\u00f3n de proporcionar servicios excepcionales de inmigraci\u00f3n tanto a los residentes Long Island y las personas que buscan la residencia en la zona. Nos enorgullecemos de ofrecer soluciones legales a medida que abordan las necesidades \u00fanicas de los clientes.<\/p>\n<p>Nuestra firma valora la inclusi\u00f3n y la accesibilidad, y creemos que el idioma no debe ser una barrera para obtener representaci\u00f3n legal. No importa en qu\u00e9 etapa del proceso de inmigraci\u00f3n se encuentre, puede confiar en nuestro equipo multiling\u00fce y multiling\u00fce. <a href=\"https:\/\/ppid.com\/es\/attorney\/\">equipo jur\u00eddico centrado en el cliente<\/a> que anteponga sus intereses.<\/p>\n<h2><span class=\"ez-toc-section\" id=\"understanding-the-h-1b-visa-process-in-long-island\"><\/span>Comprender el proceso del visado H-1B en Long Island<span class=\"ez-toc-section-end\"><\/span><\/h2>\n<p>El visado H-1B permite a las empresas estadounidenses contratar a trabajadores extranjeros en campos especiales como la tecnolog\u00eda, la sanidad y la ingenier\u00eda, donde suele haber escasez de trabajadores cualificados. El primer paso para obtener este tipo de visado es conseguir una oferta de trabajo de una empresa estadounidense que est\u00e9 dispuesta a patrocinar al solicitante. <strong>Entre las profesiones m\u00e1s comunes que pueden optar a un visado H-1B se incluyen:<\/strong><\/p>\n<ul>\n<li>Ingenieros inform\u00e1ticos<\/li>\n<li>Enfermeras diplomadas<\/li>\n<li>Cient\u00edficos de datos<\/li>\n<li>Ingenieros mec\u00e1nicos<\/li>\n<li>Analistas financieros<\/li>\n<li>Investigadores m\u00e9dicos<\/li>\n<li>Modelos de moda<\/li>\n<li>Contratistas del Departamento de Defensa<\/li>\n<\/ul>\n<p>Una vez realizada la oferta, el empresario debe presentar un <a href=\"https:\/\/flag.dol.gov\/programs\/LCA\">Solicitud de condici\u00f3n laboral<\/a> (LCA) al Departamento de Trabajo para demostrar el cumplimiento de las normas salariales y las condiciones de trabajo. Una vez aprobada la LCA, el empleador puede presentar una petici\u00f3n al USCIS para solicitar la aprobaci\u00f3n del visado H-1B para el solicitante. El puesto debe reunir los requisitos necesarios y, a menudo, el solicitante debe cumplir una serie de requisitos de formaci\u00f3n, como demostrar que posee una licenciatura o un t\u00edtulo superior.<\/p>\n<h2><span class=\"ez-toc-section\" id=\"benefits-of-obtaining-an-h-1b-visa\"><\/span>Ventajas de obtener un visado H-1B<span class=\"ez-toc-section-end\"><\/span><\/h2>\n<p>El visado H-1B ofrece muchas ventajas significativas y a largo plazo tanto para los empresarios como para los empleados en <a href=\"https:\/\/en.wikipedia.org\/wiki\/Long_Island\" target=\"_blank\" rel=\"noopener\">Long Island<\/a>. Para los empresarios, proporciona acceso a una reserva mundial de talentos, lo que les permite contratar trabajadores altamente cualificados en campos especiales como la tecnolog\u00eda, la sanidad y las finanzas.<br \/>\nPara los empleados, el visado H-1B les permite trabajar en EE.UU. y adquirir una valiosa experiencia que les permita avanzar en su carrera en un mercado laboral competitivo. El visado suele ser <a href=\"https:\/\/www.uscis.gov\/working-in-the-united-states\/h-1b-specialty-occupations#:~:text=As%2520an%2520H%252D1B%2520specialty,a%2520total%2520of%25206%2520years.\">concedida por un m\u00e1ximo de tres a\u00f1os<\/a> con posibilidad de ampliaciones.<\/p>\n<p>La aceptaci\u00f3n en el programa de visados H-1B puede ser un logro prestigioso que abre las puertas a oportunidades en empresas l\u00edderes de EE.UU., aumenta la credibilidad profesional y proporciona exposici\u00f3n a industrias punteras. Tambi\u00e9n ofrece posibilidades de crecimiento profesional y estabilidad a largo plazo en la mano de obra estadounidense.<\/p>\n<p>Los titulares de un visado pueden tener la oportunidad de obtener la residencia permanente si cumplen los requisitos necesarios. El programa de visados tambi\u00e9n es generoso en el sentido de que permite a los trabajadores viajar libremente dentro y fuera de Estados Unidos mientras el programa est\u00e9 activo.<\/p>\n<h2><span class=\"ez-toc-section\" id=\"how-an-attorney-can-help\"><\/span>C\u00f3mo puede ayudar un abogado<span class=\"ez-toc-section-end\"><\/span><\/h2>\n<p>Un abogado especializado en visados H-1B de Long Island puede proporcionarle una valiosa ayuda para navegar por las complejidades del proceso de solicitud. Pueden evaluar la elegibilidad, garantizar el cumplimiento de los requisitos legales y ayudar con la preparaci\u00f3n y presentaci\u00f3n de los documentos necesarios. Al ofrecer orientaci\u00f3n jur\u00eddica, un abogado aumenta las posibilidades de \u00e9xito de la solicitud, garantizando que tanto los empleadores como los solicitantes est\u00e9n plenamente preparados para cumplir todos los criterios de inmigraci\u00f3n.<\/p>\n<h2><span class=\"ez-toc-section\" id=\"faqs\"><\/span>Preguntas frecuentes<span class=\"ez-toc-section-end\"><\/span><\/h2>\n<div class=\"accsec-ritcnt accordion\">\n<div class=\"accordion-section\">\n<h3><span class=\"ez-toc-section\" id=\"who-qualifies-for-an-h-1b-visa-in-long-island\"><\/span><a class=\"accordion-section-title active\" href=\"#accordion-1\">\u00bfQui\u00e9n puede optar a un visado H-1B en Long Island?<\/a><span class=\"ez-toc-section-end\"><\/span><\/h3>\n<div id=\"accordion-1\" class=\"accordion-section-content open\" style=\"display: block;\">\n<p>Las personas que pueden optar a un visado H-1B en Long Island son los profesionales extranjeros que trabajan en campos especiales en Long Island. Los solicitantes deben tener al menos una licenciatura o experiencia equivalente, y un empleador estadounidense debe patrocinar la petici\u00f3n. El trabajo debe requerir conocimientos avanzados, y los empleadores deben presentar una Solicitud de Condici\u00f3n Laboral (LCA) ante el Departamento de Trabajo antes de presentar la petici\u00f3n al USCIS.<\/p>\n<\/div>\n<\/div>\n<div class=\"accordion-section\">\n<h3><span class=\"ez-toc-section\" id=\"what-are-the-requirements-for-an-h-1b-employer-in-long-island\"><\/span><a class=\"accordion-section-title\" href=\"#accordion-2\">\u00bfCu\u00e1les son los requisitos para ser empleador H-1B en Long Island?<\/a><span class=\"ez-toc-section-end\"><\/span><\/h3>\n<div id=\"accordion-2\" class=\"accordion-section-content\" style=\"display: none;\">\n<p>Los empresarios en Long Island que patrocinen un visado H-1B deben ofrecer un puesto en una ocupaci\u00f3n especializada y presentar una Solicitud de Condici\u00f3n Laboral (LCA) al Departamento de Trabajo. Tambi\u00e9n deben cumplir los requisitos salariales y presentar una petici\u00f3n H-1B al USCIS. Las empresas patrocinadoras deben cumplir toda la normativa federal para garantizar la documentaci\u00f3n adecuada y el cumplimiento de las pol\u00edticas de inmigraci\u00f3n.<\/p>\n<\/div>\n<\/div>\n<div class=\"accordion-section\">\n<h3><span class=\"ez-toc-section\" id=\"can-an-h-1b-visa-be-extended-for-employment-in-long-island\"><\/span><a class=\"accordion-section-title\" href=\"#accordion-3\">\u00bfPuede prorrogarse un visado H-1B para trabajar en Long Island?<\/a><span class=\"ez-toc-section-end\"><\/span><\/h3>\n<div id=\"accordion-3\" class=\"accordion-section-content\" style=\"display: none;\">\n<p>S\u00ed, los titulares de un visado H-1B que trabajen en Long Island pueden solicitar una pr\u00f3rroga antes de que expire su estatus actual. Las pr\u00f3rrogas suelen concederse en incrementos de uno a tres a\u00f1os, con una estancia m\u00e1xima de seis a\u00f1os. En algunos casos, las personas que solicitan la residencia permanente por motivos laborales pueden optar a pr\u00f3rrogas adicionales m\u00e1s all\u00e1 de este l\u00edmite en condiciones espec\u00edficas.<\/p>\n<\/div>\n<\/div>\n<div class=\"accordion-section\">\n<h3><span class=\"ez-toc-section\" id=\"what-happens-if-someone-with-an-h-1b-visa-changes-employers-in-long-island\"><\/span><a class=\"accordion-section-title\" href=\"#accordion-4\">\u00bfQu\u00e9 ocurre si una persona con un visado H-1B cambia de empresa en el Long Island?<\/a><span class=\"ez-toc-section-end\"><\/span><\/h3>\n<div id=\"accordion-4\" class=\"accordion-section-content\" style=\"display: none;\">\n<p>Si alguien con un visado H-1B cambia de empleador en el Long Island, el nuevo empleador deber\u00e1 presentar una nueva petici\u00f3n H1-B. La persona puede empezar a trabajar para el nuevo empleador una vez que la petici\u00f3n haya sido presentada al USCIS, pero debe ser aprobada para que el empleado mantenga un estatus H-1B v\u00e1lido. Un cambio de empleador no restablece el l\u00edmite m\u00e1ximo de estancia de seis a\u00f1os, pero puede afectar al calendario de pr\u00f3rrogas y transiciones a la residencia permanente.<\/p>\n<\/div>\n<\/div>\n<div class=\"accordion-section\">\n<h3><span class=\"ez-toc-section\" id=\"what-happens-if-an-h-1b-petition-is-denied-in-long-island\"><\/span><a class=\"accordion-section-title\" href=\"#accordion-5\">\u00bfQu\u00e9 ocurre si se deniega una solicitud H-1B en el Long Island?<\/a><span class=\"ez-toc-section-end\"><\/span><\/h3>\n<div id=\"accordion-5\" class=\"accordion-section-content\" style=\"display: none;\">\n<p>Si se deniega una petici\u00f3n H-1B, el solicitante no puede trabajar en Long Island con estatus H-1B. Los empleadores pueden presentar una moci\u00f3n de reapertura o reconsideraci\u00f3n si la denegaci\u00f3n se bas\u00f3 en un error. En algunos casos, es posible volver a presentar una nueva petici\u00f3n con pruebas adicionales. Si no se aplica ning\u00fan otro estatus de inmigraci\u00f3n, es posible que el solicitante tenga que abandonar EE.UU. tras la denegaci\u00f3n.<\/p>\n<\/div>\n<\/div>\n<\/div>\n<h2><span class=\"ez-toc-section\" id=\"understand-your-options-for-an-h-1b-visa-in-long-island\"><\/span>Comprenda sus opciones para un visado H-1B en Long Island<span class=\"ez-toc-section-end\"><\/span><\/h2>\n<p>El visado H-1B ofrece a los profesionales cualificados la oportunidad de desarrollar su carrera profesional al tiempo que ayuda a las empresas a satisfacer la demanda de mano de obra. Navegar por el proceso de solicitud requiere una clara comprensi\u00f3n de los requisitos de patrocinio y las regulaciones de inmigraci\u00f3n. Pollack, Pollack, Isaac &amp; DeCicco ofrece orientaci\u00f3n jur\u00eddica para garantizar el cumplimiento de los requisitos de la visa H-1B, ayudando tanto a los empleadores como a los solicitantes a evitar errores comunes.<\/p>\n<p>Nuestro equipo se dedica a simplificar el proceso y aumentar las posibilidades de \u00e9xito. Con d\u00e9cadas de experiencia, nos comprometemos a proporcionarle el apoyo que necesita en cada paso del proceso de solicitud. <a href=\"https:\/\/ppid.com\/es\/contact\/\">P\u00f3ngase en contacto con nuestra oficina<\/a> para saber m\u00e1s.<\/p>\n<p><iframe loading=\"lazy\" style=\"border: 0;\" src=\"https:\/\/www.google.com\/maps\/embed?pb=!1m18!1m12!1m3!1d772604.4057503557!2d-73.60848566464847!3d40.850232051311075!2m3!1f0!2f0!3f0!3m2!1i1024!2i768!4f13.1!3m3!1m2!1s0x89e84454e1eea5cb%3A0x1df7f96186940d18!2sLong%20Island!5e0!3m2!1sen!2sin!4v1750695892772!5m2!1sen!2sin\" width=\"100%\" height=\"300\" allowfullscreen=\"allowfullscreen\"><\/iframe><\/p>","protected":false},"excerpt":{"rendered":"<p>Long Island H1B Visa Attorney Long Island offers a range of opportunities for H-1B visa holders, with industries such as technology, healthcare, and finance benefiting from skilled foreign professionals. However, obtaining an H-1B visa requires employer sponsorship and adherence to strict immigration regulations. A Long Island H-1B visa lawyer at PPID can evaluate eligibility and &hellip; <\/p>\n<p class=\"link-more\"><a href=\"https:\/\/ppid.com\/es\/long-island-h1b-visa-lawyer\/\" class=\"more-link\">Seguir leyendo<span class=\"screen-reader-text\"> &#8220;Long Island H1B Visa Lawyer&#8221;<\/span><\/a><\/p>","protected":false},"author":1,"featured_media":0,"parent":0,"menu_order":0,"comment_status":"closed","ping_status":"closed","template":"","meta":{"_acf_changed":false,"footnotes":""},"class_list":["post-2335","page","type-page","status-publish","hentry","entry"],"acf":[],"yoast_head":"<!-- This site is optimized with the Yoast SEO Premium plugin v26.8 (Yoast SEO v26.8) - https:\/\/yoast.com\/product\/yoast-seo-premium-wordpress\/ -->\n<title>Long Island H1B Visa Lawyer &amp; Law Firm<\/title>\n<meta name=\"description\" content=\"Need H1B visa assistance? A Long Island H1B visa lawyer at Pollack, Pollack, Isaac &amp; DeCicco, LLP can guide you. Call now for experienced legal support!\" \/>\n<meta name=\"robots\" content=\"index, follow, max-snippet:-1, max-image-preview:large, max-video-preview:-1\" \/>\n<link rel=\"canonical\" href=\"https:\/\/ppid.com\/es\/long-island-h1b-visa-lawyer\/\" \/>\n<meta property=\"og:locale\" content=\"es_MX\" \/>\n<meta property=\"og:type\" content=\"article\" \/>\n<meta property=\"og:title\" content=\"Long Island H1B Visa Lawyer\" \/>\n<meta property=\"og:description\" content=\"Need H1B visa assistance? A Long Island H1B visa lawyer at Pollack, Pollack, Isaac &amp; DeCicco, LLP can guide you. Call now for experienced legal support!\" \/>\n<meta property=\"og:url\" content=\"https:\/\/ppid.com\/es\/long-island-h1b-visa-lawyer\/\" \/>\n<meta property=\"og:site_name\" content=\"Pollack, Pollack, Isaac &amp; DeCicco, LLP\" \/>\n<meta property=\"article:modified_time\" content=\"2025-09-15T05:46:17+00:00\" \/>\n<meta property=\"og:image\" content=\"https:\/\/ppid.com\/wp-content\/uploads\/2025\/03\/long-island-h1b-visa-lawyer.webp\" \/>\n\t<meta property=\"og:image:width\" content=\"1200\" \/>\n\t<meta property=\"og:image:height\" content=\"600\" \/>\n\t<meta property=\"og:image:type\" content=\"image\/webp\" \/>\n<meta name=\"twitter:card\" content=\"summary_large_image\" \/>\n<meta name=\"twitter:label1\" content=\"Tiempo de lectura\" \/>\n\t<meta name=\"twitter:data1\" content=\"5 minutos\" \/>\n<!-- \/ Yoast SEO Premium plugin. -->","yoast_head_json":{"title":"Long Island H1B Visa Abogado y Bufete de Abogados","description":"\u00bfNecesita ayuda con el visado H1B? Un abogado de visa H1B Long Island en Pollack, Pollack, Isaac &amp; DeCicco, LLP puede guiarlo. \u00a1Llame ahora para obtener apoyo legal experimentado!","robots":{"index":"index","follow":"follow","max-snippet":"max-snippet:-1","max-image-preview":"max-image-preview:large","max-video-preview":"max-video-preview:-1"},"canonical":"https:\/\/ppid.com\/es\/long-island-h1b-visa-lawyer\/","og_locale":"es_MX","og_type":"article","og_title":"Long Island H1B Visa Lawyer","og_description":"Need H1B visa assistance? A Long Island H1B visa lawyer at Pollack, Pollack, Isaac & DeCicco, LLP can guide you. Call now for experienced legal support!","og_url":"https:\/\/ppid.com\/es\/long-island-h1b-visa-lawyer\/","og_site_name":"Pollack, Pollack, Isaac &amp; DeCicco, LLP","article_modified_time":"2025-09-15T05:46:17+00:00","og_image":[{"width":1200,"height":600,"url":"https:\/\/ppid.com\/wp-content\/uploads\/2025\/03\/long-island-h1b-visa-lawyer.webp","type":"image\/webp"}],"twitter_card":"summary_large_image","twitter_misc":{"Tiempo de lectura":"5 minutos"},"schema":{"@context":"https:\/\/schema.org","@graph":[{"@type":"WebPage","@id":"https:\/\/ppid.com\/long-island-h1b-visa-lawyer\/","url":"https:\/\/ppid.com\/long-island-h1b-visa-lawyer\/","name":"Long Island H1B Visa Abogado y Bufete de Abogados","isPartOf":{"@id":"https:\/\/ppid.com\/#website"},"primaryImageOfPage":{"@id":"https:\/\/ppid.com\/long-island-h1b-visa-lawyer\/#primaryimage"},"image":{"@id":"https:\/\/ppid.com\/long-island-h1b-visa-lawyer\/#primaryimage"},"thumbnailUrl":"https:\/\/ppid.com\/wp-content\/uploads\/2025\/03\/long-island-h1b-visa-lawyer.webp","datePublished":"2025-03-18T16:45:02+00:00","dateModified":"2025-09-15T05:46:17+00:00","description":"\u00bfNecesita ayuda con el visado H1B? Un abogado de visa H1B Long Island en Pollack, Pollack, Isaac &amp; DeCicco, LLP puede guiarlo. \u00a1Llame ahora para obtener apoyo legal experimentado!","breadcrumb":{"@id":"https:\/\/ppid.com\/long-island-h1b-visa-lawyer\/#breadcrumb"},"inLanguage":"es","potentialAction":[{"@type":"ReadAction","target":["https:\/\/ppid.com\/long-island-h1b-visa-lawyer\/"]}]},{"@type":"ImageObject","inLanguage":"es","@id":"https:\/\/ppid.com\/long-island-h1b-visa-lawyer\/#primaryimage","url":"https:\/\/ppid.com\/wp-content\/uploads\/2025\/03\/long-island-h1b-visa-lawyer.webp","contentUrl":"https:\/\/ppid.com\/wp-content\/uploads\/2025\/03\/long-island-h1b-visa-lawyer.webp"},{"@type":"BreadcrumbList","@id":"https:\/\/ppid.com\/long-island-h1b-visa-lawyer\/#breadcrumb","itemListElement":[{"@type":"ListItem","position":1,"name":"Home","item":"https:\/\/ppid.com\/"},{"@type":"ListItem","position":2,"name":"Long Island H1B Visa Lawyer"}]},{"@type":"WebSite","@id":"https:\/\/ppid.com\/#website","url":"https:\/\/ppid.com\/","name":"Pollack, Pollack, Isaac &amp; DeCicco, LLP","description":"","potentialAction":[{"@type":"SearchAction","target":{"@type":"EntryPoint","urlTemplate":"https:\/\/ppid.com\/?s={search_term_string}"},"query-input":{"@type":"PropertyValueSpecification","valueRequired":true,"valueName":"search_term_string"}}],"inLanguage":"es"}]}},"_links":{"self":[{"href":"https:\/\/ppid.com\/es\/wp-json\/wp\/v2\/pages\/2335","targetHints":{"allow":["GET"]}}],"collection":[{"href":"https:\/\/ppid.com\/es\/wp-json\/wp\/v2\/pages"}],"about":[{"href":"https:\/\/ppid.com\/es\/wp-json\/wp\/v2\/types\/page"}],"author":[{"embeddable":true,"href":"https:\/\/ppid.com\/es\/wp-json\/wp\/v2\/users\/1"}],"replies":[{"embeddable":true,"href":"https:\/\/ppid.com\/es\/wp-json\/wp\/v2\/comments?post=2335"}],"version-history":[{"count":0,"href":"https:\/\/ppid.com\/es\/wp-json\/wp\/v2\/pages\/2335\/revisions"}],"wp:attachment":[{"href":"https:\/\/ppid.com\/es\/wp-json\/wp\/v2\/media?parent=2335"}],"curies":[{"name":"wp","href":"https:\/\/api.w.org\/{rel}","templated":true}]}}