{"id":2342,"date":"2025-03-18T16:43:59","date_gmt":"2025-03-18T16:43:59","guid":{"rendered":"https:\/\/ppidllp.wpenginepowered.com\/?page_id=2342"},"modified":"2025-09-15T06:13:13","modified_gmt":"2025-09-15T06:13:13","slug":"queens-h1b-visa-lawyer","status":"publish","type":"page","link":"https:\/\/ppid.com\/es\/queens-h1b-visa-lawyer\/","title":{"rendered":"Queens Abogado de visados H1B"},"content":{"rendered":"<div id=\"ez-toc-container\" class=\"ez-toc-v2_0_80 counter-hierarchy ez-toc-counter ez-toc-transparent ez-toc-container-direction\">\n<div class=\"ez-toc-title-container\">\n<p class=\"ez-toc-title ez-toc-toggle\" style=\"cursor:pointer\">\u00cdndice<\/p>\n<span class=\"ez-toc-title-toggle\"><a href=\"#\" class=\"ez-toc-pull-right ez-toc-btn ez-toc-btn-xs ez-toc-btn-default ez-toc-toggle\" aria-label=\"Toggle Table of Content\"><span class=\"ez-toc-js-icon-con\"><span class=\"\"><span class=\"eztoc-hide\" style=\"display:none;\">Toggle<\/span><span class=\"ez-toc-icon-toggle-span\"><svg style=\"fill: #999;color:#999\" xmlns=\"http:\/\/www.w3.org\/2000\/svg\" class=\"list-377408\" width=\"20px\" height=\"20px\" viewbox=\"0 0 24 24\" fill=\"none\"><path d=\"M6 6H4v2h2V6zm14 0H8v2h12V6zM4 11h2v2H4v-2zm16 0H8v2h12v-2zM4 16h2v2H4v-2zm16 0H8v2h12v-2z\" fill=\"currentColor\"><\/path><\/svg><svg style=\"fill: #999;color:#999\" class=\"arrow-unsorted-368013\" xmlns=\"http:\/\/www.w3.org\/2000\/svg\" width=\"10px\" height=\"10px\" viewbox=\"0 0 24 24\" version=\"1.2\" baseprofile=\"tiny\"><path d=\"M18.2 9.3l-6.2-6.3-6.2 6.3c-.2.2-.3.4-.3.7s.1.5.3.7c.2.2.4.3.7.3h11c.3 0 .5-.1.7-.3.2-.2.3-.5.3-.7s-.1-.5-.3-.7zM5.8 14.7l6.2 6.3 6.2-6.3c.2-.2.3-.5.3-.7s-.1-.5-.3-.7c-.2-.2-.4-.3-.7-.3h-11c-.3 0-.5.1-.7.3-.2.2-.3.5-.3.7s.1.5.3.7z\"\/><\/svg><\/span><\/span><\/span><\/a><\/span><\/div>\n<nav><ul class='ez-toc-list ez-toc-list-level-1 eztoc-toggle-hide-by-default' ><li class='ez-toc-page-1 ez-toc-heading-level-2'><a class=\"ez-toc-link ez-toc-heading-1\" href=\"https:\/\/ppid.com\/es\/queens-h1b-visa-lawyer\/#queens-h1b-visa-attorney\" >Queens Abogado visado H1B<\/a><\/li><li class='ez-toc-page-1 ez-toc-heading-level-2'><a class=\"ez-toc-link ez-toc-heading-2\" href=\"https:\/\/ppid.com\/es\/queens-h1b-visa-lawyer\/#a-trusted-immigration-law-firm-that-values-inclusivity\" >Un bufete de abogados de inmigraci\u00f3n de confianza que valora la inclusi\u00f3n<\/a><\/li><li class='ez-toc-page-1 ez-toc-heading-level-2'><a class=\"ez-toc-link ez-toc-heading-3\" href=\"https:\/\/ppid.com\/es\/queens-h1b-visa-lawyer\/#understanding-the-h-1b-visa-process-in-queens\" >Entender el proceso del visado H-1B en Queens<\/a><\/li><li class='ez-toc-page-1 ez-toc-heading-level-2'><a class=\"ez-toc-link ez-toc-heading-4\" href=\"https:\/\/ppid.com\/es\/queens-h1b-visa-lawyer\/#key-requirements-for-h-1b-visa-eligibility-in-queens\" >Requisitos clave para optar al visado H-1B en Queens<\/a><\/li><li class='ez-toc-page-1 ez-toc-heading-level-2'><a class=\"ez-toc-link ez-toc-heading-5\" href=\"https:\/\/ppid.com\/es\/queens-h1b-visa-lawyer\/#benefits-of-the-h-1b-visa-career-advancement-and-longer-residency-in-the-us\" >Ventajas del visado H-1B: Promoci\u00f3n profesional y residencia m\u00e1s larga en EE.UU.<\/a><\/li><li class='ez-toc-page-1 ez-toc-heading-level-2'><a class=\"ez-toc-link ez-toc-heading-6\" href=\"https:\/\/ppid.com\/es\/queens-h1b-visa-lawyer\/#how-a-queens-h-1b-visa-lawyer-can-help\" >C\u00f3mo puede ayudar un abogado especializado en visados H-1B Queens<\/a><\/li><li class='ez-toc-page-1 ez-toc-heading-level-2'><a class=\"ez-toc-link ez-toc-heading-7\" href=\"https:\/\/ppid.com\/es\/queens-h1b-visa-lawyer\/#faqs\" >Preguntas frecuentes<\/a><ul class='ez-toc-list-level-3' ><li class='ez-toc-heading-level-3'><a class=\"ez-toc-link ez-toc-heading-8\" href=\"https:\/\/ppid.com\/es\/queens-h1b-visa-lawyer\/#who-qualifies-for-an-h-1b-visa-in-queens\" >\u00bfQui\u00e9n puede optar a un visado H-1B en Queens?<\/a><\/li><li class='ez-toc-page-1 ez-toc-heading-level-3'><a class=\"ez-toc-link ez-toc-heading-9\" href=\"https:\/\/ppid.com\/es\/queens-h1b-visa-lawyer\/#can-an-h-1b-visa-holder-transition-to-another-visa-type-in-queens\" >\u00bfPuede un titular de un visado H-1B pasar a otro tipo de visado en Queens?<\/a><\/li><li class='ez-toc-page-1 ez-toc-heading-level-3'><a class=\"ez-toc-link ez-toc-heading-10\" href=\"https:\/\/ppid.com\/es\/queens-h1b-visa-lawyer\/#how-long-can-an-h-1b-visa-holder-work-in-queens\" >\u00bfCu\u00e1nto tiempo puede trabajar un titular de un visado H-1B en Queens?<\/a><\/li><li class='ez-toc-page-1 ez-toc-heading-level-3'><a class=\"ez-toc-link ez-toc-heading-11\" href=\"https:\/\/ppid.com\/es\/queens-h1b-visa-lawyer\/#what-happens-if-an-h-1b-petition-is-denied-in-queens\" >\u00bfQu\u00e9 ocurre si se deniega una solicitud H-1B en el Queens?<\/a><\/li><li class='ez-toc-page-1 ez-toc-heading-level-3'><a class=\"ez-toc-link ez-toc-heading-12\" href=\"https:\/\/ppid.com\/es\/queens-h1b-visa-lawyer\/#can-an-h-1b-visa-be-extended-for-employment-in-queens\" >\u00bfPuede prorrogarse un visado H-1B para trabajar en Queens?<\/a><\/li><\/ul><\/li><li class='ez-toc-page-1 ez-toc-heading-level-2'><a class=\"ez-toc-link ez-toc-heading-13\" href=\"https:\/\/ppid.com\/es\/queens-h1b-visa-lawyer\/#understand-your-options-for-an-h-1b-visa-in-queens\" >Comprenda sus opciones para un visado H-1B en Queens<\/a><\/li><\/ul><\/nav><\/div>\n<h2><span class=\"ez-toc-section\" id=\"queens-h1b-visa-attorney\"><\/span>Queens Abogado visado H1B<span class=\"ez-toc-section-end\"><\/span><\/h2>\n<p>Queens ofrece muchas oportunidades a los titulares de visados H-1B, con una econom\u00eda diversa que incluye sectores como la tecnolog\u00eda, la sanidad, las finanzas y la ingenier\u00eda. Los empresarios que deseen patrocinar a profesionales extranjeros cualificados deben cumplir una serie de requisitos espec\u00edficos, como obtener un certificado laboral y presentar una petici\u00f3n al USCIS. A <strong>Queens Abogado para visados H-1B<\/strong> puede evaluar la elegibilidad y orientar sobre los requisitos de patrocinio H-1B.<\/p>\n<p><img loading=\"lazy\" decoding=\"async\" class=\"aligncenter wp-image-2372 size-full\" title=\"Abogado especializado en visados H1B Queens\" src=\"https:\/\/ppid.com\/wp-content\/uploads\/2025\/03\/queens-h1b-visa-lawyer.webp\" alt=\"Skilled Queens H1B Visa Attorney\" width=\"1200\" height=\"600\" srcset=\"https:\/\/ppid.com\/wp-content\/uploads\/2025\/03\/queens-h1b-visa-lawyer.webp 1200w, https:\/\/ppid.com\/wp-content\/uploads\/2025\/03\/queens-h1b-visa-lawyer-300x150.webp 300w, https:\/\/ppid.com\/wp-content\/uploads\/2025\/03\/queens-h1b-visa-lawyer-1024x512.webp 1024w, https:\/\/ppid.com\/wp-content\/uploads\/2025\/03\/queens-h1b-visa-lawyer-768x384.webp 768w, https:\/\/ppid.com\/wp-content\/uploads\/2025\/03\/queens-h1b-visa-lawyer-18x9.webp 18w\" sizes=\"auto, (max-width: 1200px) 100vw, 1200px\" \/><\/p>\n<h2><span class=\"ez-toc-section\" id=\"a-trusted-immigration-law-firm-that-values-inclusivity\"><\/span>Un bufete de abogados de inmigraci\u00f3n de confianza que valora la inclusi\u00f3n<span class=\"ez-toc-section-end\"><\/span><\/h2>\n<p>Con m\u00e1s de 60 a\u00f1os de experiencia, <a href=\"https:\/\/ppid.com\/es\/firm\/\">Pollack, Pollack, Isaac &amp; DeCicco<\/a> presta servicios jur\u00eddicos de confianza a clientes en <a href=\"https:\/\/en.wikipedia.org\/wiki\/Queens\" target=\"_blank\" rel=\"noopener\">Queens<\/a> y en todo el New York City. Ofrecemos una amplia <a href=\"https:\/\/ppid.com\/es\/queens-immigration-lawyer\/\">apoyo en derecho de inmigraci\u00f3n<\/a> que garantiza que los casos de nuestros clientes se traten con cuidado y atenci\u00f3n al detalle.<\/p>\n<p>La inclusi\u00f3n est\u00e1 en el coraz\u00f3n de nuestra pr\u00e1ctica. Valoramos las perspectivas diversas y garantizamos la accesibilidad ofreciendo servicios en varios idiomas porque creemos que el idioma no debe ser una barrera para recibir servicios jur\u00eddicos fundamentales.<\/p>\n<h2><span class=\"ez-toc-section\" id=\"understanding-the-h-1b-visa-process-in-queens\"><\/span>Entender el proceso del visado H-1B en Queens<span class=\"ez-toc-section-end\"><\/span><\/h2>\n<p>Conseguir un visado H-1B puede ser un proceso complicado, y entender cada paso es esencial para los trabajadores y empresarios extranjeros en Queens. El primer paso consiste en conseguir una oferta de trabajo de un empleador estadounidense para un puesto que requiera conocimientos especiales. Una vez hecha la oferta, el empleador debe presentar una <a href=\"https:\/\/flag.dol.gov\/programs\/LCA\" target=\"_blank\" rel=\"noopener\">Solicitud de condici\u00f3n laboral<\/a> (LCA) al Departamento de Trabajo y presentar una petici\u00f3n al USCIS.<\/p>\n<p>La petici\u00f3n incluye documentos justificativos que demuestran que el puesto cumple los requisitos exigidos y que el solicitante re\u00fane las condiciones necesarias. Una vez presentada, USCIS eval\u00faa la petici\u00f3n y, si se aprueba, el solicitante puede solicitar un visado H-1B en un consulado o embajada de EE.UU. si se encuentra fuera del pa\u00eds.<\/p>\n<h2><span class=\"ez-toc-section\" id=\"key-requirements-for-h-1b-visa-eligibility-in-queens\"><\/span>Requisitos clave para optar al visado H-1B en Queens<span class=\"ez-toc-section-end\"><\/span><\/h2>\n<p>Para optar a un visado H-1B en Queens, los solicitantes deben cumplir unos criterios educativos y profesionales espec\u00edficos. El puesto debe ser una ocupaci\u00f3n cualificada que requiera conocimientos especiales. Tambi\u00e9n pueden aplicarse requisitos de educaci\u00f3n.<\/p>\n<p>Los empresarios que busquen un trabajador en el marco del programa de visados deben demostrar que el puesto requiere un alto nivel de conocimientos y experiencia y que el solicitante posee las cualificaciones necesarias. Tambi\u00e9n existen requisitos de presentaci\u00f3n que deben presentarse al Departamento de Trabajo y a otros departamentos gubernamentales. El visado H-1B est\u00e1 sujeto a un l\u00edmite m\u00e1ximo anual, por lo que es esencial conseguir el patrocinio lo antes posible.<\/p>\n<h2><span class=\"ez-toc-section\" id=\"benefits-of-the-h-1b-visa-career-advancement-and-longer-residency-in-the-us\"><\/span>Ventajas del visado H-1B: Promoci\u00f3n profesional y residencia m\u00e1s larga en EE.UU.<span class=\"ez-toc-section-end\"><\/span><\/h2>\n<p>El visado H-1B ofrece importantes oportunidades de promoci\u00f3n profesional a los profesionales cualificados que deseen ampliar sus opciones profesionales. Permite trabajar en Estados Unidos en campos avanzados como la tecnolog\u00eda, la sanidad y la ingenier\u00eda.<\/p>\n<p>Para algunos, el visado H-1B puede suponer una v\u00eda de residencia prolongada en EE.UU. Para quienes persiguen la residencia permanente, el visado H-1B tambi\u00e9n sirve como paso previo a la obtenci\u00f3n de la tarjeta verde, lo que lo convierte en una opci\u00f3n atractiva para los profesionales que buscan oportunidades a largo plazo en EE.UU.<\/p>\n<h2><span class=\"ez-toc-section\" id=\"how-a-queens-h-1b-visa-lawyer-can-help\"><\/span>C\u00f3mo puede ayudar un abogado especializado en visados H-1B Queens<span class=\"ez-toc-section-end\"><\/span><\/h2>\n<p>Un abogado especializado en visados H-1B Queens puede ayudar tanto a empleadores como a solicitantes a navegar por los intrincados requisitos para obtener el patrocinio H-1B. Pueden aclarar los criterios de elegibilidad y ofrecer orientaci\u00f3n durante todo el proceso de solicitud.<\/p>\n<p>Este apoyo es inestimable para los solicitantes y propietarios de empresas que pueden no estar familiarizados con las complejidades de la ley de inmigraci\u00f3n. Muchos futuros trabajadores con visado H-1B consideran que la representaci\u00f3n legal aumenta en gran medida la probabilidad de \u00e9xito de la solicitud y reduce el estr\u00e9s asociado al proceso de solicitud. La representaci\u00f3n legal tambi\u00e9n puede ahorrar a los empresarios tiempo y recursos considerables en el proceso de inmigraci\u00f3n.<\/p>\n<h2><span class=\"ez-toc-section\" id=\"faqs\"><\/span>Preguntas frecuentes<span class=\"ez-toc-section-end\"><\/span><\/h2>\n<div class=\"accsec-ritcnt accordion\">\n<div class=\"accordion-section\">\n<h3><span class=\"ez-toc-section\" id=\"who-qualifies-for-an-h-1b-visa-in-queens\"><\/span><a class=\"accordion-section-title active\" href=\"#accordion-1\">\u00bfQui\u00e9n puede optar a un visado H-1B en Queens?<\/a><span class=\"ez-toc-section-end\"><\/span><\/h3>\n<div id=\"accordion-1\" class=\"accordion-section-content open\" style=\"display: block;\">\n<p>El visado H-1B est\u00e1 disponible para profesionales extranjeros con conocimientos especiales que trabajen en Queens. Los solicitantes deben tener al menos una licenciatura o experiencia equivalente en su campo. Un empleador estadounidense debe patrocinar la petici\u00f3n y presentar una Solicitud de Condici\u00f3n Laboral (LCA) ante el Departamento de Trabajo. El puesto debe requerir cualificaciones avanzadas y el visado est\u00e1 sujeto a un l\u00edmite anual, a menos que la empresa est\u00e9 exenta de dicho l\u00edmite.<\/p>\n<\/div>\n<\/div>\n<div class=\"accordion-section\">\n<h3><span class=\"ez-toc-section\" id=\"can-an-h-1b-visa-holder-transition-to-another-visa-type-in-queens\"><\/span><a class=\"accordion-section-title\" href=\"#accordion-2\">\u00bfPuede un titular de un visado H-1B pasar a otro tipo de visado en Queens?<\/a><span class=\"ez-toc-section-end\"><\/span><\/h3>\n<div id=\"accordion-2\" class=\"accordion-section-content\" style=\"display: none;\">\n<p>S\u00ed, un titular de un visado H-1B en Queens puede pasar a otro tipo de visado, como un visado L-1 u O-1, en funci\u00f3n de sus cualificaciones y progresi\u00f3n profesional. La persona debe cumplir los requisitos espec\u00edficos de elegibilidad para la nueva categor\u00eda de visado, y el empleador debe presentar la petici\u00f3n correspondiente. En algunos casos, las personas tambi\u00e9n pueden solicitar un cambio de estatus si persiguen una carrera u oportunidad diferente.<\/p>\n<\/div>\n<\/div>\n<div class=\"accordion-section\">\n<h3><span class=\"ez-toc-section\" id=\"how-long-can-an-h-1b-visa-holder-work-in-queens\"><\/span><a class=\"accordion-section-title\" href=\"#accordion-3\">\u00bfCu\u00e1nto tiempo puede trabajar un titular de un visado H-1B en Queens?<\/a><span class=\"ez-toc-section-end\"><\/span><\/h3>\n<div id=\"accordion-3\" class=\"accordion-section-content\" style=\"display: none;\">\n<p>Un visado H-1B suele expedirse para un m\u00e1ximo de tres a\u00f1os, con posibilidad de pr\u00f3rroga hasta un m\u00e1ximo de seis a\u00f1os. Si el titular del visado sigue contratado por una empresa patrocinadora en Queens, puede seguir trabajando durante el periodo aprobado. Los solicitantes de residencia permanente pueden optar a pr\u00f3rrogas adicionales m\u00e1s all\u00e1 del l\u00edmite de seis a\u00f1os en determinadas circunstancias.<\/p>\n<\/div>\n<\/div>\n<div class=\"accordion-section\">\n<h3><span class=\"ez-toc-section\" id=\"what-happens-if-an-h-1b-petition-is-denied-in-queens\"><\/span><a class=\"accordion-section-title\" href=\"#accordion-4\">\u00bfQu\u00e9 ocurre si se deniega una solicitud H-1B en el Queens?<\/a><span class=\"ez-toc-section-end\"><\/span><\/h3>\n<div id=\"accordion-4\" class=\"accordion-section-content\" style=\"display: none;\">\n<p>Si se deniega una petici\u00f3n H-1B, el solicitante no puede trabajar en Queens con estatuto H-1B. Los empleadores pueden presentar una moci\u00f3n para reabrir o reconsiderar si hubo errores en la decisi\u00f3n. En algunos casos, la presentaci\u00f3n de una nueva petici\u00f3n con pruebas adicionales puede ser una opci\u00f3n. Los afectados por una denegaci\u00f3n pueden tener que explorar opciones alternativas de visado o salir de EE.UU. si no se aplica ning\u00fan otro estatus.<\/p>\n<\/div>\n<\/div>\n<div class=\"accordion-section\">\n<h3><span class=\"ez-toc-section\" id=\"can-an-h-1b-visa-be-extended-for-employment-in-queens\"><\/span><a class=\"accordion-section-title\" href=\"#accordion-5\">\u00bfPuede prorrogarse un visado H-1B para trabajar en Queens?<\/a><span class=\"ez-toc-section-end\"><\/span><\/h3>\n<div id=\"accordion-5\" class=\"accordion-section-content\" style=\"display: none;\">\n<p>S\u00ed, los visados H-1B pueden prorrogarse para trabajar en Queens antes de que caduquen. Las pr\u00f3rrogas se conceden generalmente en incrementos de uno a tres a\u00f1os, con un l\u00edmite total de seis a\u00f1os. Si el titular del visado est\u00e1 en proceso de obtener la residencia permanente basada en el empleo, puede optar a pr\u00f3rrogas adicionales m\u00e1s all\u00e1 de este l\u00edmite en determinadas condiciones.<\/p>\n<\/div>\n<\/div>\n<\/div>\n<h2><span class=\"ez-toc-section\" id=\"understand-your-options-for-an-h-1b-visa-in-queens\"><\/span>Comprenda sus opciones para un visado H-1B en Queens<span class=\"ez-toc-section-end\"><\/span><\/h2>\n<p>El visado H-1B permite a los profesionales cualificados contribuir a la diversa econom\u00eda de Queens, al tiempo que proporciona a los empresarios acceso a una reserva mundial de talentos. Navegar por el proceso de patrocinio requiere una cuidadosa atenci\u00f3n a las regulaciones de inmigraci\u00f3n y a las obligaciones del empleador. Pollack, Pollack, Isaac &amp; DeCicco ofrece asesoramiento jur\u00eddico para garantizar el cumplimiento de los requisitos del visado H-1B. <a href=\"https:\/\/ppid.com\/es\/contact\/\">P\u00f3ngase en contacto con nuestra oficina<\/a> para saber m\u00e1s.<\/p>\n<p><iframe loading=\"lazy\" style=\"border: 0;\" src=\"https:\/\/www.google.com\/maps\/embed?pb=!1m18!1m12!1m3!1d193731.41691261338!2d-73.87114045!3d40.6507535!2m3!1f0!2f0!3f0!3m2!1i1024!2i768!4f13.1!3m3!1m2!1s0x89c24369470a592b%3A0x4109d18b6c5c7b05!2sQueens%2C%20NY%2C%20USA!5e0!3m2!1sen!2sin!4v1750681863634!5m2!1sen!2sin\" width=\"100%\" height=\"300\" allowfullscreen=\"allowfullscreen\"><\/iframe><\/p>","protected":false},"excerpt":{"rendered":"<p>Queens H1B Visa Attorney Queens offers many opportunities for H-1B visa holders, with a diverse economy that includes industries such as technology, healthcare, finance, and engineering. Employers seeking to sponsor skilled foreign professionals must meet specific requirements, including obtaining labor certification and filing a petition with USCIS. A Queens H-1B visa lawyer can evaluate eligibility &hellip; <\/p>\n<p class=\"link-more\"><a href=\"https:\/\/ppid.com\/es\/queens-h1b-visa-lawyer\/\" class=\"more-link\">Seguir leyendo<span class=\"screen-reader-text\"> &#8220;Queens H1B Visa Lawyer&#8221;<\/span><\/a><\/p>","protected":false},"author":1,"featured_media":0,"parent":0,"menu_order":0,"comment_status":"closed","ping_status":"closed","template":"","meta":{"_acf_changed":false,"footnotes":""},"class_list":["post-2342","page","type-page","status-publish","hentry","entry"],"acf":[],"yoast_head":"<!-- This site is optimized with the Yoast SEO Premium plugin v26.8 (Yoast SEO v26.8) - https:\/\/yoast.com\/product\/yoast-seo-premium-wordpress\/ -->\n<title>Queens H1B Visa Lawyer &amp; Law Firm<\/title>\n<meta name=\"description\" content=\"Facing H1B visa challenges? A Queens H1B visa lawyer at Pollack, Pollack, Isaac &amp; DeCicco, LLP can help. Call now to discuss your options!\" \/>\n<meta name=\"robots\" content=\"index, follow, max-snippet:-1, max-image-preview:large, max-video-preview:-1\" \/>\n<link rel=\"canonical\" href=\"https:\/\/ppid.com\/es\/queens-h1b-visa-lawyer\/\" \/>\n<meta property=\"og:locale\" content=\"es_MX\" \/>\n<meta property=\"og:type\" content=\"article\" \/>\n<meta property=\"og:title\" content=\"Queens H1B Visa Lawyer\" \/>\n<meta property=\"og:description\" content=\"Facing H1B visa challenges? A Queens H1B visa lawyer at Pollack, Pollack, Isaac &amp; DeCicco, LLP can help. Call now to discuss your options!\" \/>\n<meta property=\"og:url\" content=\"https:\/\/ppid.com\/es\/queens-h1b-visa-lawyer\/\" \/>\n<meta property=\"og:site_name\" content=\"Pollack, Pollack, Isaac &amp; DeCicco, LLP\" \/>\n<meta property=\"article:modified_time\" content=\"2025-09-15T06:13:13+00:00\" \/>\n<meta property=\"og:image\" content=\"https:\/\/ppid.com\/wp-content\/uploads\/2025\/03\/queens-h1b-visa-lawyer.webp\" \/>\n\t<meta property=\"og:image:width\" content=\"1200\" \/>\n\t<meta property=\"og:image:height\" content=\"600\" \/>\n\t<meta property=\"og:image:type\" content=\"image\/webp\" \/>\n<meta name=\"twitter:card\" content=\"summary_large_image\" \/>\n<meta name=\"twitter:label1\" content=\"Tiempo de lectura\" \/>\n\t<meta name=\"twitter:data1\" content=\"5 minutos\" \/>\n<!-- \/ Yoast SEO Premium plugin. -->","yoast_head_json":{"title":"Queens H1B Visa Abogado y Bufete de Abogados","description":"\u00bfEnfrent\u00e1ndose a problemas con su visa H1B? Un abogado de visa H1B Queens en Pollack, Pollack, Isaac &amp; DeCicco, LLP puede ayudarle. \u00a1Llame ahora para discutir sus opciones!","robots":{"index":"index","follow":"follow","max-snippet":"max-snippet:-1","max-image-preview":"max-image-preview:large","max-video-preview":"max-video-preview:-1"},"canonical":"https:\/\/ppid.com\/es\/queens-h1b-visa-lawyer\/","og_locale":"es_MX","og_type":"article","og_title":"Queens H1B Visa Lawyer","og_description":"Facing H1B visa challenges? A Queens H1B visa lawyer at Pollack, Pollack, Isaac & DeCicco, LLP can help. Call now to discuss your options!","og_url":"https:\/\/ppid.com\/es\/queens-h1b-visa-lawyer\/","og_site_name":"Pollack, Pollack, Isaac &amp; DeCicco, LLP","article_modified_time":"2025-09-15T06:13:13+00:00","og_image":[{"width":1200,"height":600,"url":"https:\/\/ppid.com\/wp-content\/uploads\/2025\/03\/queens-h1b-visa-lawyer.webp","type":"image\/webp"}],"twitter_card":"summary_large_image","twitter_misc":{"Tiempo de lectura":"5 minutos"},"schema":{"@context":"https:\/\/schema.org","@graph":[{"@type":"WebPage","@id":"https:\/\/ppid.com\/queens-h1b-visa-lawyer\/","url":"https:\/\/ppid.com\/queens-h1b-visa-lawyer\/","name":"Queens H1B Visa Abogado y Bufete de Abogados","isPartOf":{"@id":"https:\/\/ppid.com\/#website"},"primaryImageOfPage":{"@id":"https:\/\/ppid.com\/queens-h1b-visa-lawyer\/#primaryimage"},"image":{"@id":"https:\/\/ppid.com\/queens-h1b-visa-lawyer\/#primaryimage"},"thumbnailUrl":"https:\/\/ppid.com\/wp-content\/uploads\/2025\/03\/queens-h1b-visa-lawyer.webp","datePublished":"2025-03-18T16:43:59+00:00","dateModified":"2025-09-15T06:13:13+00:00","description":"\u00bfEnfrent\u00e1ndose a problemas con su visa H1B? Un abogado de visa H1B Queens en Pollack, Pollack, Isaac &amp; DeCicco, LLP puede ayudarle. \u00a1Llame ahora para discutir sus opciones!","breadcrumb":{"@id":"https:\/\/ppid.com\/queens-h1b-visa-lawyer\/#breadcrumb"},"inLanguage":"es","potentialAction":[{"@type":"ReadAction","target":["https:\/\/ppid.com\/queens-h1b-visa-lawyer\/"]}]},{"@type":"ImageObject","inLanguage":"es","@id":"https:\/\/ppid.com\/queens-h1b-visa-lawyer\/#primaryimage","url":"https:\/\/ppid.com\/wp-content\/uploads\/2025\/03\/queens-h1b-visa-lawyer.webp","contentUrl":"https:\/\/ppid.com\/wp-content\/uploads\/2025\/03\/queens-h1b-visa-lawyer.webp"},{"@type":"BreadcrumbList","@id":"https:\/\/ppid.com\/queens-h1b-visa-lawyer\/#breadcrumb","itemListElement":[{"@type":"ListItem","position":1,"name":"Home","item":"https:\/\/ppid.com\/"},{"@type":"ListItem","position":2,"name":"Queens H1B Visa Lawyer"}]},{"@type":"WebSite","@id":"https:\/\/ppid.com\/#website","url":"https:\/\/ppid.com\/","name":"Pollack, Pollack, Isaac &amp; DeCicco, LLP","description":"","potentialAction":[{"@type":"SearchAction","target":{"@type":"EntryPoint","urlTemplate":"https:\/\/ppid.com\/?s={search_term_string}"},"query-input":{"@type":"PropertyValueSpecification","valueRequired":true,"valueName":"search_term_string"}}],"inLanguage":"es"}]}},"_links":{"self":[{"href":"https:\/\/ppid.com\/es\/wp-json\/wp\/v2\/pages\/2342","targetHints":{"allow":["GET"]}}],"collection":[{"href":"https:\/\/ppid.com\/es\/wp-json\/wp\/v2\/pages"}],"about":[{"href":"https:\/\/ppid.com\/es\/wp-json\/wp\/v2\/types\/page"}],"author":[{"embeddable":true,"href":"https:\/\/ppid.com\/es\/wp-json\/wp\/v2\/users\/1"}],"replies":[{"embeddable":true,"href":"https:\/\/ppid.com\/es\/wp-json\/wp\/v2\/comments?post=2342"}],"version-history":[{"count":0,"href":"https:\/\/ppid.com\/es\/wp-json\/wp\/v2\/pages\/2342\/revisions"}],"wp:attachment":[{"href":"https:\/\/ppid.com\/es\/wp-json\/wp\/v2\/media?parent=2342"}],"curies":[{"name":"wp","href":"https:\/\/api.w.org\/{rel}","templated":true}]}}