{"id":2432,"date":"2025-04-07T04:24:38","date_gmt":"2025-04-07T04:24:38","guid":{"rendered":"https:\/\/ppidllp.wpenginepowered.com\/?page_id=2432"},"modified":"2025-09-06T08:14:05","modified_gmt":"2025-09-06T08:14:05","slug":"rockland-county-h1b-visa-lawyer","status":"publish","type":"page","link":"https:\/\/ppid.com\/es\/rockland-county-h1b-visa-lawyer\/","title":{"rendered":"Rockland County Abogado de visados H1B"},"content":{"rendered":"<div id=\"ez-toc-container\" class=\"ez-toc-v2_0_80 counter-hierarchy ez-toc-counter ez-toc-transparent ez-toc-container-direction\">\n<div class=\"ez-toc-title-container\">\n<p class=\"ez-toc-title ez-toc-toggle\" style=\"cursor:pointer\">\u00cdndice<\/p>\n<span class=\"ez-toc-title-toggle\"><a href=\"#\" class=\"ez-toc-pull-right ez-toc-btn ez-toc-btn-xs ez-toc-btn-default ez-toc-toggle\" aria-label=\"Toggle Table of Content\"><span class=\"ez-toc-js-icon-con\"><span class=\"\"><span class=\"eztoc-hide\" style=\"display:none;\">Toggle<\/span><span class=\"ez-toc-icon-toggle-span\"><svg style=\"fill: #999;color:#999\" xmlns=\"http:\/\/www.w3.org\/2000\/svg\" class=\"list-377408\" width=\"20px\" height=\"20px\" viewbox=\"0 0 24 24\" fill=\"none\"><path d=\"M6 6H4v2h2V6zm14 0H8v2h12V6zM4 11h2v2H4v-2zm16 0H8v2h12v-2zM4 16h2v2H4v-2zm16 0H8v2h12v-2z\" fill=\"currentColor\"><\/path><\/svg><svg style=\"fill: #999;color:#999\" class=\"arrow-unsorted-368013\" xmlns=\"http:\/\/www.w3.org\/2000\/svg\" width=\"10px\" height=\"10px\" viewbox=\"0 0 24 24\" version=\"1.2\" baseprofile=\"tiny\"><path d=\"M18.2 9.3l-6.2-6.3-6.2 6.3c-.2.2-.3.4-.3.7s.1.5.3.7c.2.2.4.3.7.3h11c.3 0 .5-.1.7-.3.2-.2.3-.5.3-.7s-.1-.5-.3-.7zM5.8 14.7l6.2 6.3 6.2-6.3c.2-.2.3-.5.3-.7s-.1-.5-.3-.7c-.2-.2-.4-.3-.7-.3h-11c-.3 0-.5.1-.7.3-.2.2-.3.5-.3.7s.1.5.3.7z\"\/><\/svg><\/span><\/span><\/span><\/a><\/span><\/div>\n<nav><ul class='ez-toc-list ez-toc-list-level-1 eztoc-toggle-hide-by-default' ><li class='ez-toc-page-1 ez-toc-heading-level-2'><a class=\"ez-toc-link ez-toc-heading-1\" href=\"https:\/\/ppid.com\/es\/rockland-county-h1b-visa-lawyer\/#rockland-county-h1b-visa-attorney\" >Rockland County Abogado visado H1B<\/a><\/li><li class='ez-toc-page-1 ez-toc-heading-level-2'><a class=\"ez-toc-link ez-toc-heading-2\" href=\"https:\/\/ppid.com\/es\/rockland-county-h1b-visa-lawyer\/#what-is-the-h-1b-visa\" >\u00bfQu\u00e9 es el visado H-1B?<\/a><\/li><li class='ez-toc-page-1 ez-toc-heading-level-2'><a class=\"ez-toc-link ez-toc-heading-3\" href=\"https:\/\/ppid.com\/es\/rockland-county-h1b-visa-lawyer\/#benefits-of-the-h-1b-visa\" >Ventajas del visado H-1B<\/a><\/li><li class='ez-toc-page-1 ez-toc-heading-level-2'><a class=\"ez-toc-link ez-toc-heading-4\" href=\"https:\/\/ppid.com\/es\/rockland-county-h1b-visa-lawyer\/#h-1b-cap-and-lottery-system\" >L\u00edmite H-1B y sistema de loter\u00eda<\/a><\/li><li class='ez-toc-page-1 ez-toc-heading-level-2'><a class=\"ez-toc-link ez-toc-heading-5\" href=\"https:\/\/ppid.com\/es\/rockland-county-h1b-visa-lawyer\/#h-1b-visa-process\" >Proceso del visado H-1B<\/a><\/li><li class='ez-toc-page-1 ez-toc-heading-level-2'><a class=\"ez-toc-link ez-toc-heading-6\" href=\"https:\/\/ppid.com\/es\/rockland-county-h1b-visa-lawyer\/#h-1b-visa-documents\" >Documentos del visado H-1B<\/a><\/li><li class='ez-toc-page-1 ez-toc-heading-level-2'><a class=\"ez-toc-link ez-toc-heading-7\" href=\"https:\/\/ppid.com\/es\/rockland-county-h1b-visa-lawyer\/#faqs\" >Preguntas frecuentes<\/a><ul class='ez-toc-list-level-3' ><li class='ez-toc-heading-level-3'><a class=\"ez-toc-link ez-toc-heading-8\" href=\"https:\/\/ppid.com\/es\/rockland-county-h1b-visa-lawyer\/#how-can-an-employer-benefit-from-filing-for-an-h-1b-with-the-help-of-an-attorney-in-rockland-county\" >C\u00f3mo puede un empresario beneficiarse de solicitar un H-1B con la ayuda de un abogado en Rockland County<\/a><\/li><li class='ez-toc-page-1 ez-toc-heading-level-3'><a class=\"ez-toc-link ez-toc-heading-9\" href=\"https:\/\/ppid.com\/es\/rockland-county-h1b-visa-lawyer\/#how-many-years-is-a-h-1b-valid-in-us\" >\u00bfCu\u00e1ntos a\u00f1os de validez tiene un H-1B en EE.UU.?<\/a><\/li><li class='ez-toc-page-1 ez-toc-heading-level-3'><a class=\"ez-toc-link ez-toc-heading-10\" href=\"https:\/\/ppid.com\/es\/rockland-county-h1b-visa-lawyer\/#how-long-is-the-process-for-obtaining-an-h-1b-visa\" >\u00bfCu\u00e1nto dura el proceso de obtenci\u00f3n de un visado H-1B?<\/a><\/li><\/ul><\/li><li class='ez-toc-page-1 ez-toc-heading-level-2'><a class=\"ez-toc-link ez-toc-heading-11\" href=\"https:\/\/ppid.com\/es\/rockland-county-h1b-visa-lawyer\/#contact-pollack-pollack-isaac-decicco\" >Contacto Pollack, Pollack, Isaac &amp; DeCicco<\/a><ul class='ez-toc-list-level-3' ><li class='ez-toc-heading-level-3'><a class=\"ez-toc-link ez-toc-heading-12\" href=\"https:\/\/ppid.com\/es\/rockland-county-h1b-visa-lawyer\/#client-reviews\" >Opiniones de clientes<\/a><\/li><\/ul><\/li><\/ul><\/nav><\/div>\n<h2><span class=\"ez-toc-section\" id=\"rockland-county-h1b-visa-attorney\"><\/span>Rockland County Abogado visado H1B<span class=\"ez-toc-section-end\"><\/span><\/h2>\n<p>El visado H-1B es uno de los m\u00e1s solicitados por los profesionales en activo. A <strong>Rockland County Abogado para visados H-1B<\/strong> en <a href=\"https:\/\/ppid.com\/es\/firm\/\">Pollack, Pollack, Isaac &amp; DeCicco, LLP<\/a> puede ayudarle a comprender los requisitos, las ventajas y el proceso de obtenci\u00f3n de un visado.<\/p>\n<p><img loading=\"lazy\" decoding=\"async\" class=\"aligncenter wp-image-2442 size-full\" title=\"Abogado con experiencia en visados H1B Rockland County\" src=\"https:\/\/ppid.com\/wp-content\/uploads\/2025\/04\/rockland-county-h1b-visa-lawyer.webp\" alt=\"Experienced Rockland County H1B Visa Attorney\" width=\"1200\" height=\"600\" srcset=\"https:\/\/ppid.com\/wp-content\/uploads\/2025\/04\/rockland-county-h1b-visa-lawyer.webp 1200w, https:\/\/ppid.com\/wp-content\/uploads\/2025\/04\/rockland-county-h1b-visa-lawyer-300x150.webp 300w, https:\/\/ppid.com\/wp-content\/uploads\/2025\/04\/rockland-county-h1b-visa-lawyer-1024x512.webp 1024w, https:\/\/ppid.com\/wp-content\/uploads\/2025\/04\/rockland-county-h1b-visa-lawyer-768x384.webp 768w, https:\/\/ppid.com\/wp-content\/uploads\/2025\/04\/rockland-county-h1b-visa-lawyer-18x9.webp 18w\" sizes=\"auto, (max-width: 1200px) 100vw, 1200px\" \/><\/p>\n<h2><span class=\"ez-toc-section\" id=\"what-is-the-h-1b-visa\"><\/span>\u00bfQu\u00e9 es el visado H-1B?<span class=\"ez-toc-section-end\"><\/span><\/h2>\n<p>En <a href=\"https:\/\/ppid.com\/es\/blog\/what-is-the-h1b-visa-program\/\">El visado H-1B otorga a los empresarios el derecho a contratar<\/a> empleados no inmigrantes. Este visado se concede con car\u00e1cter temporal, con una duraci\u00f3n de tres a\u00f1os. Cuando los trabajadores alcanzan este l\u00edmite de tres a\u00f1os, pueden solicitar una pr\u00f3rroga, que puede concederles hasta seis a\u00f1os en Estados Unidos. Mientras tengan el visado H-1B, los empleados pueden solicitar otros visados o la tarjeta verde de residencia permanente.<\/p>\n<p>El visado H-1B se utiliza para campos de trabajo altamente t\u00e9cnicos y\/o te\u00f3ricos. La ocupaci\u00f3n debe considerarse una ocupaci\u00f3n \"especializada\" para que se aplique el visado H-1B.<strong> Entre las ocupaciones especializadas m\u00e1s comunes se incluyen:<\/strong><\/p>\n<ul>\n<li>Ingenier\u00eda<\/li>\n<li>Inform\u00e1tica<\/li>\n<li>Contabilidad<\/li>\n<li>Ciencia<\/li>\n<li>Arquitectura<\/li>\n<li>Medicina<\/li>\n<\/ul>\n<p>Por lo general, la profesi\u00f3n debe exigir al menos una licenciatura o un t\u00edtulo extranjero equivalente. Si el solicitante no tiene un t\u00edtulo, puede bastar con la experiencia laboral pertinente o una certificaci\u00f3n sin restricciones. La titulaci\u00f3n debe ser el requisito m\u00ednimo, la norma del sector o la exigida habitualmente por el empleador. Alternativamente, el puesto puede requerir un nivel de conocimientos adquirido mediante una titulaci\u00f3n.<\/p>\n<h2><span class=\"ez-toc-section\" id=\"benefits-of-the-h-1b-visa\"><\/span>Ventajas del visado H-1B<span class=\"ez-toc-section-end\"><\/span><\/h2>\n<p>El visado H-1B conlleva ventajas tanto para el empresario como para el trabajador. <strong>Para los empresarios, estas ventajas incluyen:<\/strong><\/p>\n<ul>\n<li>Disponer de un grupo m\u00e1s amplio de candidatos entre los que elegir<\/li>\n<li>Contar con una serie de perspectivas que pueden potenciar las aportaciones y soluciones creativas.<\/li>\n<li>Mayor capacidad para cubrir un puesto que puede ser dif\u00edcil de cubrir localmente<\/li>\n<\/ul>\n<p><strong>Para los empleados, estas prestaciones incluyen:<\/strong><\/p>\n<ul>\n<li>Capacidad para vivir y trabajar en Estados Unidos en su profesi\u00f3n preferida<\/li>\n<li>Puerta de entrada a la residencia permanente (posibilidad de solicitar la tarjeta verde mientras se est\u00e1 en situaci\u00f3n de visado)<\/li>\n<li>Posible promoci\u00f3n profesional, con el consiguiente aumento de ingresos<\/li>\n<li>Nuevo entorno y oportunidades, tanto sociales como profesionales<\/li>\n<\/ul>\n<h2><span class=\"ez-toc-section\" id=\"h-1b-cap-and-lottery-system\"><\/span>L\u00edmite H-1B y sistema de loter\u00eda<span class=\"ez-toc-section-end\"><\/span><\/h2>\n<p>Debido a la gran demanda del visado H-1B, el USCIS (Servicio de Ciudadan\u00eda e Inmigraci\u00f3n de Estados Unidos) expide un n\u00famero limitado de visados H-1B. Cuando la demanda es superior al l\u00edmite, el USCIS aplica un sistema de sorteo. Esto significa que, aunque cumpla los requisitos, la selecci\u00f3n no est\u00e1 garantizada. Con ello se intenta que el proceso de selecci\u00f3n sea justo.<\/p>\n<p>El l\u00edmite m\u00e1ximo para los titulares de un m\u00e1ster suele ser superior al de los titulares de una licenciatura, lo que facilita la selecci\u00f3n de los titulares de un m\u00e1ster. El l\u00edmite m\u00e1ximo est\u00e1 sujeto a cambios, por lo que debe comprobarlo peri\u00f3dicamente para asegurarse de que est\u00e1 actualizado.<\/p>\n<h2><span class=\"ez-toc-section\" id=\"h-1b-visa-process\"><\/span>Proceso del visado H-1B<span class=\"ez-toc-section-end\"><\/span><\/h2>\n<p>Los solicitantes del visado H-1B en <a href=\"https:\/\/en.wikipedia.org\/wiki\/Rockland_County,_New_York\" target=\"_blank\" rel=\"noopener\">Rockland<\/a> debe seguir un proceso espec\u00edfico para obtener uno. El proceso suele comenzar cuando un empresario hace una oferta de trabajo a un candidato potencial. A continuaci\u00f3n, el empleador presenta una Solicitud de Condici\u00f3n Laboral ante el Departamento de Trabajo de Estados Unidos. A continuaci\u00f3n, los solicitantes tendr\u00e1n que reunir la documentaci\u00f3n necesaria para el proceso de solicitud, incluidas las credenciales de educaci\u00f3n (como expedientes acad\u00e9micos y\/o t\u00edtulos).<\/p>\n<p>El empresario utiliza estos justificantes para <a href=\"https:\/\/www.uscis.gov\/sites\/default\/files\/document\/forms\/i-129.pdf\" target=\"_blank\" rel=\"noopener\">presentar el formulario I-129<\/a> (Petici\u00f3n de trabajador no inmigrante). A continuaci\u00f3n, el USCIS tramita la solicitud. Si la solicitud de visado es aprobada, el trabajador solicita un visado en el consulado de su pa\u00eds.<\/p>\n<p>Una vez aprobado su visado, el empleado puede venir a Estados Unidos y comenzar su empleo por un periodo de 3 a\u00f1os, de acuerdo con el visado H-1B.<\/p>\n<h2><span class=\"ez-toc-section\" id=\"h-1b-visa-documents\"><\/span>Documentos del visado H-1B<span class=\"ez-toc-section-end\"><\/span><\/h2>\n<p>Al solicitar un visado, tanto el empleado como el empresario deben presentar documentaci\u00f3n espec\u00edfica para su aprobaci\u00f3n. Disponer de esta lista de comprobaci\u00f3n puede ayudar a ambas partes a evitar retrasos o denegaciones en la solicitud. <strong>Los empresarios deben disponer de los siguientes documentos:<\/strong><\/p>\n<ul>\n<li>Formulario I-129<\/li>\n<li>Solicitud de condici\u00f3n laboral<\/li>\n<li>Carta de oferta de empleo<\/li>\n<li>Informaci\u00f3n empresarial del empresario, como registros financieros y estructura<\/li>\n<\/ul>\n<p><strong>Los trabajadores deben disponer de la siguiente documentaci\u00f3n:<\/strong><\/p>\n<ul>\n<li>Licenciatura (o superior)<\/li>\n<li>Curr\u00edculum<\/li>\n<li>Transcripciones<\/li>\n<li>Pasaporte en vigor<\/li>\n<li>Fotos de pasaporte<\/li>\n<\/ul>\n<p>Los empresarios tambi\u00e9n deben ser conscientes de su responsabilidad financiera al solicitar un visado y pueden hablar con un abogado para comprender todo el alcance de sus responsabilidades.<\/p>\n<h2><span class=\"ez-toc-section\" id=\"faqs\"><\/span>Preguntas frecuentes<span class=\"ez-toc-section-end\"><\/span><\/h2>\n<div class=\"accsec-ritcnt accordion\">\n<div class=\"accordion-section\">\n<h3><span class=\"ez-toc-section\" id=\"how-can-an-employer-benefit-from-filing-for-an-h-1b-with-the-help-of-an-attorney-in-rockland-county\"><\/span><a class=\"accordion-section-title active\" href=\"#accordion-1\">C\u00f3mo puede un empresario beneficiarse de solicitar un H-1B con la ayuda de un abogado en Rockland County<\/a><span class=\"ez-toc-section-end\"><\/span><\/h3>\n<div id=\"accordion-1\" class=\"accordion-section-content open\" style=\"display: block;\">\n<p>Un empresario puede beneficiarse de la ayuda de un abogado en Rockland County a la hora de solicitar un H-1B de varias maneras. El proceso requiere precisi\u00f3n y una gran atenci\u00f3n a los detalles para garantizar el cumplimiento de los plazos y requisitos. Cualquier error puede dar lugar a retrasos o denegaciones, que no s\u00f3lo repercuten negativamente en la empresa, sino tambi\u00e9n en el empleado. Por este motivo, muchos empresarios optan por contratar a un abogado experto en inmigraci\u00f3n para que les ayude a solicitar un visado H-1B.<\/p>\n<\/div>\n<\/div>\n<div class=\"accordion-section\">\n<h3><span class=\"ez-toc-section\" id=\"how-many-years-is-a-h-1b-valid-in-us\"><\/span><a class=\"accordion-section-title\" href=\"#accordion-2\">\u00bfCu\u00e1ntos a\u00f1os de validez tiene un H-1B en EE.UU.?<\/a><span class=\"ez-toc-section-end\"><\/span><\/h3>\n<div id=\"accordion-2\" class=\"accordion-section-content\" style=\"display: none;\">\n<p>Un visado H-1B en Estados Unidos tiene una validez de tres a\u00f1os. Puede prorrogarse m\u00e1s all\u00e1 de los tres a\u00f1os y llegar hasta los seis si se solicita. Si un empleado est\u00e1 en proceso de obtener una Tarjeta Verde, el m\u00e1ximo de seis a\u00f1os puede ampliarse en determinadas circunstancias. Si el visado de una persona caduca, debe abandonar Estados Unidos o pasar a otra categor\u00eda de visado.<\/p>\n<\/div>\n<\/div>\n<div class=\"accordion-section\">\n<h3><span class=\"ez-toc-section\" id=\"how-long-is-the-process-for-obtaining-an-h-1b-visa\"><\/span><a class=\"accordion-section-title\" href=\"#accordion-3\">\u00bfCu\u00e1nto dura el proceso de obtenci\u00f3n de un visado H-1B?<\/a><span class=\"ez-toc-section-end\"><\/span><\/h3>\n<div id=\"accordion-3\" class=\"accordion-section-content\" style=\"display: none;\">\n<p>El tiempo de tramitaci\u00f3n para obtener un visado H-1B depende de varios factores, como el tiempo de selecci\u00f3n en la loter\u00eda, los plazos de tramitaci\u00f3n y si se solicitan pruebas adicionales. Es posible que pueda pagar por una tramitaci\u00f3n m\u00e1s r\u00e1pida, pero la cantidad de tiempo seguir\u00e1 dependiendo en gran medida de las circunstancias \u00fanicas de su situaci\u00f3n.<\/p>\n<\/div>\n<\/div>\n<\/div>\n<h2><span class=\"ez-toc-section\" id=\"contact-pollack-pollack-isaac-decicco\"><\/span>Contacto Pollack, Pollack, Isaac &amp; DeCicco<span class=\"ez-toc-section-end\"><\/span><\/h2>\n<p>El dedicado equipo legal de Pollack, Pollack, Isaac &amp; DeCicco puede ayudarle con sus visas H-1B. Tenemos muchos a\u00f1os de experiencia ayudando a nuestros clientes con sus visas y podemos con confianza.<\/p>\n<h3><span class=\"ez-toc-section\" id=\"client-reviews\"><\/span>Opiniones de clientes<span class=\"ez-toc-section-end\"><\/span><\/h3>\n<div style=\"max-width: 840px; margin: 20px auto; font-family: Arial, sans-serif;\">\n<p><!-- Review 1 --><\/p>\n<div style=\"position: relative; background-color: #fff !important; border: 2px solid #c1dae8; border-radius: 12px; padding: 18px 22px; margin-bottom: 36px; box-shadow: 0 3px 8px rgba(0,0,0,0.05);\">\n<div style=\"font-size: 16px; margin-bottom: 6px; color: #333; font-weight: bold;\">\u2b50\u2b50\u2b50\u2b50\u2b50<\/div>\n<div style=\"font-size: 15px; color: #333; line-height: 1.5;\">\"Tuve la suerte de colaborar con Alexandra Bondikov y Pamela Mateo. La manera m\u00e1s suave posible para lograr mi visa de EE.UU.. Definitivamente recomendado estos 2 abogados si usted tiene la oportunidad y el sue\u00f1o de trabajar en Estados Unidos en poco tiempo.\"<\/div>\n<div style=\"margin-top: 10px; font-size: 14px; color: #222; font-weight: 600;\">\u2013 <a href=\"https:\/\/maps.app.goo.gl\/xQ8RKGFKJXG3NsTU7\" target=\"_blank\" rel=\"noopener\">Claudio Pontorno<\/a><!-- triangle pointer --><span style=\"position: absolute; left: 36px; bottom: -16px; width: 0; height: 0; border-left: 16px solid transparent; border-right: 16px solid transparent; border-top: 16px solid #c1dae8;\"><br \/>\n<\/span><\/div>\n<\/div>\n<p><!-- Review 2 --><\/p>\n<div style=\"position: relative; background-color: #fff !important; border: 2px solid #c1dae8; border-radius: 12px; padding: 18px 22px; margin-bottom: 36px; box-shadow: 0 3px 8px rgba(0,0,0,0.05);\">\n<div style=\"font-size: 16px; margin-bottom: 6px; color: #333; font-weight: bold;\">\u2b50\u2b50\u2b50\u2b50<\/div>\n<div style=\"font-size: 15px; color: #333; line-height: 1.5;\">\"He sido cliente de Pollack, Pollack, Isaac &amp; De Cicco LLP por m\u00e1s de 8 a\u00f1os, ellos han logrado obtener mi visa O-1 (3 veces y siempre por una duraci\u00f3n de 3 a\u00f1os) y recib\u00ed mi tarjeta verde este a\u00f1o.<br \/>\nRecomiendo encarecidamente esta empresa, el personal es muy receptivo y servicial.<br \/>\nLes agradezco de nuevo todo el trabajo que han dedicado a mi caso.<br \/>\nPositivo<br \/>\nCapacidad de respuesta, calidad, profesionalidad y valor\".<\/div>\n<div style=\"margin-top: 10px; font-size: 14px; color: #222; font-weight: 600;\">\u2013 <a href=\"https:\/\/maps.app.goo.gl\/4MJoxEGJR2o9bqrC8\" target=\"_blank\" rel=\"noopener\">Pamela Berkovic<\/a><\/div>\n<p><span style=\"position: absolute; right: 36px; bottom: -16px; width: 0; height: 0; border-left: 16px solid transparent; border-right: 16px solid transparent; border-top: 16px solid #c1dae8;\"> <\/span><\/p>\n<\/div>\n<p><!-- Review 3 --><\/p>\n<div style=\"position: relative; background-color: #fff !important; border: 2px solid #c1dae8; border-radius: 12px; padding: 18px 22px; margin-bottom: 36px; box-shadow: 0 3px 8px rgba(0,0,0,0.05);\">\n<div style=\"font-size: 16px; margin-bottom: 6px; color: #333; font-weight: bold;\">\u2b50\u2b50\u2b50\u2b50\u2b50<\/div>\n<div style=\"font-size: 15px; color: #333; line-height: 1.5;\">\"Recomiendo encarecidamente PPID.  Ayudaron a mi familia a lograr lo que pens\u00e1bamos que era imposible.  Desde el principio hasta el final de un complicado proceso de Exenci\u00f3n y Visa de Inmigrante, fueron conocedores y profesionales.\"<\/div>\n<div style=\"margin-top: 10px; font-size: 14px; color: #222; font-weight: 600;\"><a href=\"https:\/\/maps.app.goo.gl\/k8UqqciBPwR255XK6\" target=\"_blank\" rel=\"noopener\">- Su<\/a><\/div>\n<p><span style=\"position: absolute; left: 36px; bottom: -16px; width: 0; height: 0; border-left: 16px solid transparent; border-right: 16px solid transparent; border-top: 16px solid #c1dae8;\"> <\/span><\/p>\n<\/div>\n<\/div>\n<p><strong><a href=\"https:\/\/www.google.com\/search?sca_esv=39d1a7f4746557b0&amp;hl=en&amp;gl=IN&amp;si=AMgyJEuzsz2NflaaWzrzdpjxXXRaJ2hfdMsbe_mSWso6src8sxxdC2IAdX8WKEsf7f3Ebo9QtGvOCFa8jF3b9SUT9OO2EnxQMojs15QHBYuRLJcAehrcA8qrF1RK38x90biSyvZThBbYiym1VbiP3UVStLToYBF8yg1f5-PI3yLC3CahiPRJcF8%3D&amp;q=Pollack,+Pollack,+Isaac+%26+DeCicco,+LLP+Reviews\" target=\"_blank\" rel=\"noopener\">Leer m\u00e1s opiniones<\/a><\/strong><\/p>\n<p><iframe src=\"https:\/\/www.google.com\/maps\/embed?pb=!1m18!1m12!1m3!1d192241.84138201142!2d-74.22560799609786!3d41.16117844501192!2m3!1f0!2f0!3f0!3m2!1i1024!2i768!4f13.1!3m3!1m2!1s0x89c2c9caf11a7127%3A0x1f98163a4a0f684e!2sRockland%20County%2C%20NY%2C%20USA!5e0!3m2!1sen!2sin!4v1750682077992!5m2!1sen!2sin\" width=\"100%\" height=\"300\" style=\"border:0;\" allowfullscreen=\"\" loading=\"lazy\" referrerpolicy=\"no-referrer-when-downgrade\"><\/iframe><\/p>","protected":false},"excerpt":{"rendered":"<p>Rockland County H1B Visa Attorney The H-1B visa is one of the most commonly sought-after visas for working professionals. A Rockland County H-1B visa lawyer at Pollack, Pollack, Isaac &amp; DeCicco, LLP can help you understand the requirements, benefits, and process of attaining a visa. What Is the H-1B Visa? An H-1B visa gives employers &hellip; <\/p>\n<p class=\"link-more\"><a href=\"https:\/\/ppid.com\/es\/rockland-county-h1b-visa-lawyer\/\" class=\"more-link\">Seguir leyendo<span class=\"screen-reader-text\"> &#8220;Rockland County H1B Visa Lawyer&#8221;<\/span><\/a><\/p>","protected":false},"author":1,"featured_media":0,"parent":0,"menu_order":0,"comment_status":"closed","ping_status":"closed","template":"","meta":{"_acf_changed":false,"footnotes":""},"class_list":["post-2432","page","type-page","status-publish","hentry","entry"],"acf":[],"yoast_head":"<!-- This site is optimized with the Yoast SEO Premium plugin v26.8 (Yoast SEO v26.8) - https:\/\/yoast.com\/product\/yoast-seo-premium-wordpress\/ -->\n<title>Rockland County H1B Visa Lawyer &amp; Law Firm<\/title>\n<meta name=\"description\" content=\"Looking for a Rockland County H1B Visa Lawyer? Get expert legal help from Pollack, Pollack, Isaac &amp; DeCicco, LLP to navigate the employment visa process.\" \/>\n<meta name=\"robots\" content=\"index, follow, max-snippet:-1, max-image-preview:large, max-video-preview:-1\" \/>\n<link rel=\"canonical\" href=\"https:\/\/ppid.com\/es\/rockland-county-h1b-visa-lawyer\/\" \/>\n<meta property=\"og:locale\" content=\"es_MX\" \/>\n<meta property=\"og:type\" content=\"article\" \/>\n<meta property=\"og:title\" content=\"Rockland County H1B Visa Lawyer\" \/>\n<meta property=\"og:description\" content=\"Looking for a Rockland County H1B Visa Lawyer? Get expert legal help from Pollack, Pollack, Isaac &amp; DeCicco, LLP to navigate the employment visa process.\" \/>\n<meta property=\"og:url\" content=\"https:\/\/ppid.com\/es\/rockland-county-h1b-visa-lawyer\/\" \/>\n<meta property=\"og:site_name\" content=\"Pollack, Pollack, Isaac &amp; DeCicco, LLP\" \/>\n<meta property=\"article:modified_time\" content=\"2025-09-06T08:14:05+00:00\" \/>\n<meta property=\"og:image\" content=\"https:\/\/ppid.com\/wp-content\/uploads\/2025\/04\/rockland-county-h1b-visa-lawyer.webp\" \/>\n\t<meta property=\"og:image:width\" content=\"1200\" \/>\n\t<meta property=\"og:image:height\" content=\"600\" \/>\n\t<meta property=\"og:image:type\" content=\"image\/webp\" \/>\n<meta name=\"twitter:card\" content=\"summary_large_image\" \/>\n<meta name=\"twitter:label1\" content=\"Tiempo de lectura\" \/>\n\t<meta name=\"twitter:data1\" content=\"6 minutos\" \/>\n<!-- \/ Yoast SEO Premium plugin. -->","yoast_head_json":{"title":"Rockland County H1B Visa Abogado y Bufete de Abogados","description":"\u00bfBusca un Abogado de Visa H1B Rockland County? Obtenga ayuda legal experta de Pollack, Pollack, Isaac &amp; DeCicco, LLP para navegar el proceso de visa de empleo.","robots":{"index":"index","follow":"follow","max-snippet":"max-snippet:-1","max-image-preview":"max-image-preview:large","max-video-preview":"max-video-preview:-1"},"canonical":"https:\/\/ppid.com\/es\/rockland-county-h1b-visa-lawyer\/","og_locale":"es_MX","og_type":"article","og_title":"Rockland County H1B Visa Lawyer","og_description":"Looking for a Rockland County H1B Visa Lawyer? Get expert legal help from Pollack, Pollack, Isaac & DeCicco, LLP to navigate the employment visa process.","og_url":"https:\/\/ppid.com\/es\/rockland-county-h1b-visa-lawyer\/","og_site_name":"Pollack, Pollack, Isaac &amp; DeCicco, LLP","article_modified_time":"2025-09-06T08:14:05+00:00","og_image":[{"width":1200,"height":600,"url":"https:\/\/ppid.com\/wp-content\/uploads\/2025\/04\/rockland-county-h1b-visa-lawyer.webp","type":"image\/webp"}],"twitter_card":"summary_large_image","twitter_misc":{"Tiempo de lectura":"6 minutos"},"schema":{"@context":"https:\/\/schema.org","@graph":[{"@type":"WebPage","@id":"https:\/\/ppid.com\/rockland-county-h1b-visa-lawyer\/","url":"https:\/\/ppid.com\/rockland-county-h1b-visa-lawyer\/","name":"Rockland County H1B Visa Abogado y Bufete de Abogados","isPartOf":{"@id":"https:\/\/ppid.com\/#website"},"primaryImageOfPage":{"@id":"https:\/\/ppid.com\/rockland-county-h1b-visa-lawyer\/#primaryimage"},"image":{"@id":"https:\/\/ppid.com\/rockland-county-h1b-visa-lawyer\/#primaryimage"},"thumbnailUrl":"https:\/\/ppid.com\/wp-content\/uploads\/2025\/04\/rockland-county-h1b-visa-lawyer.webp","datePublished":"2025-04-07T04:24:38+00:00","dateModified":"2025-09-06T08:14:05+00:00","description":"\u00bfBusca un Abogado de Visa H1B Rockland County? Obtenga ayuda legal experta de Pollack, Pollack, Isaac &amp; DeCicco, LLP para navegar el proceso de visa de empleo.","breadcrumb":{"@id":"https:\/\/ppid.com\/rockland-county-h1b-visa-lawyer\/#breadcrumb"},"inLanguage":"es","potentialAction":[{"@type":"ReadAction","target":["https:\/\/ppid.com\/rockland-county-h1b-visa-lawyer\/"]}]},{"@type":"ImageObject","inLanguage":"es","@id":"https:\/\/ppid.com\/rockland-county-h1b-visa-lawyer\/#primaryimage","url":"https:\/\/ppid.com\/wp-content\/uploads\/2025\/04\/rockland-county-h1b-visa-lawyer.webp","contentUrl":"https:\/\/ppid.com\/wp-content\/uploads\/2025\/04\/rockland-county-h1b-visa-lawyer.webp"},{"@type":"BreadcrumbList","@id":"https:\/\/ppid.com\/rockland-county-h1b-visa-lawyer\/#breadcrumb","itemListElement":[{"@type":"ListItem","position":1,"name":"Home","item":"https:\/\/ppid.com\/"},{"@type":"ListItem","position":2,"name":"Rockland County H1B Visa Lawyer"}]},{"@type":"WebSite","@id":"https:\/\/ppid.com\/#website","url":"https:\/\/ppid.com\/","name":"Pollack, Pollack, Isaac &amp; DeCicco, LLP","description":"","potentialAction":[{"@type":"SearchAction","target":{"@type":"EntryPoint","urlTemplate":"https:\/\/ppid.com\/?s={search_term_string}"},"query-input":{"@type":"PropertyValueSpecification","valueRequired":true,"valueName":"search_term_string"}}],"inLanguage":"es"}]}},"_links":{"self":[{"href":"https:\/\/ppid.com\/es\/wp-json\/wp\/v2\/pages\/2432","targetHints":{"allow":["GET"]}}],"collection":[{"href":"https:\/\/ppid.com\/es\/wp-json\/wp\/v2\/pages"}],"about":[{"href":"https:\/\/ppid.com\/es\/wp-json\/wp\/v2\/types\/page"}],"author":[{"embeddable":true,"href":"https:\/\/ppid.com\/es\/wp-json\/wp\/v2\/users\/1"}],"replies":[{"embeddable":true,"href":"https:\/\/ppid.com\/es\/wp-json\/wp\/v2\/comments?post=2432"}],"version-history":[{"count":0,"href":"https:\/\/ppid.com\/es\/wp-json\/wp\/v2\/pages\/2432\/revisions"}],"wp:attachment":[{"href":"https:\/\/ppid.com\/es\/wp-json\/wp\/v2\/media?parent=2432"}],"curies":[{"name":"wp","href":"https:\/\/api.w.org\/{rel}","templated":true}]}}