{"id":2435,"date":"2025-04-07T04:22:47","date_gmt":"2025-04-07T04:22:47","guid":{"rendered":"https:\/\/ppidllp.wpenginepowered.com\/?page_id=2435"},"modified":"2025-09-15T05:42:53","modified_gmt":"2025-09-15T05:42:53","slug":"brooklyn-student-visa-lawyer","status":"publish","type":"page","link":"https:\/\/ppid.com\/es\/brooklyn-student-visa-lawyer\/","title":{"rendered":"Brooklyn Abogado de visados de estudiante"},"content":{"rendered":"<div id=\"ez-toc-container\" class=\"ez-toc-v2_0_80 counter-hierarchy ez-toc-counter ez-toc-transparent ez-toc-container-direction\">\n<div class=\"ez-toc-title-container\">\n<p class=\"ez-toc-title ez-toc-toggle\" style=\"cursor:pointer\">\u00cdndice<\/p>\n<span class=\"ez-toc-title-toggle\"><a href=\"#\" class=\"ez-toc-pull-right ez-toc-btn ez-toc-btn-xs ez-toc-btn-default ez-toc-toggle\" aria-label=\"Toggle Table of Content\"><span class=\"ez-toc-js-icon-con\"><span class=\"\"><span class=\"eztoc-hide\" style=\"display:none;\">Toggle<\/span><span class=\"ez-toc-icon-toggle-span\"><svg style=\"fill: #999;color:#999\" xmlns=\"http:\/\/www.w3.org\/2000\/svg\" class=\"list-377408\" width=\"20px\" height=\"20px\" viewbox=\"0 0 24 24\" fill=\"none\"><path d=\"M6 6H4v2h2V6zm14 0H8v2h12V6zM4 11h2v2H4v-2zm16 0H8v2h12v-2zM4 16h2v2H4v-2zm16 0H8v2h12v-2z\" fill=\"currentColor\"><\/path><\/svg><svg style=\"fill: #999;color:#999\" class=\"arrow-unsorted-368013\" xmlns=\"http:\/\/www.w3.org\/2000\/svg\" width=\"10px\" height=\"10px\" viewbox=\"0 0 24 24\" version=\"1.2\" baseprofile=\"tiny\"><path d=\"M18.2 9.3l-6.2-6.3-6.2 6.3c-.2.2-.3.4-.3.7s.1.5.3.7c.2.2.4.3.7.3h11c.3 0 .5-.1.7-.3.2-.2.3-.5.3-.7s-.1-.5-.3-.7zM5.8 14.7l6.2 6.3 6.2-6.3c.2-.2.3-.5.3-.7s-.1-.5-.3-.7c-.2-.2-.4-.3-.7-.3h-11c-.3 0-.5.1-.7.3-.2.2-.3.5-.3.7s.1.5.3.7z\"\/><\/svg><\/span><\/span><\/span><\/a><\/span><\/div>\n<nav><ul class='ez-toc-list ez-toc-list-level-1 eztoc-toggle-hide-by-default' ><li class='ez-toc-page-1 ez-toc-heading-level-2'><a class=\"ez-toc-link ez-toc-heading-1\" href=\"https:\/\/ppid.com\/es\/brooklyn-student-visa-lawyer\/#brooklyn-student-visa-attorney\" >Brooklyn Abogado de visados de estudiante<\/a><\/li><li class='ez-toc-page-1 ez-toc-heading-level-2'><a class=\"ez-toc-link ez-toc-heading-2\" href=\"https:\/\/ppid.com\/es\/brooklyn-student-visa-lawyer\/#understanding-us-student-visas\" >Visados de estudiante en EE.UU.<\/a><\/li><li class='ez-toc-page-1 ez-toc-heading-level-2'><a class=\"ez-toc-link ez-toc-heading-3\" href=\"https:\/\/ppid.com\/es\/brooklyn-student-visa-lawyer\/#eligibility-for-us-student-visas\" >Requisitos para obtener visados de estudiante en EE.UU.<\/a><\/li><li class='ez-toc-page-1 ez-toc-heading-level-2'><a class=\"ez-toc-link ez-toc-heading-4\" href=\"https:\/\/ppid.com\/es\/brooklyn-student-visa-lawyer\/#the-student-visa-application-process\" >El proceso de solicitud del visado de estudiante<\/a><\/li><li class='ez-toc-page-1 ez-toc-heading-level-2'><a class=\"ez-toc-link ez-toc-heading-5\" href=\"https:\/\/ppid.com\/es\/brooklyn-student-visa-lawyer\/#common-challenges-in-the-student-visa-process\" >Dificultades comunes en el proceso de visado de estudiante<\/a><\/li><li class='ez-toc-page-1 ez-toc-heading-level-2'><a class=\"ez-toc-link ez-toc-heading-6\" href=\"https:\/\/ppid.com\/es\/brooklyn-student-visa-lawyer\/#faqs\" >Preguntas frecuentes<\/a><ul class='ez-toc-list-level-3' ><li class='ez-toc-heading-level-3'><a class=\"ez-toc-link ez-toc-heading-7\" href=\"https:\/\/ppid.com\/es\/brooklyn-student-visa-lawyer\/#who-is-eligible-to-apply-for-an-h-1b-visa-in-brooklyn\" >\u00bfQui\u00e9n puede solicitar un visado H-1B en Brooklyn?<\/a><\/li><li class='ez-toc-page-1 ez-toc-heading-level-3'><a class=\"ez-toc-link ez-toc-heading-8\" href=\"https:\/\/ppid.com\/es\/brooklyn-student-visa-lawyer\/#what-are-the-key-requirements-for-obtaining-an-h-1b-visa-in-brooklyn\" >\u00bfCu\u00e1les son los requisitos clave para obtener un visado H-1B en Brooklyn?<\/a><\/li><li class='ez-toc-page-1 ez-toc-heading-level-3'><a class=\"ez-toc-link ez-toc-heading-9\" href=\"https:\/\/ppid.com\/es\/brooklyn-student-visa-lawyer\/#can-someone-apply-for-permanent-residency-as-an-h-1b-visa-holder-in-brooklyn\" >\u00bfPuede alguien solicitar la residencia permanente como titular de un visado H-1B en el Brooklyn?<\/a><\/li><li class='ez-toc-page-1 ez-toc-heading-level-3'><a class=\"ez-toc-link ez-toc-heading-10\" href=\"https:\/\/ppid.com\/es\/brooklyn-student-visa-lawyer\/#how-long-can-an-h-1b-visa-holder-remain-in-the-united-states\" >\u00bfCu\u00e1nto tiempo puede permanecer en Estados Unidos un titular de un visado H-1B?<\/a><\/li><li class='ez-toc-page-1 ez-toc-heading-level-3'><a class=\"ez-toc-link ez-toc-heading-11\" href=\"https:\/\/ppid.com\/es\/brooklyn-student-visa-lawyer\/#what-happens-if-an-h-1b-visa-extension-is-denied\" >\u00bfQu\u00e9 ocurre si se deniega una pr\u00f3rroga del visado H-1B?<\/a><\/li><\/ul><\/li><li class='ez-toc-page-1 ez-toc-heading-level-2'><a class=\"ez-toc-link ez-toc-heading-12\" href=\"https:\/\/ppid.com\/es\/brooklyn-student-visa-lawyer\/#contact-pollack-pollack-isaac-decicco-%e2%80%93-dedicated-student-visa-law-firm\" >P\u00f3ngase en contacto con Pollack, Pollack, Isaac &amp; DeCicco - Dedicado Visa de Estudiante Firma de Abogados<\/a><\/li><\/ul><\/nav><\/div>\n<h2><span class=\"ez-toc-section\" id=\"brooklyn-student-visa-attorney\"><\/span>Brooklyn Abogado de visados de estudiante<span class=\"ez-toc-section-end\"><\/span><\/h2>\n<p>Continuar su educaci\u00f3n en Estados Unidos puede ser una experiencia apasionante. Para ello, los estudiantes de otros pa\u00edses deben obtener un visado de estudiante. Este proceso puede ser complejo, sobre todo para quienes no est\u00e1n familiarizados con <a href=\"https:\/\/ppid.com\/es\/brooklyn-immigration-lawyer\/\">leyes de inmigraci\u00f3n<\/a>. A <strong>Brooklyn abogado visado de estudiante<\/strong>\u00a0 en <a href=\"https:\/\/ppid.com\/es\/firm\/\">Pollack, Pollack, Isaac &amp; DeCicco, LLP<\/a> puede ayudar a los estudiantes a navegar por este proceso legal para alcanzar sus objetivos acad\u00e9micos.<\/p>\n<p><img loading=\"lazy\" decoding=\"async\" class=\"aligncenter wp-image-2443 size-full\" title=\"Abogado especializado en visados de estudiante Brooklyn\" src=\"https:\/\/ppid.com\/wp-content\/uploads\/2025\/04\/brooklyn-student-visa-lawyer.webp\" alt=\"Skilled Brooklyn Student Visa Lawyer\" width=\"1200\" height=\"600\" srcset=\"https:\/\/ppid.com\/wp-content\/uploads\/2025\/04\/brooklyn-student-visa-lawyer.webp 1200w, https:\/\/ppid.com\/wp-content\/uploads\/2025\/04\/brooklyn-student-visa-lawyer-300x150.webp 300w, https:\/\/ppid.com\/wp-content\/uploads\/2025\/04\/brooklyn-student-visa-lawyer-1024x512.webp 1024w, https:\/\/ppid.com\/wp-content\/uploads\/2025\/04\/brooklyn-student-visa-lawyer-768x384.webp 768w, https:\/\/ppid.com\/wp-content\/uploads\/2025\/04\/brooklyn-student-visa-lawyer-18x9.webp 18w\" sizes=\"auto, (max-width: 1200px) 100vw, 1200px\" \/><\/p>\n<h2><span class=\"ez-toc-section\" id=\"understanding-us-student-visas\"><\/span>Visados de estudiante en EE.UU.<span class=\"ez-toc-section-end\"><\/span><\/h2>\n<p>Un visado de estudiante estadounidense es un documento legal que permite a una persona estudiar en Estados Unidos. Es un documento temporal, pero necesario durante el tiempo que se estudia en el pa\u00eds. <strong>Hay tres tipos diferentes de visados de estudiante disponibles en EE.UU.<\/strong><\/p>\n<ul>\n<li><strong>Visado F-1.<\/strong> Este visado es para estudiantes acad\u00e9micos. Cubre a las personas que cursan estudios acad\u00e9micos en una instituci\u00f3n acreditada, como un colegio o una universidad.<\/li>\n<li><strong>Visado M-1.<\/strong> Este visado es para estudiantes de formaci\u00f3n profesional. Cubre a los estudiantes matriculados en profesiones o programas no acad\u00e9micos. Por ejemplo, escuelas de cocina, aviaci\u00f3n, moda o cosmetolog\u00eda.<\/li>\n<li><strong>Visado J-1.<\/strong> Este visado es para visitantes de intercambio. Cubre a quienes participan en programas de intercambio aprobados. Algunos ejemplos son los programas au pair, los profesores, los programas de trabajo de verano, los monitores de campamentos y la formaci\u00f3n m\u00e9dica.<\/li>\n<\/ul>\n<h2><span class=\"ez-toc-section\" id=\"eligibility-for-us-student-visas\"><\/span>Requisitos para obtener visados de estudiante en EE.UU.<span class=\"ez-toc-section-end\"><\/span><\/h2>\n<p>Para solicitar un visado de estudiante estadounidense, las personas deben cumplir ciertos requisitos. <strong>Entre ellas figuran:<\/strong><\/p>\n<ul>\n<li><strong>Estar matriculado en una instituci\u00f3n autorizada.<\/strong> Los estudiantes deben estar matriculados en una escuela que tenga un Programa de Estudiantes y Visitantes de Intercambio (SEVP).<\/li>\n<li><strong>Capacidad para hablar ingl\u00e9s.<\/strong> Los estudiantes deben dominar el ingl\u00e9s. Si no lo son, deben matricularse en clases que les ayuden a dominarlo.<\/li>\n<li><strong>Prueba de que dispone de fondos suficientes.<\/strong> Los estudiantes deben ser econ\u00f3micamente estables para poder sufragar los gastos de matr\u00edcula y manutenci\u00f3n durante el tiempo que permanezcan en el pa\u00eds.<\/li>\n<li><strong>Intenci\u00f3n de volver a casa.<\/strong> Los estudiantes deben demostrar que tienen intenci\u00f3n de regresar a su pa\u00eds de origen al finalizar sus estudios.<\/li>\n<\/ul>\n<h2><span class=\"ez-toc-section\" id=\"the-student-visa-application-process\"><\/span>El proceso de solicitud del visado de estudiante<span class=\"ez-toc-section-end\"><\/span><\/h2>\n<p>Obtenci\u00f3n de un visado de estudiante estadounidense en <a href=\"https:\/\/en.wikipedia.org\/wiki\/Brooklyn\" target=\"_blank\" rel=\"noopener\">Brooklyn<\/a> requiere la realizaci\u00f3n de algunos pasos importantes. En primer lugar, el estudiante debe ser aceptado en el Programa de Estudiantes y Visitantes de Intercambio. La instituci\u00f3n en la que est\u00e9 matriculado el estudiante <a href=\"https:\/\/studyinthestates.dhs.gov\/students\/prepare\/students-and-the-form-i-20\" target=\"_blank\" rel=\"noopener\">expedir un formulario I-20 para los visados F-1 y M-1<\/a>. Para los titulares de un visado J-1, se expedir\u00e1 un formulario DS-2019.<\/p>\n<p>Una vez que el estudiante recibe este documento, paga la tasa del Sistema de Informaci\u00f3n de Estudiantes y Visitantes de Intercambio (SEVIS). Esto asegura que su informaci\u00f3n est\u00e9 en la base de datos del gobierno.<\/p>\n<p>A continuaci\u00f3n, el estudiante debe cumplimentar en l\u00ednea una solicitud de visado de no inmigrante, en la que se facilitan sus datos de viaje y su informaci\u00f3n personal. Se trata del formulario DS-160. Tras enviar el formulario, el estudiante debe acudir a una entrevista en el consulado estadounidense de su localidad. En la entrevista, el solicitante aportar\u00e1 documentaci\u00f3n justificativa, incluidos justificantes de fondos y expedientes acad\u00e9micos.<\/p>\n<p>El solicitante tambi\u00e9n debe aportar pruebas de su intenci\u00f3n de regresar a su pa\u00eds de origen una vez finalizado el programa. Esto incluye propiedades, bienes, propiedad de tierras, ofertas de trabajo, extractos bancarios o negocios en su pa\u00eds de origen. Tambi\u00e9n pueden demostrar lazos sociales y personales, como declaraciones de familiares, participaci\u00f3n en organizaciones locales o pruebas de familiares cercanos que residan en su pa\u00eds de origen.<\/p>\n<h2><span class=\"ez-toc-section\" id=\"common-challenges-in-the-student-visa-process\"><\/span>Dificultades comunes en el proceso de visado de estudiante<span class=\"ez-toc-section-end\"><\/span><\/h2>\n<p>El proceso de obtenci\u00f3n del visado de estudiante puede resultar complicado en ocasiones.<strong> Hay ciertas barreras y desaf\u00edos que son comunes para aquellos que buscan una visa de estudiante en los EE.UU., incluyendo:<\/strong><\/p>\n<ul>\n<li><strong>Demostrar que disponen de fondos suficientes para cubrir todos los gastos.<\/strong> Los solicitantes deben demostrar que cuentan con apoyo financiero. Pagar tanto los estudios como la manutenci\u00f3n puede ser costoso, y demostrar que disponen de medios para ello puede resultar a veces complicado.<\/li>\n<li><strong>Demostrando su intenci\u00f3n de volver a casa.<\/strong> Esto puede ser m\u00e1s f\u00e1cil de demostrar para las personas m\u00e1s establecidas que tienen lazos tangibles con su pa\u00eds de origen, como negocios, propiedades y cuentas bancarias. Sin embargo, quienes no tengan lazos probados con su pa\u00eds pueden tener dificultades para demostrar su intenci\u00f3n de regresar.<\/li>\n<li><strong>Documentaci\u00f3n adecuada.<\/strong> Existen m\u00faltiples visados que se consideran visados de estudiante. A algunos solicitantes puede resultarles dif\u00edcil y abrumador entender qu\u00e9 visado deben solicitar.<\/li>\n<\/ul>\n<h2><span class=\"ez-toc-section\" id=\"faqs\"><\/span>Preguntas frecuentes<span class=\"ez-toc-section-end\"><\/span><\/h2>\n<div class=\"accsec-ritcnt accordion\">\n<div class=\"accordion-section\">\n<h3><span class=\"ez-toc-section\" id=\"who-is-eligible-to-apply-for-an-h-1b-visa-in-brooklyn\"><\/span><a class=\"accordion-section-title active\" href=\"#accordion-1\">\u00bfQui\u00e9n puede solicitar un visado H-1B en Brooklyn?<\/a><span class=\"ez-toc-section-end\"><\/span><\/h3>\n<div id=\"accordion-1\" class=\"accordion-section-content open\" style=\"display: block;\">\n<p>El visado H-1B est\u00e1 disponible para trabajadores extranjeros en campos especiales que tengan al menos una licenciatura o experiencia equivalente. Los empleadores deben patrocinar a los solicitantes y demostrar que el puesto requiere conocimientos especiales. El visado est\u00e1 sujeto a un l\u00edmite m\u00e1ximo anual, salvo para las peticiones presentadas por empresas exentas de dicho l\u00edmite, como universidades e instituciones de investigaci\u00f3n sin \u00e1nimo de lucro.<\/p>\n<\/div>\n<\/div>\n<div class=\"accordion-section\">\n<h3><span class=\"ez-toc-section\" id=\"what-are-the-key-requirements-for-obtaining-an-h-1b-visa-in-brooklyn\"><\/span><a class=\"accordion-section-title\" href=\"#accordion-2\">\u00bfCu\u00e1les son los requisitos clave para obtener un visado H-1B en Brooklyn?<\/a><span class=\"ez-toc-section-end\"><\/span><\/h3>\n<div id=\"accordion-2\" class=\"accordion-section-content\" style=\"display: none;\">\n<p>Los solicitantes deben tener una oferta de trabajo de un empleador estadounidense en una ocupaci\u00f3n especializada y poseer las cualificaciones acad\u00e9micas o profesionales necesarias para obtener un visado H-1B. El empleador debe presentar una Solicitud de Condici\u00f3n Laboral (LCA) ante el Departamento de Trabajo y presentar una petici\u00f3n al USCIS. Si se aprueba, los solicitantes de fuera de EE.UU. deben solicitar el visado en un consulado antes de entrar en el pa\u00eds.<\/p>\n<\/div>\n<\/div>\n<div class=\"accordion-section\">\n<h3><span class=\"ez-toc-section\" id=\"can-someone-apply-for-permanent-residency-as-an-h-1b-visa-holder-in-brooklyn\"><\/span><a class=\"accordion-section-title\" href=\"#accordion-3\">\u00bfPuede alguien solicitar la residencia permanente como titular de un visado H-1B en el Brooklyn?<\/a><span class=\"ez-toc-section-end\"><\/span><\/h3>\n<div id=\"accordion-3\" class=\"accordion-section-content\" style=\"display: none;\">\n<p>S\u00ed, los titulares de visados H-1B en Brooklyn pueden solicitar la residencia permanente a trav\u00e9s de un proceso de tarjeta verde patrocinado por el empleador. Esto implica normalmente la certificaci\u00f3n laboral, la presentaci\u00f3n de una petici\u00f3n de inmigrante y la realizaci\u00f3n de tr\u00e1mites adicionales para demostrar la elegibilidad. Aunque la posesi\u00f3n de un visado H-1B no garantiza la aprobaci\u00f3n de la residencia permanente, muchos titulares de visados pasan a la situaci\u00f3n de tarjeta verde mientras siguen trabajando para la empresa que los patrocina.<\/p>\n<\/div>\n<\/div>\n<div class=\"accordion-section\">\n<h3><span class=\"ez-toc-section\" id=\"how-long-can-an-h-1b-visa-holder-remain-in-the-united-states\"><\/span><a class=\"accordion-section-title\" href=\"#accordion-4\">\u00bfCu\u00e1nto tiempo puede permanecer en Estados Unidos un titular de un visado H-1B?<\/a><span class=\"ez-toc-section-end\"><\/span><\/h3>\n<div id=\"accordion-4\" class=\"accordion-section-content\" style=\"display: none;\">\n<p>Normalmente, un titular de un visado H-1B puede permanecer en EE.UU. durante <a href=\"https:\/\/www.uscis.gov\/working-in-the-united-states\/h-1b-specialty-occupations#:~:text=As%2520an%2520H%252D1B%2520specialty,a%2520total%2520of%25206%2520years.\">hasta tres a\u00f1os<\/a>con posibilidad de pr\u00f3rroga de hasta seis a\u00f1os. Algunas personas en proceso de obtener la residencia permanente basada en el empleo pueden optar a pr\u00f3rrogas adicionales. Si el titular del visado cambia de empleador, debe presentar una nueva petici\u00f3n, pero puede empezar a trabajar para el nuevo empleador en el momento de la presentaci\u00f3n.<\/p>\n<\/div>\n<\/div>\n<div class=\"accordion-section\">\n<h3><span class=\"ez-toc-section\" id=\"what-happens-if-an-h-1b-visa-extension-is-denied\"><\/span><a class=\"accordion-section-title\" href=\"#accordion-5\">\u00bfQu\u00e9 ocurre si se deniega una pr\u00f3rroga del visado H-1B?<\/a><span class=\"ez-toc-section-end\"><\/span><\/h3>\n<div id=\"accordion-5\" class=\"accordion-section-content\" style=\"display: none;\">\n<p>Si se deniega una pr\u00f3rroga H-1B, el titular del visado debe dejar de trabajar y abandonar los EE.UU. a menos que tenga otro estatus legal o una solicitud pendiente para un visado diferente. Los empleadores pueden presentar una moci\u00f3n para reabrir o reconsiderar la denegaci\u00f3n, dependiendo de las circunstancias. En algunos casos, puede ser una opci\u00f3n volver a presentar una nueva petici\u00f3n con pruebas adicionales.<\/p>\n<\/div>\n<\/div>\n<\/div>\n<h2><span class=\"ez-toc-section\" id=\"contact-pollack-pollack-isaac-decicco-%e2%80%93-dedicated-student-visa-law-firm\"><\/span>P\u00f3ngase en contacto con Pollack, Pollack, Isaac &amp; DeCicco - Dedicado Visa de Estudiante Firma de Abogados<span class=\"ez-toc-section-end\"><\/span><\/h2>\n<p>Solicitar un visado de estudiante no tiene por qu\u00e9 ser un proceso dif\u00edcil. El experimentado equipo legal de Pollack, Pollack, Isaac &amp; DeCicco puede ayudarle en el proceso legal para continuar su educaci\u00f3n en los Estados Unidos.<\/p>\n<p><a href=\"https:\/\/ppid.com\/es\/contact\/\">P\u00f3ngase en contacto con nosotros<\/a> para empezar. Podemos empezar con una consulta en l\u00ednea o cara a cara para responder a todas sus preguntas sobre el visado de estudiante. Nuestros abogados expertos en inmigraci\u00f3n pueden discutir sus opciones con usted en muchos idiomas diferentes, por lo que nunca tendr\u00e1 que preocuparse por una barrera ling\u00fc\u00edstica en nuestras comunicaciones.<\/p>\n<p><iframe loading=\"lazy\" style=\"border: 0;\" src=\"https:\/\/www.google.com\/maps\/embed?pb=!1m18!1m12!1m3!1d96873.72404095989!2d-73.94483555000001!3d40.64523145!2m3!1f0!2f0!3f0!3m2!1i1024!2i768!4f13.1!3m3!1m2!1s0x89c24416947c2109%3A0x82765c7404007886!2sBrooklyn%2C%20NY%2C%20USA!5e0!3m2!1sen!2sin!4v1750695595020!5m2!1sen!2sin\" width=\"100%\" height=\"300\" allowfullscreen=\"allowfullscreen\"><\/iframe><\/p>","protected":false},"excerpt":{"rendered":"<p>Brooklyn Student Visa Attorney Furthering your education in the United States can be an exciting experience. In order to do so, students from other countries must secure a student visa. This process can be complex, especially for those unfamiliar with immigration laws. A Brooklyn student visa lawyer\u00a0 at Pollack, Pollack, Isaac &amp; DeCicco, LLP can &hellip; <\/p>\n<p class=\"link-more\"><a href=\"https:\/\/ppid.com\/es\/brooklyn-student-visa-lawyer\/\" class=\"more-link\">Seguir leyendo<span class=\"screen-reader-text\"> &#8220;Brooklyn Student Visa Lawyer&#8221;<\/span><\/a><\/p>","protected":false},"author":1,"featured_media":0,"parent":0,"menu_order":0,"comment_status":"closed","ping_status":"closed","template":"","meta":{"_acf_changed":false,"footnotes":""},"class_list":["post-2435","page","type-page","status-publish","hentry","entry"],"acf":[],"yoast_head":"<!-- This site is optimized with the Yoast SEO Premium plugin v26.8 (Yoast SEO v26.8) - https:\/\/yoast.com\/product\/yoast-seo-premium-wordpress\/ -->\n<title>Brooklyn Student Visa Lawyer &amp; Law Firm<\/title>\n<meta name=\"description\" content=\"Need a Brooklyn Student Visa Lawyer? Pollack, Pollack, Isaac &amp; DeCicco, LLP assists students with F-1 and J-1 visa applications and compliance guidance.\" \/>\n<meta name=\"robots\" content=\"index, follow, max-snippet:-1, max-image-preview:large, max-video-preview:-1\" \/>\n<link rel=\"canonical\" href=\"https:\/\/ppid.com\/es\/brooklyn-student-visa-lawyer\/\" \/>\n<meta property=\"og:locale\" content=\"es_MX\" \/>\n<meta property=\"og:type\" content=\"article\" \/>\n<meta property=\"og:title\" content=\"Brooklyn Student Visa Lawyer\" \/>\n<meta property=\"og:description\" content=\"Need a Brooklyn Student Visa Lawyer? Pollack, Pollack, Isaac &amp; DeCicco, LLP assists students with F-1 and J-1 visa applications and compliance guidance.\" \/>\n<meta property=\"og:url\" content=\"https:\/\/ppid.com\/es\/brooklyn-student-visa-lawyer\/\" \/>\n<meta property=\"og:site_name\" content=\"Pollack, Pollack, Isaac &amp; DeCicco, LLP\" \/>\n<meta property=\"article:modified_time\" content=\"2025-09-15T05:42:53+00:00\" \/>\n<meta property=\"og:image\" content=\"https:\/\/ppid.com\/wp-content\/uploads\/2025\/04\/brooklyn-student-visa-lawyer.webp\" \/>\n\t<meta property=\"og:image:width\" content=\"1200\" \/>\n\t<meta property=\"og:image:height\" content=\"600\" \/>\n\t<meta property=\"og:image:type\" content=\"image\/webp\" \/>\n<meta name=\"twitter:card\" content=\"summary_large_image\" \/>\n<meta name=\"twitter:label1\" content=\"Tiempo de lectura\" \/>\n\t<meta name=\"twitter:data1\" content=\"6 minutos\" \/>\n<!-- \/ Yoast SEO Premium plugin. -->","yoast_head_json":{"title":"Brooklyn Visa de Estudiante Abogado y Bufete de Abogados","description":"\u00bfNecesita un Abogado de Visa de Estudiante Brooklyn? Pollack, Pollack, Isaac &amp; DeCicco, LLP ayuda a los estudiantes con las solicitudes de visas F-1 y J-1 y orientaci\u00f3n sobre el cumplimiento.","robots":{"index":"index","follow":"follow","max-snippet":"max-snippet:-1","max-image-preview":"max-image-preview:large","max-video-preview":"max-video-preview:-1"},"canonical":"https:\/\/ppid.com\/es\/brooklyn-student-visa-lawyer\/","og_locale":"es_MX","og_type":"article","og_title":"Brooklyn Student Visa Lawyer","og_description":"Need a Brooklyn Student Visa Lawyer? Pollack, Pollack, Isaac & DeCicco, LLP assists students with F-1 and J-1 visa applications and compliance guidance.","og_url":"https:\/\/ppid.com\/es\/brooklyn-student-visa-lawyer\/","og_site_name":"Pollack, Pollack, Isaac &amp; DeCicco, LLP","article_modified_time":"2025-09-15T05:42:53+00:00","og_image":[{"width":1200,"height":600,"url":"https:\/\/ppid.com\/wp-content\/uploads\/2025\/04\/brooklyn-student-visa-lawyer.webp","type":"image\/webp"}],"twitter_card":"summary_large_image","twitter_misc":{"Tiempo de lectura":"6 minutos"},"schema":{"@context":"https:\/\/schema.org","@graph":[{"@type":"WebPage","@id":"https:\/\/ppid.com\/brooklyn-student-visa-lawyer\/","url":"https:\/\/ppid.com\/brooklyn-student-visa-lawyer\/","name":"Brooklyn Visa de Estudiante Abogado y Bufete de Abogados","isPartOf":{"@id":"https:\/\/ppid.com\/#website"},"primaryImageOfPage":{"@id":"https:\/\/ppid.com\/brooklyn-student-visa-lawyer\/#primaryimage"},"image":{"@id":"https:\/\/ppid.com\/brooklyn-student-visa-lawyer\/#primaryimage"},"thumbnailUrl":"https:\/\/ppid.com\/wp-content\/uploads\/2025\/04\/brooklyn-student-visa-lawyer.webp","datePublished":"2025-04-07T04:22:47+00:00","dateModified":"2025-09-15T05:42:53+00:00","description":"\u00bfNecesita un Abogado de Visa de Estudiante Brooklyn? Pollack, Pollack, Isaac &amp; DeCicco, LLP ayuda a los estudiantes con las solicitudes de visas F-1 y J-1 y orientaci\u00f3n sobre el cumplimiento.","breadcrumb":{"@id":"https:\/\/ppid.com\/brooklyn-student-visa-lawyer\/#breadcrumb"},"inLanguage":"es","potentialAction":[{"@type":"ReadAction","target":["https:\/\/ppid.com\/brooklyn-student-visa-lawyer\/"]}]},{"@type":"ImageObject","inLanguage":"es","@id":"https:\/\/ppid.com\/brooklyn-student-visa-lawyer\/#primaryimage","url":"https:\/\/ppid.com\/wp-content\/uploads\/2025\/04\/brooklyn-student-visa-lawyer.webp","contentUrl":"https:\/\/ppid.com\/wp-content\/uploads\/2025\/04\/brooklyn-student-visa-lawyer.webp"},{"@type":"BreadcrumbList","@id":"https:\/\/ppid.com\/brooklyn-student-visa-lawyer\/#breadcrumb","itemListElement":[{"@type":"ListItem","position":1,"name":"Home","item":"https:\/\/ppid.com\/"},{"@type":"ListItem","position":2,"name":"Brooklyn Student Visa Lawyer"}]},{"@type":"WebSite","@id":"https:\/\/ppid.com\/#website","url":"https:\/\/ppid.com\/","name":"Pollack, Pollack, Isaac &amp; DeCicco, LLP","description":"","potentialAction":[{"@type":"SearchAction","target":{"@type":"EntryPoint","urlTemplate":"https:\/\/ppid.com\/?s={search_term_string}"},"query-input":{"@type":"PropertyValueSpecification","valueRequired":true,"valueName":"search_term_string"}}],"inLanguage":"es"}]}},"_links":{"self":[{"href":"https:\/\/ppid.com\/es\/wp-json\/wp\/v2\/pages\/2435","targetHints":{"allow":["GET"]}}],"collection":[{"href":"https:\/\/ppid.com\/es\/wp-json\/wp\/v2\/pages"}],"about":[{"href":"https:\/\/ppid.com\/es\/wp-json\/wp\/v2\/types\/page"}],"author":[{"embeddable":true,"href":"https:\/\/ppid.com\/es\/wp-json\/wp\/v2\/users\/1"}],"replies":[{"embeddable":true,"href":"https:\/\/ppid.com\/es\/wp-json\/wp\/v2\/comments?post=2435"}],"version-history":[{"count":0,"href":"https:\/\/ppid.com\/es\/wp-json\/wp\/v2\/pages\/2435\/revisions"}],"wp:attachment":[{"href":"https:\/\/ppid.com\/es\/wp-json\/wp\/v2\/media?parent=2435"}],"curies":[{"name":"wp","href":"https:\/\/api.w.org\/{rel}","templated":true}]}}