{"id":2439,"date":"2025-04-07T04:21:57","date_gmt":"2025-04-07T04:21:57","guid":{"rendered":"https:\/\/ppidllp.wpenginepowered.com\/?page_id=2439"},"modified":"2025-09-15T06:17:02","modified_gmt":"2025-09-15T06:17:02","slug":"queens-student-visa-lawyer","status":"publish","type":"page","link":"https:\/\/ppid.com\/es\/queens-student-visa-lawyer\/","title":{"rendered":"Queens Abogado para visados de estudiante"},"content":{"rendered":"<div id=\"ez-toc-container\" class=\"ez-toc-v2_0_80 counter-hierarchy ez-toc-counter ez-toc-transparent ez-toc-container-direction\">\n<div class=\"ez-toc-title-container\">\n<p class=\"ez-toc-title ez-toc-toggle\" style=\"cursor:pointer\">\u00cdndice<\/p>\n<span class=\"ez-toc-title-toggle\"><a href=\"#\" class=\"ez-toc-pull-right ez-toc-btn ez-toc-btn-xs ez-toc-btn-default ez-toc-toggle\" aria-label=\"Toggle Table of Content\"><span class=\"ez-toc-js-icon-con\"><span class=\"\"><span class=\"eztoc-hide\" style=\"display:none;\">Toggle<\/span><span class=\"ez-toc-icon-toggle-span\"><svg style=\"fill: #999;color:#999\" xmlns=\"http:\/\/www.w3.org\/2000\/svg\" class=\"list-377408\" width=\"20px\" height=\"20px\" viewbox=\"0 0 24 24\" fill=\"none\"><path d=\"M6 6H4v2h2V6zm14 0H8v2h12V6zM4 11h2v2H4v-2zm16 0H8v2h12v-2zM4 16h2v2H4v-2zm16 0H8v2h12v-2z\" fill=\"currentColor\"><\/path><\/svg><svg style=\"fill: #999;color:#999\" class=\"arrow-unsorted-368013\" xmlns=\"http:\/\/www.w3.org\/2000\/svg\" width=\"10px\" height=\"10px\" viewbox=\"0 0 24 24\" version=\"1.2\" baseprofile=\"tiny\"><path d=\"M18.2 9.3l-6.2-6.3-6.2 6.3c-.2.2-.3.4-.3.7s.1.5.3.7c.2.2.4.3.7.3h11c.3 0 .5-.1.7-.3.2-.2.3-.5.3-.7s-.1-.5-.3-.7zM5.8 14.7l6.2 6.3 6.2-6.3c.2-.2.3-.5.3-.7s-.1-.5-.3-.7c-.2-.2-.4-.3-.7-.3h-11c-.3 0-.5.1-.7.3-.2.2-.3.5-.3.7s.1.5.3.7z\"\/><\/svg><\/span><\/span><\/span><\/a><\/span><\/div>\n<nav><ul class='ez-toc-list ez-toc-list-level-1 eztoc-toggle-hide-by-default' ><li class='ez-toc-page-1 ez-toc-heading-level-2'><a class=\"ez-toc-link ez-toc-heading-1\" href=\"https:\/\/ppid.com\/es\/queens-student-visa-lawyer\/#queens-student-visa-attorney\" >Queens Abogado de visados de estudiante<\/a><\/li><li class='ez-toc-page-1 ez-toc-heading-level-2'><a class=\"ez-toc-link ez-toc-heading-2\" href=\"https:\/\/ppid.com\/es\/queens-student-visa-lawyer\/#what-is-a-student-visa\" >\u00bfQu\u00e9 es un visado de estudiante?<\/a><\/li><li class='ez-toc-page-1 ez-toc-heading-level-2'><a class=\"ez-toc-link ez-toc-heading-3\" href=\"https:\/\/ppid.com\/es\/queens-student-visa-lawyer\/#student-visa-eligibility-requirements\" >Requisitos para obtener un visado de estudiante<\/a><\/li><li class='ez-toc-page-1 ez-toc-heading-level-2'><a class=\"ez-toc-link ez-toc-heading-4\" href=\"https:\/\/ppid.com\/es\/queens-student-visa-lawyer\/#benefits-of-a-us-student-visa\" >Ventajas del visado de estudiante para EE.UU.<\/a><\/li><li class='ez-toc-page-1 ez-toc-heading-level-2'><a class=\"ez-toc-link ez-toc-heading-5\" href=\"https:\/\/ppid.com\/es\/queens-student-visa-lawyer\/#the-student-visa-application-process\" >El proceso de solicitud del visado de estudiante<\/a><\/li><li class='ez-toc-page-1 ez-toc-heading-level-2'><a class=\"ez-toc-link ez-toc-heading-6\" href=\"https:\/\/ppid.com\/es\/queens-student-visa-lawyer\/#faqs\" >Preguntas frecuentes<\/a><ul class='ez-toc-list-level-3' ><li class='ez-toc-heading-level-3'><a class=\"ez-toc-link ez-toc-heading-7\" href=\"https:\/\/ppid.com\/es\/queens-student-visa-lawyer\/#how-can-an-immigration-lawyer-help-me-with-a-student-visa-in-the-usa\" >\u00bfC\u00f3mo puede ayudarme un abogado de inmigraci\u00f3n con un visado de estudiante en EE.UU.?<\/a><\/li><li class='ez-toc-page-1 ez-toc-heading-level-3'><a class=\"ez-toc-link ez-toc-heading-8\" href=\"https:\/\/ppid.com\/es\/queens-student-visa-lawyer\/#what-is-the-fastest-way-for-a-nonimmigrant-to-get-a-student-visa\" >\u00bfCu\u00e1l es la forma m\u00e1s r\u00e1pida para que un no inmigrante obtenga un visado de estudiante?<\/a><\/li><li class='ez-toc-page-1 ez-toc-heading-level-3'><a class=\"ez-toc-link ez-toc-heading-9\" href=\"https:\/\/ppid.com\/es\/queens-student-visa-lawyer\/#can-a-lawyer-speed-up-my-student-visa-case\" >\u00bfPuede un abogado acelerar mi caso de visado de estudiante?<\/a><\/li><\/ul><\/li><li class='ez-toc-page-1 ez-toc-heading-level-2'><a class=\"ez-toc-link ez-toc-heading-10\" href=\"https:\/\/ppid.com\/es\/queens-student-visa-lawyer\/#seek-help-with-a-student-visa-%e2%80%93-contact-pollack-pollack-isaac-decicco-today\" >Busque ayuda con un visado de estudiante - P\u00f3ngase en contacto con Pollack, Pollack, Isaac &amp; DeCicco hoy mismo<\/a><\/li><\/ul><\/nav><\/div>\n<h2><span class=\"ez-toc-section\" id=\"queens-student-visa-attorney\"><\/span>Queens Abogado de visados de estudiante<span class=\"ez-toc-section-end\"><\/span><\/h2>\n<p>Estudiar en otro pa\u00eds puede ser una experiencia apasionante para muchos estudiantes. En Estados Unidos, esto requiere que la persona disponga de un visado de estudiante para estudiar en el pa\u00eds. Este proceso puede ser complejo, pero puede aliviarse con la ayuda de un <strong>Queens abogado para visados de estudiante<\/strong>.<\/p>\n<p>Continuar su educaci\u00f3n en Estados Unidos puede ser una experiencia apasionante. Para ello, los estudiantes de otros pa\u00edses deben obtener un visado de estudiante. Este proceso puede ser complejo, sobre todo para quienes no est\u00e1n familiarizados con <a href=\"https:\/\/ppid.com\/es\/queens-immigration-lawyer\/\">leyes de inmigraci\u00f3n<\/a>. Un abogado especializado en visados de estudiante Queens en <a href=\"https:\/\/ppid.com\/es\/firm\/\">Pollack, Pollack, Isaac &amp; DeCicco, LLP<\/a> puede ayudar a los estudiantes a navegar por este proceso legal para alcanzar sus objetivos acad\u00e9micos. Un abogado puede ayudar a un estudiante internacional a entender los distintos tipos de visado, los requisitos de elegibilidad y los pasos necesarios para solicitar uno.<\/p>\n<p><img loading=\"lazy\" decoding=\"async\" class=\"aligncenter wp-image-2444 size-full\" title=\"Abogado de confianza para el visado de estudiante Queens\" src=\"https:\/\/ppid.com\/wp-content\/uploads\/2025\/04\/queens-student-visa-lawyer.webp\" alt=\"Trusted Queens Student Visa Lawyer\" width=\"1200\" height=\"600\" srcset=\"https:\/\/ppid.com\/wp-content\/uploads\/2025\/04\/queens-student-visa-lawyer.webp 1200w, https:\/\/ppid.com\/wp-content\/uploads\/2025\/04\/queens-student-visa-lawyer-300x150.webp 300w, https:\/\/ppid.com\/wp-content\/uploads\/2025\/04\/queens-student-visa-lawyer-1024x512.webp 1024w, https:\/\/ppid.com\/wp-content\/uploads\/2025\/04\/queens-student-visa-lawyer-768x384.webp 768w, https:\/\/ppid.com\/wp-content\/uploads\/2025\/04\/queens-student-visa-lawyer-18x9.webp 18w\" sizes=\"auto, (max-width: 1200px) 100vw, 1200px\" \/><\/p>\n<h2><span class=\"ez-toc-section\" id=\"what-is-a-student-visa\"><\/span>\u00bfQu\u00e9 es un visado de estudiante?<span class=\"ez-toc-section-end\"><\/span><\/h2>\n<p>Un visado de estudiante es un documento que permite a un no inmigrante ampliar sus estudios en Estados Unidos. El visado es temporal y dura lo que dure el periodo de estudios de la persona. Hay tres tipos diferentes de visados de estudiante disponibles en EE.UU. Cada uno sirve para un prop\u00f3sito diferente y tiene sus propios requisitos.<\/p>\n<p>El primer tipo es el visado F-1. El visado F-1 es uno de los visados de estudiante m\u00e1s comunes y est\u00e1 reservado a los estudiantes acad\u00e9micos. Est\u00e1 destinado a los estudiantes internacionales que desean ampliar su formaci\u00f3n en Estados Unidos en un colegio, universidad, instituto o centro de ense\u00f1anza de idiomas local. Para obtener este visado, los estudiantes deben demostrar que est\u00e1n matriculados a tiempo completo y que disponen de medios econ\u00f3micos para cubrir sus gastos escolares y de manutenci\u00f3n.<\/p>\n<p>El segundo tipo es el visado M-1. Este visado es para quienes desean ampliar su formaci\u00f3n profesional. Se trata de una formaci\u00f3n no acad\u00e9mica. Algunos ejemplos son la escuela de oficios, la escuela culinaria o la formaci\u00f3n en aviaci\u00f3n.<\/p>\n<p>El tercer tipo es el visado J-1. Est\u00e1 dise\u00f1ado para visitantes de intercambio que participan en programas de intercambio gubernamentales. Esto incluye a estudiantes de medicina, profesores, becarios y participantes en programas de trabajo.<\/p>\n<h2><span class=\"ez-toc-section\" id=\"student-visa-eligibility-requirements\"><\/span>Requisitos para obtener un visado de estudiante<span class=\"ez-toc-section-end\"><\/span><\/h2>\n<p>Para obtener un visado de estudiante en <a href=\"https:\/\/en.wikipedia.org\/wiki\/Queens\" target=\"_blank\" rel=\"noopener\">Queens<\/a>Los solicitantes deben cumplir ciertos requisitos, <strong>incluidos los siguientes:<\/strong><\/p>\n<ul>\n<li><strong>El solicitante debe ser aceptado primero en una escuela certificada por el SEVP (Programa de Estudiantes y Visitantes de Intercambio).<\/strong> Una vez aceptado, la escuela entrega al estudiante los formularios necesarios para su solicitud de visado.<\/li>\n<li><strong>Como parte del proceso de solicitud, el solicitante debe aportar pruebas de apoyo\/estabilidad financiera.<\/strong> El estudiante debe demostrar que puede pagar la matr\u00edcula y los gastos de manutenci\u00f3n mientras est\u00e9 matriculado. Las pruebas pueden incluir extractos bancarios, becas o pruebas de apoyo financiero de patrocinadores.<\/li>\n<li><strong>El solicitante tambi\u00e9n debe demostrar que tiene intenci\u00f3n de regresar a su pa\u00eds de origen una vez finalizados sus estudios.<\/strong> Esto puede probarse demostrando que tiene lazos familiares o sociales, seguridad laboral u ofertas de trabajo, o que posee propiedades o bienes en su pa\u00eds de origen.<\/li>\n<li><strong>Muchas instituciones exigen que los estudiantes dominen el ingl\u00e9s,<\/strong> a menudo exigi\u00e9ndoles que lo demuestren mediante una prueba de nivel de ingl\u00e9s.<\/li>\n<\/ul>\n<h2><span class=\"ez-toc-section\" id=\"benefits-of-a-us-student-visa\"><\/span>Ventajas del visado de estudiante para EE.UU.<span class=\"ez-toc-section-end\"><\/span><\/h2>\n<p>La obtenci\u00f3n de un visado de estudiante estadounidense conlleva ventajas para el beneficiario. Para muchos, la educaci\u00f3n en EE.UU. les ofrece una gama m\u00e1s amplia de programas de grado y disponibilidad de investigaci\u00f3n.<\/p>\n<p>Los estudiantes tambi\u00e9n pueden aprender sobre una cultura distinta a la suya, al tiempo que aportan su visi\u00f3n \u00fanica del mundo a un nuevo lugar.<\/p>\n<p>Algunos estudiantes pueden adquirir experiencia pr\u00e1ctica en su campo de estudio a trav\u00e9s de pr\u00e1cticas y oportunidades de empleo. Esto puede ser un trampol\u00edn para avanzar en su carrera.<\/p>\n<h2><span class=\"ez-toc-section\" id=\"the-student-visa-application-process\"><\/span>El proceso de solicitud del visado de estudiante<span class=\"ez-toc-section-end\"><\/span><\/h2>\n<p>Para obtener un visado de estudiante, <strong>la persona debe pasar por el proceso de solicitud.<\/strong><\/p>\n<ul>\n<li>El estudiante es aceptado en una instituci\u00f3n certificada por el SEVP. Una vez aceptado, la instituci\u00f3n proporcionar\u00e1 al estudiante la documentaci\u00f3n necesaria para su solicitud de visado.<\/li>\n<li>Antes de solicitar un visado, el estudiante debe pagar la tasa SEVIS (Sistema de Estudiantes y Visitantes de Intercambio). Esta tasa ayuda a mantener el SEVP.<\/li>\n<li>A continuaci\u00f3n, el solicitante deber\u00e1 cumplimentar el <a href=\"https:\/\/travel.state.gov\/content\/travel\/en\/us-visas\/visa-information-resources\/forms\/ds-160-online-nonimmigrant-visa-application.html\" target=\"_blank\" rel=\"noopener\">Formulario DS-160<\/a>. Se trata de una solicitud en l\u00ednea para no inmigrantes que desean obtener un visado. Este formulario obligatorio debe ser completado y confirmado antes de programar una entrevista.<\/li>\n<li>A continuaci\u00f3n, el solicitante debe programar y asistir a una entrevista en su consulado o embajada de EE.UU. local. En la entrevista, el solicitante llevar\u00e1 la documentaci\u00f3n justificativa, y la oficina consular analizar\u00e1 sus documentos y su elegibilidad y tomar\u00e1 una decisi\u00f3n sobre la aprobaci\u00f3n.<\/li>\n<li>Una vez aprobado el visado, el estudiante podr\u00e1 entrar en el pa\u00eds y comenzar su programa.<\/li>\n<\/ul>\n<h2><span class=\"ez-toc-section\" id=\"faqs\"><\/span>Preguntas frecuentes<span class=\"ez-toc-section-end\"><\/span><\/h2>\n<div class=\"accsec-ritcnt accordion\">\n<div class=\"accordion-section\">\n<h3><span class=\"ez-toc-section\" id=\"how-can-an-immigration-lawyer-help-me-with-a-student-visa-in-the-usa\"><\/span><a class=\"accordion-section-title active\" href=\"#accordion-1\">\u00bfC\u00f3mo puede ayudarme un abogado de inmigraci\u00f3n con un visado de estudiante en EE.UU.?<\/a><span class=\"ez-toc-section-end\"><\/span><\/h3>\n<div id=\"accordion-1\" class=\"accordion-section-content open\" style=\"display: block;\">\n<p>Los abogados de inmigraci\u00f3n pueden ayudarle mucho a obtener visados de estudiante en Estados Unidos. Pueden proporcionarle la orientaci\u00f3n legal que necesitar\u00e1 para navegar con confianza y sin problemas por el proceso de solicitud.<br \/>\nUn abogado experto en inmigraci\u00f3n puede aconsejarle sobre qu\u00e9 tipo de visado necesita para sus circunstancias particulares. Puede ayudarle a cumplimentar su solicitud, evitando errores que podr\u00edan retrasar su caso. Su abogado tambi\u00e9n puede prepararle para una entrevista y representarle cuando hable con cualquier funcionario de inmigraci\u00f3n.<\/p>\n<\/div>\n<\/div>\n<div class=\"accordion-section\">\n<h3><span class=\"ez-toc-section\" id=\"what-is-the-fastest-way-for-a-nonimmigrant-to-get-a-student-visa\"><\/span><a class=\"accordion-section-title\" href=\"#accordion-2\">\u00bfCu\u00e1l es la forma m\u00e1s r\u00e1pida para que un no inmigrante obtenga un visado de estudiante?<\/a><span class=\"ez-toc-section-end\"><\/span><\/h3>\n<div id=\"accordion-2\" class=\"accordion-section-content\" style=\"display: none;\">\n<p>Se puede obtener un visado de estudiante lo antes posible asegur\u00e1ndose de cumplimentar y enviar a tiempo toda la documentaci\u00f3n necesaria. Pagar la tasa SEVIS a tiempo y elegir una escuela con un procedimiento de admisi\u00f3n simplificado tambi\u00e9n puede ser beneficioso. Los retrasos pueden minimizarse concertando una entrevista para el visado lo antes posible y teniendo a mano toda la documentaci\u00f3n acad\u00e9mica y financiera. Una preparaci\u00f3n minuciosa es la mejor manera de obtener un visado r\u00e1pido.<\/p>\n<\/div>\n<\/div>\n<div class=\"accordion-section\">\n<h3><span class=\"ez-toc-section\" id=\"can-a-lawyer-speed-up-my-student-visa-case\"><\/span><a class=\"accordion-section-title\" href=\"#accordion-3\">\u00bfPuede un abogado acelerar mi caso de visado de estudiante?<\/a><span class=\"ez-toc-section-end\"><\/span><\/h3>\n<div id=\"accordion-3\" class=\"accordion-section-content\" style=\"display: none;\">\n<p>Un abogado no puede acelerar directamente su caso de visado de estudiante, pero puede asegurarse de que tiene todo en orden para evitar retrasos. Tambi\u00e9n puede ayudar respondiendo a cualquier solicitud de informaci\u00f3n adicional y abordando cualquier otro obst\u00e1culo legal si surge. En circunstancias especiales, un abogado puede solicitar un proceso acelerado, pero esto se concede a discreci\u00f3n de las autoridades de inmigraci\u00f3n.<\/p>\n<\/div>\n<\/div>\n<\/div>\n<h2><span class=\"ez-toc-section\" id=\"seek-help-with-a-student-visa-%e2%80%93-contact-pollack-pollack-isaac-decicco-today\"><\/span>Busque ayuda con un visado de estudiante - P\u00f3ngase en contacto con Pollack, Pollack, Isaac &amp; DeCicco hoy mismo<span class=\"ez-toc-section-end\"><\/span><\/h2>\n<p>Si necesita ayuda con el proceso de visado de estudiante, Pollack, Pollack, Isaac &amp; DeCicco puede ayudarle. Nuestro dedicado equipo legal de inmigraci\u00f3n est\u00e1 aqu\u00ed para ayudarle con todos sus asuntos legales de inmigraci\u00f3n, incluyendo visas de estudiante. Podemos comunicarnos con usted en muchos idiomas diferentes y a trav\u00e9s de una consulta en l\u00ednea cara a cara. <a href=\"https:\/\/ppid.com\/es\/contact\/\">P\u00f3ngase en contacto con nosotros<\/a> para empezar.<\/p>\n<p><iframe loading=\"lazy\" style=\"border: 0;\" src=\"https:\/\/www.google.com\/maps\/embed?pb=!1m18!1m12!1m3!1d193731.41691261338!2d-73.87114045!3d40.6507535!2m3!1f0!2f0!3f0!3m2!1i1024!2i768!4f13.1!3m3!1m2!1s0x89c24369470a592b%3A0x4109d18b6c5c7b05!2sQueens%2C%20NY%2C%20USA!5e0!3m2!1sen!2sin!4v1750681863634!5m2!1sen!2sin\" width=\"100%\" height=\"300\" allowfullscreen=\"allowfullscreen\"><\/iframe><\/p>","protected":false},"excerpt":{"rendered":"<p>Queens Student Visa Attorney Studying in another country can be an exciting experience for many students. In the United States, this requires the individual to have a student visa to study in the country. This process can be complex, but it can be alleviated with the help of a Queens student visa lawyer. Furthering your &hellip; <\/p>\n<p class=\"link-more\"><a href=\"https:\/\/ppid.com\/es\/queens-student-visa-lawyer\/\" class=\"more-link\">Seguir leyendo<span class=\"screen-reader-text\"> &#8220;Queens Student Visa Lawyer&#8221;<\/span><\/a><\/p>","protected":false},"author":1,"featured_media":0,"parent":0,"menu_order":0,"comment_status":"closed","ping_status":"closed","template":"","meta":{"_acf_changed":false,"footnotes":""},"class_list":["post-2439","page","type-page","status-publish","hentry","entry"],"acf":[],"yoast_head":"<!-- This site is optimized with the Yoast SEO Premium plugin v26.8 (Yoast SEO v26.8) - https:\/\/yoast.com\/product\/yoast-seo-premium-wordpress\/ -->\n<title>Queens Student Visa Lawyer &amp; Law Firm<\/title>\n<meta name=\"description\" content=\"Searching for a Queens Student Visa Lawyer? Trust Pollack, Pollack, Isaac &amp; DeCicco, LLP for legal help with student visa applications and renewals.\" \/>\n<meta name=\"robots\" content=\"index, follow, max-snippet:-1, max-image-preview:large, max-video-preview:-1\" \/>\n<link rel=\"canonical\" href=\"https:\/\/ppid.com\/es\/queens-student-visa-lawyer\/\" \/>\n<meta property=\"og:locale\" content=\"es_MX\" \/>\n<meta property=\"og:type\" content=\"article\" \/>\n<meta property=\"og:title\" content=\"Queens Student Visa Lawyer\" \/>\n<meta property=\"og:description\" content=\"Searching for a Queens Student Visa Lawyer? Trust Pollack, Pollack, Isaac &amp; DeCicco, LLP for legal help with student visa applications and renewals.\" \/>\n<meta property=\"og:url\" content=\"https:\/\/ppid.com\/es\/queens-student-visa-lawyer\/\" \/>\n<meta property=\"og:site_name\" content=\"Pollack, Pollack, Isaac &amp; DeCicco, LLP\" \/>\n<meta property=\"article:modified_time\" content=\"2025-09-15T06:17:02+00:00\" \/>\n<meta property=\"og:image\" content=\"https:\/\/ppid.com\/wp-content\/uploads\/2025\/04\/queens-student-visa-lawyer.webp\" \/>\n\t<meta property=\"og:image:width\" content=\"1200\" \/>\n\t<meta property=\"og:image:height\" content=\"600\" \/>\n\t<meta property=\"og:image:type\" content=\"image\/webp\" \/>\n<meta name=\"twitter:card\" content=\"summary_large_image\" \/>\n<meta name=\"twitter:label1\" content=\"Tiempo de lectura\" \/>\n\t<meta name=\"twitter:data1\" content=\"5 minutos\" \/>\n<script type=\"application\/ld+json\" class=\"yoast-schema-graph\">{\"@context\":\"https:\/\/schema.org\",\"@graph\":[{\"@type\":\"WebPage\",\"@id\":\"https:\/\/ppid.com\/queens-student-visa-lawyer\/\",\"url\":\"https:\/\/ppid.com\/queens-student-visa-lawyer\/\",\"name\":\"Queens Student Visa Lawyer & Law Firm\",\"isPartOf\":{\"@id\":\"https:\/\/ppid.com\/#website\"},\"primaryImageOfPage\":{\"@id\":\"https:\/\/ppid.com\/queens-student-visa-lawyer\/#primaryimage\"},\"image\":{\"@id\":\"https:\/\/ppid.com\/queens-student-visa-lawyer\/#primaryimage\"},\"thumbnailUrl\":\"https:\/\/ppid.com\/wp-content\/uploads\/2025\/04\/queens-student-visa-lawyer.webp\",\"datePublished\":\"2025-04-07T04:21:57+00:00\",\"dateModified\":\"2025-09-15T06:17:02+00:00\",\"description\":\"Searching for a Queens Student Visa Lawyer? Trust Pollack, Pollack, Isaac & DeCicco, LLP for legal help with student visa applications and renewals.\",\"breadcrumb\":{\"@id\":\"https:\/\/ppid.com\/queens-student-visa-lawyer\/#breadcrumb\"},\"inLanguage\":\"es\",\"potentialAction\":[{\"@type\":\"ReadAction\",\"target\":[\"https:\/\/ppid.com\/queens-student-visa-lawyer\/\"]}]},{\"@type\":\"ImageObject\",\"inLanguage\":\"es\",\"@id\":\"https:\/\/ppid.com\/queens-student-visa-lawyer\/#primaryimage\",\"url\":\"https:\/\/ppid.com\/wp-content\/uploads\/2025\/04\/queens-student-visa-lawyer.webp\",\"contentUrl\":\"https:\/\/ppid.com\/wp-content\/uploads\/2025\/04\/queens-student-visa-lawyer.webp\"},{\"@type\":\"BreadcrumbList\",\"@id\":\"https:\/\/ppid.com\/queens-student-visa-lawyer\/#breadcrumb\",\"itemListElement\":[{\"@type\":\"ListItem\",\"position\":1,\"name\":\"Home\",\"item\":\"https:\/\/ppid.com\/\"},{\"@type\":\"ListItem\",\"position\":2,\"name\":\"Queens Student Visa Lawyer\"}]},{\"@type\":\"WebSite\",\"@id\":\"https:\/\/ppid.com\/#website\",\"url\":\"https:\/\/ppid.com\/\",\"name\":\"Pollack, Pollack, Isaac &amp; DeCicco, LLP\",\"description\":\"\",\"potentialAction\":[{\"@type\":\"SearchAction\",\"target\":{\"@type\":\"EntryPoint\",\"urlTemplate\":\"https:\/\/ppid.com\/?s={search_term_string}\"},\"query-input\":{\"@type\":\"PropertyValueSpecification\",\"valueRequired\":true,\"valueName\":\"search_term_string\"}}],\"inLanguage\":\"es\"}]}<\/script>\n<!-- \/ Yoast SEO Premium plugin. -->","yoast_head_json":{"title":"Queens Visa de Estudiante Abogado y Bufete de Abogados","description":"\u00bfBusca un Abogado de Visa de Estudiante Queens? Conf\u00ede en Pollack, Pollack, Isaac &amp; DeCicco, LLP para obtener ayuda legal con las solicitudes y renovaciones de visas de estudiante.","robots":{"index":"index","follow":"follow","max-snippet":"max-snippet:-1","max-image-preview":"max-image-preview:large","max-video-preview":"max-video-preview:-1"},"canonical":"https:\/\/ppid.com\/es\/queens-student-visa-lawyer\/","og_locale":"es_MX","og_type":"article","og_title":"Queens Student Visa Lawyer","og_description":"Searching for a Queens Student Visa Lawyer? Trust Pollack, Pollack, Isaac & DeCicco, LLP for legal help with student visa applications and renewals.","og_url":"https:\/\/ppid.com\/es\/queens-student-visa-lawyer\/","og_site_name":"Pollack, Pollack, Isaac &amp; DeCicco, LLP","article_modified_time":"2025-09-15T06:17:02+00:00","og_image":[{"width":1200,"height":600,"url":"https:\/\/ppid.com\/wp-content\/uploads\/2025\/04\/queens-student-visa-lawyer.webp","type":"image\/webp"}],"twitter_card":"summary_large_image","twitter_misc":{"Tiempo de lectura":"5 minutos"},"schema":{"@context":"https:\/\/schema.org","@graph":[{"@type":"WebPage","@id":"https:\/\/ppid.com\/queens-student-visa-lawyer\/","url":"https:\/\/ppid.com\/queens-student-visa-lawyer\/","name":"Queens Visa de Estudiante Abogado y Bufete de Abogados","isPartOf":{"@id":"https:\/\/ppid.com\/#website"},"primaryImageOfPage":{"@id":"https:\/\/ppid.com\/queens-student-visa-lawyer\/#primaryimage"},"image":{"@id":"https:\/\/ppid.com\/queens-student-visa-lawyer\/#primaryimage"},"thumbnailUrl":"https:\/\/ppid.com\/wp-content\/uploads\/2025\/04\/queens-student-visa-lawyer.webp","datePublished":"2025-04-07T04:21:57+00:00","dateModified":"2025-09-15T06:17:02+00:00","description":"\u00bfBusca un Abogado de Visa de Estudiante Queens? Conf\u00ede en Pollack, Pollack, Isaac &amp; DeCicco, LLP para obtener ayuda legal con las solicitudes y renovaciones de visas de estudiante.","breadcrumb":{"@id":"https:\/\/ppid.com\/queens-student-visa-lawyer\/#breadcrumb"},"inLanguage":"es","potentialAction":[{"@type":"ReadAction","target":["https:\/\/ppid.com\/queens-student-visa-lawyer\/"]}]},{"@type":"ImageObject","inLanguage":"es","@id":"https:\/\/ppid.com\/queens-student-visa-lawyer\/#primaryimage","url":"https:\/\/ppid.com\/wp-content\/uploads\/2025\/04\/queens-student-visa-lawyer.webp","contentUrl":"https:\/\/ppid.com\/wp-content\/uploads\/2025\/04\/queens-student-visa-lawyer.webp"},{"@type":"BreadcrumbList","@id":"https:\/\/ppid.com\/queens-student-visa-lawyer\/#breadcrumb","itemListElement":[{"@type":"ListItem","position":1,"name":"Home","item":"https:\/\/ppid.com\/"},{"@type":"ListItem","position":2,"name":"Queens Student Visa Lawyer"}]},{"@type":"WebSite","@id":"https:\/\/ppid.com\/#website","url":"https:\/\/ppid.com\/","name":"Pollack, Pollack, Isaac &amp; DeCicco, LLP","description":"","potentialAction":[{"@type":"SearchAction","target":{"@type":"EntryPoint","urlTemplate":"https:\/\/ppid.com\/?s={search_term_string}"},"query-input":{"@type":"PropertyValueSpecification","valueRequired":true,"valueName":"search_term_string"}}],"inLanguage":"es"}]}},"_links":{"self":[{"href":"https:\/\/ppid.com\/es\/wp-json\/wp\/v2\/pages\/2439","targetHints":{"allow":["GET"]}}],"collection":[{"href":"https:\/\/ppid.com\/es\/wp-json\/wp\/v2\/pages"}],"about":[{"href":"https:\/\/ppid.com\/es\/wp-json\/wp\/v2\/types\/page"}],"author":[{"embeddable":true,"href":"https:\/\/ppid.com\/es\/wp-json\/wp\/v2\/users\/1"}],"replies":[{"embeddable":true,"href":"https:\/\/ppid.com\/es\/wp-json\/wp\/v2\/comments?post=2439"}],"version-history":[{"count":0,"href":"https:\/\/ppid.com\/es\/wp-json\/wp\/v2\/pages\/2439\/revisions"}],"wp:attachment":[{"href":"https:\/\/ppid.com\/es\/wp-json\/wp\/v2\/media?parent=2439"}],"curies":[{"name":"wp","href":"https:\/\/api.w.org\/{rel}","templated":true}]}}