{"id":2721,"date":"2025-09-08T06:57:57","date_gmt":"2025-09-08T06:57:57","guid":{"rendered":"https:\/\/ppidllp.wpenginepowered.com\/?page_id=2721"},"modified":"2025-09-08T09:42:03","modified_gmt":"2025-09-08T09:42:03","slug":"nyc-i-9-lawyer","status":"publish","type":"page","link":"https:\/\/ppid.com\/es\/nyc-i-9-lawyer\/","title":{"rendered":"NYC I-9 Abogado"},"content":{"rendered":"<div id=\"ez-toc-container\" class=\"ez-toc-v2_0_80 counter-hierarchy ez-toc-counter ez-toc-transparent ez-toc-container-direction\">\n<div class=\"ez-toc-title-container\">\n<p class=\"ez-toc-title ez-toc-toggle\" style=\"cursor:pointer\">\u00cdndice<\/p>\n<span class=\"ez-toc-title-toggle\"><a href=\"#\" class=\"ez-toc-pull-right ez-toc-btn ez-toc-btn-xs ez-toc-btn-default ez-toc-toggle\" aria-label=\"Toggle Table of Content\"><span class=\"ez-toc-js-icon-con\"><span class=\"\"><span class=\"eztoc-hide\" style=\"display:none;\">Toggle<\/span><span class=\"ez-toc-icon-toggle-span\"><svg style=\"fill: #999;color:#999\" xmlns=\"http:\/\/www.w3.org\/2000\/svg\" class=\"list-377408\" width=\"20px\" height=\"20px\" viewbox=\"0 0 24 24\" fill=\"none\"><path d=\"M6 6H4v2h2V6zm14 0H8v2h12V6zM4 11h2v2H4v-2zm16 0H8v2h12v-2zM4 16h2v2H4v-2zm16 0H8v2h12v-2z\" fill=\"currentColor\"><\/path><\/svg><svg style=\"fill: #999;color:#999\" class=\"arrow-unsorted-368013\" xmlns=\"http:\/\/www.w3.org\/2000\/svg\" width=\"10px\" height=\"10px\" viewbox=\"0 0 24 24\" version=\"1.2\" baseprofile=\"tiny\"><path d=\"M18.2 9.3l-6.2-6.3-6.2 6.3c-.2.2-.3.4-.3.7s.1.5.3.7c.2.2.4.3.7.3h11c.3 0 .5-.1.7-.3.2-.2.3-.5.3-.7s-.1-.5-.3-.7zM5.8 14.7l6.2 6.3 6.2-6.3c.2-.2.3-.5.3-.7s-.1-.5-.3-.7c-.2-.2-.4-.3-.7-.3h-11c-.3 0-.5.1-.7.3-.2.2-.3.5-.3.7s.1.5.3.7z\"\/><\/svg><\/span><\/span><\/span><\/a><\/span><\/div>\n<nav><ul class='ez-toc-list ez-toc-list-level-1 eztoc-toggle-hide-by-default' ><li class='ez-toc-page-1 ez-toc-heading-level-2'><a class=\"ez-toc-link ez-toc-heading-1\" href=\"https:\/\/ppid.com\/es\/nyc-i-9-lawyer\/#nyc-i-9-attorney\" >NYC I-9 Abogado<\/a><\/li><li class='ez-toc-page-1 ez-toc-heading-level-2'><a class=\"ez-toc-link ez-toc-heading-2\" href=\"https:\/\/ppid.com\/es\/nyc-i-9-lawyer\/#hire-an-i-9-lawyer\" >Contratar a un abogado para el I-9<\/a><\/li><li class='ez-toc-page-1 ez-toc-heading-level-2'><a class=\"ez-toc-link ez-toc-heading-3\" href=\"https:\/\/ppid.com\/es\/nyc-i-9-lawyer\/#understanding-i-9-compliance-requirements\" >Comprender los requisitos de cumplimiento del I-9<\/a><\/li><li class='ez-toc-page-1 ez-toc-heading-level-2'><a class=\"ez-toc-link ez-toc-heading-4\" href=\"https:\/\/ppid.com\/es\/nyc-i-9-lawyer\/#preventing-and-responding-to-i-9-audits\" >Prevenci\u00f3n y respuesta a las auditor\u00edas del I-9<\/a><\/li><li class='ez-toc-page-1 ez-toc-heading-level-2'><a class=\"ez-toc-link ez-toc-heading-5\" href=\"https:\/\/ppid.com\/es\/nyc-i-9-lawyer\/#handling-complex-employment-documentation-issues-in-nyc\" >Gesti\u00f3n de documentaci\u00f3n laboral compleja en Nueva York<\/a><\/li><li class='ez-toc-page-1 ez-toc-heading-level-2'><a class=\"ez-toc-link ez-toc-heading-6\" href=\"https:\/\/ppid.com\/es\/nyc-i-9-lawyer\/#faqs\" >Preguntas frecuentes<\/a><ul class='ez-toc-list-level-3' ><li class='ez-toc-heading-level-3'><a class=\"ez-toc-link ez-toc-heading-7\" href=\"https:\/\/ppid.com\/es\/nyc-i-9-lawyer\/#what-is-the-purpose-of-form-i-9\" >\u00bfPara qu\u00e9 sirve el formulario I-9?<\/a><\/li><li class='ez-toc-page-1 ez-toc-heading-level-3'><a class=\"ez-toc-link ez-toc-heading-8\" href=\"https:\/\/ppid.com\/es\/nyc-i-9-lawyer\/#how-long-do-employers-need-to-keep-i-9-forms\" >\u00bfCu\u00e1nto tiempo deben conservar los empresarios los formularios I-9?<\/a><\/li><li class='ez-toc-page-1 ez-toc-heading-level-3'><a class=\"ez-toc-link ez-toc-heading-9\" href=\"https:\/\/ppid.com\/es\/nyc-i-9-lawyer\/#what-triggers-an-i-9-audit\" >\u00bfQu\u00e9 desencadena una auditor\u00eda I-9?<\/a><\/li><li class='ez-toc-page-1 ez-toc-heading-level-3'><a class=\"ez-toc-link ez-toc-heading-10\" href=\"https:\/\/ppid.com\/es\/nyc-i-9-lawyer\/#how-can-employers-correct-errors-on-an-i-9-form\" >\u00bfC\u00f3mo pueden los empresarios corregir los errores del formulario I-9?<\/a><\/li><\/ul><\/li><li class='ez-toc-page-1 ez-toc-heading-level-2'><a class=\"ez-toc-link ez-toc-heading-11\" href=\"https:\/\/ppid.com\/es\/nyc-i-9-lawyer\/#speak-to-our-nyc-i-9-lawyer-today\" >Hable con nuestro abogado NYC I-9 hoy<\/a><\/li><\/ul><\/nav><\/div>\n<h2><span class=\"ez-toc-section\" id=\"nyc-i-9-attorney\"><\/span>NYC I-9 Abogado<span class=\"ez-toc-section-end\"><\/span><\/h2>\n<p>Garantizar el cumplimiento de los requisitos federales de verificaci\u00f3n de empleo es fundamental para las empresas que operan en New York City. Nuestro equipo de <a href=\"https:\/\/ppid.com\/es\/firm\/\">Pollack, Pollack, Isaac &amp; DeCicco, LLP<\/a> le ofrece orientaci\u00f3n especializada <strong>NYC I-9 abogado<\/strong>ayud\u00e1ndole a navegar por cada etapa del proceso con precisi\u00f3n. Trabajamos con las empresas para cumplimentar, revisar y mantener correctamente los formularios I-9, reduciendo el riesgo de multas o sanciones costosas durante las auditor\u00edas.<\/p>\n<p>Desde la incorporaci\u00f3n de nuevos empleados hasta la resoluci\u00f3n de problemas complejos de documentaci\u00f3n, ayudamos a proteger su empresa contra los escollos del cumplimiento normativo. Con un amplio conocimiento de las normativas federales y estatales, <a href=\"https:\/\/ppid.com\/es\/testimonials\/\">ayudamos<\/a> garantice que sus pr\u00e1cticas de verificaci\u00f3n de la mano de obra cumplen todas las normas legales al tiempo que respaldan sus necesidades operativas.<\/p>\n<h2><span class=\"ez-toc-section\" id=\"hire-an-i-9-lawyer\"><\/span><img loading=\"lazy\" decoding=\"async\" class=\"aligncenter wp-image-2764 size-full\" title=\"Abogado capacitado NYC I-9\" src=\"https:\/\/ppid.com\/wp-content\/uploads\/2025\/09\/nyc-i-9-lawyer.webp\" alt=\"Skilled NYC I-9 Attorney\" width=\"1200\" height=\"600\" srcset=\"https:\/\/ppid.com\/wp-content\/uploads\/2025\/09\/nyc-i-9-lawyer.webp 1200w, https:\/\/ppid.com\/wp-content\/uploads\/2025\/09\/nyc-i-9-lawyer-300x150.webp 300w, https:\/\/ppid.com\/wp-content\/uploads\/2025\/09\/nyc-i-9-lawyer-1024x512.webp 1024w, https:\/\/ppid.com\/wp-content\/uploads\/2025\/09\/nyc-i-9-lawyer-768x384.webp 768w, https:\/\/ppid.com\/wp-content\/uploads\/2025\/09\/nyc-i-9-lawyer-18x9.webp 18w\" sizes=\"auto, (max-width: 1200px) 100vw, 1200px\" \/>Contratar a un abogado para el I-9<span class=\"ez-toc-section-end\"><\/span><\/h2>\n<p>En Pollack, Pollack, Isaac &amp; DeCicco, LLP, <a href=\"https:\/\/ppid.com\/es\/attorney\/\">nuestros abogados<\/a> aportan d\u00e9cadas de experiencia combinada en <a href=\"https:\/\/ppid.com\/es\/nyc-work-visa-lawyer\/\">cumplimiento de la normativa laboral<\/a> y <a href=\"https:\/\/ppid.com\/es\/\">asuntos relacionados con la inmigraci\u00f3n<\/a>. Reconocido como uno de los mejores bufetes de abogados en New York City por U.S. News and World Report, manejamos el cumplimiento I-9 con precisi\u00f3n y discreci\u00f3n.<\/p>\n<p>Nuestro profundo conocimiento de los requisitos federales de verificaci\u00f3n nos permite orientar a empresas de todos los tama\u00f1os, ayud\u00e1ndolas a mantener pr\u00e1cticas de contrataci\u00f3n legales al tiempo que se minimiza la exposici\u00f3n a sanciones gubernamentales.<\/p>\n<h2><span class=\"ez-toc-section\" id=\"understanding-i-9-compliance-requirements\"><\/span>Comprender los requisitos de cumplimiento del I-9<span class=\"ez-toc-section-end\"><\/span><\/h2>\n<p>El formulario I-9 es un documento federal utilizado para verificar la identidad y la elegibilidad para el empleo de las personas contratadas para trabajar en los Estados Unidos. La verificaci\u00f3n de la elegibilidad de empleo I-9 es responsabilidad del empleador e incluye la cumplimentaci\u00f3n precisa del formulario I-9 de cada nueva contrataci\u00f3n, la documentaci\u00f3n de apoyo y el mantenimiento de registros durante el tiempo legalmente requerido.<\/p>\n<p>Los errores pueden dar lugar a multas significativas y desaf\u00edos legales. Nuestro equipo PPID gu\u00eda a los empleadores a trav\u00e9s de todas las fases de cumplimentaci\u00f3n del I-9 para ayudar a garantizar que cada formulario satisface las normas federales. El cumplimiento de los documentos I-9 puede integrarse perfectamente en su proceso de contrataci\u00f3n para proteger su negocio de multas, errores costosos y futuras investigaciones.<\/p>\n<p>Todos los empresarios de Estados Unidos deben asegurarse de que los empleados cumplimentan el formulario I-9 para verificar su identidad y autorizaci\u00f3n de trabajo. S\u00f3lo en New York, <a href=\"https:\/\/advocacy.sba.gov\/wp-content\/uploads\/2023\/11\/2023-Small-Business-Economic-Profile-NY.pdf\" target=\"_blank\" rel=\"noopener\">2,2 millones de peque\u00f1as empresas<\/a>El 99,8% de todas las empresas del Estado emplean a 4,1 millones de personas, es decir, el 47,1% de su poblaci\u00f3n activa.<\/p>\n<h2><span class=\"ez-toc-section\" id=\"preventing-and-responding-to-i-9-audits\"><\/span>Prevenci\u00f3n y respuesta a las auditor\u00edas del I-9<span class=\"ez-toc-section-end\"><\/span><\/h2>\n<p>El gobierno no suele avisar con antelaci\u00f3n de una auditor\u00eda del I-9. Si se detectan problemas con los I-9, el gobierno puede imponer fuertes multas. Si se detectan problemas con los formularios I-9, el gobierno puede imponer fuertes multas. Las razones m\u00e1s comunes para una auditor\u00eda I-9 incluyen auditor\u00edas aleatorias del gobierno, quejas de los empleados, o informaci\u00f3n encontrada durante otra investigaci\u00f3n.<\/p>\n<p><strong>Podemos ayudarle:<\/strong><\/p>\n<ul>\n<li>Realice sus propias auditor\u00edas internas<\/li>\n<li>Corrija los errores antes de que una agencia le audite<\/li>\n<li>Representarle durante una auditor\u00eda si el gobierno decide auditar sus formularios I-9.<\/li>\n<li>Comunicarse con funcionarios p\u00fablicos en su nombre.<\/li>\n<\/ul>\n<p>Sabemos qu\u00e9 buscar y c\u00f3mo solucionar los problemas antes de que se produzcan. Tomando las medidas adecuadas para mantener los archivos I-9 completos y actualizados, puede evitar riesgos innecesarios y demostrar a los reguladores federales que est\u00e1 comprometido con la contrataci\u00f3n legal.<\/p>\n<h2><span class=\"ez-toc-section\" id=\"handling-complex-employment-documentation-issues-in-nyc\"><\/span>Gesti\u00f3n de documentaci\u00f3n laboral compleja en Nueva York<span class=\"ez-toc-section-end\"><\/span><\/h2>\n<p>Empresarios en <a href=\"https:\/\/en.wikipedia.org\/wiki\/New_York_City\" target=\"_blank\" rel=\"noopener\">New York City<\/a> tienen una plantilla diversa. Se enfrentan a problemas \u00fanicos de verificaci\u00f3n I-9, desde barreras ling\u00fc\u00edsticas a evaluaciones de credenciales internacionales. Los empleadores pueden enfrentarse a registros de la Seguridad Social no coincidentes, autorizaciones de trabajo caducadas o necesidades puntuales de nueva verificaci\u00f3n.<\/p>\n<p>PPID ayuda a los empleadores a superar estos obst\u00e1culos r\u00e1pidamente y con la menor interrupci\u00f3n posible de sus operaciones, al tiempo que garantiza el cumplimiento legal completo. Comprendemos las presiones espec\u00edficas a las que se enfrentan los empresarios de los sectores de la hosteler\u00eda, la construcci\u00f3n y los servicios profesionales en toda la ciudad. <strong>Nuestros abogados estar\u00e1n encantados de orientarle en situaciones de verificaci\u00f3n inusuales o complejas, ayud\u00e1ndole:<\/strong><\/p>\n<ul>\n<li>Cumplir los requisitos federales.<\/li>\n<li>Evite errores costosos y problemas relacionados con las auditor\u00edas.<\/li>\n<li>Mantenga el buen funcionamiento de los procesos de verificaci\u00f3n del empleo en el din\u00e1mico entorno empresarial de Nueva York.<\/li>\n<\/ul>\n<h2><span class=\"ez-toc-section\" id=\"faqs\"><\/span>Preguntas frecuentes<span class=\"ez-toc-section-end\"><\/span><\/h2>\n<div class=\"accsec-ritcnt accordion\">\n<div class=\"accordion-section\">\n<h3><span class=\"ez-toc-section\" id=\"what-is-the-purpose-of-form-i-9\"><\/span><a class=\"accordion-section-title active\" href=\"#accordion-1\">\u00bfPara qu\u00e9 sirve el formulario I-9?<\/a><span class=\"ez-toc-section-end\"><\/span><\/h3>\n<div id=\"accordion-1\" class=\"accordion-section-content open\" style=\"display: block;\">\n<p>El formulario I-9 se utiliza para verificar la identidad y la elegibilidad para el empleo de cada nueva contrataci\u00f3n en Estados Unidos. Como empleador, debe revisar los documentos aceptables, cumplimentar el formulario correctamente y conservarlo durante un periodo legalmente especificado. El cumplimiento no s\u00f3lo cumple con sus responsabilidades federales, sino que tambi\u00e9n ayuda a proteger su negocio de multas y sanciones costosas.<\/p>\n<\/div>\n<\/div>\n<div class=\"accordion-section\">\n<h3><span class=\"ez-toc-section\" id=\"how-long-do-employers-need-to-keep-i-9-forms\"><\/span><a class=\"accordion-section-title\" href=\"#accordion-2\">\u00bfCu\u00e1nto tiempo deben conservar los empresarios los formularios I-9?<\/a><span class=\"ez-toc-section-end\"><\/span><\/h3>\n<div id=\"accordion-2\" class=\"accordion-section-content\" style=\"display: none;\">\n<p>La ley federal obliga a conservar el formulario I-9 cumplimentado durante <a href=\"https:\/\/www.uscis.gov\/book\/export\/html\/59581#:~:text=Federal%20regulations%20state%20you%20must,employment%20ends%2C%20whichever%20is%20later.\">3 a\u00f1os despu\u00e9s<\/a> la fecha de contrataci\u00f3n del empleado o 1 a\u00f1o despu\u00e9s de la fecha de finalizaci\u00f3n de la relaci\u00f3n laboral, si esta \u00faltima es posterior. Este requisito se aplica a todas las empresas, independientemente de su tama\u00f1o o sector. Conservar correctamente sus registros le ayudar\u00e1 a asegurarse de que est\u00e1 preparado si una auditor\u00eda del gobierno se presenta en su negocio. Ayudamos a los empleadores con la creaci\u00f3n de un sistema fiable para el seguimiento de las fechas de retenci\u00f3n y el almacenamiento seguro de los formularios I-9 para el cumplimiento futuro.<\/p>\n<\/div>\n<\/div>\n<div class=\"accordion-section\">\n<h3><span class=\"ez-toc-section\" id=\"what-triggers-an-i-9-audit\"><\/span><a class=\"accordion-section-title\" href=\"#accordion-3\">\u00bfQu\u00e9 desencadena una auditor\u00eda I-9?<\/a><span class=\"ez-toc-section-end\"><\/span><\/h3>\n<div id=\"accordion-3\" class=\"accordion-section-content\" style=\"display: none;\">\n<p>Los empleadores suelen recibir solicitudes repentinas para presentar documentos I-9 a trav\u00e9s de controles aleatorios o quejas del personal, as\u00ed como a trav\u00e9s de pruebas descubiertas durante investigaciones separadas. Las organizaciones se enfrentan a multas masivas cuando sus registros son incorrectos o incompletos.<\/p>\n<p>Las medidas proactivas en el cumplimiento de la normativa I-9 ayudan a las empresas a reducir riesgos y evitar problemas relacionados con las auditor\u00edas. Colaboramos con los empresarios para ejecutar auditor\u00edas internas del I-9, que detectan y corrigen errores antes de las inspecciones oficiales para evitar interrupciones innecesarias y demostrar su compromiso con las normas legales de contrataci\u00f3n.<\/p>\n<\/div>\n<\/div>\n<div class=\"accordion-section\">\n<h3><span class=\"ez-toc-section\" id=\"how-can-employers-correct-errors-on-an-i-9-form\"><\/span><a class=\"accordion-section-title\" href=\"#accordion-4\">\u00bfC\u00f3mo pueden los empresarios corregir los errores del formulario I-9?<\/a><span class=\"ez-toc-section-end\"><\/span><\/h3>\n<div id=\"accordion-4\" class=\"accordion-section-content\" style=\"display: none;\">\n<p>Cuando hay un error en un I-9, recomendamos que el empleador corrija la informaci\u00f3n lo antes posible. Tache la informaci\u00f3n incorrecta, introduzca la informaci\u00f3n correcta y, a continuaci\u00f3n, ponga sus iniciales y la fecha en la correcci\u00f3n. Los empleadores no deben usar corrector blanco ni hacer cambios de manera que oculten la informaci\u00f3n original. Mantener un registro claro de cualquier correcci\u00f3n indica un esfuerzo de buena fe por seguir cumpliendo la normativa.<\/p>\n<\/div>\n<\/div>\n<\/div>\n<h2><span class=\"ez-toc-section\" id=\"speak-to-our-nyc-i-9-lawyer-today\"><\/span>Hable con nuestro abogado NYC I-9 hoy<span class=\"ez-toc-section-end\"><\/span><\/h2>\n<p>El cumplimiento del I-9 es una parte esencial de las pr\u00e1cticas legales de contrataci\u00f3n para todos los empresarios en New York City. Con la complejidad de los requisitos de verificaci\u00f3n y las posibles consecuencias de los errores, tener la orientaci\u00f3n adecuada puede hacer toda la diferencia. En Pollack, Pollack, Isaac &amp; DeCicco, LLP, trabajamos estrechamente con las empresas para ayudar a asegurar que cada Formulario I-9 se complete con precisi\u00f3n, se almacene de forma segura y se mantenga en cumplimiento con las regulaciones federales.<\/p>\n<p>Ya sea que necesite ayuda con la verificaci\u00f3n diaria, abordar problemas complejos de documentaci\u00f3n o prepararse para una posible auditor\u00eda gubernamental, nuestro equipo aporta la experiencia y la atenci\u00f3n al detalle en las que su empresa puede confiar. Adoptamos un enfoque proactivo para que pueda centrarse en la ejecuci\u00f3n de sus operaciones con confianza, sabiendo que sus procesos I-9 son totalmente compatibles y est\u00e1n listos para el escrutinio. <a href=\"https:\/\/ppid.com\/es\/contact\/\">Contacte con nuestro equipo<\/a> hoy mismo para reservar una consulta.<\/p>\n<p><iframe loading=\"lazy\" style=\"border: 0;\" src=\"https:\/\/www.google.com\/maps\/embed?pb=!1m18!1m12!1m3!1d192241.84138201142!2d-74.22560799609786!3d41.16117844501192!2m3!1f0!2f0!3f0!3m2!1i1024!2i768!4f13.1!3m3!1m2!1s0x89c2c9caf11a7127%3A0x1f98163a4a0f684e!2sRockland%20County%2C%20NY%2C%20USA!5e0!3m2!1sen!2sin!4v1750682077992!5m2!1sen!2sin\" width=\"100%\" height=\"300\" allowfullscreen=\"allowfullscreen\"><\/iframe><\/p>","protected":false},"excerpt":{"rendered":"<p>NYC I-9 Attorney Ensuring compliance with federal employment verification requirements is critical for businesses operating in New York City. Our team at Pollack, Pollack, Isaac &amp; DeCicco, LLP provides skilled guidance as your NYC I-9 lawyer, helping you navigate every stage of the process with precision. We work with employers to properly complete, review, and &hellip; <\/p>\n<p class=\"link-more\"><a href=\"https:\/\/ppid.com\/es\/nyc-i-9-lawyer\/\" class=\"more-link\">Seguir leyendo<span class=\"screen-reader-text\"> &#8220;NYC I-9 Lawyer&#8221;<\/span><\/a><\/p>","protected":false},"author":1,"featured_media":0,"parent":0,"menu_order":0,"comment_status":"closed","ping_status":"closed","template":"","meta":{"_acf_changed":false,"footnotes":""},"class_list":["post-2721","page","type-page","status-publish","hentry","entry"],"acf":[],"yoast_head":"<!-- This site is optimized with the Yoast SEO Premium plugin v26.8 (Yoast SEO v26.8) - https:\/\/yoast.com\/product\/yoast-seo-premium-wordpress\/ -->\n<title>NYC I-9 Lawyer &amp; Law Firm<\/title>\n<meta name=\"description\" content=\"Looking for a NYC I-9 Lawyer? PPID helps businesses and employers stay compliant with federal I-9 verification rules. Schedule a consultation today.\" \/>\n<meta name=\"robots\" content=\"index, follow, max-snippet:-1, max-image-preview:large, max-video-preview:-1\" \/>\n<link rel=\"canonical\" href=\"https:\/\/ppid.com\/es\/nyc-i-9-lawyer\/\" \/>\n<meta property=\"og:locale\" content=\"es_MX\" \/>\n<meta property=\"og:type\" content=\"article\" \/>\n<meta property=\"og:title\" content=\"NYC I-9 Lawyer\" \/>\n<meta property=\"og:description\" content=\"Looking for a NYC I-9 Lawyer? PPID helps businesses and employers stay compliant with federal I-9 verification rules. Schedule a consultation today.\" \/>\n<meta property=\"og:url\" content=\"https:\/\/ppid.com\/es\/nyc-i-9-lawyer\/\" \/>\n<meta property=\"og:site_name\" content=\"Pollack, Pollack, Isaac &amp; DeCicco, LLP\" \/>\n<meta property=\"article:modified_time\" content=\"2025-09-08T09:42:03+00:00\" \/>\n<meta property=\"og:image\" content=\"https:\/\/ppid.com\/wp-content\/uploads\/2025\/09\/nyc-i-9-lawyer.webp\" \/>\n\t<meta property=\"og:image:width\" content=\"1200\" \/>\n\t<meta property=\"og:image:height\" content=\"600\" \/>\n\t<meta property=\"og:image:type\" content=\"image\/webp\" \/>\n<meta name=\"twitter:card\" content=\"summary_large_image\" \/>\n<meta name=\"twitter:label1\" content=\"Tiempo de lectura\" \/>\n\t<meta name=\"twitter:data1\" content=\"5 minutos\" \/>\n<script type=\"application\/ld+json\" class=\"yoast-schema-graph\">{\"@context\":\"https:\/\/schema.org\",\"@graph\":[{\"@type\":\"WebPage\",\"@id\":\"https:\/\/ppid.com\/nyc-i-9-lawyer\/\",\"url\":\"https:\/\/ppid.com\/nyc-i-9-lawyer\/\",\"name\":\"NYC I-9 Lawyer & Law Firm\",\"isPartOf\":{\"@id\":\"https:\/\/ppid.com\/#website\"},\"primaryImageOfPage\":{\"@id\":\"https:\/\/ppid.com\/nyc-i-9-lawyer\/#primaryimage\"},\"image\":{\"@id\":\"https:\/\/ppid.com\/nyc-i-9-lawyer\/#primaryimage\"},\"thumbnailUrl\":\"https:\/\/ppid.com\/wp-content\/uploads\/2025\/09\/nyc-i-9-lawyer.webp\",\"datePublished\":\"2025-09-08T06:57:57+00:00\",\"dateModified\":\"2025-09-08T09:42:03+00:00\",\"description\":\"Looking for a NYC I-9 Lawyer? PPID helps businesses and employers stay compliant with federal I-9 verification rules. Schedule a consultation today.\",\"breadcrumb\":{\"@id\":\"https:\/\/ppid.com\/nyc-i-9-lawyer\/#breadcrumb\"},\"inLanguage\":\"es\",\"potentialAction\":[{\"@type\":\"ReadAction\",\"target\":[\"https:\/\/ppid.com\/nyc-i-9-lawyer\/\"]}]},{\"@type\":\"ImageObject\",\"inLanguage\":\"es\",\"@id\":\"https:\/\/ppid.com\/nyc-i-9-lawyer\/#primaryimage\",\"url\":\"https:\/\/ppid.com\/wp-content\/uploads\/2025\/09\/nyc-i-9-lawyer.webp\",\"contentUrl\":\"https:\/\/ppid.com\/wp-content\/uploads\/2025\/09\/nyc-i-9-lawyer.webp\"},{\"@type\":\"BreadcrumbList\",\"@id\":\"https:\/\/ppid.com\/nyc-i-9-lawyer\/#breadcrumb\",\"itemListElement\":[{\"@type\":\"ListItem\",\"position\":1,\"name\":\"Home\",\"item\":\"https:\/\/ppid.com\/\"},{\"@type\":\"ListItem\",\"position\":2,\"name\":\"NYC I-9 Lawyer\"}]},{\"@type\":\"WebSite\",\"@id\":\"https:\/\/ppid.com\/#website\",\"url\":\"https:\/\/ppid.com\/\",\"name\":\"Pollack, Pollack, Isaac &amp; DeCicco, LLP\",\"description\":\"\",\"potentialAction\":[{\"@type\":\"SearchAction\",\"target\":{\"@type\":\"EntryPoint\",\"urlTemplate\":\"https:\/\/ppid.com\/?s={search_term_string}\"},\"query-input\":{\"@type\":\"PropertyValueSpecification\",\"valueRequired\":true,\"valueName\":\"search_term_string\"}}],\"inLanguage\":\"es\"}]}<\/script>\n<!-- \/ Yoast SEO Premium plugin. -->","yoast_head_json":{"title":"NYC I-9 Abogado y Bufete de Abogados","description":"\u00bfBusca un Abogado I-9 en NYC? PPID ayuda a las empresas y empleadores a cumplir con las normas federales de verificaci\u00f3n I-9. Programe una consulta hoy.","robots":{"index":"index","follow":"follow","max-snippet":"max-snippet:-1","max-image-preview":"max-image-preview:large","max-video-preview":"max-video-preview:-1"},"canonical":"https:\/\/ppid.com\/es\/nyc-i-9-lawyer\/","og_locale":"es_MX","og_type":"article","og_title":"NYC I-9 Lawyer","og_description":"Looking for a NYC I-9 Lawyer? PPID helps businesses and employers stay compliant with federal I-9 verification rules. Schedule a consultation today.","og_url":"https:\/\/ppid.com\/es\/nyc-i-9-lawyer\/","og_site_name":"Pollack, Pollack, Isaac &amp; DeCicco, LLP","article_modified_time":"2025-09-08T09:42:03+00:00","og_image":[{"width":1200,"height":600,"url":"https:\/\/ppid.com\/wp-content\/uploads\/2025\/09\/nyc-i-9-lawyer.webp","type":"image\/webp"}],"twitter_card":"summary_large_image","twitter_misc":{"Tiempo de lectura":"5 minutos"},"schema":{"@context":"https:\/\/schema.org","@graph":[{"@type":"WebPage","@id":"https:\/\/ppid.com\/nyc-i-9-lawyer\/","url":"https:\/\/ppid.com\/nyc-i-9-lawyer\/","name":"NYC I-9 Abogado y Bufete de Abogados","isPartOf":{"@id":"https:\/\/ppid.com\/#website"},"primaryImageOfPage":{"@id":"https:\/\/ppid.com\/nyc-i-9-lawyer\/#primaryimage"},"image":{"@id":"https:\/\/ppid.com\/nyc-i-9-lawyer\/#primaryimage"},"thumbnailUrl":"https:\/\/ppid.com\/wp-content\/uploads\/2025\/09\/nyc-i-9-lawyer.webp","datePublished":"2025-09-08T06:57:57+00:00","dateModified":"2025-09-08T09:42:03+00:00","description":"\u00bfBusca un Abogado I-9 en NYC? PPID ayuda a las empresas y empleadores a cumplir con las normas federales de verificaci\u00f3n I-9. Programe una consulta hoy.","breadcrumb":{"@id":"https:\/\/ppid.com\/nyc-i-9-lawyer\/#breadcrumb"},"inLanguage":"es","potentialAction":[{"@type":"ReadAction","target":["https:\/\/ppid.com\/nyc-i-9-lawyer\/"]}]},{"@type":"ImageObject","inLanguage":"es","@id":"https:\/\/ppid.com\/nyc-i-9-lawyer\/#primaryimage","url":"https:\/\/ppid.com\/wp-content\/uploads\/2025\/09\/nyc-i-9-lawyer.webp","contentUrl":"https:\/\/ppid.com\/wp-content\/uploads\/2025\/09\/nyc-i-9-lawyer.webp"},{"@type":"BreadcrumbList","@id":"https:\/\/ppid.com\/nyc-i-9-lawyer\/#breadcrumb","itemListElement":[{"@type":"ListItem","position":1,"name":"Home","item":"https:\/\/ppid.com\/"},{"@type":"ListItem","position":2,"name":"NYC I-9 Lawyer"}]},{"@type":"WebSite","@id":"https:\/\/ppid.com\/#website","url":"https:\/\/ppid.com\/","name":"Pollack, Pollack, Isaac &amp; DeCicco, LLP","description":"","potentialAction":[{"@type":"SearchAction","target":{"@type":"EntryPoint","urlTemplate":"https:\/\/ppid.com\/?s={search_term_string}"},"query-input":{"@type":"PropertyValueSpecification","valueRequired":true,"valueName":"search_term_string"}}],"inLanguage":"es"}]}},"_links":{"self":[{"href":"https:\/\/ppid.com\/es\/wp-json\/wp\/v2\/pages\/2721","targetHints":{"allow":["GET"]}}],"collection":[{"href":"https:\/\/ppid.com\/es\/wp-json\/wp\/v2\/pages"}],"about":[{"href":"https:\/\/ppid.com\/es\/wp-json\/wp\/v2\/types\/page"}],"author":[{"embeddable":true,"href":"https:\/\/ppid.com\/es\/wp-json\/wp\/v2\/users\/1"}],"replies":[{"embeddable":true,"href":"https:\/\/ppid.com\/es\/wp-json\/wp\/v2\/comments?post=2721"}],"version-history":[{"count":0,"href":"https:\/\/ppid.com\/es\/wp-json\/wp\/v2\/pages\/2721\/revisions"}],"wp:attachment":[{"href":"https:\/\/ppid.com\/es\/wp-json\/wp\/v2\/media?parent=2721"}],"curies":[{"name":"wp","href":"https:\/\/api.w.org\/{rel}","templated":true}]}}