{"id":2729,"date":"2025-09-08T06:57:45","date_gmt":"2025-09-08T06:57:45","guid":{"rendered":"https:\/\/ppidllp.wpenginepowered.com\/?page_id=2729"},"modified":"2025-09-08T11:25:23","modified_gmt":"2025-09-08T11:25:23","slug":"queens-i-9-lawyer","status":"publish","type":"page","link":"https:\/\/ppid.com\/es\/queens-i-9-lawyer\/","title":{"rendered":"Queens Abogado I-9"},"content":{"rendered":"<div id=\"ez-toc-container\" class=\"ez-toc-v2_0_80 counter-hierarchy ez-toc-counter ez-toc-transparent ez-toc-container-direction\">\n<div class=\"ez-toc-title-container\">\n<p class=\"ez-toc-title ez-toc-toggle\" style=\"cursor:pointer\">\u00cdndice<\/p>\n<span class=\"ez-toc-title-toggle\"><a href=\"#\" class=\"ez-toc-pull-right ez-toc-btn ez-toc-btn-xs ez-toc-btn-default ez-toc-toggle\" aria-label=\"Toggle Table of Content\"><span class=\"ez-toc-js-icon-con\"><span class=\"\"><span class=\"eztoc-hide\" style=\"display:none;\">Toggle<\/span><span class=\"ez-toc-icon-toggle-span\"><svg style=\"fill: #999;color:#999\" xmlns=\"http:\/\/www.w3.org\/2000\/svg\" class=\"list-377408\" width=\"20px\" height=\"20px\" viewbox=\"0 0 24 24\" fill=\"none\"><path d=\"M6 6H4v2h2V6zm14 0H8v2h12V6zM4 11h2v2H4v-2zm16 0H8v2h12v-2zM4 16h2v2H4v-2zm16 0H8v2h12v-2z\" fill=\"currentColor\"><\/path><\/svg><svg style=\"fill: #999;color:#999\" class=\"arrow-unsorted-368013\" xmlns=\"http:\/\/www.w3.org\/2000\/svg\" width=\"10px\" height=\"10px\" viewbox=\"0 0 24 24\" version=\"1.2\" baseprofile=\"tiny\"><path d=\"M18.2 9.3l-6.2-6.3-6.2 6.3c-.2.2-.3.4-.3.7s.1.5.3.7c.2.2.4.3.7.3h11c.3 0 .5-.1.7-.3.2-.2.3-.5.3-.7s-.1-.5-.3-.7zM5.8 14.7l6.2 6.3 6.2-6.3c.2-.2.3-.5.3-.7s-.1-.5-.3-.7c-.2-.2-.4-.3-.7-.3h-11c-.3 0-.5.1-.7.3-.2.2-.3.5-.3.7s.1.5.3.7z\"\/><\/svg><\/span><\/span><\/span><\/a><\/span><\/div>\n<nav><ul class='ez-toc-list ez-toc-list-level-1 eztoc-toggle-hide-by-default' ><li class='ez-toc-page-1 ez-toc-heading-level-2'><a class=\"ez-toc-link ez-toc-heading-1\" href=\"https:\/\/ppid.com\/es\/queens-i-9-lawyer\/#queens-i-9-attorney\" >Queens Abogado I-9<\/a><\/li><li class='ez-toc-page-1 ez-toc-heading-level-2'><a class=\"ez-toc-link ez-toc-heading-2\" href=\"https:\/\/ppid.com\/es\/queens-i-9-lawyer\/#hire-an-i-9-lawyer\" >Contratar a un abogado para el I-9<\/a><\/li><li class='ez-toc-page-1 ez-toc-heading-level-2'><a class=\"ez-toc-link ez-toc-heading-3\" href=\"https:\/\/ppid.com\/es\/queens-i-9-lawyer\/#integrating-i-9-compliance-into-your-queens-hiring-process\" >Integrar el cumplimiento del I-9 en su proceso de contrataci\u00f3n Queens<\/a><\/li><li class='ez-toc-page-1 ez-toc-heading-level-2'><a class=\"ez-toc-link ez-toc-heading-4\" href=\"https:\/\/ppid.com\/es\/queens-i-9-lawyer\/#proactive-strategies-for-avoiding-i-9-penalties\" >Estrategias proactivas para evitar las sanciones del I-9<\/a><\/li><li class='ez-toc-page-1 ez-toc-heading-level-2'><a class=\"ez-toc-link ez-toc-heading-5\" href=\"https:\/\/ppid.com\/es\/queens-i-9-lawyer\/#addressing-special-i-9-challenges-in-queens-industries\" >Afrontar los retos especiales del I-9 en las industrias Queens<\/a><\/li><li class='ez-toc-page-1 ez-toc-heading-level-2'><a class=\"ez-toc-link ez-toc-heading-6\" href=\"https:\/\/ppid.com\/es\/queens-i-9-lawyer\/#faqs\" >Preguntas frecuentes<\/a><ul class='ez-toc-list-level-3' ><li class='ez-toc-heading-level-3'><a class=\"ez-toc-link ez-toc-heading-7\" href=\"https:\/\/ppid.com\/es\/queens-i-9-lawyer\/#what-is-the-purpose-of-form-i-9-for-queens-employers\" >\u00bfPara qu\u00e9 sirve el formulario I-9 a los empresarios Queens?<\/a><\/li><li class='ez-toc-page-1 ez-toc-heading-level-3'><a class=\"ez-toc-link ez-toc-heading-8\" href=\"https:\/\/ppid.com\/es\/queens-i-9-lawyer\/#how-long-should-queens-employers-retain-i-9-forms\" >\u00bfCu\u00e1nto tiempo deben conservar los empresarios los formularios I-9?<\/a><\/li><li class='ez-toc-page-1 ez-toc-heading-level-3'><a class=\"ez-toc-link ez-toc-heading-9\" href=\"https:\/\/ppid.com\/es\/queens-i-9-lawyer\/#what-triggers-an-i-9-audit-in-queens\" >\u00bfQu\u00e9 desencadena una auditor\u00eda I-9 en Queens?<\/a><\/li><li class='ez-toc-page-1 ez-toc-heading-level-3'><a class=\"ez-toc-link ez-toc-heading-10\" href=\"https:\/\/ppid.com\/es\/queens-i-9-lawyer\/#how-can-queens-employers-prepare-for-a-potential-i-9-inspection\" >\u00bfC\u00f3mo pueden los empresarios Queens prepararse para una posible inspecci\u00f3n del I-9?<\/a><\/li><li class='ez-toc-page-1 ez-toc-heading-level-3'><a class=\"ez-toc-link ez-toc-heading-11\" href=\"https:\/\/ppid.com\/es\/queens-i-9-lawyer\/#how-does-employee-turnover-affect-i-9-compliance-in-queens\" >\u00bfC\u00f3mo afecta la rotaci\u00f3n de empleados al cumplimiento del I-9 en Queens?<\/a><\/li><\/ul><\/li><li class='ez-toc-page-1 ez-toc-heading-level-2'><a class=\"ez-toc-link ez-toc-heading-12\" href=\"https:\/\/ppid.com\/es\/queens-i-9-lawyer\/#contact-queens-i-9-lawyer\" >Contacto Queens I-9 Abogado<\/a><\/li><\/ul><\/nav><\/div>\n<h2><span class=\"ez-toc-section\" id=\"queens-i-9-attorney\"><\/span>Queens Abogado I-9<span class=\"ez-toc-section-end\"><\/span><\/h2>\n<p>Los empresarios de Queens se enfrentan a los mismos requisitos federales I-9 que el resto del pa\u00eds, pero la mezcla de corporaciones globales, peque\u00f1as empresas familiares y nuevas empresas de r\u00e1pido crecimiento del municipio crea su propio conjunto de desaf\u00edos. Cada vez que incorpora a un nuevo empleado, debe confirmar su identidad y autorizaci\u00f3n de empleo. Por este motivo, trabajar con un <strong>Queens Abogado I-9<\/strong> puede ayudar a que el proceso sea m\u00e1s eficaz y coherente.<\/p>\n<p>En <a href=\"https:\/\/ppid.com\/es\/firm\/\">Pollack, Pollack, Isaac &amp; DeCicco, LLP<\/a>, tratamos directamente con las empresas para ayudar a garantizar que la verificaci\u00f3n de la elegibilidad de empleo I-9 sea un proceso f\u00e1cil y uniforme. <a href=\"https:\/\/ppid.com\/es\/attorney\/\">Nuestros abogados<\/a> puede orientarle para cumplimentar correctamente el formulario, revisar los documentos justificativos y conservarlos de forma segura.<\/p>\n<p>Entendemos el r\u00e1pido ritmo de la mano de obra de Queens y las variadas necesidades de nuestros clientes. Tanto si desea introducir mejoras en su proceso de contrataci\u00f3n actual como prepararse para una posible auditor\u00eda gubernamental, podemos ayudarle a mantenerse organizado y en cumplimiento de la normativa.<\/p>\n<p><img loading=\"lazy\" decoding=\"async\" class=\"aligncenter wp-image-2442 size-full\" title=\"Abogado con experiencia en visados H1B Rockland County\" src=\"https:\/\/ppid.com\/wp-content\/uploads\/2025\/04\/rockland-county-h1b-visa-lawyer.webp\" alt=\"Experienced Rockland County H1B Visa Attorney\" width=\"1200\" height=\"600\" srcset=\"https:\/\/ppid.com\/wp-content\/uploads\/2025\/04\/rockland-county-h1b-visa-lawyer.webp 1200w, https:\/\/ppid.com\/wp-content\/uploads\/2025\/04\/rockland-county-h1b-visa-lawyer-300x150.webp 300w, https:\/\/ppid.com\/wp-content\/uploads\/2025\/04\/rockland-county-h1b-visa-lawyer-1024x512.webp 1024w, https:\/\/ppid.com\/wp-content\/uploads\/2025\/04\/rockland-county-h1b-visa-lawyer-768x384.webp 768w, https:\/\/ppid.com\/wp-content\/uploads\/2025\/04\/rockland-county-h1b-visa-lawyer-18x9.webp 18w\" sizes=\"auto, (max-width: 1200px) 100vw, 1200px\" \/><\/p>\n<h2><span class=\"ez-toc-section\" id=\"hire-an-i-9-lawyer\"><\/span>Contratar a un abogado para el I-9<span class=\"ez-toc-section-end\"><\/span><\/h2>\n<p>En Pollack, Pollack, Isaac &amp; DeCicco, LLP, combinamos d\u00e9cadas de experiencia legal con un profundo conocimiento de las normas federales de verificaci\u00f3n de empleo. Reconocido entre los mejores bufetes de abogados en New York City por U.S. News and World Report, nuestro equipo ofrece orientaci\u00f3n I-9 a medida para los empleadores Queens.<\/p>\n<p>Conocemos la diversidad del entorno empresarial del distrito y ofrecemos soluciones pr\u00e1cticas y precisas para que su proceso de verificaci\u00f3n de la mano de obra cumpla las normas, est\u00e9 organizado y listo para las auditor\u00edas.<\/p>\n<h2><span class=\"ez-toc-section\" id=\"integrating-i-9-compliance-into-your-queens-hiring-process\"><\/span>Integrar el cumplimiento del I-9 en su proceso de contrataci\u00f3n Queens<span class=\"ez-toc-section-end\"><\/span><\/h2>\n<p>Los requisitos del I-9 afectan a todos los empleadores, pero la combinaci\u00f3n de empresas Queens es tan diversa que la coherencia es fundamental. Dado que casi <a href=\"https:\/\/advocacy.sba.gov\/wp-content\/uploads\/2023\/11\/2023-Small-Business-Economic-Profile-NY.pdf\" target=\"_blank\" rel=\"noopener\">47% de los empleados de New York <\/a>trabajar para peque\u00f1as empresas, garantizar la correcta documentaci\u00f3n I-9 no es s\u00f3lo un requisito legal. Es una parte vital de la protecci\u00f3n de su mano de obra y evitar costosas sanciones.<\/p>\n<p>Nos asociamos con usted para integrar los pasos de verificaci\u00f3n en la incorporaci\u00f3n, convirti\u00e9ndolos en una parte rutinaria del proceso. Rellenar los formularios con precisi\u00f3n, revisar los documentos aceptables en tiempo real y almacenar los registros de forma segura durante el tiempo necesario son aspectos en los que podemos ayudarle.<\/p>\n<p>Integrar los requisitos del I-9 en su flujo de trabajo normal de contrataci\u00f3n ayuda a minimizar los errores de \u00faltima hora y a mantener la verificaci\u00f3n de su plantilla conforme a la ley federal.<\/p>\n<h2><span class=\"ez-toc-section\" id=\"proactive-strategies-for-avoiding-i-9-penalties\"><\/span>Estrategias proactivas para evitar las sanciones del I-9<span class=\"ez-toc-section-end\"><\/span><\/h2>\n<p>Las infracciones del I-9 pueden dar lugar a multas elevadas, incluso por errores involuntarios. En <a href=\"https:\/\/en.wikipedia.org\/wiki\/Queens\" target=\"_blank\" rel=\"noopener\">Queens<\/a>Los sectores con un alto volumen de contrataci\u00f3n y rotaci\u00f3n de personal, como la hosteler\u00eda, la log\u00edstica y la sanidad, suelen estar expuestos a un mayor riesgo. Le ayudamos a realizar auditor\u00edas internas programadas, descubrir posibles \u00e1reas de riesgo y resolver problemas antes de que llamen la atenci\u00f3n de la Administraci\u00f3n.<\/p>\n<p>Si alguna vez se inspeccionan sus registros, un sistema I-9 limpio y bien organizado puede demostrar que ha hecho un esfuerzo de buena fe por cumplir la ley y ayudar a proteger su empresa de interrupciones injustificadas.<\/p>\n<h2><span class=\"ez-toc-section\" id=\"addressing-special-i-9-challenges-in-queens-industries\"><\/span>Afrontar los retos especiales del I-9 en las industrias Queens<span class=\"ez-toc-section-end\"><\/span><\/h2>\n<p>Los empresarios de Queens pueden encontrarse con diversos problemas, como registros de identificaci\u00f3n no coincidentes, empleados con autorizaciones de trabajo caducadas que requieren una nueva verificaci\u00f3n y la documentaci\u00f3n de empleados remotos, entre otros. Nuestro equipo jur\u00eddico entiende los retos a los que se enfrentan las peque\u00f1as y grandes empresas del distrito y trabaja para personalizar soluciones que se ajusten a sus necesidades.<\/p>\n<p>Tanto si dirige un restaurante familiar como un gigantesco almac\u00e9n de distribuci\u00f3n, le ofrecemos consejos pr\u00e1cticos f\u00e1ciles de entender y aplicar para que sus procesos I-9 funcionen sin problemas, sus registros est\u00e9n actualizados y su empresa est\u00e9 preparada para cualquier posible auditor\u00eda federal.<\/p>\n<h2><span class=\"ez-toc-section\" id=\"faqs\"><\/span>Preguntas frecuentes<span class=\"ez-toc-section-end\"><\/span><\/h2>\n<div class=\"accsec-ritcnt accordion\">\n<div class=\"accordion-section\">\n<h3><span class=\"ez-toc-section\" id=\"what-is-the-purpose-of-form-i-9-for-queens-employers\"><\/span><a class=\"accordion-section-title active\" href=\"#accordion-1\">\u00bfPara qu\u00e9 sirve el formulario I-9 a los empresarios Queens?<\/a><span class=\"ez-toc-section-end\"><\/span><\/h3>\n<div id=\"accordion-1\" class=\"accordion-section-content open\" style=\"display: block;\">\n<p>El formulario I-9 para empresarios Queens se utiliza para confirmar la identidad y la elegibilidad para el empleo de cada persona reci\u00e9n contratada para trabajar en Estados Unidos. Los empleadores deben examinar y documentar los documentos presentados por cada empleado y conservar estos registros de verificaci\u00f3n de la elegibilidad para el empleo durante un per\u00edodo determinado. La correcta cumplimentaci\u00f3n del formulario tambi\u00e9n ayudar\u00e1 a los empresarios Queens a cumplir la legislaci\u00f3n federal.<\/p>\n<\/div>\n<\/div>\n<div class=\"accordion-section\">\n<h3><span class=\"ez-toc-section\" id=\"how-long-should-queens-employers-retain-i-9-forms\"><\/span><a class=\"accordion-section-title\" href=\"#accordion-2\">\u00bfCu\u00e1nto tiempo deben conservar los empresarios los formularios I-9?<\/a><span class=\"ez-toc-section-end\"><\/span><\/h3>\n<div id=\"accordion-2\" class=\"accordion-section-content\" style=\"display: none;\">\n<p>Queens Las normas de conservaci\u00f3n del formulario I-9 obligan a los empleadores a conservar el formulario I-9 debidamente cumplimentado durante tres a\u00f1os a partir de la fecha de contrataci\u00f3n o un a\u00f1o despu\u00e9s de que finalice la relaci\u00f3n laboral, si esta \u00faltima fecha es posterior. Esta normativa federal se aplica a todas las empresas, independientemente de su tama\u00f1o o sector. La retenci\u00f3n oportuna y precisa es fundamental para evitar problemas de cumplimiento y multas costosas.<\/p>\n<\/div>\n<\/div>\n<div class=\"accordion-section\">\n<h3><span class=\"ez-toc-section\" id=\"what-triggers-an-i-9-audit-in-queens\"><\/span><a class=\"accordion-section-title\" href=\"#accordion-3\">\u00bfQu\u00e9 desencadena una auditor\u00eda I-9 en Queens?<\/a><span class=\"ez-toc-section-end\"><\/span><\/h3>\n<div id=\"accordion-3\" class=\"accordion-section-content\" style=\"display: none;\">\n<p>Un proceso de selecci\u00f3n, las quejas de los empleados o los datos de otras investigaciones pueden dar lugar a auditor\u00edas del I-9 para empresarios Queens. Las empresas deben estar preparadas porque las investigaciones gubernamentales suelen comenzar sin previo aviso en cualquier momento.<\/p>\n<p>Al trabajar con PPID para realizar auditor\u00edas internas con antelaci\u00f3n, corregir errores y organizar los registros para su inspecci\u00f3n, los empleadores pueden demostrar un cumplimiento de buena fe, ayudar a garantizar que los documentos est\u00e1n actualizados y reducir el riesgo de costosas interrupciones de la actividad empresarial que pueden derivarse de una auditor\u00eda oficial.<\/p>\n<\/div>\n<\/div>\n<div class=\"accordion-section\">\n<h3><span class=\"ez-toc-section\" id=\"how-can-queens-employers-prepare-for-a-potential-i-9-inspection\"><\/span><a class=\"accordion-section-title\" href=\"#accordion-4\">\u00bfC\u00f3mo pueden los empresarios Queens prepararse para una posible inspecci\u00f3n del I-9?<\/a><span class=\"ez-toc-section-end\"><\/span><\/h3>\n<div id=\"accordion-4\" class=\"accordion-section-content\" style=\"display: none;\">\n<p>Queens los empleadores deben mantener los formularios completos y actualizados almacenados de forma segura durante el per\u00edodo de conservaci\u00f3n obligatorio para prepararse eficazmente para una auditor\u00eda I-9. La preparaci\u00f3n tambi\u00e9n implica la realizaci\u00f3n de una auditor\u00eda interna, la correcci\u00f3n de los errores descubiertos y la garant\u00eda de que todos los documentos cumplen los requisitos federales.<\/p>\n<p>PPID ofrece apoyo a los empresarios Queens mediante el desarrollo de sistemas de mantenimiento de registros y procesos de revisi\u00f3n que integran el cumplimiento en sus actividades empresariales diarias para reducir el estr\u00e9s y los trastornos derivados de auditor\u00edas gubernamentales inesperadas.<\/p>\n<\/div>\n<\/div>\n<div class=\"accordion-section\">\n<h3><span class=\"ez-toc-section\" id=\"how-does-employee-turnover-affect-i-9-compliance-in-queens\"><\/span><a class=\"accordion-section-title\" href=\"#accordion-5\">\u00bfC\u00f3mo afecta la rotaci\u00f3n de empleados al cumplimiento del I-9 en Queens?<\/a><span class=\"ez-toc-section-end\"><\/span><\/h3>\n<div id=\"accordion-5\" class=\"accordion-section-content\" style=\"display: none;\">\n<p>La rotaci\u00f3n de empleados afecta al cumplimiento del I-9 en Queens al aumentar la necesidad de mantener registros precisos y de realizar verificaciones a tiempo. Las contrataciones frecuentes pueden facilitar que se produzcan errores o que se incumplan los plazos, especialmente en sectores de gran actividad como la hosteler\u00eda o el comercio minorista.<\/p>\n<p>Para evitar sanciones y mantener la coherencia en la cumplimentaci\u00f3n de las verificaciones, los empleadores Queens deben optimizar sus procedimientos de incorporaci\u00f3n al tiempo que conservan documentos precisos. Unos sistemas y pr\u00e1cticas de formaci\u00f3n adecuados permiten a las empresas ajustarse a las fluctuaciones de personal sin dejar de cumplir la normativa federal.<\/p>\n<\/div>\n<\/div>\n<\/div>\n<h2><span class=\"ez-toc-section\" id=\"contact-queens-i-9-lawyer\"><\/span>Contacto Queens I-9 Abogado<span class=\"ez-toc-section-end\"><\/span><\/h2>\n<p>El cumplimiento del I-9 es una obligaci\u00f3n legal que todos los empresarios Queens deben conocer. Los errores en la verificaci\u00f3n o el mantenimiento de registros pueden dar lugar a multas elevadas, pero con los procedimientos adecuados, los empleadores pueden hacer que el cumplimiento del I-9 sea una parte rutinaria de sus pr\u00e1cticas de contrataci\u00f3n.<\/p>\n<p>En Pollack, Pollack, Isaac &amp; DeCicco, LLP, nuestros abogados trabajan con los empleadores en todo el municipio para ayudar a asegurar que cada formulario I-9 est\u00e1 debidamente cumplimentado con el apoyo de documentos v\u00e1lidos y almacenados de forma segura.<\/p>\n<p>Nuestra <a href=\"https:\/\/ppid.com\/es\/queens-immigration-lawyer\/\">Queens abogados de inmigraci\u00f3n<\/a> desarrollar\u00e1 estrategias basadas en la rapidez y diversidad de su plantilla Queens y le guiar\u00e1 para que se mantenga organizado y en l\u00ednea con las normas federales de contrataci\u00f3n, de modo que pueda confiar en que sus registros de verificaci\u00f3n de empleo est\u00e9n siempre listos para la inspecci\u00f3n. <a href=\"https:\/\/ppid.com\/es\/contact\/\">Reservar una consulta<\/a> con nuestro equipo hoy mismo.<\/p>\n<p><iframe loading=\"lazy\" style=\"border: 0;\" src=\"https:\/\/www.google.com\/maps\/embed?pb=!1m18!1m12!1m3!1d192241.84138201142!2d-74.22560799609786!3d41.16117844501192!2m3!1f0!2f0!3f0!3m2!1i1024!2i768!4f13.1!3m3!1m2!1s0x89c2c9caf11a7127%3A0x1f98163a4a0f684e!2sRockland%20County%2C%20NY%2C%20USA!5e0!3m2!1sen!2sin!4v1750682077992!5m2!1sen!2sin\" width=\"100%\" height=\"300\" allowfullscreen=\"allowfullscreen\"><\/iframe><\/p>","protected":false},"excerpt":{"rendered":"<p>Queens I-9 Attorney Queens&#8217; employers face the same federal I-9 requirements as the rest of the country, but the borough&#8217;s mix of global corporations, small family-owned businesses, and rapid-growth startups creates its own set of challenges. Each time you bring a new employee on board, you must confirm their identity and employment authorization. For this &hellip; <\/p>\n<p class=\"link-more\"><a href=\"https:\/\/ppid.com\/es\/queens-i-9-lawyer\/\" class=\"more-link\">Seguir leyendo<span class=\"screen-reader-text\"> &#8220;Queens I-9 Lawyer&#8221;<\/span><\/a><\/p>","protected":false},"author":1,"featured_media":0,"parent":0,"menu_order":0,"comment_status":"closed","ping_status":"closed","template":"","meta":{"_acf_changed":false,"footnotes":""},"class_list":["post-2729","page","type-page","status-publish","hentry","entry"],"acf":[],"yoast_head":"<!-- This site is optimized with the Yoast SEO Premium plugin v26.8 (Yoast SEO v26.8) - https:\/\/yoast.com\/product\/yoast-seo-premium-wordpress\/ -->\n<title>Queens I-9 Lawyer &amp; Law Firm<\/title>\n<meta name=\"description\" content=\"Need a Brooklyn I-9 Lawyer? PPID protects businesses from costly fines with trusted I-9 compliance and audit defense strategies. Book a consultation now.\" \/>\n<meta name=\"robots\" content=\"index, follow, max-snippet:-1, max-image-preview:large, max-video-preview:-1\" \/>\n<link rel=\"canonical\" href=\"https:\/\/ppid.com\/es\/queens-i-9-lawyer\/\" \/>\n<meta property=\"og:locale\" content=\"es_MX\" \/>\n<meta property=\"og:type\" content=\"article\" \/>\n<meta property=\"og:title\" content=\"Queens I-9 Lawyer\" \/>\n<meta property=\"og:description\" content=\"Need a Brooklyn I-9 Lawyer? PPID protects businesses from costly fines with trusted I-9 compliance and audit defense strategies. Book a consultation now.\" \/>\n<meta property=\"og:url\" content=\"https:\/\/ppid.com\/es\/queens-i-9-lawyer\/\" \/>\n<meta property=\"og:site_name\" content=\"Pollack, Pollack, Isaac &amp; DeCicco, LLP\" \/>\n<meta property=\"article:modified_time\" content=\"2025-09-08T11:25:23+00:00\" \/>\n<meta property=\"og:image\" content=\"https:\/\/ppid.com\/wp-content\/uploads\/2025\/04\/rockland-county-h1b-visa-lawyer.webp\" \/>\n\t<meta property=\"og:image:width\" content=\"1200\" \/>\n\t<meta property=\"og:image:height\" content=\"600\" \/>\n\t<meta property=\"og:image:type\" content=\"image\/webp\" \/>\n<meta name=\"twitter:card\" content=\"summary_large_image\" \/>\n<meta name=\"twitter:label1\" content=\"Tiempo de lectura\" \/>\n\t<meta name=\"twitter:data1\" content=\"5 minutos\" \/>\n<!-- \/ Yoast SEO Premium plugin. -->","yoast_head_json":{"title":"Queens I-9 Abogado y bufete de abogados","description":"\u00bfNecesita un abogado I-9 de Brooklyn? PPID protege a las empresas de multas costosas con estrategias confiables de cumplimiento del I-9 y de defensa contra auditor\u00edas. Reserve una consulta ahora.","robots":{"index":"index","follow":"follow","max-snippet":"max-snippet:-1","max-image-preview":"max-image-preview:large","max-video-preview":"max-video-preview:-1"},"canonical":"https:\/\/ppid.com\/es\/queens-i-9-lawyer\/","og_locale":"es_MX","og_type":"article","og_title":"Queens I-9 Lawyer","og_description":"Need a Brooklyn I-9 Lawyer? PPID protects businesses from costly fines with trusted I-9 compliance and audit defense strategies. Book a consultation now.","og_url":"https:\/\/ppid.com\/es\/queens-i-9-lawyer\/","og_site_name":"Pollack, Pollack, Isaac &amp; DeCicco, LLP","article_modified_time":"2025-09-08T11:25:23+00:00","og_image":[{"width":1200,"height":600,"url":"https:\/\/ppid.com\/wp-content\/uploads\/2025\/04\/rockland-county-h1b-visa-lawyer.webp","type":"image\/webp"}],"twitter_card":"summary_large_image","twitter_misc":{"Tiempo de lectura":"5 minutos"},"schema":{"@context":"https:\/\/schema.org","@graph":[{"@type":"WebPage","@id":"https:\/\/ppid.com\/queens-i-9-lawyer\/","url":"https:\/\/ppid.com\/queens-i-9-lawyer\/","name":"Queens I-9 Abogado y bufete de abogados","isPartOf":{"@id":"https:\/\/ppid.com\/#website"},"primaryImageOfPage":{"@id":"https:\/\/ppid.com\/queens-i-9-lawyer\/#primaryimage"},"image":{"@id":"https:\/\/ppid.com\/queens-i-9-lawyer\/#primaryimage"},"thumbnailUrl":"https:\/\/ppid.com\/wp-content\/uploads\/2025\/04\/rockland-county-h1b-visa-lawyer.webp","datePublished":"2025-09-08T06:57:45+00:00","dateModified":"2025-09-08T11:25:23+00:00","description":"\u00bfNecesita un abogado I-9 de Brooklyn? PPID protege a las empresas de multas costosas con estrategias confiables de cumplimiento del I-9 y de defensa contra auditor\u00edas. Reserve una consulta ahora.","breadcrumb":{"@id":"https:\/\/ppid.com\/queens-i-9-lawyer\/#breadcrumb"},"inLanguage":"es","potentialAction":[{"@type":"ReadAction","target":["https:\/\/ppid.com\/queens-i-9-lawyer\/"]}]},{"@type":"ImageObject","inLanguage":"es","@id":"https:\/\/ppid.com\/queens-i-9-lawyer\/#primaryimage","url":"https:\/\/ppid.com\/wp-content\/uploads\/2025\/04\/rockland-county-h1b-visa-lawyer.webp","contentUrl":"https:\/\/ppid.com\/wp-content\/uploads\/2025\/04\/rockland-county-h1b-visa-lawyer.webp"},{"@type":"BreadcrumbList","@id":"https:\/\/ppid.com\/queens-i-9-lawyer\/#breadcrumb","itemListElement":[{"@type":"ListItem","position":1,"name":"Home","item":"https:\/\/ppid.com\/"},{"@type":"ListItem","position":2,"name":"Queens I-9 Lawyer"}]},{"@type":"WebSite","@id":"https:\/\/ppid.com\/#website","url":"https:\/\/ppid.com\/","name":"Pollack, Pollack, Isaac &amp; DeCicco, LLP","description":"","potentialAction":[{"@type":"SearchAction","target":{"@type":"EntryPoint","urlTemplate":"https:\/\/ppid.com\/?s={search_term_string}"},"query-input":{"@type":"PropertyValueSpecification","valueRequired":true,"valueName":"search_term_string"}}],"inLanguage":"es"}]}},"_links":{"self":[{"href":"https:\/\/ppid.com\/es\/wp-json\/wp\/v2\/pages\/2729","targetHints":{"allow":["GET"]}}],"collection":[{"href":"https:\/\/ppid.com\/es\/wp-json\/wp\/v2\/pages"}],"about":[{"href":"https:\/\/ppid.com\/es\/wp-json\/wp\/v2\/types\/page"}],"author":[{"embeddable":true,"href":"https:\/\/ppid.com\/es\/wp-json\/wp\/v2\/users\/1"}],"replies":[{"embeddable":true,"href":"https:\/\/ppid.com\/es\/wp-json\/wp\/v2\/comments?post=2729"}],"version-history":[{"count":0,"href":"https:\/\/ppid.com\/es\/wp-json\/wp\/v2\/pages\/2729\/revisions"}],"wp:attachment":[{"href":"https:\/\/ppid.com\/es\/wp-json\/wp\/v2\/media?parent=2729"}],"curies":[{"name":"wp","href":"https:\/\/api.w.org\/{rel}","templated":true}]}}