{"id":2913,"date":"2025-12-17T11:18:56","date_gmt":"2025-12-17T11:18:56","guid":{"rendered":"https:\/\/ppidllp.wpenginepowered.com\/?page_id=2913"},"modified":"2025-12-17T17:28:02","modified_gmt":"2025-12-17T17:28:02","slug":"long-island-e1-visa-lawyer","status":"publish","type":"page","link":"https:\/\/ppid.com\/es\/long-island-e1-visa-lawyer\/","title":{"rendered":"Abogado especializado en visas E1 de Long Island"},"content":{"rendered":"<div id=\"ez-toc-container\" class=\"ez-toc-v2_0_80 counter-hierarchy ez-toc-counter ez-toc-transparent ez-toc-container-direction\">\n<div class=\"ez-toc-title-container\">\n<p class=\"ez-toc-title ez-toc-toggle\" style=\"cursor:pointer\">\u00cdndice<\/p>\n<span class=\"ez-toc-title-toggle\"><a href=\"#\" class=\"ez-toc-pull-right ez-toc-btn ez-toc-btn-xs ez-toc-btn-default ez-toc-toggle\" aria-label=\"Toggle Table of Content\"><span class=\"ez-toc-js-icon-con\"><span class=\"\"><span class=\"eztoc-hide\" style=\"display:none;\">Toggle<\/span><span class=\"ez-toc-icon-toggle-span\"><svg style=\"fill: #999;color:#999\" xmlns=\"http:\/\/www.w3.org\/2000\/svg\" class=\"list-377408\" width=\"20px\" height=\"20px\" viewbox=\"0 0 24 24\" fill=\"none\"><path d=\"M6 6H4v2h2V6zm14 0H8v2h12V6zM4 11h2v2H4v-2zm16 0H8v2h12v-2zM4 16h2v2H4v-2zm16 0H8v2h12v-2z\" fill=\"currentColor\"><\/path><\/svg><svg style=\"fill: #999;color:#999\" class=\"arrow-unsorted-368013\" xmlns=\"http:\/\/www.w3.org\/2000\/svg\" width=\"10px\" height=\"10px\" viewbox=\"0 0 24 24\" version=\"1.2\" baseprofile=\"tiny\"><path d=\"M18.2 9.3l-6.2-6.3-6.2 6.3c-.2.2-.3.4-.3.7s.1.5.3.7c.2.2.4.3.7.3h11c.3 0 .5-.1.7-.3.2-.2.3-.5.3-.7s-.1-.5-.3-.7zM5.8 14.7l6.2 6.3 6.2-6.3c.2-.2.3-.5.3-.7s-.1-.5-.3-.7c-.2-.2-.4-.3-.7-.3h-11c-.3 0-.5.1-.7.3-.2.2-.3.5-.3.7s.1.5.3.7z\"\/><\/svg><\/span><\/span><\/span><\/a><\/span><\/div>\n<nav><ul class='ez-toc-list ez-toc-list-level-1 eztoc-toggle-hide-by-default' ><li class='ez-toc-page-1 ez-toc-heading-level-2'><a class=\"ez-toc-link ez-toc-heading-1\" href=\"https:\/\/ppid.com\/es\/long-island-e1-visa-lawyer\/#long-island-e1-visa-attorney\" >Abogado especializado en visas E1 de Long Island<\/a><\/li><li class='ez-toc-page-1 ez-toc-heading-level-2'><a class=\"ez-toc-link ez-toc-heading-2\" href=\"https:\/\/ppid.com\/es\/long-island-e1-visa-lawyer\/#the-application-process-for-an-e1-visa\" >El proceso de solicitud de una visa E1<\/a><\/li><li class='ez-toc-page-1 ez-toc-heading-level-2'><a class=\"ez-toc-link ez-toc-heading-3\" href=\"https:\/\/ppid.com\/es\/long-island-e1-visa-lawyer\/#why-hire-an-e1-visa-lawyer\" >\u00bfPor qu\u00e9 contratar a un abogado especializado en visas E1?<\/a><\/li><li class='ez-toc-page-1 ez-toc-heading-level-2'><a class=\"ez-toc-link ez-toc-heading-4\" href=\"https:\/\/ppid.com\/es\/long-island-e1-visa-lawyer\/#faqs\" >Preguntas frecuentes<\/a><ul class='ez-toc-list-level-3' ><li class='ez-toc-heading-level-3'><a class=\"ez-toc-link ez-toc-heading-5\" href=\"https:\/\/ppid.com\/es\/long-island-e1-visa-lawyer\/#how-does-the-e1-visa-work-on-long-island\" >\u00bfC\u00f3mo funciona la visa E1 en Long Island?<\/a><\/li><li class='ez-toc-page-1 ez-toc-heading-level-3'><a class=\"ez-toc-link ez-toc-heading-6\" href=\"https:\/\/ppid.com\/es\/long-island-e1-visa-lawyer\/#q-can-an-e1-visa-holder-apply-for-a-green-card\" >P: \u00bfPuede un titular de una visa E1 solicitar una tarjeta de residencia?<\/a><\/li><li class='ez-toc-page-1 ez-toc-heading-level-3'><a class=\"ez-toc-link ez-toc-heading-7\" href=\"https:\/\/ppid.com\/es\/long-island-e1-visa-lawyer\/#q-how-long-can-i-stay-in-the-us-with-an-e1-visa\" >P: \u00bfCu\u00e1nto tiempo puedo permanecer en los Estados Unidos con una visa E1?<\/a><\/li><li class='ez-toc-page-1 ez-toc-heading-level-3'><a class=\"ez-toc-link ez-toc-heading-8\" href=\"https:\/\/ppid.com\/es\/long-island-e1-visa-lawyer\/#q-how-can-a-lawyer-help-with-my-e1-visa-case\" >P: \u00bfC\u00f3mo puede ayudarme un abogado con mi caso de visa E1?<\/a><\/li><\/ul><\/li><li class='ez-toc-page-1 ez-toc-heading-level-2'><a class=\"ez-toc-link ez-toc-heading-9\" href=\"https:\/\/ppid.com\/es\/long-island-e1-visa-lawyer\/#reach-out-to-an-e1-visa-lawyer-today\" >P\u00f3ngase en contacto con un abogado especializado en visas E1 hoy mismo.<\/a><\/li><\/ul><\/nav><\/div>\n<h2><span class=\"ez-toc-section\" id=\"long-island-e1-visa-attorney\"><\/span>Abogado especializado en visas E1 de Long Island<span class=\"ez-toc-section-end\"><\/span><\/h2>\n<p>Si usted es un inmigrante de un pa\u00eds con tratado que necesita la documentaci\u00f3n adecuada para realizar actividades comerciales importantes entre su pa\u00eds de origen y los Estados Unidos, es fundamental que complete y presente los documentos necesarios para poder obtener una visa E1. Hay muchos aspectos diferentes que deber\u00e1 demostrar, y cumplir con todos los requisitos por su cuenta puede resultar dif\u00edcil. A <strong>Abogado especializado en visas Long Island E1<\/strong> puede ayudarle a determinar los pasos adecuados que debe seguir.<\/p>\n<p>El equipo legal de <a href=\"https:\/\/ppid.com\/es\/\">Pollack, Pollack, Isaac &amp; DeCicco<\/a> entiende lo dif\u00edcil que puede resultar solicitar una visa. Existen muchos tipos diferentes de visas, y cada una de ellas tiene sus propios tr\u00e1mites legales. Contar con un abogado especializado en visas Long Island E1 a su lado puede ser de gran ayuda a la hora de navegar por el proceso espec\u00edfico para sus circunstancias.<\/p>\n<p>Nuestro equipo legal especializado lleva 60 a\u00f1os ayudando a clientes con sus casos de inmigraci\u00f3n, y podemos ayudarle con el proceso de obtenci\u00f3n de la visa E1 con total confianza.<\/p>\n<p><img loading=\"lazy\" decoding=\"async\" class=\"aligncenter wp-image-2938 size-full\" title=\"Abogado experto en visas Long Island E1\" src=\"https:\/\/ppid.com\/wp-content\/uploads\/2025\/12\/long-island-e1-visa-lawyer.webp\" alt=\"Skilled Long Island E1 Visa Lawyer\" width=\"1200\" height=\"600\" srcset=\"https:\/\/ppid.com\/wp-content\/uploads\/2025\/12\/long-island-e1-visa-lawyer.webp 1200w, https:\/\/ppid.com\/wp-content\/uploads\/2025\/12\/long-island-e1-visa-lawyer-300x150.webp 300w, https:\/\/ppid.com\/wp-content\/uploads\/2025\/12\/long-island-e1-visa-lawyer-1024x512.webp 1024w, https:\/\/ppid.com\/wp-content\/uploads\/2025\/12\/long-island-e1-visa-lawyer-768x384.webp 768w, https:\/\/ppid.com\/wp-content\/uploads\/2025\/12\/long-island-e1-visa-lawyer-18x9.webp 18w\" sizes=\"auto, (max-width: 1200px) 100vw, 1200px\" \/><\/p>\n<h2><span class=\"ez-toc-section\" id=\"the-application-process-for-an-e1-visa\"><\/span>El proceso de solicitud de una visa E1<span class=\"ez-toc-section-end\"><\/span><\/h2>\n<p>Para obtener una visa E1 en <a href=\"https:\/\/en.wikipedia.org\/wiki\/Long_Island\" target=\"_blank\" rel=\"noopener\">Long Island<\/a>, New York, debes cumplir con ciertos requisitos de elegibilidad espec\u00edficos para ese tipo de visa en particular. <strong>Los requisitos de elegibilidad incluyen:<\/strong><\/p>\n<ul>\n<li>Debes ser ciudadano de un pa\u00eds que tenga un tratado de comercio o amistad con los Estados Unidos.<\/li>\n<li>Debe participar en actividades comerciales sustanciales entre su pa\u00eds de origen y los Estados Unidos.<\/li>\n<li>Este comercio puede adoptar muchas formas diferentes, incluyendo bienes, servicios, transporte, tecnolog\u00eda y banca internacional.<\/li>\n<li>Tu principal motivo para venir a Estados Unidos es dedicarte a este oficio.<\/li>\n<\/ul>\n<p><strong>Si est\u00e1 solicitando una visa E1, es importante que comprenda el proceso de solicitud:<\/strong><\/p>\n<ul>\n<li>El primer paso es rellenar los formularios DS-160 y DS-156E en l\u00ednea. Es posible que desee ponerse en contacto con un abogado para que le ayude a rellenar estos formularios correctamente.<\/li>\n<li>Aseg\u00farese de reunir todos los documentos necesarios y pertinentes, incluyendo su pasaporte, una carta de presentaci\u00f3n y una hoja de c\u00e1lculo detallada que enumere todas las transacciones comerciales que cumplan los requisitos del a\u00f1o natural anterior.<\/li>\n<li>A continuaci\u00f3n, programar\u00e1 una entrevista con el consulado de los Estados Unidos. Cuando acuda a la entrevista, deber\u00e1 proporcionar sus huellas dactilares, una fotograf\u00eda y responder a preguntas sobre sus actividades comerciales.<\/li>\n<li>Una vez que se haya presentado la documentaci\u00f3n y se haya completado la entrevista, deber\u00e1 esperar una respuesta. Esto puede tardar varios meses, aunque los tiempos de tramitaci\u00f3n var\u00edan.<\/li>\n<\/ul>\n<h2><span class=\"ez-toc-section\" id=\"why-hire-an-e1-visa-lawyer\"><\/span>\u00bfPor qu\u00e9 contratar a un abogado especializado en visas E1?<span class=\"ez-toc-section-end\"><\/span><\/h2>\n<p>Hay muchas razones importantes por las que deber\u00edas contratar a un <a href=\"https:\/\/www.uscis.gov\/working-in-the-united-states\/temporary-workers\/e-1-treaty-traders\" target=\"_blank\" rel=\"noopener\">Visa E1<\/a> abogado. Por encima de todo, usted quiere asegurarse de que su caso se est\u00e1 gestionando correctamente y de que ha presentado toda la documentaci\u00f3n necesaria. Un abogado con experiencia puede ayudarle a resolver todos los aspectos de su caso. En Pollack, Pollack, Isaac &amp; DeCicco, nuestro talentoso equipo legal habla muchos idiomas diferentes y puede ofrecerle inclusi\u00f3n, as\u00ed como una experiencia personalizada. Nuestra firma puede proporcionarle atenci\u00f3n y compromiso.<\/p>\n<p>Puede que te resulte importante saber cu\u00e1ntas visas se tramitan cada a\u00f1o en Estados Unidos, ya que las cifras pueden hacerte sentir m\u00e1s seguro respecto a tu propia situaci\u00f3n. Seg\u00fan los datos estad\u00edsticos del Departamento de Estado, hubo <a href=\"https:\/\/travel.state.gov\/content\/dam\/visas\/Statistics\/AnnualReports\/FY2024AnnualReport\/Table%20I.pdf\" target=\"_blank\" rel=\"noopener\">612 000 visas de inmigrante<\/a> procesados en todo el pa\u00eds solo en 2024, con casi <a href=\"https:\/\/travel.state.gov\/content\/dam\/visas\/Statistics\/AnnualReports\/FY2024AnnualReport\/Table%20II.pdf\" target=\"_blank\" rel=\"noopener\">50 000 de esos visados<\/a> siendo una preferencia basada en el empleo. Es posible que su situaci\u00f3n no sea tan \u00fanica como cree. Un buen abogado puede ayudarle.<\/p>\n<p>Si est\u00e1 solicitando una visa E1 desde el extranjero, podemos ayudarle a tramitarla desde su pa\u00eds, asegurarnos de que la documentaci\u00f3n se presente correctamente, guiarle a trav\u00e9s del proceso de entrevista y acompa\u00f1arle en su viaje a los Estados Unidos. Si ya reside como inmigrante legal en Long Island, podemos indicarle c\u00f3mo cambiar su estatus y qu\u00e9 pruebas necesitar\u00e1 para poder optar al cambio de estatus.<\/p>\n<h2><span class=\"ez-toc-section\" id=\"faqs\"><\/span>Preguntas frecuentes<span class=\"ez-toc-section-end\"><\/span><\/h2>\n<div class=\"accsec-ritcnt accordion\">\n<div class=\"accordion-section\">\n<h3><span class=\"ez-toc-section\" id=\"how-does-the-e1-visa-work-on-long-island\"><\/span><a class=\"accordion-section-title active\" href=\"#accordion-1\">\u00bfC\u00f3mo funciona la visa E1 en Long Island?<\/a><span class=\"ez-toc-section-end\"><\/span><\/h3>\n<div id=\"accordion-1\" class=\"accordion-section-content open\" style=\"display: block;\">\n<p>La visa E1 es vital para los empleados o propietarios de empresas que son comerciantes tratados y que realizan negocios con frecuencia en los Estados Unidos desde pa\u00edses que son socios comerciales habituales de los EE. UU. Una visa E1 le permite continuar con su negocio dentro de los Estados Unidos. Para poder optar a ella, debe existir un volumen sustancial de comercio con m\u00faltiples transacciones. Un abogado especializado en visas E1 de Long Island puede ayudarle a recopilar y proporcionar las pruebas necesarias.<\/p>\n<\/div>\n<\/div>\n<div class=\"accordion-section\">\n<h3><span class=\"ez-toc-section\" id=\"q-can-an-e1-visa-holder-apply-for-a-green-card\"><\/span><a class=\"accordion-section-title\" href=\"#accordion-2\">P: \u00bfPuede un titular de una visa E1 solicitar una tarjeta de residencia?<\/a><span class=\"ez-toc-section-end\"><\/span><\/h3>\n<div id=\"accordion-2\" class=\"accordion-section-content\" style=\"display: none;\">\n<p><strong>A:<\/strong> S\u00ed, los titulares de una visa E1 pueden solicitar una tarjeta de residencia, pero tener una visa E1 no garantiza necesariamente su obtenci\u00f3n. Se trata de dos documentos legales completamente diferentes que requieren tr\u00e1mites y procesos de solicitud distintos. Si desea obtener una tarjeta de residencia, le recomendamos que consulte con un abogado especializado en inmigraci\u00f3n sobre el proceso, que puede incluir el patrocinio familiar o un programa basado en inversiones, dependiendo de su caso.<\/p>\n<\/div>\n<\/div>\n<div class=\"accordion-section\">\n<h3><span class=\"ez-toc-section\" id=\"q-how-long-can-i-stay-in-the-us-with-an-e1-visa\"><\/span><a class=\"accordion-section-title\" href=\"#accordion-3\">P: \u00bfCu\u00e1nto tiempo puedo permanecer en los Estados Unidos con una visa E1?<\/a><span class=\"ez-toc-section-end\"><\/span><\/h3>\n<div id=\"accordion-3\" class=\"accordion-section-content\" style=\"display: none;\">\n<p><strong>A:<\/strong> Si tienes una visa E1, se te conceder\u00e1 un periodo de estancia inicial de dos a\u00f1os. Siempre existe la posibilidad de que se te conceda una pr\u00f3rroga y, con una visa E1, puedes solicitarla tantas veces como sea necesario si sigues reuniendo los requisitos. La pr\u00f3rroga ser\u00e1 de dos a\u00f1os adicionales.<\/p>\n<\/div>\n<\/div>\n<div class=\"accordion-section\">\n<h3><span class=\"ez-toc-section\" id=\"q-how-can-a-lawyer-help-with-my-e1-visa-case\"><\/span><a class=\"accordion-section-title\" href=\"#accordion-4\">P: \u00bfC\u00f3mo puede ayudarme un abogado con mi caso de visa E1?<\/a><span class=\"ez-toc-section-end\"><\/span><\/h3>\n<div id=\"accordion-4\" class=\"accordion-section-content\" style=\"display: none;\">\n<p><strong>A:<\/strong> Hay muchas formas en las que un abogado puede ayudarle con su caso de visa E1. Solicitar y obtener una visa E1, o cualquier otro tipo de visa, puede resultar abrumador y confuso. Lo \u00faltimo que desea es que su solicitud sea denegada por haber cometido un peque\u00f1o error. Con la ayuda de un abogado con experiencia, puede estar tranquilo sabiendo que su caso est\u00e1 siendo manejado por un profesional con amplia experiencia en el proceso de visas E1.<\/p>\n<\/div>\n<\/div>\n<\/div>\n<h2><span class=\"ez-toc-section\" id=\"reach-out-to-an-e1-visa-lawyer-today\"><\/span>P\u00f3ngase en contacto con un abogado especializado en visas E1 hoy mismo.<span class=\"ez-toc-section-end\"><\/span><\/h2>\n<p>En PPID, podemos ayudarle a obtener la visa que necesita si est\u00e1 interesado en el comercio internacional en Long Island. <a href=\"https:\/\/ppid.com\/es\/contact\/\">P\u00f3ngase en contacto con nosotros<\/a> para hablar hoy mismo con alguien sobre su caso. Sabemos c\u00f3mo ayudarle.<\/p>\n<p><iframe loading=\"lazy\" style=\"border: 0;\" src=\"https:\/\/www.google.com\/maps\/embed?pb=!1m18!1m12!1m3!1d772582.514009525!2d-72.9490754!3d40.8521095!2m3!1f0!2f0!3f0!3m2!1i1024!2i768!4f13.1!3m3!1m2!1s0x89e84454e1eea5cb%3A0x1df7f96186940d18!2sLong%20Island!5e0!3m2!1sen!2sin!4v1765970244593!5m2!1sen!2sin\" width=\"100%\" height=\"300\" allowfullscreen=\"allowfullscreen\"><span data-mce-type=\"bookmark\" style=\"display: inline-block; width: 0px; overflow: hidden; line-height: 0;\" class=\"mce_SELRES_start\"><\/span><\/iframe><\/p>","protected":false},"excerpt":{"rendered":"<p>Long Island E1 Visa Attorney If you are an immigrant from a treaty country who needs the proper documentation to engage in substantial trade between your home country and the United States, it is vital that you have the necessary paperwork filled out and filed so you can secure an E1 visa for yourself. There &hellip; <\/p>\n<p class=\"link-more\"><a href=\"https:\/\/ppid.com\/es\/long-island-e1-visa-lawyer\/\" class=\"more-link\">Seguir leyendo<span class=\"screen-reader-text\"> &#8220;Long Island E1 Visa Lawyer&#8221;<\/span><\/a><\/p>","protected":false},"author":1,"featured_media":0,"parent":0,"menu_order":0,"comment_status":"closed","ping_status":"closed","template":"","meta":{"_acf_changed":false,"footnotes":""},"class_list":["post-2913","page","type-page","status-publish","hentry","entry"],"acf":[],"yoast_head":"<!-- This site is optimized with the Yoast SEO Premium plugin v26.8 (Yoast SEO v26.8) - https:\/\/yoast.com\/product\/yoast-seo-premium-wordpress\/ -->\n<title>Long Island E1 Visa Lawyer &amp; Law Firm<\/title>\n<meta name=\"description\" content=\"Need a Long Island E1 Visa Lawyer to guide your treaty investor application? Pollack, Pollack, Isaac &amp; DeCicco, LLP helps businesses pursue E-1 visas with strategic immigration counsel.\" \/>\n<meta name=\"robots\" content=\"index, follow, max-snippet:-1, max-image-preview:large, max-video-preview:-1\" \/>\n<link rel=\"canonical\" href=\"https:\/\/ppid.com\/es\/long-island-e1-visa-lawyer\/\" \/>\n<meta property=\"og:locale\" content=\"es_MX\" \/>\n<meta property=\"og:type\" content=\"article\" \/>\n<meta property=\"og:title\" content=\"Long Island E1 Visa Lawyer\" \/>\n<meta property=\"og:description\" content=\"Need a Long Island E1 Visa Lawyer to guide your treaty investor application? Pollack, Pollack, Isaac &amp; DeCicco, LLP helps businesses pursue E-1 visas with strategic immigration counsel.\" \/>\n<meta property=\"og:url\" content=\"https:\/\/ppid.com\/es\/long-island-e1-visa-lawyer\/\" \/>\n<meta property=\"og:site_name\" content=\"Pollack, Pollack, Isaac &amp; DeCicco, LLP\" \/>\n<meta property=\"article:modified_time\" content=\"2025-12-17T17:28:02+00:00\" \/>\n<meta property=\"og:image\" content=\"https:\/\/ppid.com\/wp-content\/uploads\/2025\/12\/long-island-e1-visa-lawyer.webp\" \/>\n\t<meta property=\"og:image:width\" content=\"1200\" \/>\n\t<meta property=\"og:image:height\" content=\"600\" \/>\n\t<meta property=\"og:image:type\" content=\"image\/webp\" \/>\n<meta name=\"twitter:card\" content=\"summary_large_image\" \/>\n<meta name=\"twitter:label1\" content=\"Tiempo de lectura\" \/>\n\t<meta name=\"twitter:data1\" content=\"5 minutos\" \/>\n<!-- \/ Yoast SEO Premium plugin. -->","yoast_head_json":{"title":"Abogado y bufete especializado en visas E1 de Long Island","description":"\u00bfNecesita un abogado especializado en visas E1 Long Island que le oriente en su solicitud de inversionista en virtud del tratado? Pollack, Pollack, Isaac &amp; DeCicco, LLP ayuda a las empresas a obtener visas E-1 con asesoramiento estrat\u00e9gico en materia de inmigraci\u00f3n.","robots":{"index":"index","follow":"follow","max-snippet":"max-snippet:-1","max-image-preview":"max-image-preview:large","max-video-preview":"max-video-preview:-1"},"canonical":"https:\/\/ppid.com\/es\/long-island-e1-visa-lawyer\/","og_locale":"es_MX","og_type":"article","og_title":"Long Island E1 Visa Lawyer","og_description":"Need a Long Island E1 Visa Lawyer to guide your treaty investor application? Pollack, Pollack, Isaac & DeCicco, LLP helps businesses pursue E-1 visas with strategic immigration counsel.","og_url":"https:\/\/ppid.com\/es\/long-island-e1-visa-lawyer\/","og_site_name":"Pollack, Pollack, Isaac &amp; DeCicco, LLP","article_modified_time":"2025-12-17T17:28:02+00:00","og_image":[{"width":1200,"height":600,"url":"https:\/\/ppid.com\/wp-content\/uploads\/2025\/12\/long-island-e1-visa-lawyer.webp","type":"image\/webp"}],"twitter_card":"summary_large_image","twitter_misc":{"Tiempo de lectura":"5 minutos"},"schema":{"@context":"https:\/\/schema.org","@graph":[{"@type":"WebPage","@id":"https:\/\/ppid.com\/long-island-e1-visa-lawyer\/","url":"https:\/\/ppid.com\/long-island-e1-visa-lawyer\/","name":"Abogado y bufete especializado en visas E1 de Long Island","isPartOf":{"@id":"https:\/\/ppid.com\/#website"},"primaryImageOfPage":{"@id":"https:\/\/ppid.com\/long-island-e1-visa-lawyer\/#primaryimage"},"image":{"@id":"https:\/\/ppid.com\/long-island-e1-visa-lawyer\/#primaryimage"},"thumbnailUrl":"https:\/\/ppid.com\/wp-content\/uploads\/2025\/12\/long-island-e1-visa-lawyer.webp","datePublished":"2025-12-17T11:18:56+00:00","dateModified":"2025-12-17T17:28:02+00:00","description":"\u00bfNecesita un abogado especializado en visas E1 Long Island que le oriente en su solicitud de inversionista en virtud del tratado? Pollack, Pollack, Isaac &amp; DeCicco, LLP ayuda a las empresas a obtener visas E-1 con asesoramiento estrat\u00e9gico en materia de inmigraci\u00f3n.","breadcrumb":{"@id":"https:\/\/ppid.com\/long-island-e1-visa-lawyer\/#breadcrumb"},"inLanguage":"es","potentialAction":[{"@type":"ReadAction","target":["https:\/\/ppid.com\/long-island-e1-visa-lawyer\/"]}]},{"@type":"ImageObject","inLanguage":"es","@id":"https:\/\/ppid.com\/long-island-e1-visa-lawyer\/#primaryimage","url":"https:\/\/ppid.com\/wp-content\/uploads\/2025\/12\/long-island-e1-visa-lawyer.webp","contentUrl":"https:\/\/ppid.com\/wp-content\/uploads\/2025\/12\/long-island-e1-visa-lawyer.webp"},{"@type":"BreadcrumbList","@id":"https:\/\/ppid.com\/long-island-e1-visa-lawyer\/#breadcrumb","itemListElement":[{"@type":"ListItem","position":1,"name":"Home","item":"https:\/\/ppid.com\/"},{"@type":"ListItem","position":2,"name":"Long Island E1 Visa Lawyer"}]},{"@type":"WebSite","@id":"https:\/\/ppid.com\/#website","url":"https:\/\/ppid.com\/","name":"Pollack, Pollack, Isaac &amp; DeCicco, LLP","description":"","potentialAction":[{"@type":"SearchAction","target":{"@type":"EntryPoint","urlTemplate":"https:\/\/ppid.com\/?s={search_term_string}"},"query-input":{"@type":"PropertyValueSpecification","valueRequired":true,"valueName":"search_term_string"}}],"inLanguage":"es"}]}},"_links":{"self":[{"href":"https:\/\/ppid.com\/es\/wp-json\/wp\/v2\/pages\/2913","targetHints":{"allow":["GET"]}}],"collection":[{"href":"https:\/\/ppid.com\/es\/wp-json\/wp\/v2\/pages"}],"about":[{"href":"https:\/\/ppid.com\/es\/wp-json\/wp\/v2\/types\/page"}],"author":[{"embeddable":true,"href":"https:\/\/ppid.com\/es\/wp-json\/wp\/v2\/users\/1"}],"replies":[{"embeddable":true,"href":"https:\/\/ppid.com\/es\/wp-json\/wp\/v2\/comments?post=2913"}],"version-history":[{"count":0,"href":"https:\/\/ppid.com\/es\/wp-json\/wp\/v2\/pages\/2913\/revisions"}],"wp:attachment":[{"href":"https:\/\/ppid.com\/es\/wp-json\/wp\/v2\/media?parent=2913"}],"curies":[{"name":"wp","href":"https:\/\/api.w.org\/{rel}","templated":true}]}}