{"id":2915,"date":"2025-12-17T11:25:23","date_gmt":"2025-12-17T11:25:23","guid":{"rendered":"https:\/\/ppidllp.wpenginepowered.com\/?page_id=2915"},"modified":"2025-12-17T14:23:25","modified_gmt":"2025-12-17T14:23:25","slug":"long-island-vawa-immigration-lawyer","status":"publish","type":"page","link":"https:\/\/ppid.com\/es\/long-island-vawa-immigration-lawyer\/","title":{"rendered":"Abogado de inmigraci\u00f3n Long Island VAWA"},"content":{"rendered":"<div id=\"ez-toc-container\" class=\"ez-toc-v2_0_80 counter-hierarchy ez-toc-counter ez-toc-transparent ez-toc-container-direction\">\n<div class=\"ez-toc-title-container\">\n<p class=\"ez-toc-title ez-toc-toggle\" style=\"cursor:pointer\">\u00cdndice<\/p>\n<span class=\"ez-toc-title-toggle\"><a href=\"#\" class=\"ez-toc-pull-right ez-toc-btn ez-toc-btn-xs ez-toc-btn-default ez-toc-toggle\" aria-label=\"Toggle Table of Content\"><span class=\"ez-toc-js-icon-con\"><span class=\"\"><span class=\"eztoc-hide\" style=\"display:none;\">Toggle<\/span><span class=\"ez-toc-icon-toggle-span\"><svg style=\"fill: #999;color:#999\" xmlns=\"http:\/\/www.w3.org\/2000\/svg\" class=\"list-377408\" width=\"20px\" height=\"20px\" viewbox=\"0 0 24 24\" fill=\"none\"><path d=\"M6 6H4v2h2V6zm14 0H8v2h12V6zM4 11h2v2H4v-2zm16 0H8v2h12v-2zM4 16h2v2H4v-2zm16 0H8v2h12v-2z\" fill=\"currentColor\"><\/path><\/svg><svg style=\"fill: #999;color:#999\" class=\"arrow-unsorted-368013\" xmlns=\"http:\/\/www.w3.org\/2000\/svg\" width=\"10px\" height=\"10px\" viewbox=\"0 0 24 24\" version=\"1.2\" baseprofile=\"tiny\"><path d=\"M18.2 9.3l-6.2-6.3-6.2 6.3c-.2.2-.3.4-.3.7s.1.5.3.7c.2.2.4.3.7.3h11c.3 0 .5-.1.7-.3.2-.2.3-.5.3-.7s-.1-.5-.3-.7zM5.8 14.7l6.2 6.3 6.2-6.3c.2-.2.3-.5.3-.7s-.1-.5-.3-.7c-.2-.2-.4-.3-.7-.3h-11c-.3 0-.5.1-.7.3-.2.2-.3.5-.3.7s.1.5.3.7z\"\/><\/svg><\/span><\/span><\/span><\/a><\/span><\/div>\n<nav><ul class='ez-toc-list ez-toc-list-level-1 eztoc-toggle-hide-by-default' ><li class='ez-toc-page-1 ez-toc-heading-level-2'><a class=\"ez-toc-link ez-toc-heading-1\" href=\"https:\/\/ppid.com\/es\/long-island-vawa-immigration-lawyer\/#long-island-vawa-immigration-attorney\" >Abogado de inmigraci\u00f3n Long Island VAWA<\/a><\/li><li class='ez-toc-page-1 ez-toc-heading-level-2'><a class=\"ez-toc-link ez-toc-heading-2\" href=\"https:\/\/ppid.com\/es\/long-island-vawa-immigration-lawyer\/#vawa-immigration-eligibility-and-process\" >Elegibilidad y proceso de inmigraci\u00f3n seg\u00fan la Ley VAWA<\/a><\/li><li class='ez-toc-page-1 ez-toc-heading-level-2'><a class=\"ez-toc-link ez-toc-heading-3\" href=\"https:\/\/ppid.com\/es\/long-island-vawa-immigration-lawyer\/#why-hire-a-vawa-immigration-lawyer\" >\u00bfPor qu\u00e9 contratar a un abogado especializado en inmigraci\u00f3n VAWA?<\/a><\/li><li class='ez-toc-page-1 ez-toc-heading-level-2'><a class=\"ez-toc-link ez-toc-heading-4\" href=\"https:\/\/ppid.com\/es\/long-island-vawa-immigration-lawyer\/#faqs\" >Preguntas frecuentes<\/a><ul class='ez-toc-list-level-3' ><li class='ez-toc-heading-level-3'><a class=\"ez-toc-link ez-toc-heading-5\" href=\"https:\/\/ppid.com\/es\/long-island-vawa-immigration-lawyer\/#q-who-qualifies-for-vawa-protection-in-new-york\" >P: \u00bfQui\u00e9n re\u00fane los requisitos para recibir protecci\u00f3n en virtud de la VAWA en New York?<\/a><\/li><li class='ez-toc-page-1 ez-toc-heading-level-3'><a class=\"ez-toc-link ez-toc-heading-6\" href=\"https:\/\/ppid.com\/es\/long-island-vawa-immigration-lawyer\/#q-what-are-the-benefits-of-vawa-protection\" >P: \u00bfCu\u00e1les son los beneficios de la protecci\u00f3n de la VAWA?<\/a><\/li><li class='ez-toc-page-1 ez-toc-heading-level-3'><a class=\"ez-toc-link ez-toc-heading-7\" href=\"https:\/\/ppid.com\/es\/long-island-vawa-immigration-lawyer\/#q-is-vawa-hard-to-get-approved\" >P: \u00bfEs dif\u00edcil que se apruebe la VAWA?<\/a><\/li><li class='ez-toc-page-1 ez-toc-heading-level-3'><a class=\"ez-toc-link ez-toc-heading-8\" href=\"https:\/\/ppid.com\/es\/long-island-vawa-immigration-lawyer\/#q-what-can-disqualify-me-from-vawa-protection\" >P: \u00bfQu\u00e9 puede descalificarme de la protecci\u00f3n de la VAWA?<\/a><\/li><\/ul><\/li><li class='ez-toc-page-1 ez-toc-heading-level-2'><a class=\"ez-toc-link ez-toc-heading-9\" href=\"https:\/\/ppid.com\/es\/long-island-vawa-immigration-lawyer\/#contact-a-long-island-vawa-immigration-lawyer-today\" >P\u00f3ngase en contacto hoy mismo con un abogado de inmigraci\u00f3n especializado en la Ley de Violencia contra la Mujer (VAWA) de Long Island.<\/a><\/li><\/ul><\/nav><\/div>\n<h2><span class=\"ez-toc-section\" id=\"long-island-vawa-immigration-attorney\"><\/span>Abogado de inmigraci\u00f3n Long Island VAWA<span class=\"ez-toc-section-end\"><\/span><\/h2>\n<p>Hay muchas razones diferentes por las que las personas deciden solicitar una visa o una tarjeta de residencia. Una de ellas es la violencia. Si usted es un inmigrante casado con un ciudadano estadounidense maltratador o es hijo de uno, tiene opciones a las que puede recurrir. A <strong>Abogado de inmigraci\u00f3n Long Island VAWA<\/strong> puede ayudarte a decidir cu\u00e1les ser\u00e1n tus pr\u00f3ximos pasos.<\/p>\n<p>El equipo legal de <a href=\"https:\/\/ppid.com\/es\/\">Pollack, Pollack, Isaac &amp; DeCicco<\/a> sabe lo emotivo y complicado que puede resultar seguir la v\u00eda de la Ley contra la Violencia hacia las Mujeres (VAWA) en materia de inmigraci\u00f3n. Para asegurarse de no cometer ning\u00fan error costoso en su solicitud, debe contratar a un abogado especializado en inmigraci\u00f3n VAWA de Long Island, en particular uno que conozca las leyes de inmigraci\u00f3n VAWA del pa\u00eds y tenga una amplia experiencia en casos de inmigraci\u00f3n VAWA como el suyo. Nuestra firma puede ayudarle.<\/p>\n<p><img loading=\"lazy\" decoding=\"async\" class=\"aligncenter wp-image-2941 size-full\" title=\"El mejor abogado de inmigraci\u00f3n especializado en la Ley VAWA (Long Island)\" src=\"https:\/\/ppid.com\/wp-content\/uploads\/2025\/12\/long-island-vawa-immigration-lawyer.webp\" alt=\"Best Long Island VAWA Immigration Lawyer\" width=\"1200\" height=\"600\" srcset=\"https:\/\/ppid.com\/wp-content\/uploads\/2025\/12\/long-island-vawa-immigration-lawyer.webp 1200w, https:\/\/ppid.com\/wp-content\/uploads\/2025\/12\/long-island-vawa-immigration-lawyer-300x150.webp 300w, https:\/\/ppid.com\/wp-content\/uploads\/2025\/12\/long-island-vawa-immigration-lawyer-1024x512.webp 1024w, https:\/\/ppid.com\/wp-content\/uploads\/2025\/12\/long-island-vawa-immigration-lawyer-768x384.webp 768w, https:\/\/ppid.com\/wp-content\/uploads\/2025\/12\/long-island-vawa-immigration-lawyer-18x9.webp 18w\" sizes=\"auto, (max-width: 1200px) 100vw, 1200px\" \/><\/p>\n<h2><span class=\"ez-toc-section\" id=\"vawa-immigration-eligibility-and-process\"><\/span>Elegibilidad y proceso de inmigraci\u00f3n seg\u00fan la Ley VAWA<span class=\"ez-toc-section-end\"><\/span><\/h2>\n<p>Para obtener el estatus migratorio VAWA, debe asegurarse de que cumple con los requisitos m\u00ednimos para ello. La inmigraci\u00f3n VAWA requiere que cumpla con normas espec\u00edficas exigidas por la ley. Si no cumple con estas normas, su solicitud no seguir\u00e1 adelante y tendr\u00e1 que solicitar una visa o una tarjeta de residencia por otra v\u00eda. <strong>El estado de elegibilidad incluye:<\/strong><\/p>\n<ul>\n<li>Debe ser c\u00f3nyuge, hijo o padre de un ciudadano estadounidense o residente permanente abusivo.<\/li>\n<li>Debe haber sido v\u00edctima de agresi\u00f3n f\u00edsica, abuso o crueldad extrema por parte de un familiar que sea ciudadano. Debe poder demostrar este abuso, que puede incluir abuso emocional y\/o psicol\u00f3gico.<\/li>\n<li>Debe presentar una auto-petici\u00f3n VAWA, que es el Formulario I-360. Puede hacerlo sin el consentimiento ni el conocimiento de su agresor.<\/li>\n<li>Aseg\u00farese de proporcionar pruebas del abuso, pruebas de su relaci\u00f3n, pruebas de la condici\u00f3n de ciudadano del agresor y pruebas de su buena conducta moral.<\/li>\n<\/ul>\n<p>El proceso para solicitar la inmigraci\u00f3n VAWA puede ser abrumador y complejo, por lo que puede ser importante y \u00fatil contratar a un abogado. <strong>El proceso incluye los siguientes pasos necesarios:<\/strong><\/p>\n<ul>\n<li><strong>En primer lugar<\/strong>, debe determinar su elegibilidad y reunir los documentos necesarios. Las pruebas del abuso pueden incluir informes m\u00e9dicos, informes policiales, documentos del refugio y declaraciones de testigos.<\/li>\n<li><strong>Siguiente<\/strong>, Una vez que haya reunido toda la documentaci\u00f3n, deber\u00e1 presentar la solicitud VAWA ante el Servicio de Ciudadan\u00eda e Inmigraci\u00f3n de los Estados Unidos (USCIS). Deber\u00e1 incluir toda la documentaci\u00f3n. Cualquier documento que deba traducirse al ingl\u00e9s deber\u00e1 incluir dicha traducci\u00f3n.<\/li>\n<li><strong>Despu\u00e9s de presentar su solicitud<\/strong>, puede presentar un formulario para recibir una autorizaci\u00f3n de trabajo y otro para obtener una tarjeta de residencia. Tambi\u00e9n se le pedir\u00e1 que se someta a un examen m\u00e9dico.<\/li>\n<\/ul>\n<h2><span class=\"ez-toc-section\" id=\"why-hire-a-vawa-immigration-lawyer\"><\/span>\u00bfPor qu\u00e9 contratar a un abogado especializado en inmigraci\u00f3n VAWA?<span class=\"ez-toc-section-end\"><\/span><\/h2>\n<p>Hay muchas razones importantes para contratar a un abogado especializado en inmigraci\u00f3n VAWA. Si est\u00e1 pensando en solicitar <a href=\"https:\/\/www.uscis.gov\/green-card\/green-card-eligibility\/green-card-for-vawa-self-petitioner\" target=\"_blank\" rel=\"noopener\">Estatus migratorio VAWA<\/a>, es muy probable que ya est\u00e9 soportando graves conflictos emocionales en su hogar. Contar con un abogado que se encargue de su caso puede ser de gran ayuda. En Pollack, Pollack, Isaac &amp; DeCicco, podemos dedicar considerables recursos a su caso. Nuestro equipo habla varios idiomas y puede ofrecerle un enfoque centrado y emp\u00e1tico.<\/p>\n<p>Es importante que tenga en cuenta que su caso no es tan \u00fanico como podr\u00eda parecer en un principio. Seg\u00fan datos estad\u00edsticos recientes del Servicio de Ciudadan\u00eda e Inmigraci\u00f3n de los Estados Unidos, hubo m\u00e1s de <a href=\"https:\/\/www.uscis.gov\/sites\/default\/files\/document\/data\/fy24_immigration_applications_made_by_victims_of_abuse.pdf\" target=\"_blank\" rel=\"noopener\">70 000 solicitudes VAWA<\/a> presentadas en 2024 por c\u00f3nyuges, hijos y padres de ciudadanos abusivos, de las cuales se aprobaron m\u00e1s de 11,000.<\/p>\n<p>No hay nada de malo en pedir ayuda cuando realmente la necesitas. Si eres un inmigrante que tambi\u00e9n est\u00e1 lidiando con la violencia dom\u00e9stica, hay muchos grupos de apoyo diferentes que pueden ayudarte. Quiz\u00e1s te interese buscar uno de estos grupos locales, como L.I. Against Domestic Violence (L.I. contra la violencia dom\u00e9stica) o Safe Horizon (Horizonte seguro). A veces, tener a alguien con quien hablar sobre tus preocupaciones puede marcar la diferencia, al igual que tener un lugar seguro donde descansar un rato mientras piensas en tu pr\u00f3ximo paso.<\/p>\n<h2><span class=\"ez-toc-section\" id=\"faqs\"><\/span>Preguntas frecuentes<span class=\"ez-toc-section-end\"><\/span><\/h2>\n<div class=\"accsec-ritcnt accordion\">\n<div class=\"accordion-section\">\n<h3><span class=\"ez-toc-section\" id=\"q-who-qualifies-for-vawa-protection-in-new-york\"><\/span><a class=\"accordion-section-title active\" href=\"#accordion-1\">P: \u00bfQui\u00e9n re\u00fane los requisitos para recibir protecci\u00f3n en virtud de la VAWA en New York?<\/a><span class=\"ez-toc-section-end\"><\/span><\/h3>\n<div id=\"accordion-1\" class=\"accordion-section-content open\" style=\"display: block;\">\n<p><strong>A:<\/strong> Hay muchas situaciones diferentes que le permiten solicitar la protecci\u00f3n de la VAWA en <a href=\"https:\/\/en.wikipedia.org\/wiki\/Long_Island\" target=\"_blank\" rel=\"noopener\">Long Island<\/a>. En primer lugar, debe ser v\u00edctima de abuso, agresi\u00f3n o maltrato por parte de un familiar que sea ciudadano estadounidense. Este abuso puede ser f\u00edsico, emocional, econ\u00f3mico o mental. Deber\u00e1 poder demostrarlo con informes m\u00e9dicos, informes policiales y testimonios de testigos. Sin embargo, en algunos casos, las declaraciones de los testigos y una declaraci\u00f3n personal pueden ser pruebas suficientes.<\/p>\n<\/div>\n<\/div>\n<div class=\"accordion-section\">\n<h3><span class=\"ez-toc-section\" id=\"q-what-are-the-benefits-of-vawa-protection\"><\/span><a class=\"accordion-section-title\" href=\"#accordion-2\">P: \u00bfCu\u00e1les son los beneficios de la protecci\u00f3n de la VAWA?<\/a><span class=\"ez-toc-section-end\"><\/span><\/h3>\n<div id=\"accordion-2\" class=\"accordion-section-content\" style=\"display: none;\">\n<p><strong>A:<\/strong> La protecci\u00f3n de la VAWA ofrece muchas ventajas diferentes, muchas de las cuales quiz\u00e1 no conozcas de inmediato cuando la solicites. Una visa VAWA te permite permanecer en los Estados Unidos y evitar la deportaci\u00f3n mientras te concentras en llevar adelante tu caso. Una visa VAWA tambi\u00e9n puede hacerte elegible para obtener un permiso de trabajo y abrirte el camino hacia una tarjeta de residencia permanente.<\/p>\n<\/div>\n<\/div>\n<div class=\"accordion-section\">\n<h3><span class=\"ez-toc-section\" id=\"q-is-vawa-hard-to-get-approved\"><\/span><a class=\"accordion-section-title\" href=\"#accordion-3\">P: \u00bfEs dif\u00edcil que se apruebe la VAWA?<\/a><span class=\"ez-toc-section-end\"><\/span><\/h3>\n<div id=\"accordion-3\" class=\"accordion-section-content\" style=\"display: none;\">\n<p><strong>A:<\/strong> Puede ser dif\u00edcil que se apruebe una petici\u00f3n VAWA. La petici\u00f3n tiene requisitos muy espec\u00edficos que deben cumplirse. En los casos de abuso psicol\u00f3gico, obtener pruebas puede ser especialmente dif\u00edcil. La mejor opci\u00f3n para que su petici\u00f3n VAWA sea aprobada es contratar a un abogado que le ayude a construir un caso s\u00f3lido e irrefutable que aumente sus posibilidades de obtener la aprobaci\u00f3n.<\/p>\n<\/div>\n<\/div>\n<div class=\"accordion-section\">\n<h3><span class=\"ez-toc-section\" id=\"q-what-can-disqualify-me-from-vawa-protection\"><\/span><a class=\"accordion-section-title\" href=\"#accordion-4\">P: \u00bfQu\u00e9 puede descalificarme de la protecci\u00f3n de la VAWA?<\/a><span class=\"ez-toc-section-end\"><\/span><\/h3>\n<div id=\"accordion-4\" class=\"accordion-section-content\" style=\"display: none;\">\n<p><strong>A:<\/strong> Desafortunadamente, hay muchas situaciones diferentes que pueden descalificarlo para obtener la protecci\u00f3n de la VAWA. Por encima de todo, debe cumplir con los requisitos b\u00e1sicos. Si no tiene una relaci\u00f3n personal con el agresor o no puede demostrar adecuadamente que se produjo el abuso, ser\u00e1 descalificado. Si tiene antecedentes penales o no puede demostrar buena conducta moral, tambi\u00e9n podr\u00eda ser descalificado.<\/p>\n<\/div>\n<\/div>\n<\/div>\n<h2><span class=\"ez-toc-section\" id=\"contact-a-long-island-vawa-immigration-lawyer-today\"><\/span>P\u00f3ngase en contacto hoy mismo con un abogado de inmigraci\u00f3n especializado en la Ley de Violencia contra la Mujer (VAWA) de Long Island.<span class=\"ez-toc-section-end\"><\/span><\/h2>\n<p>En Pollack, Pollack, Isaac &amp; DeCicco, podemos ayudarle a tramitar su solicitud VAWA mientras usted se enfoca en cuidarse durante este momento dif\u00edcil. <a href=\"https:\/\/ppid.com\/es\/contact\/\">P\u00f3ngase en contacto con nosotros<\/a> para hablar con alguien de nuestro equipo sobre lo que podemos hacer por usted.<\/p>\n<p><iframe loading=\"lazy\" style=\"border: 0;\" src=\"https:\/\/www.google.com\/maps\/embed?pb=!1m18!1m12!1m3!1d772582.514009525!2d-72.9490754!3d40.8521095!2m3!1f0!2f0!3f0!3m2!1i1024!2i768!4f13.1!3m3!1m2!1s0x89e84454e1eea5cb%3A0x1df7f96186940d18!2sLong%20Island!5e0!3m2!1sen!2sin!4v1765970244593!5m2!1sen!2sin\" width=\"100%\" height=\"300\" allowfullscreen=\"allowfullscreen\"><span data-mce-type=\"bookmark\" style=\"display: inline-block; width: 0px; overflow: hidden; line-height: 0;\" class=\"mce_SELRES_start\"><span data-mce-type=\"bookmark\" style=\"display: inline-block; width: 0px; overflow: hidden; line-height: 0;\" class=\"mce_SELRES_start\"><\/span><\/span><\/iframe><\/p>","protected":false},"excerpt":{"rendered":"<p>Long Island VAWA Immigration Attorney There are many different reasons people choose to pursue a visa or a green card. One reason is due to acts of violence. If you are an immigrant married to or the child of an abusive United States citizen, you do have options you can pursue. A Long Island VAWA &hellip; <\/p>\n<p class=\"link-more\"><a href=\"https:\/\/ppid.com\/es\/long-island-vawa-immigration-lawyer\/\" class=\"more-link\">Seguir leyendo<span class=\"screen-reader-text\"> &#8220;Long Island VAWA Immigration Lawyer&#8221;<\/span><\/a><\/p>","protected":false},"author":1,"featured_media":0,"parent":0,"menu_order":0,"comment_status":"closed","ping_status":"closed","template":"","meta":{"_acf_changed":false,"footnotes":""},"class_list":["post-2915","page","type-page","status-publish","hentry","entry"],"acf":[],"yoast_head":"<!-- This site is optimized with the Yoast SEO Premium plugin v26.8 (Yoast SEO v26.8) - https:\/\/yoast.com\/product\/yoast-seo-premium-wordpress\/ -->\n<title>Long Island VAWA Immigration Lawyer &amp; Law Firm<\/title>\n<meta name=\"description\" content=\"Looking for a Long Island VAWA Immigration Lawyer to escape abuse and seek lawful status? Pollack, Pollack, Isaac &amp; DeCicco, LLP protects your rights with confidential guidance.\" \/>\n<meta name=\"robots\" content=\"index, follow, max-snippet:-1, max-image-preview:large, max-video-preview:-1\" \/>\n<link rel=\"canonical\" href=\"https:\/\/ppid.com\/es\/long-island-vawa-immigration-lawyer\/\" \/>\n<meta property=\"og:locale\" content=\"es_MX\" \/>\n<meta property=\"og:type\" content=\"article\" \/>\n<meta property=\"og:title\" content=\"Long Island VAWA Immigration Lawyer\" \/>\n<meta property=\"og:description\" content=\"Looking for a Long Island VAWA Immigration Lawyer to escape abuse and seek lawful status? Pollack, Pollack, Isaac &amp; DeCicco, LLP protects your rights with confidential guidance.\" \/>\n<meta property=\"og:url\" content=\"https:\/\/ppid.com\/es\/long-island-vawa-immigration-lawyer\/\" \/>\n<meta property=\"og:site_name\" content=\"Pollack, Pollack, Isaac &amp; DeCicco, LLP\" \/>\n<meta property=\"article:modified_time\" content=\"2025-12-17T14:23:25+00:00\" \/>\n<meta property=\"og:image\" content=\"https:\/\/ppid.com\/wp-content\/uploads\/2025\/12\/long-island-vawa-immigration-lawyer.webp\" \/>\n\t<meta property=\"og:image:width\" content=\"1200\" \/>\n\t<meta property=\"og:image:height\" content=\"600\" \/>\n\t<meta property=\"og:image:type\" content=\"image\/webp\" \/>\n<meta name=\"twitter:card\" content=\"summary_large_image\" \/>\n<meta name=\"twitter:label1\" content=\"Tiempo de lectura\" \/>\n\t<meta name=\"twitter:data1\" content=\"5 minutos\" \/>\n<!-- \/ Yoast SEO Premium plugin. -->","yoast_head_json":{"title":"Long Island VAWA Abogado y bufete de abogados especializados en inmigraci\u00f3n","description":"\u00bfBusca un abogado especializado en inmigraci\u00f3n Long Island VAWA para escapar del abuso y obtener un estatus legal? Pollack, Pollack, Isaac &amp; DeCicco, LLP protege sus derechos con asesoramiento confidencial.","robots":{"index":"index","follow":"follow","max-snippet":"max-snippet:-1","max-image-preview":"max-image-preview:large","max-video-preview":"max-video-preview:-1"},"canonical":"https:\/\/ppid.com\/es\/long-island-vawa-immigration-lawyer\/","og_locale":"es_MX","og_type":"article","og_title":"Long Island VAWA Immigration Lawyer","og_description":"Looking for a Long Island VAWA Immigration Lawyer to escape abuse and seek lawful status? Pollack, Pollack, Isaac & DeCicco, LLP protects your rights with confidential guidance.","og_url":"https:\/\/ppid.com\/es\/long-island-vawa-immigration-lawyer\/","og_site_name":"Pollack, Pollack, Isaac &amp; DeCicco, LLP","article_modified_time":"2025-12-17T14:23:25+00:00","og_image":[{"width":1200,"height":600,"url":"https:\/\/ppid.com\/wp-content\/uploads\/2025\/12\/long-island-vawa-immigration-lawyer.webp","type":"image\/webp"}],"twitter_card":"summary_large_image","twitter_misc":{"Tiempo de lectura":"5 minutos"},"schema":{"@context":"https:\/\/schema.org","@graph":[{"@type":"WebPage","@id":"https:\/\/ppid.com\/long-island-vawa-immigration-lawyer\/","url":"https:\/\/ppid.com\/long-island-vawa-immigration-lawyer\/","name":"Long Island VAWA Abogado y bufete de abogados especializados en inmigraci\u00f3n","isPartOf":{"@id":"https:\/\/ppid.com\/#website"},"primaryImageOfPage":{"@id":"https:\/\/ppid.com\/long-island-vawa-immigration-lawyer\/#primaryimage"},"image":{"@id":"https:\/\/ppid.com\/long-island-vawa-immigration-lawyer\/#primaryimage"},"thumbnailUrl":"https:\/\/ppid.com\/wp-content\/uploads\/2025\/12\/long-island-vawa-immigration-lawyer.webp","datePublished":"2025-12-17T11:25:23+00:00","dateModified":"2025-12-17T14:23:25+00:00","description":"\u00bfBusca un abogado especializado en inmigraci\u00f3n Long Island VAWA para escapar del abuso y obtener un estatus legal? Pollack, Pollack, Isaac &amp; DeCicco, LLP protege sus derechos con asesoramiento confidencial.","breadcrumb":{"@id":"https:\/\/ppid.com\/long-island-vawa-immigration-lawyer\/#breadcrumb"},"inLanguage":"es","potentialAction":[{"@type":"ReadAction","target":["https:\/\/ppid.com\/long-island-vawa-immigration-lawyer\/"]}]},{"@type":"ImageObject","inLanguage":"es","@id":"https:\/\/ppid.com\/long-island-vawa-immigration-lawyer\/#primaryimage","url":"https:\/\/ppid.com\/wp-content\/uploads\/2025\/12\/long-island-vawa-immigration-lawyer.webp","contentUrl":"https:\/\/ppid.com\/wp-content\/uploads\/2025\/12\/long-island-vawa-immigration-lawyer.webp"},{"@type":"BreadcrumbList","@id":"https:\/\/ppid.com\/long-island-vawa-immigration-lawyer\/#breadcrumb","itemListElement":[{"@type":"ListItem","position":1,"name":"Home","item":"https:\/\/ppid.com\/"},{"@type":"ListItem","position":2,"name":"Long Island VAWA Immigration Lawyer"}]},{"@type":"WebSite","@id":"https:\/\/ppid.com\/#website","url":"https:\/\/ppid.com\/","name":"Pollack, Pollack, Isaac &amp; DeCicco, LLP","description":"","potentialAction":[{"@type":"SearchAction","target":{"@type":"EntryPoint","urlTemplate":"https:\/\/ppid.com\/?s={search_term_string}"},"query-input":{"@type":"PropertyValueSpecification","valueRequired":true,"valueName":"search_term_string"}}],"inLanguage":"es"}]}},"_links":{"self":[{"href":"https:\/\/ppid.com\/es\/wp-json\/wp\/v2\/pages\/2915","targetHints":{"allow":["GET"]}}],"collection":[{"href":"https:\/\/ppid.com\/es\/wp-json\/wp\/v2\/pages"}],"about":[{"href":"https:\/\/ppid.com\/es\/wp-json\/wp\/v2\/types\/page"}],"author":[{"embeddable":true,"href":"https:\/\/ppid.com\/es\/wp-json\/wp\/v2\/users\/1"}],"replies":[{"embeddable":true,"href":"https:\/\/ppid.com\/es\/wp-json\/wp\/v2\/comments?post=2915"}],"version-history":[{"count":0,"href":"https:\/\/ppid.com\/es\/wp-json\/wp\/v2\/pages\/2915\/revisions"}],"wp:attachment":[{"href":"https:\/\/ppid.com\/es\/wp-json\/wp\/v2\/media?parent=2915"}],"curies":[{"name":"wp","href":"https:\/\/api.w.org\/{rel}","templated":true}]}}