{"id":2918,"date":"2025-12-17T11:37:56","date_gmt":"2025-12-17T11:37:56","guid":{"rendered":"https:\/\/ppidllp.wpenginepowered.com\/?page_id=2918"},"modified":"2025-12-17T14:47:03","modified_gmt":"2025-12-17T14:47:03","slug":"long-island-perm-lawyer","status":"publish","type":"page","link":"https:\/\/ppid.com\/es\/long-island-perm-lawyer\/","title":{"rendered":"Abogado PERM Long Island"},"content":{"rendered":"<div id=\"ez-toc-container\" class=\"ez-toc-v2_0_80 counter-hierarchy ez-toc-counter ez-toc-transparent ez-toc-container-direction\">\n<div class=\"ez-toc-title-container\">\n<p class=\"ez-toc-title ez-toc-toggle\" style=\"cursor:pointer\">\u00cdndice<\/p>\n<span class=\"ez-toc-title-toggle\"><a href=\"#\" class=\"ez-toc-pull-right ez-toc-btn ez-toc-btn-xs ez-toc-btn-default ez-toc-toggle\" aria-label=\"Toggle Table of Content\"><span class=\"ez-toc-js-icon-con\"><span class=\"\"><span class=\"eztoc-hide\" style=\"display:none;\">Toggle<\/span><span class=\"ez-toc-icon-toggle-span\"><svg style=\"fill: #999;color:#999\" xmlns=\"http:\/\/www.w3.org\/2000\/svg\" class=\"list-377408\" width=\"20px\" height=\"20px\" viewbox=\"0 0 24 24\" fill=\"none\"><path d=\"M6 6H4v2h2V6zm14 0H8v2h12V6zM4 11h2v2H4v-2zm16 0H8v2h12v-2zM4 16h2v2H4v-2zm16 0H8v2h12v-2z\" fill=\"currentColor\"><\/path><\/svg><svg style=\"fill: #999;color:#999\" class=\"arrow-unsorted-368013\" xmlns=\"http:\/\/www.w3.org\/2000\/svg\" width=\"10px\" height=\"10px\" viewbox=\"0 0 24 24\" version=\"1.2\" baseprofile=\"tiny\"><path d=\"M18.2 9.3l-6.2-6.3-6.2 6.3c-.2.2-.3.4-.3.7s.1.5.3.7c.2.2.4.3.7.3h11c.3 0 .5-.1.7-.3.2-.2.3-.5.3-.7s-.1-.5-.3-.7zM5.8 14.7l6.2 6.3 6.2-6.3c.2-.2.3-.5.3-.7s-.1-.5-.3-.7c-.2-.2-.4-.3-.7-.3h-11c-.3 0-.5.1-.7.3-.2.2-.3.5-.3.7s.1.5.3.7z\"\/><\/svg><\/span><\/span><\/span><\/a><\/span><\/div>\n<nav><ul class='ez-toc-list ez-toc-list-level-1 eztoc-toggle-hide-by-default' ><li class='ez-toc-page-1 ez-toc-heading-level-2'><a class=\"ez-toc-link ez-toc-heading-1\" href=\"https:\/\/ppid.com\/es\/long-island-perm-lawyer\/#long-island-perm-attorney\" >Abogado PERM Long Island<\/a><\/li><li class='ez-toc-page-1 ez-toc-heading-level-2'><a class=\"ez-toc-link ez-toc-heading-2\" href=\"https:\/\/ppid.com\/es\/long-island-perm-lawyer\/#perm-green-card-requirements-and-process\" >Requisitos y proceso para obtener la tarjeta verde PERM<\/a><\/li><li class='ez-toc-page-1 ez-toc-heading-level-2'><a class=\"ez-toc-link ez-toc-heading-3\" href=\"https:\/\/ppid.com\/es\/long-island-perm-lawyer\/#why-should-you-hire-a-perm-lawyer\" >\u00bfPor qu\u00e9 deber\u00eda contratar a un abogado especializado en PERM?<\/a><\/li><li class='ez-toc-page-1 ez-toc-heading-level-2'><a class=\"ez-toc-link ez-toc-heading-4\" href=\"https:\/\/ppid.com\/es\/long-island-perm-lawyer\/#faqs\" >Preguntas frecuentes<\/a><ul class='ez-toc-list-level-3' ><li class='ez-toc-heading-level-3'><a class=\"ez-toc-link ez-toc-heading-5\" href=\"https:\/\/ppid.com\/es\/long-island-perm-lawyer\/#q-how-does-the-perm-labor-certification-process-affect-employment-based-green-card-applications\" >P: \u00bfC\u00f3mo afecta el proceso de certificaci\u00f3n laboral PERM a las solicitudes de tarjeta verde por motivos laborales?<\/a><\/li><li class='ez-toc-page-1 ez-toc-heading-level-3'><a class=\"ez-toc-link ez-toc-heading-6\" href=\"https:\/\/ppid.com\/es\/long-island-perm-lawyer\/#q-how-can-a-long-island-perm-lawyer-help-employers-comply-with-department-of-labor-requirements\" >P: \u00bfC\u00f3mo puede un abogado especializado en PERM Long Island ayudar a los empleadores a cumplir con los requisitos del Departamento de Trabajo?<\/a><\/li><li class='ez-toc-page-1 ez-toc-heading-level-3'><a class=\"ez-toc-link ez-toc-heading-7\" href=\"https:\/\/ppid.com\/es\/long-island-perm-lawyer\/#q-what-common-mistakes-can-delay-or-cause-denial-of-a-perm-application\" >P: \u00bfQu\u00e9 errores comunes pueden retrasar o provocar la denegaci\u00f3n de una solicitud PERM?<\/a><\/li><li class='ez-toc-page-1 ez-toc-heading-level-3'><a class=\"ez-toc-link ez-toc-heading-8\" href=\"https:\/\/ppid.com\/es\/long-island-perm-lawyer\/#q-what-are-some-of-the-benefits-of-a-perm-visa\" >P: \u00bfCu\u00e1les son algunas de las ventajas de una visa PERM?<\/a><\/li><\/ul><\/li><li class='ez-toc-page-1 ez-toc-heading-level-2'><a class=\"ez-toc-link ez-toc-heading-9\" href=\"https:\/\/ppid.com\/es\/long-island-perm-lawyer\/#contact-us-today-for-assistance-with-perm-labor-certification-on-long-island\" >Cont\u00e1ctenos hoy mismo para obtener ayuda con la certificaci\u00f3n laboral PERM en Long Island.<\/a><\/li><\/ul><\/nav><\/div>\n<h2><span class=\"ez-toc-section\" id=\"long-island-perm-attorney\"><\/span>Abogado PERM Long Island<span class=\"ez-toc-section-end\"><\/span><\/h2>\n<p>Solicitar una tarjeta de residencia permanente, o tarjeta verde PERM, puede ser un proceso complicado con muchos aspectos que tener en cuenta. Si no se tiene cuidado al seguir este proceso, la solicitud podr\u00eda ser denegada. Debe <strong>P\u00f3ngase en contacto con un abogado de Long Island PERM.<\/strong> para ayudarle a tramitar su solicitud.<\/p>\n<p>El equipo legal de <a href=\"https:\/\/ppid.com\/es\/\">Pollack, Pollack, Isaac &amp; DeCicco<\/a> puede ayudarle a solicitar su tarjeta verde PERM. Un abogado que conozca las leyes PERM Long Island que se aplican a su caso y que tenga amplia experiencia en casos PERM similares al suyo puede facilitarle el proceso y aumentar sus posibilidades de \u00e9xito.<\/p>\n<p>Nuestro bufete de abogados ha sido reconocido por U.S. News and World Report \u2013 Best Lawyers\u00ae como uno de los \u201cMejores bufetes de abogados\u201d del estado y lleva m\u00e1s de 60 a\u00f1os ayudando a sus clientes. Somos multiling\u00fces, por lo que, independientemente del idioma que hable, podemos ayudarle.<\/p>\n<p><img loading=\"lazy\" decoding=\"async\" class=\"aligncenter wp-image-2943 size-full\" title=\"Abogado de confianza especializado en Long Island PERM\" src=\"https:\/\/ppid.com\/wp-content\/uploads\/2025\/12\/long-island-perm-lawyer.webp\" alt=\"Trusted Long Island PERM Lawyer\" width=\"1200\" height=\"600\" srcset=\"https:\/\/ppid.com\/wp-content\/uploads\/2025\/12\/long-island-perm-lawyer.webp 1200w, https:\/\/ppid.com\/wp-content\/uploads\/2025\/12\/long-island-perm-lawyer-300x150.webp 300w, https:\/\/ppid.com\/wp-content\/uploads\/2025\/12\/long-island-perm-lawyer-1024x512.webp 1024w, https:\/\/ppid.com\/wp-content\/uploads\/2025\/12\/long-island-perm-lawyer-768x384.webp 768w, https:\/\/ppid.com\/wp-content\/uploads\/2025\/12\/long-island-perm-lawyer-18x9.webp 18w\" sizes=\"auto, (max-width: 1200px) 100vw, 1200px\" \/><\/p>\n<h2><span class=\"ez-toc-section\" id=\"perm-green-card-requirements-and-process\"><\/span>Requisitos y proceso para obtener la tarjeta verde PERM<span class=\"ez-toc-section-end\"><\/span><\/h2>\n<p>Si est\u00e1 tratando de obtener una tarjeta verde PERM como empleado, hay muchos requisitos importantes que debe cumplir primero para que su solicitud sea considerada. Un buen abogado de inmigraci\u00f3n puede ayudarle a determinar c\u00f3mo cumplir cada uno de estos requisitos y ayudarle a seguir adelante con su solicitud. <strong>Esos requisitos incluyen:<\/strong><\/p>\n<ul>\n<li>Debes contar con un empleador dispuesto a actuar como patrocinador para un puesto permanente y de tiempo completo en su empresa. Dicho empleador tambi\u00e9n debe estar dispuesto a pagar todos los gastos legales asociados que se generen a lo largo de este proceso.<\/li>\n<li>Dicho empleador debe tener un N\u00famero de Identificaci\u00f3n Federal de Empleador (FEIN) v\u00e1lido y una ubicaci\u00f3n permanente dentro de las fronteras de los Estados Unidos.<\/li>\n<li>El empleador debe obtener una determinaci\u00f3n sobre su salario potencial del Departamento de Trabajo de los Estados Unidos para el trabajo espec\u00edfico que le ofrece.<\/li>\n<li>Deber\u00e1 cumplir con los requisitos m\u00ednimos de formaci\u00f3n o experiencia para el puesto en cuesti\u00f3n.<\/li>\n<\/ul>\n<p>El proceso de solicitud de la tarjeta verde PERM puede resultar dif\u00edcil y abrumador, especialmente si nunca antes ha solicitado algo as\u00ed. Un abogado con experiencia puede resultar invaluable durante este proceso. <strong>Estos son algunos de los pasos fundamentales del proceso de solicitud:<\/strong><\/p>\n<ul>\n<li><strong>El proceso lo inicia tu empleador.<\/strong>, quien obtiene la determinaci\u00f3n del salario vigente del Departamento de Trabajo y comienza el proceso de reclutamiento para el puesto con el fin de evaluar el mercado laboral. Esto se hace para asegurarse de que no haya trabajadores estadounidenses calificados disponibles para el puesto.<\/li>\n<li><strong>Si no se encuentra ning\u00fan trabajador estadounidense<\/strong>, el equipo legal del empleador presentar\u00e1 la solicitud PERM ante el Departamento de Trabajo. A continuaci\u00f3n, se asegurar\u00e1n de que la solicitud se haya presentado correctamente y de que se cumplan todos los requisitos. Una vez que se certifique la solicitud PERM, su empleador podr\u00e1 presentar una petici\u00f3n de inmigraci\u00f3n ante el USCIS en su nombre.<\/li>\n<li><strong>En ese momento, solicitar\u00e1s la tarjeta de residencia.<\/strong>, que incluir\u00e1 un riguroso proceso de solicitud que comprender\u00e1 un examen m\u00e9dico y una entrevista, entre otros elementos. Se recomienda contar con la ayuda de un abogado especializado en inmigraci\u00f3n durante todo este proceso.<\/li>\n<\/ul>\n<h2><span class=\"ez-toc-section\" id=\"why-should-you-hire-a-perm-lawyer\"><\/span>\u00bfPor qu\u00e9 deber\u00eda contratar a un abogado especializado en PERM?<span class=\"ez-toc-section-end\"><\/span><\/h2>\n<p>Hay muchas razones importantes para contratar a un abogado especializado en PERM. Por encima de todo, usted quiere asegurarse de que su caso se gestione de la manera correcta. Teniendo en cuenta el tiempo de espera potencial para una solicitud, lo \u00faltimo que desea es que su solicitud sea denegada por un error que haya cometido. En Pollack, Pollack, Isaac &amp; DeCicco, podemos dedicar nuestros recursos y conocimientos a su caso.<\/p>\n<p>Seg\u00fan el Departamento de Justicia, hubo m\u00e1s de <a href=\"https:\/\/travel.state.gov\/content\/dam\/visas\/Statistics\/AnnualReports\/FY2024AnnualReport\/Table%20II.pdf\" target=\"_blank\" rel=\"noopener\">612 000 visas de inmigrante<\/a> expedidas en 2024, y casi 50,000 fueron por motivos laborales. Si est\u00e1 tramitando una tarjeta verde PERM, consulte con un abogado especializado en inmigraci\u00f3n con experiencia en este tipo de casos.<\/p>\n<p>Hay plazos estrictos y muchos detalles complejos que hay que tener en cuenta para obtener la certificaci\u00f3n laboral PERM. Un abogado especializado en inmigraci\u00f3n puede ayudarle a reunir la documentaci\u00f3n pertinente y a presentar las solicitudes.<\/p>\n<h2><span class=\"ez-toc-section\" id=\"faqs\"><\/span>Preguntas frecuentes<span class=\"ez-toc-section-end\"><\/span><\/h2>\n<div class=\"accsec-ritcnt accordion\">\n<div class=\"accordion-section\">\n<h3><span class=\"ez-toc-section\" id=\"q-how-does-the-perm-labor-certification-process-affect-employment-based-green-card-applications\"><\/span><a class=\"accordion-section-title active\" href=\"#accordion-1\">P: \u00bfC\u00f3mo afecta el proceso de certificaci\u00f3n laboral PERM a las solicitudes de tarjeta verde por motivos laborales?<\/a><span class=\"ez-toc-section-end\"><\/span><\/h3>\n<div id=\"accordion-1\" class=\"accordion-section-content open\" style=\"display: block;\">\n<p><strong>A:<\/strong> El proceso de certificaci\u00f3n laboral PERM afecta de muchas maneras a las solicitudes de tarjeta verde por motivos laborales. En primer lugar, si solicita una tarjeta verde por motivos laborales, la certificaci\u00f3n PERM suele ser un requisito previo. Su empleador debe buscar un trabajador estadounidense cualificado para el puesto y solo podr\u00e1 seguir adelante con su solicitud si no encuentra a nadie.<\/p>\n<\/div>\n<\/div>\n<div class=\"accordion-section\">\n<h3><span class=\"ez-toc-section\" id=\"q-how-can-a-long-island-perm-lawyer-help-employers-comply-with-department-of-labor-requirements\"><\/span><a class=\"accordion-section-title\" href=\"#accordion-2\">P: \u00bfC\u00f3mo puede un abogado especializado en PERM Long Island ayudar a los empleadores a cumplir con los requisitos del Departamento de Trabajo?<\/a><span class=\"ez-toc-section-end\"><\/span><\/h3>\n<div id=\"accordion-2\" class=\"accordion-section-content\" style=\"display: none;\">\n<p><strong>A:<\/strong> Una de las cosas m\u00e1s importantes que un abogado especializado en PERM de Long Island puede hacer para ayudar a los empleadores a cumplir con los requisitos del Departamento de Trabajo es brindarles apoyo constante a lo largo de todo el complejo proceso. Un abogado especializado en PERM puede ayudar a los empleadores a definir claramente las funciones y los requisitos del puesto, asegurarse de que la determinaci\u00f3n del salario vigente sea totalmente precisa y ayudar a llevar a cabo un proceso de reclutamiento que cumpla con la normativa. Un abogado con experiencia tambi\u00e9n puede ayudar a preparar toda la documentaci\u00f3n necesaria.<\/p>\n<\/div>\n<\/div>\n<div class=\"accordion-section\">\n<h3><span class=\"ez-toc-section\" id=\"q-what-common-mistakes-can-delay-or-cause-denial-of-a-perm-application\"><\/span><a class=\"accordion-section-title\" href=\"#accordion-3\">P: \u00bfQu\u00e9 errores comunes pueden retrasar o provocar la denegaci\u00f3n de una solicitud PERM?<\/a><span class=\"ez-toc-section-end\"><\/span><\/h3>\n<div id=\"accordion-3\" class=\"accordion-section-content\" style=\"display: none;\">\n<p><strong>A:<\/strong> Hay muchos errores potenciales que pueden retrasar una solicitud PERM o provocar que sea denegada por completo, tales como:<\/p>\n<ul>\n<li><strong>Contrataci\u00f3n indebida<\/strong>. Si los empleadores publican solo un anuncio para el puesto o establecen requisitos demasiado restrictivos, es posible que su solicitud sea rechazada por no haber realizado una contrataci\u00f3n adecuada.<\/li>\n<li><strong>Incoherencias<\/strong>. Puede haber diferencias peque\u00f1as pero significativas entre la solicitud PERM inicial y los formularios posteriores, como fechas que no coinciden o nombres mal escritos. El m\u00e1s m\u00ednimo error puede retrasar o poner fin al proceso de solicitud.<\/li>\n<\/ul>\n<\/div>\n<\/div>\n<div class=\"accordion-section\">\n<h3><span class=\"ez-toc-section\" id=\"q-what-are-some-of-the-benefits-of-a-perm-visa\"><\/span><a class=\"accordion-section-title\" href=\"#accordion-4\">P: \u00bfCu\u00e1les son algunas de las ventajas de una visa PERM?<\/a><span class=\"ez-toc-section-end\"><\/span><\/h3>\n<div id=\"accordion-4\" class=\"accordion-section-content\" style=\"display: none;\">\n<p><strong>A:<\/strong> La visa PERM ofrece muchas ventajas diferentes. Es un primer paso fundamental para obtener la tarjeta de residente permanente en EE. UU. Le proporciona una gran flexibilidad profesional, ya que le permite vivir y trabajar en cualquier lugar de Estados Unidos. Tambi\u00e9n le ofrece la opci\u00f3n de solicitar que sus familiares directos se re\u00fanan con usted.<\/p>\n<\/div>\n<\/div>\n<\/div>\n<h2><span class=\"ez-toc-section\" id=\"contact-us-today-for-assistance-with-perm-labor-certification-on-long-island\"><\/span>Cont\u00e1ctenos hoy mismo para obtener ayuda con la certificaci\u00f3n laboral PERM en Long Island.<span class=\"ez-toc-section-end\"><\/span><\/h2>\n<p>En Pollack, Pollack, Isaac &amp; DeCicco, podemos ayudarle en cada paso de este proceso. <a href=\"https:\/\/ppid.com\/es\/contact\/\">P\u00f3ngase en contacto con nosotros<\/a> hoy mismo para obtener m\u00e1s informaci\u00f3n sobre c\u00f3mo podemos ayudarle a alcanzar sus objetivos.<\/p>\n<p><iframe loading=\"lazy\" style=\"border: 0;\" src=\"https:\/\/www.google.com\/maps\/embed?pb=!1m18!1m12!1m3!1d772582.514009525!2d-72.9490754!3d40.8521095!2m3!1f0!2f0!3f0!3m2!1i1024!2i768!4f13.1!3m3!1m2!1s0x89e84454e1eea5cb%3A0x1df7f96186940d18!2sLong%20Island!5e0!3m2!1sen!2sin!4v1765970244593!5m2!1sen!2sin\" width=\"100%\" height=\"300\" allowfullscreen=\"allowfullscreen\"><span data-mce-type=\"bookmark\" style=\"display: inline-block; width: 0px; overflow: hidden; line-height: 0;\" class=\"mce_SELRES_start\"><\/span><\/iframe><\/p>","protected":false},"excerpt":{"rendered":"<p>Long Island PERM Attorney Pursuing a permanent residence green card, or PERM green card, can be a complicated process with a lot of moving parts. If you aren\u2019t careful in how you navigate this process, your petition could be denied. You should contact a Long Island PERM lawyer to help you work through your petition. &hellip; <\/p>\n<p class=\"link-more\"><a href=\"https:\/\/ppid.com\/es\/long-island-perm-lawyer\/\" class=\"more-link\">Seguir leyendo<span class=\"screen-reader-text\"> &#8220;Long Island PERM Lawyer&#8221;<\/span><\/a><\/p>","protected":false},"author":1,"featured_media":0,"parent":0,"menu_order":0,"comment_status":"closed","ping_status":"closed","template":"","meta":{"_acf_changed":false,"footnotes":""},"class_list":["post-2918","page","type-page","status-publish","hentry","entry"],"acf":[],"yoast_head":"<!-- This site is optimized with the Yoast SEO Premium plugin v26.8 (Yoast SEO v26.8) - https:\/\/yoast.com\/product\/yoast-seo-premium-wordpress\/ -->\n<title>Long Island PERM Lawyer &amp; Law Firm<\/title>\n<meta name=\"description\" content=\"Seeking a Long Island PERM Lawyer for employment-based green cards? Pollack, Pollack, Isaac &amp; DeCicco, LLP handles PERM filings and labor certification issues.\" \/>\n<meta name=\"robots\" content=\"index, follow, max-snippet:-1, max-image-preview:large, max-video-preview:-1\" \/>\n<link rel=\"canonical\" href=\"https:\/\/ppid.com\/es\/long-island-perm-lawyer\/\" \/>\n<meta property=\"og:locale\" content=\"es_MX\" \/>\n<meta property=\"og:type\" content=\"article\" \/>\n<meta property=\"og:title\" content=\"Long Island PERM Lawyer\" \/>\n<meta property=\"og:description\" content=\"Seeking a Long Island PERM Lawyer for employment-based green cards? Pollack, Pollack, Isaac &amp; DeCicco, LLP handles PERM filings and labor certification issues.\" \/>\n<meta property=\"og:url\" content=\"https:\/\/ppid.com\/es\/long-island-perm-lawyer\/\" \/>\n<meta property=\"og:site_name\" content=\"Pollack, Pollack, Isaac &amp; DeCicco, LLP\" \/>\n<meta property=\"article:modified_time\" content=\"2025-12-17T14:47:03+00:00\" \/>\n<meta property=\"og:image\" content=\"https:\/\/ppid.com\/wp-content\/uploads\/2025\/12\/long-island-perm-lawyer.webp\" \/>\n\t<meta property=\"og:image:width\" content=\"1200\" \/>\n\t<meta property=\"og:image:height\" content=\"600\" \/>\n\t<meta property=\"og:image:type\" content=\"image\/webp\" \/>\n<meta name=\"twitter:card\" content=\"summary_large_image\" \/>\n<meta name=\"twitter:label1\" content=\"Tiempo de lectura\" \/>\n\t<meta name=\"twitter:data1\" content=\"5 minutos\" \/>\n<!-- \/ Yoast SEO Premium plugin. -->","yoast_head_json":{"title":"Long Island PERM Abogado y bufete de abogados","description":"\u00bfBusca un abogado especializado en PERM Long Island para obtener tarjetas de residencia por motivos laborales? Pollack, Pollack, Isaac &amp; DeCicco, LLP se encarga de tramitar solicitudes PERM y cuestiones relacionadas con la certificaci\u00f3n laboral.","robots":{"index":"index","follow":"follow","max-snippet":"max-snippet:-1","max-image-preview":"max-image-preview:large","max-video-preview":"max-video-preview:-1"},"canonical":"https:\/\/ppid.com\/es\/long-island-perm-lawyer\/","og_locale":"es_MX","og_type":"article","og_title":"Long Island PERM Lawyer","og_description":"Seeking a Long Island PERM Lawyer for employment-based green cards? Pollack, Pollack, Isaac & DeCicco, LLP handles PERM filings and labor certification issues.","og_url":"https:\/\/ppid.com\/es\/long-island-perm-lawyer\/","og_site_name":"Pollack, Pollack, Isaac &amp; DeCicco, LLP","article_modified_time":"2025-12-17T14:47:03+00:00","og_image":[{"width":1200,"height":600,"url":"https:\/\/ppid.com\/wp-content\/uploads\/2025\/12\/long-island-perm-lawyer.webp","type":"image\/webp"}],"twitter_card":"summary_large_image","twitter_misc":{"Tiempo de lectura":"5 minutos"},"schema":{"@context":"https:\/\/schema.org","@graph":[{"@type":"WebPage","@id":"https:\/\/ppid.com\/long-island-perm-lawyer\/","url":"https:\/\/ppid.com\/long-island-perm-lawyer\/","name":"Long Island PERM Abogado y bufete de abogados","isPartOf":{"@id":"https:\/\/ppid.com\/#website"},"primaryImageOfPage":{"@id":"https:\/\/ppid.com\/long-island-perm-lawyer\/#primaryimage"},"image":{"@id":"https:\/\/ppid.com\/long-island-perm-lawyer\/#primaryimage"},"thumbnailUrl":"https:\/\/ppid.com\/wp-content\/uploads\/2025\/12\/long-island-perm-lawyer.webp","datePublished":"2025-12-17T11:37:56+00:00","dateModified":"2025-12-17T14:47:03+00:00","description":"\u00bfBusca un abogado especializado en PERM Long Island para obtener tarjetas de residencia por motivos laborales? Pollack, Pollack, Isaac &amp; DeCicco, LLP se encarga de tramitar solicitudes PERM y cuestiones relacionadas con la certificaci\u00f3n laboral.","breadcrumb":{"@id":"https:\/\/ppid.com\/long-island-perm-lawyer\/#breadcrumb"},"inLanguage":"es","potentialAction":[{"@type":"ReadAction","target":["https:\/\/ppid.com\/long-island-perm-lawyer\/"]}]},{"@type":"ImageObject","inLanguage":"es","@id":"https:\/\/ppid.com\/long-island-perm-lawyer\/#primaryimage","url":"https:\/\/ppid.com\/wp-content\/uploads\/2025\/12\/long-island-perm-lawyer.webp","contentUrl":"https:\/\/ppid.com\/wp-content\/uploads\/2025\/12\/long-island-perm-lawyer.webp"},{"@type":"BreadcrumbList","@id":"https:\/\/ppid.com\/long-island-perm-lawyer\/#breadcrumb","itemListElement":[{"@type":"ListItem","position":1,"name":"Home","item":"https:\/\/ppid.com\/"},{"@type":"ListItem","position":2,"name":"Long Island PERM Lawyer"}]},{"@type":"WebSite","@id":"https:\/\/ppid.com\/#website","url":"https:\/\/ppid.com\/","name":"Pollack, Pollack, Isaac &amp; DeCicco, LLP","description":"","potentialAction":[{"@type":"SearchAction","target":{"@type":"EntryPoint","urlTemplate":"https:\/\/ppid.com\/?s={search_term_string}"},"query-input":{"@type":"PropertyValueSpecification","valueRequired":true,"valueName":"search_term_string"}}],"inLanguage":"es"}]}},"_links":{"self":[{"href":"https:\/\/ppid.com\/es\/wp-json\/wp\/v2\/pages\/2918","targetHints":{"allow":["GET"]}}],"collection":[{"href":"https:\/\/ppid.com\/es\/wp-json\/wp\/v2\/pages"}],"about":[{"href":"https:\/\/ppid.com\/es\/wp-json\/wp\/v2\/types\/page"}],"author":[{"embeddable":true,"href":"https:\/\/ppid.com\/es\/wp-json\/wp\/v2\/users\/1"}],"replies":[{"embeddable":true,"href":"https:\/\/ppid.com\/es\/wp-json\/wp\/v2\/comments?post=2918"}],"version-history":[{"count":0,"href":"https:\/\/ppid.com\/es\/wp-json\/wp\/v2\/pages\/2918\/revisions"}],"wp:attachment":[{"href":"https:\/\/ppid.com\/es\/wp-json\/wp\/v2\/media?parent=2918"}],"curies":[{"name":"wp","href":"https:\/\/api.w.org\/{rel}","templated":true}]}}