{"id":2922,"date":"2025-12-17T14:58:57","date_gmt":"2025-12-17T14:58:57","guid":{"rendered":"https:\/\/ppidllp.wpenginepowered.com\/?page_id=2922"},"modified":"2025-12-17T14:59:59","modified_gmt":"2025-12-17T14:59:59","slug":"brooklyn-j-1-visa-lawyer","status":"publish","type":"page","link":"https:\/\/ppid.com\/es\/brooklyn-j-1-visa-lawyer\/","title":{"rendered":"Abogado especializado en visas J-1 Brooklyn"},"content":{"rendered":"<div id=\"ez-toc-container\" class=\"ez-toc-v2_0_80 counter-hierarchy ez-toc-counter ez-toc-transparent ez-toc-container-direction\">\n<div class=\"ez-toc-title-container\">\n<p class=\"ez-toc-title ez-toc-toggle\" style=\"cursor:pointer\">\u00cdndice<\/p>\n<span class=\"ez-toc-title-toggle\"><a href=\"#\" class=\"ez-toc-pull-right ez-toc-btn ez-toc-btn-xs ez-toc-btn-default ez-toc-toggle\" aria-label=\"Toggle Table of Content\"><span class=\"ez-toc-js-icon-con\"><span class=\"\"><span class=\"eztoc-hide\" style=\"display:none;\">Toggle<\/span><span class=\"ez-toc-icon-toggle-span\"><svg style=\"fill: #999;color:#999\" xmlns=\"http:\/\/www.w3.org\/2000\/svg\" class=\"list-377408\" width=\"20px\" height=\"20px\" viewbox=\"0 0 24 24\" fill=\"none\"><path d=\"M6 6H4v2h2V6zm14 0H8v2h12V6zM4 11h2v2H4v-2zm16 0H8v2h12v-2zM4 16h2v2H4v-2zm16 0H8v2h12v-2z\" fill=\"currentColor\"><\/path><\/svg><svg style=\"fill: #999;color:#999\" class=\"arrow-unsorted-368013\" xmlns=\"http:\/\/www.w3.org\/2000\/svg\" width=\"10px\" height=\"10px\" viewbox=\"0 0 24 24\" version=\"1.2\" baseprofile=\"tiny\"><path d=\"M18.2 9.3l-6.2-6.3-6.2 6.3c-.2.2-.3.4-.3.7s.1.5.3.7c.2.2.4.3.7.3h11c.3 0 .5-.1.7-.3.2-.2.3-.5.3-.7s-.1-.5-.3-.7zM5.8 14.7l6.2 6.3 6.2-6.3c.2-.2.3-.5.3-.7s-.1-.5-.3-.7c-.2-.2-.4-.3-.7-.3h-11c-.3 0-.5.1-.7.3-.2.2-.3.5-.3.7s.1.5.3.7z\"\/><\/svg><\/span><\/span><\/span><\/a><\/span><\/div>\n<nav><ul class='ez-toc-list ez-toc-list-level-1 eztoc-toggle-hide-by-default' ><li class='ez-toc-page-1 ez-toc-heading-level-2'><a class=\"ez-toc-link ez-toc-heading-1\" href=\"https:\/\/ppid.com\/es\/brooklyn-j-1-visa-lawyer\/#brooklyn-j-1-visa-attorney\" >Abogado especializado en visas J-1 Brooklyn<\/a><\/li><li class='ez-toc-page-1 ez-toc-heading-level-2'><a class=\"ez-toc-link ez-toc-heading-2\" href=\"https:\/\/ppid.com\/es\/brooklyn-j-1-visa-lawyer\/#hire-a-j-1-visa-lawyer\" >Contrate a un abogado especializado en visas J-1<\/a><\/li><li class='ez-toc-page-1 ez-toc-heading-level-2'><a class=\"ez-toc-link ez-toc-heading-3\" href=\"https:\/\/ppid.com\/es\/brooklyn-j-1-visa-lawyer\/#overview-of-the-j-1-exchange-visitor-visa\" >Resumen de la visa J-1 para visitantes de intercambio<\/a><\/li><li class='ez-toc-page-1 ez-toc-heading-level-2'><a class=\"ez-toc-link ez-toc-heading-4\" href=\"https:\/\/ppid.com\/es\/brooklyn-j-1-visa-lawyer\/#required-documentation-and-program-expectations\" >Documentaci\u00f3n requerida y expectativas del programa<\/a><\/li><li class='ez-toc-page-1 ez-toc-heading-level-2'><a class=\"ez-toc-link ez-toc-heading-5\" href=\"https:\/\/ppid.com\/es\/brooklyn-j-1-visa-lawyer\/#considerations-for-those-in-brooklyn\" >Consideraciones para quienes se encuentran en Brooklyn<\/a><\/li><li class='ez-toc-page-1 ez-toc-heading-level-2'><a class=\"ez-toc-link ez-toc-heading-6\" href=\"https:\/\/ppid.com\/es\/brooklyn-j-1-visa-lawyer\/#home-residency-rules-and-recent-policy-changes\" >Normas de residencia y cambios recientes en la pol\u00edtica<\/a><\/li><li class='ez-toc-page-1 ez-toc-heading-level-2'><a class=\"ez-toc-link ez-toc-heading-7\" href=\"https:\/\/ppid.com\/es\/brooklyn-j-1-visa-lawyer\/#faqs\" >Preguntas frecuentes<\/a><ul class='ez-toc-list-level-3' ><li class='ez-toc-heading-level-3'><a class=\"ez-toc-link ez-toc-heading-8\" href=\"https:\/\/ppid.com\/es\/brooklyn-j-1-visa-lawyer\/#q-what-does-a-j-1-sponsor-provide\" >P: \u00bfQu\u00e9 ofrece un patrocinador J-1?<\/a><\/li><li class='ez-toc-page-1 ez-toc-heading-level-3'><a class=\"ez-toc-link ez-toc-heading-9\" href=\"https:\/\/ppid.com\/es\/brooklyn-j-1-visa-lawyer\/#q-are-j-1-visas-intended-for-long-term-residence\" >P: \u00bfLas visas J-1 est\u00e1n destinadas a la residencia de larga duraci\u00f3n?<\/a><\/li><li class='ez-toc-page-1 ez-toc-heading-level-3'><a class=\"ez-toc-link ez-toc-heading-10\" href=\"https:\/\/ppid.com\/es\/brooklyn-j-1-visa-lawyer\/#q-what-determines-eligibility-for-a-j-1-category\" >P: \u00bfQu\u00e9 determina la elegibilidad para la categor\u00eda J-1?<\/a><\/li><li class='ez-toc-page-1 ez-toc-heading-level-3'><a class=\"ez-toc-link ez-toc-heading-11\" href=\"https:\/\/ppid.com\/es\/brooklyn-j-1-visa-lawyer\/#q-can-j-1-program-rules-change-over-time\" >P: \u00bfPueden cambiar las reglas del programa J-1 con el tiempo?<\/a><\/li><\/ul><\/li><li class='ez-toc-page-1 ez-toc-heading-level-2'><a class=\"ez-toc-link ez-toc-heading-12\" href=\"https:\/\/ppid.com\/es\/brooklyn-j-1-visa-lawyer\/#contact-a-brooklyn-j-1visa-lawyer\" >P\u00f3ngase en contacto con un abogado especializado en visas J-1 de Brooklyn.<\/a><\/li><\/ul><\/nav><\/div>\n<h2><span class=\"ez-toc-section\" id=\"brooklyn-j-1-visa-attorney\"><\/span>Abogado especializado en visas J-1 Brooklyn<span class=\"ez-toc-section-end\"><\/span><\/h2>\n<p>En <a href=\"https:\/\/ppid.com\/es\/\">Pollack, Pollack, Isaac &amp; DeCicco, LLP<\/a>, tenemos un <strong>Abogado especializado en visas J-1 Brooklyn<\/strong>. Pueden ayudar a los solicitantes de visados de intercambio a comprender mejor la documentaci\u00f3n necesaria para este tipo de patrocinio, as\u00ed como algunas de las expectativas que se tienen de los participantes en el programa. Nuestro personal trabaja con personas que se preparan para puestos de ense\u00f1anza, formaci\u00f3n, investigaci\u00f3n, pr\u00e1cticas y intercambio cultural.<\/p>\n<p>Sabemos lo importante que es llevar registros precisos para cumplir con los requisitos de elegibilidad de cada categor\u00eda de la visa J-1. Nuestra empresa tambi\u00e9n informa a los clientes sobre los formularios espec\u00edficos, las expectativas del programa y las pruebas que deben presentar, para que los solicitantes sepan qu\u00e9 informaci\u00f3n deben presentar como parte de su proceso J-1.<\/p>\n<p><img loading=\"lazy\" decoding=\"async\" class=\"aligncenter wp-image-2950 size-full\" title=\"Abogado experto en visas J-1 Brooklyn\" src=\"https:\/\/ppid.com\/wp-content\/uploads\/2025\/12\/brooklyn-j-1-visa-lawyer.webp\" alt=\"Skilled Brooklyn J-1 Visa Lawyer\" width=\"1200\" height=\"600\" srcset=\"https:\/\/ppid.com\/wp-content\/uploads\/2025\/12\/brooklyn-j-1-visa-lawyer.webp 1200w, https:\/\/ppid.com\/wp-content\/uploads\/2025\/12\/brooklyn-j-1-visa-lawyer-300x150.webp 300w, https:\/\/ppid.com\/wp-content\/uploads\/2025\/12\/brooklyn-j-1-visa-lawyer-1024x512.webp 1024w, https:\/\/ppid.com\/wp-content\/uploads\/2025\/12\/brooklyn-j-1-visa-lawyer-768x384.webp 768w, https:\/\/ppid.com\/wp-content\/uploads\/2025\/12\/brooklyn-j-1-visa-lawyer-18x9.webp 18w\" sizes=\"auto, (max-width: 1200px) 100vw, 1200px\" \/><\/p>\n<h2><span class=\"ez-toc-section\" id=\"hire-a-j-1-visa-lawyer\"><\/span>Contrate a un abogado especializado en visas J-1<span class=\"ez-toc-section-end\"><\/span><\/h2>\n<p>Somos un bufete de abogados integral con sede en New York que representa a clientes de todo el mundo. Nuestro experimentado equipo legal lleva a cabo los casos m\u00e1s complicados hasta su conclusi\u00f3n. Tenemos el honor de ser uno de los \u201cMejores bufetes de abogados\u201d en New York City seg\u00fan U.S. News and World Report \u2013 Best Lawyers\u00ae. Nuestras oficinas se encuentran en Manhattan, Peekskill y New York.<\/p>\n<h2><span class=\"ez-toc-section\" id=\"overview-of-the-j-1-exchange-visitor-visa\"><\/span>Resumen de la visa J-1 para visitantes de intercambio<span class=\"ez-toc-section-end\"><\/span><\/h2>\n<p>En general, una visa J-1 para visitantes de intercambio permite a los participantes no ciudadanos participar en un programa temporal aprobado por el Departamento de Estado de los Estados Unidos. Los visitantes de intercambio pueden entrar en una de varias categor\u00edas, dependiendo de sus intereses, necesidades de formaci\u00f3n y habilidades. Los solicitantes deben tener un patrocinador designado que les expida <a href=\"https:\/\/j1visa.state.gov\/participants\/how-to-apply\/about-ds-2019\/\" target=\"_blank\" rel=\"noopener\">Formulario DS-2019<\/a> antes de que la persona pueda presentar una solicitud J-1 en un consulado o embajada de los Estados Unidos.<\/p>\n<p>Las estad\u00edsticas del gobierno federal muestran que el programa apoya<a href=\"https:\/\/j1visa.state.gov\/facts-and-figures-2015-2025\/\" target=\"_blank\" rel=\"noopener\"> m\u00e1s de 300 000 visitantes de intercambio<\/a> cada a\u00f1o, por lo que estas visas son comunes para quienes est\u00e1n interesados en obtener una experiencia educativa o cultural temporal en los Estados Unidos.<\/p>\n<p>Todos los programas tienen reglas relativas a la formaci\u00f3n, la experiencia temporal y el compromiso cultural. La documentaci\u00f3n es \u00fatil para mostrar claramente la calificaci\u00f3n del solicitante dentro de la categor\u00eda elegida.<\/p>\n<h2><span class=\"ez-toc-section\" id=\"required-documentation-and-program-expectations\"><\/span>Documentaci\u00f3n requerida y expectativas del programa<span class=\"ez-toc-section-end\"><\/span><\/h2>\n<p>Los solicitantes de visados de intercambio deben presentar documentos que demuestren que han sido aceptados en un programa concreto y que re\u00fanen los requisitos necesarios para participar en \u00e9l. En ocasiones, los patrocinadores desean revisar los registros financieros, los certificados acad\u00e9micos u otras pruebas de la experiencia formativa.<\/p>\n<p>Los solicitantes deben presentar formularios completos y precisos para iniciar el proceso de solicitud y evitar retrasos. <strong>Aseg\u00farate de tener los siguientes documentos:<\/strong><\/p>\n<ul>\n<li>Un pasaporte v\u00e1lido.<\/li>\n<li>Formulario DS-2019 de un patrocinador designado.<\/li>\n<li>Prueba de apoyo financiero<\/li>\n<li>Credenciales o certificados relevantes para el programa.<\/li>\n<li>Documentaci\u00f3n que acredite la funci\u00f3n del solicitante o el plan de formaci\u00f3n.<\/li>\n<\/ul>\n<p>Si los formularios se procesan sin inconvenientes, se invitar\u00e1 al solicitante a una entrevista con verificaci\u00f3n adicional.<\/p>\n<h2><span class=\"ez-toc-section\" id=\"considerations-for-those-in-brooklyn\"><\/span>Consideraciones para quienes se encuentran en Brooklyn<span class=\"ez-toc-section-end\"><\/span><\/h2>\n<p><a href=\"https:\/\/en.wikipedia.org\/wiki\/Brooklyn\" target=\"_blank\" rel=\"noopener\">Brooklyn<\/a> Los solicitantes de visados de intercambio suelen interactuar con una amplia gama de instituciones New York City. Es posible que se enfrenten a pasos de revisi\u00f3n adicionales en las oficinas de inmigraci\u00f3n que prestan servicio en el condado de Kings. <strong>Las consideraciones clave incluyen:<\/strong><\/p>\n<ul>\n<li>Trabajar con patrocinadores, universidades, centros m\u00e9dicos y organizaciones culturales que puedan solicitar registros espec\u00edficos de cada categor\u00eda.<\/li>\n<li>Preparaci\u00f3n de la documentaci\u00f3n que se revisa habitualmente en New York City, como pruebas de apoyo financiero y cualificaciones relacionadas con la categor\u00eda de intercambio seleccionada.<\/li>\n<li>Cumplir con cualquier requisito adicional de las organizaciones locales, incluyendo programas de formaci\u00f3n o expedientes acad\u00e9micos que respalden el prop\u00f3sito declarado del programa.<\/li>\n<li>Comprender los patrones regionales para ayudar a los solicitantes a anticipar qu\u00e9 materiales se les pueden solicitar en cada etapa del proceso.<\/li>\n<\/ul>\n<h2><span class=\"ez-toc-section\" id=\"home-residency-rules-and-recent-policy-changes\"><\/span>Normas de residencia y cambios recientes en la pol\u00edtica<span class=\"ez-toc-section-end\"><\/span><\/h2>\n<p>Un grupo selecto de participantes J-1 est\u00e1 sujeto a un requisito de residencia de dos a\u00f1os en su pa\u00eds de origen, que puede depender de la categor\u00eda de su programa, su \u00e1rea de experiencia y la estructura de financiaci\u00f3n. No todos los solicitantes deben cumplir el requisito de residencia en su pa\u00eds de origen.<\/p>\n<p>Un cambio reciente en la pol\u00edtica, en diciembre de 2024, actualiz\u00f3 la Lista de habilidades y <a href=\"https:\/\/isso.ucsf.edu\/skils-list-2024#:~:text=The%20U.S.%20Department%20of%20State,additional%20countries%20to%20the%20list.\" target=\"_blank\" rel=\"noopener\">elimin\u00f3 37 pa\u00edses,<\/a> lo que redujo el n\u00famero de personas sujetas a la norma basada \u00fanicamente en la escasez de mano de obra cualificada. El requisito sigue aplic\u00e1ndose a las personas cuyo programa fue financiado por el gobierno de los Estados Unidos o por el gobierno de su pa\u00eds de origen, independientemente del pa\u00eds de destino.<\/p>\n<p>Las regulaciones cambian r\u00e1pidamente, por lo que es importante mantenerse al d\u00eda sobre los requisitos que se aplican a la categor\u00eda espec\u00edfica que elige un candidato.<\/p>\n<h2><span class=\"ez-toc-section\" id=\"faqs\"><\/span>Preguntas frecuentes<span class=\"ez-toc-section-end\"><\/span><\/h2>\n<div class=\"accsec-ritcnt accordion\">\n<div class=\"accordion-section\">\n<h3><span class=\"ez-toc-section\" id=\"q-what-does-a-j-1-sponsor-provide\"><\/span><a class=\"accordion-section-title active\" href=\"#accordion-1\">P: \u00bfQu\u00e9 ofrece un patrocinador J-1?<\/a><span class=\"ez-toc-section-end\"><\/span><\/h3>\n<div id=\"accordion-1\" class=\"accordion-section-content open\" style=\"display: block;\">\n<p><strong>A:<\/strong> Un patrocinador J-1 proporciona los documentos y la estructura que el solicitante utiliza para solicitar un programa de intercambio. El patrocinador emite el formulario DS-2019, nombra la categor\u00eda del programa que puede utilizar el participante, detalla los objetivos del intercambio y describe las pruebas que debe reunir el solicitante. La gu\u00eda orienta la solicitud de visa, y el candidato depende de las instrucciones del patrocinador para preparar materiales precisos y completos para su revisi\u00f3n.<\/p>\n<\/div>\n<\/div>\n<div class=\"accordion-section\">\n<h3><span class=\"ez-toc-section\" id=\"q-are-j-1-visas-intended-for-long-term-residence\"><\/span><a class=\"accordion-section-title\" href=\"#accordion-2\">P: \u00bfLas visas J-1 est\u00e1n destinadas a la residencia de larga duraci\u00f3n?<\/a><span class=\"ez-toc-section-end\"><\/span><\/h3>\n<div id=\"accordion-2\" class=\"accordion-section-content\" style=\"display: none;\">\n<p><strong>A:<\/strong> Las visas J-1 est\u00e1n destinadas a la participaci\u00f3n temporal en programas educativos, culturales o de capacitaci\u00f3n. Las visas no son para solicitantes que deseen permanecer en el pa\u00eds de manera indefinida, y la estructura del programa refleja un per\u00edodo definido de actividad seguido de la finalizaci\u00f3n del intercambio.<\/p>\n<p>Comprender este marco temporal puede ayudar al solicitante a preparar la documentaci\u00f3n adecuada y prever el periodo que podr\u00e1 permanecer en Estados Unidos seg\u00fan su categor\u00eda.<\/p>\n<\/div>\n<\/div>\n<div class=\"accordion-section\">\n<h3><span class=\"ez-toc-section\" id=\"q-what-determines-eligibility-for-a-j-1-category\"><\/span><a class=\"accordion-section-title\" href=\"#accordion-3\">P: \u00bfQu\u00e9 determina la elegibilidad para la categor\u00eda J-1?<\/a><span class=\"ez-toc-section-end\"><\/span><\/h3>\n<div id=\"accordion-3\" class=\"accordion-section-content\" style=\"display: none;\">\n<p><strong>A:<\/strong> Los requisitos establecidos por el patrocinador designado determinan la elegibilidad para una categor\u00eda J-1. Los patrocinadores suelen revisar los antecedentes acad\u00e9micos, la experiencia formativa, los recursos financieros y el prop\u00f3sito del intercambio del solicitante. El candidato debe demostrar que sus credenciales y objetivos se ajustan a la categor\u00eda para la que ha sido seleccionado. Es esencial presentar documentaci\u00f3n clara de esas cualificaciones al preparar una solicitud J-1.<\/p>\n<\/div>\n<\/div>\n<div class=\"accordion-section\">\n<h3><span class=\"ez-toc-section\" id=\"q-can-j-1-program-rules-change-over-time\"><\/span><a class=\"accordion-section-title\" href=\"#accordion-4\">P: \u00bfPueden cambiar las reglas del programa J-1 con el tiempo?<\/a><span class=\"ez-toc-section-end\"><\/span><\/h3>\n<div id=\"accordion-4\" class=\"accordion-section-content\" style=\"display: none;\">\n<p><strong>A:<\/strong> Las reglas del programa pueden cambiar significativamente con el tiempo. Las actualizaciones pueden afectar los requisitos de elegibilidad, la documentaci\u00f3n necesaria o las obligaciones de residencia vinculadas a categor\u00edas espec\u00edficas. Los ajustes normativos tambi\u00e9n pueden influir en la forma en que los patrocinadores estructuran los programas o definen las responsabilidades de los participantes.<\/p>\n<p>Conocer estos cambios puede ayudar al solicitante a saber qu\u00e9 reglas est\u00e1n vigentes cuando prepare sus materiales y c\u00f3mo los nuevos requisitos pueden influir en su participaci\u00f3n en un programa de intercambio.<\/p>\n<\/div>\n<\/div>\n<\/div>\n<h2><span class=\"ez-toc-section\" id=\"contact-a-brooklyn-j-1visa-lawyer\"><\/span>P\u00f3ngase en contacto con un abogado especializado en visas J-1 de Brooklyn.<span class=\"ez-toc-section-end\"><\/span><\/h2>\n<p>Un programa de intercambio J-1 requiere documentaci\u00f3n precisa y una comprensi\u00f3n clara de los requisitos de la categor\u00eda. Un abogado especializado en PPID puede revisar la elegibilidad, explicar las expectativas del programa y ayudar a organizar los documentos necesarios para la presentaci\u00f3n. Nuestro equipo ofrece orientaci\u00f3n basada en la experiencia con las regulaciones federales y los solicitantes basados en New York que se preparan para oportunidades de intercambio. <a href=\"https:\/\/ppid.com\/es\/contact\/\">Contrata a un abogado especializado en visas J-1.<\/a> para saber m\u00e1s.<\/p>\n<p><iframe loading=\"lazy\" style=\"border: 0;\" src=\"https:\/\/www.google.com\/maps\/embed?pb=!1m18!1m12!1m3!1d96873.72404095976!2d-73.94483555000001!3d40.64523145!2m3!1f0!2f0!3f0!3m2!1i1024!2i768!4f13.1!3m3!1m2!1s0x89c24416947c2109%3A0x82765c7404007886!2sBrooklyn%2C%20NY%2C%20USA!5e0!3m2!1sen!2sin!4v1765983505847!5m2!1sen!2sin\" width=\"100%\" height=\"300\" allowfullscreen=\"allowfullscreen\"><span data-mce-type=\"bookmark\" style=\"display: inline-block; width: 0px; overflow: hidden; line-height: 0;\" class=\"mce_SELRES_start\"><\/span><\/iframe><\/p>","protected":false},"excerpt":{"rendered":"<p>Brooklyn J-1 Visa Attorney At Pollack, Pollack, Isaac &amp; DeCicco, LLP, we have a Brooklyn J-1 visa lawyer. They can help exchange visitor applicants better understand the documentation required for this type of sponsorship, as well as some of the expectations placed on program participants. Our staff works with people preparing for teaching, training, research, &hellip; <\/p>\n<p class=\"link-more\"><a href=\"https:\/\/ppid.com\/es\/brooklyn-j-1-visa-lawyer\/\" class=\"more-link\">Seguir leyendo<span class=\"screen-reader-text\"> &#8220;Brooklyn J-1 Visa Lawyer&#8221;<\/span><\/a><\/p>","protected":false},"author":1,"featured_media":0,"parent":0,"menu_order":0,"comment_status":"closed","ping_status":"closed","template":"","meta":{"_acf_changed":false,"footnotes":""},"class_list":["post-2922","page","type-page","status-publish","hentry","entry"],"acf":[],"yoast_head":"<!-- This site is optimized with the Yoast SEO Premium plugin v26.8 (Yoast SEO v26.8) - https:\/\/yoast.com\/product\/yoast-seo-premium-wordpress\/ -->\n<title>Brooklyn J-1 Visa Lawyer &amp; Law Firm<\/title>\n<meta name=\"description\" content=\"Need a Brooklyn J-1 Visa Lawyer for exchange visitor issues or waivers? Pollack, Pollack, Isaac &amp; DeCicco, LLP provides focused immigration support.\" \/>\n<meta name=\"robots\" content=\"index, follow, max-snippet:-1, max-image-preview:large, max-video-preview:-1\" \/>\n<link rel=\"canonical\" href=\"https:\/\/ppid.com\/es\/brooklyn-j-1-visa-lawyer\/\" \/>\n<meta property=\"og:locale\" content=\"es_MX\" \/>\n<meta property=\"og:type\" content=\"article\" \/>\n<meta property=\"og:title\" content=\"Brooklyn J-1 Visa Lawyer\" \/>\n<meta property=\"og:description\" content=\"Need a Brooklyn J-1 Visa Lawyer for exchange visitor issues or waivers? Pollack, Pollack, Isaac &amp; DeCicco, LLP provides focused immigration support.\" \/>\n<meta property=\"og:url\" content=\"https:\/\/ppid.com\/es\/brooklyn-j-1-visa-lawyer\/\" \/>\n<meta property=\"og:site_name\" content=\"Pollack, Pollack, Isaac &amp; DeCicco, LLP\" \/>\n<meta property=\"article:modified_time\" content=\"2025-12-17T14:59:59+00:00\" \/>\n<meta property=\"og:image\" content=\"https:\/\/ppid.com\/wp-content\/uploads\/2025\/12\/brooklyn-j-1-visa-lawyer.webp\" \/>\n\t<meta property=\"og:image:width\" content=\"1200\" \/>\n\t<meta property=\"og:image:height\" content=\"600\" \/>\n\t<meta property=\"og:image:type\" content=\"image\/webp\" \/>\n<meta name=\"twitter:card\" content=\"summary_large_image\" \/>\n<meta name=\"twitter:label1\" content=\"Tiempo de lectura\" \/>\n\t<meta name=\"twitter:data1\" content=\"5 minutos\" \/>\n<!-- \/ Yoast SEO Premium plugin. -->","yoast_head_json":{"title":"Abogado y bufete especializado en visas J-1 Brooklyn","description":"\u00bfNecesita un abogado especializado en visas J-1 Brooklyn para asuntos relacionados con visitantes de intercambio o exenciones? Pollack, Pollack, Isaac &amp; DeCicco, LLP ofrece asistencia especializada en materia de inmigraci\u00f3n.","robots":{"index":"index","follow":"follow","max-snippet":"max-snippet:-1","max-image-preview":"max-image-preview:large","max-video-preview":"max-video-preview:-1"},"canonical":"https:\/\/ppid.com\/es\/brooklyn-j-1-visa-lawyer\/","og_locale":"es_MX","og_type":"article","og_title":"Brooklyn J-1 Visa Lawyer","og_description":"Need a Brooklyn J-1 Visa Lawyer for exchange visitor issues or waivers? Pollack, Pollack, Isaac & DeCicco, LLP provides focused immigration support.","og_url":"https:\/\/ppid.com\/es\/brooklyn-j-1-visa-lawyer\/","og_site_name":"Pollack, Pollack, Isaac &amp; DeCicco, LLP","article_modified_time":"2025-12-17T14:59:59+00:00","og_image":[{"width":1200,"height":600,"url":"https:\/\/ppid.com\/wp-content\/uploads\/2025\/12\/brooklyn-j-1-visa-lawyer.webp","type":"image\/webp"}],"twitter_card":"summary_large_image","twitter_misc":{"Tiempo de lectura":"5 minutos"},"schema":{"@context":"https:\/\/schema.org","@graph":[{"@type":"WebPage","@id":"https:\/\/ppid.com\/brooklyn-j-1-visa-lawyer\/","url":"https:\/\/ppid.com\/brooklyn-j-1-visa-lawyer\/","name":"Abogado y bufete especializado en visas J-1 Brooklyn","isPartOf":{"@id":"https:\/\/ppid.com\/#website"},"primaryImageOfPage":{"@id":"https:\/\/ppid.com\/brooklyn-j-1-visa-lawyer\/#primaryimage"},"image":{"@id":"https:\/\/ppid.com\/brooklyn-j-1-visa-lawyer\/#primaryimage"},"thumbnailUrl":"https:\/\/ppid.com\/wp-content\/uploads\/2025\/12\/brooklyn-j-1-visa-lawyer.webp","datePublished":"2025-12-17T14:58:57+00:00","dateModified":"2025-12-17T14:59:59+00:00","description":"\u00bfNecesita un abogado especializado en visas J-1 Brooklyn para asuntos relacionados con visitantes de intercambio o exenciones? Pollack, Pollack, Isaac &amp; DeCicco, LLP ofrece asistencia especializada en materia de inmigraci\u00f3n.","breadcrumb":{"@id":"https:\/\/ppid.com\/brooklyn-j-1-visa-lawyer\/#breadcrumb"},"inLanguage":"es","potentialAction":[{"@type":"ReadAction","target":["https:\/\/ppid.com\/brooklyn-j-1-visa-lawyer\/"]}]},{"@type":"ImageObject","inLanguage":"es","@id":"https:\/\/ppid.com\/brooklyn-j-1-visa-lawyer\/#primaryimage","url":"https:\/\/ppid.com\/wp-content\/uploads\/2025\/12\/brooklyn-j-1-visa-lawyer.webp","contentUrl":"https:\/\/ppid.com\/wp-content\/uploads\/2025\/12\/brooklyn-j-1-visa-lawyer.webp"},{"@type":"BreadcrumbList","@id":"https:\/\/ppid.com\/brooklyn-j-1-visa-lawyer\/#breadcrumb","itemListElement":[{"@type":"ListItem","position":1,"name":"Home","item":"https:\/\/ppid.com\/"},{"@type":"ListItem","position":2,"name":"Brooklyn J-1 Visa Lawyer"}]},{"@type":"WebSite","@id":"https:\/\/ppid.com\/#website","url":"https:\/\/ppid.com\/","name":"Pollack, Pollack, Isaac &amp; DeCicco, LLP","description":"","potentialAction":[{"@type":"SearchAction","target":{"@type":"EntryPoint","urlTemplate":"https:\/\/ppid.com\/?s={search_term_string}"},"query-input":{"@type":"PropertyValueSpecification","valueRequired":true,"valueName":"search_term_string"}}],"inLanguage":"es"}]}},"_links":{"self":[{"href":"https:\/\/ppid.com\/es\/wp-json\/wp\/v2\/pages\/2922","targetHints":{"allow":["GET"]}}],"collection":[{"href":"https:\/\/ppid.com\/es\/wp-json\/wp\/v2\/pages"}],"about":[{"href":"https:\/\/ppid.com\/es\/wp-json\/wp\/v2\/types\/page"}],"author":[{"embeddable":true,"href":"https:\/\/ppid.com\/es\/wp-json\/wp\/v2\/users\/1"}],"replies":[{"embeddable":true,"href":"https:\/\/ppid.com\/es\/wp-json\/wp\/v2\/comments?post=2922"}],"version-history":[{"count":0,"href":"https:\/\/ppid.com\/es\/wp-json\/wp\/v2\/pages\/2922\/revisions"}],"wp:attachment":[{"href":"https:\/\/ppid.com\/es\/wp-json\/wp\/v2\/media?parent=2922"}],"curies":[{"name":"wp","href":"https:\/\/api.w.org\/{rel}","templated":true}]}}