{"id":2924,"date":"2025-12-17T15:03:23","date_gmt":"2025-12-17T15:03:23","guid":{"rendered":"https:\/\/ppidllp.wpenginepowered.com\/?page_id=2924"},"modified":"2025-12-17T15:03:50","modified_gmt":"2025-12-17T15:03:50","slug":"brooklyn-vawa-immigration-lawyer","status":"publish","type":"page","link":"https:\/\/ppid.com\/es\/brooklyn-vawa-immigration-lawyer\/","title":{"rendered":"Abogado de inmigraci\u00f3n especializado en la Ley de Violencia contra la Mujer (VAWA) Brooklyn"},"content":{"rendered":"<div id=\"ez-toc-container\" class=\"ez-toc-v2_0_80 counter-hierarchy ez-toc-counter ez-toc-transparent ez-toc-container-direction\">\n<div class=\"ez-toc-title-container\">\n<p class=\"ez-toc-title ez-toc-toggle\" style=\"cursor:pointer\">\u00cdndice<\/p>\n<span class=\"ez-toc-title-toggle\"><a href=\"#\" class=\"ez-toc-pull-right ez-toc-btn ez-toc-btn-xs ez-toc-btn-default ez-toc-toggle\" aria-label=\"Toggle Table of Content\"><span class=\"ez-toc-js-icon-con\"><span class=\"\"><span class=\"eztoc-hide\" style=\"display:none;\">Toggle<\/span><span class=\"ez-toc-icon-toggle-span\"><svg style=\"fill: #999;color:#999\" xmlns=\"http:\/\/www.w3.org\/2000\/svg\" class=\"list-377408\" width=\"20px\" height=\"20px\" viewbox=\"0 0 24 24\" fill=\"none\"><path d=\"M6 6H4v2h2V6zm14 0H8v2h12V6zM4 11h2v2H4v-2zm16 0H8v2h12v-2zM4 16h2v2H4v-2zm16 0H8v2h12v-2z\" fill=\"currentColor\"><\/path><\/svg><svg style=\"fill: #999;color:#999\" class=\"arrow-unsorted-368013\" xmlns=\"http:\/\/www.w3.org\/2000\/svg\" width=\"10px\" height=\"10px\" viewbox=\"0 0 24 24\" version=\"1.2\" baseprofile=\"tiny\"><path d=\"M18.2 9.3l-6.2-6.3-6.2 6.3c-.2.2-.3.4-.3.7s.1.5.3.7c.2.2.4.3.7.3h11c.3 0 .5-.1.7-.3.2-.2.3-.5.3-.7s-.1-.5-.3-.7zM5.8 14.7l6.2 6.3 6.2-6.3c.2-.2.3-.5.3-.7s-.1-.5-.3-.7c-.2-.2-.4-.3-.7-.3h-11c-.3 0-.5.1-.7.3-.2.2-.3.5-.3.7s.1.5.3.7z\"\/><\/svg><\/span><\/span><\/span><\/a><\/span><\/div>\n<nav><ul class='ez-toc-list ez-toc-list-level-1 eztoc-toggle-hide-by-default' ><li class='ez-toc-page-1 ez-toc-heading-level-2'><a class=\"ez-toc-link ez-toc-heading-1\" href=\"https:\/\/ppid.com\/es\/brooklyn-vawa-immigration-lawyer\/#brooklyn-vawa-immigration-attorney\" >Brooklyn VAWA Abogado de inmigraci\u00f3n<\/a><\/li><li class='ez-toc-page-1 ez-toc-heading-level-2'><a class=\"ez-toc-link ez-toc-heading-2\" href=\"https:\/\/ppid.com\/es\/brooklyn-vawa-immigration-lawyer\/#hire-a-vawa-immigration-lawyer\" >Contrate a un abogado especializado en inmigraci\u00f3n VAWA<\/a><\/li><li class='ez-toc-page-1 ez-toc-heading-level-2'><a class=\"ez-toc-link ez-toc-heading-3\" href=\"https:\/\/ppid.com\/es\/brooklyn-vawa-immigration-lawyer\/#vawa-self-petition-documents-and-evidence-a-brooklyn-overview\" >Documentos y pruebas para la auto-petici\u00f3n VAWA: resumen de Brooklyn<\/a><\/li><li class='ez-toc-page-1 ez-toc-heading-level-2'><a class=\"ez-toc-link ez-toc-heading-4\" href=\"https:\/\/ppid.com\/es\/brooklyn-vawa-immigration-lawyer\/#evidence-needed-in-a-strong-vawa-application\" >Pruebas necesarias para una solicitud s\u00f3lida en virtud de la Ley VAWA<\/a><\/li><li class='ez-toc-page-1 ez-toc-heading-level-2'><a class=\"ez-toc-link ez-toc-heading-5\" href=\"https:\/\/ppid.com\/es\/brooklyn-vawa-immigration-lawyer\/#brooklyn-related-context-in-a-vawa-application\" >Contexto relacionado con Brooklyn en una solicitud VAWA<\/a><\/li><li class='ez-toc-page-1 ez-toc-heading-level-2'><a class=\"ez-toc-link ez-toc-heading-6\" href=\"https:\/\/ppid.com\/es\/brooklyn-vawa-immigration-lawyer\/#changes-in-vawa-petitioner-policies\" >Cambios en las pol\u00edticas para los solicitantes de la VAWA<\/a><\/li><li class='ez-toc-page-1 ez-toc-heading-level-2'><a class=\"ez-toc-link ez-toc-heading-7\" href=\"https:\/\/ppid.com\/es\/brooklyn-vawa-immigration-lawyer\/#faqs\" >Preguntas frecuentes<\/a><ul class='ez-toc-list-level-3' ><li class='ez-toc-heading-level-3'><a class=\"ez-toc-link ez-toc-heading-8\" href=\"https:\/\/ppid.com\/es\/brooklyn-vawa-immigration-lawyer\/#q-what-documents-can-support-a-vawa-self-petition\" >P: \u00bfQu\u00e9 documentos pueden respaldar una solicitud propia en virtud de la ley VAWA?<\/a><\/li><li class='ez-toc-page-1 ez-toc-heading-level-3'><a class=\"ez-toc-link ez-toc-heading-9\" href=\"https:\/\/ppid.com\/es\/brooklyn-vawa-immigration-lawyer\/#q-how-does-vawa-protect-a-self-petitioners-privacy\" >P: \u00bfC\u00f3mo protege la VAWA la privacidad de quienes presentan una solicitud por cuenta propia?<\/a><\/li><li class='ez-toc-page-1 ez-toc-heading-level-3'><a class=\"ez-toc-link ez-toc-heading-10\" href=\"https:\/\/ppid.com\/es\/brooklyn-vawa-immigration-lawyer\/#q-who-can-qualify-for-vawa-relief\" >P: \u00bfQui\u00e9n puede optar al amparo de la ley VAWA?<\/a><\/li><li class='ez-toc-page-1 ez-toc-heading-level-3'><a class=\"ez-toc-link ez-toc-heading-11\" href=\"https:\/\/ppid.com\/es\/brooklyn-vawa-immigration-lawyer\/#q-can-vawa-program-requirements-change-over-time\" >P: \u00bfPueden cambiar con el tiempo los requisitos del programa VAWA?<\/a><\/li><li class='ez-toc-page-1 ez-toc-heading-level-3'><a class=\"ez-toc-link ez-toc-heading-12\" href=\"https:\/\/ppid.com\/es\/brooklyn-vawa-immigration-lawyer\/#q-what-happens-after-a-vawa-self-petition-is-filed\" >P: \u00bfQu\u00e9 sucede despu\u00e9s de presentar una solicitud por cuenta propia en virtud de la ley VAWA?<\/a><\/li><\/ul><\/li><li class='ez-toc-page-1 ez-toc-heading-level-2'><a class=\"ez-toc-link ez-toc-heading-13\" href=\"https:\/\/ppid.com\/es\/brooklyn-vawa-immigration-lawyer\/#contact-a-brooklyn-vawa-immigration-lawyer\" >P\u00f3ngase en contacto con un abogado especializado en inmigraci\u00f3n de Brooklyn VAWA.<\/a><\/li><\/ul><\/nav><\/div>\n<h2><span class=\"ez-toc-section\" id=\"brooklyn-vawa-immigration-attorney\"><\/span>Brooklyn VAWA Abogado de inmigraci\u00f3n<span class=\"ez-toc-section-end\"><\/span><\/h2>\n<p>Consultar con un <strong>Abogado especializado en inmigraci\u00f3n Brooklyn VAWA<\/strong> en <a href=\"https:\/\/ppid.com\/es\/\">Pollack, Pollack, Isaac &amp; DeCicco, LLP<\/a> permite a los solicitantes independientes solicitar protecci\u00f3n de manera confidencial sin depender de su familiar abusivo.<\/p>\n<p>Brindamos orientaci\u00f3n a los c\u00f3nyuges, hijos y padres que re\u00fanen los requisitos y solicitan ayuda en virtud de la Ley contra la Violencia hacia las Mujeres (VAWA). Nuestra firma revisa las pruebas necesarias, ayuda a organizar los documentos y aclara el proceso de auto-petici\u00f3n. Nuestros abogados ayudan a los solicitantes que necesitan una v\u00eda segura e independiente para resolver sus asuntos migratorios.<\/p>\n<p><img loading=\"lazy\" decoding=\"async\" class=\"aligncenter wp-image-2952 size-full\" title=\"El mejor abogado de inmigraci\u00f3n especializado en la Ley VAWA (Brooklyn)\" src=\"https:\/\/ppid.com\/wp-content\/uploads\/2025\/12\/brooklyn-vawa-immigration-lawyer.webp\" alt=\"Best Brooklyn VAWA Immigration Lawyer\" width=\"1200\" height=\"600\" srcset=\"https:\/\/ppid.com\/wp-content\/uploads\/2025\/12\/brooklyn-vawa-immigration-lawyer.webp 1200w, https:\/\/ppid.com\/wp-content\/uploads\/2025\/12\/brooklyn-vawa-immigration-lawyer-300x150.webp 300w, https:\/\/ppid.com\/wp-content\/uploads\/2025\/12\/brooklyn-vawa-immigration-lawyer-1024x512.webp 1024w, https:\/\/ppid.com\/wp-content\/uploads\/2025\/12\/brooklyn-vawa-immigration-lawyer-768x384.webp 768w, https:\/\/ppid.com\/wp-content\/uploads\/2025\/12\/brooklyn-vawa-immigration-lawyer-18x9.webp 18w\" sizes=\"auto, (max-width: 1200px) 100vw, 1200px\" \/><\/p>\n<h2><span class=\"ez-toc-section\" id=\"hire-a-vawa-immigration-lawyer\"><\/span>Contrate a un abogado especializado en inmigraci\u00f3n VAWA<span class=\"ez-toc-section-end\"><\/span><\/h2>\n<p>Contamos con una amplia experiencia en asuntos de inmigraci\u00f3n humanitaria y representamos habitualmente a personas que buscan protecci\u00f3n a trav\u00e9s de la ley VAWA. U.S. News &amp; World Report \u2013 Best Lawyers\u00ae ha otorgado a nuestro despacho el honor de ser uno de \u201cLos mejores despachos de abogados\u201d en New York City.<\/p>\n<p>Un abogado especializado en PPID puede revisar los criterios para una solicitud personal, incluyendo declaraciones personales y documentos de respaldo, y describir los pasos necesarios para preparar la presentaci\u00f3n. Nuestro bufete, compuesto por varios abogados, ofrece asesoramiento informado y confidencial de acuerdo con las regulaciones federales.<\/p>\n<h2><span class=\"ez-toc-section\" id=\"vawa-self-petition-documents-and-evidence-a-brooklyn-overview\"><\/span>Documentos y pruebas para la auto-petici\u00f3n VAWA: resumen de Brooklyn<span class=\"ez-toc-section-end\"><\/span><\/h2>\n<p>La VAWA, o Ley contra la Violencia hacia las Mujeres, permite a ciertos no ciudadanos solicitar beneficios migratorios de forma independiente. Las v\u00edctimas de abuso que cumplan con los requisitos de la VAWA pueden presentar la solicitud sin que el familiar abusivo lo sepa o participe en el proceso.<\/p>\n<p>USCIS recibi\u00f3 <a href=\"https:\/\/www.uscis.gov\/sites\/default\/files\/document\/reports\/FY2022_Annual_Statistical_Report.pdf\" target=\"_blank\" rel=\"noopener\">32 700 solicitudes VAWA<\/a> en el a\u00f1o fiscal 2022, por lo que no es de extra\u00f1ar que la solicitud se utilice tan ampliamente. Los solicitantes deben incluir pruebas de la relaci\u00f3n familiar y del abuso en sus solicitudes. <strong>Los solicitantes elegibles en Brooklyn y New York pueden incluir:<\/strong><\/p>\n<ul>\n<li>C\u00f3nyuges de ciudadanos estadounidenses o residentes permanentes legales<\/li>\n<li>Ciertos hijos de ciudadanos estadounidenses o residentes permanentes legales.<\/li>\n<li>Padres maltratados por un hijo o hija adulto(a) ciudadano(a) estadounidense<\/li>\n<\/ul>\n<h2><span class=\"ez-toc-section\" id=\"evidence-needed-in-a-strong-vawa-application\"><\/span>Pruebas necesarias para una solicitud s\u00f3lida en virtud de la Ley VAWA<span class=\"ez-toc-section-end\"><\/span><\/h2>\n<p>Las solicitudes VAWA exigen algo m\u00e1s que rellenar formularios y enviarlos al USCIS. Los solicitantes deben proporcionar pruebas cre\u00edbles que expliquen su situaci\u00f3n y corroboren los hechos presentados. <strong>Los materiales que se suelen incluir para respaldar una petici\u00f3n VAWA son:<\/strong><\/p>\n<ul>\n<li>Prueba de la relaci\u00f3n que da derecho a la exenci\u00f3n<\/li>\n<li>Documentaci\u00f3n de residencia compartida<\/li>\n<li>Declaraci\u00f3n personal sobre el maltrato<\/li>\n<li>Informes, declaraciones u otras pruebas<\/li>\n<li>Identificaci\u00f3n u otra informaci\u00f3n biogr\u00e1fica<\/li>\n<\/ul>\n<p>La VAWA no exige ning\u00fan informe policial ni ning\u00fan documento en particular. Los solicitantes env\u00edan las pruebas de que disponen para respaldar la petici\u00f3n.<\/p>\n<h2><span class=\"ez-toc-section\" id=\"brooklyn-related-context-in-a-vawa-application\"><\/span>Contexto relacionado con Brooklyn en una solicitud VAWA<span class=\"ez-toc-section-end\"><\/span><\/h2>\n<p>Los residentes de Brooklyn pueden interactuar con organizaciones locales, refugios, profesionales m\u00e9dicos o grupos de defensa mientras buscan seguridad y apoyo. Las necesidades legales y de inmigraci\u00f3n de los solicitantes en el condado de Kings a menudo incluyen la preparaci\u00f3n de la presentaci\u00f3n y el trato con las oficinas del USCIS que prestan servicios en el \u00e1rea de New York City.<\/p>\n<p>En ocasiones, los solicitantes recopilan documentos adicionales de instituciones que forman parte de la red Brooklyn, como hospitales, escuelas, centros de asesoramiento o organismos municipales, para respaldar una solicitud en virtud de la ley VAWA. Estos materiales pueden ayudar a demostrar la residencia, la relaci\u00f3n familiar o el impacto del abuso. Conocer c\u00f3mo se tratan las pruebas procedentes de organizaciones que forman parte de la red Brooklyn puede ayudar a presentar la solicitud de forma m\u00e1s ordenada.<\/p>\n<h2><span class=\"ez-toc-section\" id=\"changes-in-vawa-petitioner-policies\"><\/span>Cambios en las pol\u00edticas para los solicitantes de la VAWA<span class=\"ez-toc-section-end\"><\/span><\/h2>\n<p>Las agencias federales pueden actualizar peri\u00f3dicamente las expectativas probatorias y las pr\u00e1cticas de tramitaci\u00f3n de las solicitudes VAWA. En su informe anual de 2023, el USCIS indic\u00f3 que <a href=\"https:\/\/www.uscis.gov\/sites\/default\/files\/document\/data\/i360_vawa_performancedata_fy2023_q4.pdf?\" target=\"_blank\" rel=\"noopener\">7,817 solicitudes independientes I-360 VAWA <\/a>fueron aprobadas en todo el pa\u00eds. Los solicitantes se benefician al conocer las nuevas directrices sobre pruebas cre\u00edbles, plazos previstos y programas humanitarios relacionados.<\/p>\n<p>Las protecciones de confidencialidad de la VAWA siguen aplic\u00e1ndose a las solicitudes. La informaci\u00f3n presentada en una petici\u00f3n de la VAWA no se comparte con el familiar abusivo. Los solicitantes deben seguir proporcionando informaci\u00f3n clara, cre\u00edble y veraz cuando soliciten la concesi\u00f3n de la elegibilidad en virtud de la VAWA.<\/p>\n<h2><span class=\"ez-toc-section\" id=\"faqs\"><\/span>Preguntas frecuentes<span class=\"ez-toc-section-end\"><\/span><\/h2>\n<div class=\"accsec-ritcnt accordion\">\n<div class=\"accordion-section\">\n<h3><span class=\"ez-toc-section\" id=\"q-what-documents-can-support-a-vawa-self-petition\"><\/span><a class=\"accordion-section-title active\" href=\"#accordion-1\">P: \u00bfQu\u00e9 documentos pueden respaldar una solicitud propia en virtud de la ley VAWA?<\/a><span class=\"ez-toc-section-end\"><\/span><\/h3>\n<div id=\"accordion-1\" class=\"accordion-section-content open\" style=\"display: block;\">\n<p><strong>A:<\/strong> La documentaci\u00f3n para respaldar una solicitud independiente en virtud de la VAWA puede incluir pruebas de la relaci\u00f3n que da derecho a la solicitud, registros de convivencia, declaraciones personales, informes m\u00e9dicos o de asesoramiento, expedientes escolares, documentos financieros o declaraciones de personas de confianza. El objetivo es demostrar la relaci\u00f3n con el familiar maltratador y aportar pruebas fiables del maltrato. Los solicitantes pueden presentar cualquier material cre\u00edble que ayude a explicar sus circunstancias.<\/p>\n<\/div>\n<\/div>\n<div class=\"accordion-section\">\n<h3><span class=\"ez-toc-section\" id=\"q-how-does-vawa-protect-a-self-petitioners-privacy\"><\/span><a class=\"accordion-section-title\" href=\"#accordion-2\">P: \u00bfC\u00f3mo protege la VAWA la privacidad de quienes presentan una solicitud por cuenta propia?<\/a><span class=\"ez-toc-section-end\"><\/span><\/h3>\n<div id=\"accordion-2\" class=\"accordion-section-content\" style=\"display: none;\">\n<p><strong>A:<\/strong> La VAWA protege la privacidad de los solicitantes independientes al incluir disposiciones de confidencialidad que impiden que el familiar abusivo se entere de la solicitud a trav\u00e9s de los canales de inmigraci\u00f3n. La presentaci\u00f3n se tramita por separado del agresor, y las comunicaciones del USCIS se dirigen \u00fanicamente al solicitante o a su representante. Estas protecciones permiten a las personas solicitar ayuda sin temor a que el familiar abusivo sea informado o participe en el proceso de inmigraci\u00f3n.<\/p>\n<\/div>\n<\/div>\n<div class=\"accordion-section\">\n<h3><span class=\"ez-toc-section\" id=\"q-who-can-qualify-for-vawa-relief\"><\/span><a class=\"accordion-section-title\" href=\"#accordion-3\">P: \u00bfQui\u00e9n puede optar al amparo de la ley VAWA?<\/a><span class=\"ez-toc-section-end\"><\/span><\/h3>\n<div id=\"accordion-3\" class=\"accordion-section-content\" style=\"display: none;\">\n<p><strong>A:<\/strong> Las personas que pueden optar a la VAWA incluyen c\u00f3nyuges maltratados, determinados hijos y algunos padres de ciudadanos estadounidenses o residentes permanentes legales. Los solicitantes deben demostrar su relaci\u00f3n, aportar pruebas de que han convivido en alg\u00fan momento en el pasado y mostrar pruebas de maltrato. La solicitud debe contener informaci\u00f3n clara y cre\u00edble que relacione al solicitante con los requisitos de la VAWA. Un abogado de PPID puede ayudarle a averiguar si re\u00fane los requisitos.<\/p>\n<\/div>\n<\/div>\n<div class=\"accordion-section\">\n<h3><span class=\"ez-toc-section\" id=\"q-can-vawa-program-requirements-change-over-time\"><\/span><a class=\"accordion-section-title\" href=\"#accordion-4\">P: \u00bfPueden cambiar con el tiempo los requisitos del programa VAWA?<\/a><span class=\"ez-toc-section-end\"><\/span><\/h3>\n<div id=\"accordion-4\" class=\"accordion-section-content\" style=\"display: none;\">\n<p><strong>A:<\/strong> Los requisitos del programa VAWA cambian regularmente con el tiempo. Los procedimientos pueden cambiar a medida que las agencias federales actualizan sus pol\u00edticas. Las nuevas normas pueden afectar la forma en que se eval\u00faan documentos espec\u00edficos o la informaci\u00f3n que el USCIS destaca en las solicitudes VAWA. Mantenerse al d\u00eda sobre las expectativas revisadas ayuda a los solicitantes a preparar sus materiales y garantiza que presenten pruebas que cumplan con las normas m\u00e1s recientes.<\/p>\n<\/div>\n<\/div>\n<div class=\"accordion-section\">\n<h3><span class=\"ez-toc-section\" id=\"q-what-happens-after-a-vawa-self-petition-is-filed\"><\/span><a class=\"accordion-section-title\" href=\"#accordion-5\">P: \u00bfQu\u00e9 sucede despu\u00e9s de presentar una solicitud por cuenta propia en virtud de la ley VAWA?<\/a><span class=\"ez-toc-section-end\"><\/span><\/h3>\n<div id=\"accordion-5\" class=\"accordion-section-content\" style=\"display: none;\">\n<p><strong>A:<\/strong> Despu\u00e9s de presentar una solicitud VAWA, el USCIS revisa la documentaci\u00f3n para determinar si las pruebas respaldan la elegibilidad. La agencia puede solicitar informaci\u00f3n adicional para aclarar cualquier duda. Los solicitantes que obtengan la aprobaci\u00f3n pueden tener derecho a solicitar otros beneficios de inmigraci\u00f3n, dependiendo de su categor\u00eda y circunstancias. A lo largo de este proceso, la comunicaci\u00f3n se dirige al solicitante o a su representante para mantener la confidencialidad y la seguridad.<\/p>\n<\/div>\n<\/div>\n<\/div>\n<h2><span class=\"ez-toc-section\" id=\"contact-a-brooklyn-vawa-immigration-lawyer\"><\/span>P\u00f3ngase en contacto con un abogado especializado en inmigraci\u00f3n de Brooklyn VAWA.<span class=\"ez-toc-section-end\"><\/span><\/h2>\n<p>Una petici\u00f3n VAWA exige un enfoque organizado para reunir los materiales, claridad sobre los requisitos de elegibilidad y las pruebas cre\u00edbles necesarias para respaldar la solicitud de ayuda. Un abogado especializado en PPID puede ayudar a explicar los requisitos, colaborar con el solicitante para organizar los documentos y orientarle en la preparaci\u00f3n de una solicitud completa y exhaustiva.<\/p>\n<p>Nuestro equipo ofrece orientaci\u00f3n profesional a los inmigrantes Brooklyn basada en nuestra experiencia en materia de protecci\u00f3n humanitaria y nuestro conocimiento de las necesidades locales. <a href=\"https:\/\/ppid.com\/es\/contact\/\">Contrate hoy mismo a un abogado especializado en inmigraci\u00f3n VAWA.<\/a><\/p>\n<p><iframe loading=\"lazy\" style=\"border: 0;\" src=\"https:\/\/www.google.com\/maps\/embed?pb=!1m18!1m12!1m3!1d96873.72404095976!2d-73.94483555000001!3d40.64523145!2m3!1f0!2f0!3f0!3m2!1i1024!2i768!4f13.1!3m3!1m2!1s0x89c24416947c2109%3A0x82765c7404007886!2sBrooklyn%2C%20NY%2C%20USA!5e0!3m2!1sen!2sin!4v1765983505847!5m2!1sen!2sin\" width=\"100%\" height=\"300\" allowfullscreen=\"allowfullscreen\"><span data-mce-type=\"bookmark\" style=\"display: inline-block; width: 0px; overflow: hidden; line-height: 0;\" class=\"mce_SELRES_start\"><\/span><\/iframe><\/p>","protected":false},"excerpt":{"rendered":"<p>Brooklyn VAWA Immigration Attorney Consulting with a Brooklyn VAWA immigration lawyer at Pollack, Pollack, Isaac &amp; DeCicco, LLP allows self-petitioners to confidentially pursue protection without depending on their abusive relative. We provide guidance to eligible spouses, children, and parents who seek relief under the Violence Against Women Act (VAWA). Our firm reviews the evidence required, &hellip; <\/p>\n<p class=\"link-more\"><a href=\"https:\/\/ppid.com\/es\/brooklyn-vawa-immigration-lawyer\/\" class=\"more-link\">Seguir leyendo<span class=\"screen-reader-text\"> &#8220;Brooklyn VAWA Immigration Lawyer&#8221;<\/span><\/a><\/p>","protected":false},"author":1,"featured_media":0,"parent":0,"menu_order":0,"comment_status":"closed","ping_status":"closed","template":"","meta":{"_acf_changed":false,"footnotes":""},"class_list":["post-2924","page","type-page","status-publish","hentry","entry"],"acf":[],"yoast_head":"<!-- This site is optimized with the Yoast SEO Premium plugin v26.8 (Yoast SEO v26.8) - https:\/\/yoast.com\/product\/yoast-seo-premium-wordpress\/ -->\n<title>Brooklyn VAWA Immigration Lawyer &amp; Law Firm<\/title>\n<meta name=\"description\" content=\"Looking for a Brooklyn VAWA Immigration Lawyer for protection-based relief? Pollack, Pollack, Isaac &amp; DeCicco, LLP helps survivors pursue safe legal status.\" \/>\n<meta name=\"robots\" content=\"index, follow, max-snippet:-1, max-image-preview:large, max-video-preview:-1\" \/>\n<link rel=\"canonical\" href=\"https:\/\/ppid.com\/es\/brooklyn-vawa-immigration-lawyer\/\" \/>\n<meta property=\"og:locale\" content=\"es_MX\" \/>\n<meta property=\"og:type\" content=\"article\" \/>\n<meta property=\"og:title\" content=\"Brooklyn VAWA Immigration Lawyer\" \/>\n<meta property=\"og:description\" content=\"Looking for a Brooklyn VAWA Immigration Lawyer for protection-based relief? Pollack, Pollack, Isaac &amp; DeCicco, LLP helps survivors pursue safe legal status.\" \/>\n<meta property=\"og:url\" content=\"https:\/\/ppid.com\/es\/brooklyn-vawa-immigration-lawyer\/\" \/>\n<meta property=\"og:site_name\" content=\"Pollack, Pollack, Isaac &amp; DeCicco, LLP\" \/>\n<meta property=\"article:modified_time\" content=\"2025-12-17T15:03:50+00:00\" \/>\n<meta property=\"og:image\" content=\"https:\/\/ppid.com\/wp-content\/uploads\/2025\/12\/brooklyn-vawa-immigration-lawyer.webp\" \/>\n\t<meta property=\"og:image:width\" content=\"1200\" \/>\n\t<meta property=\"og:image:height\" content=\"600\" \/>\n\t<meta property=\"og:image:type\" content=\"image\/webp\" \/>\n<meta name=\"twitter:card\" content=\"summary_large_image\" \/>\n<meta name=\"twitter:label1\" content=\"Tiempo de lectura\" \/>\n\t<meta name=\"twitter:data1\" content=\"5 minutos\" \/>\n<!-- \/ Yoast SEO Premium plugin. -->","yoast_head_json":{"title":"Brooklyn VAWA Abogado y bufete de abogados especializados en inmigraci\u00f3n","description":"\u00bfBusca un abogado especializado en inmigraci\u00f3n Brooklyn VAWA para obtener ayuda basada en la protecci\u00f3n? Pollack, Pollack, Isaac &amp; DeCicco, LLP ayuda a los sobrevivientes a obtener un estatus legal seguro.","robots":{"index":"index","follow":"follow","max-snippet":"max-snippet:-1","max-image-preview":"max-image-preview:large","max-video-preview":"max-video-preview:-1"},"canonical":"https:\/\/ppid.com\/es\/brooklyn-vawa-immigration-lawyer\/","og_locale":"es_MX","og_type":"article","og_title":"Brooklyn VAWA Immigration Lawyer","og_description":"Looking for a Brooklyn VAWA Immigration Lawyer for protection-based relief? Pollack, Pollack, Isaac & DeCicco, LLP helps survivors pursue safe legal status.","og_url":"https:\/\/ppid.com\/es\/brooklyn-vawa-immigration-lawyer\/","og_site_name":"Pollack, Pollack, Isaac &amp; DeCicco, LLP","article_modified_time":"2025-12-17T15:03:50+00:00","og_image":[{"width":1200,"height":600,"url":"https:\/\/ppid.com\/wp-content\/uploads\/2025\/12\/brooklyn-vawa-immigration-lawyer.webp","type":"image\/webp"}],"twitter_card":"summary_large_image","twitter_misc":{"Tiempo de lectura":"5 minutos"},"schema":{"@context":"https:\/\/schema.org","@graph":[{"@type":"WebPage","@id":"https:\/\/ppid.com\/brooklyn-vawa-immigration-lawyer\/","url":"https:\/\/ppid.com\/brooklyn-vawa-immigration-lawyer\/","name":"Brooklyn VAWA Abogado y bufete de abogados especializados en inmigraci\u00f3n","isPartOf":{"@id":"https:\/\/ppid.com\/#website"},"primaryImageOfPage":{"@id":"https:\/\/ppid.com\/brooklyn-vawa-immigration-lawyer\/#primaryimage"},"image":{"@id":"https:\/\/ppid.com\/brooklyn-vawa-immigration-lawyer\/#primaryimage"},"thumbnailUrl":"https:\/\/ppid.com\/wp-content\/uploads\/2025\/12\/brooklyn-vawa-immigration-lawyer.webp","datePublished":"2025-12-17T15:03:23+00:00","dateModified":"2025-12-17T15:03:50+00:00","description":"\u00bfBusca un abogado especializado en inmigraci\u00f3n Brooklyn VAWA para obtener ayuda basada en la protecci\u00f3n? Pollack, Pollack, Isaac &amp; DeCicco, LLP ayuda a los sobrevivientes a obtener un estatus legal seguro.","breadcrumb":{"@id":"https:\/\/ppid.com\/brooklyn-vawa-immigration-lawyer\/#breadcrumb"},"inLanguage":"es","potentialAction":[{"@type":"ReadAction","target":["https:\/\/ppid.com\/brooklyn-vawa-immigration-lawyer\/"]}]},{"@type":"ImageObject","inLanguage":"es","@id":"https:\/\/ppid.com\/brooklyn-vawa-immigration-lawyer\/#primaryimage","url":"https:\/\/ppid.com\/wp-content\/uploads\/2025\/12\/brooklyn-vawa-immigration-lawyer.webp","contentUrl":"https:\/\/ppid.com\/wp-content\/uploads\/2025\/12\/brooklyn-vawa-immigration-lawyer.webp"},{"@type":"BreadcrumbList","@id":"https:\/\/ppid.com\/brooklyn-vawa-immigration-lawyer\/#breadcrumb","itemListElement":[{"@type":"ListItem","position":1,"name":"Home","item":"https:\/\/ppid.com\/"},{"@type":"ListItem","position":2,"name":"Brooklyn VAWA Immigration Lawyer"}]},{"@type":"WebSite","@id":"https:\/\/ppid.com\/#website","url":"https:\/\/ppid.com\/","name":"Pollack, Pollack, Isaac &amp; DeCicco, LLP","description":"","potentialAction":[{"@type":"SearchAction","target":{"@type":"EntryPoint","urlTemplate":"https:\/\/ppid.com\/?s={search_term_string}"},"query-input":{"@type":"PropertyValueSpecification","valueRequired":true,"valueName":"search_term_string"}}],"inLanguage":"es"}]}},"_links":{"self":[{"href":"https:\/\/ppid.com\/es\/wp-json\/wp\/v2\/pages\/2924","targetHints":{"allow":["GET"]}}],"collection":[{"href":"https:\/\/ppid.com\/es\/wp-json\/wp\/v2\/pages"}],"about":[{"href":"https:\/\/ppid.com\/es\/wp-json\/wp\/v2\/types\/page"}],"author":[{"embeddable":true,"href":"https:\/\/ppid.com\/es\/wp-json\/wp\/v2\/users\/1"}],"replies":[{"embeddable":true,"href":"https:\/\/ppid.com\/es\/wp-json\/wp\/v2\/comments?post=2924"}],"version-history":[{"count":0,"href":"https:\/\/ppid.com\/es\/wp-json\/wp\/v2\/pages\/2924\/revisions"}],"wp:attachment":[{"href":"https:\/\/ppid.com\/es\/wp-json\/wp\/v2\/media?parent=2924"}],"curies":[{"name":"wp","href":"https:\/\/api.w.org\/{rel}","templated":true}]}}