{"id":32,"date":"2022-01-06T11:58:58","date_gmt":"2022-01-06T11:58:58","guid":{"rendered":"https:\/\/ppidllp.wpenginepowered.com\/?page_id=32"},"modified":"2024-12-20T06:58:23","modified_gmt":"2024-12-20T06:58:23","slug":"disclaimer","status":"publish","type":"page","link":"https:\/\/ppid.com\/es\/disclaimer\/","title":{"rendered":"Descargo de responsabilidad"},"content":{"rendered":"<p>Este sitio web s\u00f3lo pretende ofrecer informaci\u00f3n general. Nada de lo contenido en este sitio web pretende proporcionar asesoramiento jur\u00eddico. Al utilizar este sitio web usted reconoce y acepta que no ha formado una relaci\u00f3n abogado-cliente con Pollack, Pollack, Isaac &amp; DeCicco, LLP y no se basar\u00e1 en ninguna informaci\u00f3n contenida en este sitio web. A menos que y hasta que un acuerdo formal de retenci\u00f3n haya sido completamente ejecutado entre Pollack, Pollack, Isaac &amp; DeCicco, LLP y usted, no tomaremos ninguna acci\u00f3n en su nombre. Tenga en cuenta que todos los casos tienen plazos o \"estatutos de limitaciones\" en los que debe presentar una demanda o cargo administrativo. Nuestra capacidad para analizar su caso potencial depende enteramente de la exactitud de la informaci\u00f3n que usted nos proporcione. Los veredictos\/acuerdos no constituyen una garant\u00eda o predicci\u00f3n sobre el resultado de su caso y pueden no representar la disposici\u00f3n final del caso v\u00eda apelaci\u00f3n, acuerdo o por otros medios. Cada caso es diferente y ning\u00fan abogado puede garantizarle un resultado favorable.<\/p>","protected":false},"excerpt":{"rendered":"<p>This website is intended to provide general information only. Nothing contained in this website is intended to provide legal advice. By using this website you acknowledge and agree that you have not formed an attorney-client relationship with Pollack, Pollack, Isaac &#038; DeCicco, LLP and will not rely on any information contained on this website. Unless &hellip; <\/p>\n<p class=\"link-more\"><a href=\"https:\/\/ppid.com\/es\/disclaimer\/\" class=\"more-link\">Seguir leyendo<span class=\"screen-reader-text\"> &#8220;Disclaimer&#8221;<\/span><\/a><\/p>","protected":false},"author":1,"featured_media":0,"parent":0,"menu_order":0,"comment_status":"closed","ping_status":"closed","template":"","meta":{"_acf_changed":false,"footnotes":""},"class_list":["post-32","page","type-page","status-publish","hentry","entry"],"acf":[],"yoast_head":"<!-- This site is optimized with the Yoast SEO Premium plugin v26.8 (Yoast SEO v26.8) - https:\/\/yoast.com\/product\/yoast-seo-premium-wordpress\/ -->\n<title>Disclaimer - Pollack, Pollack, Isaac &amp; DeCicco, LLP<\/title>\n<meta name=\"robots\" content=\"noindex, nofollow\" \/>\n<meta property=\"og:locale\" content=\"es_MX\" \/>\n<meta property=\"og:type\" content=\"article\" \/>\n<meta property=\"og:title\" content=\"Disclaimer\" \/>\n<meta property=\"og:description\" content=\"This website is intended to provide general information only. Nothing contained in this website is intended to provide legal advice. By using this website you acknowledge and agree that you have not formed an attorney-client relationship with Pollack, Pollack, Isaac &#038; DeCicco, LLP and will not rely on any information contained on this website. Unless &hellip; Continuar leyendo &quot;Disclaimer&quot;\" \/>\n<meta property=\"og:url\" content=\"https:\/\/ppid.com\/es\/disclaimer\/\" \/>\n<meta property=\"og:site_name\" content=\"Pollack, Pollack, Isaac &amp; DeCicco, LLP\" \/>\n<meta property=\"article:modified_time\" content=\"2024-12-20T06:58:23+00:00\" \/>\n<meta name=\"twitter:card\" content=\"summary_large_image\" \/>\n<!-- \/ Yoast SEO Premium plugin. -->","yoast_head_json":{"title":"Descargo de responsabilidad - Pollack, Pollack, Isaac &amp; DeCicco, LLP","robots":{"index":"noindex","follow":"nofollow"},"og_locale":"es_MX","og_type":"article","og_title":"Disclaimer","og_description":"This website is intended to provide general information only. Nothing contained in this website is intended to provide legal advice. By using this website you acknowledge and agree that you have not formed an attorney-client relationship with Pollack, Pollack, Isaac &#038; DeCicco, LLP and will not rely on any information contained on this website. Unless &hellip; Continuar leyendo \"Disclaimer\"","og_url":"https:\/\/ppid.com\/es\/disclaimer\/","og_site_name":"Pollack, Pollack, Isaac &amp; DeCicco, LLP","article_modified_time":"2024-12-20T06:58:23+00:00","twitter_card":"summary_large_image","schema":{"@context":"https:\/\/schema.org","@graph":[{"@type":"WebPage","@id":"https:\/\/ppid.com\/disclaimer\/","url":"https:\/\/ppid.com\/disclaimer\/","name":"Descargo de responsabilidad - Pollack, Pollack, Isaac &amp; DeCicco, LLP","isPartOf":{"@id":"https:\/\/ppid.com\/#website"},"datePublished":"2022-01-06T11:58:58+00:00","dateModified":"2024-12-20T06:58:23+00:00","breadcrumb":{"@id":"https:\/\/ppid.com\/disclaimer\/#breadcrumb"},"inLanguage":"es","potentialAction":[{"@type":"ReadAction","target":["https:\/\/ppid.com\/disclaimer\/"]}]},{"@type":"BreadcrumbList","@id":"https:\/\/ppid.com\/disclaimer\/#breadcrumb","itemListElement":[{"@type":"ListItem","position":1,"name":"Home","item":"https:\/\/ppid.com\/"},{"@type":"ListItem","position":2,"name":"Disclaimer"}]},{"@type":"WebSite","@id":"https:\/\/ppid.com\/#website","url":"https:\/\/ppid.com\/","name":"Pollack, Pollack, Isaac &amp; DeCicco, LLP","description":"","potentialAction":[{"@type":"SearchAction","target":{"@type":"EntryPoint","urlTemplate":"https:\/\/ppid.com\/?s={search_term_string}"},"query-input":{"@type":"PropertyValueSpecification","valueRequired":true,"valueName":"search_term_string"}}],"inLanguage":"es"}]}},"_links":{"self":[{"href":"https:\/\/ppid.com\/es\/wp-json\/wp\/v2\/pages\/32","targetHints":{"allow":["GET"]}}],"collection":[{"href":"https:\/\/ppid.com\/es\/wp-json\/wp\/v2\/pages"}],"about":[{"href":"https:\/\/ppid.com\/es\/wp-json\/wp\/v2\/types\/page"}],"author":[{"embeddable":true,"href":"https:\/\/ppid.com\/es\/wp-json\/wp\/v2\/users\/1"}],"replies":[{"embeddable":true,"href":"https:\/\/ppid.com\/es\/wp-json\/wp\/v2\/comments?post=32"}],"version-history":[{"count":0,"href":"https:\/\/ppid.com\/es\/wp-json\/wp\/v2\/pages\/32\/revisions"}],"wp:attachment":[{"href":"https:\/\/ppid.com\/es\/wp-json\/wp\/v2\/media?parent=32"}],"curies":[{"name":"wp","href":"https:\/\/api.w.org\/{rel}","templated":true}]}}