{"id":328,"date":"2024-09-05T12:30:19","date_gmt":"2024-09-05T12:30:19","guid":{"rendered":"https:\/\/ppidllp.wpenginepowered.com\/?page_id=328"},"modified":"2025-01-31T12:26:42","modified_gmt":"2025-01-31T12:26:42","slug":"nyc-construction-accident-lawyer","status":"publish","type":"page","link":"https:\/\/ppid.com\/es\/nyc-construction-accident-lawyer\/","title":{"rendered":"NYC Abogado de Accidentes de Construcci\u00f3n"},"content":{"rendered":"<h2>NYC Abogado de Accidente de Construcci\u00f3n<\/h2>\n<p>En el bullicioso paisaje de New York City, <a href=\"https:\/\/ppid.com\/es\/firm\/\">Pollack, Pollack, Isaac &amp; DeCicco, LLP<\/a> se erige en faro de apoyo a los afectados por percances en obras de construcci\u00f3n. <a href=\"https:\/\/ppid.com\/es\/attorney\/\">Nuestro equipo<\/a> de experimentados <strong>NYC Abogados de Accidentes de Construcci\u00f3n<\/strong> lucha por obtener una indemnizaci\u00f3n justa por lesiones laborales.<\/p>\n<p>Los entornos de construcci\u00f3n, siempre presentes en toda la ciudad, albergan peligros inherentes tanto para los trabajadores como para los transe\u00fantes. Cuando se producen accidentes debido a la negligencia de otra persona, las repercusiones pueden ser abrumadoras. Entendemos la gravedad de estas situaciones y extendemos nuestra representaci\u00f3n tanto a trabajadores como a peatones afectados por lesiones relacionadas con la construcci\u00f3n.<\/p>","protected":false},"excerpt":{"rendered":"<p>NYC Construction Accident Attorney In the bustling landscape of New York City, Pollack, Pollack, Isaac &amp; DeCicco, LLP stands as a beacon of support for those affected by construction site mishaps. Our team of experienced NYC Construction Accidents Lawyers fights to secure rightful compensation for workplace injuries. Construction environments, ever-present across the city, harbor inherent &hellip; <\/p>\n<p class=\"link-more\"><a href=\"https:\/\/ppid.com\/es\/nyc-construction-accident-lawyer\/\" class=\"more-link\">Seguir leyendo<span class=\"screen-reader-text\"> &#8220;NYC Construction Accident Lawyer&#8221;<\/span><\/a><\/p>","protected":false},"author":1,"featured_media":0,"parent":0,"menu_order":0,"comment_status":"closed","ping_status":"closed","template":"","meta":{"_acf_changed":false,"footnotes":""},"class_list":["post-328","page","type-page","status-publish","hentry","entry"],"acf":[],"yoast_head":"<!-- This site is optimized with the Yoast SEO Premium plugin v26.8 (Yoast SEO v26.8) - https:\/\/yoast.com\/product\/yoast-seo-premium-wordpress\/ -->\n<title>NYC Construction Accident Lawyer &amp; Law Firm<\/title>\n<meta name=\"description\" content=\"Looking for an NYC Construction Accident Lawyer? Trust PPID&#039;s experienced lawyers for top-notch representation. Schedule a consultation today.\" \/>\n<meta name=\"robots\" content=\"index, follow, max-snippet:-1, max-image-preview:large, max-video-preview:-1\" \/>\n<link rel=\"canonical\" href=\"https:\/\/ppid.com\/es\/nyc-construction-accident-lawyer\/\" \/>\n<meta property=\"og:locale\" content=\"es_MX\" \/>\n<meta property=\"og:type\" content=\"article\" \/>\n<meta property=\"og:title\" content=\"NYC Construction Accident Lawyer\" \/>\n<meta property=\"og:description\" content=\"Looking for an NYC Construction Accident Lawyer? Trust PPID&#039;s experienced lawyers for top-notch representation. Schedule a consultation today.\" \/>\n<meta property=\"og:url\" content=\"https:\/\/ppid.com\/es\/nyc-construction-accident-lawyer\/\" \/>\n<meta property=\"og:site_name\" content=\"Pollack, Pollack, Isaac &amp; DeCicco, LLP\" \/>\n<meta property=\"article:modified_time\" content=\"2025-01-31T12:26:42+00:00\" \/>\n<meta name=\"twitter:card\" content=\"summary_large_image\" \/>\n<meta name=\"twitter:label1\" content=\"Tiempo de lectura\" \/>\n\t<meta name=\"twitter:data1\" content=\"1 minuto\" \/>\n<!-- \/ Yoast SEO Premium plugin. -->","yoast_head_json":{"title":"NYC Abogado de Accidentes de Construcci\u00f3n y Bufete de Abogados","description":"\u00bfBusca un abogado especializado en accidentes de construcci\u00f3n en la ciudad de Nueva York? Conf\u00ede en los abogados experimentados de PPID para una representaci\u00f3n de primera categor\u00eda. Programe una consulta hoy mismo.","robots":{"index":"index","follow":"follow","max-snippet":"max-snippet:-1","max-image-preview":"max-image-preview:large","max-video-preview":"max-video-preview:-1"},"canonical":"https:\/\/ppid.com\/es\/nyc-construction-accident-lawyer\/","og_locale":"es_MX","og_type":"article","og_title":"NYC Construction Accident Lawyer","og_description":"Looking for an NYC Construction Accident Lawyer? Trust PPID's experienced lawyers for top-notch representation. Schedule a consultation today.","og_url":"https:\/\/ppid.com\/es\/nyc-construction-accident-lawyer\/","og_site_name":"Pollack, Pollack, Isaac &amp; DeCicco, LLP","article_modified_time":"2025-01-31T12:26:42+00:00","twitter_card":"summary_large_image","twitter_misc":{"Tiempo de lectura":"1 minuto"},"schema":{"@context":"https:\/\/schema.org","@graph":[{"@type":"WebPage","@id":"https:\/\/ppid.com\/nyc-construction-accident-lawyer\/","url":"https:\/\/ppid.com\/nyc-construction-accident-lawyer\/","name":"NYC Abogado de Accidentes de Construcci\u00f3n y Bufete de Abogados","isPartOf":{"@id":"https:\/\/ppid.com\/#website"},"datePublished":"2024-09-05T12:30:19+00:00","dateModified":"2025-01-31T12:26:42+00:00","description":"\u00bfBusca un abogado especializado en accidentes de construcci\u00f3n en la ciudad de Nueva York? Conf\u00ede en los abogados experimentados de PPID para una representaci\u00f3n de primera categor\u00eda. Programe una consulta hoy mismo.","breadcrumb":{"@id":"https:\/\/ppid.com\/nyc-construction-accident-lawyer\/#breadcrumb"},"inLanguage":"es","potentialAction":[{"@type":"ReadAction","target":["https:\/\/ppid.com\/nyc-construction-accident-lawyer\/"]}]},{"@type":"BreadcrumbList","@id":"https:\/\/ppid.com\/nyc-construction-accident-lawyer\/#breadcrumb","itemListElement":[{"@type":"ListItem","position":1,"name":"Home","item":"https:\/\/ppid.com\/"},{"@type":"ListItem","position":2,"name":"NYC Construction Accident Lawyer"}]},{"@type":"WebSite","@id":"https:\/\/ppid.com\/#website","url":"https:\/\/ppid.com\/","name":"Pollack, Pollack, Isaac &amp; DeCicco, LLP","description":"","potentialAction":[{"@type":"SearchAction","target":{"@type":"EntryPoint","urlTemplate":"https:\/\/ppid.com\/?s={search_term_string}"},"query-input":{"@type":"PropertyValueSpecification","valueRequired":true,"valueName":"search_term_string"}}],"inLanguage":"es"}]}},"_links":{"self":[{"href":"https:\/\/ppid.com\/es\/wp-json\/wp\/v2\/pages\/328","targetHints":{"allow":["GET"]}}],"collection":[{"href":"https:\/\/ppid.com\/es\/wp-json\/wp\/v2\/pages"}],"about":[{"href":"https:\/\/ppid.com\/es\/wp-json\/wp\/v2\/types\/page"}],"author":[{"embeddable":true,"href":"https:\/\/ppid.com\/es\/wp-json\/wp\/v2\/users\/1"}],"replies":[{"embeddable":true,"href":"https:\/\/ppid.com\/es\/wp-json\/wp\/v2\/comments?post=328"}],"version-history":[{"count":0,"href":"https:\/\/ppid.com\/es\/wp-json\/wp\/v2\/pages\/328\/revisions"}],"wp:attachment":[{"href":"https:\/\/ppid.com\/es\/wp-json\/wp\/v2\/media?parent=328"}],"curies":[{"name":"wp","href":"https:\/\/api.w.org\/{rel}","templated":true}]}}