{"id":333,"date":"2024-09-05T12:38:01","date_gmt":"2024-09-05T12:38:01","guid":{"rendered":"https:\/\/ppidllp.wpenginepowered.com\/?page_id=333"},"modified":"2024-12-20T09:56:43","modified_gmt":"2024-12-20T09:56:43","slug":"adam-s-handler-esq","status":"publish","type":"page","link":"https:\/\/ppid.com\/es\/attorney\/adam-s-handler-esq\/","title":{"rendered":"Adam S.Handler"},"content":{"rendered":"<div class=\"sgle-attrny\">\n<div class=\"sgle-attrny-itm\">\n<div class=\"sgle-attny-img\"><img loading=\"lazy\" decoding=\"async\" src=\"https:\/\/ppid.com\/wp-content\/uploads\/2024\/12\/adam-img.webp\" alt=\"adam-img\" width=\"420\" height=\"429\" \/><\/div>\n<div class=\"sgle-attny-rgt-cnt\">\n<h2>Adam S. Handler,Esq.<\/h2>\n<h5>Socio y Director de Da\u00f1os Personales en PPID<\/h5>\n<div class=\"sgle-attrny-btn\"><a class=\"cmn-btn\" href=\"https:\/\/ppid.com\/es\/schedule-consultation\/\">Concertar una consulta<\/a><\/div>\n<div class=\"ftr-scl-icns inner\">\n<h6>LinkedIn<\/h6>\n<p><a class=\"link\" href=\"https:\/\/www.linkedin.com\/in\/adam-handler-esq-75a190b2\/\" target=\"_blank\" rel=\"noopener\">Vinculado a<\/a><\/p>\n<\/div>\n<\/div>\n<\/div>\n<div><\/div>\n<\/div>\n<div class=\"accsec-ritcnt accordion\">\n<div class=\"accordion-section\">\n<h6><a class=\"accordion-section-title active\" href=\"#accordion-1\">Biograf\u00eda<\/a><\/h6>\n<div id=\"accordion-1\" class=\"accordion-section-content open\" style=\"display: block;\">\n<p>Adam S. Handler, Esq. es socio y director del bufete de abogados <a href=\"https:\/\/ppid.com\/es\/nyc-personal-injury-lawyer\/\">Da\u00f1os corporales<\/a> de Pollack, Pollack, Isaac &amp; DeCicco, LLP. \u00c9l es un abogado respetado en el campo de la ley de lesiones personales, conocido por su dedicaci\u00f3n a sus clientes y su experiencia en el manejo de casos tales como accidentes de construcci\u00f3n, accidentes de trabajo, negligencia en hogares de ancianos, y el derecho matrimonial \/ familiar. Con una s\u00f3lida formaci\u00f3n acad\u00e9mica, incluyendo una licenciatura en derecho de la Universidad de Suffolk Facultad de Derecho, el Sr. Handler aporta una amplia experiencia a su pr\u00e1ctica. \u00c9l es un miembro activo de las organizaciones profesionales, mantenerse informado sobre la evoluci\u00f3n jur\u00eddica y la participaci\u00f3n con colegas de la comunidad jur\u00eddica. Adam S. Handler se compromete a abogar por sus clientes y proporcionarles una representaci\u00f3n eficaz.<\/p>\n<\/div>\n<\/div>\n<div class=\"accordion-section\">\n<h6><a class=\"accordion-section-title\" href=\"#accordion-2\">Educaci\u00f3n<\/a><\/h6>\n<div id=\"accordion-2\" class=\"accordion-section-content\" style=\"display: none;\">\n<ul>\n<li><a href=\"https:\/\/www.suffolk.edu\/law\" target=\"_blank\" rel=\"noopener\">Facultad de Derecho de la Universidad de Suffolk<\/a>J.D., 2003<\/li>\n<li><a href=\"https:\/\/umd.edu\/\" target=\"_blank\" rel=\"noopener\">Universidad de Maryland en College Park<\/a>Licenciada en Periodismo, 2000<\/li>\n<\/ul>\n<\/div>\n<\/div>\n<div class=\"accordion-section\">\n<h6><a class=\"accordion-section-title\" href=\"#accordion-3\">Admitidos<\/a><\/h6>\n<div id=\"accordion-3\" class=\"accordion-section-content\" style=\"display: none;\">\n<ul>\n<li>New York: 2004<\/li>\n<li>Nueva Jersey: 2004<\/li>\n<li>Massachusetts: 2003<\/li>\n<li>Tribunales de distrito de Estados Unidos:<\/li>\n<li>Distrito Sur de New York: 2008<\/li>\n<li>Distrito Este de New York: 2017<\/li>\n<li>Tribunal Supremo de los Estados Unidos: 2007<\/li>\n<\/ul>\n<\/div>\n<\/div>\n<div class=\"accordion-section\">\n<h6><a class=\"accordion-section-title\" href=\"#accordion-4\">Premios<\/a><\/h6>\n<div id=\"accordion-4\" class=\"accordion-section-content\" style=\"display: none;\">\n<ul>\n<li>M\u00e1s de $150 millones recuperados para los clientes<\/li>\n<li>Premio Super Lawyers\u00ae: 2018-2020<\/li>\n<li>Cliente Campe\u00f3n Platino \/ 2020 (Martindale-Hubbell)<\/li>\n<li>Los 50 mejores veredictos de accidentes de tr\u00e1fico en New York (2017)<\/li>\n<li>Los 50 veredictos m\u00e1s importantes en New York (2016)<\/li>\n<li>Sentencia m\u00e1s alta por un accidente de tr\u00e1fico \"sin culpa\": $2,55 millones.<\/li>\n<li>Clasificado #4 en New York Law Journal's Top New York Settlements of 2016 - Premises Liability.<\/li>\n<\/ul>\n<\/div>\n<\/div>\n<div class=\"accordion-section\">\n<h6><a class=\"accordion-section-title\" href=\"#accordion-5\">Afiliaciones<\/a><\/h6>\n<div id=\"accordion-5\" class=\"accordion-section-content\" style=\"display: none;\">\n<ul>\n<li>New York Abogados litigantes<\/li>\n<li>New York Colegio de Abogados del Estado<\/li>\n<li>New York Academia Estatal de Abogados Litigantes<\/li>\n<\/ul>\n<\/div>\n<\/div>\n<\/div>\n<div class=\"innr-awards\"><img loading=\"lazy\" decoding=\"async\" src=\"https:\/\/ppid.com\/wp-content\/uploads\/2024\/12\/PPID-Adam-S-Handler-Top-50-Verdicts-2017.webp\" alt=\"PPID-Adam-S-Handler-Top-50-Verdicts-2017\" width=\"400\" height=\"328\" \/><br \/>\n<img loading=\"lazy\" decoding=\"async\" src=\"https:\/\/ppid.com\/wp-content\/uploads\/2024\/12\/PPID-Adam-S-Handler-Top-50-Verdicts-2016.webp\" alt=\"PPID-Adam-S-Handler-Top-50-Verdicts-2016\" width=\"200\" height=\"187\" \/><br \/>\n<img loading=\"lazy\" decoding=\"async\" src=\"https:\/\/ppid.com\/wp-content\/uploads\/2024\/12\/PPID-Adam-S-Handler-Super-Lawyers.webp\" alt=\"PPID-Adam-S-Handler-Super-Lawyers\" width=\"400\" height=\"328\"\/><br \/>\n<img loading=\"lazy\" decoding=\"async\" src=\"https:\/\/ppid.com\/wp-content\/uploads\/2024\/12\/PPID-Adam-S-Handler-Verdict-Search-Highest-Verdict-for-Motor-Vehicle-Accident.webp\" alt=\"PPID-Adam-S-Handler-Verdict-Search-Highest-Verdict-for-Motor-Vehicle-Accident\" width=\"400\" height=\"328\" \/><\/div>\n<div class=\"case-hndlr-btn\"><a target=\"_blank\" class=\"cmn-btn\" href=\"https:\/\/thecasehandler.com\/\" rel=\"noopener\">Visite el sitio web de The Case Handler<\/a><\/div>","protected":false},"excerpt":{"rendered":"<p>Adam S. Handler,Esq. Partner &amp; Director of Personal Injury at PPID Schedule a Consultation LinkedIn linked In Biography Adam S. Handler, Esq. is a partner and head of the Personal Injury department at Pollack, Pollack, Isaac &amp; DeCicco, LLP. He is a respected attorney in the field of personal injury law, known for his dedication &hellip; <\/p>\n<p class=\"link-more\"><a href=\"https:\/\/ppid.com\/es\/attorney\/adam-s-handler-esq\/\" class=\"more-link\">Seguir leyendo<span class=\"screen-reader-text\"> &#8220;Adam S.Handler&#8221;<\/span><\/a><\/p>","protected":false},"author":1,"featured_media":0,"parent":707,"menu_order":0,"comment_status":"closed","ping_status":"closed","template":"","meta":{"_acf_changed":false,"footnotes":""},"class_list":["post-333","page","type-page","status-publish","hentry","entry"],"acf":[],"yoast_head":"<!-- This site is optimized with the Yoast SEO Premium plugin v26.8 (Yoast SEO v26.8) - https:\/\/yoast.com\/product\/yoast-seo-premium-wordpress\/ -->\n<title>Adam S. Handler, Esq. - PPID Law<\/title>\n<meta name=\"description\" content=\"Adam S. Handler, Esq. is a partner and head of the Personal Injury department at Pollack, Pollack, Isaac &amp; DeCicco, LLP.\" \/>\n<meta name=\"robots\" content=\"index, follow, max-snippet:-1, max-image-preview:large, max-video-preview:-1\" \/>\n<link rel=\"canonical\" href=\"https:\/\/ppid.com\/es\/attorney\/adam-s-handler-esq\/\" \/>\n<meta property=\"og:locale\" content=\"es_MX\" \/>\n<meta property=\"og:type\" content=\"article\" \/>\n<meta property=\"og:title\" content=\"Adam S.Handler\" \/>\n<meta property=\"og:description\" content=\"Adam S. Handler, Esq. is a partner and head of the Personal Injury department at Pollack, Pollack, Isaac &amp; DeCicco, LLP.\" \/>\n<meta property=\"og:url\" content=\"https:\/\/ppid.com\/es\/attorney\/adam-s-handler-esq\/\" \/>\n<meta property=\"og:site_name\" content=\"Pollack, Pollack, Isaac &amp; DeCicco, LLP\" \/>\n<meta property=\"article:modified_time\" content=\"2024-12-20T09:56:43+00:00\" \/>\n<meta property=\"og:image\" content=\"https:\/\/ppid.com\/wp-content\/uploads\/2024\/12\/adam-img.webp\" \/>\n<meta name=\"twitter:card\" content=\"summary_large_image\" \/>\n<meta name=\"twitter:label1\" content=\"Tiempo de lectura\" \/>\n\t<meta name=\"twitter:data1\" content=\"3 minutos\" \/>\n<!-- \/ Yoast SEO Premium plugin. -->","yoast_head_json":{"title":"Adam S. Handler, Esq. - PPID Law","description":"Adam S. Handler, Esq. es socio y director del departamento de da\u00f1os personales de Pollack, Pollack, Isaac &amp; DeCicco, LLP.","robots":{"index":"index","follow":"follow","max-snippet":"max-snippet:-1","max-image-preview":"max-image-preview:large","max-video-preview":"max-video-preview:-1"},"canonical":"https:\/\/ppid.com\/es\/attorney\/adam-s-handler-esq\/","og_locale":"es_MX","og_type":"article","og_title":"Adam S.Handler","og_description":"Adam S. Handler, Esq. is a partner and head of the Personal Injury department at Pollack, Pollack, Isaac & DeCicco, LLP.","og_url":"https:\/\/ppid.com\/es\/attorney\/adam-s-handler-esq\/","og_site_name":"Pollack, Pollack, Isaac &amp; DeCicco, LLP","article_modified_time":"2024-12-20T09:56:43+00:00","og_image":[{"url":"https:\/\/ppid.com\/wp-content\/uploads\/2024\/12\/adam-img.webp","type":"","width":"","height":""}],"twitter_card":"summary_large_image","twitter_misc":{"Tiempo de lectura":"3 minutos"},"schema":{"@context":"https:\/\/schema.org","@graph":[{"@type":"WebPage","@id":"https:\/\/ppid.com\/attorney\/adam-s-handler-esq\/","url":"https:\/\/ppid.com\/attorney\/adam-s-handler-esq\/","name":"Adam S. Handler, Esq. - PPID Law","isPartOf":{"@id":"https:\/\/ppid.com\/#website"},"primaryImageOfPage":{"@id":"https:\/\/ppid.com\/attorney\/adam-s-handler-esq\/#primaryimage"},"image":{"@id":"https:\/\/ppid.com\/attorney\/adam-s-handler-esq\/#primaryimage"},"thumbnailUrl":"https:\/\/ppid.com\/wp-content\/uploads\/2024\/12\/adam-img.webp","datePublished":"2024-09-05T12:38:01+00:00","dateModified":"2024-12-20T09:56:43+00:00","description":"Adam S. Handler, Esq. es socio y director del departamento de da\u00f1os personales de Pollack, Pollack, Isaac &amp; DeCicco, LLP.","breadcrumb":{"@id":"https:\/\/ppid.com\/attorney\/adam-s-handler-esq\/#breadcrumb"},"inLanguage":"es","potentialAction":[{"@type":"ReadAction","target":["https:\/\/ppid.com\/attorney\/adam-s-handler-esq\/"]}]},{"@type":"ImageObject","inLanguage":"es","@id":"https:\/\/ppid.com\/attorney\/adam-s-handler-esq\/#primaryimage","url":"https:\/\/ppid.com\/wp-content\/uploads\/2024\/12\/adam-img.webp","contentUrl":"https:\/\/ppid.com\/wp-content\/uploads\/2024\/12\/adam-img.webp"},{"@type":"BreadcrumbList","@id":"https:\/\/ppid.com\/attorney\/adam-s-handler-esq\/#breadcrumb","itemListElement":[{"@type":"ListItem","position":1,"name":"Home","item":"https:\/\/ppid.com\/"},{"@type":"ListItem","position":2,"name":"Attorneys","item":"https:\/\/ppid.com\/attorney\/"},{"@type":"ListItem","position":3,"name":"Adam S.Handler"}]},{"@type":"WebSite","@id":"https:\/\/ppid.com\/#website","url":"https:\/\/ppid.com\/","name":"Pollack, Pollack, Isaac &amp; DeCicco, LLP","description":"","potentialAction":[{"@type":"SearchAction","target":{"@type":"EntryPoint","urlTemplate":"https:\/\/ppid.com\/?s={search_term_string}"},"query-input":{"@type":"PropertyValueSpecification","valueRequired":true,"valueName":"search_term_string"}}],"inLanguage":"es"}]}},"_links":{"self":[{"href":"https:\/\/ppid.com\/es\/wp-json\/wp\/v2\/pages\/333","targetHints":{"allow":["GET"]}}],"collection":[{"href":"https:\/\/ppid.com\/es\/wp-json\/wp\/v2\/pages"}],"about":[{"href":"https:\/\/ppid.com\/es\/wp-json\/wp\/v2\/types\/page"}],"author":[{"embeddable":true,"href":"https:\/\/ppid.com\/es\/wp-json\/wp\/v2\/users\/1"}],"replies":[{"embeddable":true,"href":"https:\/\/ppid.com\/es\/wp-json\/wp\/v2\/comments?post=333"}],"version-history":[{"count":0,"href":"https:\/\/ppid.com\/es\/wp-json\/wp\/v2\/pages\/333\/revisions"}],"up":[{"embeddable":true,"href":"https:\/\/ppid.com\/es\/wp-json\/wp\/v2\/pages\/707"}],"wp:attachment":[{"href":"https:\/\/ppid.com\/es\/wp-json\/wp\/v2\/media?parent=333"}],"curies":[{"name":"wp","href":"https:\/\/api.w.org\/{rel}","templated":true}]}}