{"id":337,"date":"2024-09-05T12:50:42","date_gmt":"2024-09-05T12:50:42","guid":{"rendered":"https:\/\/ppidllp.wpenginepowered.com\/?page_id=337"},"modified":"2025-01-15T18:33:15","modified_gmt":"2025-01-15T18:33:15","slug":"nyc-premises-liability-lawyer","status":"publish","type":"page","link":"https:\/\/ppid.com\/es\/nyc-premises-liability-lawyer\/","title":{"rendered":"NYC Premises Liability Lawyer"},"content":{"rendered":"<h2>NYC Premises Liability Attorney<\/h2>\n<p>Su Dedicado New York y Nueva Jersey Locales Abogado de Responsabilidad<\/p>\n<p>La responsabilidad civil de los locales se refiere a la responsabilidad de los propietarios u ocupantes por los accidentes ocurridos en sus locales. En PPID, nuestros experimentados <strong>NYC<\/strong> <strong>abogados de responsabilidad civil<\/strong> como firmes aliados de quienes <a href=\"https:\/\/ppid.com\/es\/nyc-slip-and-fall-lawyer\/\">afectados por ca\u00eddas<\/a>mordeduras de perro, <a href=\"https:\/\/ppid.com\/es\/nyc-construction-accident-lawyer\/\"><span class=\"fusion-button-text\">accidentes en la construcci\u00f3n <\/span><\/a>y los incidentes criminales, proporcionando un apoyo inquebrantable en la navegaci\u00f3n intrincados casos de responsabilidad de locales. Aunque sufrir una lesi\u00f3n en la propiedad de otra persona no garantiza autom\u00e1ticamente un recurso legal, establecer los elementos cruciales es fundamental para <a href=\"https:\/\/ppid.com\/es\/testimonials\/\">en busca de una indemnizaci\u00f3n justa<\/a>.<\/p>\n<p><img loading=\"lazy\" decoding=\"async\" class=\"aligncenter wp-image-2108 size-full\" title=\"Dedicado NYC Locales Abogado de Responsabilidad\" src=\"https:\/\/ppid.com\/wp-content\/uploads\/2025\/01\/nyc-premises-liability-lawyer.webp\" alt=\"Dedicated NYC Premises Liability Attorney\" width=\"1200\" height=\"600\" srcset=\"https:\/\/ppid.com\/wp-content\/uploads\/2025\/01\/nyc-premises-liability-lawyer.webp 1200w, https:\/\/ppid.com\/wp-content\/uploads\/2025\/01\/nyc-premises-liability-lawyer-300x150.webp 300w, https:\/\/ppid.com\/wp-content\/uploads\/2025\/01\/nyc-premises-liability-lawyer-1024x512.webp 1024w, https:\/\/ppid.com\/wp-content\/uploads\/2025\/01\/nyc-premises-liability-lawyer-768x384.webp 768w\" sizes=\"auto, (max-width: 1200px) 100vw, 1200px\" \/><\/p>\n<div class=\"flex-shrink-0 flex flex-col relative items-end\">\n<div>\n<div class=\"pt-0\">\n<div class=\"gizmo-bot-avatar flex h-8 w-8 items-center justify-center overflow-hidden rounded-full\">\n<div class=\"relative p-1 rounded-sm flex items-center justify-center bg-token-main-surface-primary text-token-text-primary h-8 w-8\"><span style=\"font-family: -apple-system, BlinkMacSystemFont, 'Segoe UI', Roboto, Oxygen, Ubuntu, Cantarell, 'Fira Sans', 'Droid Sans', 'Helvetica Neue', sans-serif; font-size: 2.25em; font-weight: bold;\">Con\u00e9ctese con un abogado especializado en responsabilidad de locales de NYC<\/span><\/div>\n<\/div>\n<\/div>\n<\/div>\n<\/div>\n<div class=\"group\/conversation-turn relative flex w-full min-w-0 flex-col agent-turn\">\n<div class=\"flex-col gap-1 md:gap-3\">\n<div class=\"flex max-w-full flex-col flex-grow\">\n<div class=\"min-h-8 text-message flex w-full flex-col items-end gap-2 whitespace-normal break-words text-start [.text-message+&amp;]:mt-5\" dir=\"auto\" data-message-author-role=\"assistant\" data-message-id=\"57824a14-5539-4643-a5b8-b9eeeb037405\" data-message-model-slug=\"gpt-4o-mini\">\n<div class=\"flex w-full flex-col gap-1 empty:hidden first:pt-[3px]\">\n<div class=\"markdown prose w-full break-words dark:prose-invert light\">\n<p>\u00bfSe lesion\u00f3 en la propiedad de otra persona en NYC? El experimentado equipo de PPID est\u00e1 aqu\u00ed para ayudarle. Nuestros dedicados abogados de responsabilidad de locales de NYC est\u00e1n comprometidos a asegurar la compensaci\u00f3n a la que tiene derecho. <a href=\"https:\/\/ppid.com\/es\/contact\/\">P\u00f3ngase en contacto con nosotros<\/a> para hablar de su caso y obtener la ayuda que necesita.<\/p>\n<\/div>\n<\/div>\n<\/div>\n<\/div>\n<\/div>\n<\/div>","protected":false},"excerpt":{"rendered":"<p>NYC Premises Liability Attorney Your Dedicated New York and New Jersey Premises Liability Lawyer Premises liability pertains to property owners\u2019 or occupiers\u2019 responsibility for accidents occurring on their premises. At PPID, our experienced NYC premises liability lawyers stand as steadfast allies for those impacted by falls, dog bites, construction accidents and criminal incidents, providing unwavering &hellip; <\/p>\n<p class=\"link-more\"><a href=\"https:\/\/ppid.com\/es\/nyc-premises-liability-lawyer\/\" class=\"more-link\">Seguir leyendo<span class=\"screen-reader-text\"> &#8220;NYC Premises Liability Lawyer&#8221;<\/span><\/a><\/p>","protected":false},"author":1,"featured_media":0,"parent":0,"menu_order":0,"comment_status":"closed","ping_status":"closed","template":"","meta":{"_acf_changed":false,"footnotes":""},"class_list":["post-337","page","type-page","status-publish","hentry","entry"],"acf":[],"yoast_head":"<!-- This site is optimized with the Yoast SEO Premium plugin v26.8 (Yoast SEO v26.8) - https:\/\/yoast.com\/product\/yoast-seo-premium-wordpress\/ -->\n<title>NYC Premises Liability Lawyer &amp; Law Firm<\/title>\n<meta name=\"description\" content=\"Seeking an NYC Premises Liability Lawyer? PPID offers seasoned legal expertise and online and in person consultation.\" \/>\n<meta name=\"robots\" content=\"index, follow, max-snippet:-1, max-image-preview:large, max-video-preview:-1\" \/>\n<link rel=\"canonical\" href=\"https:\/\/ppid.com\/es\/nyc-premises-liability-lawyer\/\" \/>\n<meta property=\"og:locale\" content=\"es_MX\" \/>\n<meta property=\"og:type\" content=\"article\" \/>\n<meta property=\"og:title\" content=\"NYC Premises Liability Lawyer\" \/>\n<meta property=\"og:description\" content=\"Seeking an NYC Premises Liability Lawyer? PPID offers seasoned legal expertise and online and in person consultation.\" \/>\n<meta property=\"og:url\" content=\"https:\/\/ppid.com\/es\/nyc-premises-liability-lawyer\/\" \/>\n<meta property=\"og:site_name\" content=\"Pollack, Pollack, Isaac &amp; DeCicco, LLP\" \/>\n<meta property=\"article:modified_time\" content=\"2025-01-15T18:33:15+00:00\" \/>\n<meta property=\"og:image\" content=\"https:\/\/ppid.com\/wp-content\/uploads\/2025\/01\/nyc-premises-liability-lawyer.webp\" \/>\n\t<meta property=\"og:image:width\" content=\"1200\" \/>\n\t<meta property=\"og:image:height\" content=\"600\" \/>\n\t<meta property=\"og:image:type\" content=\"image\/webp\" \/>\n<meta name=\"twitter:card\" content=\"summary_large_image\" \/>\n<meta name=\"twitter:label1\" content=\"Tiempo de lectura\" \/>\n\t<meta name=\"twitter:data1\" content=\"1 minuto\" \/>\n<!-- \/ Yoast SEO Premium plugin. -->","yoast_head_json":{"title":"NYC Premises Liability Abogado y Bufete de Abogados","description":"\u00bfBusca un Abogado de Responsabilidad de Premisas en NYC? PPID ofrece experiencia legal y consulta en l\u00ednea y en persona.","robots":{"index":"index","follow":"follow","max-snippet":"max-snippet:-1","max-image-preview":"max-image-preview:large","max-video-preview":"max-video-preview:-1"},"canonical":"https:\/\/ppid.com\/es\/nyc-premises-liability-lawyer\/","og_locale":"es_MX","og_type":"article","og_title":"NYC Premises Liability Lawyer","og_description":"Seeking an NYC Premises Liability Lawyer? PPID offers seasoned legal expertise and online and in person consultation.","og_url":"https:\/\/ppid.com\/es\/nyc-premises-liability-lawyer\/","og_site_name":"Pollack, Pollack, Isaac &amp; DeCicco, LLP","article_modified_time":"2025-01-15T18:33:15+00:00","og_image":[{"width":1200,"height":600,"url":"https:\/\/ppid.com\/wp-content\/uploads\/2025\/01\/nyc-premises-liability-lawyer.webp","type":"image\/webp"}],"twitter_card":"summary_large_image","twitter_misc":{"Tiempo de lectura":"1 minuto"},"schema":{"@context":"https:\/\/schema.org","@graph":[{"@type":"WebPage","@id":"https:\/\/ppid.com\/nyc-premises-liability-lawyer\/","url":"https:\/\/ppid.com\/nyc-premises-liability-lawyer\/","name":"NYC Premises Liability Abogado y Bufete de Abogados","isPartOf":{"@id":"https:\/\/ppid.com\/#website"},"primaryImageOfPage":{"@id":"https:\/\/ppid.com\/nyc-premises-liability-lawyer\/#primaryimage"},"image":{"@id":"https:\/\/ppid.com\/nyc-premises-liability-lawyer\/#primaryimage"},"thumbnailUrl":"https:\/\/ppid.com\/wp-content\/uploads\/2025\/01\/nyc-premises-liability-lawyer.webp","datePublished":"2024-09-05T12:50:42+00:00","dateModified":"2025-01-15T18:33:15+00:00","description":"\u00bfBusca un Abogado de Responsabilidad de Premisas en NYC? PPID ofrece experiencia legal y consulta en l\u00ednea y en persona.","breadcrumb":{"@id":"https:\/\/ppid.com\/nyc-premises-liability-lawyer\/#breadcrumb"},"inLanguage":"es","potentialAction":[{"@type":"ReadAction","target":["https:\/\/ppid.com\/nyc-premises-liability-lawyer\/"]}]},{"@type":"ImageObject","inLanguage":"es","@id":"https:\/\/ppid.com\/nyc-premises-liability-lawyer\/#primaryimage","url":"https:\/\/ppid.com\/wp-content\/uploads\/2025\/01\/nyc-premises-liability-lawyer.webp","contentUrl":"https:\/\/ppid.com\/wp-content\/uploads\/2025\/01\/nyc-premises-liability-lawyer.webp"},{"@type":"BreadcrumbList","@id":"https:\/\/ppid.com\/nyc-premises-liability-lawyer\/#breadcrumb","itemListElement":[{"@type":"ListItem","position":1,"name":"Home","item":"https:\/\/ppid.com\/"},{"@type":"ListItem","position":2,"name":"NYC Premises Liability Lawyer"}]},{"@type":"WebSite","@id":"https:\/\/ppid.com\/#website","url":"https:\/\/ppid.com\/","name":"Pollack, Pollack, Isaac &amp; DeCicco, LLP","description":"","potentialAction":[{"@type":"SearchAction","target":{"@type":"EntryPoint","urlTemplate":"https:\/\/ppid.com\/?s={search_term_string}"},"query-input":{"@type":"PropertyValueSpecification","valueRequired":true,"valueName":"search_term_string"}}],"inLanguage":"es"}]}},"_links":{"self":[{"href":"https:\/\/ppid.com\/es\/wp-json\/wp\/v2\/pages\/337","targetHints":{"allow":["GET"]}}],"collection":[{"href":"https:\/\/ppid.com\/es\/wp-json\/wp\/v2\/pages"}],"about":[{"href":"https:\/\/ppid.com\/es\/wp-json\/wp\/v2\/types\/page"}],"author":[{"embeddable":true,"href":"https:\/\/ppid.com\/es\/wp-json\/wp\/v2\/users\/1"}],"replies":[{"embeddable":true,"href":"https:\/\/ppid.com\/es\/wp-json\/wp\/v2\/comments?post=337"}],"version-history":[{"count":0,"href":"https:\/\/ppid.com\/es\/wp-json\/wp\/v2\/pages\/337\/revisions"}],"wp:attachment":[{"href":"https:\/\/ppid.com\/es\/wp-json\/wp\/v2\/media?parent=337"}],"curies":[{"name":"wp","href":"https:\/\/api.w.org\/{rel}","templated":true}]}}