{"id":342,"date":"2024-09-05T13:03:49","date_gmt":"2024-09-05T13:03:49","guid":{"rendered":"https:\/\/ppidllp.wpenginepowered.com\/?page_id=342"},"modified":"2025-01-15T18:44:12","modified_gmt":"2025-01-15T18:44:12","slug":"nyc-bicycle-accident-lawyer","status":"publish","type":"page","link":"https:\/\/ppid.com\/es\/nyc-bicycle-accident-lawyer\/","title":{"rendered":"Abogado de accidentes de bicicleta NYC"},"content":{"rendered":"<h2>Abogado de accidentes de bicicleta NYC<\/h2>\n<p>Somos NYC vigoroso abogado de accidente de bicicleta para los ciclistas y peatones.<\/p>\n<p>Desde 2004, el PPID es un <a href=\"https:\/\/ppid.com\/es\/nyc-personal-injury-lawyer\/\">abogado de confianza en derecho de da\u00f1os personales<\/a>Obteniendo resultados para la gente de New York y Nueva Jersey. Nuestro experimentado equipo de lesiones personales, dirigido por 'The Case Handler,' se dedica a luchar por sus derechos y la plena indemnizaci\u00f3n cuando usted ha sido impactado por accidentes de bicicleta y peatones en esta bulliciosa metr\u00f3polis. Si necesita un <strong>Abogado de accidentes de bicicleta NYC<\/strong>Nuestro equipo est\u00e1 a su disposici\u00f3n para ofrecerle la experiencia y el apoyo que se merece.<\/p>\n<p><img loading=\"lazy\" decoding=\"async\" class=\"aligncenter wp-image-2122 size-full\" title=\"Mejor abogado de NYC accidente de bicicleta\" src=\"https:\/\/ppid.com\/wp-content\/uploads\/2025\/01\/nyc-bicycle-accident-lawyer.webp\" alt=\"Best NYC Bicycle Accident Attorney\" width=\"1200\" height=\"600\" srcset=\"https:\/\/ppid.com\/wp-content\/uploads\/2025\/01\/nyc-bicycle-accident-lawyer.webp 1200w, https:\/\/ppid.com\/wp-content\/uploads\/2025\/01\/nyc-bicycle-accident-lawyer-300x150.webp 300w, https:\/\/ppid.com\/wp-content\/uploads\/2025\/01\/nyc-bicycle-accident-lawyer-1024x512.webp 1024w, https:\/\/ppid.com\/wp-content\/uploads\/2025\/01\/nyc-bicycle-accident-lawyer-768x384.webp 768w\" sizes=\"auto, (max-width: 1200px) 100vw, 1200px\" \/><\/p>\n<div class=\"flex-shrink-0 flex flex-col relative items-end\">\n<div class=\"pt-0\">\n<div class=\"gizmo-bot-avatar flex h-8 w-8 items-center justify-center overflow-hidden rounded-full\">\n<h2>Consulte al mejor abogado de accidentes de bicicleta de Nueva York<\/h2>\n<\/div>\n<\/div>\n<\/div>\n<div class=\"group\/conversation-turn relative flex w-full min-w-0 flex-col agent-turn\">\n<div class=\"flex-col gap-1 md:gap-3\">\n<div class=\"flex max-w-full flex-col flex-grow\">\n<div class=\"min-h-8 text-message flex w-full flex-col items-end gap-2 whitespace-normal break-words text-start [.text-message+&amp;]:mt-5\" dir=\"auto\" data-message-author-role=\"assistant\" data-message-id=\"7d2ca7b2-a435-4fd9-8858-6c84f93cdd12\" data-message-model-slug=\"gpt-4o-mini\">\n<div class=\"flex w-full flex-col gap-1 empty:hidden first:pt-[3px]\">\n<div class=\"markdown prose w-full break-words dark:prose-invert light\">\n<p>Si usted ha estado involucrado en un accidente de bicicleta en New York City, usted merece representaci\u00f3n legal con experiencia. El equipo de PPID est\u00e1 aqu\u00ed para luchar por sus derechos y asegurar la compensaci\u00f3n que necesita por sus lesiones. <a href=\"https:\/\/ppid.com\/es\/contact\/\">P\u00f3ngase en contacto con nosotros<\/a> \u00a1para hablar con los mejores Abogados de Accidentes de Bicicleta de NYC y dar el primer paso hacia la recuperaci\u00f3n!<\/p>\n<\/div>\n<\/div>\n<\/div>\n<\/div>\n<\/div>\n<\/div>","protected":false},"excerpt":{"rendered":"<p>NYC Bicycle Accident Attorney We are NYC\u2019s vigorous bike accident attorney for riders and pedestrians. Since 2004, PPID has been a trusted advocate in personal injury law, getting results for the people of New York and New Jersey. Our experienced personal injury team, led by \u2018The Case Handler,\u2019 is dedicated to fighting for your rights &hellip; <\/p>\n<p class=\"link-more\"><a href=\"https:\/\/ppid.com\/es\/nyc-bicycle-accident-lawyer\/\" class=\"more-link\">Seguir leyendo<span class=\"screen-reader-text\"> &#8220;NYC Bicycle Accident Lawyer&#8221;<\/span><\/a><\/p>","protected":false},"author":1,"featured_media":0,"parent":0,"menu_order":0,"comment_status":"closed","ping_status":"closed","template":"","meta":{"_acf_changed":false,"footnotes":""},"class_list":["post-342","page","type-page","status-publish","hentry","entry"],"acf":[],"yoast_head":"<!-- This site is optimized with the Yoast SEO Premium plugin v26.8 (Yoast SEO v26.8) - https:\/\/yoast.com\/product\/yoast-seo-premium-wordpress\/ -->\n<title>NYC Bicycle Accident Lawyer - Bike, Scooter &amp; Pedestrian Accidents<\/title>\n<meta name=\"description\" content=\"In need of an NYC Bicycle Accident Lawyer? Trust PPID for expert legal representation. Free consultation. Contact us now for the compensation you deserve!\" \/>\n<meta name=\"robots\" content=\"index, follow, max-snippet:-1, max-image-preview:large, max-video-preview:-1\" \/>\n<link rel=\"canonical\" href=\"https:\/\/ppid.com\/es\/nyc-bicycle-accident-lawyer\/\" \/>\n<meta property=\"og:locale\" content=\"es_MX\" \/>\n<meta property=\"og:type\" content=\"article\" \/>\n<meta property=\"og:title\" content=\"NYC Bicycle Accident Lawyer\" \/>\n<meta property=\"og:description\" content=\"In need of an NYC Bicycle Accident Lawyer? Trust PPID for expert legal representation. Free consultation. Contact us now for the compensation you deserve!\" \/>\n<meta property=\"og:url\" content=\"https:\/\/ppid.com\/es\/nyc-bicycle-accident-lawyer\/\" \/>\n<meta property=\"og:site_name\" content=\"Pollack, Pollack, Isaac &amp; DeCicco, LLP\" \/>\n<meta property=\"article:modified_time\" content=\"2025-01-15T18:44:12+00:00\" \/>\n<meta property=\"og:image\" content=\"https:\/\/ppid.com\/wp-content\/uploads\/2025\/01\/nyc-bicycle-accident-lawyer.webp\" \/>\n\t<meta property=\"og:image:width\" content=\"1200\" \/>\n\t<meta property=\"og:image:height\" content=\"600\" \/>\n\t<meta property=\"og:image:type\" content=\"image\/webp\" \/>\n<meta name=\"twitter:card\" content=\"summary_large_image\" \/>\n<meta name=\"twitter:label1\" content=\"Tiempo de lectura\" \/>\n\t<meta name=\"twitter:data1\" content=\"1 minuto\" \/>\n<!-- \/ Yoast SEO Premium plugin. -->","yoast_head_json":{"title":"NYC Bicycle Accident Lawyer - Accidentes de Bicicleta, Scooter y Peatones","description":"\u00bfNecesita un Abogado de Accidentes de Bicicleta en NYC? Conf\u00ede en PPID para una representaci\u00f3n legal experta. Consulta gratuita. Cont\u00e1ctenos ahora para obtener la compensaci\u00f3n que se merece.","robots":{"index":"index","follow":"follow","max-snippet":"max-snippet:-1","max-image-preview":"max-image-preview:large","max-video-preview":"max-video-preview:-1"},"canonical":"https:\/\/ppid.com\/es\/nyc-bicycle-accident-lawyer\/","og_locale":"es_MX","og_type":"article","og_title":"NYC Bicycle Accident Lawyer","og_description":"In need of an NYC Bicycle Accident Lawyer? Trust PPID for expert legal representation. Free consultation. Contact us now for the compensation you deserve!","og_url":"https:\/\/ppid.com\/es\/nyc-bicycle-accident-lawyer\/","og_site_name":"Pollack, Pollack, Isaac &amp; DeCicco, LLP","article_modified_time":"2025-01-15T18:44:12+00:00","og_image":[{"width":1200,"height":600,"url":"https:\/\/ppid.com\/wp-content\/uploads\/2025\/01\/nyc-bicycle-accident-lawyer.webp","type":"image\/webp"}],"twitter_card":"summary_large_image","twitter_misc":{"Tiempo de lectura":"1 minuto"},"schema":{"@context":"https:\/\/schema.org","@graph":[{"@type":"WebPage","@id":"https:\/\/ppid.com\/nyc-bicycle-accident-lawyer\/","url":"https:\/\/ppid.com\/nyc-bicycle-accident-lawyer\/","name":"NYC Bicycle Accident Lawyer - Accidentes de Bicicleta, Scooter y Peatones","isPartOf":{"@id":"https:\/\/ppid.com\/#website"},"primaryImageOfPage":{"@id":"https:\/\/ppid.com\/nyc-bicycle-accident-lawyer\/#primaryimage"},"image":{"@id":"https:\/\/ppid.com\/nyc-bicycle-accident-lawyer\/#primaryimage"},"thumbnailUrl":"https:\/\/ppid.com\/wp-content\/uploads\/2025\/01\/nyc-bicycle-accident-lawyer.webp","datePublished":"2024-09-05T13:03:49+00:00","dateModified":"2025-01-15T18:44:12+00:00","description":"\u00bfNecesita un Abogado de Accidentes de Bicicleta en NYC? Conf\u00ede en PPID para una representaci\u00f3n legal experta. Consulta gratuita. Cont\u00e1ctenos ahora para obtener la compensaci\u00f3n que se merece.","breadcrumb":{"@id":"https:\/\/ppid.com\/nyc-bicycle-accident-lawyer\/#breadcrumb"},"inLanguage":"es","potentialAction":[{"@type":"ReadAction","target":["https:\/\/ppid.com\/nyc-bicycle-accident-lawyer\/"]}]},{"@type":"ImageObject","inLanguage":"es","@id":"https:\/\/ppid.com\/nyc-bicycle-accident-lawyer\/#primaryimage","url":"https:\/\/ppid.com\/wp-content\/uploads\/2025\/01\/nyc-bicycle-accident-lawyer.webp","contentUrl":"https:\/\/ppid.com\/wp-content\/uploads\/2025\/01\/nyc-bicycle-accident-lawyer.webp"},{"@type":"BreadcrumbList","@id":"https:\/\/ppid.com\/nyc-bicycle-accident-lawyer\/#breadcrumb","itemListElement":[{"@type":"ListItem","position":1,"name":"Home","item":"https:\/\/ppid.com\/"},{"@type":"ListItem","position":2,"name":"NYC Bicycle Accident Lawyer"}]},{"@type":"WebSite","@id":"https:\/\/ppid.com\/#website","url":"https:\/\/ppid.com\/","name":"Pollack, Pollack, Isaac &amp; DeCicco, LLP","description":"","potentialAction":[{"@type":"SearchAction","target":{"@type":"EntryPoint","urlTemplate":"https:\/\/ppid.com\/?s={search_term_string}"},"query-input":{"@type":"PropertyValueSpecification","valueRequired":true,"valueName":"search_term_string"}}],"inLanguage":"es"}]}},"_links":{"self":[{"href":"https:\/\/ppid.com\/es\/wp-json\/wp\/v2\/pages\/342","targetHints":{"allow":["GET"]}}],"collection":[{"href":"https:\/\/ppid.com\/es\/wp-json\/wp\/v2\/pages"}],"about":[{"href":"https:\/\/ppid.com\/es\/wp-json\/wp\/v2\/types\/page"}],"author":[{"embeddable":true,"href":"https:\/\/ppid.com\/es\/wp-json\/wp\/v2\/users\/1"}],"replies":[{"embeddable":true,"href":"https:\/\/ppid.com\/es\/wp-json\/wp\/v2\/comments?post=342"}],"version-history":[{"count":0,"href":"https:\/\/ppid.com\/es\/wp-json\/wp\/v2\/pages\/342\/revisions"}],"wp:attachment":[{"href":"https:\/\/ppid.com\/es\/wp-json\/wp\/v2\/media?parent=342"}],"curies":[{"name":"wp","href":"https:\/\/api.w.org\/{rel}","templated":true}]}}