{"id":347,"date":"2024-09-05T13:13:40","date_gmt":"2024-09-05T13:13:40","guid":{"rendered":"https:\/\/ppidllp.wpenginepowered.com\/?page_id=347"},"modified":"2025-02-05T13:43:25","modified_gmt":"2025-02-05T13:43:25","slug":"nyc-motorcycle-accident-lawyer","status":"publish","type":"page","link":"https:\/\/ppid.com\/es\/nyc-motorcycle-accident-lawyer\/","title":{"rendered":"NYC Abogado de Accidente de Motocicleta"},"content":{"rendered":"<h2>Abogado de accidentes de motocicleta NYC<\/h2>\n<p>New York y Abogados de Accidentes de Motocicleta de Confianza de Nueva Jersey<\/p>\n<p>\u00bfHa sufrido usted o un ser querido lesiones graves en la carretera? Las motocicletas, por su propia naturaleza, ofrecen menos protecci\u00f3n que otros veh\u00edculos. En New York, las estad\u00edsticas son contundentes: miles de personas son hospitalizadas o acuden a urgencias por accidentes de moto cada a\u00f1o.<\/p>\n<p>En <a href=\"https:\/\/ppid.com\/es\/firm\/\">PPID<\/a>, nuestro <strong>abogados de accidentes de moto<\/strong> entienden las vulnerabilidades \u00fanicas de los motociclistas en la carretera. Hemos visto de primera mano el impacto devastador de estos accidentes y estamos aqu\u00ed para luchar por los derechos de los heridos debido a la negligencia de otra persona.<\/p>\n<p><img loading=\"lazy\" decoding=\"async\" class=\"aligncenter wp-image-2114 size-full\" title=\"Mejor abogado de NYC accidente de motocicleta\" src=\"https:\/\/ppid.com\/wp-content\/uploads\/2025\/01\/nyc-motorcycle-accident-lawyer.webp\" alt=\"Best NYC Motorcycle Accident Attorney\" width=\"1200\" height=\"600\" srcset=\"https:\/\/ppid.com\/wp-content\/uploads\/2025\/01\/nyc-motorcycle-accident-lawyer.webp 1200w, https:\/\/ppid.com\/wp-content\/uploads\/2025\/01\/nyc-motorcycle-accident-lawyer-300x150.webp 300w, https:\/\/ppid.com\/wp-content\/uploads\/2025\/01\/nyc-motorcycle-accident-lawyer-1024x512.webp 1024w, https:\/\/ppid.com\/wp-content\/uploads\/2025\/01\/nyc-motorcycle-accident-lawyer-768x384.webp 768w\" sizes=\"auto, (max-width: 1200px) 100vw, 1200px\" \/><\/p>\n<h2>Consulte al mejor abogado de accidentes de moto de NYC<\/h2>\n<p>\u00bfLastimado en un accidente de motocicleta en New York City? Los experimentados abogados de PPID est\u00e1n aqu\u00ed para ayudarle a navegar por el complejo proceso legal y luchar por la compensaci\u00f3n que se merece. Nuestro equipo est\u00e1 dedicado a proporcionar el apoyo y la experiencia que necesita para lograr un resultado exitoso. <a href=\"https:\/\/ppid.com\/es\/contact\/\">P\u00f3ngase en contacto con nosotros<\/a> para empezar con su caso.<\/p>","protected":false},"excerpt":{"rendered":"<p>NYC Motorcycle Accident Attorney New York and New Jersey\u2019s Trusted Motorcycle Accident Attorneys Have you or a loved one suffered serious injuries on the road? Motorcycles, by their very nature, offer less protection than other vehicles. In New York, the statistics are stark, with thousands hospitalized or seeking emergency care due to motorcycle accidents every &hellip; <\/p>\n<p class=\"link-more\"><a href=\"https:\/\/ppid.com\/es\/nyc-motorcycle-accident-lawyer\/\" class=\"more-link\">Seguir leyendo<span class=\"screen-reader-text\"> &#8220;NYC Motorcycle Accident Lawyer&#8221;<\/span><\/a><\/p>","protected":false},"author":1,"featured_media":0,"parent":0,"menu_order":0,"comment_status":"closed","ping_status":"closed","template":"","meta":{"_acf_changed":false,"footnotes":""},"class_list":["post-347","page","type-page","status-publish","hentry","entry"],"acf":[],"yoast_head":"<!-- This site is optimized with the Yoast SEO Premium plugin v26.8 (Yoast SEO v26.8) - https:\/\/yoast.com\/product\/yoast-seo-premium-wordpress\/ -->\n<title>NYC Motorcycle Accident Lawyer &amp; Law Firm<\/title>\n<meta name=\"description\" content=\"Seeking a NYC Motorcycle Accident Lawyer? Consult PPID for expert legal guidance. Get maximum compensation. Book your consultation now.\" \/>\n<meta name=\"robots\" content=\"index, follow, max-snippet:-1, max-image-preview:large, max-video-preview:-1\" \/>\n<link rel=\"canonical\" href=\"https:\/\/ppid.com\/es\/nyc-motorcycle-accident-lawyer\/\" \/>\n<meta property=\"og:locale\" content=\"es_MX\" \/>\n<meta property=\"og:type\" content=\"article\" \/>\n<meta property=\"og:title\" content=\"NYC Motorcycle Accident Lawyer\" \/>\n<meta property=\"og:description\" content=\"Seeking a NYC Motorcycle Accident Lawyer? Consult PPID for expert legal guidance. Get maximum compensation. Book your consultation now.\" \/>\n<meta property=\"og:url\" content=\"https:\/\/ppid.com\/es\/nyc-motorcycle-accident-lawyer\/\" \/>\n<meta property=\"og:site_name\" content=\"Pollack, Pollack, Isaac &amp; DeCicco, LLP\" \/>\n<meta property=\"article:modified_time\" content=\"2025-02-05T13:43:25+00:00\" \/>\n<meta property=\"og:image\" content=\"https:\/\/ppid.com\/wp-content\/uploads\/2025\/01\/nyc-motorcycle-accident-lawyer.webp\" \/>\n\t<meta property=\"og:image:width\" content=\"1200\" \/>\n\t<meta property=\"og:image:height\" content=\"600\" \/>\n\t<meta property=\"og:image:type\" content=\"image\/webp\" \/>\n<meta name=\"twitter:card\" content=\"summary_large_image\" \/>\n<meta name=\"twitter:label1\" content=\"Tiempo de lectura\" \/>\n\t<meta name=\"twitter:data1\" content=\"1 minuto\" \/>\n<!-- \/ Yoast SEO Premium plugin. -->","yoast_head_json":{"title":"NYC Abogado de Accidente de Motocicleta y Bufete de Abogados","description":"\u00bfBusca un Abogado de Accidentes de Motocicleta en NYC? Consulte a PPID para obtener orientaci\u00f3n legal experta. Obtenga la m\u00e1xima compensaci\u00f3n. Reserve su consulta ahora.","robots":{"index":"index","follow":"follow","max-snippet":"max-snippet:-1","max-image-preview":"max-image-preview:large","max-video-preview":"max-video-preview:-1"},"canonical":"https:\/\/ppid.com\/es\/nyc-motorcycle-accident-lawyer\/","og_locale":"es_MX","og_type":"article","og_title":"NYC Motorcycle Accident Lawyer","og_description":"Seeking a NYC Motorcycle Accident Lawyer? Consult PPID for expert legal guidance. Get maximum compensation. Book your consultation now.","og_url":"https:\/\/ppid.com\/es\/nyc-motorcycle-accident-lawyer\/","og_site_name":"Pollack, Pollack, Isaac &amp; DeCicco, LLP","article_modified_time":"2025-02-05T13:43:25+00:00","og_image":[{"width":1200,"height":600,"url":"https:\/\/ppid.com\/wp-content\/uploads\/2025\/01\/nyc-motorcycle-accident-lawyer.webp","type":"image\/webp"}],"twitter_card":"summary_large_image","twitter_misc":{"Tiempo de lectura":"1 minuto"},"schema":{"@context":"https:\/\/schema.org","@graph":[{"@type":"WebPage","@id":"https:\/\/ppid.com\/nyc-motorcycle-accident-lawyer\/","url":"https:\/\/ppid.com\/nyc-motorcycle-accident-lawyer\/","name":"NYC Abogado de Accidente de Motocicleta y Bufete de Abogados","isPartOf":{"@id":"https:\/\/ppid.com\/#website"},"primaryImageOfPage":{"@id":"https:\/\/ppid.com\/nyc-motorcycle-accident-lawyer\/#primaryimage"},"image":{"@id":"https:\/\/ppid.com\/nyc-motorcycle-accident-lawyer\/#primaryimage"},"thumbnailUrl":"https:\/\/ppid.com\/wp-content\/uploads\/2025\/01\/nyc-motorcycle-accident-lawyer.webp","datePublished":"2024-09-05T13:13:40+00:00","dateModified":"2025-02-05T13:43:25+00:00","description":"\u00bfBusca un Abogado de Accidentes de Motocicleta en NYC? Consulte a PPID para obtener orientaci\u00f3n legal experta. Obtenga la m\u00e1xima compensaci\u00f3n. Reserve su consulta ahora.","breadcrumb":{"@id":"https:\/\/ppid.com\/nyc-motorcycle-accident-lawyer\/#breadcrumb"},"inLanguage":"es","potentialAction":[{"@type":"ReadAction","target":["https:\/\/ppid.com\/nyc-motorcycle-accident-lawyer\/"]}]},{"@type":"ImageObject","inLanguage":"es","@id":"https:\/\/ppid.com\/nyc-motorcycle-accident-lawyer\/#primaryimage","url":"https:\/\/ppid.com\/wp-content\/uploads\/2025\/01\/nyc-motorcycle-accident-lawyer.webp","contentUrl":"https:\/\/ppid.com\/wp-content\/uploads\/2025\/01\/nyc-motorcycle-accident-lawyer.webp"},{"@type":"BreadcrumbList","@id":"https:\/\/ppid.com\/nyc-motorcycle-accident-lawyer\/#breadcrumb","itemListElement":[{"@type":"ListItem","position":1,"name":"Home","item":"https:\/\/ppid.com\/"},{"@type":"ListItem","position":2,"name":"NYC Motorcycle Accident Lawyer"}]},{"@type":"WebSite","@id":"https:\/\/ppid.com\/#website","url":"https:\/\/ppid.com\/","name":"Pollack, Pollack, Isaac &amp; DeCicco, LLP","description":"","potentialAction":[{"@type":"SearchAction","target":{"@type":"EntryPoint","urlTemplate":"https:\/\/ppid.com\/?s={search_term_string}"},"query-input":{"@type":"PropertyValueSpecification","valueRequired":true,"valueName":"search_term_string"}}],"inLanguage":"es"}]}},"_links":{"self":[{"href":"https:\/\/ppid.com\/es\/wp-json\/wp\/v2\/pages\/347","targetHints":{"allow":["GET"]}}],"collection":[{"href":"https:\/\/ppid.com\/es\/wp-json\/wp\/v2\/pages"}],"about":[{"href":"https:\/\/ppid.com\/es\/wp-json\/wp\/v2\/types\/page"}],"author":[{"embeddable":true,"href":"https:\/\/ppid.com\/es\/wp-json\/wp\/v2\/users\/1"}],"replies":[{"embeddable":true,"href":"https:\/\/ppid.com\/es\/wp-json\/wp\/v2\/comments?post=347"}],"version-history":[{"count":0,"href":"https:\/\/ppid.com\/es\/wp-json\/wp\/v2\/pages\/347\/revisions"}],"wp:attachment":[{"href":"https:\/\/ppid.com\/es\/wp-json\/wp\/v2\/media?parent=347"}],"curies":[{"name":"wp","href":"https:\/\/api.w.org\/{rel}","templated":true}]}}