{"id":354,"date":"2024-09-05T13:30:22","date_gmt":"2024-09-05T13:30:22","guid":{"rendered":"https:\/\/ppidllp.wpenginepowered.com\/?page_id=354"},"modified":"2025-02-05T13:43:11","modified_gmt":"2025-02-05T13:43:11","slug":"nyc-medical-malpractice-lawyer","status":"publish","type":"page","link":"https:\/\/ppid.com\/es\/nyc-medical-malpractice-lawyer\/","title":{"rendered":"Abogado de negligencia m\u00e9dica en NYC"},"content":{"rendered":"<h2>Abogado de negligencia m\u00e9dica NYC<\/h2>\n<p>Dirigir <strong>NYC Abogado de Abuso de Hogar de Ancianos<\/strong> para v\u00edctimas de negligencia m\u00e9dica<\/p>\n<p>En <a href=\"https:\/\/ppid.com\/es\/firm\/\">PPID<\/a>Nuestro equipo legal ha estado asistiendo a v\u00edctimas de negligencia m\u00e9dica en <a href=\"https:\/\/en.wikipedia.org\/wiki\/New_York_City\" target=\"_blank\" rel=\"noopener\">New York City<\/a> desde 2004. Cuando buscamos atenci\u00f3n m\u00e9dica, depositamos una inmensa confianza en los profesionales sanitarios. Sin embargo, cuando esa confianza se ve traicionada por una atenci\u00f3n m\u00e9dica deficiente o <a href=\"https:\/\/ppid.com\/es\/nyc-nursing-home-abuse-lawyer\/\">pr\u00e1cticas de enfermer\u00eda<\/a>la justicia debe prevalecer.<\/p>\n<p><img loading=\"lazy\" decoding=\"async\" class=\"aligncenter wp-image-2117 size-full\" title=\"Abogado experto en negligencia m\u00e9dica de NYC\" src=\"https:\/\/ppid.com\/wp-content\/uploads\/2025\/01\/nyc-medical-malpractice-lawyer.webp\" alt=\"Skilled NYC Medical Malpractice Attorney\" width=\"1200\" height=\"600\" srcset=\"https:\/\/ppid.com\/wp-content\/uploads\/2025\/01\/nyc-medical-malpractice-lawyer.webp 1200w, https:\/\/ppid.com\/wp-content\/uploads\/2025\/01\/nyc-medical-malpractice-lawyer-300x150.webp 300w, https:\/\/ppid.com\/wp-content\/uploads\/2025\/01\/nyc-medical-malpractice-lawyer-1024x512.webp 1024w, https:\/\/ppid.com\/wp-content\/uploads\/2025\/01\/nyc-medical-malpractice-lawyer-768x384.webp 768w\" sizes=\"auto, (max-width: 1200px) 100vw, 1200px\" \/><\/p>\n<h2>Hable con un abogado experto en negligencia m\u00e9dica de NYC<\/h2>\n<p>Si ha sido v\u00edctima de negligencia m\u00e9dica en New York City, los abogados de PPID est\u00e1n aqu\u00ed para ayudarlo. Nuestros h\u00e1biles Abogados de Negligencia M\u00e9dica en NYC tienen la experiencia y el conocimiento para manejar casos complejos y luchar por la compensaci\u00f3n que usted merece. <a href=\"https:\/\/ppid.com\/es\/contact\/\">P\u00f3ngase en contacto con nosotros<\/a> para hablar de su situaci\u00f3n y dar el primer paso hacia la justicia.<\/p>","protected":false},"excerpt":{"rendered":"<p>NYC Medical Malpractice Attorney Leading NYC Nursing Home Abuse Attorney for Medical Malpractice Victims At PPID, our legal team has been assisting victims of medical malpractice in New York City since 2004. When we seek medical care, we place immense trust in healthcare professionals. However, when that trust is betrayed by substandard medical or nursing &hellip; <\/p>\n<p class=\"link-more\"><a href=\"https:\/\/ppid.com\/es\/nyc-medical-malpractice-lawyer\/\" class=\"more-link\">Seguir leyendo<span class=\"screen-reader-text\"> &#8220;NYC Medical Malpractice Lawyer&#8221;<\/span><\/a><\/p>","protected":false},"author":1,"featured_media":0,"parent":0,"menu_order":0,"comment_status":"closed","ping_status":"closed","template":"","meta":{"_acf_changed":false,"footnotes":""},"class_list":["post-354","page","type-page","status-publish","hentry","entry"],"acf":[],"yoast_head":"<!-- This site is optimized with the Yoast SEO Premium plugin v26.8 (Yoast SEO v26.8) - https:\/\/yoast.com\/product\/yoast-seo-premium-wordpress\/ -->\n<title>NYC Medical Malpractice Lawyer &amp; Law Firm<\/title>\n<meta name=\"description\" content=\"Are you a victim of medical malpractice in NYC? Get justice with PPID. Experienced medical mapractice lawyers offering online and in person consultation.\" \/>\n<meta name=\"robots\" content=\"index, follow, max-snippet:-1, max-image-preview:large, max-video-preview:-1\" \/>\n<link rel=\"canonical\" href=\"https:\/\/ppid.com\/es\/nyc-medical-malpractice-lawyer\/\" \/>\n<meta property=\"og:locale\" content=\"es_MX\" \/>\n<meta property=\"og:type\" content=\"article\" \/>\n<meta property=\"og:title\" content=\"NYC Medical Malpractice Lawyer\" \/>\n<meta property=\"og:description\" content=\"Are you a victim of medical malpractice in NYC? Get justice with PPID. Experienced medical mapractice lawyers offering online and in person consultation.\" \/>\n<meta property=\"og:url\" content=\"https:\/\/ppid.com\/es\/nyc-medical-malpractice-lawyer\/\" \/>\n<meta property=\"og:site_name\" content=\"Pollack, Pollack, Isaac &amp; DeCicco, LLP\" \/>\n<meta property=\"article:modified_time\" content=\"2025-02-05T13:43:11+00:00\" \/>\n<meta property=\"og:image\" content=\"https:\/\/ppid.com\/wp-content\/uploads\/2025\/01\/nyc-medical-malpractice-lawyer.webp\" \/>\n\t<meta property=\"og:image:width\" content=\"1200\" \/>\n\t<meta property=\"og:image:height\" content=\"600\" \/>\n\t<meta property=\"og:image:type\" content=\"image\/webp\" \/>\n<meta name=\"twitter:card\" content=\"summary_large_image\" \/>\n<meta name=\"twitter:label1\" content=\"Tiempo de lectura\" \/>\n\t<meta name=\"twitter:data1\" content=\"1 minuto\" \/>\n<!-- \/ Yoast SEO Premium plugin. -->","yoast_head_json":{"title":"NYC Negligencia M\u00e9dica Abogado y Bufete de Abogados","description":"\u00bfEs usted v\u00edctima de negligencia m\u00e9dica en NYC? Obtenga justicia con PPID. Abogados con experiencia en negligencia m\u00e9dica que ofrecen consultas en l\u00ednea y en persona.","robots":{"index":"index","follow":"follow","max-snippet":"max-snippet:-1","max-image-preview":"max-image-preview:large","max-video-preview":"max-video-preview:-1"},"canonical":"https:\/\/ppid.com\/es\/nyc-medical-malpractice-lawyer\/","og_locale":"es_MX","og_type":"article","og_title":"NYC Medical Malpractice Lawyer","og_description":"Are you a victim of medical malpractice in NYC? Get justice with PPID. Experienced medical mapractice lawyers offering online and in person consultation.","og_url":"https:\/\/ppid.com\/es\/nyc-medical-malpractice-lawyer\/","og_site_name":"Pollack, Pollack, Isaac &amp; DeCicco, LLP","article_modified_time":"2025-02-05T13:43:11+00:00","og_image":[{"width":1200,"height":600,"url":"https:\/\/ppid.com\/wp-content\/uploads\/2025\/01\/nyc-medical-malpractice-lawyer.webp","type":"image\/webp"}],"twitter_card":"summary_large_image","twitter_misc":{"Tiempo de lectura":"1 minuto"},"schema":{"@context":"https:\/\/schema.org","@graph":[{"@type":"WebPage","@id":"https:\/\/ppid.com\/nyc-medical-malpractice-lawyer\/","url":"https:\/\/ppid.com\/nyc-medical-malpractice-lawyer\/","name":"NYC Negligencia M\u00e9dica Abogado y Bufete de Abogados","isPartOf":{"@id":"https:\/\/ppid.com\/#website"},"primaryImageOfPage":{"@id":"https:\/\/ppid.com\/nyc-medical-malpractice-lawyer\/#primaryimage"},"image":{"@id":"https:\/\/ppid.com\/nyc-medical-malpractice-lawyer\/#primaryimage"},"thumbnailUrl":"https:\/\/ppid.com\/wp-content\/uploads\/2025\/01\/nyc-medical-malpractice-lawyer.webp","datePublished":"2024-09-05T13:30:22+00:00","dateModified":"2025-02-05T13:43:11+00:00","description":"\u00bfEs usted v\u00edctima de negligencia m\u00e9dica en NYC? Obtenga justicia con PPID. Abogados con experiencia en negligencia m\u00e9dica que ofrecen consultas en l\u00ednea y en persona.","breadcrumb":{"@id":"https:\/\/ppid.com\/nyc-medical-malpractice-lawyer\/#breadcrumb"},"inLanguage":"es","potentialAction":[{"@type":"ReadAction","target":["https:\/\/ppid.com\/nyc-medical-malpractice-lawyer\/"]}]},{"@type":"ImageObject","inLanguage":"es","@id":"https:\/\/ppid.com\/nyc-medical-malpractice-lawyer\/#primaryimage","url":"https:\/\/ppid.com\/wp-content\/uploads\/2025\/01\/nyc-medical-malpractice-lawyer.webp","contentUrl":"https:\/\/ppid.com\/wp-content\/uploads\/2025\/01\/nyc-medical-malpractice-lawyer.webp"},{"@type":"BreadcrumbList","@id":"https:\/\/ppid.com\/nyc-medical-malpractice-lawyer\/#breadcrumb","itemListElement":[{"@type":"ListItem","position":1,"name":"Home","item":"https:\/\/ppid.com\/"},{"@type":"ListItem","position":2,"name":"NYC Medical Malpractice Lawyer"}]},{"@type":"WebSite","@id":"https:\/\/ppid.com\/#website","url":"https:\/\/ppid.com\/","name":"Pollack, Pollack, Isaac &amp; DeCicco, LLP","description":"","potentialAction":[{"@type":"SearchAction","target":{"@type":"EntryPoint","urlTemplate":"https:\/\/ppid.com\/?s={search_term_string}"},"query-input":{"@type":"PropertyValueSpecification","valueRequired":true,"valueName":"search_term_string"}}],"inLanguage":"es"}]}},"_links":{"self":[{"href":"https:\/\/ppid.com\/es\/wp-json\/wp\/v2\/pages\/354","targetHints":{"allow":["GET"]}}],"collection":[{"href":"https:\/\/ppid.com\/es\/wp-json\/wp\/v2\/pages"}],"about":[{"href":"https:\/\/ppid.com\/es\/wp-json\/wp\/v2\/types\/page"}],"author":[{"embeddable":true,"href":"https:\/\/ppid.com\/es\/wp-json\/wp\/v2\/users\/1"}],"replies":[{"embeddable":true,"href":"https:\/\/ppid.com\/es\/wp-json\/wp\/v2\/comments?post=354"}],"version-history":[{"count":0,"href":"https:\/\/ppid.com\/es\/wp-json\/wp\/v2\/pages\/354\/revisions"}],"wp:attachment":[{"href":"https:\/\/ppid.com\/es\/wp-json\/wp\/v2\/media?parent=354"}],"curies":[{"name":"wp","href":"https:\/\/api.w.org\/{rel}","templated":true}]}}