{"id":363,"date":"2024-09-05T13:43:54","date_gmt":"2024-09-05T13:43:54","guid":{"rendered":"https:\/\/ppidllp.wpenginepowered.com\/?page_id=363"},"modified":"2025-01-15T18:29:07","modified_gmt":"2025-01-15T18:29:07","slug":"nyc-slip-and-fall-lawyer","status":"publish","type":"page","link":"https:\/\/ppid.com\/es\/nyc-slip-and-fall-lawyer\/","title":{"rendered":"NYC Resbal\u00f3n y Ca\u00edda Abogado"},"content":{"rendered":"<h2>NYC Resbal\u00f3n y Ca\u00edda Abogado<\/h2>\n<p>Los tropiezos, resbalones y ca\u00eddas pueden ocurrirle a cualquiera - el abogado especializado en resbalones y ca\u00eddas de PPID en NYC est\u00e1 aqu\u00ed para ayudar cuando ocurre lo inesperado.<\/p>\n<p>En <a href=\"https:\/\/ppid.com\/es\/firm\/\">PPID<\/a>reconocemos la responsabilidad legal que tienen los propietarios de mantener unas instalaciones seguras. Desafortunadamente, el incumplimiento de esta obligaci\u00f3n a menudo conduce a graves da\u00f1os al p\u00fablico, lo que resulta en accidentes debilitantes de resbalones y ca\u00eddas, tanto en interiores como al aire libre. Si ha sufrido una lesi\u00f3n, nuestro\u00a0<strong>NYC resbal\u00f3n y ca\u00edda abogado<\/strong>\u00a0est\u00e1 aqu\u00ed para ayudarle.<\/p>\n<p><img loading=\"lazy\" decoding=\"async\" class=\"aligncenter wp-image-2103 size-full\" title=\"Abogado experto en resbalones y ca\u00eddas de NYC\" src=\"https:\/\/ppid.com\/wp-content\/uploads\/2025\/01\/nyc-slip-and-fall-lawyer.webp\" alt=\"Skilled NYC Slip and Fall Attorney\" width=\"1200\" height=\"600\" srcset=\"https:\/\/ppid.com\/wp-content\/uploads\/2025\/01\/nyc-slip-and-fall-lawyer.webp 1200w, https:\/\/ppid.com\/wp-content\/uploads\/2025\/01\/nyc-slip-and-fall-lawyer-300x150.webp 300w, https:\/\/ppid.com\/wp-content\/uploads\/2025\/01\/nyc-slip-and-fall-lawyer-1024x512.webp 1024w, https:\/\/ppid.com\/wp-content\/uploads\/2025\/01\/nyc-slip-and-fall-lawyer-768x384.webp 768w\" sizes=\"auto, (max-width: 1200px) 100vw, 1200px\" \/><\/p>\n<h2>P\u00f3ngase en contacto con nuestro abogado de resbalones y ca\u00eddas NYC hoy<\/h2>\n<p>Si usted ha sido lesionado en un accidente de resbal\u00f3n y ca\u00edda en Nueva York, nuestro equipo dedicado en PPID est\u00e1 aqu\u00ed para ayudar. Entendemos el impacto que estos accidentes pueden tener y estamos comprometidos a ayudarle a obtener la compensaci\u00f3n que se merece. <a href=\"https:\/\/ppid.com\/es\/contact\/\">P\u00f3ngase en contacto con nosotros<\/a> para hablar con un abogado experto en resbalones y ca\u00eddas de la ciudad de Nueva York y dar el primer paso para obtener justicia por sus lesiones.<\/p>","protected":false},"excerpt":{"rendered":"<p>NYC Slip and Fall Attorney Trips, Slips, and Falls can happen to anyone \u2013 PPID\u2019s NYC slips and fall attorney is here to help when the unexpected occurs. At PPID, we recognize the legal responsibility property owners hold to maintain safe premises. Unfortunately, breaches in this duty often lead to severe harm to the public, &hellip; <\/p>\n<p class=\"link-more\"><a href=\"https:\/\/ppid.com\/es\/nyc-slip-and-fall-lawyer\/\" class=\"more-link\">Seguir leyendo<span class=\"screen-reader-text\"> &#8220;NYC Slip and Fall Lawyer&#8221;<\/span><\/a><\/p>","protected":false},"author":1,"featured_media":0,"parent":0,"menu_order":0,"comment_status":"closed","ping_status":"closed","template":"","meta":{"_acf_changed":false,"footnotes":""},"class_list":["post-363","page","type-page","status-publish","hentry","entry"],"acf":[],"yoast_head":"<!-- This site is optimized with the Yoast SEO Premium plugin v26.8 (Yoast SEO v26.8) - https:\/\/yoast.com\/product\/yoast-seo-premium-wordpress\/ -->\n<title>NYC Slip and Fall Lawyer - Slip, Trip &amp; Fall Accidents<\/title>\n<meta name=\"description\" content=\"Looking for an NYC Slip And Fall Lawyer? Trust PPID for expert legal guidance. Schedule a consultation now for maximum compensation.\" \/>\n<meta name=\"robots\" content=\"index, follow, max-snippet:-1, max-image-preview:large, max-video-preview:-1\" \/>\n<link rel=\"canonical\" href=\"https:\/\/ppid.com\/es\/nyc-slip-and-fall-lawyer\/\" \/>\n<meta property=\"og:locale\" content=\"es_MX\" \/>\n<meta property=\"og:type\" content=\"article\" \/>\n<meta property=\"og:title\" content=\"NYC Slip and Fall Lawyer\" \/>\n<meta property=\"og:description\" content=\"Looking for an NYC Slip And Fall Lawyer? Trust PPID for expert legal guidance. Schedule a consultation now for maximum compensation.\" \/>\n<meta property=\"og:url\" content=\"https:\/\/ppid.com\/es\/nyc-slip-and-fall-lawyer\/\" \/>\n<meta property=\"og:site_name\" content=\"Pollack, Pollack, Isaac &amp; DeCicco, LLP\" \/>\n<meta property=\"article:modified_time\" content=\"2025-01-15T18:29:07+00:00\" \/>\n<meta property=\"og:image\" content=\"https:\/\/ppid.com\/wp-content\/uploads\/2025\/01\/nyc-slip-and-fall-lawyer.webp\" \/>\n\t<meta property=\"og:image:width\" content=\"1200\" \/>\n\t<meta property=\"og:image:height\" content=\"600\" \/>\n\t<meta property=\"og:image:type\" content=\"image\/webp\" \/>\n<meta name=\"twitter:card\" content=\"summary_large_image\" \/>\n<meta name=\"twitter:label1\" content=\"Tiempo de lectura\" \/>\n\t<meta name=\"twitter:data1\" content=\"1 minuto\" \/>\n<script type=\"application\/ld+json\" class=\"yoast-schema-graph\">{\"@context\":\"https:\/\/schema.org\",\"@graph\":[{\"@type\":\"WebPage\",\"@id\":\"https:\/\/ppid.com\/nyc-slip-and-fall-lawyer\/\",\"url\":\"https:\/\/ppid.com\/nyc-slip-and-fall-lawyer\/\",\"name\":\"NYC Slip and Fall Lawyer - Slip, Trip & Fall Accidents\",\"isPartOf\":{\"@id\":\"https:\/\/ppid.com\/#website\"},\"primaryImageOfPage\":{\"@id\":\"https:\/\/ppid.com\/nyc-slip-and-fall-lawyer\/#primaryimage\"},\"image\":{\"@id\":\"https:\/\/ppid.com\/nyc-slip-and-fall-lawyer\/#primaryimage\"},\"thumbnailUrl\":\"https:\/\/ppid.com\/wp-content\/uploads\/2025\/01\/nyc-slip-and-fall-lawyer.webp\",\"datePublished\":\"2024-09-05T13:43:54+00:00\",\"dateModified\":\"2025-01-15T18:29:07+00:00\",\"description\":\"Looking for an NYC Slip And Fall Lawyer? Trust PPID for expert legal guidance. Schedule a consultation now for maximum compensation.\",\"breadcrumb\":{\"@id\":\"https:\/\/ppid.com\/nyc-slip-and-fall-lawyer\/#breadcrumb\"},\"inLanguage\":\"es\",\"potentialAction\":[{\"@type\":\"ReadAction\",\"target\":[\"https:\/\/ppid.com\/nyc-slip-and-fall-lawyer\/\"]}]},{\"@type\":\"ImageObject\",\"inLanguage\":\"es\",\"@id\":\"https:\/\/ppid.com\/nyc-slip-and-fall-lawyer\/#primaryimage\",\"url\":\"https:\/\/ppid.com\/wp-content\/uploads\/2025\/01\/nyc-slip-and-fall-lawyer.webp\",\"contentUrl\":\"https:\/\/ppid.com\/wp-content\/uploads\/2025\/01\/nyc-slip-and-fall-lawyer.webp\"},{\"@type\":\"BreadcrumbList\",\"@id\":\"https:\/\/ppid.com\/nyc-slip-and-fall-lawyer\/#breadcrumb\",\"itemListElement\":[{\"@type\":\"ListItem\",\"position\":1,\"name\":\"Home\",\"item\":\"https:\/\/ppid.com\/\"},{\"@type\":\"ListItem\",\"position\":2,\"name\":\"NYC Slip and Fall Lawyer\"}]},{\"@type\":\"WebSite\",\"@id\":\"https:\/\/ppid.com\/#website\",\"url\":\"https:\/\/ppid.com\/\",\"name\":\"Pollack, Pollack, Isaac &amp; DeCicco, LLP\",\"description\":\"\",\"potentialAction\":[{\"@type\":\"SearchAction\",\"target\":{\"@type\":\"EntryPoint\",\"urlTemplate\":\"https:\/\/ppid.com\/?s={search_term_string}\"},\"query-input\":{\"@type\":\"PropertyValueSpecification\",\"valueRequired\":true,\"valueName\":\"search_term_string\"}}],\"inLanguage\":\"es\"}]}<\/script>\n<!-- \/ Yoast SEO Premium plugin. -->","yoast_head_json":{"title":"NYC Resbal\u00f3n y Ca\u00edda Abogado - Resbal\u00f3n, Tropiezo y Ca\u00edda Accidentes","description":"\u00bfBusca un abogado de NYC especializado en resbalones y ca\u00eddas? Conf\u00ede en PPID para obtener orientaci\u00f3n legal experta. Programe una consulta ahora para obtener la m\u00e1xima compensaci\u00f3n.","robots":{"index":"index","follow":"follow","max-snippet":"max-snippet:-1","max-image-preview":"max-image-preview:large","max-video-preview":"max-video-preview:-1"},"canonical":"https:\/\/ppid.com\/es\/nyc-slip-and-fall-lawyer\/","og_locale":"es_MX","og_type":"article","og_title":"NYC Slip and Fall Lawyer","og_description":"Looking for an NYC Slip And Fall Lawyer? Trust PPID for expert legal guidance. Schedule a consultation now for maximum compensation.","og_url":"https:\/\/ppid.com\/es\/nyc-slip-and-fall-lawyer\/","og_site_name":"Pollack, Pollack, Isaac &amp; DeCicco, LLP","article_modified_time":"2025-01-15T18:29:07+00:00","og_image":[{"width":1200,"height":600,"url":"https:\/\/ppid.com\/wp-content\/uploads\/2025\/01\/nyc-slip-and-fall-lawyer.webp","type":"image\/webp"}],"twitter_card":"summary_large_image","twitter_misc":{"Tiempo de lectura":"1 minuto"},"schema":{"@context":"https:\/\/schema.org","@graph":[{"@type":"WebPage","@id":"https:\/\/ppid.com\/nyc-slip-and-fall-lawyer\/","url":"https:\/\/ppid.com\/nyc-slip-and-fall-lawyer\/","name":"NYC Resbal\u00f3n y Ca\u00edda Abogado - Resbal\u00f3n, Tropiezo y Ca\u00edda Accidentes","isPartOf":{"@id":"https:\/\/ppid.com\/#website"},"primaryImageOfPage":{"@id":"https:\/\/ppid.com\/nyc-slip-and-fall-lawyer\/#primaryimage"},"image":{"@id":"https:\/\/ppid.com\/nyc-slip-and-fall-lawyer\/#primaryimage"},"thumbnailUrl":"https:\/\/ppid.com\/wp-content\/uploads\/2025\/01\/nyc-slip-and-fall-lawyer.webp","datePublished":"2024-09-05T13:43:54+00:00","dateModified":"2025-01-15T18:29:07+00:00","description":"\u00bfBusca un abogado de NYC especializado en resbalones y ca\u00eddas? Conf\u00ede en PPID para obtener orientaci\u00f3n legal experta. Programe una consulta ahora para obtener la m\u00e1xima compensaci\u00f3n.","breadcrumb":{"@id":"https:\/\/ppid.com\/nyc-slip-and-fall-lawyer\/#breadcrumb"},"inLanguage":"es","potentialAction":[{"@type":"ReadAction","target":["https:\/\/ppid.com\/nyc-slip-and-fall-lawyer\/"]}]},{"@type":"ImageObject","inLanguage":"es","@id":"https:\/\/ppid.com\/nyc-slip-and-fall-lawyer\/#primaryimage","url":"https:\/\/ppid.com\/wp-content\/uploads\/2025\/01\/nyc-slip-and-fall-lawyer.webp","contentUrl":"https:\/\/ppid.com\/wp-content\/uploads\/2025\/01\/nyc-slip-and-fall-lawyer.webp"},{"@type":"BreadcrumbList","@id":"https:\/\/ppid.com\/nyc-slip-and-fall-lawyer\/#breadcrumb","itemListElement":[{"@type":"ListItem","position":1,"name":"Home","item":"https:\/\/ppid.com\/"},{"@type":"ListItem","position":2,"name":"NYC Slip and Fall Lawyer"}]},{"@type":"WebSite","@id":"https:\/\/ppid.com\/#website","url":"https:\/\/ppid.com\/","name":"Pollack, Pollack, Isaac &amp; DeCicco, LLP","description":"","potentialAction":[{"@type":"SearchAction","target":{"@type":"EntryPoint","urlTemplate":"https:\/\/ppid.com\/?s={search_term_string}"},"query-input":{"@type":"PropertyValueSpecification","valueRequired":true,"valueName":"search_term_string"}}],"inLanguage":"es"}]}},"_links":{"self":[{"href":"https:\/\/ppid.com\/es\/wp-json\/wp\/v2\/pages\/363","targetHints":{"allow":["GET"]}}],"collection":[{"href":"https:\/\/ppid.com\/es\/wp-json\/wp\/v2\/pages"}],"about":[{"href":"https:\/\/ppid.com\/es\/wp-json\/wp\/v2\/types\/page"}],"author":[{"embeddable":true,"href":"https:\/\/ppid.com\/es\/wp-json\/wp\/v2\/users\/1"}],"replies":[{"embeddable":true,"href":"https:\/\/ppid.com\/es\/wp-json\/wp\/v2\/comments?post=363"}],"version-history":[{"count":0,"href":"https:\/\/ppid.com\/es\/wp-json\/wp\/v2\/pages\/363\/revisions"}],"wp:attachment":[{"href":"https:\/\/ppid.com\/es\/wp-json\/wp\/v2\/media?parent=363"}],"curies":[{"name":"wp","href":"https:\/\/api.w.org\/{rel}","templated":true}]}}