{"id":401,"date":"2024-09-06T05:13:52","date_gmt":"2024-09-06T05:13:52","guid":{"rendered":"https:\/\/ppidllp.wpenginepowered.com\/?page_id=401"},"modified":"2025-09-06T08:21:47","modified_gmt":"2025-09-06T08:21:47","slug":"nyc-special-immigrant-juvenile-status-lawyer","status":"publish","type":"page","link":"https:\/\/ppid.com\/es\/nyc-special-immigrant-juvenile-status-lawyer\/","title":{"rendered":"NYC Abogado de Estatus Especial de Inmigrante Juvenil"},"content":{"rendered":"<h2>NYC Abogado de Estatus Especial de Inmigrante Juvenil<\/h2>\n<p>Los abogados de PPID proporcionan orientaci\u00f3n legal integral para los j\u00f3venes que est\u00e1n en el pa\u00eds pero no tienen estatus legal. El Estatus Especial de Inmigrante Juvenil (SIJS) puede ayudarle a permanecer en los EE.UU.<\/p>\n<p><a href=\"https:\/\/ppid.com\/es\/attorney\/\">Nuestros abogados<\/a> ofrecen consultas jur\u00eddicas en l\u00ednea y presenciales. Establecer una relaci\u00f3n y comprender claramente sus necesidades es un primer paso fundamental hacia el \u00e9xito.<\/p>\n<p>Hablamos espa\u00f1ol, chino, b\u00falgaro, ruso, hindi, punjabi y mucho m\u00e1s. Vamos m\u00e1s all\u00e1 para asegurarnos de que el idioma nunca sea una barrera entre nosotros y nuestros clientes.<\/p>\n<p><img loading=\"lazy\" decoding=\"async\" class=\"aligncenter wp-image-2083 size-full\" title=\"Abogado especializado en el Estatus Especial de Inmigrante Juvenil de NYC\" src=\"https:\/\/ppid.com\/wp-content\/uploads\/2025\/01\/nyc-special-immigrant-juvenile-status-lawyer.webp\" alt=\"Skilled NYC Special Immigrant Juvenile Status Lawyer\" width=\"1200\" height=\"600\" srcset=\"https:\/\/ppid.com\/wp-content\/uploads\/2025\/01\/nyc-special-immigrant-juvenile-status-lawyer.webp 1200w, https:\/\/ppid.com\/wp-content\/uploads\/2025\/01\/nyc-special-immigrant-juvenile-status-lawyer-300x150.webp 300w, https:\/\/ppid.com\/wp-content\/uploads\/2025\/01\/nyc-special-immigrant-juvenile-status-lawyer-1024x512.webp 1024w, https:\/\/ppid.com\/wp-content\/uploads\/2025\/01\/nyc-special-immigrant-juvenile-status-lawyer-768x384.webp 768w\" sizes=\"auto, (max-width: 1200px) 100vw, 1200px\" \/><\/p>\n<h2>PPID ayuda a las personas que desean obtener un Visado Especial de Inmigrante Juvenil. Nuestros abogados pueden proporcionar informaci\u00f3n espec\u00edfica para su situaci\u00f3n.<\/h2>\n<ul>\n<li><strong>Admisibilidad<\/strong> - Las personas solteras menores de 21 a\u00f1os pueden solicitar la protecci\u00f3n que ofrece el SIJS y potencialmente permanecer en los Estados Unidos si vivir con sus padres representa un peligro. Nuestra firma puede repasar los requisitos de elegibilidad y preparar el Formulario I-360 si usted califica.<\/li>\n<li><strong>Dependencia<\/strong> - Es importante recordar que el SIJS se limita a situaciones en las que un tribunal de menores de EE.UU. con la jurisdicci\u00f3n adecuada haya dictaminado la existencia de dependencia. Las solicitudes no pueden basarse en meras afirmaciones o resoluciones de autoridades extranjeras. Podemos solicitar la ayuda si un tribunal de menores ha dictaminado que el sujeto del procedimiento re\u00fane los requisitos para ser acogido en un hogar de larga duraci\u00f3n y que no redundar\u00eda en beneficio del joven indocumentado ser devuelto a sus padres.<\/li>\n<li><strong>Adaptaci\u00f3n del estatuto<\/strong> - En caso de que se cumplan las condiciones requeridas, nuestro bufete aboga por los clientes que persiguen un ajuste en su estatus solicitando la residencia permanente legal mediante el formulario I-485. Durante este periodo, el sujeto del procedimiento puede trabajar legalmente en Estados Unidos si tiene la edad suficiente. Siempre que el solicitante solicite la protecci\u00f3n del SIJS antes de cumplir los 21 a\u00f1os, podr\u00e1 obtener la tarjeta de residencia aunque sea mayor cuando se resuelva el asunto.<\/li>\n<\/ul>\n<p>Las leyes de inmigraci\u00f3n no deben impedir que un joven viva en un entorno seguro y propicio. <a href=\"https:\/\/ppid.com\/es\/firm\/\">PPID<\/a> tiene d\u00e9cadas de experiencia y trabaja incansablemente para asegurar el alivio de los clientes abusados y descuidados.<\/p>\n<h3>Opiniones de clientes<\/h3>\n<div style=\"max-width: 840px; margin: 20px auto; font-family: Arial, sans-serif;\">\n<p><!-- Review 1 --><\/p>\n<div style=\"position: relative; background-color: #fff !important; border: 2px solid #c1dae8; border-radius: 12px; padding: 18px 22px; margin-bottom: 36px; box-shadow: 0 3px 8px rgba(0,0,0,0.05);\">\n<div style=\"font-size: 16px; margin-bottom: 6px; color: #333; font-weight: bold;\">\u2b50\u2b50\u2b50\u2b50\u2b50<\/div>\n<div style=\"font-size: 15px; color: #333; line-height: 1.5;\">\"Me gustar\u00eda dar las gracias a todo el personal cualificado que trabaja en este bufete de abogados por su asistencia y orientaci\u00f3n a trav\u00e9s de todo mi proceso de inmigraci\u00f3n, manejaron mi caso con la m\u00e1xima profesionalidad y cuidado a lo largo del proceso, finalizando con mi naturalizaci\u00f3n estadounidense. Recomiendo altamente a Pollack, Pollack, Isaac &amp; DeCicco, LLP a cualquiera que busque servicios legales en casos de inmigraci\u00f3n.  Gracias de nuevo!\"<\/div>\n<div style=\"margin-top: 10px; font-size: 14px; color: #222; font-weight: 600;\">\u2013 <a href=\"https:\/\/maps.app.goo.gl\/2Q61yJ2duLuR5Azv8\" target=\"_blank\" rel=\"noopener\">Lenin Mu\u00f1oz<\/a><!-- triangle pointer --><span style=\"position: absolute; left: 36px; bottom: -16px; width: 0; height: 0; border-left: 16px solid transparent; border-right: 16px solid transparent; border-top: 16px solid #c1dae8;\"><br \/>\n<\/span><\/div>\n<\/div>\n<p><!-- Review 2 --><\/p>\n<div style=\"position: relative; background-color: #fff !important; border: 2px solid #c1dae8; border-radius: 12px; padding: 18px 22px; margin-bottom: 36px; box-shadow: 0 3px 8px rgba(0,0,0,0.05);\">\n<div style=\"font-size: 16px; margin-bottom: 6px; color: #333; font-weight: bold;\">\u2b50\u2b50\u2b50\u2b50<\/div>\n<div style=\"font-size: 15px; color: #333; line-height: 1.5;\">\"Recomiendo encarecidamente trabajar con este bufete, especialmente con Yi Zhao y su asistente Jennifer Patino. El personal es muy profesional, sensible, servicial y de apoyo. \u00a1Si alguna vez tuve alguna pregunta sobre mi caso, el papeleo, o el proceso de inmigraci\u00f3n Jennifer siempre estaba all\u00ed - yo pod\u00eda preguntar f\u00e1cilmente y obtener una explicaci\u00f3n, Yi Zhao fue m\u00e1s all\u00e1 de ayudar a prepararme para la entrevista y no podr\u00eda estar m\u00e1s emocionado de tener finalmente la aprobaci\u00f3n! Estoy tan apreciada y agradecida :)\"<\/div>\n<div style=\"margin-top: 10px; font-size: 14px; color: #222; font-weight: 600;\">\u2013 <a href=\"https:\/\/share.google\/OhETduCnRBZhIHe8u\" target=\"_blank\" rel=\"noopener\">Brenda Betancourth<\/a><\/div>\n<p><span style=\"position: absolute; right: 36px; bottom: -16px; width: 0; height: 0; border-left: 16px solid transparent; border-right: 16px solid transparent; border-top: 16px solid #c1dae8;\">\u00a0<\/span><\/p>\n<\/div>\n<p><!-- Review 3 --><\/p>\n<div style=\"position: relative; background-color: #fff !important; border: 2px solid #c1dae8; border-radius: 12px; padding: 18px 22px; margin-bottom: 36px; box-shadow: 0 3px 8px rgba(0,0,0,0.05);\">\n<div style=\"font-size: 16px; margin-bottom: 6px; color: #333; font-weight: bold;\">\u2b50\u2b50\u2b50\u2b50\u2b50<\/div>\n<div style=\"font-size: 15px; color: #333; line-height: 1.5;\">\"Mi esposa y yo estamos eternamente agradecidos con esta firma, son las personas m\u00e1s profesionales, capaces y amables. Recientemente tuve mi entrevista para la tarjeta verde todo fue genial, sin problemas y siempre nos hicieron sentir seguros hasta el \u00faltimo minuto. Un agradecimiento especial a Pamela Lafebre y Yi Zhao que eran muy profesionales y siempre en la parte superior de mi caso asegur\u00e1ndose de que ten\u00edamos todos los documentos necesarios.<br \/>\nApreciamos y recomendamos totalmente esta firma. Si tienes un caso de inmigraci\u00f3n esta es la gente con la que quieres trabajar\".<\/div>\n<div style=\"margin-top: 10px; font-size: 14px; color: #222; font-weight: 600;\"><a href=\"https:\/\/maps.app.goo.gl\/1JwC2XkHvAmQjbSN6\" target=\"_blank\" rel=\"noopener\">- Edgar Solano<\/a><\/div>\n<p><span style=\"position: absolute; left: 36px; bottom: -16px; width: 0; height: 0; border-left: 16px solid transparent; border-right: 16px solid transparent; border-top: 16px solid #c1dae8;\">\u00a0<\/span><\/p>\n<\/div>\n<\/div>\n<p><strong><a href=\"https:\/\/www.google.com\/search?sca_esv=39d1a7f4746557b0&amp;hl=en&amp;gl=IN&amp;si=AMgyJEuzsz2NflaaWzrzdpjxXXRaJ2hfdMsbe_mSWso6src8sxxdC2IAdX8WKEsf7f3Ebo9QtGvOCFa8jF3b9SUT9OO2EnxQMojs15QHBYuRLJcAehrcA8qrF1RK38x90biSyvZThBbYiym1VbiP3UVStLToYBF8yg1f5-PI3yLC3CahiPRJcF8%3D&amp;q=Pollack,+Pollack,+Isaac+%26+DeCicco,+LLP+Reviews\" target=\"_blank\" rel=\"noopener\">Leer m\u00e1s opiniones<\/a><\/strong><\/p>\n<p><iframe loading=\"lazy\" style=\"border: 0;\" src=\"https:\/\/www.google.com\/maps\/embed?pb=!1m18!1m12!1m3!1d3024.2275078681055!2d-74.0078212!3d40.7130079!2m3!1f0!2f0!3f0!3m2!1i1024!2i768!4f13.1!3m3!1m2!1s0x89c25a1858bf530b%3A0x440567eb3a69f880!2sPollack%2C%20Pollack%2C%20Isaac%20%26%20DeCicco%2C%20LLP!5e0!3m2!1sen!2sin!4v1741719643748!5m2!1sen!2sin\" width=\"100%\" height=\"300\" allowfullscreen=\"allowfullscreen\"><\/iframe><\/p>","protected":false},"excerpt":{"rendered":"<p>NYC Abogado de Estatus Especial de Inmigrante Juvenil Los abogados de PPID proporcionan orientaci\u00f3n legal integral para los j\u00f3venes que est\u00e1n en el pa\u00eds, pero no tienen estatus legal. El Estatus de Inmigrante Juvenil Especial (SIJS) puede ayudarle a permanecer en los EE.UU. Nuestros abogados ofrecen consultas legales en l\u00ednea y en persona. Establecer una relaci\u00f3n y entender claramente sus necesidades es ... <\/p>\n<p class=\"link-more\"><a href=\"https:\/\/ppid.com\/es\/nyc-special-immigrant-juvenile-status-lawyer\/\" class=\"more-link\">Seguir leyendo<span class=\"screen-reader-text\"> &#8220;NYC Special Immigrant Juvenile Status Lawyer&#8221;<\/span><\/a><\/p>","protected":false},"author":1,"featured_media":0,"parent":0,"menu_order":0,"comment_status":"closed","ping_status":"closed","template":"","meta":{"_acf_changed":false,"footnotes":""},"class_list":["post-401","page","type-page","status-publish","hentry","entry"],"acf":[],"yoast_head":"<!-- This site is optimized with the Yoast SEO Premium plugin v26.8 (Yoast SEO v26.8) - https:\/\/yoast.com\/product\/yoast-seo-premium-wordpress\/ -->\n<title>NYC Special Immigrant Juvenile Status Lawyer - SIJS Attorney<\/title>\n<meta name=\"description\" content=\"Looking for a NYC Special Immigrant Juvenile Status Lawyer? Turn to PPID for expert legal support. Secure your immigration status today!\" \/>\n<meta name=\"robots\" content=\"index, follow, max-snippet:-1, max-image-preview:large, max-video-preview:-1\" \/>\n<link rel=\"canonical\" href=\"https:\/\/ppid.com\/es\/nyc-special-immigrant-juvenile-status-lawyer\/\" \/>\n<meta property=\"og:locale\" content=\"es_MX\" \/>\n<meta property=\"og:type\" content=\"article\" \/>\n<meta property=\"og:title\" content=\"NYC Special Immigrant Juvenile Status Lawyer\" \/>\n<meta property=\"og:description\" content=\"Looking for a NYC Special Immigrant Juvenile Status Lawyer? Turn to PPID for expert legal support. Secure your immigration status today!\" \/>\n<meta property=\"og:url\" content=\"https:\/\/ppid.com\/es\/nyc-special-immigrant-juvenile-status-lawyer\/\" \/>\n<meta property=\"og:site_name\" content=\"Pollack, Pollack, Isaac &amp; DeCicco, LLP\" \/>\n<meta property=\"article:modified_time\" content=\"2025-09-06T08:21:47+00:00\" \/>\n<meta property=\"og:image\" content=\"https:\/\/ppid.com\/wp-content\/uploads\/2025\/01\/nyc-special-immigrant-juvenile-status-lawyer.webp\" \/>\n\t<meta property=\"og:image:width\" content=\"1200\" \/>\n\t<meta property=\"og:image:height\" content=\"600\" \/>\n\t<meta property=\"og:image:type\" content=\"image\/webp\" \/>\n<meta name=\"twitter:card\" content=\"summary_large_image\" \/>\n<meta name=\"twitter:label1\" content=\"Tiempo de lectura\" \/>\n\t<meta name=\"twitter:data1\" content=\"2 minutos\" \/>\n<script type=\"application\/ld+json\" class=\"yoast-schema-graph\">{\"@context\":\"https:\/\/schema.org\",\"@graph\":[{\"@type\":\"WebPage\",\"@id\":\"https:\/\/ppid.com\/nyc-special-immigrant-juvenile-status-lawyer\/\",\"url\":\"https:\/\/ppid.com\/nyc-special-immigrant-juvenile-status-lawyer\/\",\"name\":\"NYC Special Immigrant Juvenile Status Lawyer - SIJS Attorney\",\"isPartOf\":{\"@id\":\"https:\/\/ppid.com\/#website\"},\"primaryImageOfPage\":{\"@id\":\"https:\/\/ppid.com\/nyc-special-immigrant-juvenile-status-lawyer\/#primaryimage\"},\"image\":{\"@id\":\"https:\/\/ppid.com\/nyc-special-immigrant-juvenile-status-lawyer\/#primaryimage\"},\"thumbnailUrl\":\"https:\/\/ppid.com\/wp-content\/uploads\/2025\/01\/nyc-special-immigrant-juvenile-status-lawyer.webp\",\"datePublished\":\"2024-09-06T05:13:52+00:00\",\"dateModified\":\"2025-09-06T08:21:47+00:00\",\"description\":\"Looking for a NYC Special Immigrant Juvenile Status Lawyer? Turn to PPID for expert legal support. Secure your immigration status today!\",\"breadcrumb\":{\"@id\":\"https:\/\/ppid.com\/nyc-special-immigrant-juvenile-status-lawyer\/#breadcrumb\"},\"inLanguage\":\"es\",\"potentialAction\":[{\"@type\":\"ReadAction\",\"target\":[\"https:\/\/ppid.com\/nyc-special-immigrant-juvenile-status-lawyer\/\"]}]},{\"@type\":\"ImageObject\",\"inLanguage\":\"es\",\"@id\":\"https:\/\/ppid.com\/nyc-special-immigrant-juvenile-status-lawyer\/#primaryimage\",\"url\":\"https:\/\/ppid.com\/wp-content\/uploads\/2025\/01\/nyc-special-immigrant-juvenile-status-lawyer.webp\",\"contentUrl\":\"https:\/\/ppid.com\/wp-content\/uploads\/2025\/01\/nyc-special-immigrant-juvenile-status-lawyer.webp\"},{\"@type\":\"BreadcrumbList\",\"@id\":\"https:\/\/ppid.com\/nyc-special-immigrant-juvenile-status-lawyer\/#breadcrumb\",\"itemListElement\":[{\"@type\":\"ListItem\",\"position\":1,\"name\":\"Home\",\"item\":\"https:\/\/ppid.com\/\"},{\"@type\":\"ListItem\",\"position\":2,\"name\":\"NYC Special Immigrant Juvenile Status Lawyer\"}]},{\"@type\":\"WebSite\",\"@id\":\"https:\/\/ppid.com\/#website\",\"url\":\"https:\/\/ppid.com\/\",\"name\":\"Pollack, Pollack, Isaac &amp; DeCicco, LLP\",\"description\":\"\",\"potentialAction\":[{\"@type\":\"SearchAction\",\"target\":{\"@type\":\"EntryPoint\",\"urlTemplate\":\"https:\/\/ppid.com\/?s={search_term_string}\"},\"query-input\":{\"@type\":\"PropertyValueSpecification\",\"valueRequired\":true,\"valueName\":\"search_term_string\"}}],\"inLanguage\":\"es\"}]}<\/script>\n<!-- \/ Yoast SEO Premium plugin. -->","yoast_head_json":{"title":"NYC Abogado de Estatus Especial de Inmigrante Juvenil - Abogado SIJS","description":"\u00bfBusca un abogado especializado en el Estatus Especial de Inmigrante Juvenil en NYC? Recurra a PPID para obtener apoyo legal experto. \u00a1Asegure su estatus migratorio hoy!","robots":{"index":"index","follow":"follow","max-snippet":"max-snippet:-1","max-image-preview":"max-image-preview:large","max-video-preview":"max-video-preview:-1"},"canonical":"https:\/\/ppid.com\/es\/nyc-special-immigrant-juvenile-status-lawyer\/","og_locale":"es_MX","og_type":"article","og_title":"NYC Special Immigrant Juvenile Status Lawyer","og_description":"Looking for a NYC Special Immigrant Juvenile Status Lawyer? Turn to PPID for expert legal support. Secure your immigration status today!","og_url":"https:\/\/ppid.com\/es\/nyc-special-immigrant-juvenile-status-lawyer\/","og_site_name":"Pollack, Pollack, Isaac &amp; DeCicco, LLP","article_modified_time":"2025-09-06T08:21:47+00:00","og_image":[{"width":1200,"height":600,"url":"https:\/\/ppid.com\/wp-content\/uploads\/2025\/01\/nyc-special-immigrant-juvenile-status-lawyer.webp","type":"image\/webp"}],"twitter_card":"summary_large_image","twitter_misc":{"Tiempo de lectura":"2 minutos"},"schema":{"@context":"https:\/\/schema.org","@graph":[{"@type":"WebPage","@id":"https:\/\/ppid.com\/nyc-special-immigrant-juvenile-status-lawyer\/","url":"https:\/\/ppid.com\/nyc-special-immigrant-juvenile-status-lawyer\/","name":"NYC Abogado de Estatus Especial de Inmigrante Juvenil - Abogado SIJS","isPartOf":{"@id":"https:\/\/ppid.com\/#website"},"primaryImageOfPage":{"@id":"https:\/\/ppid.com\/nyc-special-immigrant-juvenile-status-lawyer\/#primaryimage"},"image":{"@id":"https:\/\/ppid.com\/nyc-special-immigrant-juvenile-status-lawyer\/#primaryimage"},"thumbnailUrl":"https:\/\/ppid.com\/wp-content\/uploads\/2025\/01\/nyc-special-immigrant-juvenile-status-lawyer.webp","datePublished":"2024-09-06T05:13:52+00:00","dateModified":"2025-09-06T08:21:47+00:00","description":"\u00bfBusca un abogado especializado en el Estatus Especial de Inmigrante Juvenil en NYC? Recurra a PPID para obtener apoyo legal experto. \u00a1Asegure su estatus migratorio hoy!","breadcrumb":{"@id":"https:\/\/ppid.com\/nyc-special-immigrant-juvenile-status-lawyer\/#breadcrumb"},"inLanguage":"es","potentialAction":[{"@type":"ReadAction","target":["https:\/\/ppid.com\/nyc-special-immigrant-juvenile-status-lawyer\/"]}]},{"@type":"ImageObject","inLanguage":"es","@id":"https:\/\/ppid.com\/nyc-special-immigrant-juvenile-status-lawyer\/#primaryimage","url":"https:\/\/ppid.com\/wp-content\/uploads\/2025\/01\/nyc-special-immigrant-juvenile-status-lawyer.webp","contentUrl":"https:\/\/ppid.com\/wp-content\/uploads\/2025\/01\/nyc-special-immigrant-juvenile-status-lawyer.webp"},{"@type":"BreadcrumbList","@id":"https:\/\/ppid.com\/nyc-special-immigrant-juvenile-status-lawyer\/#breadcrumb","itemListElement":[{"@type":"ListItem","position":1,"name":"Home","item":"https:\/\/ppid.com\/"},{"@type":"ListItem","position":2,"name":"NYC Special Immigrant Juvenile Status Lawyer"}]},{"@type":"WebSite","@id":"https:\/\/ppid.com\/#website","url":"https:\/\/ppid.com\/","name":"Pollack, Pollack, Isaac &amp; DeCicco, LLP","description":"","potentialAction":[{"@type":"SearchAction","target":{"@type":"EntryPoint","urlTemplate":"https:\/\/ppid.com\/?s={search_term_string}"},"query-input":{"@type":"PropertyValueSpecification","valueRequired":true,"valueName":"search_term_string"}}],"inLanguage":"es"}]}},"_links":{"self":[{"href":"https:\/\/ppid.com\/es\/wp-json\/wp\/v2\/pages\/401","targetHints":{"allow":["GET"]}}],"collection":[{"href":"https:\/\/ppid.com\/es\/wp-json\/wp\/v2\/pages"}],"about":[{"href":"https:\/\/ppid.com\/es\/wp-json\/wp\/v2\/types\/page"}],"author":[{"embeddable":true,"href":"https:\/\/ppid.com\/es\/wp-json\/wp\/v2\/users\/1"}],"replies":[{"embeddable":true,"href":"https:\/\/ppid.com\/es\/wp-json\/wp\/v2\/comments?post=401"}],"version-history":[{"count":0,"href":"https:\/\/ppid.com\/es\/wp-json\/wp\/v2\/pages\/401\/revisions"}],"wp:attachment":[{"href":"https:\/\/ppid.com\/es\/wp-json\/wp\/v2\/media?parent=401"}],"curies":[{"name":"wp","href":"https:\/\/api.w.org\/{rel}","templated":true}]}}