{"id":417,"date":"2024-09-06T05:34:09","date_gmt":"2024-09-06T05:34:09","guid":{"rendered":"https:\/\/ppidllp.wpenginepowered.com\/?page_id=417"},"modified":"2026-04-13T17:09:25","modified_gmt":"2026-04-13T17:09:25","slug":"new-york-city-green-card-lawyer","status":"publish","type":"page","link":"https:\/\/ppid.com\/es\/new-york-city-green-card-lawyer\/","title":{"rendered":"New York City Abogado de la Tarjeta Verde"},"content":{"rendered":"<div id=\"ez-toc-container\" class=\"ez-toc-v2_0_80 counter-hierarchy ez-toc-counter ez-toc-transparent ez-toc-container-direction\">\n<div class=\"ez-toc-title-container\">\n<p class=\"ez-toc-title ez-toc-toggle\" style=\"cursor:pointer\">\u00cdndice<\/p>\n<span class=\"ez-toc-title-toggle\"><a href=\"#\" class=\"ez-toc-pull-right ez-toc-btn ez-toc-btn-xs ez-toc-btn-default ez-toc-toggle\" aria-label=\"Toggle Table of Content\"><span class=\"ez-toc-js-icon-con\"><span class=\"\"><span class=\"eztoc-hide\" style=\"display:none;\">Toggle<\/span><span class=\"ez-toc-icon-toggle-span\"><svg style=\"fill: #999;color:#999\" xmlns=\"http:\/\/www.w3.org\/2000\/svg\" class=\"list-377408\" width=\"20px\" height=\"20px\" viewbox=\"0 0 24 24\" fill=\"none\"><path d=\"M6 6H4v2h2V6zm14 0H8v2h12V6zM4 11h2v2H4v-2zm16 0H8v2h12v-2zM4 16h2v2H4v-2zm16 0H8v2h12v-2z\" fill=\"currentColor\"><\/path><\/svg><svg style=\"fill: #999;color:#999\" class=\"arrow-unsorted-368013\" xmlns=\"http:\/\/www.w3.org\/2000\/svg\" width=\"10px\" height=\"10px\" viewbox=\"0 0 24 24\" version=\"1.2\" baseprofile=\"tiny\"><path d=\"M18.2 9.3l-6.2-6.3-6.2 6.3c-.2.2-.3.4-.3.7s.1.5.3.7c.2.2.4.3.7.3h11c.3 0 .5-.1.7-.3.2-.2.3-.5.3-.7s-.1-.5-.3-.7zM5.8 14.7l6.2 6.3 6.2-6.3c.2-.2.3-.5.3-.7s-.1-.5-.3-.7c-.2-.2-.4-.3-.7-.3h-11c-.3 0-.5.1-.7.3-.2.2-.3.5-.3.7s.1.5.3.7z\"\/><\/svg><\/span><\/span><\/span><\/a><\/span><\/div>\n<nav><ul class='ez-toc-list ez-toc-list-level-1 eztoc-toggle-hide-by-default' ><li class='ez-toc-page-1 ez-toc-heading-level-2'><a class=\"ez-toc-link ez-toc-heading-1\" href=\"https:\/\/ppid.com\/es\/new-york-city-green-card-lawyer\/#new-york-city-green-card-attorney\" >New York City Abogado de la Tarjeta Verde<\/a><\/li><li class='ez-toc-page-1 ez-toc-heading-level-2'><a class=\"ez-toc-link ez-toc-heading-2\" href=\"https:\/\/ppid.com\/es\/new-york-city-green-card-lawyer\/#types-of-new-york-city-green-cards-our-legal-immigration-team-can-support-you-with\" >Tipos de New York City Green Cards Nuestro equipo de inmigraci\u00f3n legal puede ayudarle con<\/a><\/li><li class='ez-toc-page-1 ez-toc-heading-level-2'><a class=\"ez-toc-link ez-toc-heading-3\" href=\"https:\/\/ppid.com\/es\/new-york-city-green-card-lawyer\/#how-much-does-it-cost-to-get-a-green-card-in-new-york-city\" >\u00bfCu\u00e1nto cuesta obtener la tarjeta verde en New York City?<\/a><\/li><li class='ez-toc-page-1 ez-toc-heading-level-2'><a class=\"ez-toc-link ez-toc-heading-4\" href=\"https:\/\/ppid.com\/es\/new-york-city-green-card-lawyer\/#faqs\" >Preguntas frecuentes<\/a><ul class='ez-toc-list-level-3' ><li class='ez-toc-heading-level-3'><a class=\"ez-toc-link ez-toc-heading-5\" href=\"https:\/\/ppid.com\/es\/new-york-city-green-card-lawyer\/#can-an-immigration-lawyer-help-me-speed-up-the-green-card-process\" >\u00bfPuede un abogado de inmigraci\u00f3n ayudarme a acelerar el proceso de la tarjeta verde?<\/a><\/li><li class='ez-toc-page-1 ez-toc-heading-level-3'><a class=\"ez-toc-link ez-toc-heading-6\" href=\"https:\/\/ppid.com\/es\/new-york-city-green-card-lawyer\/#how-much-does-the-average-nyc-green-card-lawyer-cost\" >\u00bfCu\u00e1nto cuesta de media un abogado de Nueva York especializado en permisos de residencia?<\/a><\/li><li class='ez-toc-page-1 ez-toc-heading-level-3'><a class=\"ez-toc-link ez-toc-heading-7\" href=\"https:\/\/ppid.com\/es\/new-york-city-green-card-lawyer\/#how-much-does-a-nyc-adjustment-of-status-cost\" >\u00bfCu\u00e1nto cuesta un ajuste de estatus en Nueva York?<\/a><\/li><li class='ez-toc-page-1 ez-toc-heading-level-3'><a class=\"ez-toc-link ez-toc-heading-8\" href=\"https:\/\/ppid.com\/es\/new-york-city-green-card-lawyer\/#how-much-does-a-new-york-city-green-card-cost\" >\u00bfCu\u00e1nto cuesta la tarjeta verde New York City?<\/a><\/li><\/ul><\/li><li class='ez-toc-page-1 ez-toc-heading-level-2'><a class=\"ez-toc-link ez-toc-heading-9\" href=\"https:\/\/ppid.com\/es\/new-york-city-green-card-lawyer\/#unlock-a-new-life-by-working-with-a-new-york-city-green-card-lawyer-today\" >Desbloquear una nueva vida trabajando con un abogado de la tarjeta verde New York City hoy<\/a><ul class='ez-toc-list-level-3' ><li class='ez-toc-heading-level-3'><a class=\"ez-toc-link ez-toc-heading-10\" href=\"https:\/\/ppid.com\/es\/new-york-city-green-card-lawyer\/#nyc-green-card-legal-resources\" >Recursos legales para la tarjeta verde en NYC<\/a><\/li><\/ul><\/li><\/ul><\/nav><\/div>\n<h2><span class=\"ez-toc-section\" id=\"new-york-city-green-card-attorney\"><\/span>New York City Abogado de la Tarjeta Verde<span class=\"ez-toc-section-end\"><\/span><\/h2>\n<p>PPID ayuda a individuos y empleadores a obtener Visas de Trabajo Temporal y New York City Green Card o PERM.<\/p>\n<p>Es posible que pueda vivir permanentemente en Estados Unidos si posee la combinaci\u00f3n adecuada de capacidades, educaci\u00f3n y\/o experiencia laboral y re\u00fane los dem\u00e1s requisitos.<\/p>\n<div class=\"innr-pg-btn\"><a class=\"cmn-btn\" href=\"https:\/\/ppid.com\/es\/schedule-consultation\/\">Concertar una consulta<\/a><\/div>\n<p>New York City es una fuerza global gracias a los inmigrantes que componen su poblaci\u00f3n. Desde una bulliciosa escena cultural hasta ilimitadas oportunidades econ\u00f3micas, la gente est\u00e1 deseando trasladarse al otro lado del globo para vivir y trabajar en la ciudad de forma permanente.<\/p>\n<p>Si usted o un ser querido necesita ayuda para obtener una tarjeta verde para iniciar o continuar su vida en Nueva York, un <strong>con experiencia<\/strong> <strong>New York City abogado para la tarjeta verde<\/strong> de <a href=\"https:\/\/ppid.com\/es\/firm\/\">Pollack, Pollack, Isaac &amp; DeCicco<\/a> puede estar a su servicio.<\/p>\n<p>Nuestra <a href=\"https:\/\/ppid.com\/es\/nyc-immigration-lawyer\/\">bufete de abogados especializados en inmigraci\u00f3n<\/a>Pollack, Pollack, Isaac &amp; DeCicco, tiene una larga trayectoria ayudando a inmigrantes de diversos or\u00edgenes a vivir sus sue\u00f1os en New York. Con m\u00e1s de cien a\u00f1os de experiencia combinada, <a href=\"https:\/\/ppid.com\/es\/attorney\/\">nuestro equipo de expertos<\/a> puede ayudarle a determinar qu\u00e9 tipo de estatus o solicitud es \u00f3ptimo para su situaci\u00f3n. A continuaci\u00f3n, podemos ayudarle a navegar a trav\u00e9s del largo y complejo proceso de solicitud de estatus, ya sea en el extranjero o desde NYC.<\/p>\n<p><img loading=\"lazy\" decoding=\"async\" class=\"aligncenter\" title=\"Mejor abogado de la tarjeta verde New York City\" src=\"https:\/\/ppid.com\/wp-content\/uploads\/2024\/09\/new-york-city-green-card-lawyer-post-image.webp\" alt=\"Best New York City Green Card Lawyer\" width=\"1200\" height=\"600\" \/><\/p>\n<h2><span class=\"ez-toc-section\" id=\"types-of-new-york-city-green-cards-our-legal-immigration-team-can-support-you-with\"><\/span>Tipos de New York City Green Cards Nuestro equipo de inmigraci\u00f3n legal puede ayudarle con<span class=\"ez-toc-section-end\"><\/span><\/h2>\n<p>En\u00a0<a href=\"https:\/\/ppid.com\/es\/nyc-family-immigration-lawyer\/\">inmigraci\u00f3n familiar<\/a>\u00a0suele ser la opci\u00f3n m\u00e1s utilizada por los extranjeros interesados en vivir y trabajar permanentemente en el pa\u00eds.\u00a0<a href=\"https:\/\/en.wikipedia.org\/wiki\/New_York_City\" target=\"_blank\" rel=\"noopener\">New York City<\/a>En el \u00e1mbito de la inmigraci\u00f3n, existen multitud de solicitudes de inmigraci\u00f3n que pueden presentarse para obtener el estatuto de residente legal permanente.<\/p>\n<p>Puede solicitar la tarjeta verde por motivos de empleo, por la loter\u00eda de visados de diversidad, por su condici\u00f3n de inmigrante especial o por otros factores humanitarios.\u00a0<strong>Los tipos de tarjeta verde New York City son los siguientes:<\/strong><\/p>\n<ul>\n<li><strong>Basado en la familia.<\/strong> Las tarjetas verdes familiares son para familiares cercanos de ciudadanos estadounidenses o residentes permanentes legales. La prioridad de una tarjeta verde basada en la familia, y por lo tanto los tiempos de espera previstos, dependen de la relaci\u00f3n familiar y de si el patrocinador es ciudadano estadounidense o titular de una tarjeta verde.<\/li>\n<li><strong><a href=\"https:\/\/ppid.com\/es\/nyc-work-visa-lawyer\/\">Basado en el empleo<\/a>.<\/strong>\u00a0Hay cinco tipos principales de tarjetas de residencia basadas en el empleo, que van desde <a href=\"https:\/\/ppid.com\/es\/nyc-work-visa-lawyer\/eb1-green-cards\/\">EB-1<\/a> al EB-5. Dependiendo de la naturaleza de su trabajo previsto y de su formaci\u00f3n acad\u00e9mica y profesional, el proceso de solicitud y la prioridad variar\u00e1n. Un abogado de inmigraci\u00f3n basada en el empleo de nuestro equipo puede ayudarle con el proceso de patrocinio de empleo y la <a href=\"https:\/\/ppid.com\/es\/nyc-work-visa-lawyer\/permanent-residence-green-cards-perm\/\">Proceso PERM<\/a>.<\/li>\n<li><strong>De base humanitaria.<\/strong> Las personas que han sido designadas refugiadas o asiladas por el gobierno de EE.UU. pueden posteriormente ajustar su estatus para convertirse en residentes permanentes. Las personas maltratadas por familiares que sean ciudadanos estadounidenses o residentes legales permanentes, as\u00ed como las que hayan sido v\u00edctimas de determinados delitos tipificados en Estados Unidos, pueden solicitar un estatuto que les permita obtener la tarjeta verde.<\/li>\n<li><strong>Loter\u00eda de visados de diversidad.<\/strong> Cada a\u00f1o, Estados Unidos concede un m\u00e1ximo de 50.000 visados de diversidad para inmigrantes a personas de pa\u00edses infrarrepresentados en el sistema de inmigraci\u00f3n estadounidense. Los ganadores de la Loter\u00eda DV pueden solicitar la residencia permanente legal.<\/li>\n<li><strong>Inmigrantes especiales.<\/strong> Otras personas pueden optar a la tarjeta verde, como las que han trabajado para organizaciones internacionales o la OTAN y est\u00e1n jubiladas, ciertos ciudadanos de Afganist\u00e1n o Irak que ayudaron al gobierno de EE.UU., as\u00ed como trabajadores religiosos que vienen a EE.UU. a trabajar para una organizaci\u00f3n religiosa sin \u00e1nimo de lucro.<\/li>\n<\/ul>\n<p>Un abogado de inmigraci\u00f3n con experiencia en NYC de Pollack, Pollack, Isaac &amp; DeCicco puede tener en cuenta todos los detalles de su caso, considerar sus objetivos de inmigraci\u00f3n y el resultado deseado del caso, y ayudarle a elaborar una estrategia de inmigraci\u00f3n fuerte en consecuencia. Usted puede calificar para m\u00faltiples tipos de aplicaciones, pero nuestro equipo legal puede ayudarle a determinar cu\u00e1l ser\u00eda la m\u00e1s \u00f3ptima y eficiente para perseguir en funci\u00f3n de sus circunstancias y objetivos.<\/p>\n<p>Durante d\u00e9cadas, nuestro equipo de inmigraci\u00f3n legal ha estado trabajando con clientes de todo el mundo para llevarlos a New York City. Conocemos el proceso de solicitud de la tarjeta verde por dentro y por fuera y podemos ayudarle a desglosar cada paso para que usted tenga una comprensi\u00f3n completa de los requisitos que debe cumplir, as\u00ed como los pr\u00f3ximos plazos y actualizaciones clave de la aplicaci\u00f3n. De principio a fin, podemos ayudarle a hacer realidad sus sue\u00f1os de ser un residente permanente legal en Nueva York.<\/p>\n<h2><span class=\"ez-toc-section\" id=\"how-much-does-it-cost-to-get-a-green-card-in-new-york-city\"><\/span>\u00bfCu\u00e1nto cuesta obtener la tarjeta verde en New York City?<span class=\"ez-toc-section-end\"><\/span><\/h2>\n<p>Los costes de obtener un<a href=\"https:\/\/dmv.ny.gov\/driver-license\/driver-licenses-and-green-light-law\" target=\"_blank\" rel=\"noopener\"> New York City tarjeta verde<\/a> depende de varios factores, como si va a presentar la solicitud desde Estados Unidos o desde el extranjero, y si va a solicitar alg\u00fan certificado de trabajo o exenci\u00f3n de inadmisibilidad adem\u00e1s de su solicitud.<\/p>\n<p>Un abogado de inmigraci\u00f3n de Pollack, Pollack, Isaac &amp; DeCicco puede ayudarle a ahorrar dinero ayud\u00e1ndole a solicitar una tarjeta verde que sea \u00f3ptima para su situaci\u00f3n. Tambi\u00e9n podemos ayudarle a evitar retrasos innecesarios y honorarios debido a errores, plazos o citas perdidas, o la falta de pruebas de apoyo para su aplicaci\u00f3n.<\/p>\n<h2><span class=\"ez-toc-section\" id=\"faqs\"><\/span>Preguntas frecuentes<span class=\"ez-toc-section-end\"><\/span><\/h2>\n<div class=\"accsec-ritcnt accordion\">\n<div class=\"accordion-section\">\n<h3><span class=\"ez-toc-section\" id=\"can-an-immigration-lawyer-help-me-speed-up-the-green-card-process\"><\/span><a class=\"accordion-section-title active\" href=\"#accordion-1\"> \u00bfPuede un abogado de inmigraci\u00f3n ayudarme a acelerar el proceso de la tarjeta verde?<\/a><span class=\"ez-toc-section-end\"><\/span><\/h3>\n<div id=\"accordion-1\" class=\"accordion-section-content open\" style=\"display: block;\">\n<p>Un abogado de inmigraci\u00f3n puede ayudarle a acelerar el proceso de la tarjeta verde asegur\u00e1ndose de que no haya errores en su solicitud que puedan causar retrasos innecesarios en la tramitaci\u00f3n. Tambi\u00e9n pueden ayudar proporcionando pruebas justificativas adecuadas para que no haya solicitudes adicionales de pruebas que ralenticen el proceso.<\/p>\n<p>Pueden comunicarse proactivamente en su nombre con el USCIS y otras autoridades gubernamentales pertinentes para garantizar que el proceso se desarrolle sin problemas. Sin embargo, no pueden manipular los tiempos de espera ni hacer que un n\u00famero de visado de inmigrante est\u00e9 disponible de repente.<\/p>\n<\/div>\n<\/div>\n<div class=\"accordion-section\">\n<h3><span class=\"ez-toc-section\" id=\"how-much-does-the-average-nyc-green-card-lawyer-cost\"><\/span><a class=\"accordion-section-title\" href=\"#accordion-2\">\u00bfCu\u00e1nto cuesta de media un abogado de Nueva York especializado en permisos de residencia?<\/a><span class=\"ez-toc-section-end\"><\/span><\/h3>\n<div id=\"accordion-2\" class=\"accordion-section-content\" style=\"display: none;\">\n<p>El coste medio de un abogado de residencia permanente en Nueva York puede variar significativamente en funci\u00f3n de la complejidad del caso, la ubicaci\u00f3n del bufete, el n\u00famero de comparecencias necesarias ante una agencia gubernamental, su historial previo de inmigraci\u00f3n y la experiencia que tenga el abogado de residencia permanente. Algunos abogados cobran honorarios fijos, mientras que otros cobran cientos por hora. Es importante trabajar con un abogado que sea franco y comunicativo sobre sus precios para que pueda planificar su presupuesto en consecuencia.<\/p>\n<\/div>\n<\/div>\n<div class=\"accordion-section\">\n<h3><span class=\"ez-toc-section\" id=\"how-much-does-a-nyc-adjustment-of-status-cost\"><\/span><a class=\"accordion-section-title\" href=\"#accordion-3\"> \u00bfCu\u00e1nto cuesta un ajuste de estatus en Nueva York?<\/a><span class=\"ez-toc-section-end\"><\/span><\/h3>\n<div id=\"accordion-3\" class=\"accordion-section-content\" style=\"display: none;\">\n<p>Si solicita la tarjeta de residencia a New York, puede esperar pagar una cantidad significativa de dinero. Las tasas totales incluyen los honorarios legales de un abogado por la preparaci\u00f3n de las solicitudes y las pruebas, las tasas de presentaci\u00f3n presentadas al USCIS, que pueden variar en funci\u00f3n del tipo de solicitud y de las exenciones necesarias, el coste del reconocimiento m\u00e9dico obligatorio y, si tiene que asistir a una entrevista, los honorarios de representaci\u00f3n legal que pueda cobrar un abogado por asistir a la entrevista con usted, entre otras cosas.<\/p>\n<\/div>\n<\/div>\n<div class=\"accordion-section\">\n<h3><span class=\"ez-toc-section\" id=\"how-much-does-a-new-york-city-green-card-cost\"><\/span><a class=\"accordion-section-title\" href=\"#accordion-4\"> \u00bfCu\u00e1nto cuesta la tarjeta verde New York City?<\/a><span class=\"ez-toc-section-end\"><\/span><\/h3>\n<div id=\"accordion-4\" class=\"accordion-section-content\" style=\"display: none;\">\n<p>Si solicita una tarjeta verde desde el extranjero para trabajar y vivir en New York City, los costes incluyen las tasas de tramitaci\u00f3n del Departamento de Estado y las tasas de presentaci\u00f3n del USCIS. Los costes adicionales incluyen los honorarios legales de un abogado de inmigraci\u00f3n de la tarjeta verde y los honorarios de un examen m\u00e9dico obligatorio.<\/p>\n<\/div>\n<\/div>\n<\/div>\n<h2><span class=\"ez-toc-section\" id=\"unlock-a-new-life-by-working-with-a-new-york-city-green-card-lawyer-today\"><\/span>Desbloquear una nueva vida trabajando con un abogado de la tarjeta verde New York City hoy<span class=\"ez-toc-section-end\"><\/span><\/h2>\n<p>Tanto si ya se encuentra en New York City como si desea trasladarse a la ciudad desde el extranjero, el equipo especializado en inmigraci\u00f3n de Pollack, Pollack, Isaac DeCicco puede ayudarle a preparar y presentar la documentaci\u00f3n que necesita para vivir y trabajar permanentemente en New York.<\/p>\n<p>Si bien el proceso de solicitud de la tarjeta verde puede ser estresante, podemos simplificarlo para usted manejando todos los procesos burocr\u00e1ticos y desarrollando estrategias para evitar cualquier retraso innecesario en su solicitud. <a href=\"https:\/\/ppid.com\/es\/contact\/\">P\u00f3ngase en contacto hoy mismo con uno de nuestros abogados especialistas en permisos de residencia New York City<\/a> para empezar.<\/p>\n<h3><span class=\"ez-toc-section\" id=\"nyc-green-card-legal-resources\"><\/span>Recursos legales para la tarjeta verde en NYC<span class=\"ez-toc-section-end\"><\/span><\/h3>\n<ul>\n<li>Proceso de renovaci\u00f3n de la tarjeta verde New York<\/li>\n<li>C\u00f3mo obtener la tarjeta verde en EE.UU. sin casarse<\/li>\n<li><a href=\"https:\/\/ppid.com\/es\/blog\/how-can-a-refugee-obtain-a-green-card\/\">\u00bfC\u00f3mo puede un refugiado obtener la tarjeta verde?<\/a><\/li>\n<\/ul>\n<p><iframe loading=\"lazy\" style=\"border: 0;\" src=\"https:\/\/www.google.com\/maps\/embed?pb=!1m18!1m12!1m3!1d3024.2275078681055!2d-74.0078212!3d40.7130079!2m3!1f0!2f0!3f0!3m2!1i1024!2i768!4f13.1!3m3!1m2!1s0x89c25a1858bf530b%3A0x440567eb3a69f880!2sPollack%2C%20Pollack%2C%20Isaac%20%26%20DeCicco%2C%20LLP!5e0!3m2!1sen!2sin!4v1741719643748!5m2!1sen!2sin\" width=\"100%\" height=\"300\" allowfullscreen=\"allowfullscreen\"><\/iframe><\/p>","protected":false},"excerpt":{"rendered":"<p>New York City Green Card Attorney PPID helps individuals and employers obtain Temporary Work Visas and New York City Green Card or PERM. You may be able to live permanently in the United States if you have the right combination of skills, education, and\/or work experience and are otherwise eligible. Schedule a Consultation New York &hellip; <\/p>\n<p class=\"link-more\"><a href=\"https:\/\/ppid.com\/es\/new-york-city-green-card-lawyer\/\" class=\"more-link\">Seguir leyendo<span class=\"screen-reader-text\"> &#8220;New York City Green Card Lawyer&#8221;<\/span><\/a><\/p>","protected":false},"author":1,"featured_media":0,"parent":0,"menu_order":0,"comment_status":"closed","ping_status":"closed","template":"","meta":{"_acf_changed":false,"footnotes":""},"class_list":["post-417","page","type-page","status-publish","hentry","entry"],"acf":[],"yoast_head":"<!-- This site is optimized with the Yoast SEO Premium plugin v26.8 (Yoast SEO v26.8) - https:\/\/yoast.com\/product\/yoast-seo-premium-wordpress\/ -->\n<title>New York City Green Card Lawyer<\/title>\n<meta name=\"description\" content=\"Our dedicated immigration lawyers can help you prepare and file the paperwork you need to permanently live and work in New York.\" \/>\n<meta name=\"robots\" content=\"index, follow, max-snippet:-1, max-image-preview:large, max-video-preview:-1\" \/>\n<link rel=\"canonical\" href=\"https:\/\/ppid.com\/es\/new-york-city-green-card-lawyer\/\" \/>\n<meta property=\"og:locale\" content=\"es_MX\" \/>\n<meta property=\"og:type\" content=\"article\" \/>\n<meta property=\"og:title\" content=\"New York City Green Card Lawyer\" \/>\n<meta property=\"og:description\" content=\"Our dedicated immigration lawyers can help you prepare and file the paperwork you need to permanently live and work in New York.\" \/>\n<meta property=\"og:url\" content=\"https:\/\/ppid.com\/es\/new-york-city-green-card-lawyer\/\" \/>\n<meta property=\"og:site_name\" content=\"Pollack, Pollack, Isaac &amp; DeCicco, LLP\" \/>\n<meta property=\"article:modified_time\" content=\"2026-04-13T17:09:25+00:00\" \/>\n<meta property=\"og:image\" content=\"https:\/\/ppid.com\/wp-content\/uploads\/2024\/09\/new-york-city-green-card-lawyer-post-image.webp\" \/>\n<meta name=\"twitter:card\" content=\"summary_large_image\" \/>\n<meta name=\"twitter:label1\" content=\"Tiempo de lectura\" \/>\n\t<meta name=\"twitter:data1\" content=\"6 minutos\" \/>\n<!-- \/ Yoast SEO Premium plugin. -->","yoast_head_json":{"title":"New York City Abogado de la Tarjeta Verde","description":"Nuestros abogados especializados en inmigraci\u00f3n pueden ayudarle a preparar y presentar la documentaci\u00f3n que necesita para vivir y trabajar permanentemente en New York.","robots":{"index":"index","follow":"follow","max-snippet":"max-snippet:-1","max-image-preview":"max-image-preview:large","max-video-preview":"max-video-preview:-1"},"canonical":"https:\/\/ppid.com\/es\/new-york-city-green-card-lawyer\/","og_locale":"es_MX","og_type":"article","og_title":"New York City Green Card Lawyer","og_description":"Our dedicated immigration lawyers can help you prepare and file the paperwork you need to permanently live and work in New York.","og_url":"https:\/\/ppid.com\/es\/new-york-city-green-card-lawyer\/","og_site_name":"Pollack, Pollack, Isaac &amp; DeCicco, LLP","article_modified_time":"2026-04-13T17:09:25+00:00","og_image":[{"url":"https:\/\/ppid.com\/wp-content\/uploads\/2024\/09\/new-york-city-green-card-lawyer-post-image.webp","type":"","width":"","height":""}],"twitter_card":"summary_large_image","twitter_misc":{"Tiempo de lectura":"6 minutos"},"schema":{"@context":"https:\/\/schema.org","@graph":[{"@type":"WebPage","@id":"https:\/\/ppid.com\/new-york-city-green-card-lawyer\/","url":"https:\/\/ppid.com\/new-york-city-green-card-lawyer\/","name":"New York City Abogado de la Tarjeta Verde","isPartOf":{"@id":"https:\/\/ppid.com\/#website"},"primaryImageOfPage":{"@id":"https:\/\/ppid.com\/new-york-city-green-card-lawyer\/#primaryimage"},"image":{"@id":"https:\/\/ppid.com\/new-york-city-green-card-lawyer\/#primaryimage"},"thumbnailUrl":"https:\/\/ppid.com\/wp-content\/uploads\/2024\/09\/new-york-city-green-card-lawyer-post-image.webp","datePublished":"2024-09-06T05:34:09+00:00","dateModified":"2026-04-13T17:09:25+00:00","description":"Nuestros abogados especializados en inmigraci\u00f3n pueden ayudarle a preparar y presentar la documentaci\u00f3n que necesita para vivir y trabajar permanentemente en New York.","breadcrumb":{"@id":"https:\/\/ppid.com\/new-york-city-green-card-lawyer\/#breadcrumb"},"inLanguage":"es","potentialAction":[{"@type":"ReadAction","target":["https:\/\/ppid.com\/new-york-city-green-card-lawyer\/"]}]},{"@type":"ImageObject","inLanguage":"es","@id":"https:\/\/ppid.com\/new-york-city-green-card-lawyer\/#primaryimage","url":"https:\/\/ppid.com\/wp-content\/uploads\/2024\/09\/new-york-city-green-card-lawyer-post-image.webp","contentUrl":"https:\/\/ppid.com\/wp-content\/uploads\/2024\/09\/new-york-city-green-card-lawyer-post-image.webp"},{"@type":"BreadcrumbList","@id":"https:\/\/ppid.com\/new-york-city-green-card-lawyer\/#breadcrumb","itemListElement":[{"@type":"ListItem","position":1,"name":"Home","item":"https:\/\/ppid.com\/"},{"@type":"ListItem","position":2,"name":"New York City Green Card Lawyer"}]},{"@type":"WebSite","@id":"https:\/\/ppid.com\/#website","url":"https:\/\/ppid.com\/","name":"Pollack, Pollack, Isaac &amp; DeCicco, LLP","description":"","potentialAction":[{"@type":"SearchAction","target":{"@type":"EntryPoint","urlTemplate":"https:\/\/ppid.com\/?s={search_term_string}"},"query-input":{"@type":"PropertyValueSpecification","valueRequired":true,"valueName":"search_term_string"}}],"inLanguage":"es"}]}},"_links":{"self":[{"href":"https:\/\/ppid.com\/es\/wp-json\/wp\/v2\/pages\/417","targetHints":{"allow":["GET"]}}],"collection":[{"href":"https:\/\/ppid.com\/es\/wp-json\/wp\/v2\/pages"}],"about":[{"href":"https:\/\/ppid.com\/es\/wp-json\/wp\/v2\/types\/page"}],"author":[{"embeddable":true,"href":"https:\/\/ppid.com\/es\/wp-json\/wp\/v2\/users\/1"}],"replies":[{"embeddable":true,"href":"https:\/\/ppid.com\/es\/wp-json\/wp\/v2\/comments?post=417"}],"version-history":[{"count":0,"href":"https:\/\/ppid.com\/es\/wp-json\/wp\/v2\/pages\/417\/revisions"}],"wp:attachment":[{"href":"https:\/\/ppid.com\/es\/wp-json\/wp\/v2\/media?parent=417"}],"curies":[{"name":"wp","href":"https:\/\/api.w.org\/{rel}","templated":true}]}}